{"id":48793,"date":"2025-05-15T12:58:36","date_gmt":"2025-05-15T10:58:36","guid":{"rendered":"https:\/\/websjop.afuk.frl\/frl\/?post_type=product&#038;p=48793"},"modified":"2025-12-10T14:36:01","modified_gmt":"2025-12-10T13:36:01","slug":"sibbedeus-en-it-ganzeboerd-fan-wisse","status":"publish","type":"product","link":"https:\/\/websjop.afuk.frl\/frl\/winkel\/sibbedeus-en-it-ganzeboerd-fan-wisse\/","title":{"rendered":"Sibbedeus en it g\u00e2nzeboerd fan Wisse"},"content":{"rendered":"<p>Op een dag krijgt Zebedeus de Beer een ganzenbord opgestuurd, afkomstig van ene Wisse, die hem een goeie hand van gooien wenst. Even later staat Zilver voor de deur, een sneeuwwitte gans die Zebedeus uitnodigt hem te volgen. Het is de start van een wonderlijk avontuur van toeval en geluk, van vallen en opstaan. Maar wie is Wisse?<\/p>\n<p><em>Sibbedeus en it g\u00e2nzeboerd fan Wisse<\/em> is een lichtvoetig, maar ook filosofisch reisverhaal over het leven \u2013 een spel dat je niet kunt winnen, maar ook niet verliezen. Je kunt het alleen maar spelen.<\/p>\n<p>&#8212;&#8212;&#8212;&#8212;&#8212;&#8212;&#8212;&#8212;<\/p>\n<p>Bas Maliepaard yn Trouw: <em>\u2018Meinderts doet wat hij goed kan: met talige humor, sprankelfantasie, een filosofische, soms licht melancholische ondertoon en een beeldende, maar toch ingetogen stijl schrijven over het leven.\u2019<\/em><\/p>\n<p>Mirjam Noorduijn yn NRC:<em> \u2018Er ligt onmiskenbaar een laagje Meinderts-weemoed over het verhaal, extra aangezet door Annette Fieniegs dromerige, innemende illustraties. Daaronder is echter voldoende lucht en licht.\u2019<\/em><\/p>\n<p>Edward van de Vendel:<em> \u2018Het schrijven van Meinderts heeft altijd al een schitterende helderheid gehad, maar dit boek is daar wel een van de beste voorbeelden van. Je hebt \u2013 hoe minder fijn Zebedeus\u2019 belevenissen soms ook zijn \u2013 toch voortdurend het gevoel dat je over het geluk zit te lezen.\u2019<\/em><\/p>\n<p><em>Tiny: &#8220;It foel my op hoe goed de bern meigiene yn it ferhaal. De Fryske taal wie hielendal gjin obstakel, ek net foar bern dy\u2019t th\u00fas meastentiids Nederl\u00e2nsk prate. Earder oarsom: it klonk fertroud, r\u00eastich en natuerlik. Guon bern seine sels dat se dizze Fryske ferzje moaier f\u00fbnen as de Nederl\u00e2nske. Dat seit in soad. Eppie Dam hat de oarspronklike tekst fan Koos Meinderts op in tige soarchf\u00e2ldige en natuerlike wize nei it Frysk oerset, w\u00earby\u2019t de toan, styl en sfear hielendal bewarre bleaun binne.&#8221; <a href=\"https:\/\/heitenmem.frl\/boekresinsje-fan-tiny-sibbedeus-en-it-ganzeboerd-fan-wisse\/\" target=\"_blank\" rel=\"noopener\">L\u00eas hjir de folsleine resinsje fan Tiny.<\/a><\/em><\/p>\n","protected":false},"excerpt":{"rendered":"<p>Op een dag krijgt Zebedeus de Beer een ganzenbord opgestuurd, afkomstig van ene Wisse, die hem een goeie hand van gooien wenst. Even later staat Zilver voor de deur, een sneeuwwitte gans die Zebedeus uitnodigt hem te volgen. Het is de start van een wonderlijk avontuur van toeval en geluk, van vallen en opstaan. Maar [&hellip;]<\/p>\n","protected":false},"featured_media":48794,"comment_status":"closed","ping_status":"closed","template":"","meta":{"_acf_changed":false},"product_brand":[],"product_cat":[1213,551,535,24569,18410,22943],"product_tag":[6524,6189,20193,23847,23845,23272,23846,23844],"class_list":{"0":"post-48793","1":"product","2":"type-product","3":"status-publish","4":"has-post-thumbnail","6":"product_cat-berne-en-jeugdboeken","7":"product_cat-berneboeken-8-12","8":"product_cat-fryske-boeken","9":"product_cat-lezerstip10","10":"product_cat-primer-underwiis","11":"product_cat-tema-underweis","12":"product_tag-aventoer","13":"product_tag-eppie-dam","14":"product_tag-filosofisch","15":"product_tag-filosofysk","16":"product_tag-koos-meinderts","17":"product_tag-levensreis","18":"product_tag-libbensreis","19":"product_tag-sibbedeus-en-it-ganzeboerd-fan-wisse","20":"product_shipping_class-brievenbus-verzending","21":"pa_auteur-koos-meinderts","22":"pa_isbn-23841","23":"pa_new-label-1-3","24":"pa_taal-frysk","25":"pa_uitgever-afuk","26":"pa_vertaler-eppie-dam","28":"first","29":"instock","30":"taxable","31":"shipping-taxable","32":"purchasable","33":"product-type-simple"},"acf":[],"yoast_head":"<!-- This site is optimized with the Yoast SEO plugin v27.3 - https:\/\/yoast.com\/product\/yoast-seo-wordpress\/ -->\n<title>Sibbedeus en it g\u00e2nzeboerd fan Wisse &#8211; Af\u00fbk Websjop<\/title>\n<meta name=\"description\" content=\"Sibbedeus en it g\u00e2nzeboerd fan Wisse is een filosofisch reisverhaal over het leven \u2013 een spel dat je niet kunt winnen, maar ook niet verliezen.\" \/>\n<meta name=\"robots\" content=\"index, follow, max-snippet:-1, max-image-preview:large, max-video-preview:-1\" \/>\n<link rel=\"canonical\" href=\"https:\/\/websjop.afuk.frl\/frl\/winkel\/sibbedeus-en-it-ganzeboerd-fan-wisse\/\" \/>\n<meta property=\"og:locale\" content=\"fy_NL\" \/>\n<meta property=\"og:type\" content=\"article\" \/>\n<meta property=\"og:title\" content=\"Sibbedeus en it g\u00e2nzeboerd fan Wisse &#8211; Af\u00fbk Websjop\" \/>\n<meta property=\"og:description\" content=\"Sibbedeus en it g\u00e2nzeboerd fan Wisse is een filosofisch reisverhaal over het leven \u2013 een spel dat je niet kunt winnen, maar ook niet verliezen.\" \/>\n<meta property=\"og:url\" content=\"https:\/\/websjop.afuk.frl\/frl\/winkel\/sibbedeus-en-it-ganzeboerd-fan-wisse\/\" \/>\n<meta property=\"og:site_name\" content=\"Af\u00fbk Websjop\" \/>\n<meta property=\"article:modified_time\" content=\"2025-12-10T13:36:01+00:00\" \/>\n<meta property=\"og:image\" content=\"https:\/\/websjop.afuk.frl\/wp-content\/uploads\/2025\/05\/Sibbedeus-en-it-ganzeboerd-fan-Wisse-web.jpg\" \/>\n\t<meta property=\"og:image:width\" content=\"1000\" \/>\n\t<meta property=\"og:image:height\" content=\"1499\" \/>\n\t<meta property=\"og:image:type\" content=\"image\/jpeg\" \/>\n<meta name=\"twitter:card\" content=\"summary_large_image\" \/>\n<meta name=\"twitter:label1\" content=\"Est. reading time\" \/>\n\t<meta name=\"twitter:data1\" content=\"4 minutes\" \/>\n<script type=\"application\/ld+json\" class=\"yoast-schema-graph\">{\"@context\":\"https:\\\/\\\/schema.org\",\"@graph\":[{\"@type\":\"WebPage\",\"@id\":\"https:\\\/\\\/websjop.afuk.frl\\\/frl\\\/winkel\\\/sibbedeus-en-it-ganzeboerd-fan-wisse\\\/\",\"url\":\"https:\\\/\\\/websjop.afuk.frl\\\/frl\\\/winkel\\\/sibbedeus-en-it-ganzeboerd-fan-wisse\\\/\",\"name\":\"Sibbedeus en it g\u00e2nzeboerd fan Wisse &#8211; Af\u00fbk Websjop\",\"isPartOf\":{\"@id\":\"https:\\\/\\\/websjop.afuk.frl\\\/frl\\\/#website\"},\"primaryImageOfPage\":{\"@id\":\"https:\\\/\\\/websjop.afuk.frl\\\/frl\\\/winkel\\\/sibbedeus-en-it-ganzeboerd-fan-wisse\\\/#primaryimage\"},\"image\":{\"@id\":\"https:\\\/\\\/websjop.afuk.frl\\\/frl\\\/winkel\\\/sibbedeus-en-it-ganzeboerd-fan-wisse\\\/#primaryimage\"},\"thumbnailUrl\":\"https:\\\/\\\/websjop.afuk.frl\\\/wp-content\\\/uploads\\\/2025\\\/05\\\/Sibbedeus-en-it-ganzeboerd-fan-Wisse-web.jpg\",\"datePublished\":\"2025-05-15T10:58:36+00:00\",\"dateModified\":\"2025-12-10T13:36:01+00:00\",\"description\":\"Sibbedeus en it g\u00e2nzeboerd fan Wisse is een filosofisch reisverhaal over het leven \u2013 een spel dat je niet kunt winnen, maar ook niet verliezen.\",\"breadcrumb\":{\"@id\":\"https:\\\/\\\/websjop.afuk.frl\\\/frl\\\/winkel\\\/sibbedeus-en-it-ganzeboerd-fan-wisse\\\/#breadcrumb\"},\"inLanguage\":\"fy-NL\",\"potentialAction\":[{\"@type\":\"ReadAction\",\"target\":[\"https:\\\/\\\/websjop.afuk.frl\\\/frl\\\/winkel\\\/sibbedeus-en-it-ganzeboerd-fan-wisse\\\/\"]}]},{\"@type\":\"ImageObject\",\"inLanguage\":\"fy-NL\",\"@id\":\"https:\\\/\\\/websjop.afuk.frl\\\/frl\\\/winkel\\\/sibbedeus-en-it-ganzeboerd-fan-wisse\\\/#primaryimage\",\"url\":\"https:\\\/\\\/websjop.afuk.frl\\\/wp-content\\\/uploads\\\/2025\\\/05\\\/Sibbedeus-en-it-ganzeboerd-fan-Wisse-web.jpg\",\"contentUrl\":\"https:\\\/\\\/websjop.afuk.frl\\\/wp-content\\\/uploads\\\/2025\\\/05\\\/Sibbedeus-en-it-ganzeboerd-fan-Wisse-web.jpg\",\"width\":1000,\"height\":1499},{\"@type\":\"BreadcrumbList\",\"@id\":\"https:\\\/\\\/websjop.afuk.frl\\\/frl\\\/winkel\\\/sibbedeus-en-it-ganzeboerd-fan-wisse\\\/#breadcrumb\",\"itemListElement\":[{\"@type\":\"ListItem\",\"position\":1,\"name\":\"Home\",\"item\":\"https:\\\/\\\/websjop.afuk.frl\\\/frl\\\/\"},{\"@type\":\"ListItem\",\"position\":2,\"name\":\"Winkel\",\"item\":\"https:\\\/\\\/websjop.afuk.frl\\\/nl\\\/winkel\\\/\"},{\"@type\":\"ListItem\",\"position\":3,\"name\":\"Sibbedeus en it g\u00e2nzeboerd fan Wisse\"}]},{\"@type\":\"WebSite\",\"@id\":\"https:\\\/\\\/websjop.afuk.frl\\\/frl\\\/#website\",\"url\":\"https:\\\/\\\/websjop.afuk.frl\\\/frl\\\/\",\"name\":\"Af\u00fbk Websjop\",\"description\":\"\",\"potentialAction\":[{\"@type\":\"SearchAction\",\"target\":{\"@type\":\"EntryPoint\",\"urlTemplate\":\"https:\\\/\\\/websjop.afuk.frl\\\/frl\\\/?s={search_term_string}\"},\"query-input\":{\"@type\":\"PropertyValueSpecification\",\"valueRequired\":true,\"valueName\":\"search_term_string\"}}],\"inLanguage\":\"fy-NL\"}]}<\/script>\n<!-- \/ Yoast SEO plugin. -->","yoast_head_json":{"title":"Sibbedeus en it g\u00e2nzeboerd fan Wisse &#8211; Af\u00fbk Websjop","description":"Sibbedeus en it g\u00e2nzeboerd fan Wisse is een filosofisch reisverhaal over het leven \u2013 een spel dat je niet kunt winnen, maar ook niet verliezen.","robots":{"index":"index","follow":"follow","max-snippet":"max-snippet:-1","max-image-preview":"max-image-preview:large","max-video-preview":"max-video-preview:-1"},"canonical":"https:\/\/websjop.afuk.frl\/frl\/winkel\/sibbedeus-en-it-ganzeboerd-fan-wisse\/","og_locale":"fy_NL","og_type":"article","og_title":"Sibbedeus en it g\u00e2nzeboerd fan Wisse &#8211; Af\u00fbk Websjop","og_description":"Sibbedeus en it g\u00e2nzeboerd fan Wisse is een filosofisch reisverhaal over het leven \u2013 een spel dat je niet kunt winnen, maar ook niet verliezen.","og_url":"https:\/\/websjop.afuk.frl\/frl\/winkel\/sibbedeus-en-it-ganzeboerd-fan-wisse\/","og_site_name":"Af\u00fbk Websjop","article_modified_time":"2025-12-10T13:36:01+00:00","og_image":[{"width":1000,"height":1499,"url":"https:\/\/websjop.afuk.frl\/wp-content\/uploads\/2025\/05\/Sibbedeus-en-it-ganzeboerd-fan-Wisse-web.jpg","type":"image\/jpeg"}],"twitter_card":"summary_large_image","twitter_misc":{"Est. reading time":"4 minutes"},"schema":{"@context":"https:\/\/schema.org","@graph":[{"@type":"WebPage","@id":"https:\/\/websjop.afuk.frl\/frl\/winkel\/sibbedeus-en-it-ganzeboerd-fan-wisse\/","url":"https:\/\/websjop.afuk.frl\/frl\/winkel\/sibbedeus-en-it-ganzeboerd-fan-wisse\/","name":"Sibbedeus en it g\u00e2nzeboerd fan Wisse &#8211; Af\u00fbk Websjop","isPartOf":{"@id":"https:\/\/websjop.afuk.frl\/frl\/#website"},"primaryImageOfPage":{"@id":"https:\/\/websjop.afuk.frl\/frl\/winkel\/sibbedeus-en-it-ganzeboerd-fan-wisse\/#primaryimage"},"image":{"@id":"https:\/\/websjop.afuk.frl\/frl\/winkel\/sibbedeus-en-it-ganzeboerd-fan-wisse\/#primaryimage"},"thumbnailUrl":"https:\/\/websjop.afuk.frl\/wp-content\/uploads\/2025\/05\/Sibbedeus-en-it-ganzeboerd-fan-Wisse-web.jpg","datePublished":"2025-05-15T10:58:36+00:00","dateModified":"2025-12-10T13:36:01+00:00","description":"Sibbedeus en it g\u00e2nzeboerd fan Wisse is een filosofisch reisverhaal over het leven \u2013 een spel dat je niet kunt winnen, maar ook niet verliezen.","breadcrumb":{"@id":"https:\/\/websjop.afuk.frl\/frl\/winkel\/sibbedeus-en-it-ganzeboerd-fan-wisse\/#breadcrumb"},"inLanguage":"fy-NL","potentialAction":[{"@type":"ReadAction","target":["https:\/\/websjop.afuk.frl\/frl\/winkel\/sibbedeus-en-it-ganzeboerd-fan-wisse\/"]}]},{"@type":"ImageObject","inLanguage":"fy-NL","@id":"https:\/\/websjop.afuk.frl\/frl\/winkel\/sibbedeus-en-it-ganzeboerd-fan-wisse\/#primaryimage","url":"https:\/\/websjop.afuk.frl\/wp-content\/uploads\/2025\/05\/Sibbedeus-en-it-ganzeboerd-fan-Wisse-web.jpg","contentUrl":"https:\/\/websjop.afuk.frl\/wp-content\/uploads\/2025\/05\/Sibbedeus-en-it-ganzeboerd-fan-Wisse-web.jpg","width":1000,"height":1499},{"@type":"BreadcrumbList","@id":"https:\/\/websjop.afuk.frl\/frl\/winkel\/sibbedeus-en-it-ganzeboerd-fan-wisse\/#breadcrumb","itemListElement":[{"@type":"ListItem","position":1,"name":"Home","item":"https:\/\/websjop.afuk.frl\/frl\/"},{"@type":"ListItem","position":2,"name":"Winkel","item":"https:\/\/websjop.afuk.frl\/nl\/winkel\/"},{"@type":"ListItem","position":3,"name":"Sibbedeus en it g\u00e2nzeboerd fan Wisse"}]},{"@type":"WebSite","@id":"https:\/\/websjop.afuk.frl\/frl\/#website","url":"https:\/\/websjop.afuk.frl\/frl\/","name":"Af\u00fbk Websjop","description":"","potentialAction":[{"@type":"SearchAction","target":{"@type":"EntryPoint","urlTemplate":"https:\/\/websjop.afuk.frl\/frl\/?s={search_term_string}"},"query-input":{"@type":"PropertyValueSpecification","valueRequired":true,"valueName":"search_term_string"}}],"inLanguage":"fy-NL"}]}},"_links":{"self":[{"href":"https:\/\/websjop.afuk.frl\/frl\/wp-json\/wp\/v2\/product\/48793","targetHints":{"allow":["GET"]}}],"collection":[{"href":"https:\/\/websjop.afuk.frl\/frl\/wp-json\/wp\/v2\/product"}],"about":[{"href":"https:\/\/websjop.afuk.frl\/frl\/wp-json\/wp\/v2\/types\/product"}],"replies":[{"embeddable":true,"href":"https:\/\/websjop.afuk.frl\/frl\/wp-json\/wp\/v2\/comments?post=48793"}],"wp:featuredmedia":[{"embeddable":true,"href":"https:\/\/websjop.afuk.frl\/frl\/wp-json\/wp\/v2\/media\/48794"}],"wp:attachment":[{"href":"https:\/\/websjop.afuk.frl\/frl\/wp-json\/wp\/v2\/media?parent=48793"}],"wp:term":[{"taxonomy":"product_brand","embeddable":true,"href":"https:\/\/websjop.afuk.frl\/frl\/wp-json\/wp\/v2\/product_brand?post=48793"},{"taxonomy":"product_cat","embeddable":true,"href":"https:\/\/websjop.afuk.frl\/frl\/wp-json\/wp\/v2\/product_cat?post=48793"},{"taxonomy":"product_tag","embeddable":true,"href":"https:\/\/websjop.afuk.frl\/frl\/wp-json\/wp\/v2\/product_tag?post=48793"}],"curies":[{"name":"wp","href":"https:\/\/api.w.org\/{rel}","templated":true}]}}