{"id":48541,"date":"2025-06-16T10:30:05","date_gmt":"2025-06-16T08:30:05","guid":{"rendered":"https:\/\/websjop.afuk.frl\/frl\/?post_type=product&#038;p=48541"},"modified":"2025-12-03T16:29:52","modified_gmt":"2025-12-03T15:29:52","slug":"de-wurdskat","status":"publish","type":"product","link":"https:\/\/websjop.afuk.frl\/frl\/winkel\/de-wurdskat\/","title":{"rendered":"De Wurdskat"},"content":{"rendered":"<p>Oskar vindt bij het schatgraven een grote kist. Hij maakt de kist open, maar dan blijkt dat er alleen maar woorden in zitten. Oskar is erg teleurgesteld, totdat hij de kracht van woorden ontdekt.<\/p>\n<p>Een origineel prentenboek met speelse en humoristische illustraties over woordenschat en fantasie.<\/p>\n<p>Vanaf 7 jaar.<\/p>\n<p><a href=\"https:\/\/afuk.frl\/wurdskatboek\/\" target=\"_blank\" rel=\"noopener\">Kijk hier voor de lesbrief.<\/a><\/p>\n<hr \/>\n<p><em>Antje van Schepen: &#8220;It printeboek \u2018De wurdskat\u2019 is in skat op himsels. It begjint al op it kaft en ast it boek iepenslachst, sjochst alderhande nijsgjirrige Fryske wurden. Dat jout fuort ek de sfear oan dy\u2019t yn it hiele boek te fielen is: boartlik, licht, fleurich. Ast fierder bl\u00eadest, sjochst mei-ien wichtige ynformaasje oer de skriuwers\/yllustrators: ien h\u00e2ldt derfan om mei de holle yn de wolken te rinnen en de oare h\u00e2ldt derfan om it seil te hisen. B\u00fbtenminsken dy\u2019t tagelyk grafysk goed \u00fbnderlein binne. En dat is ek hoe\u2019t it boek ynelkoar stekt. Ferbylding en betsjoening kombinearre mei soks as in wurd. Want wurden ferbyldzje en jouwe dy in bepaald gefoel.&#8221; <a href=\"https:\/\/heitenmem.frl\/boekresinsje-de-wurdskat-troch-antje\/\" target=\"_blank\" rel=\"noopener\">L\u00eas hjir de folsleine resinsje.<\/a><\/em><\/p>\n<p>&nbsp;<\/p>\n","protected":false},"excerpt":{"rendered":"<p>Oskar vindt bij het schatgraven een grote kist. Hij maakt de kist open, maar dan blijkt dat er alleen maar woorden in zitten. Oskar is erg teleurgesteld, totdat hij de kracht van woorden ontdekt. Een origineel prentenboek met speelse en humoristische illustraties over woordenschat en fantasie. Vanaf 7 jaar. Kijk hier voor de lesbrief. Antje [&hellip;]<\/p>\n","protected":false},"featured_media":48542,"comment_status":"closed","ping_status":"closed","template":"","meta":{"_acf_changed":false},"product_brand":[],"product_cat":[1213,550,551,535,18410,23211,14119],"product_tag":[23784,7198,23787,5451,23786,23785],"class_list":{"0":"post-48541","1":"product","2":"type-product","3":"status-publish","4":"has-post-thumbnail","6":"product_cat-berne-en-jeugdboeken","7":"product_cat-berneboeken-4-8","8":"product_cat-berneboeken-8-12","9":"product_cat-fryske-boeken","10":"product_cat-primer-underwiis","11":"product_cat-tema-7-oant-10-jier","12":"product_cat-underwiis","13":"product_tag-de-wurdskat","14":"product_tag-fantasy","15":"product_tag-humoristysk","16":"product_tag-printeboek","17":"product_tag-rebecca-gugger-en-simon-rothlisberger","18":"product_tag-skatgrave","19":"product_shipping_class-brievenbus-verzending","20":"pa_auteur-rebecca-gugger-en-simon-rothlisberger","21":"pa_isbn-23783","22":"pa_new-label-1-3","23":"pa_taal-frysk","24":"pa_uitgever-afuk","26":"first","27":"instock","28":"taxable","29":"shipping-taxable","30":"purchasable","31":"product-type-simple"},"acf":[],"yoast_head":"<!-- This site is optimized with the Yoast SEO plugin v27.3 - https:\/\/yoast.com\/product\/yoast-seo-wordpress\/ -->\n<title>De Wurdskat &#8211; Af\u00fbk Websjop<\/title>\n<meta name=\"description\" content=\"Oskar vindt bij het schatgraven een grote kist. Er blijken alleen maar woorden in zitten. Oskar is erg teleurgesteld, dan ontdekt hij de kracht van woorden.\" \/>\n<meta name=\"robots\" content=\"index, follow, max-snippet:-1, max-image-preview:large, max-video-preview:-1\" \/>\n<link rel=\"canonical\" href=\"https:\/\/websjop.afuk.frl\/frl\/winkel\/de-wurdskat\/\" \/>\n<meta property=\"og:locale\" content=\"fy_NL\" \/>\n<meta property=\"og:type\" content=\"article\" \/>\n<meta property=\"og:title\" content=\"De Wurdskat &#8211; Af\u00fbk Websjop\" \/>\n<meta property=\"og:description\" content=\"Oskar vindt bij het schatgraven een grote kist. Er blijken alleen maar woorden in zitten. Oskar is erg teleurgesteld, dan ontdekt hij de kracht van woorden.\" \/>\n<meta property=\"og:url\" content=\"https:\/\/websjop.afuk.frl\/frl\/winkel\/de-wurdskat\/\" \/>\n<meta property=\"og:site_name\" content=\"Af\u00fbk Websjop\" \/>\n<meta property=\"article:modified_time\" content=\"2025-12-03T15:29:52+00:00\" \/>\n<meta property=\"og:image\" content=\"https:\/\/websjop.afuk.frl\/wp-content\/uploads\/2025\/04\/De-Wurdskat-LR.jpg\" \/>\n\t<meta property=\"og:image:width\" content=\"1000\" \/>\n\t<meta property=\"og:image:height\" content=\"1280\" \/>\n\t<meta property=\"og:image:type\" content=\"image\/jpeg\" \/>\n<meta name=\"twitter:card\" content=\"summary_large_image\" \/>\n<meta name=\"twitter:label1\" content=\"Est. reading time\" \/>\n\t<meta name=\"twitter:data1\" content=\"3 minutes\" \/>\n<script type=\"application\/ld+json\" class=\"yoast-schema-graph\">{\"@context\":\"https:\\\/\\\/schema.org\",\"@graph\":[{\"@type\":\"WebPage\",\"@id\":\"https:\\\/\\\/websjop.afuk.frl\\\/frl\\\/winkel\\\/de-wurdskat\\\/\",\"url\":\"https:\\\/\\\/websjop.afuk.frl\\\/frl\\\/winkel\\\/de-wurdskat\\\/\",\"name\":\"De Wurdskat &#8211; Af\u00fbk Websjop\",\"isPartOf\":{\"@id\":\"https:\\\/\\\/websjop.afuk.frl\\\/frl\\\/#website\"},\"primaryImageOfPage\":{\"@id\":\"https:\\\/\\\/websjop.afuk.frl\\\/frl\\\/winkel\\\/de-wurdskat\\\/#primaryimage\"},\"image\":{\"@id\":\"https:\\\/\\\/websjop.afuk.frl\\\/frl\\\/winkel\\\/de-wurdskat\\\/#primaryimage\"},\"thumbnailUrl\":\"https:\\\/\\\/websjop.afuk.frl\\\/wp-content\\\/uploads\\\/2025\\\/04\\\/De-Wurdskat-LR.jpg\",\"datePublished\":\"2025-06-16T08:30:05+00:00\",\"dateModified\":\"2025-12-03T15:29:52+00:00\",\"description\":\"Oskar vindt bij het schatgraven een grote kist. Er blijken alleen maar woorden in zitten. Oskar is erg teleurgesteld, dan ontdekt hij de kracht van woorden.\",\"breadcrumb\":{\"@id\":\"https:\\\/\\\/websjop.afuk.frl\\\/frl\\\/winkel\\\/de-wurdskat\\\/#breadcrumb\"},\"inLanguage\":\"fy-NL\",\"potentialAction\":[{\"@type\":\"ReadAction\",\"target\":[\"https:\\\/\\\/websjop.afuk.frl\\\/frl\\\/winkel\\\/de-wurdskat\\\/\"]}]},{\"@type\":\"ImageObject\",\"inLanguage\":\"fy-NL\",\"@id\":\"https:\\\/\\\/websjop.afuk.frl\\\/frl\\\/winkel\\\/de-wurdskat\\\/#primaryimage\",\"url\":\"https:\\\/\\\/websjop.afuk.frl\\\/wp-content\\\/uploads\\\/2025\\\/04\\\/De-Wurdskat-LR.jpg\",\"contentUrl\":\"https:\\\/\\\/websjop.afuk.frl\\\/wp-content\\\/uploads\\\/2025\\\/04\\\/De-Wurdskat-LR.jpg\",\"width\":1000,\"height\":1280},{\"@type\":\"BreadcrumbList\",\"@id\":\"https:\\\/\\\/websjop.afuk.frl\\\/frl\\\/winkel\\\/de-wurdskat\\\/#breadcrumb\",\"itemListElement\":[{\"@type\":\"ListItem\",\"position\":1,\"name\":\"Home\",\"item\":\"https:\\\/\\\/websjop.afuk.frl\\\/frl\\\/\"},{\"@type\":\"ListItem\",\"position\":2,\"name\":\"Winkel\",\"item\":\"https:\\\/\\\/websjop.afuk.frl\\\/nl\\\/winkel\\\/\"},{\"@type\":\"ListItem\",\"position\":3,\"name\":\"De Wurdskat\"}]},{\"@type\":\"WebSite\",\"@id\":\"https:\\\/\\\/websjop.afuk.frl\\\/frl\\\/#website\",\"url\":\"https:\\\/\\\/websjop.afuk.frl\\\/frl\\\/\",\"name\":\"Af\u00fbk Websjop\",\"description\":\"\",\"potentialAction\":[{\"@type\":\"SearchAction\",\"target\":{\"@type\":\"EntryPoint\",\"urlTemplate\":\"https:\\\/\\\/websjop.afuk.frl\\\/frl\\\/?s={search_term_string}\"},\"query-input\":{\"@type\":\"PropertyValueSpecification\",\"valueRequired\":true,\"valueName\":\"search_term_string\"}}],\"inLanguage\":\"fy-NL\"}]}<\/script>\n<!-- \/ Yoast SEO plugin. -->","yoast_head_json":{"title":"De Wurdskat &#8211; Af\u00fbk Websjop","description":"Oskar vindt bij het schatgraven een grote kist. Er blijken alleen maar woorden in zitten. Oskar is erg teleurgesteld, dan ontdekt hij de kracht van woorden.","robots":{"index":"index","follow":"follow","max-snippet":"max-snippet:-1","max-image-preview":"max-image-preview:large","max-video-preview":"max-video-preview:-1"},"canonical":"https:\/\/websjop.afuk.frl\/frl\/winkel\/de-wurdskat\/","og_locale":"fy_NL","og_type":"article","og_title":"De Wurdskat &#8211; Af\u00fbk Websjop","og_description":"Oskar vindt bij het schatgraven een grote kist. Er blijken alleen maar woorden in zitten. Oskar is erg teleurgesteld, dan ontdekt hij de kracht van woorden.","og_url":"https:\/\/websjop.afuk.frl\/frl\/winkel\/de-wurdskat\/","og_site_name":"Af\u00fbk Websjop","article_modified_time":"2025-12-03T15:29:52+00:00","og_image":[{"width":1000,"height":1280,"url":"https:\/\/websjop.afuk.frl\/wp-content\/uploads\/2025\/04\/De-Wurdskat-LR.jpg","type":"image\/jpeg"}],"twitter_card":"summary_large_image","twitter_misc":{"Est. reading time":"3 minutes"},"schema":{"@context":"https:\/\/schema.org","@graph":[{"@type":"WebPage","@id":"https:\/\/websjop.afuk.frl\/frl\/winkel\/de-wurdskat\/","url":"https:\/\/websjop.afuk.frl\/frl\/winkel\/de-wurdskat\/","name":"De Wurdskat &#8211; Af\u00fbk Websjop","isPartOf":{"@id":"https:\/\/websjop.afuk.frl\/frl\/#website"},"primaryImageOfPage":{"@id":"https:\/\/websjop.afuk.frl\/frl\/winkel\/de-wurdskat\/#primaryimage"},"image":{"@id":"https:\/\/websjop.afuk.frl\/frl\/winkel\/de-wurdskat\/#primaryimage"},"thumbnailUrl":"https:\/\/websjop.afuk.frl\/wp-content\/uploads\/2025\/04\/De-Wurdskat-LR.jpg","datePublished":"2025-06-16T08:30:05+00:00","dateModified":"2025-12-03T15:29:52+00:00","description":"Oskar vindt bij het schatgraven een grote kist. Er blijken alleen maar woorden in zitten. Oskar is erg teleurgesteld, dan ontdekt hij de kracht van woorden.","breadcrumb":{"@id":"https:\/\/websjop.afuk.frl\/frl\/winkel\/de-wurdskat\/#breadcrumb"},"inLanguage":"fy-NL","potentialAction":[{"@type":"ReadAction","target":["https:\/\/websjop.afuk.frl\/frl\/winkel\/de-wurdskat\/"]}]},{"@type":"ImageObject","inLanguage":"fy-NL","@id":"https:\/\/websjop.afuk.frl\/frl\/winkel\/de-wurdskat\/#primaryimage","url":"https:\/\/websjop.afuk.frl\/wp-content\/uploads\/2025\/04\/De-Wurdskat-LR.jpg","contentUrl":"https:\/\/websjop.afuk.frl\/wp-content\/uploads\/2025\/04\/De-Wurdskat-LR.jpg","width":1000,"height":1280},{"@type":"BreadcrumbList","@id":"https:\/\/websjop.afuk.frl\/frl\/winkel\/de-wurdskat\/#breadcrumb","itemListElement":[{"@type":"ListItem","position":1,"name":"Home","item":"https:\/\/websjop.afuk.frl\/frl\/"},{"@type":"ListItem","position":2,"name":"Winkel","item":"https:\/\/websjop.afuk.frl\/nl\/winkel\/"},{"@type":"ListItem","position":3,"name":"De Wurdskat"}]},{"@type":"WebSite","@id":"https:\/\/websjop.afuk.frl\/frl\/#website","url":"https:\/\/websjop.afuk.frl\/frl\/","name":"Af\u00fbk Websjop","description":"","potentialAction":[{"@type":"SearchAction","target":{"@type":"EntryPoint","urlTemplate":"https:\/\/websjop.afuk.frl\/frl\/?s={search_term_string}"},"query-input":{"@type":"PropertyValueSpecification","valueRequired":true,"valueName":"search_term_string"}}],"inLanguage":"fy-NL"}]}},"_links":{"self":[{"href":"https:\/\/websjop.afuk.frl\/frl\/wp-json\/wp\/v2\/product\/48541","targetHints":{"allow":["GET"]}}],"collection":[{"href":"https:\/\/websjop.afuk.frl\/frl\/wp-json\/wp\/v2\/product"}],"about":[{"href":"https:\/\/websjop.afuk.frl\/frl\/wp-json\/wp\/v2\/types\/product"}],"replies":[{"embeddable":true,"href":"https:\/\/websjop.afuk.frl\/frl\/wp-json\/wp\/v2\/comments?post=48541"}],"wp:featuredmedia":[{"embeddable":true,"href":"https:\/\/websjop.afuk.frl\/frl\/wp-json\/wp\/v2\/media\/48542"}],"wp:attachment":[{"href":"https:\/\/websjop.afuk.frl\/frl\/wp-json\/wp\/v2\/media?parent=48541"}],"wp:term":[{"taxonomy":"product_brand","embeddable":true,"href":"https:\/\/websjop.afuk.frl\/frl\/wp-json\/wp\/v2\/product_brand?post=48541"},{"taxonomy":"product_cat","embeddable":true,"href":"https:\/\/websjop.afuk.frl\/frl\/wp-json\/wp\/v2\/product_cat?post=48541"},{"taxonomy":"product_tag","embeddable":true,"href":"https:\/\/websjop.afuk.frl\/frl\/wp-json\/wp\/v2\/product_tag?post=48541"}],"curies":[{"name":"wp","href":"https:\/\/api.w.org\/{rel}","templated":true}]}}