{"id":48421,"date":"2025-04-11T09:55:23","date_gmt":"2025-04-11T07:55:23","guid":{"rendered":"https:\/\/websjop.afuk.frl\/frl\/?post_type=product&#038;p=48421"},"modified":"2025-06-01T10:28:56","modified_gmt":"2025-06-01T08:28:56","slug":"verzetsvrouw-esmee-van-eeghen-ferskynt-11-april","status":"publish","type":"product","link":"https:\/\/websjop.afuk.frl\/frl\/winkel\/verzetsvrouw-esmee-van-eeghen-ferskynt-11-april\/","title":{"rendered":"Verzetsvrouw Esm\u00e9e van Eeghen"},"content":{"rendered":"<p>Van een kort leven en een lange weg naar eerherstel<\/p>\n<p>Aan Esm\u00e9e van Eeghen zijn al verscheidene boeken, artikelen en documentaires gewijd. De inhoud was vaak een herhaling van zetten: het beeld van een \u2018femme fatale\u2019 en een mannenverslindster. Een vrouw die niet alleen een verhouding gehad zou hebben met verzetsman Krijn van den Helm, maar hem ten slotte ook verraden zou hebben. Zo ontstond een schier onontwarbare kluwen van waarheid en verdichting over een jarenlang verguisde vrouw.<\/p>\n<p>Tachtig jaar na haar dood kreeg ze eerherstel. Waarom moest dat eigenlijk zo lang duren? Die vraag is alleen te beantwoorden na een zorgvuldige analyse van haar korte leven en van de lange periode na haar vroegtijdige dood.<\/p>\n<p>Dit nieuwe boek is het resultaat van uitgebreid en gedegen onderzoek in openbare en persoonlijke archieven. Daarbij kwam veel onbekend materiaal boven water. Het geeft dan ook tal van nieuwe inzichten. Vragen en onduidelijkheden uit eerdere geschiedschrijving over haar krijgen nu eindelijk zorgvuldig onderbouwde en gedocumenteerde antwoorden.<\/p>\n<p>Hessel de Walle publiceerde eerder <em>De mannen van de Overval<\/em> (2019), <em>Piet Oberman: de man en de mythe<\/em> (2022), en <em>Vrouwen van het Friese verzet<\/em> (2024).<\/p>\n","protected":false},"excerpt":{"rendered":"<p>Van een kort leven en een lange weg naar eerherstel Aan Esm\u00e9e van Eeghen zijn al verscheidene boeken, artikelen en documentaires gewijd. De inhoud was vaak een herhaling van zetten: het beeld van een \u2018femme fatale\u2019 en een mannenverslindster. Een vrouw die niet alleen een verhouding gehad zou hebben met verzetsman Krijn van den Helm, [&hellip;]<\/p>\n","protected":false},"featured_media":48422,"comment_status":"closed","ping_status":"closed","template":"","meta":{"_acf_changed":false},"product_brand":[],"product_cat":[535,539,1163],"product_tag":[23770,23768,20993,21469,5193,23769],"class_list":{"0":"post-48421","1":"product","2":"type-product","3":"status-publish","4":"has-post-thumbnail","6":"product_cat-fryske-boeken","7":"product_cat-skiednis","8":"product_cat-wo2","9":"product_tag-eerherstel","10":"product_tag-esmee-van-eeghen","11":"product_tag-fries-verzet","12":"product_tag-hessel-de-walle","13":"product_tag-tweede-wereldoorlog","14":"product_tag-verzetsvrouw","15":"product_shipping_class-brievenbus-verzending","16":"pa_auteur-hessel-de-walle-2","17":"pa_isbn-23767","18":"pa_new-label-1-3","19":"pa_taal-nederlands","20":"pa_uitgever-wijdemeer","22":"first","23":"instock","24":"taxable","25":"shipping-taxable","26":"purchasable","27":"product-type-simple"},"acf":[],"yoast_head":"<!-- This site is optimized with the Yoast SEO plugin v27.3 - https:\/\/yoast.com\/product\/yoast-seo-wordpress\/ -->\n<title>Verzetsvrouw Esm\u00e9e van Eeghen &#8211; Af\u00fbk Websjop<\/title>\n<meta name=\"description\" content=\"Van een kort leven en een lange weg naar eerherstel. Tachtig jaar na haar dood kreeg Esm\u00e9e van Eeghen eerherstel. Waarom moest dat eigenlijk zo lang duren?\" \/>\n<meta name=\"robots\" content=\"index, follow, max-snippet:-1, max-image-preview:large, max-video-preview:-1\" \/>\n<link rel=\"canonical\" href=\"https:\/\/websjop.afuk.frl\/frl\/winkel\/verzetsvrouw-esmee-van-eeghen-ferskynt-11-april\/\" \/>\n<meta property=\"og:locale\" content=\"fy_NL\" \/>\n<meta property=\"og:type\" content=\"article\" \/>\n<meta property=\"og:title\" content=\"Verzetsvrouw Esm\u00e9e van Eeghen &#8211; Af\u00fbk Websjop\" \/>\n<meta property=\"og:description\" content=\"Van een kort leven en een lange weg naar eerherstel. Tachtig jaar na haar dood kreeg Esm\u00e9e van Eeghen eerherstel. Waarom moest dat eigenlijk zo lang duren?\" \/>\n<meta property=\"og:url\" content=\"https:\/\/websjop.afuk.frl\/frl\/winkel\/verzetsvrouw-esmee-van-eeghen-ferskynt-11-april\/\" \/>\n<meta property=\"og:site_name\" content=\"Af\u00fbk Websjop\" \/>\n<meta property=\"article:modified_time\" content=\"2025-06-01T08:28:56+00:00\" \/>\n<meta property=\"og:image\" content=\"https:\/\/websjop.afuk.frl\/wp-content\/uploads\/2025\/04\/Esmee-van-Eeghen.jpg\" \/>\n\t<meta property=\"og:image:width\" content=\"746\" \/>\n\t<meta property=\"og:image:height\" content=\"1080\" \/>\n\t<meta property=\"og:image:type\" content=\"image\/jpeg\" \/>\n<meta name=\"twitter:card\" content=\"summary_large_image\" \/>\n<meta name=\"twitter:label1\" content=\"Est. reading time\" \/>\n\t<meta name=\"twitter:data1\" content=\"2 minutes\" \/>\n<script type=\"application\/ld+json\" class=\"yoast-schema-graph\">{\"@context\":\"https:\\\/\\\/schema.org\",\"@graph\":[{\"@type\":\"WebPage\",\"@id\":\"https:\\\/\\\/websjop.afuk.frl\\\/frl\\\/winkel\\\/verzetsvrouw-esmee-van-eeghen-ferskynt-11-april\\\/\",\"url\":\"https:\\\/\\\/websjop.afuk.frl\\\/frl\\\/winkel\\\/verzetsvrouw-esmee-van-eeghen-ferskynt-11-april\\\/\",\"name\":\"Verzetsvrouw Esm\u00e9e van Eeghen &#8211; Af\u00fbk Websjop\",\"isPartOf\":{\"@id\":\"https:\\\/\\\/websjop.afuk.frl\\\/frl\\\/#website\"},\"primaryImageOfPage\":{\"@id\":\"https:\\\/\\\/websjop.afuk.frl\\\/frl\\\/winkel\\\/verzetsvrouw-esmee-van-eeghen-ferskynt-11-april\\\/#primaryimage\"},\"image\":{\"@id\":\"https:\\\/\\\/websjop.afuk.frl\\\/frl\\\/winkel\\\/verzetsvrouw-esmee-van-eeghen-ferskynt-11-april\\\/#primaryimage\"},\"thumbnailUrl\":\"https:\\\/\\\/websjop.afuk.frl\\\/wp-content\\\/uploads\\\/2025\\\/04\\\/Esmee-van-Eeghen.jpg\",\"datePublished\":\"2025-04-11T07:55:23+00:00\",\"dateModified\":\"2025-06-01T08:28:56+00:00\",\"description\":\"Van een kort leven en een lange weg naar eerherstel. Tachtig jaar na haar dood kreeg Esm\u00e9e van Eeghen eerherstel. Waarom moest dat eigenlijk zo lang duren?\",\"breadcrumb\":{\"@id\":\"https:\\\/\\\/websjop.afuk.frl\\\/frl\\\/winkel\\\/verzetsvrouw-esmee-van-eeghen-ferskynt-11-april\\\/#breadcrumb\"},\"inLanguage\":\"fy-NL\",\"potentialAction\":[{\"@type\":\"ReadAction\",\"target\":[\"https:\\\/\\\/websjop.afuk.frl\\\/frl\\\/winkel\\\/verzetsvrouw-esmee-van-eeghen-ferskynt-11-april\\\/\"]}]},{\"@type\":\"ImageObject\",\"inLanguage\":\"fy-NL\",\"@id\":\"https:\\\/\\\/websjop.afuk.frl\\\/frl\\\/winkel\\\/verzetsvrouw-esmee-van-eeghen-ferskynt-11-april\\\/#primaryimage\",\"url\":\"https:\\\/\\\/websjop.afuk.frl\\\/wp-content\\\/uploads\\\/2025\\\/04\\\/Esmee-van-Eeghen.jpg\",\"contentUrl\":\"https:\\\/\\\/websjop.afuk.frl\\\/wp-content\\\/uploads\\\/2025\\\/04\\\/Esmee-van-Eeghen.jpg\",\"width\":746,\"height\":1080},{\"@type\":\"BreadcrumbList\",\"@id\":\"https:\\\/\\\/websjop.afuk.frl\\\/frl\\\/winkel\\\/verzetsvrouw-esmee-van-eeghen-ferskynt-11-april\\\/#breadcrumb\",\"itemListElement\":[{\"@type\":\"ListItem\",\"position\":1,\"name\":\"Home\",\"item\":\"https:\\\/\\\/websjop.afuk.frl\\\/frl\\\/\"},{\"@type\":\"ListItem\",\"position\":2,\"name\":\"Winkel\",\"item\":\"https:\\\/\\\/websjop.afuk.frl\\\/nl\\\/winkel\\\/\"},{\"@type\":\"ListItem\",\"position\":3,\"name\":\"Verzetsvrouw Esm\u00e9e van Eeghen\"}]},{\"@type\":\"WebSite\",\"@id\":\"https:\\\/\\\/websjop.afuk.frl\\\/frl\\\/#website\",\"url\":\"https:\\\/\\\/websjop.afuk.frl\\\/frl\\\/\",\"name\":\"Af\u00fbk Websjop\",\"description\":\"\",\"potentialAction\":[{\"@type\":\"SearchAction\",\"target\":{\"@type\":\"EntryPoint\",\"urlTemplate\":\"https:\\\/\\\/websjop.afuk.frl\\\/frl\\\/?s={search_term_string}\"},\"query-input\":{\"@type\":\"PropertyValueSpecification\",\"valueRequired\":true,\"valueName\":\"search_term_string\"}}],\"inLanguage\":\"fy-NL\"}]}<\/script>\n<!-- \/ Yoast SEO plugin. -->","yoast_head_json":{"title":"Verzetsvrouw Esm\u00e9e van Eeghen &#8211; Af\u00fbk Websjop","description":"Van een kort leven en een lange weg naar eerherstel. Tachtig jaar na haar dood kreeg Esm\u00e9e van Eeghen eerherstel. Waarom moest dat eigenlijk zo lang duren?","robots":{"index":"index","follow":"follow","max-snippet":"max-snippet:-1","max-image-preview":"max-image-preview:large","max-video-preview":"max-video-preview:-1"},"canonical":"https:\/\/websjop.afuk.frl\/frl\/winkel\/verzetsvrouw-esmee-van-eeghen-ferskynt-11-april\/","og_locale":"fy_NL","og_type":"article","og_title":"Verzetsvrouw Esm\u00e9e van Eeghen &#8211; Af\u00fbk Websjop","og_description":"Van een kort leven en een lange weg naar eerherstel. Tachtig jaar na haar dood kreeg Esm\u00e9e van Eeghen eerherstel. Waarom moest dat eigenlijk zo lang duren?","og_url":"https:\/\/websjop.afuk.frl\/frl\/winkel\/verzetsvrouw-esmee-van-eeghen-ferskynt-11-april\/","og_site_name":"Af\u00fbk Websjop","article_modified_time":"2025-06-01T08:28:56+00:00","og_image":[{"width":746,"height":1080,"url":"https:\/\/websjop.afuk.frl\/wp-content\/uploads\/2025\/04\/Esmee-van-Eeghen.jpg","type":"image\/jpeg"}],"twitter_card":"summary_large_image","twitter_misc":{"Est. reading time":"2 minutes"},"schema":{"@context":"https:\/\/schema.org","@graph":[{"@type":"WebPage","@id":"https:\/\/websjop.afuk.frl\/frl\/winkel\/verzetsvrouw-esmee-van-eeghen-ferskynt-11-april\/","url":"https:\/\/websjop.afuk.frl\/frl\/winkel\/verzetsvrouw-esmee-van-eeghen-ferskynt-11-april\/","name":"Verzetsvrouw Esm\u00e9e van Eeghen &#8211; Af\u00fbk Websjop","isPartOf":{"@id":"https:\/\/websjop.afuk.frl\/frl\/#website"},"primaryImageOfPage":{"@id":"https:\/\/websjop.afuk.frl\/frl\/winkel\/verzetsvrouw-esmee-van-eeghen-ferskynt-11-april\/#primaryimage"},"image":{"@id":"https:\/\/websjop.afuk.frl\/frl\/winkel\/verzetsvrouw-esmee-van-eeghen-ferskynt-11-april\/#primaryimage"},"thumbnailUrl":"https:\/\/websjop.afuk.frl\/wp-content\/uploads\/2025\/04\/Esmee-van-Eeghen.jpg","datePublished":"2025-04-11T07:55:23+00:00","dateModified":"2025-06-01T08:28:56+00:00","description":"Van een kort leven en een lange weg naar eerherstel. Tachtig jaar na haar dood kreeg Esm\u00e9e van Eeghen eerherstel. Waarom moest dat eigenlijk zo lang duren?","breadcrumb":{"@id":"https:\/\/websjop.afuk.frl\/frl\/winkel\/verzetsvrouw-esmee-van-eeghen-ferskynt-11-april\/#breadcrumb"},"inLanguage":"fy-NL","potentialAction":[{"@type":"ReadAction","target":["https:\/\/websjop.afuk.frl\/frl\/winkel\/verzetsvrouw-esmee-van-eeghen-ferskynt-11-april\/"]}]},{"@type":"ImageObject","inLanguage":"fy-NL","@id":"https:\/\/websjop.afuk.frl\/frl\/winkel\/verzetsvrouw-esmee-van-eeghen-ferskynt-11-april\/#primaryimage","url":"https:\/\/websjop.afuk.frl\/wp-content\/uploads\/2025\/04\/Esmee-van-Eeghen.jpg","contentUrl":"https:\/\/websjop.afuk.frl\/wp-content\/uploads\/2025\/04\/Esmee-van-Eeghen.jpg","width":746,"height":1080},{"@type":"BreadcrumbList","@id":"https:\/\/websjop.afuk.frl\/frl\/winkel\/verzetsvrouw-esmee-van-eeghen-ferskynt-11-april\/#breadcrumb","itemListElement":[{"@type":"ListItem","position":1,"name":"Home","item":"https:\/\/websjop.afuk.frl\/frl\/"},{"@type":"ListItem","position":2,"name":"Winkel","item":"https:\/\/websjop.afuk.frl\/nl\/winkel\/"},{"@type":"ListItem","position":3,"name":"Verzetsvrouw Esm\u00e9e van Eeghen"}]},{"@type":"WebSite","@id":"https:\/\/websjop.afuk.frl\/frl\/#website","url":"https:\/\/websjop.afuk.frl\/frl\/","name":"Af\u00fbk Websjop","description":"","potentialAction":[{"@type":"SearchAction","target":{"@type":"EntryPoint","urlTemplate":"https:\/\/websjop.afuk.frl\/frl\/?s={search_term_string}"},"query-input":{"@type":"PropertyValueSpecification","valueRequired":true,"valueName":"search_term_string"}}],"inLanguage":"fy-NL"}]}},"_links":{"self":[{"href":"https:\/\/websjop.afuk.frl\/frl\/wp-json\/wp\/v2\/product\/48421","targetHints":{"allow":["GET"]}}],"collection":[{"href":"https:\/\/websjop.afuk.frl\/frl\/wp-json\/wp\/v2\/product"}],"about":[{"href":"https:\/\/websjop.afuk.frl\/frl\/wp-json\/wp\/v2\/types\/product"}],"replies":[{"embeddable":true,"href":"https:\/\/websjop.afuk.frl\/frl\/wp-json\/wp\/v2\/comments?post=48421"}],"wp:featuredmedia":[{"embeddable":true,"href":"https:\/\/websjop.afuk.frl\/frl\/wp-json\/wp\/v2\/media\/48422"}],"wp:attachment":[{"href":"https:\/\/websjop.afuk.frl\/frl\/wp-json\/wp\/v2\/media?parent=48421"}],"wp:term":[{"taxonomy":"product_brand","embeddable":true,"href":"https:\/\/websjop.afuk.frl\/frl\/wp-json\/wp\/v2\/product_brand?post=48421"},{"taxonomy":"product_cat","embeddable":true,"href":"https:\/\/websjop.afuk.frl\/frl\/wp-json\/wp\/v2\/product_cat?post=48421"},{"taxonomy":"product_tag","embeddable":true,"href":"https:\/\/websjop.afuk.frl\/frl\/wp-json\/wp\/v2\/product_tag?post=48421"}],"curies":[{"name":"wp","href":"https:\/\/api.w.org\/{rel}","templated":true}]}}