{"id":48380,"date":"2025-04-08T12:30:32","date_gmt":"2025-04-08T10:30:32","guid":{"rendered":"https:\/\/websjop.afuk.frl\/frl\/?post_type=product&#038;p=48380"},"modified":"2025-09-01T12:32:45","modified_gmt":"2025-09-01T10:32:45","slug":"sake-untdekt-in-wundereilan","status":"publish","type":"product","link":"https:\/\/websjop.afuk.frl\/frl\/winkel\/sake-untdekt-in-wundereilan\/","title":{"rendered":"Sake \u00fbntdekt in w\u00fbndereil\u00e2n"},"content":{"rendered":"<p>Sake verveelt zich, maar als hij de vlogcamera van zijn moeder mag lenen, verandert alles. Met zijn vriend RJ gaat hij op avontuur, want met een beetje fantasie kan alles.<\/p>\n<p><em>Sake \u00fbntdekt in w\u00fbndereil\u00e2n <\/em>is het debuut van creatieve duizendpoot Tjits van der Wal, bekend van Tjitsfloch, dat sinds 2020 uitgezonden wordt door Omrop Frysl\u00e2n.<\/p>\n<hr \/>\n<p><em>Grietje: &#8220;It boek lit sjen dat as je je ferfele, je mei je eigen fantasy noch hiele moaie dingen belibje kinne. Je kinne fan in \u201cboat-s\u00e2nbak\u201d in echte boat meitsje en lekker fantasearje sadat je sels in moai ferhaal of aventoer belibje. De freonen en Yldou meitsje in moaie seereis d\u00ear\u2019t sy in protte op belibje en tsjinkomme, sa as in meunster en in w\u00fbndereil\u00e2n.&#8221; <a href=\"https:\/\/heitenmem.frl\/boekresinsje-sake-untdekt-in-wundereilan-troch-jesper-en-grietje\/\" target=\"_blank\" rel=\"noopener\">L\u00eas hjir de folsleine resinsje fan Grietje.<\/a><\/em><\/p>\n<p>&nbsp;<\/p>\n<p>&nbsp;<\/p>\n","protected":false},"excerpt":{"rendered":"<p>Sake verveelt zich, maar als hij de vlogcamera van zijn moeder mag lenen, verandert alles. Met zijn vriend RJ gaat hij op avontuur, want met een beetje fantasie kan alles. Sake \u00fbntdekt in w\u00fbndereil\u00e2n is het debuut van creatieve duizendpoot Tjits van der Wal, bekend van Tjitsfloch, dat sinds 2020 uitgezonden wordt door Omrop Frysl\u00e2n. [&hellip;]<\/p>\n","protected":false},"featured_media":48381,"comment_status":"closed","ping_status":"closed","template":"","meta":{"_acf_changed":false},"product_brand":[],"product_cat":[1213,551,535,23627,23212,22899,14119],"product_tag":[6524,15929,23758,17604,23759,23761,23760],"class_list":{"0":"post-48380","1":"product","2":"type-product","3":"status-publish","4":"has-post-thumbnail","6":"product_cat-berne-en-jeugdboeken","7":"product_cat-berneboeken-8-12","8":"product_cat-fryske-boeken","9":"product_cat-op-aventoer","10":"product_cat-tema-10-oant-12-jier","11":"product_cat-tema-fantasy-en-mearkes","12":"product_cat-underwiis","13":"product_tag-aventoer","14":"product_tag-avontuur","15":"product_tag-sake-untdekt-in-wundereilan","16":"product_tag-skelte-siweris-braaksma","17":"product_tag-tjits-van-der-wal","18":"product_tag-vloggen","19":"product_tag-vlogkamera","20":"product_shipping_class-brievenbus-verzending","21":"pa_auteur-tjits-van-der-wal","22":"pa_isbn-23777","23":"pa_new-label-1-3","24":"pa_taal-frysk","25":"pa_uitgever-afuk","27":"first","28":"instock","29":"featured","30":"taxable","31":"shipping-taxable","32":"purchasable","33":"product-type-simple"},"acf":[],"yoast_head":"<!-- This site is optimized with the Yoast SEO plugin v27.3 - https:\/\/yoast.com\/product\/yoast-seo-wordpress\/ -->\n<title>Sake \u00fbntdekt in w\u00fbndereil\u00e2n &#8211; Af\u00fbk Websjop<\/title>\n<meta name=\"description\" content=\"Sake verveelt zich, maar als hij de vlogcamera van zijn moeder mag lenen, verandert alles. Met vriend RJ gaat hij op avontuur: Sake \u00fbntdekt in w\u00fbndereil\u00e2n.\" \/>\n<meta name=\"robots\" content=\"index, follow, max-snippet:-1, max-image-preview:large, max-video-preview:-1\" \/>\n<link rel=\"canonical\" href=\"https:\/\/websjop.afuk.frl\/frl\/winkel\/sake-untdekt-in-wundereilan\/\" \/>\n<meta property=\"og:locale\" content=\"fy_NL\" \/>\n<meta property=\"og:type\" content=\"article\" \/>\n<meta property=\"og:title\" content=\"Sake \u00fbntdekt in w\u00fbndereil\u00e2n &#8211; Af\u00fbk Websjop\" \/>\n<meta property=\"og:description\" content=\"Sake verveelt zich, maar als hij de vlogcamera van zijn moeder mag lenen, verandert alles. Met vriend RJ gaat hij op avontuur: Sake \u00fbntdekt in w\u00fbndereil\u00e2n.\" \/>\n<meta property=\"og:url\" content=\"https:\/\/websjop.afuk.frl\/frl\/winkel\/sake-untdekt-in-wundereilan\/\" \/>\n<meta property=\"og:site_name\" content=\"Af\u00fbk Websjop\" \/>\n<meta property=\"article:modified_time\" content=\"2025-09-01T10:32:45+00:00\" \/>\n<meta property=\"og:image\" content=\"https:\/\/websjop.afuk.frl\/wp-content\/uploads\/2025\/04\/Sake-untdekt-in-wundereilan-HR-scaled.jpg\" \/>\n\t<meta property=\"og:image:width\" content=\"1831\" \/>\n\t<meta property=\"og:image:height\" content=\"2560\" \/>\n\t<meta property=\"og:image:type\" content=\"image\/jpeg\" \/>\n<meta name=\"twitter:card\" content=\"summary_large_image\" \/>\n<meta name=\"twitter:label1\" content=\"Est. reading time\" \/>\n\t<meta name=\"twitter:data1\" content=\"2 minutes\" \/>\n<script type=\"application\/ld+json\" class=\"yoast-schema-graph\">{\"@context\":\"https:\\\/\\\/schema.org\",\"@graph\":[{\"@type\":\"WebPage\",\"@id\":\"https:\\\/\\\/websjop.afuk.frl\\\/frl\\\/winkel\\\/sake-untdekt-in-wundereilan\\\/\",\"url\":\"https:\\\/\\\/websjop.afuk.frl\\\/frl\\\/winkel\\\/sake-untdekt-in-wundereilan\\\/\",\"name\":\"Sake \u00fbntdekt in w\u00fbndereil\u00e2n &#8211; Af\u00fbk Websjop\",\"isPartOf\":{\"@id\":\"https:\\\/\\\/websjop.afuk.frl\\\/frl\\\/#website\"},\"primaryImageOfPage\":{\"@id\":\"https:\\\/\\\/websjop.afuk.frl\\\/frl\\\/winkel\\\/sake-untdekt-in-wundereilan\\\/#primaryimage\"},\"image\":{\"@id\":\"https:\\\/\\\/websjop.afuk.frl\\\/frl\\\/winkel\\\/sake-untdekt-in-wundereilan\\\/#primaryimage\"},\"thumbnailUrl\":\"https:\\\/\\\/websjop.afuk.frl\\\/wp-content\\\/uploads\\\/2025\\\/04\\\/Sake-untdekt-in-wundereilan-HR-scaled.jpg\",\"datePublished\":\"2025-04-08T10:30:32+00:00\",\"dateModified\":\"2025-09-01T10:32:45+00:00\",\"description\":\"Sake verveelt zich, maar als hij de vlogcamera van zijn moeder mag lenen, verandert alles. Met vriend RJ gaat hij op avontuur: Sake \u00fbntdekt in w\u00fbndereil\u00e2n.\",\"breadcrumb\":{\"@id\":\"https:\\\/\\\/websjop.afuk.frl\\\/frl\\\/winkel\\\/sake-untdekt-in-wundereilan\\\/#breadcrumb\"},\"inLanguage\":\"fy-NL\",\"potentialAction\":[{\"@type\":\"ReadAction\",\"target\":[\"https:\\\/\\\/websjop.afuk.frl\\\/frl\\\/winkel\\\/sake-untdekt-in-wundereilan\\\/\"]}]},{\"@type\":\"ImageObject\",\"inLanguage\":\"fy-NL\",\"@id\":\"https:\\\/\\\/websjop.afuk.frl\\\/frl\\\/winkel\\\/sake-untdekt-in-wundereilan\\\/#primaryimage\",\"url\":\"https:\\\/\\\/websjop.afuk.frl\\\/wp-content\\\/uploads\\\/2025\\\/04\\\/Sake-untdekt-in-wundereilan-HR-scaled.jpg\",\"contentUrl\":\"https:\\\/\\\/websjop.afuk.frl\\\/wp-content\\\/uploads\\\/2025\\\/04\\\/Sake-untdekt-in-wundereilan-HR-scaled.jpg\",\"width\":1831,\"height\":2560},{\"@type\":\"BreadcrumbList\",\"@id\":\"https:\\\/\\\/websjop.afuk.frl\\\/frl\\\/winkel\\\/sake-untdekt-in-wundereilan\\\/#breadcrumb\",\"itemListElement\":[{\"@type\":\"ListItem\",\"position\":1,\"name\":\"Home\",\"item\":\"https:\\\/\\\/websjop.afuk.frl\\\/frl\\\/\"},{\"@type\":\"ListItem\",\"position\":2,\"name\":\"Winkel\",\"item\":\"https:\\\/\\\/websjop.afuk.frl\\\/nl\\\/winkel\\\/\"},{\"@type\":\"ListItem\",\"position\":3,\"name\":\"Sake \u00fbntdekt in w\u00fbndereil\u00e2n\"}]},{\"@type\":\"WebSite\",\"@id\":\"https:\\\/\\\/websjop.afuk.frl\\\/frl\\\/#website\",\"url\":\"https:\\\/\\\/websjop.afuk.frl\\\/frl\\\/\",\"name\":\"Af\u00fbk Websjop\",\"description\":\"\",\"potentialAction\":[{\"@type\":\"SearchAction\",\"target\":{\"@type\":\"EntryPoint\",\"urlTemplate\":\"https:\\\/\\\/websjop.afuk.frl\\\/frl\\\/?s={search_term_string}\"},\"query-input\":{\"@type\":\"PropertyValueSpecification\",\"valueRequired\":true,\"valueName\":\"search_term_string\"}}],\"inLanguage\":\"fy-NL\"}]}<\/script>\n<!-- \/ Yoast SEO plugin. -->","yoast_head_json":{"title":"Sake \u00fbntdekt in w\u00fbndereil\u00e2n &#8211; Af\u00fbk Websjop","description":"Sake verveelt zich, maar als hij de vlogcamera van zijn moeder mag lenen, verandert alles. Met vriend RJ gaat hij op avontuur: Sake \u00fbntdekt in w\u00fbndereil\u00e2n.","robots":{"index":"index","follow":"follow","max-snippet":"max-snippet:-1","max-image-preview":"max-image-preview:large","max-video-preview":"max-video-preview:-1"},"canonical":"https:\/\/websjop.afuk.frl\/frl\/winkel\/sake-untdekt-in-wundereilan\/","og_locale":"fy_NL","og_type":"article","og_title":"Sake \u00fbntdekt in w\u00fbndereil\u00e2n &#8211; Af\u00fbk Websjop","og_description":"Sake verveelt zich, maar als hij de vlogcamera van zijn moeder mag lenen, verandert alles. Met vriend RJ gaat hij op avontuur: Sake \u00fbntdekt in w\u00fbndereil\u00e2n.","og_url":"https:\/\/websjop.afuk.frl\/frl\/winkel\/sake-untdekt-in-wundereilan\/","og_site_name":"Af\u00fbk Websjop","article_modified_time":"2025-09-01T10:32:45+00:00","og_image":[{"width":1831,"height":2560,"url":"https:\/\/websjop.afuk.frl\/wp-content\/uploads\/2025\/04\/Sake-untdekt-in-wundereilan-HR-scaled.jpg","type":"image\/jpeg"}],"twitter_card":"summary_large_image","twitter_misc":{"Est. reading time":"2 minutes"},"schema":{"@context":"https:\/\/schema.org","@graph":[{"@type":"WebPage","@id":"https:\/\/websjop.afuk.frl\/frl\/winkel\/sake-untdekt-in-wundereilan\/","url":"https:\/\/websjop.afuk.frl\/frl\/winkel\/sake-untdekt-in-wundereilan\/","name":"Sake \u00fbntdekt in w\u00fbndereil\u00e2n &#8211; Af\u00fbk Websjop","isPartOf":{"@id":"https:\/\/websjop.afuk.frl\/frl\/#website"},"primaryImageOfPage":{"@id":"https:\/\/websjop.afuk.frl\/frl\/winkel\/sake-untdekt-in-wundereilan\/#primaryimage"},"image":{"@id":"https:\/\/websjop.afuk.frl\/frl\/winkel\/sake-untdekt-in-wundereilan\/#primaryimage"},"thumbnailUrl":"https:\/\/websjop.afuk.frl\/wp-content\/uploads\/2025\/04\/Sake-untdekt-in-wundereilan-HR-scaled.jpg","datePublished":"2025-04-08T10:30:32+00:00","dateModified":"2025-09-01T10:32:45+00:00","description":"Sake verveelt zich, maar als hij de vlogcamera van zijn moeder mag lenen, verandert alles. Met vriend RJ gaat hij op avontuur: Sake \u00fbntdekt in w\u00fbndereil\u00e2n.","breadcrumb":{"@id":"https:\/\/websjop.afuk.frl\/frl\/winkel\/sake-untdekt-in-wundereilan\/#breadcrumb"},"inLanguage":"fy-NL","potentialAction":[{"@type":"ReadAction","target":["https:\/\/websjop.afuk.frl\/frl\/winkel\/sake-untdekt-in-wundereilan\/"]}]},{"@type":"ImageObject","inLanguage":"fy-NL","@id":"https:\/\/websjop.afuk.frl\/frl\/winkel\/sake-untdekt-in-wundereilan\/#primaryimage","url":"https:\/\/websjop.afuk.frl\/wp-content\/uploads\/2025\/04\/Sake-untdekt-in-wundereilan-HR-scaled.jpg","contentUrl":"https:\/\/websjop.afuk.frl\/wp-content\/uploads\/2025\/04\/Sake-untdekt-in-wundereilan-HR-scaled.jpg","width":1831,"height":2560},{"@type":"BreadcrumbList","@id":"https:\/\/websjop.afuk.frl\/frl\/winkel\/sake-untdekt-in-wundereilan\/#breadcrumb","itemListElement":[{"@type":"ListItem","position":1,"name":"Home","item":"https:\/\/websjop.afuk.frl\/frl\/"},{"@type":"ListItem","position":2,"name":"Winkel","item":"https:\/\/websjop.afuk.frl\/nl\/winkel\/"},{"@type":"ListItem","position":3,"name":"Sake \u00fbntdekt in w\u00fbndereil\u00e2n"}]},{"@type":"WebSite","@id":"https:\/\/websjop.afuk.frl\/frl\/#website","url":"https:\/\/websjop.afuk.frl\/frl\/","name":"Af\u00fbk Websjop","description":"","potentialAction":[{"@type":"SearchAction","target":{"@type":"EntryPoint","urlTemplate":"https:\/\/websjop.afuk.frl\/frl\/?s={search_term_string}"},"query-input":{"@type":"PropertyValueSpecification","valueRequired":true,"valueName":"search_term_string"}}],"inLanguage":"fy-NL"}]}},"_links":{"self":[{"href":"https:\/\/websjop.afuk.frl\/frl\/wp-json\/wp\/v2\/product\/48380","targetHints":{"allow":["GET"]}}],"collection":[{"href":"https:\/\/websjop.afuk.frl\/frl\/wp-json\/wp\/v2\/product"}],"about":[{"href":"https:\/\/websjop.afuk.frl\/frl\/wp-json\/wp\/v2\/types\/product"}],"replies":[{"embeddable":true,"href":"https:\/\/websjop.afuk.frl\/frl\/wp-json\/wp\/v2\/comments?post=48380"}],"wp:featuredmedia":[{"embeddable":true,"href":"https:\/\/websjop.afuk.frl\/frl\/wp-json\/wp\/v2\/media\/48381"}],"wp:attachment":[{"href":"https:\/\/websjop.afuk.frl\/frl\/wp-json\/wp\/v2\/media?parent=48380"}],"wp:term":[{"taxonomy":"product_brand","embeddable":true,"href":"https:\/\/websjop.afuk.frl\/frl\/wp-json\/wp\/v2\/product_brand?post=48380"},{"taxonomy":"product_cat","embeddable":true,"href":"https:\/\/websjop.afuk.frl\/frl\/wp-json\/wp\/v2\/product_cat?post=48380"},{"taxonomy":"product_tag","embeddable":true,"href":"https:\/\/websjop.afuk.frl\/frl\/wp-json\/wp\/v2\/product_tag?post=48380"}],"curies":[{"name":"wp","href":"https:\/\/api.w.org\/{rel}","templated":true}]}}