{"id":45426,"date":"2024-11-01T09:46:57","date_gmt":"2024-11-01T08:46:57","guid":{"rendered":"https:\/\/websjop.afuk.frl\/nl\/?post_type=product&#038;p=45426"},"modified":"2025-01-01T12:07:58","modified_gmt":"2025-01-01T11:07:58","slug":"der-is-neat-om-gled-te-striken-biografy-fan-trinus-riemersma","status":"publish","type":"product","link":"https:\/\/websjop.afuk.frl\/frl\/winkel\/der-is-neat-om-gled-te-striken-biografy-fan-trinus-riemersma\/","title":{"rendered":"Der is neat om gl\u00ead te striken &#8211; Biografy fan Trinus Riemersma"},"content":{"rendered":"<p>Trinus Riemersma (1938-2011) kwam in 1964 met zijn debuut <em>Fabryk<\/em> meteen vooraan te staan in het Friese literaire milieu en dat is altijd zo gebleven. Hij kreeg vooral naam om zijn vermogen tot polemiek en de noodzaak om steeds nieuwe literaire experimenten aan te gaan. Zijn Fries taalgebruik was uitzonderlijk lenig. Hij volgde altijd zijn eigen pad en ging geregeld in tegen gangbare meningen. Hij was overtuigd van zijn eigen literaire capaciteiten, maar wilde van niemand afhankelijk zijn. Soms was hij dwars en opstandig, maar hij kon ook sentimenteel zijn.<\/p>\n<p>In deze biografie komen naast zijn literaire carri\u00e8re ook zijn levensverhaal en de verbindingen tussen beide aan de orde. Elke kant van zijn karakter krijgt aandacht. De titel <em>Der is neat om gl\u00ead te striken, <\/em>is gekozen omdat Trinus altijd eerlijk was, tegenover zichzelf en ook tegen anderen. Hij had geen zin om zaken te verdoezelen. Dat credo gold ook voor de biograaf.<\/p>\n<p>Doeke Sijens (1955) was bibliothecaris in Groningen en heeft een serie boeken op zijn naam staan, o.a. een biografie van Reinder Brolsma, welke bekroond werd met de Fedde Schurerprijs. Sijens is een neef van Trinus Riemersma.<\/p>\n<p>&nbsp;<\/p>\n","protected":false},"excerpt":{"rendered":"<p>Trinus Riemersma (1938-2011) kwam in 1964 met zijn debuut Fabryk meteen vooraan te staan in het Friese literaire milieu en dat is altijd zo gebleven. Hij kreeg vooral naam om zijn vermogen tot polemiek en de noodzaak om steeds nieuwe literaire experimenten aan te gaan. Zijn Fries taalgebruik was uitzonderlijk lenig. Hij volgde altijd zijn [&hellip;]<\/p>\n","protected":false},"featured_media":45431,"comment_status":"closed","ping_status":"closed","template":"","meta":{"_acf_changed":false},"product_brand":[],"product_cat":[1037,535,1215],"product_tag":[5269,5237,23191,21383,5439,17408],"class_list":{"0":"post-45426","1":"product","2":"type-product","3":"status-publish","4":"has-post-thumbnail","6":"product_cat-biografy","7":"product_cat-fryske-boeken","8":"product_cat-romans-en-literatuer","9":"product_tag-biografie","10":"product_tag-biografy","11":"product_tag-der-is-neat-om-gled-te-striken","12":"product_tag-doeke-sijens","13":"product_tag-libbensferhaal","14":"product_tag-trinus-riemersma","15":"product_shipping_class-pakketpost-verzending","16":"pa_auteur-doeke-sijens-2","17":"pa_isbn-23199","18":"pa_new-label-1-3","19":"pa_taal-frysk","20":"pa_uitgever-uitgeverij-wijdemeer","22":"first","23":"instock","24":"taxable","25":"shipping-taxable","26":"purchasable","27":"product-type-simple"},"acf":[],"yoast_head":"<!-- This site is optimized with the Yoast SEO plugin v27.3 - https:\/\/yoast.com\/product\/yoast-seo-wordpress\/ -->\n<title>Der is neat om gl\u00ead te striken - Biografy fan Trinus Riemersma &#8211; Af\u00fbk Websjop<\/title>\n<meta name=\"description\" content=\"Der is neat om gl\u00ead te striken is de biografie van schrijver Trinus Riemersma waarin naast zijn literaire carri\u00e8re ook zijn levensverhaal aan de orde komt.\" \/>\n<meta name=\"robots\" content=\"index, follow, max-snippet:-1, max-image-preview:large, max-video-preview:-1\" \/>\n<link rel=\"canonical\" href=\"https:\/\/websjop.afuk.frl\/frl\/winkel\/der-is-neat-om-gled-te-striken-biografy-fan-trinus-riemersma\/\" \/>\n<meta property=\"og:locale\" content=\"fy_NL\" \/>\n<meta property=\"og:type\" content=\"article\" \/>\n<meta property=\"og:title\" content=\"Der is neat om gl\u00ead te striken - Biografy fan Trinus Riemersma &#8211; Af\u00fbk Websjop\" \/>\n<meta property=\"og:description\" content=\"Der is neat om gl\u00ead te striken is de biografie van schrijver Trinus Riemersma waarin naast zijn literaire carri\u00e8re ook zijn levensverhaal aan de orde komt.\" \/>\n<meta property=\"og:url\" content=\"https:\/\/websjop.afuk.frl\/frl\/winkel\/der-is-neat-om-gled-te-striken-biografy-fan-trinus-riemersma\/\" \/>\n<meta property=\"og:site_name\" content=\"Af\u00fbk Websjop\" \/>\n<meta property=\"article:modified_time\" content=\"2025-01-01T11:07:58+00:00\" \/>\n<meta property=\"og:image\" content=\"https:\/\/websjop.afuk.frl\/wp-content\/uploads\/2024\/11\/De-is-neat-om-gled-te-striken.jpg\" \/>\n\t<meta property=\"og:image:width\" content=\"600\" \/>\n\t<meta property=\"og:image:height\" content=\"879\" \/>\n\t<meta property=\"og:image:type\" content=\"image\/jpeg\" \/>\n<meta name=\"twitter:card\" content=\"summary_large_image\" \/>\n<meta name=\"twitter:label1\" content=\"Est. reading time\" \/>\n\t<meta name=\"twitter:data1\" content=\"1 minute\" \/>\n<script type=\"application\/ld+json\" class=\"yoast-schema-graph\">{\"@context\":\"https:\\\/\\\/schema.org\",\"@graph\":[{\"@type\":\"WebPage\",\"@id\":\"https:\\\/\\\/websjop.afuk.frl\\\/frl\\\/winkel\\\/der-is-neat-om-gled-te-striken-biografy-fan-trinus-riemersma\\\/\",\"url\":\"https:\\\/\\\/websjop.afuk.frl\\\/frl\\\/winkel\\\/der-is-neat-om-gled-te-striken-biografy-fan-trinus-riemersma\\\/\",\"name\":\"Der is neat om gl\u00ead te striken - Biografy fan Trinus Riemersma &#8211; Af\u00fbk Websjop\",\"isPartOf\":{\"@id\":\"https:\\\/\\\/websjop.afuk.frl\\\/frl\\\/#website\"},\"primaryImageOfPage\":{\"@id\":\"https:\\\/\\\/websjop.afuk.frl\\\/frl\\\/winkel\\\/der-is-neat-om-gled-te-striken-biografy-fan-trinus-riemersma\\\/#primaryimage\"},\"image\":{\"@id\":\"https:\\\/\\\/websjop.afuk.frl\\\/frl\\\/winkel\\\/der-is-neat-om-gled-te-striken-biografy-fan-trinus-riemersma\\\/#primaryimage\"},\"thumbnailUrl\":\"https:\\\/\\\/websjop.afuk.frl\\\/wp-content\\\/uploads\\\/2024\\\/11\\\/De-is-neat-om-gled-te-striken.jpg\",\"datePublished\":\"2024-11-01T08:46:57+00:00\",\"dateModified\":\"2025-01-01T11:07:58+00:00\",\"description\":\"Der is neat om gl\u00ead te striken is de biografie van schrijver Trinus Riemersma waarin naast zijn literaire carri\u00e8re ook zijn levensverhaal aan de orde komt.\",\"breadcrumb\":{\"@id\":\"https:\\\/\\\/websjop.afuk.frl\\\/frl\\\/winkel\\\/der-is-neat-om-gled-te-striken-biografy-fan-trinus-riemersma\\\/#breadcrumb\"},\"inLanguage\":\"fy-NL\",\"potentialAction\":[{\"@type\":\"ReadAction\",\"target\":[\"https:\\\/\\\/websjop.afuk.frl\\\/frl\\\/winkel\\\/der-is-neat-om-gled-te-striken-biografy-fan-trinus-riemersma\\\/\"]}]},{\"@type\":\"ImageObject\",\"inLanguage\":\"fy-NL\",\"@id\":\"https:\\\/\\\/websjop.afuk.frl\\\/frl\\\/winkel\\\/der-is-neat-om-gled-te-striken-biografy-fan-trinus-riemersma\\\/#primaryimage\",\"url\":\"https:\\\/\\\/websjop.afuk.frl\\\/wp-content\\\/uploads\\\/2024\\\/11\\\/De-is-neat-om-gled-te-striken.jpg\",\"contentUrl\":\"https:\\\/\\\/websjop.afuk.frl\\\/wp-content\\\/uploads\\\/2024\\\/11\\\/De-is-neat-om-gled-te-striken.jpg\",\"width\":600,\"height\":879},{\"@type\":\"BreadcrumbList\",\"@id\":\"https:\\\/\\\/websjop.afuk.frl\\\/frl\\\/winkel\\\/der-is-neat-om-gled-te-striken-biografy-fan-trinus-riemersma\\\/#breadcrumb\",\"itemListElement\":[{\"@type\":\"ListItem\",\"position\":1,\"name\":\"Home\",\"item\":\"https:\\\/\\\/websjop.afuk.frl\\\/frl\\\/\"},{\"@type\":\"ListItem\",\"position\":2,\"name\":\"Winkel\",\"item\":\"https:\\\/\\\/websjop.afuk.frl\\\/nl\\\/winkel\\\/\"},{\"@type\":\"ListItem\",\"position\":3,\"name\":\"Der is neat om gl\u00ead te striken &#8211; Biografy fan Trinus Riemersma\"}]},{\"@type\":\"WebSite\",\"@id\":\"https:\\\/\\\/websjop.afuk.frl\\\/frl\\\/#website\",\"url\":\"https:\\\/\\\/websjop.afuk.frl\\\/frl\\\/\",\"name\":\"Af\u00fbk Websjop\",\"description\":\"\",\"potentialAction\":[{\"@type\":\"SearchAction\",\"target\":{\"@type\":\"EntryPoint\",\"urlTemplate\":\"https:\\\/\\\/websjop.afuk.frl\\\/frl\\\/?s={search_term_string}\"},\"query-input\":{\"@type\":\"PropertyValueSpecification\",\"valueRequired\":true,\"valueName\":\"search_term_string\"}}],\"inLanguage\":\"fy-NL\"}]}<\/script>\n<!-- \/ Yoast SEO plugin. -->","yoast_head_json":{"title":"Der is neat om gl\u00ead te striken - Biografy fan Trinus Riemersma &#8211; Af\u00fbk Websjop","description":"Der is neat om gl\u00ead te striken is de biografie van schrijver Trinus Riemersma waarin naast zijn literaire carri\u00e8re ook zijn levensverhaal aan de orde komt.","robots":{"index":"index","follow":"follow","max-snippet":"max-snippet:-1","max-image-preview":"max-image-preview:large","max-video-preview":"max-video-preview:-1"},"canonical":"https:\/\/websjop.afuk.frl\/frl\/winkel\/der-is-neat-om-gled-te-striken-biografy-fan-trinus-riemersma\/","og_locale":"fy_NL","og_type":"article","og_title":"Der is neat om gl\u00ead te striken - Biografy fan Trinus Riemersma &#8211; Af\u00fbk Websjop","og_description":"Der is neat om gl\u00ead te striken is de biografie van schrijver Trinus Riemersma waarin naast zijn literaire carri\u00e8re ook zijn levensverhaal aan de orde komt.","og_url":"https:\/\/websjop.afuk.frl\/frl\/winkel\/der-is-neat-om-gled-te-striken-biografy-fan-trinus-riemersma\/","og_site_name":"Af\u00fbk Websjop","article_modified_time":"2025-01-01T11:07:58+00:00","og_image":[{"width":600,"height":879,"url":"https:\/\/websjop.afuk.frl\/wp-content\/uploads\/2024\/11\/De-is-neat-om-gled-te-striken.jpg","type":"image\/jpeg"}],"twitter_card":"summary_large_image","twitter_misc":{"Est. reading time":"1 minute"},"schema":{"@context":"https:\/\/schema.org","@graph":[{"@type":"WebPage","@id":"https:\/\/websjop.afuk.frl\/frl\/winkel\/der-is-neat-om-gled-te-striken-biografy-fan-trinus-riemersma\/","url":"https:\/\/websjop.afuk.frl\/frl\/winkel\/der-is-neat-om-gled-te-striken-biografy-fan-trinus-riemersma\/","name":"Der is neat om gl\u00ead te striken - Biografy fan Trinus Riemersma &#8211; Af\u00fbk Websjop","isPartOf":{"@id":"https:\/\/websjop.afuk.frl\/frl\/#website"},"primaryImageOfPage":{"@id":"https:\/\/websjop.afuk.frl\/frl\/winkel\/der-is-neat-om-gled-te-striken-biografy-fan-trinus-riemersma\/#primaryimage"},"image":{"@id":"https:\/\/websjop.afuk.frl\/frl\/winkel\/der-is-neat-om-gled-te-striken-biografy-fan-trinus-riemersma\/#primaryimage"},"thumbnailUrl":"https:\/\/websjop.afuk.frl\/wp-content\/uploads\/2024\/11\/De-is-neat-om-gled-te-striken.jpg","datePublished":"2024-11-01T08:46:57+00:00","dateModified":"2025-01-01T11:07:58+00:00","description":"Der is neat om gl\u00ead te striken is de biografie van schrijver Trinus Riemersma waarin naast zijn literaire carri\u00e8re ook zijn levensverhaal aan de orde komt.","breadcrumb":{"@id":"https:\/\/websjop.afuk.frl\/frl\/winkel\/der-is-neat-om-gled-te-striken-biografy-fan-trinus-riemersma\/#breadcrumb"},"inLanguage":"fy-NL","potentialAction":[{"@type":"ReadAction","target":["https:\/\/websjop.afuk.frl\/frl\/winkel\/der-is-neat-om-gled-te-striken-biografy-fan-trinus-riemersma\/"]}]},{"@type":"ImageObject","inLanguage":"fy-NL","@id":"https:\/\/websjop.afuk.frl\/frl\/winkel\/der-is-neat-om-gled-te-striken-biografy-fan-trinus-riemersma\/#primaryimage","url":"https:\/\/websjop.afuk.frl\/wp-content\/uploads\/2024\/11\/De-is-neat-om-gled-te-striken.jpg","contentUrl":"https:\/\/websjop.afuk.frl\/wp-content\/uploads\/2024\/11\/De-is-neat-om-gled-te-striken.jpg","width":600,"height":879},{"@type":"BreadcrumbList","@id":"https:\/\/websjop.afuk.frl\/frl\/winkel\/der-is-neat-om-gled-te-striken-biografy-fan-trinus-riemersma\/#breadcrumb","itemListElement":[{"@type":"ListItem","position":1,"name":"Home","item":"https:\/\/websjop.afuk.frl\/frl\/"},{"@type":"ListItem","position":2,"name":"Winkel","item":"https:\/\/websjop.afuk.frl\/nl\/winkel\/"},{"@type":"ListItem","position":3,"name":"Der is neat om gl\u00ead te striken &#8211; Biografy fan Trinus Riemersma"}]},{"@type":"WebSite","@id":"https:\/\/websjop.afuk.frl\/frl\/#website","url":"https:\/\/websjop.afuk.frl\/frl\/","name":"Af\u00fbk Websjop","description":"","potentialAction":[{"@type":"SearchAction","target":{"@type":"EntryPoint","urlTemplate":"https:\/\/websjop.afuk.frl\/frl\/?s={search_term_string}"},"query-input":{"@type":"PropertyValueSpecification","valueRequired":true,"valueName":"search_term_string"}}],"inLanguage":"fy-NL"}]}},"_links":{"self":[{"href":"https:\/\/websjop.afuk.frl\/frl\/wp-json\/wp\/v2\/product\/45426","targetHints":{"allow":["GET"]}}],"collection":[{"href":"https:\/\/websjop.afuk.frl\/frl\/wp-json\/wp\/v2\/product"}],"about":[{"href":"https:\/\/websjop.afuk.frl\/frl\/wp-json\/wp\/v2\/types\/product"}],"replies":[{"embeddable":true,"href":"https:\/\/websjop.afuk.frl\/frl\/wp-json\/wp\/v2\/comments?post=45426"}],"wp:featuredmedia":[{"embeddable":true,"href":"https:\/\/websjop.afuk.frl\/frl\/wp-json\/wp\/v2\/media\/45431"}],"wp:attachment":[{"href":"https:\/\/websjop.afuk.frl\/frl\/wp-json\/wp\/v2\/media?parent=45426"}],"wp:term":[{"taxonomy":"product_brand","embeddable":true,"href":"https:\/\/websjop.afuk.frl\/frl\/wp-json\/wp\/v2\/product_brand?post=45426"},{"taxonomy":"product_cat","embeddable":true,"href":"https:\/\/websjop.afuk.frl\/frl\/wp-json\/wp\/v2\/product_cat?post=45426"},{"taxonomy":"product_tag","embeddable":true,"href":"https:\/\/websjop.afuk.frl\/frl\/wp-json\/wp\/v2\/product_tag?post=45426"}],"curies":[{"name":"wp","href":"https:\/\/api.w.org\/{rel}","templated":true}]}}