{"id":45045,"date":"2024-10-10T13:00:19","date_gmt":"2024-10-10T12:00:19","guid":{"rendered":"https:\/\/websjop.afuk.frl\/nl\/?post_type=product&#038;p=45045"},"modified":"2024-12-01T09:00:37","modified_gmt":"2024-12-01T08:00:37","slug":"smel-is-it-stran-fan-t-hert","status":"publish","type":"product","link":"https:\/\/websjop.afuk.frl\/frl\/winkel\/smel-is-it-stran-fan-t-hert\/","title":{"rendered":"Smel is it Str\u00e2n fan &#8216;t Hert"},"content":{"rendered":"<p>Honderdvijftig gedichten van Emily Dickinson vertaald in het Fries door Klaas van der Hoek.<\/p>\n<p>Emily Elizabeth Dickinson (1830-1886) woonde haar leven lang in Amherst, Massachuchetts, en trok haar steeds meer in zichzelf terug. &#8216;s Nachts schreef zij bijna 1800 gedichten bij elkaar, die op tien na bij haar leven nooit in druk verschenen.<\/p>\n<p>Tijdgenoten vonden haar gedichten te ongeslepen; zij zelf vond publiceren een uitverkoop van de geest. Tegenwoordig behoort haar oeuvre tot de hoogtepunten uit de wereldliteratuur.<\/p>\n","protected":false},"excerpt":{"rendered":"<p>Honderdvijftig gedichten van Emily Dickinson vertaald in het Fries door Klaas van der Hoek. Emily Elizabeth Dickinson (1830-1886) woonde haar leven lang in Amherst, Massachuchetts, en trok haar steeds meer in zichzelf terug. &#8216;s Nachts schreef zij bijna 1800 gedichten bij elkaar, die op tien na bij haar leven nooit in druk verschenen. Tijdgenoten vonden [&hellip;]<\/p>\n","protected":false},"featured_media":45046,"comment_status":"closed","ping_status":"closed","template":"","meta":{"_acf_changed":false},"product_brand":[],"product_cat":[538,535,1215],"product_tag":[23102,5191,23103,19040,20052,17036,23101],"class_list":{"0":"post-45045","1":"product","2":"type-product","3":"status-publish","4":"has-post-thumbnail","6":"product_cat-dichtbondels","7":"product_cat-fryske-boeken","8":"product_cat-romans-en-literatuer","9":"product_tag-emily-dickinson","10":"product_tag-gedichten","11":"product_tag-klaas-van-der-hoek","12":"product_tag-klassyk","13":"product_tag-oerset","14":"product_tag-poezie","15":"product_tag-smel-is-it-stran-fan-t-hert","16":"product_shipping_class-brievenbus-verzending","17":"pa_auteur-emily-dickinson","18":"pa_new-label-1-3","19":"pa_taal-frysk-ingelsk","20":"pa_uitgever-utjouwerij-konsenylje","21":"pa_vertaler-klaas-van-der-hoek","23":"first","24":"instock","25":"taxable","26":"shipping-taxable","27":"purchasable","28":"product-type-simple"},"acf":[],"yoast_head":"<!-- This site is optimized with the Yoast SEO plugin v27.2 - https:\/\/yoast.com\/product\/yoast-seo-wordpress\/ -->\n<title>Smel is it Str\u00e2n fan &#039;t Hert &#8211; Af\u00fbk Websjop<\/title>\n<meta name=\"description\" content=\"Smel is it Str\u00e2n fan &#039;t Hert bevat honderdvijftig gedichten van Emily Dickinson vertaald in het Fries door Klaas van der Hoek.\" \/>\n<meta name=\"robots\" content=\"index, follow, max-snippet:-1, max-image-preview:large, max-video-preview:-1\" \/>\n<link rel=\"canonical\" href=\"https:\/\/websjop.afuk.frl\/frl\/winkel\/smel-is-it-stran-fan-t-hert\/\" \/>\n<meta property=\"og:locale\" content=\"fy_NL\" \/>\n<meta property=\"og:type\" content=\"article\" \/>\n<meta property=\"og:title\" content=\"Smel is it Str\u00e2n fan &#039;t Hert &#8211; Af\u00fbk Websjop\" \/>\n<meta property=\"og:description\" content=\"Smel is it Str\u00e2n fan &#039;t Hert bevat honderdvijftig gedichten van Emily Dickinson vertaald in het Fries door Klaas van der Hoek.\" \/>\n<meta property=\"og:url\" content=\"https:\/\/websjop.afuk.frl\/frl\/winkel\/smel-is-it-stran-fan-t-hert\/\" \/>\n<meta property=\"og:site_name\" content=\"Af\u00fbk Websjop\" \/>\n<meta property=\"article:modified_time\" content=\"2024-12-01T08:00:37+00:00\" \/>\n<meta property=\"og:image\" content=\"https:\/\/websjop.afuk.frl\/wp-content\/uploads\/2024\/10\/Smel-is-it-stran.jpg\" \/>\n\t<meta property=\"og:image:width\" content=\"595\" \/>\n\t<meta property=\"og:image:height\" content=\"1024\" \/>\n\t<meta property=\"og:image:type\" content=\"image\/jpeg\" \/>\n<meta name=\"twitter:card\" content=\"summary_large_image\" \/>\n<script type=\"application\/ld+json\" class=\"yoast-schema-graph\">{\"@context\":\"https:\/\/schema.org\",\"@graph\":[{\"@type\":\"WebPage\",\"@id\":\"https:\/\/websjop.afuk.frl\/frl\/winkel\/smel-is-it-stran-fan-t-hert\/\",\"url\":\"https:\/\/websjop.afuk.frl\/frl\/winkel\/smel-is-it-stran-fan-t-hert\/\",\"name\":\"Smel is it Str\u00e2n fan 't Hert &#8211; Af\u00fbk Websjop\",\"isPartOf\":{\"@id\":\"https:\/\/websjop.afuk.frl\/frl\/#website\"},\"primaryImageOfPage\":{\"@id\":\"https:\/\/websjop.afuk.frl\/frl\/winkel\/smel-is-it-stran-fan-t-hert\/#primaryimage\"},\"image\":{\"@id\":\"https:\/\/websjop.afuk.frl\/frl\/winkel\/smel-is-it-stran-fan-t-hert\/#primaryimage\"},\"thumbnailUrl\":\"https:\/\/websjop.afuk.frl\/wp-content\/uploads\/2024\/10\/Smel-is-it-stran.jpg\",\"datePublished\":\"2024-10-10T12:00:19+00:00\",\"dateModified\":\"2024-12-01T08:00:37+00:00\",\"description\":\"Smel is it Str\u00e2n fan 't Hert bevat honderdvijftig gedichten van Emily Dickinson vertaald in het Fries door Klaas van der Hoek.\",\"breadcrumb\":{\"@id\":\"https:\/\/websjop.afuk.frl\/frl\/winkel\/smel-is-it-stran-fan-t-hert\/#breadcrumb\"},\"inLanguage\":\"fy-NL\",\"potentialAction\":[{\"@type\":\"ReadAction\",\"target\":[\"https:\/\/websjop.afuk.frl\/frl\/winkel\/smel-is-it-stran-fan-t-hert\/\"]}]},{\"@type\":\"ImageObject\",\"inLanguage\":\"fy-NL\",\"@id\":\"https:\/\/websjop.afuk.frl\/frl\/winkel\/smel-is-it-stran-fan-t-hert\/#primaryimage\",\"url\":\"https:\/\/websjop.afuk.frl\/wp-content\/uploads\/2024\/10\/Smel-is-it-stran.jpg\",\"contentUrl\":\"https:\/\/websjop.afuk.frl\/wp-content\/uploads\/2024\/10\/Smel-is-it-stran.jpg\",\"width\":595,\"height\":1024},{\"@type\":\"BreadcrumbList\",\"@id\":\"https:\/\/websjop.afuk.frl\/frl\/winkel\/smel-is-it-stran-fan-t-hert\/#breadcrumb\",\"itemListElement\":[{\"@type\":\"ListItem\",\"position\":1,\"name\":\"Home\",\"item\":\"https:\/\/websjop.afuk.frl\/frl\/\"},{\"@type\":\"ListItem\",\"position\":2,\"name\":\"Winkel\",\"item\":\"https:\/\/websjop.afuk.frl\/nl\/winkel\/\"},{\"@type\":\"ListItem\",\"position\":3,\"name\":\"Smel is it Str\u00e2n fan &#8216;t Hert\"}]},{\"@type\":\"WebSite\",\"@id\":\"https:\/\/websjop.afuk.frl\/frl\/#website\",\"url\":\"https:\/\/websjop.afuk.frl\/frl\/\",\"name\":\"Af\u00fbk Websjop\",\"description\":\"\",\"potentialAction\":[{\"@type\":\"SearchAction\",\"target\":{\"@type\":\"EntryPoint\",\"urlTemplate\":\"https:\/\/websjop.afuk.frl\/frl\/?s={search_term_string}\"},\"query-input\":{\"@type\":\"PropertyValueSpecification\",\"valueRequired\":true,\"valueName\":\"search_term_string\"}}],\"inLanguage\":\"fy-NL\"}]}<\/script>\n<!-- \/ Yoast SEO plugin. -->","yoast_head_json":{"title":"Smel is it Str\u00e2n fan 't Hert &#8211; Af\u00fbk Websjop","description":"Smel is it Str\u00e2n fan 't Hert bevat honderdvijftig gedichten van Emily Dickinson vertaald in het Fries door Klaas van der Hoek.","robots":{"index":"index","follow":"follow","max-snippet":"max-snippet:-1","max-image-preview":"max-image-preview:large","max-video-preview":"max-video-preview:-1"},"canonical":"https:\/\/websjop.afuk.frl\/frl\/winkel\/smel-is-it-stran-fan-t-hert\/","og_locale":"fy_NL","og_type":"article","og_title":"Smel is it Str\u00e2n fan 't Hert &#8211; Af\u00fbk Websjop","og_description":"Smel is it Str\u00e2n fan 't Hert bevat honderdvijftig gedichten van Emily Dickinson vertaald in het Fries door Klaas van der Hoek.","og_url":"https:\/\/websjop.afuk.frl\/frl\/winkel\/smel-is-it-stran-fan-t-hert\/","og_site_name":"Af\u00fbk Websjop","article_modified_time":"2024-12-01T08:00:37+00:00","og_image":[{"width":595,"height":1024,"url":"https:\/\/websjop.afuk.frl\/wp-content\/uploads\/2024\/10\/Smel-is-it-stran.jpg","type":"image\/jpeg"}],"twitter_card":"summary_large_image","schema":{"@context":"https:\/\/schema.org","@graph":[{"@type":"WebPage","@id":"https:\/\/websjop.afuk.frl\/frl\/winkel\/smel-is-it-stran-fan-t-hert\/","url":"https:\/\/websjop.afuk.frl\/frl\/winkel\/smel-is-it-stran-fan-t-hert\/","name":"Smel is it Str\u00e2n fan 't Hert &#8211; Af\u00fbk Websjop","isPartOf":{"@id":"https:\/\/websjop.afuk.frl\/frl\/#website"},"primaryImageOfPage":{"@id":"https:\/\/websjop.afuk.frl\/frl\/winkel\/smel-is-it-stran-fan-t-hert\/#primaryimage"},"image":{"@id":"https:\/\/websjop.afuk.frl\/frl\/winkel\/smel-is-it-stran-fan-t-hert\/#primaryimage"},"thumbnailUrl":"https:\/\/websjop.afuk.frl\/wp-content\/uploads\/2024\/10\/Smel-is-it-stran.jpg","datePublished":"2024-10-10T12:00:19+00:00","dateModified":"2024-12-01T08:00:37+00:00","description":"Smel is it Str\u00e2n fan 't Hert bevat honderdvijftig gedichten van Emily Dickinson vertaald in het Fries door Klaas van der Hoek.","breadcrumb":{"@id":"https:\/\/websjop.afuk.frl\/frl\/winkel\/smel-is-it-stran-fan-t-hert\/#breadcrumb"},"inLanguage":"fy-NL","potentialAction":[{"@type":"ReadAction","target":["https:\/\/websjop.afuk.frl\/frl\/winkel\/smel-is-it-stran-fan-t-hert\/"]}]},{"@type":"ImageObject","inLanguage":"fy-NL","@id":"https:\/\/websjop.afuk.frl\/frl\/winkel\/smel-is-it-stran-fan-t-hert\/#primaryimage","url":"https:\/\/websjop.afuk.frl\/wp-content\/uploads\/2024\/10\/Smel-is-it-stran.jpg","contentUrl":"https:\/\/websjop.afuk.frl\/wp-content\/uploads\/2024\/10\/Smel-is-it-stran.jpg","width":595,"height":1024},{"@type":"BreadcrumbList","@id":"https:\/\/websjop.afuk.frl\/frl\/winkel\/smel-is-it-stran-fan-t-hert\/#breadcrumb","itemListElement":[{"@type":"ListItem","position":1,"name":"Home","item":"https:\/\/websjop.afuk.frl\/frl\/"},{"@type":"ListItem","position":2,"name":"Winkel","item":"https:\/\/websjop.afuk.frl\/nl\/winkel\/"},{"@type":"ListItem","position":3,"name":"Smel is it Str\u00e2n fan &#8216;t Hert"}]},{"@type":"WebSite","@id":"https:\/\/websjop.afuk.frl\/frl\/#website","url":"https:\/\/websjop.afuk.frl\/frl\/","name":"Af\u00fbk Websjop","description":"","potentialAction":[{"@type":"SearchAction","target":{"@type":"EntryPoint","urlTemplate":"https:\/\/websjop.afuk.frl\/frl\/?s={search_term_string}"},"query-input":{"@type":"PropertyValueSpecification","valueRequired":true,"valueName":"search_term_string"}}],"inLanguage":"fy-NL"}]}},"_links":{"self":[{"href":"https:\/\/websjop.afuk.frl\/frl\/wp-json\/wp\/v2\/product\/45045","targetHints":{"allow":["GET"]}}],"collection":[{"href":"https:\/\/websjop.afuk.frl\/frl\/wp-json\/wp\/v2\/product"}],"about":[{"href":"https:\/\/websjop.afuk.frl\/frl\/wp-json\/wp\/v2\/types\/product"}],"replies":[{"embeddable":true,"href":"https:\/\/websjop.afuk.frl\/frl\/wp-json\/wp\/v2\/comments?post=45045"}],"wp:featuredmedia":[{"embeddable":true,"href":"https:\/\/websjop.afuk.frl\/frl\/wp-json\/wp\/v2\/media\/45046"}],"wp:attachment":[{"href":"https:\/\/websjop.afuk.frl\/frl\/wp-json\/wp\/v2\/media?parent=45045"}],"wp:term":[{"taxonomy":"product_brand","embeddable":true,"href":"https:\/\/websjop.afuk.frl\/frl\/wp-json\/wp\/v2\/product_brand?post=45045"},{"taxonomy":"product_cat","embeddable":true,"href":"https:\/\/websjop.afuk.frl\/frl\/wp-json\/wp\/v2\/product_cat?post=45045"},{"taxonomy":"product_tag","embeddable":true,"href":"https:\/\/websjop.afuk.frl\/frl\/wp-json\/wp\/v2\/product_tag?post=45045"}],"curies":[{"name":"wp","href":"https:\/\/api.w.org\/{rel}","templated":true}]}}