{"id":44806,"date":"2024-09-24T09:14:55","date_gmt":"2024-09-24T08:14:55","guid":{"rendered":"https:\/\/websjop.afuk.frl\/nl\/?post_type=product&#038;p=44806"},"modified":"2026-02-25T16:13:13","modified_gmt":"2026-02-25T15:13:13","slug":"libbe","status":"publish","type":"product","link":"https:\/\/websjop.afuk.frl\/frl\/winkel\/libbe\/","title":{"rendered":"Libbe"},"content":{"rendered":"<p>Gryte bewondert de fysieke en mentale gezondheid van haar vader, de opgewekte en gedisciplineerde negentig-plusser Libbe Jongstra: hij sport, heeft een breed sociaal netwerk, is actief bezig met zingeving en heeft de touwtjes zelf in handen. De geuzennaam Kracht, die hij als schooljongen van zijn vrienden kreeg, was vast een voorteken.<\/p>\n<p>Het moet wennen dat ze niet meer in hetzelfde dorp wonen, vooral als op een winterdag de telefoon gaat en de buurvrouw van Libbe meldt dat hij de voordeur niet open doet&#8230;<\/p>\n<p>Een verhaal over manieren van oud-worden, over vergankelijkheid en loslaten, en over de bijzondere band tussen een vader en een dochter.<\/p>\n<p><a href=\"https:\/\/websjop.afuk.frl\/wp-content\/uploads\/2024\/09\/Sportoefeningen-Libbe-FR.pdf\" target=\"_blank\" rel=\"noopener\">Download hjir fergees de sportoefeningen fan Libbe!<\/a><\/p>\n<hr \/>\n<p><em>Marie: &#8220;In wichtich tema yn it boek is it \u00e2ld wurden en hoe\u2019t Libbe dat oanpakt. Hy hat bygelyks in hiel skema foar de oefeningen dy\u2019t er alle dagen docht om yn kondysje te bliuwen! Ek komt it posityf w\u00eazen en bliuwen nei foaren. Libbe hat in Bibel en twa boeken fan Toon Hermans d\u00ear\u2019t er elke dei \u00fat l\u00east en dy\u2019t him helpe om \u2018de ellinde \u00fat it nijs en de kranten te fertarren\u2019. Moai om te l\u00eazen hoe\u2019t soks ien helpe kin en ik tink dat dat in ynspiraasje w\u00eaze kin foar in protte \u00e2lderen. Ik f\u00fbn it boek moai om te l\u00eazen en f\u00fbn it tige jammer dat ik it \u00fat hie. It l\u00east hiel noflik en ik koe my goed ynlibje yn it ferhaal en de persoanen.&#8221;<a href=\"https:\/\/heitenmem.frl\/resinsje-libbe-troch-marie\/\" target=\"_blank\" rel=\"noopener\"> L\u00eas hjir de folsleine resinsje fan Marie<\/a>.<\/em><\/p>\n<p>De resinsje fan Jelle van der Meulen is hjir te l\u00eazen: <a href=\"https:\/\/www.frieseliteratuur.nl\/marga-claus\/\">https:\/\/www.frieseliteratuur.nl\/marga-claus\/<\/a><\/p>\n","protected":false},"excerpt":{"rendered":"<p>Gryte bewondert de fysieke en mentale gezondheid van haar vader, de opgewekte en gedisciplineerde negentig-plusser Libbe Jongstra: hij sport, heeft een breed sociaal netwerk, is actief bezig met zingeving en heeft de touwtjes zelf in handen. De geuzennaam Kracht, die hij als schooljongen van zijn vrienden kreeg, was vast een voorteken. Het moet wennen dat [&hellip;]<\/p>\n","protected":false},"featured_media":44807,"comment_status":"closed","ping_status":"closed","template":"","meta":{"_acf_changed":false},"product_brand":[],"product_cat":[535,537,1215],"product_tag":[23037,23038,23034,8021,23039,5641,23040],"class_list":{"0":"post-44806","1":"product","2":"type-product","3":"status-publish","4":"has-post-thumbnail","6":"product_cat-fryske-boeken","7":"product_cat-romans","8":"product_cat-romans-en-literatuer","9":"product_tag-alder-wurde","10":"product_tag-heit-en-dochter","11":"product_tag-libbe","12":"product_tag-marga-claus","13":"product_tag-ouder-worden","14":"product_tag-roman","15":"product_tag-vader-en-dochter","16":"product_shipping_class-brievenbus-verzending","17":"pa_auteur-marga-claus-2","18":"pa_isbn-23036","19":"pa_new-label-1-3","20":"pa_taal-frysk","21":"pa_uitgever-afuk","23":"first","24":"instock","25":"featured","26":"taxable","27":"shipping-taxable","28":"purchasable","29":"product-type-simple"},"acf":[],"yoast_head":"<!-- This site is optimized with the Yoast SEO plugin v27.2 - https:\/\/yoast.com\/product\/yoast-seo-wordpress\/ -->\n<title>Libbe &#8211; Af\u00fbk Websjop<\/title>\n<meta name=\"description\" content=\"Libbe is een verhaal over manieren van oud-worden, over vergankelijkheid en loslaten, en over de bijzondere band tussen een vader en een dochter.\" \/>\n<meta name=\"robots\" content=\"index, follow, max-snippet:-1, max-image-preview:large, max-video-preview:-1\" \/>\n<link rel=\"canonical\" href=\"https:\/\/websjop.afuk.frl\/frl\/winkel\/libbe\/\" \/>\n<meta property=\"og:locale\" content=\"fy_NL\" \/>\n<meta property=\"og:type\" content=\"article\" \/>\n<meta property=\"og:title\" content=\"Libbe &#8211; Af\u00fbk Websjop\" \/>\n<meta property=\"og:description\" content=\"Libbe is een verhaal over manieren van oud-worden, over vergankelijkheid en loslaten, en over de bijzondere band tussen een vader en een dochter.\" \/>\n<meta property=\"og:url\" content=\"https:\/\/websjop.afuk.frl\/frl\/winkel\/libbe\/\" \/>\n<meta property=\"og:site_name\" content=\"Af\u00fbk Websjop\" \/>\n<meta property=\"article:modified_time\" content=\"2026-02-25T15:13:13+00:00\" \/>\n<meta property=\"og:image\" content=\"https:\/\/websjop.afuk.frl\/wp-content\/uploads\/2024\/09\/Libbe-HR.jpg\" \/>\n\t<meta property=\"og:image:width\" content=\"1644\" \/>\n\t<meta property=\"og:image:height\" content=\"2457\" \/>\n\t<meta property=\"og:image:type\" content=\"image\/jpeg\" \/>\n<meta name=\"twitter:card\" content=\"summary_large_image\" \/>\n<meta name=\"twitter:label1\" content=\"Est. reading time\" \/>\n\t<meta name=\"twitter:data1\" content=\"1 minute\" \/>\n<script type=\"application\/ld+json\" class=\"yoast-schema-graph\">{\"@context\":\"https:\/\/schema.org\",\"@graph\":[{\"@type\":\"WebPage\",\"@id\":\"https:\/\/websjop.afuk.frl\/frl\/winkel\/libbe\/\",\"url\":\"https:\/\/websjop.afuk.frl\/frl\/winkel\/libbe\/\",\"name\":\"Libbe &#8211; Af\u00fbk Websjop\",\"isPartOf\":{\"@id\":\"https:\/\/websjop.afuk.frl\/frl\/#website\"},\"primaryImageOfPage\":{\"@id\":\"https:\/\/websjop.afuk.frl\/frl\/winkel\/libbe\/#primaryimage\"},\"image\":{\"@id\":\"https:\/\/websjop.afuk.frl\/frl\/winkel\/libbe\/#primaryimage\"},\"thumbnailUrl\":\"https:\/\/websjop.afuk.frl\/wp-content\/uploads\/2024\/09\/Libbe-HR.jpg\",\"datePublished\":\"2024-09-24T08:14:55+00:00\",\"dateModified\":\"2026-02-25T15:13:13+00:00\",\"description\":\"Libbe is een verhaal over manieren van oud-worden, over vergankelijkheid en loslaten, en over de bijzondere band tussen een vader en een dochter.\",\"breadcrumb\":{\"@id\":\"https:\/\/websjop.afuk.frl\/frl\/winkel\/libbe\/#breadcrumb\"},\"inLanguage\":\"fy-NL\",\"potentialAction\":[{\"@type\":\"ReadAction\",\"target\":[\"https:\/\/websjop.afuk.frl\/frl\/winkel\/libbe\/\"]}]},{\"@type\":\"ImageObject\",\"inLanguage\":\"fy-NL\",\"@id\":\"https:\/\/websjop.afuk.frl\/frl\/winkel\/libbe\/#primaryimage\",\"url\":\"https:\/\/websjop.afuk.frl\/wp-content\/uploads\/2024\/09\/Libbe-HR.jpg\",\"contentUrl\":\"https:\/\/websjop.afuk.frl\/wp-content\/uploads\/2024\/09\/Libbe-HR.jpg\",\"width\":1644,\"height\":2457},{\"@type\":\"BreadcrumbList\",\"@id\":\"https:\/\/websjop.afuk.frl\/frl\/winkel\/libbe\/#breadcrumb\",\"itemListElement\":[{\"@type\":\"ListItem\",\"position\":1,\"name\":\"Home\",\"item\":\"https:\/\/websjop.afuk.frl\/frl\/\"},{\"@type\":\"ListItem\",\"position\":2,\"name\":\"Winkel\",\"item\":\"https:\/\/websjop.afuk.frl\/nl\/winkel\/\"},{\"@type\":\"ListItem\",\"position\":3,\"name\":\"Libbe\"}]},{\"@type\":\"WebSite\",\"@id\":\"https:\/\/websjop.afuk.frl\/frl\/#website\",\"url\":\"https:\/\/websjop.afuk.frl\/frl\/\",\"name\":\"Af\u00fbk Websjop\",\"description\":\"\",\"potentialAction\":[{\"@type\":\"SearchAction\",\"target\":{\"@type\":\"EntryPoint\",\"urlTemplate\":\"https:\/\/websjop.afuk.frl\/frl\/?s={search_term_string}\"},\"query-input\":{\"@type\":\"PropertyValueSpecification\",\"valueRequired\":true,\"valueName\":\"search_term_string\"}}],\"inLanguage\":\"fy-NL\"}]}<\/script>\n<!-- \/ Yoast SEO plugin. -->","yoast_head_json":{"title":"Libbe &#8211; Af\u00fbk Websjop","description":"Libbe is een verhaal over manieren van oud-worden, over vergankelijkheid en loslaten, en over de bijzondere band tussen een vader en een dochter.","robots":{"index":"index","follow":"follow","max-snippet":"max-snippet:-1","max-image-preview":"max-image-preview:large","max-video-preview":"max-video-preview:-1"},"canonical":"https:\/\/websjop.afuk.frl\/frl\/winkel\/libbe\/","og_locale":"fy_NL","og_type":"article","og_title":"Libbe &#8211; Af\u00fbk Websjop","og_description":"Libbe is een verhaal over manieren van oud-worden, over vergankelijkheid en loslaten, en over de bijzondere band tussen een vader en een dochter.","og_url":"https:\/\/websjop.afuk.frl\/frl\/winkel\/libbe\/","og_site_name":"Af\u00fbk Websjop","article_modified_time":"2026-02-25T15:13:13+00:00","og_image":[{"width":1644,"height":2457,"url":"https:\/\/websjop.afuk.frl\/wp-content\/uploads\/2024\/09\/Libbe-HR.jpg","type":"image\/jpeg"}],"twitter_card":"summary_large_image","twitter_misc":{"Est. reading time":"1 minute"},"schema":{"@context":"https:\/\/schema.org","@graph":[{"@type":"WebPage","@id":"https:\/\/websjop.afuk.frl\/frl\/winkel\/libbe\/","url":"https:\/\/websjop.afuk.frl\/frl\/winkel\/libbe\/","name":"Libbe &#8211; Af\u00fbk Websjop","isPartOf":{"@id":"https:\/\/websjop.afuk.frl\/frl\/#website"},"primaryImageOfPage":{"@id":"https:\/\/websjop.afuk.frl\/frl\/winkel\/libbe\/#primaryimage"},"image":{"@id":"https:\/\/websjop.afuk.frl\/frl\/winkel\/libbe\/#primaryimage"},"thumbnailUrl":"https:\/\/websjop.afuk.frl\/wp-content\/uploads\/2024\/09\/Libbe-HR.jpg","datePublished":"2024-09-24T08:14:55+00:00","dateModified":"2026-02-25T15:13:13+00:00","description":"Libbe is een verhaal over manieren van oud-worden, over vergankelijkheid en loslaten, en over de bijzondere band tussen een vader en een dochter.","breadcrumb":{"@id":"https:\/\/websjop.afuk.frl\/frl\/winkel\/libbe\/#breadcrumb"},"inLanguage":"fy-NL","potentialAction":[{"@type":"ReadAction","target":["https:\/\/websjop.afuk.frl\/frl\/winkel\/libbe\/"]}]},{"@type":"ImageObject","inLanguage":"fy-NL","@id":"https:\/\/websjop.afuk.frl\/frl\/winkel\/libbe\/#primaryimage","url":"https:\/\/websjop.afuk.frl\/wp-content\/uploads\/2024\/09\/Libbe-HR.jpg","contentUrl":"https:\/\/websjop.afuk.frl\/wp-content\/uploads\/2024\/09\/Libbe-HR.jpg","width":1644,"height":2457},{"@type":"BreadcrumbList","@id":"https:\/\/websjop.afuk.frl\/frl\/winkel\/libbe\/#breadcrumb","itemListElement":[{"@type":"ListItem","position":1,"name":"Home","item":"https:\/\/websjop.afuk.frl\/frl\/"},{"@type":"ListItem","position":2,"name":"Winkel","item":"https:\/\/websjop.afuk.frl\/nl\/winkel\/"},{"@type":"ListItem","position":3,"name":"Libbe"}]},{"@type":"WebSite","@id":"https:\/\/websjop.afuk.frl\/frl\/#website","url":"https:\/\/websjop.afuk.frl\/frl\/","name":"Af\u00fbk Websjop","description":"","potentialAction":[{"@type":"SearchAction","target":{"@type":"EntryPoint","urlTemplate":"https:\/\/websjop.afuk.frl\/frl\/?s={search_term_string}"},"query-input":{"@type":"PropertyValueSpecification","valueRequired":true,"valueName":"search_term_string"}}],"inLanguage":"fy-NL"}]}},"_links":{"self":[{"href":"https:\/\/websjop.afuk.frl\/frl\/wp-json\/wp\/v2\/product\/44806","targetHints":{"allow":["GET"]}}],"collection":[{"href":"https:\/\/websjop.afuk.frl\/frl\/wp-json\/wp\/v2\/product"}],"about":[{"href":"https:\/\/websjop.afuk.frl\/frl\/wp-json\/wp\/v2\/types\/product"}],"replies":[{"embeddable":true,"href":"https:\/\/websjop.afuk.frl\/frl\/wp-json\/wp\/v2\/comments?post=44806"}],"wp:featuredmedia":[{"embeddable":true,"href":"https:\/\/websjop.afuk.frl\/frl\/wp-json\/wp\/v2\/media\/44807"}],"wp:attachment":[{"href":"https:\/\/websjop.afuk.frl\/frl\/wp-json\/wp\/v2\/media?parent=44806"}],"wp:term":[{"taxonomy":"product_brand","embeddable":true,"href":"https:\/\/websjop.afuk.frl\/frl\/wp-json\/wp\/v2\/product_brand?post=44806"},{"taxonomy":"product_cat","embeddable":true,"href":"https:\/\/websjop.afuk.frl\/frl\/wp-json\/wp\/v2\/product_cat?post=44806"},{"taxonomy":"product_tag","embeddable":true,"href":"https:\/\/websjop.afuk.frl\/frl\/wp-json\/wp\/v2\/product_tag?post=44806"}],"curies":[{"name":"wp","href":"https:\/\/api.w.org\/{rel}","templated":true}]}}