{"id":44708,"date":"2024-09-16T11:05:51","date_gmt":"2024-09-16T10:05:51","guid":{"rendered":"https:\/\/websjop.afuk.frl\/nl\/?post_type=product&#038;p=44708"},"modified":"2024-11-01T09:36:56","modified_gmt":"2024-11-01T08:36:56","slug":"tsjintwurdich-is-alles-better","status":"publish","type":"product","link":"https:\/\/websjop.afuk.frl\/frl\/winkel\/tsjintwurdich-is-alles-better\/","title":{"rendered":"Tsjintwurdich is alles better"},"content":{"rendered":"<p>Debuutbundel van dichteres Gabri\u00eblle Terpstra. Volgens Martsje de Jong: &#8216;Zeker, persoonlijk, aangrijpend en integer, zo schrijft Gabri\u00eblle Terpstra. Laat deze frisse wind maar waaien door de Friese literatuur.&#8217;<\/p>\n","protected":false},"excerpt":{"rendered":"<p>Debuutbundel van dichteres Gabri\u00eblle Terpstra. Volgens Martsje de Jong: &#8216;Zeker, persoonlijk, aangrijpend en integer, zo schrijft Gabri\u00eblle Terpstra. Laat deze frisse wind maar waaien door de Friese literatuur.&#8217;<\/p>\n","protected":false},"featured_media":44712,"comment_status":"closed","ping_status":"closed","template":"","meta":{"_acf_changed":false},"product_brand":[],"product_cat":[538,535,1215],"product_tag":[14745,17106,23023,5191,17036,23022],"class_list":{"0":"post-44708","1":"product","2":"type-product","3":"status-publish","4":"has-post-thumbnail","6":"product_cat-dichtbondels","7":"product_cat-fryske-boeken","8":"product_cat-romans-en-literatuer","9":"product_tag-debut","10":"product_tag-debuut","11":"product_tag-gabrielle-terpstra","12":"product_tag-gedichten","13":"product_tag-poezie","14":"product_tag-tsjintwurdich-is-alles-better","15":"product_shipping_class-brievenbus-verzending","16":"pa_auteur-gabrielle-terpstra","17":"pa_isbn-23021","18":"pa_new-label-1-3","19":"pa_taal-frysk","20":"pa_uitgever-hispel","22":"first","23":"instock","24":"taxable","25":"shipping-taxable","26":"purchasable","27":"product-type-simple"},"acf":[],"yoast_head":"<!-- This site is optimized with the Yoast SEO plugin v27.2 - https:\/\/yoast.com\/product\/yoast-seo-wordpress\/ -->\n<title>Tsjintwurdich is alles better &#8211; Af\u00fbk Websjop<\/title>\n<meta name=\"description\" content=\"Debuutbundel van dichteres Gabri\u00eblle Terpstra. Volgens Martsje de Jong: &#039;Zeker, persoonlijk, aangrijpend en integer, zo schrijft Gabri\u00eblle Terpstra.\" \/>\n<meta name=\"robots\" content=\"index, follow, max-snippet:-1, max-image-preview:large, max-video-preview:-1\" \/>\n<link rel=\"canonical\" href=\"https:\/\/websjop.afuk.frl\/frl\/winkel\/tsjintwurdich-is-alles-better\/\" \/>\n<meta property=\"og:locale\" content=\"fy_NL\" \/>\n<meta property=\"og:type\" content=\"article\" \/>\n<meta property=\"og:title\" content=\"Tsjintwurdich is alles better &#8211; Af\u00fbk Websjop\" \/>\n<meta property=\"og:description\" content=\"Debuutbundel van dichteres Gabri\u00eblle Terpstra. Volgens Martsje de Jong: &#039;Zeker, persoonlijk, aangrijpend en integer, zo schrijft Gabri\u00eblle Terpstra.\" \/>\n<meta property=\"og:url\" content=\"https:\/\/websjop.afuk.frl\/frl\/winkel\/tsjintwurdich-is-alles-better\/\" \/>\n<meta property=\"og:site_name\" content=\"Af\u00fbk Websjop\" \/>\n<meta property=\"article:modified_time\" content=\"2024-11-01T08:36:56+00:00\" \/>\n<meta property=\"og:image\" content=\"https:\/\/websjop.afuk.frl\/wp-content\/uploads\/2024\/09\/Tsjintwurdich-is-alles-better780.jpg\" \/>\n\t<meta property=\"og:image:width\" content=\"384\" \/>\n\t<meta property=\"og:image:height\" content=\"562\" \/>\n\t<meta property=\"og:image:type\" content=\"image\/jpeg\" \/>\n<meta name=\"twitter:card\" content=\"summary_large_image\" \/>\n<script type=\"application\/ld+json\" class=\"yoast-schema-graph\">{\"@context\":\"https:\/\/schema.org\",\"@graph\":[{\"@type\":\"WebPage\",\"@id\":\"https:\/\/websjop.afuk.frl\/frl\/winkel\/tsjintwurdich-is-alles-better\/\",\"url\":\"https:\/\/websjop.afuk.frl\/frl\/winkel\/tsjintwurdich-is-alles-better\/\",\"name\":\"Tsjintwurdich is alles better &#8211; Af\u00fbk Websjop\",\"isPartOf\":{\"@id\":\"https:\/\/websjop.afuk.frl\/frl\/#website\"},\"primaryImageOfPage\":{\"@id\":\"https:\/\/websjop.afuk.frl\/frl\/winkel\/tsjintwurdich-is-alles-better\/#primaryimage\"},\"image\":{\"@id\":\"https:\/\/websjop.afuk.frl\/frl\/winkel\/tsjintwurdich-is-alles-better\/#primaryimage\"},\"thumbnailUrl\":\"https:\/\/websjop.afuk.frl\/wp-content\/uploads\/2024\/09\/Tsjintwurdich-is-alles-better780.jpg\",\"datePublished\":\"2024-09-16T10:05:51+00:00\",\"dateModified\":\"2024-11-01T08:36:56+00:00\",\"description\":\"Debuutbundel van dichteres Gabri\u00eblle Terpstra. Volgens Martsje de Jong: 'Zeker, persoonlijk, aangrijpend en integer, zo schrijft Gabri\u00eblle Terpstra.\",\"breadcrumb\":{\"@id\":\"https:\/\/websjop.afuk.frl\/frl\/winkel\/tsjintwurdich-is-alles-better\/#breadcrumb\"},\"inLanguage\":\"fy-NL\",\"potentialAction\":[{\"@type\":\"ReadAction\",\"target\":[\"https:\/\/websjop.afuk.frl\/frl\/winkel\/tsjintwurdich-is-alles-better\/\"]}]},{\"@type\":\"ImageObject\",\"inLanguage\":\"fy-NL\",\"@id\":\"https:\/\/websjop.afuk.frl\/frl\/winkel\/tsjintwurdich-is-alles-better\/#primaryimage\",\"url\":\"https:\/\/websjop.afuk.frl\/wp-content\/uploads\/2024\/09\/Tsjintwurdich-is-alles-better780.jpg\",\"contentUrl\":\"https:\/\/websjop.afuk.frl\/wp-content\/uploads\/2024\/09\/Tsjintwurdich-is-alles-better780.jpg\",\"width\":384,\"height\":562},{\"@type\":\"BreadcrumbList\",\"@id\":\"https:\/\/websjop.afuk.frl\/frl\/winkel\/tsjintwurdich-is-alles-better\/#breadcrumb\",\"itemListElement\":[{\"@type\":\"ListItem\",\"position\":1,\"name\":\"Home\",\"item\":\"https:\/\/websjop.afuk.frl\/frl\/\"},{\"@type\":\"ListItem\",\"position\":2,\"name\":\"Winkel\",\"item\":\"https:\/\/websjop.afuk.frl\/nl\/winkel\/\"},{\"@type\":\"ListItem\",\"position\":3,\"name\":\"Tsjintwurdich is alles better\"}]},{\"@type\":\"WebSite\",\"@id\":\"https:\/\/websjop.afuk.frl\/frl\/#website\",\"url\":\"https:\/\/websjop.afuk.frl\/frl\/\",\"name\":\"Af\u00fbk Websjop\",\"description\":\"\",\"potentialAction\":[{\"@type\":\"SearchAction\",\"target\":{\"@type\":\"EntryPoint\",\"urlTemplate\":\"https:\/\/websjop.afuk.frl\/frl\/?s={search_term_string}\"},\"query-input\":{\"@type\":\"PropertyValueSpecification\",\"valueRequired\":true,\"valueName\":\"search_term_string\"}}],\"inLanguage\":\"fy-NL\"}]}<\/script>\n<!-- \/ Yoast SEO plugin. -->","yoast_head_json":{"title":"Tsjintwurdich is alles better &#8211; Af\u00fbk Websjop","description":"Debuutbundel van dichteres Gabri\u00eblle Terpstra. Volgens Martsje de Jong: 'Zeker, persoonlijk, aangrijpend en integer, zo schrijft Gabri\u00eblle Terpstra.","robots":{"index":"index","follow":"follow","max-snippet":"max-snippet:-1","max-image-preview":"max-image-preview:large","max-video-preview":"max-video-preview:-1"},"canonical":"https:\/\/websjop.afuk.frl\/frl\/winkel\/tsjintwurdich-is-alles-better\/","og_locale":"fy_NL","og_type":"article","og_title":"Tsjintwurdich is alles better &#8211; Af\u00fbk Websjop","og_description":"Debuutbundel van dichteres Gabri\u00eblle Terpstra. Volgens Martsje de Jong: 'Zeker, persoonlijk, aangrijpend en integer, zo schrijft Gabri\u00eblle Terpstra.","og_url":"https:\/\/websjop.afuk.frl\/frl\/winkel\/tsjintwurdich-is-alles-better\/","og_site_name":"Af\u00fbk Websjop","article_modified_time":"2024-11-01T08:36:56+00:00","og_image":[{"width":384,"height":562,"url":"https:\/\/websjop.afuk.frl\/wp-content\/uploads\/2024\/09\/Tsjintwurdich-is-alles-better780.jpg","type":"image\/jpeg"}],"twitter_card":"summary_large_image","schema":{"@context":"https:\/\/schema.org","@graph":[{"@type":"WebPage","@id":"https:\/\/websjop.afuk.frl\/frl\/winkel\/tsjintwurdich-is-alles-better\/","url":"https:\/\/websjop.afuk.frl\/frl\/winkel\/tsjintwurdich-is-alles-better\/","name":"Tsjintwurdich is alles better &#8211; Af\u00fbk Websjop","isPartOf":{"@id":"https:\/\/websjop.afuk.frl\/frl\/#website"},"primaryImageOfPage":{"@id":"https:\/\/websjop.afuk.frl\/frl\/winkel\/tsjintwurdich-is-alles-better\/#primaryimage"},"image":{"@id":"https:\/\/websjop.afuk.frl\/frl\/winkel\/tsjintwurdich-is-alles-better\/#primaryimage"},"thumbnailUrl":"https:\/\/websjop.afuk.frl\/wp-content\/uploads\/2024\/09\/Tsjintwurdich-is-alles-better780.jpg","datePublished":"2024-09-16T10:05:51+00:00","dateModified":"2024-11-01T08:36:56+00:00","description":"Debuutbundel van dichteres Gabri\u00eblle Terpstra. Volgens Martsje de Jong: 'Zeker, persoonlijk, aangrijpend en integer, zo schrijft Gabri\u00eblle Terpstra.","breadcrumb":{"@id":"https:\/\/websjop.afuk.frl\/frl\/winkel\/tsjintwurdich-is-alles-better\/#breadcrumb"},"inLanguage":"fy-NL","potentialAction":[{"@type":"ReadAction","target":["https:\/\/websjop.afuk.frl\/frl\/winkel\/tsjintwurdich-is-alles-better\/"]}]},{"@type":"ImageObject","inLanguage":"fy-NL","@id":"https:\/\/websjop.afuk.frl\/frl\/winkel\/tsjintwurdich-is-alles-better\/#primaryimage","url":"https:\/\/websjop.afuk.frl\/wp-content\/uploads\/2024\/09\/Tsjintwurdich-is-alles-better780.jpg","contentUrl":"https:\/\/websjop.afuk.frl\/wp-content\/uploads\/2024\/09\/Tsjintwurdich-is-alles-better780.jpg","width":384,"height":562},{"@type":"BreadcrumbList","@id":"https:\/\/websjop.afuk.frl\/frl\/winkel\/tsjintwurdich-is-alles-better\/#breadcrumb","itemListElement":[{"@type":"ListItem","position":1,"name":"Home","item":"https:\/\/websjop.afuk.frl\/frl\/"},{"@type":"ListItem","position":2,"name":"Winkel","item":"https:\/\/websjop.afuk.frl\/nl\/winkel\/"},{"@type":"ListItem","position":3,"name":"Tsjintwurdich is alles better"}]},{"@type":"WebSite","@id":"https:\/\/websjop.afuk.frl\/frl\/#website","url":"https:\/\/websjop.afuk.frl\/frl\/","name":"Af\u00fbk Websjop","description":"","potentialAction":[{"@type":"SearchAction","target":{"@type":"EntryPoint","urlTemplate":"https:\/\/websjop.afuk.frl\/frl\/?s={search_term_string}"},"query-input":{"@type":"PropertyValueSpecification","valueRequired":true,"valueName":"search_term_string"}}],"inLanguage":"fy-NL"}]}},"_links":{"self":[{"href":"https:\/\/websjop.afuk.frl\/frl\/wp-json\/wp\/v2\/product\/44708","targetHints":{"allow":["GET"]}}],"collection":[{"href":"https:\/\/websjop.afuk.frl\/frl\/wp-json\/wp\/v2\/product"}],"about":[{"href":"https:\/\/websjop.afuk.frl\/frl\/wp-json\/wp\/v2\/types\/product"}],"replies":[{"embeddable":true,"href":"https:\/\/websjop.afuk.frl\/frl\/wp-json\/wp\/v2\/comments?post=44708"}],"wp:featuredmedia":[{"embeddable":true,"href":"https:\/\/websjop.afuk.frl\/frl\/wp-json\/wp\/v2\/media\/44712"}],"wp:attachment":[{"href":"https:\/\/websjop.afuk.frl\/frl\/wp-json\/wp\/v2\/media?parent=44708"}],"wp:term":[{"taxonomy":"product_brand","embeddable":true,"href":"https:\/\/websjop.afuk.frl\/frl\/wp-json\/wp\/v2\/product_brand?post=44708"},{"taxonomy":"product_cat","embeddable":true,"href":"https:\/\/websjop.afuk.frl\/frl\/wp-json\/wp\/v2\/product_cat?post=44708"},{"taxonomy":"product_tag","embeddable":true,"href":"https:\/\/websjop.afuk.frl\/frl\/wp-json\/wp\/v2\/product_tag?post=44708"}],"curies":[{"name":"wp","href":"https:\/\/api.w.org\/{rel}","templated":true}]}}