{"id":44102,"date":"2024-11-24T16:52:50","date_gmt":"2024-11-24T15:52:50","guid":{"rendered":"https:\/\/websjop.afuk.frl\/nl\/?post_type=product&#038;p=44102"},"modified":"2026-03-01T10:31:57","modified_gmt":"2026-03-01T09:31:57","slug":"do-bist-de-leafste","status":"publish","type":"product","link":"https:\/\/websjop.afuk.frl\/frl\/winkel\/do-bist-de-leafste\/","title":{"rendered":"Do bist de leafste"},"content":{"rendered":"<p>In tiidleas boek foar alle leeftiden mei leave gedichtsjes fan Hans en Monique Hagen en sfearfolle yllustraasjes fan Marit T\u00f6rnqvist.<br \/>\nEppie Dam hat in prachtige oersetting makke.<\/p>\n<p>ik sykje in wurd<\/p>\n<p>in hiel nij wurd<\/p>\n<p>in wurd dat dij noch mist<\/p>\n<p>ik sykje in wurd<\/p>\n<p>dat sizze wol<\/p>\n<p>datsto de leafste bist<\/p>\n<hr \/>\n<p><em>Wieke: &#8220;As mem koe ik merke dat dit boekje helpt by it \u00fatlizzen fan allegear emoasjes oan bern. Ek de drege \u00fbnderwerpen wurde sa dochs yn begryplike taal ferteld. Ut dit boek ha wy bygelyks in moai, waarm en passend gedicht \u00fatsocht om foar te dragen op \u00fas beppe har begraffenis. Mar ek foar fleurige dingen lykas nij libben, in feestje of in moaie alledeiske situaasje kinne je yn dit boek gen\u00f4ch passende fertelstof fine.&#8221; <a href=\"https:\/\/heitenmem.frl\/resinsje-do-bist-de-leafste-troch-wieke\/\" target=\"_blank\" rel=\"noopener\">L\u00eas hjir de folsleine resinsje fan Wieke.<\/a><\/em><\/p>\n<p><em>Yvonne: &#8220;De yllustraasjes, makke troch Marit T\u00f6rnqvist, jouwe in waarm gefoel by de gedichten. Se binne ferspraat oer de hiele spread en der falt in hiel soad te sjen. D\u00eartroch kinst de yllustraasjes ek br\u00fbke as sykplaat. Se jouwe kr\u00eaft oan de ferskes, mar binne ek wiere keunstwurken op harsels.&#8221; <a href=\"https:\/\/heitenmem.frl\/resinsje-do-bist-de-leafste-troch-yvonne\/\" target=\"_blank\" rel=\"noopener\">L\u00eas hjir de folsleine resinsje fan Yvonne.<\/a><\/em><\/p>\n","protected":false},"excerpt":{"rendered":"<p>In tiidleas boek foar alle leeftiden mei leave gedichtsjes fan Hans en Monique Hagen en sfearfolle yllustraasjes fan Marit T\u00f6rnqvist. Eppie Dam hat in prachtige oersetting makke. ik sykje in wurd in hiel nij wurd in wurd dat dij noch mist ik sykje in wurd dat sizze wol datsto de leafste bist Wieke: &#8220;As mem [&hellip;]<\/p>\n","protected":false},"featured_media":44103,"comment_status":"closed","ping_status":"closed","template":"","meta":{"_acf_changed":false},"product_brand":[],"product_cat":[1213,535,1160,21380,21286,22905,1247],"product_tag":[23110,5191,23109,9385,23108],"class_list":{"0":"post-44102","1":"product","2":"type-product","3":"status-publish","4":"has-post-thumbnail","6":"product_cat-berne-en-jeugdboeken","7":"product_cat-fryske-boeken","8":"product_cat-poezy-rymkes-en-ferskes-foar-bern","9":"product_cat-sinteklaas-kadotips","10":"product_cat-skoechkadootsjes","11":"product_cat-tema-freonskip-en-leafde","12":"product_cat-tips-foar-falentyn","13":"product_tag-bernegedichten","14":"product_tag-gedichten","15":"product_tag-kindergedichten","16":"product_tag-leafste","17":"product_tag-liefste","18":"product_shipping_class-brievenbus-verzending","19":"pa_isbn-978-94-93318-36-6","21":"first","22":"instock","23":"featured","24":"taxable","25":"shipping-taxable","26":"purchasable","27":"product-type-simple"},"acf":[],"yoast_head":"<!-- This site is optimized with the Yoast SEO plugin v27.3 - https:\/\/yoast.com\/product\/yoast-seo-wordpress\/ -->\n<title>Do bist de leafste &#8211; Af\u00fbk Websjop<\/title>\n<meta name=\"robots\" content=\"index, follow, max-snippet:-1, max-image-preview:large, max-video-preview:-1\" \/>\n<link rel=\"canonical\" href=\"https:\/\/websjop.afuk.frl\/frl\/winkel\/do-bist-de-leafste\/\" \/>\n<meta property=\"og:locale\" content=\"fy_NL\" \/>\n<meta property=\"og:type\" content=\"article\" \/>\n<meta property=\"og:title\" content=\"Do bist de leafste &#8211; Af\u00fbk Websjop\" \/>\n<meta property=\"og:description\" content=\"In tiidleas boek foar alle leeftiden mei leave gedichtsjes fan Hans en Monique Hagen en sfearfolle yllustraasjes fan Marit T\u00f6rnqvist. Eppie Dam hat in prachtige oersetting makke. ik sykje in wurd in hiel nij wurd in wurd dat dij noch mist ik sykje in wurd dat sizze wol datsto de leafste bist Wieke: &#8220;As mem [&hellip;]\" \/>\n<meta property=\"og:url\" content=\"https:\/\/websjop.afuk.frl\/frl\/winkel\/do-bist-de-leafste\/\" \/>\n<meta property=\"og:site_name\" content=\"Af\u00fbk Websjop\" \/>\n<meta property=\"article:modified_time\" content=\"2026-03-01T09:31:57+00:00\" \/>\n<meta property=\"og:image\" content=\"https:\/\/websjop.afuk.frl\/wp-content\/uploads\/2024\/07\/Do-bist-de-leafste-HR-scaled.jpg\" \/>\n\t<meta property=\"og:image:width\" content=\"2192\" \/>\n\t<meta property=\"og:image:height\" content=\"2560\" \/>\n\t<meta property=\"og:image:type\" content=\"image\/jpeg\" \/>\n<meta name=\"twitter:card\" content=\"summary_large_image\" \/>\n<meta name=\"twitter:label1\" content=\"Est. reading time\" \/>\n\t<meta name=\"twitter:data1\" content=\"3 minutes\" \/>\n<script type=\"application\/ld+json\" class=\"yoast-schema-graph\">{\"@context\":\"https:\\\/\\\/schema.org\",\"@graph\":[{\"@type\":\"WebPage\",\"@id\":\"https:\\\/\\\/websjop.afuk.frl\\\/frl\\\/winkel\\\/do-bist-de-leafste\\\/\",\"url\":\"https:\\\/\\\/websjop.afuk.frl\\\/frl\\\/winkel\\\/do-bist-de-leafste\\\/\",\"name\":\"Do bist de leafste &#8211; Af\u00fbk Websjop\",\"isPartOf\":{\"@id\":\"https:\\\/\\\/websjop.afuk.frl\\\/frl\\\/#website\"},\"primaryImageOfPage\":{\"@id\":\"https:\\\/\\\/websjop.afuk.frl\\\/frl\\\/winkel\\\/do-bist-de-leafste\\\/#primaryimage\"},\"image\":{\"@id\":\"https:\\\/\\\/websjop.afuk.frl\\\/frl\\\/winkel\\\/do-bist-de-leafste\\\/#primaryimage\"},\"thumbnailUrl\":\"https:\\\/\\\/websjop.afuk.frl\\\/wp-content\\\/uploads\\\/2024\\\/07\\\/Do-bist-de-leafste-HR-scaled.jpg\",\"datePublished\":\"2024-11-24T15:52:50+00:00\",\"dateModified\":\"2026-03-01T09:31:57+00:00\",\"breadcrumb\":{\"@id\":\"https:\\\/\\\/websjop.afuk.frl\\\/frl\\\/winkel\\\/do-bist-de-leafste\\\/#breadcrumb\"},\"inLanguage\":\"fy-NL\",\"potentialAction\":[{\"@type\":\"ReadAction\",\"target\":[\"https:\\\/\\\/websjop.afuk.frl\\\/frl\\\/winkel\\\/do-bist-de-leafste\\\/\"]}]},{\"@type\":\"ImageObject\",\"inLanguage\":\"fy-NL\",\"@id\":\"https:\\\/\\\/websjop.afuk.frl\\\/frl\\\/winkel\\\/do-bist-de-leafste\\\/#primaryimage\",\"url\":\"https:\\\/\\\/websjop.afuk.frl\\\/wp-content\\\/uploads\\\/2024\\\/07\\\/Do-bist-de-leafste-HR-scaled.jpg\",\"contentUrl\":\"https:\\\/\\\/websjop.afuk.frl\\\/wp-content\\\/uploads\\\/2024\\\/07\\\/Do-bist-de-leafste-HR-scaled.jpg\",\"width\":2192,\"height\":2560},{\"@type\":\"BreadcrumbList\",\"@id\":\"https:\\\/\\\/websjop.afuk.frl\\\/frl\\\/winkel\\\/do-bist-de-leafste\\\/#breadcrumb\",\"itemListElement\":[{\"@type\":\"ListItem\",\"position\":1,\"name\":\"Home\",\"item\":\"https:\\\/\\\/websjop.afuk.frl\\\/frl\\\/\"},{\"@type\":\"ListItem\",\"position\":2,\"name\":\"Winkel\",\"item\":\"https:\\\/\\\/websjop.afuk.frl\\\/nl\\\/winkel\\\/\"},{\"@type\":\"ListItem\",\"position\":3,\"name\":\"Do bist de leafste\"}]},{\"@type\":\"WebSite\",\"@id\":\"https:\\\/\\\/websjop.afuk.frl\\\/frl\\\/#website\",\"url\":\"https:\\\/\\\/websjop.afuk.frl\\\/frl\\\/\",\"name\":\"Af\u00fbk Websjop\",\"description\":\"\",\"potentialAction\":[{\"@type\":\"SearchAction\",\"target\":{\"@type\":\"EntryPoint\",\"urlTemplate\":\"https:\\\/\\\/websjop.afuk.frl\\\/frl\\\/?s={search_term_string}\"},\"query-input\":{\"@type\":\"PropertyValueSpecification\",\"valueRequired\":true,\"valueName\":\"search_term_string\"}}],\"inLanguage\":\"fy-NL\"}]}<\/script>\n<!-- \/ Yoast SEO plugin. -->","yoast_head_json":{"title":"Do bist de leafste &#8211; Af\u00fbk Websjop","robots":{"index":"index","follow":"follow","max-snippet":"max-snippet:-1","max-image-preview":"max-image-preview:large","max-video-preview":"max-video-preview:-1"},"canonical":"https:\/\/websjop.afuk.frl\/frl\/winkel\/do-bist-de-leafste\/","og_locale":"fy_NL","og_type":"article","og_title":"Do bist de leafste &#8211; Af\u00fbk Websjop","og_description":"In tiidleas boek foar alle leeftiden mei leave gedichtsjes fan Hans en Monique Hagen en sfearfolle yllustraasjes fan Marit T\u00f6rnqvist. Eppie Dam hat in prachtige oersetting makke. ik sykje in wurd in hiel nij wurd in wurd dat dij noch mist ik sykje in wurd dat sizze wol datsto de leafste bist Wieke: &#8220;As mem [&hellip;]","og_url":"https:\/\/websjop.afuk.frl\/frl\/winkel\/do-bist-de-leafste\/","og_site_name":"Af\u00fbk Websjop","article_modified_time":"2026-03-01T09:31:57+00:00","og_image":[{"width":2192,"height":2560,"url":"https:\/\/websjop.afuk.frl\/wp-content\/uploads\/2024\/07\/Do-bist-de-leafste-HR-scaled.jpg","type":"image\/jpeg"}],"twitter_card":"summary_large_image","twitter_misc":{"Est. reading time":"3 minutes"},"schema":{"@context":"https:\/\/schema.org","@graph":[{"@type":"WebPage","@id":"https:\/\/websjop.afuk.frl\/frl\/winkel\/do-bist-de-leafste\/","url":"https:\/\/websjop.afuk.frl\/frl\/winkel\/do-bist-de-leafste\/","name":"Do bist de leafste &#8211; Af\u00fbk Websjop","isPartOf":{"@id":"https:\/\/websjop.afuk.frl\/frl\/#website"},"primaryImageOfPage":{"@id":"https:\/\/websjop.afuk.frl\/frl\/winkel\/do-bist-de-leafste\/#primaryimage"},"image":{"@id":"https:\/\/websjop.afuk.frl\/frl\/winkel\/do-bist-de-leafste\/#primaryimage"},"thumbnailUrl":"https:\/\/websjop.afuk.frl\/wp-content\/uploads\/2024\/07\/Do-bist-de-leafste-HR-scaled.jpg","datePublished":"2024-11-24T15:52:50+00:00","dateModified":"2026-03-01T09:31:57+00:00","breadcrumb":{"@id":"https:\/\/websjop.afuk.frl\/frl\/winkel\/do-bist-de-leafste\/#breadcrumb"},"inLanguage":"fy-NL","potentialAction":[{"@type":"ReadAction","target":["https:\/\/websjop.afuk.frl\/frl\/winkel\/do-bist-de-leafste\/"]}]},{"@type":"ImageObject","inLanguage":"fy-NL","@id":"https:\/\/websjop.afuk.frl\/frl\/winkel\/do-bist-de-leafste\/#primaryimage","url":"https:\/\/websjop.afuk.frl\/wp-content\/uploads\/2024\/07\/Do-bist-de-leafste-HR-scaled.jpg","contentUrl":"https:\/\/websjop.afuk.frl\/wp-content\/uploads\/2024\/07\/Do-bist-de-leafste-HR-scaled.jpg","width":2192,"height":2560},{"@type":"BreadcrumbList","@id":"https:\/\/websjop.afuk.frl\/frl\/winkel\/do-bist-de-leafste\/#breadcrumb","itemListElement":[{"@type":"ListItem","position":1,"name":"Home","item":"https:\/\/websjop.afuk.frl\/frl\/"},{"@type":"ListItem","position":2,"name":"Winkel","item":"https:\/\/websjop.afuk.frl\/nl\/winkel\/"},{"@type":"ListItem","position":3,"name":"Do bist de leafste"}]},{"@type":"WebSite","@id":"https:\/\/websjop.afuk.frl\/frl\/#website","url":"https:\/\/websjop.afuk.frl\/frl\/","name":"Af\u00fbk Websjop","description":"","potentialAction":[{"@type":"SearchAction","target":{"@type":"EntryPoint","urlTemplate":"https:\/\/websjop.afuk.frl\/frl\/?s={search_term_string}"},"query-input":{"@type":"PropertyValueSpecification","valueRequired":true,"valueName":"search_term_string"}}],"inLanguage":"fy-NL"}]}},"_links":{"self":[{"href":"https:\/\/websjop.afuk.frl\/frl\/wp-json\/wp\/v2\/product\/44102","targetHints":{"allow":["GET"]}}],"collection":[{"href":"https:\/\/websjop.afuk.frl\/frl\/wp-json\/wp\/v2\/product"}],"about":[{"href":"https:\/\/websjop.afuk.frl\/frl\/wp-json\/wp\/v2\/types\/product"}],"replies":[{"embeddable":true,"href":"https:\/\/websjop.afuk.frl\/frl\/wp-json\/wp\/v2\/comments?post=44102"}],"wp:featuredmedia":[{"embeddable":true,"href":"https:\/\/websjop.afuk.frl\/frl\/wp-json\/wp\/v2\/media\/44103"}],"wp:attachment":[{"href":"https:\/\/websjop.afuk.frl\/frl\/wp-json\/wp\/v2\/media?parent=44102"}],"wp:term":[{"taxonomy":"product_brand","embeddable":true,"href":"https:\/\/websjop.afuk.frl\/frl\/wp-json\/wp\/v2\/product_brand?post=44102"},{"taxonomy":"product_cat","embeddable":true,"href":"https:\/\/websjop.afuk.frl\/frl\/wp-json\/wp\/v2\/product_cat?post=44102"},{"taxonomy":"product_tag","embeddable":true,"href":"https:\/\/websjop.afuk.frl\/frl\/wp-json\/wp\/v2\/product_tag?post=44102"}],"curies":[{"name":"wp","href":"https:\/\/api.w.org\/{rel}","templated":true}]}}