{"id":43204,"date":"2024-04-30T08:51:40","date_gmt":"2024-04-30T07:51:40","guid":{"rendered":"https:\/\/websjop.afuk.frl\/nl\/?post_type=product&#038;p=43204"},"modified":"2025-09-01T09:41:53","modified_gmt":"2025-09-01T07:41:53","slug":"simmerboek","status":"publish","type":"product","link":"https:\/\/websjop.afuk.frl\/frl\/winkel\/simmerboek\/","title":{"rendered":"Simmerboek"},"content":{"rendered":"<p>Voor in de zomervakantie, thuis of onderweg! Een boek vol met verhaaltjes, gedichtjes, liedjes, spelletjes en knutselwerkjes, speciaal voor kinderen van 2 t\/m 6 jaar.<\/p>\n<p>Maar snel (voor)lezen, zingen en doen!<\/p>\n<p><a href=\"https:\/\/heitenmem.frl\/lestip-fan-keimpe-july-it-simmerboek\/\" target=\"_blank\" rel=\"noopener\">It simmerboek is de l\u00eastip fan Keimpe!<\/a><\/p>\n<p>&nbsp;<\/p>\n<hr \/>\n<p>&nbsp;<\/p>\n<p><em>Irene: &#8220;Der steane echt in soad leuke dingen yn om te dwaan. Op de earste side meie bern sels harren namme opskriuwe en harren eigen gesicht tekenje. Handich om spul te foarkommen: alle broerkes en suskes harren eigen boek. Wat folget binne mear as 30 spultsjes, lykas sykplaten, letters werkenne, ferskillen sykje en rymje. En foar wa\u2019t mei de auto fuort sil dizze simmer: der binne ek spultsjes foar op de achterbank by. En foar op de camping (ik tink oan kampfjoer en gitaar) noch in stik of wat ferskes. Sa kinne wy de Fr\u00e2nske bern moai wat Frysk leare.&#8221; <a href=\"https:\/\/heitenmem.frl\/de-resinsje-fan-irene-it-simmerboek\/\" target=\"_blank\" rel=\"noopener\">Sjoch hjir foar de folsleine resinsje fan Irene.<\/a><\/em><\/p>\n<p>Bettine: &#8220;<em>By \u00fas giet it Simmerboek seker mei op reis yn de simmerfak\u00e2nsje. Earst mei yn de tinte nei Bantegea en d\u00earnei foar it fermaak yn it fleant\u00fbch mei yn \u2018e koffer nei Gran Canaria. Ideaal, want in soad r\u00fbmte nimt it dochs net yn en efter yn it boek binne ek noch leuke autospultsjes en in autobingo te finen. Foar wa\u2019t de iPad ek meinimt op fak\u00e2nsje, dy kin altyd noch fierder boartsje mei de leuke apps dy\u2019t oanj\u00fbn wurde mei in QR-koade yn it boek.&#8221; <a href=\"https:\/\/heitenmem.frl\/de-resinsje-fan-bettine-it-simmerboek\/\" target=\"_blank\" rel=\"noopener\">L\u00eas hjir de folsleine resinsje fan Bettine.<\/a><\/em><\/p>\n","protected":false},"excerpt":{"rendered":"<p>Voor in de zomervakantie, thuis of onderweg! Een boek vol met verhaaltjes, gedichtjes, liedjes, spelletjes en knutselwerkjes, speciaal voor kinderen van 2 t\/m 6 jaar. Maar snel (voor)lezen, zingen en doen! It simmerboek is de l\u00eastip fan Keimpe! &nbsp; &nbsp; Irene: &#8220;Der steane echt in soad leuke dingen yn om te dwaan. Op de earste [&hellip;]<\/p>\n","protected":false},"featured_media":43205,"comment_status":"closed","ping_status":"closed","template":"","meta":{"_acf_changed":false},"product_brand":[],"product_cat":[1213,549,550,535,1313,18408,22833,14119],"product_tag":[22880,9699,19642,21179,10654,22708,9035,16664],"class_list":{"0":"post-43204","1":"product","2":"type-product","3":"status-publish","4":"has-post-thumbnail","6":"product_cat-berne-en-jeugdboeken","7":"product_cat-berneboeken-0-tot-4-jaar","8":"product_cat-berneboeken-4-8","9":"product_cat-fryske-boeken","10":"product_cat-simmer-yn-fryslan","11":"product_cat-taalplan-2030","12":"product_cat-tema-simmer-foar-jonge-bern","13":"product_cat-underwiis","14":"product_tag-doeboek","15":"product_tag-fakansje","16":"product_tag-gedichtsjes","17":"product_tag-knutselje","18":"product_tag-simmer","19":"product_tag-simmerboek","20":"product_tag-spultsjes","21":"product_tag-zomer","22":"product_shipping_class-brievenbus-verzending","23":"pa_auteur-ferskate-skriuwers-2","24":"pa_isbn-22709","25":"pa_new-label-1-3","26":"pa_taal-frysk","27":"pa_uitgever-afuk","29":"first","30":"instock","31":"taxable","32":"shipping-taxable","33":"purchasable","34":"product-type-simple"},"acf":[],"yoast_head":"<!-- This site is optimized with the Yoast SEO plugin v27.3 - https:\/\/yoast.com\/product\/yoast-seo-wordpress\/ -->\n<title>Simmerboek &#8211; Af\u00fbk Websjop<\/title>\n<meta name=\"description\" content=\"Simmerboek is speciaal voor in de zomervakantie, thuis of onderweg! Een boek vol met verhaaltjes, gedichtjes, spelletjes en knutselwerkjes.\" \/>\n<meta name=\"robots\" content=\"index, follow, max-snippet:-1, max-image-preview:large, max-video-preview:-1\" \/>\n<link rel=\"canonical\" href=\"https:\/\/websjop.afuk.frl\/frl\/winkel\/simmerboek\/\" \/>\n<meta property=\"og:locale\" content=\"fy_NL\" \/>\n<meta property=\"og:type\" content=\"article\" \/>\n<meta property=\"og:title\" content=\"Simmerboek &#8211; Af\u00fbk Websjop\" \/>\n<meta property=\"og:description\" content=\"Simmerboek is speciaal voor in de zomervakantie, thuis of onderweg! Een boek vol met verhaaltjes, gedichtjes, spelletjes en knutselwerkjes.\" \/>\n<meta property=\"og:url\" content=\"https:\/\/websjop.afuk.frl\/frl\/winkel\/simmerboek\/\" \/>\n<meta property=\"og:site_name\" content=\"Af\u00fbk Websjop\" \/>\n<meta property=\"article:modified_time\" content=\"2025-09-01T07:41:53+00:00\" \/>\n<meta property=\"og:image\" content=\"https:\/\/websjop.afuk.frl\/wp-content\/uploads\/2024\/04\/Simmerboek-HR-scaled.jpg\" \/>\n\t<meta property=\"og:image:width\" content=\"1832\" \/>\n\t<meta property=\"og:image:height\" content=\"2560\" \/>\n\t<meta property=\"og:image:type\" content=\"image\/jpeg\" \/>\n<meta name=\"twitter:card\" content=\"summary_large_image\" \/>\n<meta name=\"twitter:label1\" content=\"Est. reading time\" \/>\n\t<meta name=\"twitter:data1\" content=\"1 minute\" \/>\n<script type=\"application\/ld+json\" class=\"yoast-schema-graph\">{\"@context\":\"https:\\\/\\\/schema.org\",\"@graph\":[{\"@type\":\"WebPage\",\"@id\":\"https:\\\/\\\/websjop.afuk.frl\\\/frl\\\/winkel\\\/simmerboek\\\/\",\"url\":\"https:\\\/\\\/websjop.afuk.frl\\\/frl\\\/winkel\\\/simmerboek\\\/\",\"name\":\"Simmerboek &#8211; Af\u00fbk Websjop\",\"isPartOf\":{\"@id\":\"https:\\\/\\\/websjop.afuk.frl\\\/frl\\\/#website\"},\"primaryImageOfPage\":{\"@id\":\"https:\\\/\\\/websjop.afuk.frl\\\/frl\\\/winkel\\\/simmerboek\\\/#primaryimage\"},\"image\":{\"@id\":\"https:\\\/\\\/websjop.afuk.frl\\\/frl\\\/winkel\\\/simmerboek\\\/#primaryimage\"},\"thumbnailUrl\":\"https:\\\/\\\/websjop.afuk.frl\\\/wp-content\\\/uploads\\\/2024\\\/04\\\/Simmerboek-HR-scaled.jpg\",\"datePublished\":\"2024-04-30T07:51:40+00:00\",\"dateModified\":\"2025-09-01T07:41:53+00:00\",\"description\":\"Simmerboek is speciaal voor in de zomervakantie, thuis of onderweg! Een boek vol met verhaaltjes, gedichtjes, spelletjes en knutselwerkjes.\",\"breadcrumb\":{\"@id\":\"https:\\\/\\\/websjop.afuk.frl\\\/frl\\\/winkel\\\/simmerboek\\\/#breadcrumb\"},\"inLanguage\":\"fy-NL\",\"potentialAction\":[{\"@type\":\"ReadAction\",\"target\":[\"https:\\\/\\\/websjop.afuk.frl\\\/frl\\\/winkel\\\/simmerboek\\\/\"]}]},{\"@type\":\"ImageObject\",\"inLanguage\":\"fy-NL\",\"@id\":\"https:\\\/\\\/websjop.afuk.frl\\\/frl\\\/winkel\\\/simmerboek\\\/#primaryimage\",\"url\":\"https:\\\/\\\/websjop.afuk.frl\\\/wp-content\\\/uploads\\\/2024\\\/04\\\/Simmerboek-HR-scaled.jpg\",\"contentUrl\":\"https:\\\/\\\/websjop.afuk.frl\\\/wp-content\\\/uploads\\\/2024\\\/04\\\/Simmerboek-HR-scaled.jpg\",\"width\":1832,\"height\":2560},{\"@type\":\"BreadcrumbList\",\"@id\":\"https:\\\/\\\/websjop.afuk.frl\\\/frl\\\/winkel\\\/simmerboek\\\/#breadcrumb\",\"itemListElement\":[{\"@type\":\"ListItem\",\"position\":1,\"name\":\"Home\",\"item\":\"https:\\\/\\\/websjop.afuk.frl\\\/frl\\\/\"},{\"@type\":\"ListItem\",\"position\":2,\"name\":\"Winkel\",\"item\":\"https:\\\/\\\/websjop.afuk.frl\\\/nl\\\/winkel\\\/\"},{\"@type\":\"ListItem\",\"position\":3,\"name\":\"Simmerboek\"}]},{\"@type\":\"WebSite\",\"@id\":\"https:\\\/\\\/websjop.afuk.frl\\\/frl\\\/#website\",\"url\":\"https:\\\/\\\/websjop.afuk.frl\\\/frl\\\/\",\"name\":\"Af\u00fbk Websjop\",\"description\":\"\",\"potentialAction\":[{\"@type\":\"SearchAction\",\"target\":{\"@type\":\"EntryPoint\",\"urlTemplate\":\"https:\\\/\\\/websjop.afuk.frl\\\/frl\\\/?s={search_term_string}\"},\"query-input\":{\"@type\":\"PropertyValueSpecification\",\"valueRequired\":true,\"valueName\":\"search_term_string\"}}],\"inLanguage\":\"fy-NL\"}]}<\/script>\n<!-- \/ Yoast SEO plugin. -->","yoast_head_json":{"title":"Simmerboek &#8211; Af\u00fbk Websjop","description":"Simmerboek is speciaal voor in de zomervakantie, thuis of onderweg! Een boek vol met verhaaltjes, gedichtjes, spelletjes en knutselwerkjes.","robots":{"index":"index","follow":"follow","max-snippet":"max-snippet:-1","max-image-preview":"max-image-preview:large","max-video-preview":"max-video-preview:-1"},"canonical":"https:\/\/websjop.afuk.frl\/frl\/winkel\/simmerboek\/","og_locale":"fy_NL","og_type":"article","og_title":"Simmerboek &#8211; Af\u00fbk Websjop","og_description":"Simmerboek is speciaal voor in de zomervakantie, thuis of onderweg! Een boek vol met verhaaltjes, gedichtjes, spelletjes en knutselwerkjes.","og_url":"https:\/\/websjop.afuk.frl\/frl\/winkel\/simmerboek\/","og_site_name":"Af\u00fbk Websjop","article_modified_time":"2025-09-01T07:41:53+00:00","og_image":[{"width":1832,"height":2560,"url":"https:\/\/websjop.afuk.frl\/wp-content\/uploads\/2024\/04\/Simmerboek-HR-scaled.jpg","type":"image\/jpeg"}],"twitter_card":"summary_large_image","twitter_misc":{"Est. reading time":"1 minute"},"schema":{"@context":"https:\/\/schema.org","@graph":[{"@type":"WebPage","@id":"https:\/\/websjop.afuk.frl\/frl\/winkel\/simmerboek\/","url":"https:\/\/websjop.afuk.frl\/frl\/winkel\/simmerboek\/","name":"Simmerboek &#8211; Af\u00fbk Websjop","isPartOf":{"@id":"https:\/\/websjop.afuk.frl\/frl\/#website"},"primaryImageOfPage":{"@id":"https:\/\/websjop.afuk.frl\/frl\/winkel\/simmerboek\/#primaryimage"},"image":{"@id":"https:\/\/websjop.afuk.frl\/frl\/winkel\/simmerboek\/#primaryimage"},"thumbnailUrl":"https:\/\/websjop.afuk.frl\/wp-content\/uploads\/2024\/04\/Simmerboek-HR-scaled.jpg","datePublished":"2024-04-30T07:51:40+00:00","dateModified":"2025-09-01T07:41:53+00:00","description":"Simmerboek is speciaal voor in de zomervakantie, thuis of onderweg! Een boek vol met verhaaltjes, gedichtjes, spelletjes en knutselwerkjes.","breadcrumb":{"@id":"https:\/\/websjop.afuk.frl\/frl\/winkel\/simmerboek\/#breadcrumb"},"inLanguage":"fy-NL","potentialAction":[{"@type":"ReadAction","target":["https:\/\/websjop.afuk.frl\/frl\/winkel\/simmerboek\/"]}]},{"@type":"ImageObject","inLanguage":"fy-NL","@id":"https:\/\/websjop.afuk.frl\/frl\/winkel\/simmerboek\/#primaryimage","url":"https:\/\/websjop.afuk.frl\/wp-content\/uploads\/2024\/04\/Simmerboek-HR-scaled.jpg","contentUrl":"https:\/\/websjop.afuk.frl\/wp-content\/uploads\/2024\/04\/Simmerboek-HR-scaled.jpg","width":1832,"height":2560},{"@type":"BreadcrumbList","@id":"https:\/\/websjop.afuk.frl\/frl\/winkel\/simmerboek\/#breadcrumb","itemListElement":[{"@type":"ListItem","position":1,"name":"Home","item":"https:\/\/websjop.afuk.frl\/frl\/"},{"@type":"ListItem","position":2,"name":"Winkel","item":"https:\/\/websjop.afuk.frl\/nl\/winkel\/"},{"@type":"ListItem","position":3,"name":"Simmerboek"}]},{"@type":"WebSite","@id":"https:\/\/websjop.afuk.frl\/frl\/#website","url":"https:\/\/websjop.afuk.frl\/frl\/","name":"Af\u00fbk Websjop","description":"","potentialAction":[{"@type":"SearchAction","target":{"@type":"EntryPoint","urlTemplate":"https:\/\/websjop.afuk.frl\/frl\/?s={search_term_string}"},"query-input":{"@type":"PropertyValueSpecification","valueRequired":true,"valueName":"search_term_string"}}],"inLanguage":"fy-NL"}]}},"_links":{"self":[{"href":"https:\/\/websjop.afuk.frl\/frl\/wp-json\/wp\/v2\/product\/43204","targetHints":{"allow":["GET"]}}],"collection":[{"href":"https:\/\/websjop.afuk.frl\/frl\/wp-json\/wp\/v2\/product"}],"about":[{"href":"https:\/\/websjop.afuk.frl\/frl\/wp-json\/wp\/v2\/types\/product"}],"replies":[{"embeddable":true,"href":"https:\/\/websjop.afuk.frl\/frl\/wp-json\/wp\/v2\/comments?post=43204"}],"wp:featuredmedia":[{"embeddable":true,"href":"https:\/\/websjop.afuk.frl\/frl\/wp-json\/wp\/v2\/media\/43205"}],"wp:attachment":[{"href":"https:\/\/websjop.afuk.frl\/frl\/wp-json\/wp\/v2\/media?parent=43204"}],"wp:term":[{"taxonomy":"product_brand","embeddable":true,"href":"https:\/\/websjop.afuk.frl\/frl\/wp-json\/wp\/v2\/product_brand?post=43204"},{"taxonomy":"product_cat","embeddable":true,"href":"https:\/\/websjop.afuk.frl\/frl\/wp-json\/wp\/v2\/product_cat?post=43204"},{"taxonomy":"product_tag","embeddable":true,"href":"https:\/\/websjop.afuk.frl\/frl\/wp-json\/wp\/v2\/product_tag?post=43204"}],"curies":[{"name":"wp","href":"https:\/\/api.w.org\/{rel}","templated":true}]}}