{"id":42405,"date":"2024-02-26T09:45:42","date_gmt":"2024-02-26T08:45:42","guid":{"rendered":"https:\/\/websjop.afuk.frl\/nl\/?post_type=product&#038;p=42405"},"modified":"2024-05-01T08:15:01","modified_gmt":"2024-05-01T07:15:01","slug":"meslanzer-woardeboek","status":"publish","type":"product","link":"https:\/\/websjop.afuk.frl\/frl\/winkel\/meslanzer-woardeboek\/","title":{"rendered":"Mesl\u00e2nzer Woardeboek"},"content":{"rendered":"<p>Is het taallandschap van de provincie Frysl\u00e2n al ingewikkeld, dan springt het eiland Terschelling daar gezien zijn bescheiden oppervlakte nog eens bovenuit. Op een bevolkingsaantal van slechts 5000 vaste bewoners zijn er maar liefst drie dialecten te onderscheiden. In het dorp West-Terschelling is er het Westers, en in de oostelijke dorpen wordt Aasters gesproken. Beide zijn in de kern Fries, maar dan wel een Fries dat aanzienlijk afwijkt van het gewone Fries op de vastewal. Bovendien verschillen Westers en Aasters ook nog eens van elkaar.<\/p>\n<p>Tussen het Westers en Aasters ingeklemd vinden we het dialect van Midsland en omstreken. Dat heet in het Nederlands het Midslands, maar op het eiland is het eerder bekend als Mesl\u00e2nzers, en die naam wordt ook in dit woordenboek gehanteerd. Het is een afleiding van Mesl\u00e2ns, de eilander naam voor het Nederlandse Midsland. De grenzen van het dialect komen overeen met die van de eerdere Hervormde Gemeente Midsland, van Hee in het westen tot en met het westelijk gedeelte van Formerum in het oosten. Het gebied telt ongeveer 1500 inwoners, die echter niet allemaal de taal machtig zijn. Het aantal sprekers blijft naar schatting steken op zo\u2019n 25 procent van de bevolking. Daarnaast zijn er natuurlijk ook nog verhuisde Midslanders die hun dialect nog altijd beheersen. Bovendien moet opgemerkt worden dat het Mesl\u00e2nzers op Terschelling vanouds fungeert als een lingua franca: is er bij een bijeenkomst behoefte aan een gezamenlijk taal, dan is dat het Mesl\u00e2nzers.<\/p>\n<p>Woordenboek Mesl\u00e2nzers \u2013 Nederlands, index Nederlands-Mesl\u00e2nzers, introductie klanken, spelling en grammatica.<\/p>\n<p>&nbsp;<\/p>\n","protected":false},"excerpt":{"rendered":"<p>Is het taallandschap van de provincie Frysl\u00e2n al ingewikkeld, dan springt het eiland Terschelling daar gezien zijn bescheiden oppervlakte nog eens bovenuit. Op een bevolkingsaantal van slechts 5000 vaste bewoners zijn er maar liefst drie dialecten te onderscheiden. In het dorp West-Terschelling is er het Westers, en in de oostelijke dorpen wordt Aasters gesproken. Beide [&hellip;]<\/p>\n","protected":false},"featured_media":42542,"comment_status":"closed","ping_status":"closed","template":"","meta":{"_acf_changed":false},"product_brand":[],"product_cat":[1043,9809,535,536],"product_tag":[17672,22562,22565,22563,22564,5972,5355],"class_list":{"0":"post-42405","1":"product","2":"type-product","3":"status-publish","4":"has-post-thumbnail","6":"product_cat-edukatyf","7":"product_cat-frysk-wurdboek","8":"product_cat-fryske-boeken","9":"product_cat-taal-en-studzjeboeken","10":"product_tag-dialect","11":"product_tag-meslanzer-woardeboek","12":"product_tag-midslands","13":"product_tag-siebren-dyk","14":"product_tag-skylge","15":"product_tag-terschelling","16":"product_tag-wurdboek","17":"product_shipping_class-pakketpost-verzending","18":"pa_auteur-redaksje-siebren-dyk","19":"pa_isbn-22590","20":"pa_new-label-1-3","21":"pa_taal-meslanzers-nederlands","22":"pa_uitgever-afuk","24":"first","25":"instock","26":"taxable","27":"shipping-taxable","28":"purchasable","29":"product-type-simple"},"acf":[],"yoast_head":"<!-- This site is optimized with the Yoast SEO plugin v27.2 - https:\/\/yoast.com\/product\/yoast-seo-wordpress\/ -->\n<title>Mesl\u00e2nzer Woardeboek &#8211; Af\u00fbk Websjop<\/title>\n<meta name=\"description\" content=\"Het taallandschap van het eiland Terschelling bestaat maar liefst uit 3 dialecten.Het Mesl\u00e2nzer-Nederlands Woardeboek bevat een index Nederlands-Mesl\u00e2nzers.\" \/>\n<meta name=\"robots\" content=\"index, follow, max-snippet:-1, max-image-preview:large, max-video-preview:-1\" \/>\n<link rel=\"canonical\" href=\"https:\/\/websjop.afuk.frl\/frl\/winkel\/meslanzer-woardeboek\/\" \/>\n<meta property=\"og:locale\" content=\"fy_NL\" \/>\n<meta property=\"og:type\" content=\"article\" \/>\n<meta property=\"og:title\" content=\"Mesl\u00e2nzer Woardeboek &#8211; Af\u00fbk Websjop\" \/>\n<meta property=\"og:description\" content=\"Het taallandschap van het eiland Terschelling bestaat maar liefst uit 3 dialecten.Het Mesl\u00e2nzer-Nederlands Woardeboek bevat een index Nederlands-Mesl\u00e2nzers.\" \/>\n<meta property=\"og:url\" content=\"https:\/\/websjop.afuk.frl\/frl\/winkel\/meslanzer-woardeboek\/\" \/>\n<meta property=\"og:site_name\" content=\"Af\u00fbk Websjop\" \/>\n<meta property=\"article:modified_time\" content=\"2024-05-01T07:15:01+00:00\" \/>\n<meta property=\"og:image\" content=\"https:\/\/websjop.afuk.frl\/wp-content\/uploads\/2024\/02\/Meslanzer-woardeboek766.jpg\" \/>\n\t<meta property=\"og:image:width\" content=\"461\" \/>\n\t<meta property=\"og:image:height\" content=\"682\" \/>\n\t<meta property=\"og:image:type\" content=\"image\/jpeg\" \/>\n<meta name=\"twitter:card\" content=\"summary_large_image\" \/>\n<meta name=\"twitter:label1\" content=\"Est. reading time\" \/>\n\t<meta name=\"twitter:data1\" content=\"1 minute\" \/>\n<script type=\"application\/ld+json\" class=\"yoast-schema-graph\">{\"@context\":\"https:\/\/schema.org\",\"@graph\":[{\"@type\":\"WebPage\",\"@id\":\"https:\/\/websjop.afuk.frl\/frl\/winkel\/meslanzer-woardeboek\/\",\"url\":\"https:\/\/websjop.afuk.frl\/frl\/winkel\/meslanzer-woardeboek\/\",\"name\":\"Mesl\u00e2nzer Woardeboek &#8211; Af\u00fbk Websjop\",\"isPartOf\":{\"@id\":\"https:\/\/websjop.afuk.frl\/frl\/#website\"},\"primaryImageOfPage\":{\"@id\":\"https:\/\/websjop.afuk.frl\/frl\/winkel\/meslanzer-woardeboek\/#primaryimage\"},\"image\":{\"@id\":\"https:\/\/websjop.afuk.frl\/frl\/winkel\/meslanzer-woardeboek\/#primaryimage\"},\"thumbnailUrl\":\"https:\/\/websjop.afuk.frl\/wp-content\/uploads\/2024\/02\/Meslanzer-woardeboek766.jpg\",\"datePublished\":\"2024-02-26T08:45:42+00:00\",\"dateModified\":\"2024-05-01T07:15:01+00:00\",\"description\":\"Het taallandschap van het eiland Terschelling bestaat maar liefst uit 3 dialecten.Het Mesl\u00e2nzer-Nederlands Woardeboek bevat een index Nederlands-Mesl\u00e2nzers.\",\"breadcrumb\":{\"@id\":\"https:\/\/websjop.afuk.frl\/frl\/winkel\/meslanzer-woardeboek\/#breadcrumb\"},\"inLanguage\":\"fy-NL\",\"potentialAction\":[{\"@type\":\"ReadAction\",\"target\":[\"https:\/\/websjop.afuk.frl\/frl\/winkel\/meslanzer-woardeboek\/\"]}]},{\"@type\":\"ImageObject\",\"inLanguage\":\"fy-NL\",\"@id\":\"https:\/\/websjop.afuk.frl\/frl\/winkel\/meslanzer-woardeboek\/#primaryimage\",\"url\":\"https:\/\/websjop.afuk.frl\/wp-content\/uploads\/2024\/02\/Meslanzer-woardeboek766.jpg\",\"contentUrl\":\"https:\/\/websjop.afuk.frl\/wp-content\/uploads\/2024\/02\/Meslanzer-woardeboek766.jpg\",\"width\":461,\"height\":682},{\"@type\":\"BreadcrumbList\",\"@id\":\"https:\/\/websjop.afuk.frl\/frl\/winkel\/meslanzer-woardeboek\/#breadcrumb\",\"itemListElement\":[{\"@type\":\"ListItem\",\"position\":1,\"name\":\"Home\",\"item\":\"https:\/\/websjop.afuk.frl\/frl\/\"},{\"@type\":\"ListItem\",\"position\":2,\"name\":\"Winkel\",\"item\":\"https:\/\/websjop.afuk.frl\/nl\/winkel\/\"},{\"@type\":\"ListItem\",\"position\":3,\"name\":\"Mesl\u00e2nzer Woardeboek\"}]},{\"@type\":\"WebSite\",\"@id\":\"https:\/\/websjop.afuk.frl\/frl\/#website\",\"url\":\"https:\/\/websjop.afuk.frl\/frl\/\",\"name\":\"Af\u00fbk Websjop\",\"description\":\"\",\"potentialAction\":[{\"@type\":\"SearchAction\",\"target\":{\"@type\":\"EntryPoint\",\"urlTemplate\":\"https:\/\/websjop.afuk.frl\/frl\/?s={search_term_string}\"},\"query-input\":{\"@type\":\"PropertyValueSpecification\",\"valueRequired\":true,\"valueName\":\"search_term_string\"}}],\"inLanguage\":\"fy-NL\"}]}<\/script>\n<!-- \/ Yoast SEO plugin. -->","yoast_head_json":{"title":"Mesl\u00e2nzer Woardeboek &#8211; Af\u00fbk Websjop","description":"Het taallandschap van het eiland Terschelling bestaat maar liefst uit 3 dialecten.Het Mesl\u00e2nzer-Nederlands Woardeboek bevat een index Nederlands-Mesl\u00e2nzers.","robots":{"index":"index","follow":"follow","max-snippet":"max-snippet:-1","max-image-preview":"max-image-preview:large","max-video-preview":"max-video-preview:-1"},"canonical":"https:\/\/websjop.afuk.frl\/frl\/winkel\/meslanzer-woardeboek\/","og_locale":"fy_NL","og_type":"article","og_title":"Mesl\u00e2nzer Woardeboek &#8211; Af\u00fbk Websjop","og_description":"Het taallandschap van het eiland Terschelling bestaat maar liefst uit 3 dialecten.Het Mesl\u00e2nzer-Nederlands Woardeboek bevat een index Nederlands-Mesl\u00e2nzers.","og_url":"https:\/\/websjop.afuk.frl\/frl\/winkel\/meslanzer-woardeboek\/","og_site_name":"Af\u00fbk Websjop","article_modified_time":"2024-05-01T07:15:01+00:00","og_image":[{"width":461,"height":682,"url":"https:\/\/websjop.afuk.frl\/wp-content\/uploads\/2024\/02\/Meslanzer-woardeboek766.jpg","type":"image\/jpeg"}],"twitter_card":"summary_large_image","twitter_misc":{"Est. reading time":"1 minute"},"schema":{"@context":"https:\/\/schema.org","@graph":[{"@type":"WebPage","@id":"https:\/\/websjop.afuk.frl\/frl\/winkel\/meslanzer-woardeboek\/","url":"https:\/\/websjop.afuk.frl\/frl\/winkel\/meslanzer-woardeboek\/","name":"Mesl\u00e2nzer Woardeboek &#8211; Af\u00fbk Websjop","isPartOf":{"@id":"https:\/\/websjop.afuk.frl\/frl\/#website"},"primaryImageOfPage":{"@id":"https:\/\/websjop.afuk.frl\/frl\/winkel\/meslanzer-woardeboek\/#primaryimage"},"image":{"@id":"https:\/\/websjop.afuk.frl\/frl\/winkel\/meslanzer-woardeboek\/#primaryimage"},"thumbnailUrl":"https:\/\/websjop.afuk.frl\/wp-content\/uploads\/2024\/02\/Meslanzer-woardeboek766.jpg","datePublished":"2024-02-26T08:45:42+00:00","dateModified":"2024-05-01T07:15:01+00:00","description":"Het taallandschap van het eiland Terschelling bestaat maar liefst uit 3 dialecten.Het Mesl\u00e2nzer-Nederlands Woardeboek bevat een index Nederlands-Mesl\u00e2nzers.","breadcrumb":{"@id":"https:\/\/websjop.afuk.frl\/frl\/winkel\/meslanzer-woardeboek\/#breadcrumb"},"inLanguage":"fy-NL","potentialAction":[{"@type":"ReadAction","target":["https:\/\/websjop.afuk.frl\/frl\/winkel\/meslanzer-woardeboek\/"]}]},{"@type":"ImageObject","inLanguage":"fy-NL","@id":"https:\/\/websjop.afuk.frl\/frl\/winkel\/meslanzer-woardeboek\/#primaryimage","url":"https:\/\/websjop.afuk.frl\/wp-content\/uploads\/2024\/02\/Meslanzer-woardeboek766.jpg","contentUrl":"https:\/\/websjop.afuk.frl\/wp-content\/uploads\/2024\/02\/Meslanzer-woardeboek766.jpg","width":461,"height":682},{"@type":"BreadcrumbList","@id":"https:\/\/websjop.afuk.frl\/frl\/winkel\/meslanzer-woardeboek\/#breadcrumb","itemListElement":[{"@type":"ListItem","position":1,"name":"Home","item":"https:\/\/websjop.afuk.frl\/frl\/"},{"@type":"ListItem","position":2,"name":"Winkel","item":"https:\/\/websjop.afuk.frl\/nl\/winkel\/"},{"@type":"ListItem","position":3,"name":"Mesl\u00e2nzer Woardeboek"}]},{"@type":"WebSite","@id":"https:\/\/websjop.afuk.frl\/frl\/#website","url":"https:\/\/websjop.afuk.frl\/frl\/","name":"Af\u00fbk Websjop","description":"","potentialAction":[{"@type":"SearchAction","target":{"@type":"EntryPoint","urlTemplate":"https:\/\/websjop.afuk.frl\/frl\/?s={search_term_string}"},"query-input":{"@type":"PropertyValueSpecification","valueRequired":true,"valueName":"search_term_string"}}],"inLanguage":"fy-NL"}]}},"_links":{"self":[{"href":"https:\/\/websjop.afuk.frl\/frl\/wp-json\/wp\/v2\/product\/42405","targetHints":{"allow":["GET"]}}],"collection":[{"href":"https:\/\/websjop.afuk.frl\/frl\/wp-json\/wp\/v2\/product"}],"about":[{"href":"https:\/\/websjop.afuk.frl\/frl\/wp-json\/wp\/v2\/types\/product"}],"replies":[{"embeddable":true,"href":"https:\/\/websjop.afuk.frl\/frl\/wp-json\/wp\/v2\/comments?post=42405"}],"wp:featuredmedia":[{"embeddable":true,"href":"https:\/\/websjop.afuk.frl\/frl\/wp-json\/wp\/v2\/media\/42542"}],"wp:attachment":[{"href":"https:\/\/websjop.afuk.frl\/frl\/wp-json\/wp\/v2\/media?parent=42405"}],"wp:term":[{"taxonomy":"product_brand","embeddable":true,"href":"https:\/\/websjop.afuk.frl\/frl\/wp-json\/wp\/v2\/product_brand?post=42405"},{"taxonomy":"product_cat","embeddable":true,"href":"https:\/\/websjop.afuk.frl\/frl\/wp-json\/wp\/v2\/product_cat?post=42405"},{"taxonomy":"product_tag","embeddable":true,"href":"https:\/\/websjop.afuk.frl\/frl\/wp-json\/wp\/v2\/product_tag?post=42405"}],"curies":[{"name":"wp","href":"https:\/\/api.w.org\/{rel}","templated":true}]}}