{"id":42126,"date":"2024-01-31T08:40:27","date_gmt":"2024-01-31T07:40:27","guid":{"rendered":"https:\/\/websjop.afuk.frl\/nl\/?post_type=product&#038;p=42126"},"modified":"2024-11-18T15:54:38","modified_gmt":"2024-11-18T14:54:38","slug":"gozert","status":"publish","type":"product","link":"https:\/\/websjop.afuk.frl\/frl\/winkel\/gozert\/","title":{"rendered":"Gozert &#8211; yn it Frysk"},"content":{"rendered":"<p>Ties heeft een probleem. Tenminste&#8230; dat vinden de meeste mensen. Ties vindt van niet: hij heeft een vriend. Gozert. De beste, leukste, stoerste, coolste vriend die je je maar kunt voorstellen.<\/p>\n<p>Alleen is Ties de enigste die Gozert ziet en hoort. En de plannen van Gozert zijn zo fantastisch dat Ties erdoor in de problemen komt&#8230;<\/p>\n<p>Ties zijn vader en moeder willen dat Gozert verdwijnt en nemen een ingrijpend besluit. Maar Ties wil helemaal niet van Gozert af. Wat moet hij doen.<\/p>\n<p>Leeftijd: 10+<\/p>\n<p>Jeugdtheater FRETS heeft een toneelvoorstelling gemaakt n.a.v. het boek: <a href=\"https:\/\/gozertdevoorstelling.nl\/nl\/\">https:\/\/gozertdevoorstelling.nl\/nl\/<\/a><\/p>\n<p>&nbsp;<\/p>\n<hr \/>\n<p>Simone: <em>&#8220;De skriuwer hat de belibbingswr\u00e2ld fan Ties echt fantastysk beskreaun. Hy beskriuwt de \u00fbnderfiningen fan\u00fat Ties krekt lykas bern dy sjogge. Want hoe stom is it foar in bern as dyn \u00e2lden allinnich mar de rommel sjogge dy\u2019tst makke hast, wylst der in fantastysk aventoer achter sit. Hoe hearlik dat in bern him hielendal ferlieze kin yn syn spul, mei of s\u00fbnder in \u00fbnsichtbere freon lykas Gozert. Want de belibbingswr\u00e2ld fan in bern, hoe fantastysk is dy?! Al bliuwt it by Ties en Gozert faak net by allinnich mar rommel meitsjen. De fraach is dan: yn hoefier giest d\u00ear as \u00e2lden yn mei en hoe fynst d\u00earyn in middenwei.&#8221; <a href=\"https:\/\/heitenmem.nl\/artikel\/27803\/gozert-de-resinsje-fan-simone\/\" target=\"_blank\" rel=\"noopener\">L\u00eas hjir de folsleine resinsje fan Simone.<\/a><\/em><\/p>\n<p>Lisanne: <em>&#8220;De Nederlandse versie had ik al gelezen en was al groot fan van Ties en Gozert. Daarom was ik ook erg nieuwsgierig naar de Fryske vertaling. Kan de vertaler (Rymke Zijlstra) het verhaal net zo boeiend overbrengen. Dit is zeker gelukt, want wat blijft dit een top boek!&#8221; <a href=\"https:\/\/heitenmem.frl\/de-resinsje-fan-lisanne-gozert\/\" target=\"_blank\" rel=\"noopener\">L\u00eas hjir de folsleine resinsje fan Lisanne.<\/a><\/em><\/p>\n<p>&nbsp;<\/p>\n","protected":false},"excerpt":{"rendered":"<p>Ties heeft een probleem. Tenminste&#8230; dat vinden de meeste mensen. Ties vindt van niet: hij heeft een vriend. Gozert. De beste, leukste, stoerste, coolste vriend die je je maar kunt voorstellen. Alleen is Ties de enigste die Gozert ziet en hoort. En de plannen van Gozert zijn zo fantastisch dat Ties erdoor in de problemen [&hellip;]<\/p>\n","protected":false},"featured_media":42127,"comment_status":"closed","ping_status":"closed","template":"","meta":{"_acf_changed":false},"product_brand":[],"product_cat":[1213,551,535,21150,23212],"product_tag":[6145,6108,22512,22513,22514,15282],"class_list":{"0":"post-42126","1":"product","2":"type-product","3":"status-publish","4":"has-post-thumbnail","6":"product_cat-berne-en-jeugdboeken","7":"product_cat-berneboeken-8-12","8":"product_cat-fryske-boeken","9":"product_cat-kinderboekenweek","10":"product_cat-tema-10-oant-12-jier","11":"product_tag-freon","12":"product_tag-freonskip","13":"product_tag-gozert","14":"product_tag-pieter-koolwijk","15":"product_tag-vriend","16":"product_tag-vriendschap","17":"product_shipping_class-brievenbus-verzending","18":"pa_auteur-pieter-koolwijk","19":"pa_isbn-22510","20":"pa_new-label-1-3","21":"pa_taal-frysk","22":"pa_uitgever-afuk","23":"pa_vertaler-rymke-zijlstra","25":"first","26":"instock","27":"featured","28":"taxable","29":"shipping-taxable","30":"purchasable","31":"product-type-simple"},"acf":[],"yoast_head":"<!-- This site is optimized with the Yoast SEO plugin v27.2 - https:\/\/yoast.com\/product\/yoast-seo-wordpress\/ -->\n<title>Gozert - yn it Frysk &#8211; Af\u00fbk Websjop<\/title>\n<meta name=\"description\" content=\"Ties heeft een vriend: Gozert. Alleen is Ties de enigste die Gozert ziet en hoort. De plannen van Gozert zijn zo fantastisch dat Ties in problemen komt...\" \/>\n<meta name=\"robots\" content=\"index, follow, max-snippet:-1, max-image-preview:large, max-video-preview:-1\" \/>\n<link rel=\"canonical\" href=\"https:\/\/websjop.afuk.frl\/frl\/winkel\/gozert\/\" \/>\n<meta property=\"og:locale\" content=\"fy_NL\" \/>\n<meta property=\"og:type\" content=\"article\" \/>\n<meta property=\"og:title\" content=\"Gozert - yn it Frysk &#8211; Af\u00fbk Websjop\" \/>\n<meta property=\"og:description\" content=\"Ties heeft een vriend: Gozert. Alleen is Ties de enigste die Gozert ziet en hoort. De plannen van Gozert zijn zo fantastisch dat Ties in problemen komt...\" \/>\n<meta property=\"og:url\" content=\"https:\/\/websjop.afuk.frl\/frl\/winkel\/gozert\/\" \/>\n<meta property=\"og:site_name\" content=\"Af\u00fbk Websjop\" \/>\n<meta property=\"article:modified_time\" content=\"2024-11-18T14:54:38+00:00\" \/>\n<meta property=\"og:image\" content=\"https:\/\/websjop.afuk.frl\/wp-content\/uploads\/2024\/01\/Gozert-LR.jpg\" \/>\n\t<meta property=\"og:image:width\" content=\"1000\" \/>\n\t<meta property=\"og:image:height\" content=\"1484\" \/>\n\t<meta property=\"og:image:type\" content=\"image\/jpeg\" \/>\n<meta name=\"twitter:card\" content=\"summary_large_image\" \/>\n<meta name=\"twitter:label1\" content=\"Est. reading time\" \/>\n\t<meta name=\"twitter:data1\" content=\"1 minute\" \/>\n<script type=\"application\/ld+json\" class=\"yoast-schema-graph\">{\"@context\":\"https:\/\/schema.org\",\"@graph\":[{\"@type\":\"WebPage\",\"@id\":\"https:\/\/websjop.afuk.frl\/frl\/winkel\/gozert\/\",\"url\":\"https:\/\/websjop.afuk.frl\/frl\/winkel\/gozert\/\",\"name\":\"Gozert - yn it Frysk &#8211; Af\u00fbk Websjop\",\"isPartOf\":{\"@id\":\"https:\/\/websjop.afuk.frl\/frl\/#website\"},\"primaryImageOfPage\":{\"@id\":\"https:\/\/websjop.afuk.frl\/frl\/winkel\/gozert\/#primaryimage\"},\"image\":{\"@id\":\"https:\/\/websjop.afuk.frl\/frl\/winkel\/gozert\/#primaryimage\"},\"thumbnailUrl\":\"https:\/\/websjop.afuk.frl\/wp-content\/uploads\/2024\/01\/Gozert-LR.jpg\",\"datePublished\":\"2024-01-31T07:40:27+00:00\",\"dateModified\":\"2024-11-18T14:54:38+00:00\",\"description\":\"Ties heeft een vriend: Gozert. Alleen is Ties de enigste die Gozert ziet en hoort. De plannen van Gozert zijn zo fantastisch dat Ties in problemen komt...\",\"breadcrumb\":{\"@id\":\"https:\/\/websjop.afuk.frl\/frl\/winkel\/gozert\/#breadcrumb\"},\"inLanguage\":\"fy-NL\",\"potentialAction\":[{\"@type\":\"ReadAction\",\"target\":[\"https:\/\/websjop.afuk.frl\/frl\/winkel\/gozert\/\"]}]},{\"@type\":\"ImageObject\",\"inLanguage\":\"fy-NL\",\"@id\":\"https:\/\/websjop.afuk.frl\/frl\/winkel\/gozert\/#primaryimage\",\"url\":\"https:\/\/websjop.afuk.frl\/wp-content\/uploads\/2024\/01\/Gozert-LR.jpg\",\"contentUrl\":\"https:\/\/websjop.afuk.frl\/wp-content\/uploads\/2024\/01\/Gozert-LR.jpg\",\"width\":1000,\"height\":1484},{\"@type\":\"BreadcrumbList\",\"@id\":\"https:\/\/websjop.afuk.frl\/frl\/winkel\/gozert\/#breadcrumb\",\"itemListElement\":[{\"@type\":\"ListItem\",\"position\":1,\"name\":\"Home\",\"item\":\"https:\/\/websjop.afuk.frl\/frl\/\"},{\"@type\":\"ListItem\",\"position\":2,\"name\":\"Winkel\",\"item\":\"https:\/\/websjop.afuk.frl\/nl\/winkel\/\"},{\"@type\":\"ListItem\",\"position\":3,\"name\":\"Gozert &#8211; yn it Frysk\"}]},{\"@type\":\"WebSite\",\"@id\":\"https:\/\/websjop.afuk.frl\/frl\/#website\",\"url\":\"https:\/\/websjop.afuk.frl\/frl\/\",\"name\":\"Af\u00fbk Websjop\",\"description\":\"\",\"potentialAction\":[{\"@type\":\"SearchAction\",\"target\":{\"@type\":\"EntryPoint\",\"urlTemplate\":\"https:\/\/websjop.afuk.frl\/frl\/?s={search_term_string}\"},\"query-input\":{\"@type\":\"PropertyValueSpecification\",\"valueRequired\":true,\"valueName\":\"search_term_string\"}}],\"inLanguage\":\"fy-NL\"}]}<\/script>\n<!-- \/ Yoast SEO plugin. -->","yoast_head_json":{"title":"Gozert - yn it Frysk &#8211; Af\u00fbk Websjop","description":"Ties heeft een vriend: Gozert. Alleen is Ties de enigste die Gozert ziet en hoort. De plannen van Gozert zijn zo fantastisch dat Ties in problemen komt...","robots":{"index":"index","follow":"follow","max-snippet":"max-snippet:-1","max-image-preview":"max-image-preview:large","max-video-preview":"max-video-preview:-1"},"canonical":"https:\/\/websjop.afuk.frl\/frl\/winkel\/gozert\/","og_locale":"fy_NL","og_type":"article","og_title":"Gozert - yn it Frysk &#8211; Af\u00fbk Websjop","og_description":"Ties heeft een vriend: Gozert. Alleen is Ties de enigste die Gozert ziet en hoort. De plannen van Gozert zijn zo fantastisch dat Ties in problemen komt...","og_url":"https:\/\/websjop.afuk.frl\/frl\/winkel\/gozert\/","og_site_name":"Af\u00fbk Websjop","article_modified_time":"2024-11-18T14:54:38+00:00","og_image":[{"width":1000,"height":1484,"url":"https:\/\/websjop.afuk.frl\/wp-content\/uploads\/2024\/01\/Gozert-LR.jpg","type":"image\/jpeg"}],"twitter_card":"summary_large_image","twitter_misc":{"Est. reading time":"1 minute"},"schema":{"@context":"https:\/\/schema.org","@graph":[{"@type":"WebPage","@id":"https:\/\/websjop.afuk.frl\/frl\/winkel\/gozert\/","url":"https:\/\/websjop.afuk.frl\/frl\/winkel\/gozert\/","name":"Gozert - yn it Frysk &#8211; Af\u00fbk Websjop","isPartOf":{"@id":"https:\/\/websjop.afuk.frl\/frl\/#website"},"primaryImageOfPage":{"@id":"https:\/\/websjop.afuk.frl\/frl\/winkel\/gozert\/#primaryimage"},"image":{"@id":"https:\/\/websjop.afuk.frl\/frl\/winkel\/gozert\/#primaryimage"},"thumbnailUrl":"https:\/\/websjop.afuk.frl\/wp-content\/uploads\/2024\/01\/Gozert-LR.jpg","datePublished":"2024-01-31T07:40:27+00:00","dateModified":"2024-11-18T14:54:38+00:00","description":"Ties heeft een vriend: Gozert. Alleen is Ties de enigste die Gozert ziet en hoort. De plannen van Gozert zijn zo fantastisch dat Ties in problemen komt...","breadcrumb":{"@id":"https:\/\/websjop.afuk.frl\/frl\/winkel\/gozert\/#breadcrumb"},"inLanguage":"fy-NL","potentialAction":[{"@type":"ReadAction","target":["https:\/\/websjop.afuk.frl\/frl\/winkel\/gozert\/"]}]},{"@type":"ImageObject","inLanguage":"fy-NL","@id":"https:\/\/websjop.afuk.frl\/frl\/winkel\/gozert\/#primaryimage","url":"https:\/\/websjop.afuk.frl\/wp-content\/uploads\/2024\/01\/Gozert-LR.jpg","contentUrl":"https:\/\/websjop.afuk.frl\/wp-content\/uploads\/2024\/01\/Gozert-LR.jpg","width":1000,"height":1484},{"@type":"BreadcrumbList","@id":"https:\/\/websjop.afuk.frl\/frl\/winkel\/gozert\/#breadcrumb","itemListElement":[{"@type":"ListItem","position":1,"name":"Home","item":"https:\/\/websjop.afuk.frl\/frl\/"},{"@type":"ListItem","position":2,"name":"Winkel","item":"https:\/\/websjop.afuk.frl\/nl\/winkel\/"},{"@type":"ListItem","position":3,"name":"Gozert &#8211; yn it Frysk"}]},{"@type":"WebSite","@id":"https:\/\/websjop.afuk.frl\/frl\/#website","url":"https:\/\/websjop.afuk.frl\/frl\/","name":"Af\u00fbk Websjop","description":"","potentialAction":[{"@type":"SearchAction","target":{"@type":"EntryPoint","urlTemplate":"https:\/\/websjop.afuk.frl\/frl\/?s={search_term_string}"},"query-input":{"@type":"PropertyValueSpecification","valueRequired":true,"valueName":"search_term_string"}}],"inLanguage":"fy-NL"}]}},"_links":{"self":[{"href":"https:\/\/websjop.afuk.frl\/frl\/wp-json\/wp\/v2\/product\/42126","targetHints":{"allow":["GET"]}}],"collection":[{"href":"https:\/\/websjop.afuk.frl\/frl\/wp-json\/wp\/v2\/product"}],"about":[{"href":"https:\/\/websjop.afuk.frl\/frl\/wp-json\/wp\/v2\/types\/product"}],"replies":[{"embeddable":true,"href":"https:\/\/websjop.afuk.frl\/frl\/wp-json\/wp\/v2\/comments?post=42126"}],"wp:featuredmedia":[{"embeddable":true,"href":"https:\/\/websjop.afuk.frl\/frl\/wp-json\/wp\/v2\/media\/42127"}],"wp:attachment":[{"href":"https:\/\/websjop.afuk.frl\/frl\/wp-json\/wp\/v2\/media?parent=42126"}],"wp:term":[{"taxonomy":"product_brand","embeddable":true,"href":"https:\/\/websjop.afuk.frl\/frl\/wp-json\/wp\/v2\/product_brand?post=42126"},{"taxonomy":"product_cat","embeddable":true,"href":"https:\/\/websjop.afuk.frl\/frl\/wp-json\/wp\/v2\/product_cat?post=42126"},{"taxonomy":"product_tag","embeddable":true,"href":"https:\/\/websjop.afuk.frl\/frl\/wp-json\/wp\/v2\/product_tag?post=42126"}],"curies":[{"name":"wp","href":"https:\/\/api.w.org\/{rel}","templated":true}]}}