{"id":40931,"date":"2023-11-16T14:49:31","date_gmt":"2023-11-16T13:49:31","guid":{"rendered":"https:\/\/websjop.afuk.frl\/nl\/?post_type=product&#038;p=40931"},"modified":"2024-01-01T11:57:06","modified_gmt":"2024-01-01T10:57:06","slug":"1984","status":"publish","type":"product","link":"https:\/\/websjop.afuk.frl\/frl\/winkel\/1984\/","title":{"rendered":"1984"},"content":{"rendered":"<p>&#8216;Grutte Broer sjocht dy.&#8217; Een nieuwe wereldoorlog heeft het mensdom verdeeld over drie superstaten: Oceani\u00eb, Oostazi\u00eb en Eurazi\u00eb. Winston Smith werkt in de lagere echelons van het enorme ambtenarenapparaat dat nodig is om de Oceanische bevolking onder de duim te houden. Inlandse spionage, desinformatie, staatsterreur, de angst voor verraad &#8211; tot in het echtelijke bed &#8211; en taal zijn het gereedschap van het totalitaire regiem, aangestuurd door de &#8216;Binnen-Partij&#8217;, met aan het hoofd daarvan: Grutte Broer.<\/p>\n<p>Maar in die inktzwarte maatschappij bloeit wat moois op. De liefde laat zich niet onderdrukken, en geeft hoop. Er gloort licht voor Winston. Kan hij zichzelf, zijn liefde, de wereld redden?<\/p>\n<p>Had George Orwell met <em>Animal Farm <\/em>(1945) nog een tragikomische fabel geschreven om het mensdom tegen zichzelf te waarschuwen, met zijn <em>1984 <\/em>(1949) haalt hij alle franje eraf.<\/p>\n","protected":false},"excerpt":{"rendered":"<p>&#8216;Grutte Broer sjocht dy.&#8217; Een nieuwe wereldoorlog heeft het mensdom verdeeld over drie superstaten: Oceani\u00eb, Oostazi\u00eb en Eurazi\u00eb. Winston Smith werkt in de lagere echelons van het enorme ambtenarenapparaat dat nodig is om de Oceanische bevolking onder de duim te houden. Inlandse spionage, desinformatie, staatsterreur, de angst voor verraad &#8211; tot in het echtelijke bed [&hellip;]<\/p>\n","protected":false},"featured_media":40932,"comment_status":"closed","ping_status":"closed","template":"","meta":{"_acf_changed":false},"product_brand":[],"product_cat":[535,537,1215],"product_tag":[22390,22386,17143,17211,22391,13384],"class_list":{"0":"post-40931","1":"product","2":"type-product","3":"status-publish","4":"has-post-thumbnail","6":"product_cat-fryske-boeken","7":"product_cat-romans","8":"product_cat-romans-en-literatuer","9":"product_tag-22390","10":"product_tag-george-orwell","11":"product_tag-klassiker","12":"product_tag-oersetting","13":"product_tag-totaliter-rezjym","14":"product_tag-wraldliteratuer","15":"product_shipping_class-pakketpost-verzending","16":"pa_auteur-george-orwell","17":"pa_isbn-22389","18":"pa_new-label-1-3","19":"pa_taal-frysk","20":"pa_uitgever-regaad","21":"pa_vertaler-ammerins-moss-de-boer","23":"first","24":"instock","25":"taxable","26":"shipping-taxable","27":"purchasable","28":"product-type-simple"},"acf":[],"yoast_head":"<!-- This site is optimized with the Yoast SEO plugin v27.2 - https:\/\/yoast.com\/product\/yoast-seo-wordpress\/ -->\n<title>1984 &#8211; Af\u00fbk Websjop<\/title>\n<meta name=\"description\" content=\"Een nieuwe wereldoorlog heeft het mensdom verdeeld over drie superstaten: Oceani\u00eb, Oostazi\u00eb en Eurazi\u00eb. In 1984 sketst Orwell een inktzwarte wereld.\" \/>\n<meta name=\"robots\" content=\"index, follow, max-snippet:-1, max-image-preview:large, max-video-preview:-1\" \/>\n<link rel=\"canonical\" href=\"https:\/\/websjop.afuk.frl\/frl\/winkel\/1984\/\" \/>\n<meta property=\"og:locale\" content=\"fy_NL\" \/>\n<meta property=\"og:type\" content=\"article\" \/>\n<meta property=\"og:title\" content=\"1984 &#8211; Af\u00fbk Websjop\" \/>\n<meta property=\"og:description\" content=\"Een nieuwe wereldoorlog heeft het mensdom verdeeld over drie superstaten: Oceani\u00eb, Oostazi\u00eb en Eurazi\u00eb. In 1984 sketst Orwell een inktzwarte wereld.\" \/>\n<meta property=\"og:url\" content=\"https:\/\/websjop.afuk.frl\/frl\/winkel\/1984\/\" \/>\n<meta property=\"og:site_name\" content=\"Af\u00fbk Websjop\" \/>\n<meta property=\"article:modified_time\" content=\"2024-01-01T10:57:06+00:00\" \/>\n<meta property=\"og:image\" content=\"https:\/\/websjop.afuk.frl\/wp-content\/uploads\/2023\/11\/1984754.jpg\" \/>\n\t<meta property=\"og:image:width\" content=\"465\" \/>\n\t<meta property=\"og:image:height\" content=\"662\" \/>\n\t<meta property=\"og:image:type\" content=\"image\/jpeg\" \/>\n<meta name=\"twitter:card\" content=\"summary_large_image\" \/>\n<meta name=\"twitter:label1\" content=\"Est. reading time\" \/>\n\t<meta name=\"twitter:data1\" content=\"1 minute\" \/>\n<script type=\"application\/ld+json\" class=\"yoast-schema-graph\">{\"@context\":\"https:\/\/schema.org\",\"@graph\":[{\"@type\":\"WebPage\",\"@id\":\"https:\/\/websjop.afuk.frl\/frl\/winkel\/1984\/\",\"url\":\"https:\/\/websjop.afuk.frl\/frl\/winkel\/1984\/\",\"name\":\"1984 &#8211; Af\u00fbk Websjop\",\"isPartOf\":{\"@id\":\"https:\/\/websjop.afuk.frl\/frl\/#website\"},\"primaryImageOfPage\":{\"@id\":\"https:\/\/websjop.afuk.frl\/frl\/winkel\/1984\/#primaryimage\"},\"image\":{\"@id\":\"https:\/\/websjop.afuk.frl\/frl\/winkel\/1984\/#primaryimage\"},\"thumbnailUrl\":\"https:\/\/websjop.afuk.frl\/wp-content\/uploads\/2023\/11\/1984754.jpg\",\"datePublished\":\"2023-11-16T13:49:31+00:00\",\"dateModified\":\"2024-01-01T10:57:06+00:00\",\"description\":\"Een nieuwe wereldoorlog heeft het mensdom verdeeld over drie superstaten: Oceani\u00eb, Oostazi\u00eb en Eurazi\u00eb. In 1984 sketst Orwell een inktzwarte wereld.\",\"breadcrumb\":{\"@id\":\"https:\/\/websjop.afuk.frl\/frl\/winkel\/1984\/#breadcrumb\"},\"inLanguage\":\"fy-NL\",\"potentialAction\":[{\"@type\":\"ReadAction\",\"target\":[\"https:\/\/websjop.afuk.frl\/frl\/winkel\/1984\/\"]}]},{\"@type\":\"ImageObject\",\"inLanguage\":\"fy-NL\",\"@id\":\"https:\/\/websjop.afuk.frl\/frl\/winkel\/1984\/#primaryimage\",\"url\":\"https:\/\/websjop.afuk.frl\/wp-content\/uploads\/2023\/11\/1984754.jpg\",\"contentUrl\":\"https:\/\/websjop.afuk.frl\/wp-content\/uploads\/2023\/11\/1984754.jpg\",\"width\":465,\"height\":662},{\"@type\":\"BreadcrumbList\",\"@id\":\"https:\/\/websjop.afuk.frl\/frl\/winkel\/1984\/#breadcrumb\",\"itemListElement\":[{\"@type\":\"ListItem\",\"position\":1,\"name\":\"Home\",\"item\":\"https:\/\/websjop.afuk.frl\/frl\/\"},{\"@type\":\"ListItem\",\"position\":2,\"name\":\"Winkel\",\"item\":\"https:\/\/websjop.afuk.frl\/nl\/winkel\/\"},{\"@type\":\"ListItem\",\"position\":3,\"name\":\"1984\"}]},{\"@type\":\"WebSite\",\"@id\":\"https:\/\/websjop.afuk.frl\/frl\/#website\",\"url\":\"https:\/\/websjop.afuk.frl\/frl\/\",\"name\":\"Af\u00fbk Websjop\",\"description\":\"\",\"potentialAction\":[{\"@type\":\"SearchAction\",\"target\":{\"@type\":\"EntryPoint\",\"urlTemplate\":\"https:\/\/websjop.afuk.frl\/frl\/?s={search_term_string}\"},\"query-input\":{\"@type\":\"PropertyValueSpecification\",\"valueRequired\":true,\"valueName\":\"search_term_string\"}}],\"inLanguage\":\"fy-NL\"}]}<\/script>\n<!-- \/ Yoast SEO plugin. -->","yoast_head_json":{"title":"1984 &#8211; Af\u00fbk Websjop","description":"Een nieuwe wereldoorlog heeft het mensdom verdeeld over drie superstaten: Oceani\u00eb, Oostazi\u00eb en Eurazi\u00eb. In 1984 sketst Orwell een inktzwarte wereld.","robots":{"index":"index","follow":"follow","max-snippet":"max-snippet:-1","max-image-preview":"max-image-preview:large","max-video-preview":"max-video-preview:-1"},"canonical":"https:\/\/websjop.afuk.frl\/frl\/winkel\/1984\/","og_locale":"fy_NL","og_type":"article","og_title":"1984 &#8211; Af\u00fbk Websjop","og_description":"Een nieuwe wereldoorlog heeft het mensdom verdeeld over drie superstaten: Oceani\u00eb, Oostazi\u00eb en Eurazi\u00eb. In 1984 sketst Orwell een inktzwarte wereld.","og_url":"https:\/\/websjop.afuk.frl\/frl\/winkel\/1984\/","og_site_name":"Af\u00fbk Websjop","article_modified_time":"2024-01-01T10:57:06+00:00","og_image":[{"width":465,"height":662,"url":"https:\/\/websjop.afuk.frl\/wp-content\/uploads\/2023\/11\/1984754.jpg","type":"image\/jpeg"}],"twitter_card":"summary_large_image","twitter_misc":{"Est. reading time":"1 minute"},"schema":{"@context":"https:\/\/schema.org","@graph":[{"@type":"WebPage","@id":"https:\/\/websjop.afuk.frl\/frl\/winkel\/1984\/","url":"https:\/\/websjop.afuk.frl\/frl\/winkel\/1984\/","name":"1984 &#8211; Af\u00fbk Websjop","isPartOf":{"@id":"https:\/\/websjop.afuk.frl\/frl\/#website"},"primaryImageOfPage":{"@id":"https:\/\/websjop.afuk.frl\/frl\/winkel\/1984\/#primaryimage"},"image":{"@id":"https:\/\/websjop.afuk.frl\/frl\/winkel\/1984\/#primaryimage"},"thumbnailUrl":"https:\/\/websjop.afuk.frl\/wp-content\/uploads\/2023\/11\/1984754.jpg","datePublished":"2023-11-16T13:49:31+00:00","dateModified":"2024-01-01T10:57:06+00:00","description":"Een nieuwe wereldoorlog heeft het mensdom verdeeld over drie superstaten: Oceani\u00eb, Oostazi\u00eb en Eurazi\u00eb. In 1984 sketst Orwell een inktzwarte wereld.","breadcrumb":{"@id":"https:\/\/websjop.afuk.frl\/frl\/winkel\/1984\/#breadcrumb"},"inLanguage":"fy-NL","potentialAction":[{"@type":"ReadAction","target":["https:\/\/websjop.afuk.frl\/frl\/winkel\/1984\/"]}]},{"@type":"ImageObject","inLanguage":"fy-NL","@id":"https:\/\/websjop.afuk.frl\/frl\/winkel\/1984\/#primaryimage","url":"https:\/\/websjop.afuk.frl\/wp-content\/uploads\/2023\/11\/1984754.jpg","contentUrl":"https:\/\/websjop.afuk.frl\/wp-content\/uploads\/2023\/11\/1984754.jpg","width":465,"height":662},{"@type":"BreadcrumbList","@id":"https:\/\/websjop.afuk.frl\/frl\/winkel\/1984\/#breadcrumb","itemListElement":[{"@type":"ListItem","position":1,"name":"Home","item":"https:\/\/websjop.afuk.frl\/frl\/"},{"@type":"ListItem","position":2,"name":"Winkel","item":"https:\/\/websjop.afuk.frl\/nl\/winkel\/"},{"@type":"ListItem","position":3,"name":"1984"}]},{"@type":"WebSite","@id":"https:\/\/websjop.afuk.frl\/frl\/#website","url":"https:\/\/websjop.afuk.frl\/frl\/","name":"Af\u00fbk Websjop","description":"","potentialAction":[{"@type":"SearchAction","target":{"@type":"EntryPoint","urlTemplate":"https:\/\/websjop.afuk.frl\/frl\/?s={search_term_string}"},"query-input":{"@type":"PropertyValueSpecification","valueRequired":true,"valueName":"search_term_string"}}],"inLanguage":"fy-NL"}]}},"_links":{"self":[{"href":"https:\/\/websjop.afuk.frl\/frl\/wp-json\/wp\/v2\/product\/40931","targetHints":{"allow":["GET"]}}],"collection":[{"href":"https:\/\/websjop.afuk.frl\/frl\/wp-json\/wp\/v2\/product"}],"about":[{"href":"https:\/\/websjop.afuk.frl\/frl\/wp-json\/wp\/v2\/types\/product"}],"replies":[{"embeddable":true,"href":"https:\/\/websjop.afuk.frl\/frl\/wp-json\/wp\/v2\/comments?post=40931"}],"wp:featuredmedia":[{"embeddable":true,"href":"https:\/\/websjop.afuk.frl\/frl\/wp-json\/wp\/v2\/media\/40932"}],"wp:attachment":[{"href":"https:\/\/websjop.afuk.frl\/frl\/wp-json\/wp\/v2\/media?parent=40931"}],"wp:term":[{"taxonomy":"product_brand","embeddable":true,"href":"https:\/\/websjop.afuk.frl\/frl\/wp-json\/wp\/v2\/product_brand?post=40931"},{"taxonomy":"product_cat","embeddable":true,"href":"https:\/\/websjop.afuk.frl\/frl\/wp-json\/wp\/v2\/product_cat?post=40931"},{"taxonomy":"product_tag","embeddable":true,"href":"https:\/\/websjop.afuk.frl\/frl\/wp-json\/wp\/v2\/product_tag?post=40931"}],"curies":[{"name":"wp","href":"https:\/\/api.w.org\/{rel}","templated":true}]}}