{"id":40802,"date":"2023-11-10T17:00:28","date_gmt":"2023-11-10T16:00:28","guid":{"rendered":"https:\/\/websjop.afuk.frl\/nl\/?post_type=product&#038;p=40802"},"modified":"2025-03-13T12:44:08","modified_gmt":"2025-03-13T11:44:08","slug":"omke-ule-sjocht-stjerren","status":"publish","type":"product","link":"https:\/\/websjop.afuk.frl\/frl\/winkel\/omke-ule-sjocht-stjerren\/","title":{"rendered":"Omke \u00dble sjocht stjerren"},"content":{"rendered":"<p>Omke \u00dble heeft een droom: hij wil op ruimtereis. Maar hij komt niet verder als zijn boom. Zijn neefje Eppy weet wel raad. Hij bouwt voor Omke een raket, maar het ding doet niet wat Omke wil. Wanneer Omke en Eppy het willen opgeven, komt er hulp uit een onverwachte hoek&#8230;<\/p>\n<p><em>Omke \u00dble sjocht stjerren <\/em>gaat over vriendschap, omgaan met teleurstellingen en het najagen van je dromen.<\/p>\n<hr \/>\n<p><em>Sita Dotinga: &#8220;It boek hat prachtige tekeningen dy\u2019t hiel goed by dit ferhaal passe. En ek de bisten en kabouters dy\u2019tst fine kinst, binne in leuke tafoeging oan dit boek. Us Femke en Bearnt sykje beide nei de ferstoppe kabouters, de flearm\u00fbs en de pau. Fan alle boeken dy\u2019t no yn \u2019e kast steane, is Omke \u00dble mei syn raket no al in favoryt! Koartsein: in hiel moai, fantasyryk berneboek d\u00ear\u2019t elkenien, ek folwoeksenen, noch fan leare kin.&#8221; S<a href=\"https:\/\/heitenmem.nl\/artikel\/27686\/de-resinsje-fan-sita-omke-ule-sjocht-stjerren\/\" target=\"_blank\" rel=\"noopener\">joch hjir foar de folsleine resinsje fan Sita.<\/a><\/em><\/p>\n<p><em>Maaike Boomsma: &#8220;Omke \u00dble sjocht stjerren is in ferrassend ferhaal. It is moai op rym skreaun en l\u00east yn in hearlik ritme foar. It ferhaal sit fol lytse grapkes, benammen yn de prachtige sfearfolle en kleurige tekeningen. Foar elkenien is der wol wat op te sjen en te \u00fbntdekken. Sawol \u00fas \u00e2ldste soan fan njoggen jier as \u00fas jongste fan twa sieten oandachtich te l\u00fasterjen.&#8221;\u00a0 <a href=\"https:\/\/heitenmem.nl\/artikel\/27690\/de-resinsje-fan-maaike-omke-ule-sjocht-stjerren\/\" target=\"_blank\" rel=\"noopener\">Sjoch hjir foar de folsleine resinsje fan Maaike.<\/a><\/em><\/p>\n","protected":false},"excerpt":{"rendered":"<p>Omke \u00dble heeft een droom: hij wil op ruimtereis. Maar hij komt niet verder als zijn boom. Zijn neefje Eppy weet wel raad. Hij bouwt voor Omke een raket, maar het ding doet niet wat Omke wil. Wanneer Omke en Eppy het willen opgeven, komt er hulp uit een onverwachte hoek&#8230; Omke \u00dble sjocht stjerren [&hellip;]<\/p>\n","protected":false},"featured_media":40803,"comment_status":"closed","ping_status":"closed","template":"","meta":{"_acf_changed":false},"product_brand":[],"product_cat":[1213,549,535,23627,23208],"product_tag":[22361,6108,22358,6474,5451,22360,22359],"class_list":{"0":"post-40802","1":"product","2":"type-product","3":"status-publish","4":"has-post-thumbnail","6":"product_cat-berne-en-jeugdboeken","7":"product_cat-berneboeken-0-tot-4-jaar","8":"product_cat-fryske-boeken","9":"product_cat-op-aventoer","10":"product_cat-tema-famylje","11":"product_tag-dreamen","12":"product_tag-freonskip","13":"product_tag-omke-ule-sjocht-stjerren","14":"product_tag-paul-van-dijk","15":"product_tag-printeboek","16":"product_tag-raket","17":"product_tag-romtereis","18":"product_shipping_class-brievenbus-verzending","19":"pa_auteur-paul-van-dijk-2","20":"pa_isbn-22357","21":"pa_new-label-1-3","22":"pa_taal-frysk","23":"pa_uitgever-afuk","25":"first","26":"instock","27":"featured","28":"taxable","29":"shipping-taxable","30":"purchasable","31":"product-type-simple"},"acf":[],"yoast_head":"<!-- This site is optimized with the Yoast SEO plugin v27.3 - https:\/\/yoast.com\/product\/yoast-seo-wordpress\/ -->\n<title>Omke \u00dble sjocht stjerren &#8211; Af\u00fbk Websjop<\/title>\n<meta name=\"description\" content=\"In Omke \u00dble sjocht stjerren wil Omke op ruimtereis. Maar hij komt niet verder als zijn boom. Zijn neefje Eppy weet wel raad en bouwt een raket.\" \/>\n<meta name=\"robots\" content=\"index, follow, max-snippet:-1, max-image-preview:large, max-video-preview:-1\" \/>\n<link rel=\"canonical\" href=\"https:\/\/websjop.afuk.frl\/frl\/winkel\/omke-ule-sjocht-stjerren\/\" \/>\n<meta property=\"og:locale\" content=\"fy_NL\" \/>\n<meta property=\"og:type\" content=\"article\" \/>\n<meta property=\"og:title\" content=\"Omke \u00dble sjocht stjerren &#8211; Af\u00fbk Websjop\" \/>\n<meta property=\"og:description\" content=\"In Omke \u00dble sjocht stjerren wil Omke op ruimtereis. Maar hij komt niet verder als zijn boom. Zijn neefje Eppy weet wel raad en bouwt een raket.\" \/>\n<meta property=\"og:url\" content=\"https:\/\/websjop.afuk.frl\/frl\/winkel\/omke-ule-sjocht-stjerren\/\" \/>\n<meta property=\"og:site_name\" content=\"Af\u00fbk Websjop\" \/>\n<meta property=\"article:modified_time\" content=\"2025-03-13T11:44:08+00:00\" \/>\n<meta property=\"og:image\" content=\"https:\/\/websjop.afuk.frl\/wp-content\/uploads\/2023\/11\/Omke-ule-sjocht-stjerren-HR-scaled.jpg\" \/>\n\t<meta property=\"og:image:width\" content=\"2105\" \/>\n\t<meta property=\"og:image:height\" content=\"2560\" \/>\n\t<meta property=\"og:image:type\" content=\"image\/jpeg\" \/>\n<meta name=\"twitter:card\" content=\"summary_large_image\" \/>\n<meta name=\"twitter:label1\" content=\"Est. reading time\" \/>\n\t<meta name=\"twitter:data1\" content=\"1 minute\" \/>\n<script type=\"application\/ld+json\" class=\"yoast-schema-graph\">{\"@context\":\"https:\\\/\\\/schema.org\",\"@graph\":[{\"@type\":\"WebPage\",\"@id\":\"https:\\\/\\\/websjop.afuk.frl\\\/frl\\\/winkel\\\/omke-ule-sjocht-stjerren\\\/\",\"url\":\"https:\\\/\\\/websjop.afuk.frl\\\/frl\\\/winkel\\\/omke-ule-sjocht-stjerren\\\/\",\"name\":\"Omke \u00dble sjocht stjerren &#8211; Af\u00fbk Websjop\",\"isPartOf\":{\"@id\":\"https:\\\/\\\/websjop.afuk.frl\\\/frl\\\/#website\"},\"primaryImageOfPage\":{\"@id\":\"https:\\\/\\\/websjop.afuk.frl\\\/frl\\\/winkel\\\/omke-ule-sjocht-stjerren\\\/#primaryimage\"},\"image\":{\"@id\":\"https:\\\/\\\/websjop.afuk.frl\\\/frl\\\/winkel\\\/omke-ule-sjocht-stjerren\\\/#primaryimage\"},\"thumbnailUrl\":\"https:\\\/\\\/websjop.afuk.frl\\\/wp-content\\\/uploads\\\/2023\\\/11\\\/Omke-ule-sjocht-stjerren-HR-scaled.jpg\",\"datePublished\":\"2023-11-10T16:00:28+00:00\",\"dateModified\":\"2025-03-13T11:44:08+00:00\",\"description\":\"In Omke \u00dble sjocht stjerren wil Omke op ruimtereis. Maar hij komt niet verder als zijn boom. Zijn neefje Eppy weet wel raad en bouwt een raket.\",\"breadcrumb\":{\"@id\":\"https:\\\/\\\/websjop.afuk.frl\\\/frl\\\/winkel\\\/omke-ule-sjocht-stjerren\\\/#breadcrumb\"},\"inLanguage\":\"fy-NL\",\"potentialAction\":[{\"@type\":\"ReadAction\",\"target\":[\"https:\\\/\\\/websjop.afuk.frl\\\/frl\\\/winkel\\\/omke-ule-sjocht-stjerren\\\/\"]}]},{\"@type\":\"ImageObject\",\"inLanguage\":\"fy-NL\",\"@id\":\"https:\\\/\\\/websjop.afuk.frl\\\/frl\\\/winkel\\\/omke-ule-sjocht-stjerren\\\/#primaryimage\",\"url\":\"https:\\\/\\\/websjop.afuk.frl\\\/wp-content\\\/uploads\\\/2023\\\/11\\\/Omke-ule-sjocht-stjerren-HR-scaled.jpg\",\"contentUrl\":\"https:\\\/\\\/websjop.afuk.frl\\\/wp-content\\\/uploads\\\/2023\\\/11\\\/Omke-ule-sjocht-stjerren-HR-scaled.jpg\",\"width\":2105,\"height\":2560},{\"@type\":\"BreadcrumbList\",\"@id\":\"https:\\\/\\\/websjop.afuk.frl\\\/frl\\\/winkel\\\/omke-ule-sjocht-stjerren\\\/#breadcrumb\",\"itemListElement\":[{\"@type\":\"ListItem\",\"position\":1,\"name\":\"Home\",\"item\":\"https:\\\/\\\/websjop.afuk.frl\\\/frl\\\/\"},{\"@type\":\"ListItem\",\"position\":2,\"name\":\"Winkel\",\"item\":\"https:\\\/\\\/websjop.afuk.frl\\\/nl\\\/winkel\\\/\"},{\"@type\":\"ListItem\",\"position\":3,\"name\":\"Omke \u00dble sjocht stjerren\"}]},{\"@type\":\"WebSite\",\"@id\":\"https:\\\/\\\/websjop.afuk.frl\\\/frl\\\/#website\",\"url\":\"https:\\\/\\\/websjop.afuk.frl\\\/frl\\\/\",\"name\":\"Af\u00fbk Websjop\",\"description\":\"\",\"potentialAction\":[{\"@type\":\"SearchAction\",\"target\":{\"@type\":\"EntryPoint\",\"urlTemplate\":\"https:\\\/\\\/websjop.afuk.frl\\\/frl\\\/?s={search_term_string}\"},\"query-input\":{\"@type\":\"PropertyValueSpecification\",\"valueRequired\":true,\"valueName\":\"search_term_string\"}}],\"inLanguage\":\"fy-NL\"}]}<\/script>\n<!-- \/ Yoast SEO plugin. -->","yoast_head_json":{"title":"Omke \u00dble sjocht stjerren &#8211; Af\u00fbk Websjop","description":"In Omke \u00dble sjocht stjerren wil Omke op ruimtereis. Maar hij komt niet verder als zijn boom. Zijn neefje Eppy weet wel raad en bouwt een raket.","robots":{"index":"index","follow":"follow","max-snippet":"max-snippet:-1","max-image-preview":"max-image-preview:large","max-video-preview":"max-video-preview:-1"},"canonical":"https:\/\/websjop.afuk.frl\/frl\/winkel\/omke-ule-sjocht-stjerren\/","og_locale":"fy_NL","og_type":"article","og_title":"Omke \u00dble sjocht stjerren &#8211; Af\u00fbk Websjop","og_description":"In Omke \u00dble sjocht stjerren wil Omke op ruimtereis. Maar hij komt niet verder als zijn boom. Zijn neefje Eppy weet wel raad en bouwt een raket.","og_url":"https:\/\/websjop.afuk.frl\/frl\/winkel\/omke-ule-sjocht-stjerren\/","og_site_name":"Af\u00fbk Websjop","article_modified_time":"2025-03-13T11:44:08+00:00","og_image":[{"width":2105,"height":2560,"url":"https:\/\/websjop.afuk.frl\/wp-content\/uploads\/2023\/11\/Omke-ule-sjocht-stjerren-HR-scaled.jpg","type":"image\/jpeg"}],"twitter_card":"summary_large_image","twitter_misc":{"Est. reading time":"1 minute"},"schema":{"@context":"https:\/\/schema.org","@graph":[{"@type":"WebPage","@id":"https:\/\/websjop.afuk.frl\/frl\/winkel\/omke-ule-sjocht-stjerren\/","url":"https:\/\/websjop.afuk.frl\/frl\/winkel\/omke-ule-sjocht-stjerren\/","name":"Omke \u00dble sjocht stjerren &#8211; Af\u00fbk Websjop","isPartOf":{"@id":"https:\/\/websjop.afuk.frl\/frl\/#website"},"primaryImageOfPage":{"@id":"https:\/\/websjop.afuk.frl\/frl\/winkel\/omke-ule-sjocht-stjerren\/#primaryimage"},"image":{"@id":"https:\/\/websjop.afuk.frl\/frl\/winkel\/omke-ule-sjocht-stjerren\/#primaryimage"},"thumbnailUrl":"https:\/\/websjop.afuk.frl\/wp-content\/uploads\/2023\/11\/Omke-ule-sjocht-stjerren-HR-scaled.jpg","datePublished":"2023-11-10T16:00:28+00:00","dateModified":"2025-03-13T11:44:08+00:00","description":"In Omke \u00dble sjocht stjerren wil Omke op ruimtereis. Maar hij komt niet verder als zijn boom. Zijn neefje Eppy weet wel raad en bouwt een raket.","breadcrumb":{"@id":"https:\/\/websjop.afuk.frl\/frl\/winkel\/omke-ule-sjocht-stjerren\/#breadcrumb"},"inLanguage":"fy-NL","potentialAction":[{"@type":"ReadAction","target":["https:\/\/websjop.afuk.frl\/frl\/winkel\/omke-ule-sjocht-stjerren\/"]}]},{"@type":"ImageObject","inLanguage":"fy-NL","@id":"https:\/\/websjop.afuk.frl\/frl\/winkel\/omke-ule-sjocht-stjerren\/#primaryimage","url":"https:\/\/websjop.afuk.frl\/wp-content\/uploads\/2023\/11\/Omke-ule-sjocht-stjerren-HR-scaled.jpg","contentUrl":"https:\/\/websjop.afuk.frl\/wp-content\/uploads\/2023\/11\/Omke-ule-sjocht-stjerren-HR-scaled.jpg","width":2105,"height":2560},{"@type":"BreadcrumbList","@id":"https:\/\/websjop.afuk.frl\/frl\/winkel\/omke-ule-sjocht-stjerren\/#breadcrumb","itemListElement":[{"@type":"ListItem","position":1,"name":"Home","item":"https:\/\/websjop.afuk.frl\/frl\/"},{"@type":"ListItem","position":2,"name":"Winkel","item":"https:\/\/websjop.afuk.frl\/nl\/winkel\/"},{"@type":"ListItem","position":3,"name":"Omke \u00dble sjocht stjerren"}]},{"@type":"WebSite","@id":"https:\/\/websjop.afuk.frl\/frl\/#website","url":"https:\/\/websjop.afuk.frl\/frl\/","name":"Af\u00fbk Websjop","description":"","potentialAction":[{"@type":"SearchAction","target":{"@type":"EntryPoint","urlTemplate":"https:\/\/websjop.afuk.frl\/frl\/?s={search_term_string}"},"query-input":{"@type":"PropertyValueSpecification","valueRequired":true,"valueName":"search_term_string"}}],"inLanguage":"fy-NL"}]}},"_links":{"self":[{"href":"https:\/\/websjop.afuk.frl\/frl\/wp-json\/wp\/v2\/product\/40802","targetHints":{"allow":["GET"]}}],"collection":[{"href":"https:\/\/websjop.afuk.frl\/frl\/wp-json\/wp\/v2\/product"}],"about":[{"href":"https:\/\/websjop.afuk.frl\/frl\/wp-json\/wp\/v2\/types\/product"}],"replies":[{"embeddable":true,"href":"https:\/\/websjop.afuk.frl\/frl\/wp-json\/wp\/v2\/comments?post=40802"}],"wp:featuredmedia":[{"embeddable":true,"href":"https:\/\/websjop.afuk.frl\/frl\/wp-json\/wp\/v2\/media\/40803"}],"wp:attachment":[{"href":"https:\/\/websjop.afuk.frl\/frl\/wp-json\/wp\/v2\/media?parent=40802"}],"wp:term":[{"taxonomy":"product_brand","embeddable":true,"href":"https:\/\/websjop.afuk.frl\/frl\/wp-json\/wp\/v2\/product_brand?post=40802"},{"taxonomy":"product_cat","embeddable":true,"href":"https:\/\/websjop.afuk.frl\/frl\/wp-json\/wp\/v2\/product_cat?post=40802"},{"taxonomy":"product_tag","embeddable":true,"href":"https:\/\/websjop.afuk.frl\/frl\/wp-json\/wp\/v2\/product_tag?post=40802"}],"curies":[{"name":"wp","href":"https:\/\/api.w.org\/{rel}","templated":true}]}}