{"id":40159,"date":"2023-09-22T12:10:19","date_gmt":"2023-09-22T11:10:19","guid":{"rendered":"https:\/\/websjop.afuk.frl\/nl\/?post_type=product&#038;p=40159"},"modified":"2025-03-06T14:12:55","modified_gmt":"2025-03-06T13:12:55","slug":"40159","status":"publish","type":"product","link":"https:\/\/websjop.afuk.frl\/frl\/winkel\/40159\/","title":{"rendered":"FC Nostalgia"},"content":{"rendered":"<p>Het leek als moest Romke Toering gehaast een punt achter het leven zette. En wat doe je dan met de tijd die nog rest? Romke pakte de pen op en begon te schrijven: korte en langere verhaaltjes, gedichten soms, een ode aan zijn vader en moeder, opa&#8217;s en oma&#8217;s, de bakker, de buren en al die anderen die met elkaar de gemeenschap vormen in zijn geboortedorp Oosterlittens.<\/p>\n<p>Een kinderboek voor ouderen, met veel foto&#8217;s uit een verleden tijd. Beelden in woorden gevangen. Herkenbaar voor mensen uit de &#8216;Greidhoeke&#8217;, maar ook ver daarbuiten.<\/p>\n<p>Tomke Toering (1947) was acteur, regisseur, vertaler en schrijver van Friese toneelstukken, o.a. bij Tryater en het openluchtspel van Jorwerd. In 1987 kreeg hij de Obe Postmaprijs voor zijn vertalingen van toneelstukken voor Tryater uit 1984-1986. In 2003 ontving hij de Fedde en Martha Bergsmaprijs voor Fries toneel voor het stuk <em>Baarderl\u00e2n<\/em> over de neergang van de veehandel dat later ook als boek verschenen is.<\/p>\n<hr \/>\n<p><em>Pytrik: &#8220;Je priuwe as l\u00eazer dat it it eigen byld is fan Toering, it binne syn harsenspinsels, syn \u00fbnderfiningen, syn emoasjes. Dat makket it yntym, as sitte je yn it deiboek fan in oar te sneupen. As l\u00eazer kin ik net alles begripe, mar al in soad ferhalen herkenne. Ik sjoch de jeugd fan myn \u00e2lders deryn, it buorkjen fan pake en beppe, de kultuer yn it doarp, de ferhalen oer de middenst\u00e2n fan eartiids.&#8217; <a href=\"https:\/\/heitenmem.nl\/artikel\/26908\/de-resinsje-fan-pytrik-fc-nostalgia\/\" target=\"_blank\" rel=\"noopener\">L\u00eas hjir de folsleine resinsje fan Pytrik.<\/a><\/em><\/p>\n<p>&nbsp;<\/p>\n","protected":false},"excerpt":{"rendered":"<p>Het leek als moest Romke Toering gehaast een punt achter het leven zette. En wat doe je dan met de tijd die nog rest? Romke pakte de pen op en begon te schrijven: korte en langere verhaaltjes, gedichten soms, een ode aan zijn vader en moeder, opa&#8217;s en oma&#8217;s, de bakker, de buren en al [&hellip;]<\/p>\n","protected":false},"featured_media":40160,"comment_status":"closed","ping_status":"closed","template":"","meta":{"_acf_changed":false},"product_brand":[],"product_cat":[1037,545,535,18113,539],"product_tag":[22219,20334,22216,6486,16403,22215,22220],"class_list":{"0":"post-40159","1":"product","2":"type-product","3":"status-publish","4":"has-post-thumbnail","6":"product_cat-biografy","7":"product_cat-fotoboeken","8":"product_cat-fryske-boeken","9":"product_cat-pake-en-beppe","10":"product_cat-skiednis","11":"product_tag-autobiografisch","12":"product_tag-autobiografysk","13":"product_tag-fc-nostalgia","14":"product_tag-ferline","15":"product_tag-greidhoeke","16":"product_tag-romke-toering","17":"product_tag-verleden","18":"product_shipping_class-brievenbus-verzending","19":"pa_auteur-romke-toering","20":"pa_isbn-22218","21":"pa_new-label-1-3","22":"pa_taal-frysk","23":"pa_uitgever-afuk","25":"first","26":"instock","27":"taxable","28":"shipping-taxable","29":"purchasable","30":"product-type-simple"},"acf":[],"yoast_head":"<!-- This site is optimized with the Yoast SEO plugin v27.3 - https:\/\/yoast.com\/product\/yoast-seo-wordpress\/ -->\n<title>FC Nostalgia &#8211; Af\u00fbk Websjop<\/title>\n<meta name=\"description\" content=\"Romke Toering schreef een kinderboek voor ouderen, met veel foto&#039;s uit een verleden tijd. Beelden in woorden gevangen. Herkenbaar voor velen.\" \/>\n<meta name=\"robots\" content=\"index, follow, max-snippet:-1, max-image-preview:large, max-video-preview:-1\" \/>\n<link rel=\"canonical\" href=\"https:\/\/websjop.afuk.frl\/frl\/winkel\/40159\/\" \/>\n<meta property=\"og:locale\" content=\"fy_NL\" \/>\n<meta property=\"og:type\" content=\"article\" \/>\n<meta property=\"og:title\" content=\"FC Nostalgia &#8211; Af\u00fbk Websjop\" \/>\n<meta property=\"og:description\" content=\"Romke Toering schreef een kinderboek voor ouderen, met veel foto&#039;s uit een verleden tijd. Beelden in woorden gevangen. Herkenbaar voor velen.\" \/>\n<meta property=\"og:url\" content=\"https:\/\/websjop.afuk.frl\/frl\/winkel\/40159\/\" \/>\n<meta property=\"og:site_name\" content=\"Af\u00fbk Websjop\" \/>\n<meta property=\"article:modified_time\" content=\"2025-03-06T13:12:55+00:00\" \/>\n<meta property=\"og:image\" content=\"https:\/\/websjop.afuk.frl\/wp-content\/uploads\/2023\/09\/FC-Nostalgia-HR-scaled.jpg\" \/>\n\t<meta property=\"og:image:width\" content=\"1931\" \/>\n\t<meta property=\"og:image:height\" content=\"2560\" \/>\n\t<meta property=\"og:image:type\" content=\"image\/jpeg\" \/>\n<meta name=\"twitter:card\" content=\"summary_large_image\" \/>\n<meta name=\"twitter:label1\" content=\"Est. reading time\" \/>\n\t<meta name=\"twitter:data1\" content=\"1 minute\" \/>\n<script type=\"application\/ld+json\" class=\"yoast-schema-graph\">{\"@context\":\"https:\\\/\\\/schema.org\",\"@graph\":[{\"@type\":\"WebPage\",\"@id\":\"https:\\\/\\\/websjop.afuk.frl\\\/frl\\\/winkel\\\/40159\\\/\",\"url\":\"https:\\\/\\\/websjop.afuk.frl\\\/frl\\\/winkel\\\/40159\\\/\",\"name\":\"FC Nostalgia &#8211; Af\u00fbk Websjop\",\"isPartOf\":{\"@id\":\"https:\\\/\\\/websjop.afuk.frl\\\/frl\\\/#website\"},\"primaryImageOfPage\":{\"@id\":\"https:\\\/\\\/websjop.afuk.frl\\\/frl\\\/winkel\\\/40159\\\/#primaryimage\"},\"image\":{\"@id\":\"https:\\\/\\\/websjop.afuk.frl\\\/frl\\\/winkel\\\/40159\\\/#primaryimage\"},\"thumbnailUrl\":\"https:\\\/\\\/websjop.afuk.frl\\\/wp-content\\\/uploads\\\/2023\\\/09\\\/FC-Nostalgia-HR-scaled.jpg\",\"datePublished\":\"2023-09-22T11:10:19+00:00\",\"dateModified\":\"2025-03-06T13:12:55+00:00\",\"description\":\"Romke Toering schreef een kinderboek voor ouderen, met veel foto's uit een verleden tijd. Beelden in woorden gevangen. Herkenbaar voor velen.\",\"breadcrumb\":{\"@id\":\"https:\\\/\\\/websjop.afuk.frl\\\/frl\\\/winkel\\\/40159\\\/#breadcrumb\"},\"inLanguage\":\"fy-NL\",\"potentialAction\":[{\"@type\":\"ReadAction\",\"target\":[\"https:\\\/\\\/websjop.afuk.frl\\\/frl\\\/winkel\\\/40159\\\/\"]}]},{\"@type\":\"ImageObject\",\"inLanguage\":\"fy-NL\",\"@id\":\"https:\\\/\\\/websjop.afuk.frl\\\/frl\\\/winkel\\\/40159\\\/#primaryimage\",\"url\":\"https:\\\/\\\/websjop.afuk.frl\\\/wp-content\\\/uploads\\\/2023\\\/09\\\/FC-Nostalgia-HR-scaled.jpg\",\"contentUrl\":\"https:\\\/\\\/websjop.afuk.frl\\\/wp-content\\\/uploads\\\/2023\\\/09\\\/FC-Nostalgia-HR-scaled.jpg\",\"width\":1931,\"height\":2560},{\"@type\":\"BreadcrumbList\",\"@id\":\"https:\\\/\\\/websjop.afuk.frl\\\/frl\\\/winkel\\\/40159\\\/#breadcrumb\",\"itemListElement\":[{\"@type\":\"ListItem\",\"position\":1,\"name\":\"Home\",\"item\":\"https:\\\/\\\/websjop.afuk.frl\\\/frl\\\/\"},{\"@type\":\"ListItem\",\"position\":2,\"name\":\"Winkel\",\"item\":\"https:\\\/\\\/websjop.afuk.frl\\\/nl\\\/winkel\\\/\"},{\"@type\":\"ListItem\",\"position\":3,\"name\":\"FC Nostalgia\"}]},{\"@type\":\"WebSite\",\"@id\":\"https:\\\/\\\/websjop.afuk.frl\\\/frl\\\/#website\",\"url\":\"https:\\\/\\\/websjop.afuk.frl\\\/frl\\\/\",\"name\":\"Af\u00fbk Websjop\",\"description\":\"\",\"potentialAction\":[{\"@type\":\"SearchAction\",\"target\":{\"@type\":\"EntryPoint\",\"urlTemplate\":\"https:\\\/\\\/websjop.afuk.frl\\\/frl\\\/?s={search_term_string}\"},\"query-input\":{\"@type\":\"PropertyValueSpecification\",\"valueRequired\":true,\"valueName\":\"search_term_string\"}}],\"inLanguage\":\"fy-NL\"}]}<\/script>\n<!-- \/ Yoast SEO plugin. -->","yoast_head_json":{"title":"FC Nostalgia &#8211; Af\u00fbk Websjop","description":"Romke Toering schreef een kinderboek voor ouderen, met veel foto's uit een verleden tijd. Beelden in woorden gevangen. Herkenbaar voor velen.","robots":{"index":"index","follow":"follow","max-snippet":"max-snippet:-1","max-image-preview":"max-image-preview:large","max-video-preview":"max-video-preview:-1"},"canonical":"https:\/\/websjop.afuk.frl\/frl\/winkel\/40159\/","og_locale":"fy_NL","og_type":"article","og_title":"FC Nostalgia &#8211; Af\u00fbk Websjop","og_description":"Romke Toering schreef een kinderboek voor ouderen, met veel foto's uit een verleden tijd. Beelden in woorden gevangen. Herkenbaar voor velen.","og_url":"https:\/\/websjop.afuk.frl\/frl\/winkel\/40159\/","og_site_name":"Af\u00fbk Websjop","article_modified_time":"2025-03-06T13:12:55+00:00","og_image":[{"width":1931,"height":2560,"url":"https:\/\/websjop.afuk.frl\/wp-content\/uploads\/2023\/09\/FC-Nostalgia-HR-scaled.jpg","type":"image\/jpeg"}],"twitter_card":"summary_large_image","twitter_misc":{"Est. reading time":"1 minute"},"schema":{"@context":"https:\/\/schema.org","@graph":[{"@type":"WebPage","@id":"https:\/\/websjop.afuk.frl\/frl\/winkel\/40159\/","url":"https:\/\/websjop.afuk.frl\/frl\/winkel\/40159\/","name":"FC Nostalgia &#8211; Af\u00fbk Websjop","isPartOf":{"@id":"https:\/\/websjop.afuk.frl\/frl\/#website"},"primaryImageOfPage":{"@id":"https:\/\/websjop.afuk.frl\/frl\/winkel\/40159\/#primaryimage"},"image":{"@id":"https:\/\/websjop.afuk.frl\/frl\/winkel\/40159\/#primaryimage"},"thumbnailUrl":"https:\/\/websjop.afuk.frl\/wp-content\/uploads\/2023\/09\/FC-Nostalgia-HR-scaled.jpg","datePublished":"2023-09-22T11:10:19+00:00","dateModified":"2025-03-06T13:12:55+00:00","description":"Romke Toering schreef een kinderboek voor ouderen, met veel foto's uit een verleden tijd. Beelden in woorden gevangen. Herkenbaar voor velen.","breadcrumb":{"@id":"https:\/\/websjop.afuk.frl\/frl\/winkel\/40159\/#breadcrumb"},"inLanguage":"fy-NL","potentialAction":[{"@type":"ReadAction","target":["https:\/\/websjop.afuk.frl\/frl\/winkel\/40159\/"]}]},{"@type":"ImageObject","inLanguage":"fy-NL","@id":"https:\/\/websjop.afuk.frl\/frl\/winkel\/40159\/#primaryimage","url":"https:\/\/websjop.afuk.frl\/wp-content\/uploads\/2023\/09\/FC-Nostalgia-HR-scaled.jpg","contentUrl":"https:\/\/websjop.afuk.frl\/wp-content\/uploads\/2023\/09\/FC-Nostalgia-HR-scaled.jpg","width":1931,"height":2560},{"@type":"BreadcrumbList","@id":"https:\/\/websjop.afuk.frl\/frl\/winkel\/40159\/#breadcrumb","itemListElement":[{"@type":"ListItem","position":1,"name":"Home","item":"https:\/\/websjop.afuk.frl\/frl\/"},{"@type":"ListItem","position":2,"name":"Winkel","item":"https:\/\/websjop.afuk.frl\/nl\/winkel\/"},{"@type":"ListItem","position":3,"name":"FC Nostalgia"}]},{"@type":"WebSite","@id":"https:\/\/websjop.afuk.frl\/frl\/#website","url":"https:\/\/websjop.afuk.frl\/frl\/","name":"Af\u00fbk Websjop","description":"","potentialAction":[{"@type":"SearchAction","target":{"@type":"EntryPoint","urlTemplate":"https:\/\/websjop.afuk.frl\/frl\/?s={search_term_string}"},"query-input":{"@type":"PropertyValueSpecification","valueRequired":true,"valueName":"search_term_string"}}],"inLanguage":"fy-NL"}]}},"_links":{"self":[{"href":"https:\/\/websjop.afuk.frl\/frl\/wp-json\/wp\/v2\/product\/40159","targetHints":{"allow":["GET"]}}],"collection":[{"href":"https:\/\/websjop.afuk.frl\/frl\/wp-json\/wp\/v2\/product"}],"about":[{"href":"https:\/\/websjop.afuk.frl\/frl\/wp-json\/wp\/v2\/types\/product"}],"replies":[{"embeddable":true,"href":"https:\/\/websjop.afuk.frl\/frl\/wp-json\/wp\/v2\/comments?post=40159"}],"wp:featuredmedia":[{"embeddable":true,"href":"https:\/\/websjop.afuk.frl\/frl\/wp-json\/wp\/v2\/media\/40160"}],"wp:attachment":[{"href":"https:\/\/websjop.afuk.frl\/frl\/wp-json\/wp\/v2\/media?parent=40159"}],"wp:term":[{"taxonomy":"product_brand","embeddable":true,"href":"https:\/\/websjop.afuk.frl\/frl\/wp-json\/wp\/v2\/product_brand?post=40159"},{"taxonomy":"product_cat","embeddable":true,"href":"https:\/\/websjop.afuk.frl\/frl\/wp-json\/wp\/v2\/product_cat?post=40159"},{"taxonomy":"product_tag","embeddable":true,"href":"https:\/\/websjop.afuk.frl\/frl\/wp-json\/wp\/v2\/product_tag?post=40159"}],"curies":[{"name":"wp","href":"https:\/\/api.w.org\/{rel}","templated":true}]}}