{"id":39595,"date":"2023-07-27T15:45:34","date_gmt":"2023-07-27T14:45:34","guid":{"rendered":"https:\/\/websjop.afuk.frl\/nl\/?post_type=product&#038;p=39595"},"modified":"2023-10-11T09:18:46","modified_gmt":"2023-10-11T08:18:46","slug":"friesland-de-friese-elf-steden-en-omstreken","status":"publish","type":"product","link":"https:\/\/websjop.afuk.frl\/frl\/winkel\/friesland-de-friese-elf-steden-en-omstreken\/","title":{"rendered":"Friesland Frysl\u00e2n &#8211; De Friese Elf Steden en omstreken"},"content":{"rendered":"<p>Terhorne, Balk, It Heidenskip, Greonterp, Marrum, Paezens en Moddergat, Hogebeintum, Kollum, Veenklooster, Harkema, Noordwolde. Elf markante Friese dorpen in de wijde omgeving van de Elf Steden. Er is veel meer te zien in Frysl\u00e2n, unieke provincie met heel eigen, sterk verschillende landschappen, in de S\u00fbdwesthoeke, Terpenland, Wouden en Stellingwerven. De Friese Meren zijn heel populair, maar er liggen ook Nationale Landschappen als de Alde Feanen en het Lauwersmeer. De Waddenkust van Harlingen tot Dokkumer Nieuwezijlen kreeg nieuwe bezieling door Joop Mulder, de stichter van Terschellings Oerol. Hij noemde het Sense of Place.<\/p>\n<p>In die geest heeft Jeroen Wielaert een intensieve ontdekkingsreis door Friesland gemaakt. Als verslaggever voor de NOS was hij bij de Elfstedentochten van 1986 en1997. In 2017 en 2018 maakte hij reportages over Europese Culturele Hoofdstad Leeuwarden. Het was lang na zijn eerste kennismaking met Friesland als zeilkampdeelnemer in Langweer. Friesland is veel Frieslanden. Dat ontdekte hij op een intensieve rondgang van een half jaar, zeilend, rijdend en wandelend, op een totaal van meer dan 4000 kilometer. Moderne dynamiek is duidelijk zichtbaar met nieuwbouw rond de steden en de meren. Natuurorganisatie het Fryske Gea bewaakt de diversiteit aan natuur. De Fryske Mienskip blijft bezig met het behoud van het prachtige erfgoed.<\/p>\n<p>Zo is er in de omstreken van de elf steden veel te ontdekken. Jeroen Wielaert ging er een aantal maanden voor op uit in Friesland, net zoals hij dat deed in Zeeland. Hij schreef er\u00a0<em>Zeeland, zinderend, zilt waterland\u00a0<\/em>over. Dat bleek ook voor Zeeuwen een ware eyeopener.<\/p>\n<p>Jeroen Wielaert, bekend NOS Radio 1 verslaggever, maakte in 1970 voor het eerst kennis met Friesland als deelnemer aan een zeilkamp bij Langweer. Voor dit boek \u2013 een heerlijke aanleiding om deze mooie provincie minutieus te gaan ontdekken \u2013 trok hij opnieuw over de Friese meren, avontuurlijke onderdelen op een trektocht door heel Friesland.<\/p>\n","protected":false},"excerpt":{"rendered":"<p>Terhorne, Balk, It Heidenskip, Greonterp, Marrum, Paezens en Moddergat, Hogebeintum, Kollum, Veenklooster, Harkema, Noordwolde. Elf markante Friese dorpen in de wijde omgeving van de Elf Steden. Er is veel meer te zien in Frysl\u00e2n, unieke provincie met heel eigen, sterk verschillende landschappen, in de S\u00fbdwesthoeke, Terpenland, Wouden en Stellingwerven. De Friese Meren zijn heel populair, [&hellip;]<\/p>\n","protected":false},"featured_media":39596,"comment_status":"closed","ping_status":"closed","template":"","meta":{"_acf_changed":false},"product_brand":[],"product_cat":[1210,535,18203,1216,1313,543],"product_tag":[22100,22053,6314,18752],"class_list":{"0":"post-39595","1":"product","2":"type-product","3":"status-publish","4":"has-post-thumbnail","6":"product_cat-35-de-alvestedetocht","7":"product_cat-fryske-boeken","8":"product_cat-wandelen-en-fietsen","9":"product_cat-natoer-en-toerisme","10":"product_cat-simmer-yn-fryslan","11":"product_cat-toerisme","12":"product_tag-de-friese-elf-steden-en-omstreken","13":"product_tag-jeroen-wielaert","14":"product_tag-reisgids","15":"product_tag-toerisme","16":"product_shipping_class-brievenbus-verzending","17":"pa_auteur-jeroen-wielaert","18":"pa_isbn-22050","19":"pa_new-label-1-3","20":"pa_taal-nederlands","21":"pa_uitgever-passepartout-edicola","23":"first","24":"instock","25":"taxable","26":"shipping-taxable","27":"purchasable","28":"product-type-simple"},"acf":[],"yoast_head":"<!-- This site is optimized with the Yoast SEO plugin v27.2 - https:\/\/yoast.com\/product\/yoast-seo-wordpress\/ -->\n<title>Friesland Frysl\u00e2n - De Friese Elf Steden en omstreken &#8211; Af\u00fbk Websjop<\/title>\n<meta name=\"description\" content=\"Er is veel te zien in Frysl\u00e2n, De Friese Elfsteden en omstreken. unieke provincie met verschillende landschappen, in de S\u00fbdwesthoeke of De Friese Wouden.\" \/>\n<meta name=\"robots\" content=\"index, follow, max-snippet:-1, max-image-preview:large, max-video-preview:-1\" \/>\n<link rel=\"canonical\" href=\"https:\/\/websjop.afuk.frl\/frl\/winkel\/friesland-de-friese-elf-steden-en-omstreken\/\" \/>\n<meta property=\"og:locale\" content=\"fy_NL\" \/>\n<meta property=\"og:type\" content=\"article\" \/>\n<meta property=\"og:title\" content=\"Friesland Frysl\u00e2n - De Friese Elf Steden en omstreken &#8211; Af\u00fbk Websjop\" \/>\n<meta property=\"og:description\" content=\"Er is veel te zien in Frysl\u00e2n, De Friese Elfsteden en omstreken. unieke provincie met verschillende landschappen, in de S\u00fbdwesthoeke of De Friese Wouden.\" \/>\n<meta property=\"og:url\" content=\"https:\/\/websjop.afuk.frl\/frl\/winkel\/friesland-de-friese-elf-steden-en-omstreken\/\" \/>\n<meta property=\"og:site_name\" content=\"Af\u00fbk Websjop\" \/>\n<meta property=\"article:modified_time\" content=\"2023-10-11T08:18:46+00:00\" \/>\n<meta property=\"og:image\" content=\"https:\/\/websjop.afuk.frl\/wp-content\/uploads\/2023\/07\/Friesland.jpg\" \/>\n\t<meta property=\"og:image:width\" content=\"547\" \/>\n\t<meta property=\"og:image:height\" content=\"712\" \/>\n\t<meta property=\"og:image:type\" content=\"image\/jpeg\" \/>\n<meta name=\"twitter:card\" content=\"summary_large_image\" \/>\n<meta name=\"twitter:label1\" content=\"Est. reading time\" \/>\n\t<meta name=\"twitter:data1\" content=\"1 minute\" \/>\n<script type=\"application\/ld+json\" class=\"yoast-schema-graph\">{\"@context\":\"https:\/\/schema.org\",\"@graph\":[{\"@type\":\"WebPage\",\"@id\":\"https:\/\/websjop.afuk.frl\/frl\/winkel\/friesland-de-friese-elf-steden-en-omstreken\/\",\"url\":\"https:\/\/websjop.afuk.frl\/frl\/winkel\/friesland-de-friese-elf-steden-en-omstreken\/\",\"name\":\"Friesland Frysl\u00e2n - De Friese Elf Steden en omstreken &#8211; Af\u00fbk Websjop\",\"isPartOf\":{\"@id\":\"https:\/\/websjop.afuk.frl\/frl\/#website\"},\"primaryImageOfPage\":{\"@id\":\"https:\/\/websjop.afuk.frl\/frl\/winkel\/friesland-de-friese-elf-steden-en-omstreken\/#primaryimage\"},\"image\":{\"@id\":\"https:\/\/websjop.afuk.frl\/frl\/winkel\/friesland-de-friese-elf-steden-en-omstreken\/#primaryimage\"},\"thumbnailUrl\":\"https:\/\/websjop.afuk.frl\/wp-content\/uploads\/2023\/07\/Friesland.jpg\",\"datePublished\":\"2023-07-27T14:45:34+00:00\",\"dateModified\":\"2023-10-11T08:18:46+00:00\",\"description\":\"Er is veel te zien in Frysl\u00e2n, De Friese Elfsteden en omstreken. unieke provincie met verschillende landschappen, in de S\u00fbdwesthoeke of De Friese Wouden.\",\"breadcrumb\":{\"@id\":\"https:\/\/websjop.afuk.frl\/frl\/winkel\/friesland-de-friese-elf-steden-en-omstreken\/#breadcrumb\"},\"inLanguage\":\"fy-NL\",\"potentialAction\":[{\"@type\":\"ReadAction\",\"target\":[\"https:\/\/websjop.afuk.frl\/frl\/winkel\/friesland-de-friese-elf-steden-en-omstreken\/\"]}]},{\"@type\":\"ImageObject\",\"inLanguage\":\"fy-NL\",\"@id\":\"https:\/\/websjop.afuk.frl\/frl\/winkel\/friesland-de-friese-elf-steden-en-omstreken\/#primaryimage\",\"url\":\"https:\/\/websjop.afuk.frl\/wp-content\/uploads\/2023\/07\/Friesland.jpg\",\"contentUrl\":\"https:\/\/websjop.afuk.frl\/wp-content\/uploads\/2023\/07\/Friesland.jpg\",\"width\":547,\"height\":712},{\"@type\":\"BreadcrumbList\",\"@id\":\"https:\/\/websjop.afuk.frl\/frl\/winkel\/friesland-de-friese-elf-steden-en-omstreken\/#breadcrumb\",\"itemListElement\":[{\"@type\":\"ListItem\",\"position\":1,\"name\":\"Home\",\"item\":\"https:\/\/websjop.afuk.frl\/frl\/\"},{\"@type\":\"ListItem\",\"position\":2,\"name\":\"Winkel\",\"item\":\"https:\/\/websjop.afuk.frl\/nl\/winkel\/\"},{\"@type\":\"ListItem\",\"position\":3,\"name\":\"Friesland Frysl\u00e2n &#8211; De Friese Elf Steden en omstreken\"}]},{\"@type\":\"WebSite\",\"@id\":\"https:\/\/websjop.afuk.frl\/frl\/#website\",\"url\":\"https:\/\/websjop.afuk.frl\/frl\/\",\"name\":\"Af\u00fbk Websjop\",\"description\":\"\",\"potentialAction\":[{\"@type\":\"SearchAction\",\"target\":{\"@type\":\"EntryPoint\",\"urlTemplate\":\"https:\/\/websjop.afuk.frl\/frl\/?s={search_term_string}\"},\"query-input\":{\"@type\":\"PropertyValueSpecification\",\"valueRequired\":true,\"valueName\":\"search_term_string\"}}],\"inLanguage\":\"fy-NL\"}]}<\/script>\n<!-- \/ Yoast SEO plugin. -->","yoast_head_json":{"title":"Friesland Frysl\u00e2n - De Friese Elf Steden en omstreken &#8211; Af\u00fbk Websjop","description":"Er is veel te zien in Frysl\u00e2n, De Friese Elfsteden en omstreken. unieke provincie met verschillende landschappen, in de S\u00fbdwesthoeke of De Friese Wouden.","robots":{"index":"index","follow":"follow","max-snippet":"max-snippet:-1","max-image-preview":"max-image-preview:large","max-video-preview":"max-video-preview:-1"},"canonical":"https:\/\/websjop.afuk.frl\/frl\/winkel\/friesland-de-friese-elf-steden-en-omstreken\/","og_locale":"fy_NL","og_type":"article","og_title":"Friesland Frysl\u00e2n - De Friese Elf Steden en omstreken &#8211; Af\u00fbk Websjop","og_description":"Er is veel te zien in Frysl\u00e2n, De Friese Elfsteden en omstreken. unieke provincie met verschillende landschappen, in de S\u00fbdwesthoeke of De Friese Wouden.","og_url":"https:\/\/websjop.afuk.frl\/frl\/winkel\/friesland-de-friese-elf-steden-en-omstreken\/","og_site_name":"Af\u00fbk Websjop","article_modified_time":"2023-10-11T08:18:46+00:00","og_image":[{"width":547,"height":712,"url":"https:\/\/websjop.afuk.frl\/wp-content\/uploads\/2023\/07\/Friesland.jpg","type":"image\/jpeg"}],"twitter_card":"summary_large_image","twitter_misc":{"Est. reading time":"1 minute"},"schema":{"@context":"https:\/\/schema.org","@graph":[{"@type":"WebPage","@id":"https:\/\/websjop.afuk.frl\/frl\/winkel\/friesland-de-friese-elf-steden-en-omstreken\/","url":"https:\/\/websjop.afuk.frl\/frl\/winkel\/friesland-de-friese-elf-steden-en-omstreken\/","name":"Friesland Frysl\u00e2n - De Friese Elf Steden en omstreken &#8211; Af\u00fbk Websjop","isPartOf":{"@id":"https:\/\/websjop.afuk.frl\/frl\/#website"},"primaryImageOfPage":{"@id":"https:\/\/websjop.afuk.frl\/frl\/winkel\/friesland-de-friese-elf-steden-en-omstreken\/#primaryimage"},"image":{"@id":"https:\/\/websjop.afuk.frl\/frl\/winkel\/friesland-de-friese-elf-steden-en-omstreken\/#primaryimage"},"thumbnailUrl":"https:\/\/websjop.afuk.frl\/wp-content\/uploads\/2023\/07\/Friesland.jpg","datePublished":"2023-07-27T14:45:34+00:00","dateModified":"2023-10-11T08:18:46+00:00","description":"Er is veel te zien in Frysl\u00e2n, De Friese Elfsteden en omstreken. unieke provincie met verschillende landschappen, in de S\u00fbdwesthoeke of De Friese Wouden.","breadcrumb":{"@id":"https:\/\/websjop.afuk.frl\/frl\/winkel\/friesland-de-friese-elf-steden-en-omstreken\/#breadcrumb"},"inLanguage":"fy-NL","potentialAction":[{"@type":"ReadAction","target":["https:\/\/websjop.afuk.frl\/frl\/winkel\/friesland-de-friese-elf-steden-en-omstreken\/"]}]},{"@type":"ImageObject","inLanguage":"fy-NL","@id":"https:\/\/websjop.afuk.frl\/frl\/winkel\/friesland-de-friese-elf-steden-en-omstreken\/#primaryimage","url":"https:\/\/websjop.afuk.frl\/wp-content\/uploads\/2023\/07\/Friesland.jpg","contentUrl":"https:\/\/websjop.afuk.frl\/wp-content\/uploads\/2023\/07\/Friesland.jpg","width":547,"height":712},{"@type":"BreadcrumbList","@id":"https:\/\/websjop.afuk.frl\/frl\/winkel\/friesland-de-friese-elf-steden-en-omstreken\/#breadcrumb","itemListElement":[{"@type":"ListItem","position":1,"name":"Home","item":"https:\/\/websjop.afuk.frl\/frl\/"},{"@type":"ListItem","position":2,"name":"Winkel","item":"https:\/\/websjop.afuk.frl\/nl\/winkel\/"},{"@type":"ListItem","position":3,"name":"Friesland Frysl\u00e2n &#8211; De Friese Elf Steden en omstreken"}]},{"@type":"WebSite","@id":"https:\/\/websjop.afuk.frl\/frl\/#website","url":"https:\/\/websjop.afuk.frl\/frl\/","name":"Af\u00fbk Websjop","description":"","potentialAction":[{"@type":"SearchAction","target":{"@type":"EntryPoint","urlTemplate":"https:\/\/websjop.afuk.frl\/frl\/?s={search_term_string}"},"query-input":{"@type":"PropertyValueSpecification","valueRequired":true,"valueName":"search_term_string"}}],"inLanguage":"fy-NL"}]}},"_links":{"self":[{"href":"https:\/\/websjop.afuk.frl\/frl\/wp-json\/wp\/v2\/product\/39595","targetHints":{"allow":["GET"]}}],"collection":[{"href":"https:\/\/websjop.afuk.frl\/frl\/wp-json\/wp\/v2\/product"}],"about":[{"href":"https:\/\/websjop.afuk.frl\/frl\/wp-json\/wp\/v2\/types\/product"}],"replies":[{"embeddable":true,"href":"https:\/\/websjop.afuk.frl\/frl\/wp-json\/wp\/v2\/comments?post=39595"}],"wp:featuredmedia":[{"embeddable":true,"href":"https:\/\/websjop.afuk.frl\/frl\/wp-json\/wp\/v2\/media\/39596"}],"wp:attachment":[{"href":"https:\/\/websjop.afuk.frl\/frl\/wp-json\/wp\/v2\/media?parent=39595"}],"wp:term":[{"taxonomy":"product_brand","embeddable":true,"href":"https:\/\/websjop.afuk.frl\/frl\/wp-json\/wp\/v2\/product_brand?post=39595"},{"taxonomy":"product_cat","embeddable":true,"href":"https:\/\/websjop.afuk.frl\/frl\/wp-json\/wp\/v2\/product_cat?post=39595"},{"taxonomy":"product_tag","embeddable":true,"href":"https:\/\/websjop.afuk.frl\/frl\/wp-json\/wp\/v2\/product_tag?post=39595"}],"curies":[{"name":"wp","href":"https:\/\/api.w.org\/{rel}","templated":true}]}}