{"id":38753,"date":"2023-05-17T09:11:57","date_gmt":"2023-05-17T08:11:57","guid":{"rendered":"https:\/\/websjop.afuk.frl\/nl\/?post_type=product&#038;p=38753"},"modified":"2023-05-17T09:11:58","modified_gmt":"2023-05-17T08:11:58","slug":"wurd-for-wurd-for-wurd","status":"publish","type":"product","link":"https:\/\/websjop.afuk.frl\/frl\/winkel\/wurd-for-wurd-for-wurd\/","title":{"rendered":"Wurd f\u00f6r wurd f\u00f6r wurd"},"content":{"rendered":"<p>Vorm en taal spelen in deze bundel een grote rol. Ze zijn sturend voor de po\u00ebzie van Jo\u00ebl Hut. Wie de bundel opent, zal misschien even met de ogen knipperen, want wat erin te lezen valt is gesteld in &#8216;S\u00fadwesthoeks Frys&#8217; in de eigen spelling van de auteur.<\/p>\n<p>Wat daarnaast opvalt zijn de minimalistische vorm, de bondige verantwoording en de autobiografische inhoud van de gedichten. Hut zijn po\u00ebzie is intiem en breekbaar, maar door zijn aanpak worden daarbij zwaarte en sentimentaliteit op afstand gehouden.<\/p>\n","protected":false},"excerpt":{"rendered":"<p>Vorm en taal spelen in deze bundel een grote rol. Ze zijn sturend voor de po\u00ebzie van Jo\u00ebl Hut. Wie de bundel opent, zal misschien even met de ogen knipperen, want wat erin te lezen valt is gesteld in &#8216;S\u00fadwesthoeks Frys&#8217; in de eigen spelling van de auteur. Wat daarnaast opvalt zijn de minimalistische vorm, [&hellip;]<\/p>\n","protected":false},"featured_media":38754,"comment_status":"closed","ping_status":"closed","template":"","meta":{"_acf_changed":false},"product_brand":[],"product_cat":[538,535,1215],"product_tag":[5191,13037,17036,13038,21902],"class_list":{"0":"post-38753","1":"product","2":"type-product","3":"status-publish","4":"has-post-thumbnail","6":"product_cat-dichtbondels","7":"product_cat-fryske-boeken","8":"product_cat-romans-en-literatuer","9":"product_tag-gedichten","10":"product_tag-joel-hut","11":"product_tag-poezie","12":"product_tag-sudwesthoeks","13":"product_tag-wurd-for-wurd-for-wurd","14":"product_shipping_class-brievenbus-verzending","15":"pa_auteur-joel-hut","16":"pa_isbn-21900","17":"pa_new-label-1-3","18":"pa_taal-sudwesthoeks-frys","19":"pa_uitgever-hispel","21":"first","22":"instock","23":"taxable","24":"shipping-taxable","25":"purchasable","26":"product-type-simple"},"acf":[],"yoast_head":"<!-- This site is optimized with the Yoast SEO plugin v27.3 - https:\/\/yoast.com\/product\/yoast-seo-wordpress\/ -->\n<title>Wurd f\u00f6r wurd f\u00f6r wurd &#8211; Af\u00fbk Websjop<\/title>\n<meta name=\"description\" content=\"Vorm en taal spelen in Wurd f\u00f6r wurd f\u00f6r wurd een grote rol. Ze zijn sturend voor de po\u00ebzie van Jo\u00ebl Hut die gesteld is in &#039;S\u00fadwesthoeks Frys&#039;.\" \/>\n<meta name=\"robots\" content=\"index, follow, max-snippet:-1, max-image-preview:large, max-video-preview:-1\" \/>\n<link rel=\"canonical\" href=\"https:\/\/websjop.afuk.frl\/frl\/winkel\/wurd-for-wurd-for-wurd\/\" \/>\n<meta property=\"og:locale\" content=\"fy_NL\" \/>\n<meta property=\"og:type\" content=\"article\" \/>\n<meta property=\"og:title\" content=\"Wurd f\u00f6r wurd f\u00f6r wurd &#8211; Af\u00fbk Websjop\" \/>\n<meta property=\"og:description\" content=\"Vorm en taal spelen in Wurd f\u00f6r wurd f\u00f6r wurd een grote rol. Ze zijn sturend voor de po\u00ebzie van Jo\u00ebl Hut die gesteld is in &#039;S\u00fadwesthoeks Frys&#039;.\" \/>\n<meta property=\"og:url\" content=\"https:\/\/websjop.afuk.frl\/frl\/winkel\/wurd-for-wurd-for-wurd\/\" \/>\n<meta property=\"og:site_name\" content=\"Af\u00fbk Websjop\" \/>\n<meta property=\"article:modified_time\" content=\"2023-05-17T08:11:58+00:00\" \/>\n<meta property=\"og:image\" content=\"https:\/\/websjop.afuk.frl\/wp-content\/uploads\/2023\/05\/Wurd-for-wurd713.jpg\" \/>\n\t<meta property=\"og:image:width\" content=\"386\" \/>\n\t<meta property=\"og:image:height\" content=\"559\" \/>\n\t<meta property=\"og:image:type\" content=\"image\/jpeg\" \/>\n<meta name=\"twitter:card\" content=\"summary_large_image\" \/>\n<script type=\"application\/ld+json\" class=\"yoast-schema-graph\">{\"@context\":\"https:\\\/\\\/schema.org\",\"@graph\":[{\"@type\":\"WebPage\",\"@id\":\"https:\\\/\\\/websjop.afuk.frl\\\/frl\\\/winkel\\\/wurd-for-wurd-for-wurd\\\/\",\"url\":\"https:\\\/\\\/websjop.afuk.frl\\\/frl\\\/winkel\\\/wurd-for-wurd-for-wurd\\\/\",\"name\":\"Wurd f\u00f6r wurd f\u00f6r wurd &#8211; Af\u00fbk Websjop\",\"isPartOf\":{\"@id\":\"https:\\\/\\\/websjop.afuk.frl\\\/frl\\\/#website\"},\"primaryImageOfPage\":{\"@id\":\"https:\\\/\\\/websjop.afuk.frl\\\/frl\\\/winkel\\\/wurd-for-wurd-for-wurd\\\/#primaryimage\"},\"image\":{\"@id\":\"https:\\\/\\\/websjop.afuk.frl\\\/frl\\\/winkel\\\/wurd-for-wurd-for-wurd\\\/#primaryimage\"},\"thumbnailUrl\":\"https:\\\/\\\/websjop.afuk.frl\\\/wp-content\\\/uploads\\\/2023\\\/05\\\/Wurd-for-wurd713.jpg\",\"datePublished\":\"2023-05-17T08:11:57+00:00\",\"dateModified\":\"2023-05-17T08:11:58+00:00\",\"description\":\"Vorm en taal spelen in Wurd f\u00f6r wurd f\u00f6r wurd een grote rol. Ze zijn sturend voor de po\u00ebzie van Jo\u00ebl Hut die gesteld is in 'S\u00fadwesthoeks Frys'.\",\"breadcrumb\":{\"@id\":\"https:\\\/\\\/websjop.afuk.frl\\\/frl\\\/winkel\\\/wurd-for-wurd-for-wurd\\\/#breadcrumb\"},\"inLanguage\":\"fy-NL\",\"potentialAction\":[{\"@type\":\"ReadAction\",\"target\":[\"https:\\\/\\\/websjop.afuk.frl\\\/frl\\\/winkel\\\/wurd-for-wurd-for-wurd\\\/\"]}]},{\"@type\":\"ImageObject\",\"inLanguage\":\"fy-NL\",\"@id\":\"https:\\\/\\\/websjop.afuk.frl\\\/frl\\\/winkel\\\/wurd-for-wurd-for-wurd\\\/#primaryimage\",\"url\":\"https:\\\/\\\/websjop.afuk.frl\\\/wp-content\\\/uploads\\\/2023\\\/05\\\/Wurd-for-wurd713.jpg\",\"contentUrl\":\"https:\\\/\\\/websjop.afuk.frl\\\/wp-content\\\/uploads\\\/2023\\\/05\\\/Wurd-for-wurd713.jpg\",\"width\":386,\"height\":559},{\"@type\":\"BreadcrumbList\",\"@id\":\"https:\\\/\\\/websjop.afuk.frl\\\/frl\\\/winkel\\\/wurd-for-wurd-for-wurd\\\/#breadcrumb\",\"itemListElement\":[{\"@type\":\"ListItem\",\"position\":1,\"name\":\"Home\",\"item\":\"https:\\\/\\\/websjop.afuk.frl\\\/frl\\\/\"},{\"@type\":\"ListItem\",\"position\":2,\"name\":\"Winkel\",\"item\":\"https:\\\/\\\/websjop.afuk.frl\\\/nl\\\/winkel\\\/\"},{\"@type\":\"ListItem\",\"position\":3,\"name\":\"Wurd f\u00f6r wurd f\u00f6r wurd\"}]},{\"@type\":\"WebSite\",\"@id\":\"https:\\\/\\\/websjop.afuk.frl\\\/frl\\\/#website\",\"url\":\"https:\\\/\\\/websjop.afuk.frl\\\/frl\\\/\",\"name\":\"Af\u00fbk Websjop\",\"description\":\"\",\"potentialAction\":[{\"@type\":\"SearchAction\",\"target\":{\"@type\":\"EntryPoint\",\"urlTemplate\":\"https:\\\/\\\/websjop.afuk.frl\\\/frl\\\/?s={search_term_string}\"},\"query-input\":{\"@type\":\"PropertyValueSpecification\",\"valueRequired\":true,\"valueName\":\"search_term_string\"}}],\"inLanguage\":\"fy-NL\"}]}<\/script>\n<!-- \/ Yoast SEO plugin. -->","yoast_head_json":{"title":"Wurd f\u00f6r wurd f\u00f6r wurd &#8211; Af\u00fbk Websjop","description":"Vorm en taal spelen in Wurd f\u00f6r wurd f\u00f6r wurd een grote rol. Ze zijn sturend voor de po\u00ebzie van Jo\u00ebl Hut die gesteld is in 'S\u00fadwesthoeks Frys'.","robots":{"index":"index","follow":"follow","max-snippet":"max-snippet:-1","max-image-preview":"max-image-preview:large","max-video-preview":"max-video-preview:-1"},"canonical":"https:\/\/websjop.afuk.frl\/frl\/winkel\/wurd-for-wurd-for-wurd\/","og_locale":"fy_NL","og_type":"article","og_title":"Wurd f\u00f6r wurd f\u00f6r wurd &#8211; Af\u00fbk Websjop","og_description":"Vorm en taal spelen in Wurd f\u00f6r wurd f\u00f6r wurd een grote rol. Ze zijn sturend voor de po\u00ebzie van Jo\u00ebl Hut die gesteld is in 'S\u00fadwesthoeks Frys'.","og_url":"https:\/\/websjop.afuk.frl\/frl\/winkel\/wurd-for-wurd-for-wurd\/","og_site_name":"Af\u00fbk Websjop","article_modified_time":"2023-05-17T08:11:58+00:00","og_image":[{"width":386,"height":559,"url":"https:\/\/websjop.afuk.frl\/wp-content\/uploads\/2023\/05\/Wurd-for-wurd713.jpg","type":"image\/jpeg"}],"twitter_card":"summary_large_image","schema":{"@context":"https:\/\/schema.org","@graph":[{"@type":"WebPage","@id":"https:\/\/websjop.afuk.frl\/frl\/winkel\/wurd-for-wurd-for-wurd\/","url":"https:\/\/websjop.afuk.frl\/frl\/winkel\/wurd-for-wurd-for-wurd\/","name":"Wurd f\u00f6r wurd f\u00f6r wurd &#8211; Af\u00fbk Websjop","isPartOf":{"@id":"https:\/\/websjop.afuk.frl\/frl\/#website"},"primaryImageOfPage":{"@id":"https:\/\/websjop.afuk.frl\/frl\/winkel\/wurd-for-wurd-for-wurd\/#primaryimage"},"image":{"@id":"https:\/\/websjop.afuk.frl\/frl\/winkel\/wurd-for-wurd-for-wurd\/#primaryimage"},"thumbnailUrl":"https:\/\/websjop.afuk.frl\/wp-content\/uploads\/2023\/05\/Wurd-for-wurd713.jpg","datePublished":"2023-05-17T08:11:57+00:00","dateModified":"2023-05-17T08:11:58+00:00","description":"Vorm en taal spelen in Wurd f\u00f6r wurd f\u00f6r wurd een grote rol. Ze zijn sturend voor de po\u00ebzie van Jo\u00ebl Hut die gesteld is in 'S\u00fadwesthoeks Frys'.","breadcrumb":{"@id":"https:\/\/websjop.afuk.frl\/frl\/winkel\/wurd-for-wurd-for-wurd\/#breadcrumb"},"inLanguage":"fy-NL","potentialAction":[{"@type":"ReadAction","target":["https:\/\/websjop.afuk.frl\/frl\/winkel\/wurd-for-wurd-for-wurd\/"]}]},{"@type":"ImageObject","inLanguage":"fy-NL","@id":"https:\/\/websjop.afuk.frl\/frl\/winkel\/wurd-for-wurd-for-wurd\/#primaryimage","url":"https:\/\/websjop.afuk.frl\/wp-content\/uploads\/2023\/05\/Wurd-for-wurd713.jpg","contentUrl":"https:\/\/websjop.afuk.frl\/wp-content\/uploads\/2023\/05\/Wurd-for-wurd713.jpg","width":386,"height":559},{"@type":"BreadcrumbList","@id":"https:\/\/websjop.afuk.frl\/frl\/winkel\/wurd-for-wurd-for-wurd\/#breadcrumb","itemListElement":[{"@type":"ListItem","position":1,"name":"Home","item":"https:\/\/websjop.afuk.frl\/frl\/"},{"@type":"ListItem","position":2,"name":"Winkel","item":"https:\/\/websjop.afuk.frl\/nl\/winkel\/"},{"@type":"ListItem","position":3,"name":"Wurd f\u00f6r wurd f\u00f6r wurd"}]},{"@type":"WebSite","@id":"https:\/\/websjop.afuk.frl\/frl\/#website","url":"https:\/\/websjop.afuk.frl\/frl\/","name":"Af\u00fbk Websjop","description":"","potentialAction":[{"@type":"SearchAction","target":{"@type":"EntryPoint","urlTemplate":"https:\/\/websjop.afuk.frl\/frl\/?s={search_term_string}"},"query-input":{"@type":"PropertyValueSpecification","valueRequired":true,"valueName":"search_term_string"}}],"inLanguage":"fy-NL"}]}},"_links":{"self":[{"href":"https:\/\/websjop.afuk.frl\/frl\/wp-json\/wp\/v2\/product\/38753","targetHints":{"allow":["GET"]}}],"collection":[{"href":"https:\/\/websjop.afuk.frl\/frl\/wp-json\/wp\/v2\/product"}],"about":[{"href":"https:\/\/websjop.afuk.frl\/frl\/wp-json\/wp\/v2\/types\/product"}],"replies":[{"embeddable":true,"href":"https:\/\/websjop.afuk.frl\/frl\/wp-json\/wp\/v2\/comments?post=38753"}],"wp:featuredmedia":[{"embeddable":true,"href":"https:\/\/websjop.afuk.frl\/frl\/wp-json\/wp\/v2\/media\/38754"}],"wp:attachment":[{"href":"https:\/\/websjop.afuk.frl\/frl\/wp-json\/wp\/v2\/media?parent=38753"}],"wp:term":[{"taxonomy":"product_brand","embeddable":true,"href":"https:\/\/websjop.afuk.frl\/frl\/wp-json\/wp\/v2\/product_brand?post=38753"},{"taxonomy":"product_cat","embeddable":true,"href":"https:\/\/websjop.afuk.frl\/frl\/wp-json\/wp\/v2\/product_cat?post=38753"},{"taxonomy":"product_tag","embeddable":true,"href":"https:\/\/websjop.afuk.frl\/frl\/wp-json\/wp\/v2\/product_tag?post=38753"}],"curies":[{"name":"wp","href":"https:\/\/api.w.org\/{rel}","templated":true}]}}