{"id":38573,"date":"2023-05-01T10:30:19","date_gmt":"2023-05-01T09:30:19","guid":{"rendered":"https:\/\/websjop.afuk.frl\/nl\/?post_type=product&#038;p=38573"},"modified":"2023-05-01T10:30:20","modified_gmt":"2023-05-01T09:30:20","slug":"geertje-lycklama-a-nijeholt-1938-2014-feministisch-stratege","status":"publish","type":"product","link":"https:\/\/websjop.afuk.frl\/frl\/winkel\/geertje-lycklama-a-nijeholt-1938-2014-feministisch-stratege\/","title":{"rendered":"Geertje Lycklama \u00e0 Nijeholt (1938-2014) &#8211; Feministisch stratege"},"content":{"rendered":"<p>Geertje Lycklama \u00e0 Nijeholt, van eenvoudige Friese komaf, was zich al jong bewust van de invloed van armoede en gender op ontwikkelingskansen van mensen. Na haar studie in Amsterdam, zeven jaar ontwikkelingswerk in Pakistan en een verblijf van drie jaar in de Verenigde Staten, werd zij in Nederland een pionier op het terrein van internationale vrouwenrechten en ontwikkelingsvraagstukken. Dat was zij niet op, maar achter de barricaden.<\/p>\n<p>Als eerste co\u00f6rdinator Internationale Vrouwenzaken op het ministerie van Buitenlandse Zaken, als eerste hoogleraar Vrouwenemancipatie, in Wageningen, en als eerste vrouwelijke rector van een onderwijsinstelling, het Institute of Social Studies in Den Haag, bouwde zij een indrukwekkend internationaal vrouwennetwerk op. In 1992 kreeg zij daarvoor de Aletta Jacobsprijs. Aan het einde van haar loopbaan was zij lid van de Eerste Kamer en voorzitter van de PvdA-fractie, en bleef ze zich inzetten voor een wereld met gelijke rechten en kansen voor iedereen.<\/p>\n<p>Johanneke Liemburg (1952) schreef haar levensverhaal. Zij promoveerde eerder op een biografie van de Friese dichter, onderwijzer, journalist en politicus Fedde Schurer.<\/p>\n","protected":false},"excerpt":{"rendered":"<p>Geertje Lycklama \u00e0 Nijeholt, van eenvoudige Friese komaf, was zich al jong bewust van de invloed van armoede en gender op ontwikkelingskansen van mensen. Na haar studie in Amsterdam, zeven jaar ontwikkelingswerk in Pakistan en een verblijf van drie jaar in de Verenigde Staten, werd zij in Nederland een pionier op het terrein van internationale [&hellip;]<\/p>\n","protected":false},"featured_media":38574,"comment_status":"closed","ping_status":"closed","template":"","meta":{"_acf_changed":false},"product_brand":[],"product_cat":[1037,535],"product_tag":[5269,5237,21865,21862,21863,21864],"class_list":{"0":"post-38573","1":"product","2":"type-product","3":"status-publish","4":"has-post-thumbnail","6":"product_cat-biografy","7":"product_cat-fryske-boeken","8":"product_tag-biografie","9":"product_tag-biografy","10":"product_tag-feministe","11":"product_tag-geertje-lycklama-a-nijeholt","12":"product_tag-johanneke-liemburg","13":"product_tag-vrouwenrechten","14":"product_shipping_class-pakketpost-verzending","15":"pa_auteur-johanneke-liemburg","16":"pa_isbn-21860","17":"pa_new-label-1-3","18":"pa_taal-nederlands","19":"pa_uitgever-noordboek","21":"first","22":"instock","23":"taxable","24":"shipping-taxable","25":"purchasable","26":"product-type-simple"},"acf":[],"yoast_head":"<!-- This site is optimized with the Yoast SEO plugin v27.3 - https:\/\/yoast.com\/product\/yoast-seo-wordpress\/ -->\n<title>Geertje Lycklama \u00e0 Nijeholt (1938-2014) - Feministisch stratege &#8211; Af\u00fbk Websjop<\/title>\n<meta name=\"description\" content=\"Geertje Lycklama \u00e0 Nijeholt was in Nederland een pionier op het terrein van internationale vrouwenrechten en ontwikkelingsvraagstukken. Biografie.\" \/>\n<meta name=\"robots\" content=\"index, follow, max-snippet:-1, max-image-preview:large, max-video-preview:-1\" \/>\n<link rel=\"canonical\" href=\"https:\/\/websjop.afuk.frl\/frl\/winkel\/geertje-lycklama-a-nijeholt-1938-2014-feministisch-stratege\/\" \/>\n<meta property=\"og:locale\" content=\"fy_NL\" \/>\n<meta property=\"og:type\" content=\"article\" \/>\n<meta property=\"og:title\" content=\"Geertje Lycklama \u00e0 Nijeholt (1938-2014) - Feministisch stratege &#8211; Af\u00fbk Websjop\" \/>\n<meta property=\"og:description\" content=\"Geertje Lycklama \u00e0 Nijeholt was in Nederland een pionier op het terrein van internationale vrouwenrechten en ontwikkelingsvraagstukken. Biografie.\" \/>\n<meta property=\"og:url\" content=\"https:\/\/websjop.afuk.frl\/frl\/winkel\/geertje-lycklama-a-nijeholt-1938-2014-feministisch-stratege\/\" \/>\n<meta property=\"og:site_name\" content=\"Af\u00fbk Websjop\" \/>\n<meta property=\"article:modified_time\" content=\"2023-05-01T09:30:20+00:00\" \/>\n<meta property=\"og:image\" content=\"https:\/\/websjop.afuk.frl\/wp-content\/uploads\/2023\/05\/Geertje-Lycklama.jpg\" \/>\n\t<meta property=\"og:image:width\" content=\"300\" \/>\n\t<meta property=\"og:image:height\" content=\"419\" \/>\n\t<meta property=\"og:image:type\" content=\"image\/jpeg\" \/>\n<meta name=\"twitter:card\" content=\"summary_large_image\" \/>\n<meta name=\"twitter:label1\" content=\"Est. reading time\" \/>\n\t<meta name=\"twitter:data1\" content=\"1 minute\" \/>\n<script type=\"application\/ld+json\" class=\"yoast-schema-graph\">{\"@context\":\"https:\\\/\\\/schema.org\",\"@graph\":[{\"@type\":\"WebPage\",\"@id\":\"https:\\\/\\\/websjop.afuk.frl\\\/frl\\\/winkel\\\/geertje-lycklama-a-nijeholt-1938-2014-feministisch-stratege\\\/\",\"url\":\"https:\\\/\\\/websjop.afuk.frl\\\/frl\\\/winkel\\\/geertje-lycklama-a-nijeholt-1938-2014-feministisch-stratege\\\/\",\"name\":\"Geertje Lycklama \u00e0 Nijeholt (1938-2014) - Feministisch stratege &#8211; Af\u00fbk Websjop\",\"isPartOf\":{\"@id\":\"https:\\\/\\\/websjop.afuk.frl\\\/frl\\\/#website\"},\"primaryImageOfPage\":{\"@id\":\"https:\\\/\\\/websjop.afuk.frl\\\/frl\\\/winkel\\\/geertje-lycklama-a-nijeholt-1938-2014-feministisch-stratege\\\/#primaryimage\"},\"image\":{\"@id\":\"https:\\\/\\\/websjop.afuk.frl\\\/frl\\\/winkel\\\/geertje-lycklama-a-nijeholt-1938-2014-feministisch-stratege\\\/#primaryimage\"},\"thumbnailUrl\":\"https:\\\/\\\/websjop.afuk.frl\\\/wp-content\\\/uploads\\\/2023\\\/05\\\/Geertje-Lycklama.jpg\",\"datePublished\":\"2023-05-01T09:30:19+00:00\",\"dateModified\":\"2023-05-01T09:30:20+00:00\",\"description\":\"Geertje Lycklama \u00e0 Nijeholt was in Nederland een pionier op het terrein van internationale vrouwenrechten en ontwikkelingsvraagstukken. Biografie.\",\"breadcrumb\":{\"@id\":\"https:\\\/\\\/websjop.afuk.frl\\\/frl\\\/winkel\\\/geertje-lycklama-a-nijeholt-1938-2014-feministisch-stratege\\\/#breadcrumb\"},\"inLanguage\":\"fy-NL\",\"potentialAction\":[{\"@type\":\"ReadAction\",\"target\":[\"https:\\\/\\\/websjop.afuk.frl\\\/frl\\\/winkel\\\/geertje-lycklama-a-nijeholt-1938-2014-feministisch-stratege\\\/\"]}]},{\"@type\":\"ImageObject\",\"inLanguage\":\"fy-NL\",\"@id\":\"https:\\\/\\\/websjop.afuk.frl\\\/frl\\\/winkel\\\/geertje-lycklama-a-nijeholt-1938-2014-feministisch-stratege\\\/#primaryimage\",\"url\":\"https:\\\/\\\/websjop.afuk.frl\\\/wp-content\\\/uploads\\\/2023\\\/05\\\/Geertje-Lycklama.jpg\",\"contentUrl\":\"https:\\\/\\\/websjop.afuk.frl\\\/wp-content\\\/uploads\\\/2023\\\/05\\\/Geertje-Lycklama.jpg\",\"width\":300,\"height\":419},{\"@type\":\"BreadcrumbList\",\"@id\":\"https:\\\/\\\/websjop.afuk.frl\\\/frl\\\/winkel\\\/geertje-lycklama-a-nijeholt-1938-2014-feministisch-stratege\\\/#breadcrumb\",\"itemListElement\":[{\"@type\":\"ListItem\",\"position\":1,\"name\":\"Home\",\"item\":\"https:\\\/\\\/websjop.afuk.frl\\\/frl\\\/\"},{\"@type\":\"ListItem\",\"position\":2,\"name\":\"Winkel\",\"item\":\"https:\\\/\\\/websjop.afuk.frl\\\/nl\\\/winkel\\\/\"},{\"@type\":\"ListItem\",\"position\":3,\"name\":\"Geertje Lycklama \u00e0 Nijeholt (1938-2014) &#8211; Feministisch stratege\"}]},{\"@type\":\"WebSite\",\"@id\":\"https:\\\/\\\/websjop.afuk.frl\\\/frl\\\/#website\",\"url\":\"https:\\\/\\\/websjop.afuk.frl\\\/frl\\\/\",\"name\":\"Af\u00fbk Websjop\",\"description\":\"\",\"potentialAction\":[{\"@type\":\"SearchAction\",\"target\":{\"@type\":\"EntryPoint\",\"urlTemplate\":\"https:\\\/\\\/websjop.afuk.frl\\\/frl\\\/?s={search_term_string}\"},\"query-input\":{\"@type\":\"PropertyValueSpecification\",\"valueRequired\":true,\"valueName\":\"search_term_string\"}}],\"inLanguage\":\"fy-NL\"}]}<\/script>\n<!-- \/ Yoast SEO plugin. -->","yoast_head_json":{"title":"Geertje Lycklama \u00e0 Nijeholt (1938-2014) - Feministisch stratege &#8211; Af\u00fbk Websjop","description":"Geertje Lycklama \u00e0 Nijeholt was in Nederland een pionier op het terrein van internationale vrouwenrechten en ontwikkelingsvraagstukken. Biografie.","robots":{"index":"index","follow":"follow","max-snippet":"max-snippet:-1","max-image-preview":"max-image-preview:large","max-video-preview":"max-video-preview:-1"},"canonical":"https:\/\/websjop.afuk.frl\/frl\/winkel\/geertje-lycklama-a-nijeholt-1938-2014-feministisch-stratege\/","og_locale":"fy_NL","og_type":"article","og_title":"Geertje Lycklama \u00e0 Nijeholt (1938-2014) - Feministisch stratege &#8211; Af\u00fbk Websjop","og_description":"Geertje Lycklama \u00e0 Nijeholt was in Nederland een pionier op het terrein van internationale vrouwenrechten en ontwikkelingsvraagstukken. Biografie.","og_url":"https:\/\/websjop.afuk.frl\/frl\/winkel\/geertje-lycklama-a-nijeholt-1938-2014-feministisch-stratege\/","og_site_name":"Af\u00fbk Websjop","article_modified_time":"2023-05-01T09:30:20+00:00","og_image":[{"width":300,"height":419,"url":"https:\/\/websjop.afuk.frl\/wp-content\/uploads\/2023\/05\/Geertje-Lycklama.jpg","type":"image\/jpeg"}],"twitter_card":"summary_large_image","twitter_misc":{"Est. reading time":"1 minute"},"schema":{"@context":"https:\/\/schema.org","@graph":[{"@type":"WebPage","@id":"https:\/\/websjop.afuk.frl\/frl\/winkel\/geertje-lycklama-a-nijeholt-1938-2014-feministisch-stratege\/","url":"https:\/\/websjop.afuk.frl\/frl\/winkel\/geertje-lycklama-a-nijeholt-1938-2014-feministisch-stratege\/","name":"Geertje Lycklama \u00e0 Nijeholt (1938-2014) - Feministisch stratege &#8211; Af\u00fbk Websjop","isPartOf":{"@id":"https:\/\/websjop.afuk.frl\/frl\/#website"},"primaryImageOfPage":{"@id":"https:\/\/websjop.afuk.frl\/frl\/winkel\/geertje-lycklama-a-nijeholt-1938-2014-feministisch-stratege\/#primaryimage"},"image":{"@id":"https:\/\/websjop.afuk.frl\/frl\/winkel\/geertje-lycklama-a-nijeholt-1938-2014-feministisch-stratege\/#primaryimage"},"thumbnailUrl":"https:\/\/websjop.afuk.frl\/wp-content\/uploads\/2023\/05\/Geertje-Lycklama.jpg","datePublished":"2023-05-01T09:30:19+00:00","dateModified":"2023-05-01T09:30:20+00:00","description":"Geertje Lycklama \u00e0 Nijeholt was in Nederland een pionier op het terrein van internationale vrouwenrechten en ontwikkelingsvraagstukken. Biografie.","breadcrumb":{"@id":"https:\/\/websjop.afuk.frl\/frl\/winkel\/geertje-lycklama-a-nijeholt-1938-2014-feministisch-stratege\/#breadcrumb"},"inLanguage":"fy-NL","potentialAction":[{"@type":"ReadAction","target":["https:\/\/websjop.afuk.frl\/frl\/winkel\/geertje-lycklama-a-nijeholt-1938-2014-feministisch-stratege\/"]}]},{"@type":"ImageObject","inLanguage":"fy-NL","@id":"https:\/\/websjop.afuk.frl\/frl\/winkel\/geertje-lycklama-a-nijeholt-1938-2014-feministisch-stratege\/#primaryimage","url":"https:\/\/websjop.afuk.frl\/wp-content\/uploads\/2023\/05\/Geertje-Lycklama.jpg","contentUrl":"https:\/\/websjop.afuk.frl\/wp-content\/uploads\/2023\/05\/Geertje-Lycklama.jpg","width":300,"height":419},{"@type":"BreadcrumbList","@id":"https:\/\/websjop.afuk.frl\/frl\/winkel\/geertje-lycklama-a-nijeholt-1938-2014-feministisch-stratege\/#breadcrumb","itemListElement":[{"@type":"ListItem","position":1,"name":"Home","item":"https:\/\/websjop.afuk.frl\/frl\/"},{"@type":"ListItem","position":2,"name":"Winkel","item":"https:\/\/websjop.afuk.frl\/nl\/winkel\/"},{"@type":"ListItem","position":3,"name":"Geertje Lycklama \u00e0 Nijeholt (1938-2014) &#8211; Feministisch stratege"}]},{"@type":"WebSite","@id":"https:\/\/websjop.afuk.frl\/frl\/#website","url":"https:\/\/websjop.afuk.frl\/frl\/","name":"Af\u00fbk Websjop","description":"","potentialAction":[{"@type":"SearchAction","target":{"@type":"EntryPoint","urlTemplate":"https:\/\/websjop.afuk.frl\/frl\/?s={search_term_string}"},"query-input":{"@type":"PropertyValueSpecification","valueRequired":true,"valueName":"search_term_string"}}],"inLanguage":"fy-NL"}]}},"_links":{"self":[{"href":"https:\/\/websjop.afuk.frl\/frl\/wp-json\/wp\/v2\/product\/38573","targetHints":{"allow":["GET"]}}],"collection":[{"href":"https:\/\/websjop.afuk.frl\/frl\/wp-json\/wp\/v2\/product"}],"about":[{"href":"https:\/\/websjop.afuk.frl\/frl\/wp-json\/wp\/v2\/types\/product"}],"replies":[{"embeddable":true,"href":"https:\/\/websjop.afuk.frl\/frl\/wp-json\/wp\/v2\/comments?post=38573"}],"wp:featuredmedia":[{"embeddable":true,"href":"https:\/\/websjop.afuk.frl\/frl\/wp-json\/wp\/v2\/media\/38574"}],"wp:attachment":[{"href":"https:\/\/websjop.afuk.frl\/frl\/wp-json\/wp\/v2\/media?parent=38573"}],"wp:term":[{"taxonomy":"product_brand","embeddable":true,"href":"https:\/\/websjop.afuk.frl\/frl\/wp-json\/wp\/v2\/product_brand?post=38573"},{"taxonomy":"product_cat","embeddable":true,"href":"https:\/\/websjop.afuk.frl\/frl\/wp-json\/wp\/v2\/product_cat?post=38573"},{"taxonomy":"product_tag","embeddable":true,"href":"https:\/\/websjop.afuk.frl\/frl\/wp-json\/wp\/v2\/product_tag?post=38573"}],"curies":[{"name":"wp","href":"https:\/\/api.w.org\/{rel}","templated":true}]}}