{"id":38488,"date":"2023-04-21T11:12:44","date_gmt":"2023-04-21T10:12:44","guid":{"rendered":"https:\/\/websjop.afuk.frl\/nl\/?post_type=product&#038;p=38488"},"modified":"2023-07-01T09:58:22","modified_gmt":"2023-07-01T08:58:22","slug":"wes-wiis-mei-nuvere-houtsjes","status":"publish","type":"product","link":"https:\/\/websjop.afuk.frl\/frl\/winkel\/wes-wiis-mei-nuvere-houtsjes\/","title":{"rendered":"W\u00eas wiis mei nuvere houtsjes"},"content":{"rendered":"<p>In dit boek bundelt Meindert Bylsma aparte verhalen met vreemde afloop. Hij noemt ze Kremearkes, kre(k)t mearkes. Daarmee eigent hij zich toe wat sprookjes gewoon is: vrijheid. Geen gezeur met wat waar is en wat niet, geen gesodemieter met wat kan en wat niet kan. Alles kan en alles is waar, overal en altijd.<\/p>\n<p>In grappige bundel verhalen met originele vondsten en invalshoeken.<\/p>\n<p>&nbsp;<\/p>\n","protected":false},"excerpt":{"rendered":"<p>In dit boek bundelt Meindert Bylsma aparte verhalen met vreemde afloop. Hij noemt ze Kremearkes, kre(k)t mearkes. Daarmee eigent hij zich toe wat sprookjes gewoon is: vrijheid. Geen gezeur met wat waar is en wat niet, geen gesodemieter met wat kan en wat niet kan. Alles kan en alles is waar, overal en altijd. In [&hellip;]<\/p>\n","protected":false},"featured_media":38489,"comment_status":"closed","ping_status":"closed","template":"","meta":{"_acf_changed":false},"product_brand":[],"product_cat":[1040,535,1227,1215],"product_tag":[16961,8628,21835,21834,5327,21833],"class_list":{"0":"post-38488","1":"product","2":"type-product","3":"status-publish","4":"has-post-thumbnail","6":"product_cat-ferhalebondels","7":"product_cat-fryske-boeken","8":"product_cat-heitedeikadootsjes","9":"product_cat-romans-en-literatuer","10":"product_tag-grappig","11":"product_tag-humor","12":"product_tag-krekt-mearkes","13":"product_tag-kremearkes","14":"product_tag-meindert-bylsma","15":"product_tag-wes-wiis-mei-nuvere-houtsjes","16":"product_shipping_class-brievenbus-verzending","17":"pa_auteur-meindert-bylsma-2","18":"pa_isbn-21832","19":"pa_new-label-1-3","20":"pa_taal-frysk","21":"pa_uitgever-elikser","23":"first","24":"instock","25":"taxable","26":"shipping-taxable","27":"purchasable","28":"product-type-simple"},"acf":[],"yoast_head":"<!-- This site is optimized with the Yoast SEO plugin v27.3 - https:\/\/yoast.com\/product\/yoast-seo-wordpress\/ -->\n<title>W\u00eas wiis mei nuvere houtsjes &#8211; Af\u00fbk Websjop<\/title>\n<meta name=\"description\" content=\"In W\u00eas wiis mei nuvere houtsjes bundelt Meindert Bylsma aparte verhalen met vreemde afloop. Hij noemt ze Kremearkes, kre(k)t mearkes. Grappig en origineel!\" \/>\n<meta name=\"robots\" content=\"index, follow, max-snippet:-1, max-image-preview:large, max-video-preview:-1\" \/>\n<link rel=\"canonical\" href=\"https:\/\/websjop.afuk.frl\/frl\/winkel\/wes-wiis-mei-nuvere-houtsjes\/\" \/>\n<meta property=\"og:locale\" content=\"fy_NL\" \/>\n<meta property=\"og:type\" content=\"article\" \/>\n<meta property=\"og:title\" content=\"W\u00eas wiis mei nuvere houtsjes &#8211; Af\u00fbk Websjop\" \/>\n<meta property=\"og:description\" content=\"In W\u00eas wiis mei nuvere houtsjes bundelt Meindert Bylsma aparte verhalen met vreemde afloop. Hij noemt ze Kremearkes, kre(k)t mearkes. Grappig en origineel!\" \/>\n<meta property=\"og:url\" content=\"https:\/\/websjop.afuk.frl\/frl\/winkel\/wes-wiis-mei-nuvere-houtsjes\/\" \/>\n<meta property=\"og:site_name\" content=\"Af\u00fbk Websjop\" \/>\n<meta property=\"article:modified_time\" content=\"2023-07-01T08:58:22+00:00\" \/>\n<meta property=\"og:image\" content=\"https:\/\/websjop.afuk.frl\/wp-content\/uploads\/2023\/04\/Wes-wiis-mei-nuvere-houtsjes.jpg\" \/>\n\t<meta property=\"og:image:width\" content=\"400\" \/>\n\t<meta property=\"og:image:height\" content=\"400\" \/>\n\t<meta property=\"og:image:type\" content=\"image\/jpeg\" \/>\n<meta name=\"twitter:card\" content=\"summary_large_image\" \/>\n<script type=\"application\/ld+json\" class=\"yoast-schema-graph\">{\"@context\":\"https:\\\/\\\/schema.org\",\"@graph\":[{\"@type\":\"WebPage\",\"@id\":\"https:\\\/\\\/websjop.afuk.frl\\\/frl\\\/winkel\\\/wes-wiis-mei-nuvere-houtsjes\\\/\",\"url\":\"https:\\\/\\\/websjop.afuk.frl\\\/frl\\\/winkel\\\/wes-wiis-mei-nuvere-houtsjes\\\/\",\"name\":\"W\u00eas wiis mei nuvere houtsjes &#8211; Af\u00fbk Websjop\",\"isPartOf\":{\"@id\":\"https:\\\/\\\/websjop.afuk.frl\\\/frl\\\/#website\"},\"primaryImageOfPage\":{\"@id\":\"https:\\\/\\\/websjop.afuk.frl\\\/frl\\\/winkel\\\/wes-wiis-mei-nuvere-houtsjes\\\/#primaryimage\"},\"image\":{\"@id\":\"https:\\\/\\\/websjop.afuk.frl\\\/frl\\\/winkel\\\/wes-wiis-mei-nuvere-houtsjes\\\/#primaryimage\"},\"thumbnailUrl\":\"https:\\\/\\\/websjop.afuk.frl\\\/wp-content\\\/uploads\\\/2023\\\/04\\\/Wes-wiis-mei-nuvere-houtsjes.jpg\",\"datePublished\":\"2023-04-21T10:12:44+00:00\",\"dateModified\":\"2023-07-01T08:58:22+00:00\",\"description\":\"In W\u00eas wiis mei nuvere houtsjes bundelt Meindert Bylsma aparte verhalen met vreemde afloop. Hij noemt ze Kremearkes, kre(k)t mearkes. Grappig en origineel!\",\"breadcrumb\":{\"@id\":\"https:\\\/\\\/websjop.afuk.frl\\\/frl\\\/winkel\\\/wes-wiis-mei-nuvere-houtsjes\\\/#breadcrumb\"},\"inLanguage\":\"fy-NL\",\"potentialAction\":[{\"@type\":\"ReadAction\",\"target\":[\"https:\\\/\\\/websjop.afuk.frl\\\/frl\\\/winkel\\\/wes-wiis-mei-nuvere-houtsjes\\\/\"]}]},{\"@type\":\"ImageObject\",\"inLanguage\":\"fy-NL\",\"@id\":\"https:\\\/\\\/websjop.afuk.frl\\\/frl\\\/winkel\\\/wes-wiis-mei-nuvere-houtsjes\\\/#primaryimage\",\"url\":\"https:\\\/\\\/websjop.afuk.frl\\\/wp-content\\\/uploads\\\/2023\\\/04\\\/Wes-wiis-mei-nuvere-houtsjes.jpg\",\"contentUrl\":\"https:\\\/\\\/websjop.afuk.frl\\\/wp-content\\\/uploads\\\/2023\\\/04\\\/Wes-wiis-mei-nuvere-houtsjes.jpg\",\"width\":400,\"height\":400},{\"@type\":\"BreadcrumbList\",\"@id\":\"https:\\\/\\\/websjop.afuk.frl\\\/frl\\\/winkel\\\/wes-wiis-mei-nuvere-houtsjes\\\/#breadcrumb\",\"itemListElement\":[{\"@type\":\"ListItem\",\"position\":1,\"name\":\"Home\",\"item\":\"https:\\\/\\\/websjop.afuk.frl\\\/frl\\\/\"},{\"@type\":\"ListItem\",\"position\":2,\"name\":\"Winkel\",\"item\":\"https:\\\/\\\/websjop.afuk.frl\\\/nl\\\/winkel\\\/\"},{\"@type\":\"ListItem\",\"position\":3,\"name\":\"W\u00eas wiis mei nuvere houtsjes\"}]},{\"@type\":\"WebSite\",\"@id\":\"https:\\\/\\\/websjop.afuk.frl\\\/frl\\\/#website\",\"url\":\"https:\\\/\\\/websjop.afuk.frl\\\/frl\\\/\",\"name\":\"Af\u00fbk Websjop\",\"description\":\"\",\"potentialAction\":[{\"@type\":\"SearchAction\",\"target\":{\"@type\":\"EntryPoint\",\"urlTemplate\":\"https:\\\/\\\/websjop.afuk.frl\\\/frl\\\/?s={search_term_string}\"},\"query-input\":{\"@type\":\"PropertyValueSpecification\",\"valueRequired\":true,\"valueName\":\"search_term_string\"}}],\"inLanguage\":\"fy-NL\"}]}<\/script>\n<!-- \/ Yoast SEO plugin. -->","yoast_head_json":{"title":"W\u00eas wiis mei nuvere houtsjes &#8211; Af\u00fbk Websjop","description":"In W\u00eas wiis mei nuvere houtsjes bundelt Meindert Bylsma aparte verhalen met vreemde afloop. Hij noemt ze Kremearkes, kre(k)t mearkes. Grappig en origineel!","robots":{"index":"index","follow":"follow","max-snippet":"max-snippet:-1","max-image-preview":"max-image-preview:large","max-video-preview":"max-video-preview:-1"},"canonical":"https:\/\/websjop.afuk.frl\/frl\/winkel\/wes-wiis-mei-nuvere-houtsjes\/","og_locale":"fy_NL","og_type":"article","og_title":"W\u00eas wiis mei nuvere houtsjes &#8211; Af\u00fbk Websjop","og_description":"In W\u00eas wiis mei nuvere houtsjes bundelt Meindert Bylsma aparte verhalen met vreemde afloop. Hij noemt ze Kremearkes, kre(k)t mearkes. Grappig en origineel!","og_url":"https:\/\/websjop.afuk.frl\/frl\/winkel\/wes-wiis-mei-nuvere-houtsjes\/","og_site_name":"Af\u00fbk Websjop","article_modified_time":"2023-07-01T08:58:22+00:00","og_image":[{"width":400,"height":400,"url":"https:\/\/websjop.afuk.frl\/wp-content\/uploads\/2023\/04\/Wes-wiis-mei-nuvere-houtsjes.jpg","type":"image\/jpeg"}],"twitter_card":"summary_large_image","schema":{"@context":"https:\/\/schema.org","@graph":[{"@type":"WebPage","@id":"https:\/\/websjop.afuk.frl\/frl\/winkel\/wes-wiis-mei-nuvere-houtsjes\/","url":"https:\/\/websjop.afuk.frl\/frl\/winkel\/wes-wiis-mei-nuvere-houtsjes\/","name":"W\u00eas wiis mei nuvere houtsjes &#8211; Af\u00fbk Websjop","isPartOf":{"@id":"https:\/\/websjop.afuk.frl\/frl\/#website"},"primaryImageOfPage":{"@id":"https:\/\/websjop.afuk.frl\/frl\/winkel\/wes-wiis-mei-nuvere-houtsjes\/#primaryimage"},"image":{"@id":"https:\/\/websjop.afuk.frl\/frl\/winkel\/wes-wiis-mei-nuvere-houtsjes\/#primaryimage"},"thumbnailUrl":"https:\/\/websjop.afuk.frl\/wp-content\/uploads\/2023\/04\/Wes-wiis-mei-nuvere-houtsjes.jpg","datePublished":"2023-04-21T10:12:44+00:00","dateModified":"2023-07-01T08:58:22+00:00","description":"In W\u00eas wiis mei nuvere houtsjes bundelt Meindert Bylsma aparte verhalen met vreemde afloop. Hij noemt ze Kremearkes, kre(k)t mearkes. Grappig en origineel!","breadcrumb":{"@id":"https:\/\/websjop.afuk.frl\/frl\/winkel\/wes-wiis-mei-nuvere-houtsjes\/#breadcrumb"},"inLanguage":"fy-NL","potentialAction":[{"@type":"ReadAction","target":["https:\/\/websjop.afuk.frl\/frl\/winkel\/wes-wiis-mei-nuvere-houtsjes\/"]}]},{"@type":"ImageObject","inLanguage":"fy-NL","@id":"https:\/\/websjop.afuk.frl\/frl\/winkel\/wes-wiis-mei-nuvere-houtsjes\/#primaryimage","url":"https:\/\/websjop.afuk.frl\/wp-content\/uploads\/2023\/04\/Wes-wiis-mei-nuvere-houtsjes.jpg","contentUrl":"https:\/\/websjop.afuk.frl\/wp-content\/uploads\/2023\/04\/Wes-wiis-mei-nuvere-houtsjes.jpg","width":400,"height":400},{"@type":"BreadcrumbList","@id":"https:\/\/websjop.afuk.frl\/frl\/winkel\/wes-wiis-mei-nuvere-houtsjes\/#breadcrumb","itemListElement":[{"@type":"ListItem","position":1,"name":"Home","item":"https:\/\/websjop.afuk.frl\/frl\/"},{"@type":"ListItem","position":2,"name":"Winkel","item":"https:\/\/websjop.afuk.frl\/nl\/winkel\/"},{"@type":"ListItem","position":3,"name":"W\u00eas wiis mei nuvere houtsjes"}]},{"@type":"WebSite","@id":"https:\/\/websjop.afuk.frl\/frl\/#website","url":"https:\/\/websjop.afuk.frl\/frl\/","name":"Af\u00fbk Websjop","description":"","potentialAction":[{"@type":"SearchAction","target":{"@type":"EntryPoint","urlTemplate":"https:\/\/websjop.afuk.frl\/frl\/?s={search_term_string}"},"query-input":{"@type":"PropertyValueSpecification","valueRequired":true,"valueName":"search_term_string"}}],"inLanguage":"fy-NL"}]}},"_links":{"self":[{"href":"https:\/\/websjop.afuk.frl\/frl\/wp-json\/wp\/v2\/product\/38488","targetHints":{"allow":["GET"]}}],"collection":[{"href":"https:\/\/websjop.afuk.frl\/frl\/wp-json\/wp\/v2\/product"}],"about":[{"href":"https:\/\/websjop.afuk.frl\/frl\/wp-json\/wp\/v2\/types\/product"}],"replies":[{"embeddable":true,"href":"https:\/\/websjop.afuk.frl\/frl\/wp-json\/wp\/v2\/comments?post=38488"}],"wp:featuredmedia":[{"embeddable":true,"href":"https:\/\/websjop.afuk.frl\/frl\/wp-json\/wp\/v2\/media\/38489"}],"wp:attachment":[{"href":"https:\/\/websjop.afuk.frl\/frl\/wp-json\/wp\/v2\/media?parent=38488"}],"wp:term":[{"taxonomy":"product_brand","embeddable":true,"href":"https:\/\/websjop.afuk.frl\/frl\/wp-json\/wp\/v2\/product_brand?post=38488"},{"taxonomy":"product_cat","embeddable":true,"href":"https:\/\/websjop.afuk.frl\/frl\/wp-json\/wp\/v2\/product_cat?post=38488"},{"taxonomy":"product_tag","embeddable":true,"href":"https:\/\/websjop.afuk.frl\/frl\/wp-json\/wp\/v2\/product_tag?post=38488"}],"curies":[{"name":"wp","href":"https:\/\/api.w.org\/{rel}","templated":true}]}}