{"id":37788,"date":"2023-02-22T14:53:42","date_gmt":"2023-02-22T13:53:42","guid":{"rendered":"https:\/\/websjop.afuk.frl\/nl\/?post_type=product&#038;p=37788"},"modified":"2025-08-20T10:25:27","modified_gmt":"2025-08-20T08:25:27","slug":"pinkeltsje-yn-fryslan","status":"publish","type":"product","link":"https:\/\/websjop.afuk.frl\/frl\/winkel\/pinkeltsje-yn-fryslan\/","title":{"rendered":"Pinkeltsje yn Frysl\u00e2n"},"content":{"rendered":"<p>Pinkeltje is net de dakgoot aan het schoonmaken als de Pinkelakei hem ineens komt ophalen. Koning Pinkelpracht heeft Pinkeltjes hulp nodig, want de kroonprins is spoorloos verdwenen. En wie kan er nu beter naar hem op zoek gaan dan de allerbeste speurneus van Pinkeltjesland?<\/p>\n<p>Het enige wat de koning hem kan vertellen, is dat de prins voordat hij verdween een oud boek over een bijzondere Friese mantelspeld bestudeerde. Pinkeltje aarzelt geen moment. Samen met Pinkelotje vliegt hij met de koninklijke pinkelstraler naar Friesland. De zoektocht naar de prins \u00e9n de mantelspeld brengt het tweetal op allerlei plekken in Friesland \u2013 maar ze zijn niet de enigen met deze missie\u2026<\/p>\n<p><em>Pinkeltje in Friesland<\/em> is een gloednieuw avontuur van een van de meest iconische figuren uit de Nederlandse jeugdliteratuur \u2013 wie is er niet met Pinkeltje opgegroeid? Met herkenbare illustraties van Arne van der Ree.<\/p>\n<p>Ook verkrijgbaar <a href=\"https:\/\/websjop.afuk.frl\/frl\/winkel\/pinkeltje-in-friesland\/\" target=\"_blank\" rel=\"noopener\">in het Nederlands: Pinkeltje in Friesland<\/a>.<\/p>\n<p>Leeftijd: 7+<\/p>\n<hr \/>\n<p><em>Tietsje Vonk: &#8220;It ferhaal fan de pinkels sit fol mei moaie \u2018wendingen\u2019 en lit de skiednis fan Frysl\u00e2n op in begryplike wize oan \u00fas sjen. Geandewei komme ek oare saken d\u00ear\u2019t Frysl\u00e2n ferneamd om is foarby, alles is op in moaie manier yn it ferhaal meinaam. Al mei al in hiel leuk boek om foar te l\u00eazen en echt in boek d\u00ear\u2019t je jierren mei foar\u00fat kinne!&#8221; <a href=\"https:\/\/heitenmem.nl\/artikel\/26102\/pinkeltsje-yn-fryslan\/\" target=\"_blank\" rel=\"noopener\">L\u00eas hjir de folsleine resinsje fan Tietsje<\/a>.<\/em><\/p>\n<p>Daphne: &#8220;Pinkeltje, wie is er niet mee opgegroeid? Ik vind het een mooi stukje nostalgie nu er ook een boek verschenen is met Pinkeltje in Friesland. Zo leuk dat de geschiedenis zich herhaalt, omdat ik vroeger zelf deze boeken las en ik dit nu met mijn kinderen heb mogen doen.&#8221; <a href=\"https:\/\/heitenmem.nl\/artikel\/26108\/resinsje-fan-daphne-pinkeltsje-yn-fryslan\/\" target=\"_blank\" rel=\"noopener\">L\u00eas hjir de folsleine resinsje fan Daphne.\u00a0<\/a><\/p>\n","protected":false},"excerpt":{"rendered":"<p>Pinkeltje is net de dakgoot aan het schoonmaken als de Pinkelakei hem ineens komt ophalen. Koning Pinkelpracht heeft Pinkeltjes hulp nodig, want de kroonprins is spoorloos verdwenen. En wie kan er nu beter naar hem op zoek gaan dan de allerbeste speurneus van Pinkeltjesland? Het enige wat de koning hem kan vertellen, is dat de [&hellip;]<\/p>\n","protected":false},"featured_media":37789,"comment_status":"closed","ping_status":"closed","template":"","meta":{"_acf_changed":false},"product_brand":[],"product_cat":[550,551,535,23627,23211],"product_tag":[19876,6362,21698,21699,21697,21700],"class_list":{"0":"post-37788","1":"product","2":"type-product","3":"status-publish","4":"has-post-thumbnail","6":"product_cat-berneboeken-4-8","7":"product_cat-berneboeken-8-12","8":"product_cat-fryske-boeken","9":"product_cat-op-aventoer","10":"product_cat-tema-7-oant-10-jier","11":"product_tag-dick-laan","12":"product_tag-foarlesboek","13":"product_tag-mantelspjelde","14":"product_tag-pinkelotsje","15":"product_tag-pinkeltsje-yn-fryslan","16":"product_tag-pinkeltsjeslan","17":"product_shipping_class-brievenbus-verzending","18":"pa_auteur-studio-dick-laan","19":"pa_isbn-21696","20":"pa_new-label-1-3","21":"pa_taal-frysk","22":"pa_uitgever-afuk","23":"pa_vertaler-ytsje-steen","25":"first","26":"instock","27":"taxable","28":"shipping-taxable","29":"purchasable","30":"product-type-simple"},"acf":[],"yoast_head":"<!-- This site is optimized with the Yoast SEO plugin v27.3 - https:\/\/yoast.com\/product\/yoast-seo-wordpress\/ -->\n<title>Pinkeltsje yn Frysl\u00e2n &#8211; Af\u00fbk Websjop<\/title>\n<meta name=\"description\" content=\"Pinkeltsje yn Frysl\u00e2n is een gloednieuw avontuur van een van de meest iconische figuren uit de Nederlandse jeugdliteratuur.\" \/>\n<meta name=\"robots\" content=\"index, follow, max-snippet:-1, max-image-preview:large, max-video-preview:-1\" \/>\n<link rel=\"canonical\" href=\"https:\/\/websjop.afuk.frl\/frl\/winkel\/pinkeltsje-yn-fryslan\/\" \/>\n<meta property=\"og:locale\" content=\"fy_NL\" \/>\n<meta property=\"og:type\" content=\"article\" \/>\n<meta property=\"og:title\" content=\"Pinkeltsje yn Frysl\u00e2n &#8211; Af\u00fbk Websjop\" \/>\n<meta property=\"og:description\" content=\"Pinkeltsje yn Frysl\u00e2n is een gloednieuw avontuur van een van de meest iconische figuren uit de Nederlandse jeugdliteratuur.\" \/>\n<meta property=\"og:url\" content=\"https:\/\/websjop.afuk.frl\/frl\/winkel\/pinkeltsje-yn-fryslan\/\" \/>\n<meta property=\"og:site_name\" content=\"Af\u00fbk Websjop\" \/>\n<meta property=\"article:modified_time\" content=\"2025-08-20T08:25:27+00:00\" \/>\n<meta property=\"og:image\" content=\"https:\/\/websjop.afuk.frl\/wp-content\/uploads\/2023\/02\/Pinkeltsje-yn-Fryslan.jpg\" \/>\n\t<meta property=\"og:image:width\" content=\"1000\" \/>\n\t<meta property=\"og:image:height\" content=\"1414\" \/>\n\t<meta property=\"og:image:type\" content=\"image\/jpeg\" \/>\n<meta name=\"twitter:card\" content=\"summary_large_image\" \/>\n<meta name=\"twitter:label1\" content=\"Est. reading time\" \/>\n\t<meta name=\"twitter:data1\" content=\"1 minute\" \/>\n<script type=\"application\/ld+json\" class=\"yoast-schema-graph\">{\"@context\":\"https:\\\/\\\/schema.org\",\"@graph\":[{\"@type\":\"WebPage\",\"@id\":\"https:\\\/\\\/websjop.afuk.frl\\\/frl\\\/winkel\\\/pinkeltsje-yn-fryslan\\\/\",\"url\":\"https:\\\/\\\/websjop.afuk.frl\\\/frl\\\/winkel\\\/pinkeltsje-yn-fryslan\\\/\",\"name\":\"Pinkeltsje yn Frysl\u00e2n &#8211; Af\u00fbk Websjop\",\"isPartOf\":{\"@id\":\"https:\\\/\\\/websjop.afuk.frl\\\/frl\\\/#website\"},\"primaryImageOfPage\":{\"@id\":\"https:\\\/\\\/websjop.afuk.frl\\\/frl\\\/winkel\\\/pinkeltsje-yn-fryslan\\\/#primaryimage\"},\"image\":{\"@id\":\"https:\\\/\\\/websjop.afuk.frl\\\/frl\\\/winkel\\\/pinkeltsje-yn-fryslan\\\/#primaryimage\"},\"thumbnailUrl\":\"https:\\\/\\\/websjop.afuk.frl\\\/wp-content\\\/uploads\\\/2023\\\/02\\\/Pinkeltsje-yn-Fryslan.jpg\",\"datePublished\":\"2023-02-22T13:53:42+00:00\",\"dateModified\":\"2025-08-20T08:25:27+00:00\",\"description\":\"Pinkeltsje yn Frysl\u00e2n is een gloednieuw avontuur van een van de meest iconische figuren uit de Nederlandse jeugdliteratuur.\",\"breadcrumb\":{\"@id\":\"https:\\\/\\\/websjop.afuk.frl\\\/frl\\\/winkel\\\/pinkeltsje-yn-fryslan\\\/#breadcrumb\"},\"inLanguage\":\"fy-NL\",\"potentialAction\":[{\"@type\":\"ReadAction\",\"target\":[\"https:\\\/\\\/websjop.afuk.frl\\\/frl\\\/winkel\\\/pinkeltsje-yn-fryslan\\\/\"]}]},{\"@type\":\"ImageObject\",\"inLanguage\":\"fy-NL\",\"@id\":\"https:\\\/\\\/websjop.afuk.frl\\\/frl\\\/winkel\\\/pinkeltsje-yn-fryslan\\\/#primaryimage\",\"url\":\"https:\\\/\\\/websjop.afuk.frl\\\/wp-content\\\/uploads\\\/2023\\\/02\\\/Pinkeltsje-yn-Fryslan.jpg\",\"contentUrl\":\"https:\\\/\\\/websjop.afuk.frl\\\/wp-content\\\/uploads\\\/2023\\\/02\\\/Pinkeltsje-yn-Fryslan.jpg\",\"width\":1000,\"height\":1414},{\"@type\":\"BreadcrumbList\",\"@id\":\"https:\\\/\\\/websjop.afuk.frl\\\/frl\\\/winkel\\\/pinkeltsje-yn-fryslan\\\/#breadcrumb\",\"itemListElement\":[{\"@type\":\"ListItem\",\"position\":1,\"name\":\"Home\",\"item\":\"https:\\\/\\\/websjop.afuk.frl\\\/frl\\\/\"},{\"@type\":\"ListItem\",\"position\":2,\"name\":\"Winkel\",\"item\":\"https:\\\/\\\/websjop.afuk.frl\\\/nl\\\/winkel\\\/\"},{\"@type\":\"ListItem\",\"position\":3,\"name\":\"Pinkeltsje yn Frysl\u00e2n\"}]},{\"@type\":\"WebSite\",\"@id\":\"https:\\\/\\\/websjop.afuk.frl\\\/frl\\\/#website\",\"url\":\"https:\\\/\\\/websjop.afuk.frl\\\/frl\\\/\",\"name\":\"Af\u00fbk Websjop\",\"description\":\"\",\"potentialAction\":[{\"@type\":\"SearchAction\",\"target\":{\"@type\":\"EntryPoint\",\"urlTemplate\":\"https:\\\/\\\/websjop.afuk.frl\\\/frl\\\/?s={search_term_string}\"},\"query-input\":{\"@type\":\"PropertyValueSpecification\",\"valueRequired\":true,\"valueName\":\"search_term_string\"}}],\"inLanguage\":\"fy-NL\"}]}<\/script>\n<!-- \/ Yoast SEO plugin. -->","yoast_head_json":{"title":"Pinkeltsje yn Frysl\u00e2n &#8211; Af\u00fbk Websjop","description":"Pinkeltsje yn Frysl\u00e2n is een gloednieuw avontuur van een van de meest iconische figuren uit de Nederlandse jeugdliteratuur.","robots":{"index":"index","follow":"follow","max-snippet":"max-snippet:-1","max-image-preview":"max-image-preview:large","max-video-preview":"max-video-preview:-1"},"canonical":"https:\/\/websjop.afuk.frl\/frl\/winkel\/pinkeltsje-yn-fryslan\/","og_locale":"fy_NL","og_type":"article","og_title":"Pinkeltsje yn Frysl\u00e2n &#8211; Af\u00fbk Websjop","og_description":"Pinkeltsje yn Frysl\u00e2n is een gloednieuw avontuur van een van de meest iconische figuren uit de Nederlandse jeugdliteratuur.","og_url":"https:\/\/websjop.afuk.frl\/frl\/winkel\/pinkeltsje-yn-fryslan\/","og_site_name":"Af\u00fbk Websjop","article_modified_time":"2025-08-20T08:25:27+00:00","og_image":[{"width":1000,"height":1414,"url":"https:\/\/websjop.afuk.frl\/wp-content\/uploads\/2023\/02\/Pinkeltsje-yn-Fryslan.jpg","type":"image\/jpeg"}],"twitter_card":"summary_large_image","twitter_misc":{"Est. reading time":"1 minute"},"schema":{"@context":"https:\/\/schema.org","@graph":[{"@type":"WebPage","@id":"https:\/\/websjop.afuk.frl\/frl\/winkel\/pinkeltsje-yn-fryslan\/","url":"https:\/\/websjop.afuk.frl\/frl\/winkel\/pinkeltsje-yn-fryslan\/","name":"Pinkeltsje yn Frysl\u00e2n &#8211; Af\u00fbk Websjop","isPartOf":{"@id":"https:\/\/websjop.afuk.frl\/frl\/#website"},"primaryImageOfPage":{"@id":"https:\/\/websjop.afuk.frl\/frl\/winkel\/pinkeltsje-yn-fryslan\/#primaryimage"},"image":{"@id":"https:\/\/websjop.afuk.frl\/frl\/winkel\/pinkeltsje-yn-fryslan\/#primaryimage"},"thumbnailUrl":"https:\/\/websjop.afuk.frl\/wp-content\/uploads\/2023\/02\/Pinkeltsje-yn-Fryslan.jpg","datePublished":"2023-02-22T13:53:42+00:00","dateModified":"2025-08-20T08:25:27+00:00","description":"Pinkeltsje yn Frysl\u00e2n is een gloednieuw avontuur van een van de meest iconische figuren uit de Nederlandse jeugdliteratuur.","breadcrumb":{"@id":"https:\/\/websjop.afuk.frl\/frl\/winkel\/pinkeltsje-yn-fryslan\/#breadcrumb"},"inLanguage":"fy-NL","potentialAction":[{"@type":"ReadAction","target":["https:\/\/websjop.afuk.frl\/frl\/winkel\/pinkeltsje-yn-fryslan\/"]}]},{"@type":"ImageObject","inLanguage":"fy-NL","@id":"https:\/\/websjop.afuk.frl\/frl\/winkel\/pinkeltsje-yn-fryslan\/#primaryimage","url":"https:\/\/websjop.afuk.frl\/wp-content\/uploads\/2023\/02\/Pinkeltsje-yn-Fryslan.jpg","contentUrl":"https:\/\/websjop.afuk.frl\/wp-content\/uploads\/2023\/02\/Pinkeltsje-yn-Fryslan.jpg","width":1000,"height":1414},{"@type":"BreadcrumbList","@id":"https:\/\/websjop.afuk.frl\/frl\/winkel\/pinkeltsje-yn-fryslan\/#breadcrumb","itemListElement":[{"@type":"ListItem","position":1,"name":"Home","item":"https:\/\/websjop.afuk.frl\/frl\/"},{"@type":"ListItem","position":2,"name":"Winkel","item":"https:\/\/websjop.afuk.frl\/nl\/winkel\/"},{"@type":"ListItem","position":3,"name":"Pinkeltsje yn Frysl\u00e2n"}]},{"@type":"WebSite","@id":"https:\/\/websjop.afuk.frl\/frl\/#website","url":"https:\/\/websjop.afuk.frl\/frl\/","name":"Af\u00fbk Websjop","description":"","potentialAction":[{"@type":"SearchAction","target":{"@type":"EntryPoint","urlTemplate":"https:\/\/websjop.afuk.frl\/frl\/?s={search_term_string}"},"query-input":{"@type":"PropertyValueSpecification","valueRequired":true,"valueName":"search_term_string"}}],"inLanguage":"fy-NL"}]}},"_links":{"self":[{"href":"https:\/\/websjop.afuk.frl\/frl\/wp-json\/wp\/v2\/product\/37788","targetHints":{"allow":["GET"]}}],"collection":[{"href":"https:\/\/websjop.afuk.frl\/frl\/wp-json\/wp\/v2\/product"}],"about":[{"href":"https:\/\/websjop.afuk.frl\/frl\/wp-json\/wp\/v2\/types\/product"}],"replies":[{"embeddable":true,"href":"https:\/\/websjop.afuk.frl\/frl\/wp-json\/wp\/v2\/comments?post=37788"}],"wp:featuredmedia":[{"embeddable":true,"href":"https:\/\/websjop.afuk.frl\/frl\/wp-json\/wp\/v2\/media\/37789"}],"wp:attachment":[{"href":"https:\/\/websjop.afuk.frl\/frl\/wp-json\/wp\/v2\/media?parent=37788"}],"wp:term":[{"taxonomy":"product_brand","embeddable":true,"href":"https:\/\/websjop.afuk.frl\/frl\/wp-json\/wp\/v2\/product_brand?post=37788"},{"taxonomy":"product_cat","embeddable":true,"href":"https:\/\/websjop.afuk.frl\/frl\/wp-json\/wp\/v2\/product_cat?post=37788"},{"taxonomy":"product_tag","embeddable":true,"href":"https:\/\/websjop.afuk.frl\/frl\/wp-json\/wp\/v2\/product_tag?post=37788"}],"curies":[{"name":"wp","href":"https:\/\/api.w.org\/{rel}","templated":true}]}}