{"id":37768,"date":"2023-02-18T11:28:59","date_gmt":"2023-02-18T10:28:59","guid":{"rendered":"https:\/\/websjop.afuk.frl\/nl\/?post_type=product&#038;p=37768"},"modified":"2024-07-17T10:39:38","modified_gmt":"2024-07-17T09:39:38","slug":"molly-aukje-jelmer","status":"publish","type":"product","link":"https:\/\/websjop.afuk.frl\/frl\/winkel\/molly-aukje-jelmer\/","title":{"rendered":"Molly, Aukje &amp; Jelmer"},"content":{"rendered":"<p>Molly de haas is gek op verstoppertje spelen&#8230; maar Aukje de uil en Jelmer de vos hebben zich een beetje te goed verstopt! Waar kunnen ze toch zijn?<\/p>\n<p>2-5 jaar<\/p>\n<p><a href=\"https:\/\/www.instagram.com\/reel\/Co9XQstvd3l\/?igshid=YmMyMTA2M2Y=\" target=\"_blank\" rel=\"noopener\">Bekijk hier een filmpje van het boek.<\/a><\/p>\n<hr \/>\n<p><em>Irene Klompmaker: &#8220;In ideaal boek om foar it sliepen gean foar te l\u00eazen. Net te lestich, de yllustraasjes binne r\u00eastjaand en \u2018Ein goed, al goed\u2019 wurket fansels ek goed foar it sliepen gean. En as ik de sliepkeamersdoar achter my tichtl\u00fbk, mei it ljocht noch hiel even oanbliuwe. Om dy moaie platen noch ien kear te besjen.&#8221; <a href=\"https:\/\/heitenmem.nl\/artikel\/25877\/de-resinsje-fan-irene-molly-aukje-en-jelmer\/\" target=\"_blank\" rel=\"noopener\">L\u00eas hjir Irene har folsleine resinsje.<\/a><\/em><\/p>\n<p><em>Marrit Jongbloed: &#8220;Doe\u2019t ik it boek \u2018Molly, Aukje &amp; Jelmer\u2019 seach, foel my daliks de leave foarkant fan it boek op, mei in prachtige print fan de trije bistefreonen: Molly de hazze, Aukje de \u00fble en Jelmer de foks, d\u00ear\u2019t it boek oer giet. D\u00earneist binne de blomkes en de namme fan de skriuwster mei r\u00f4ze foly drukt, w\u00eartroch\u2019t it boek ekstra opfalt en yn \u2019e smaak falt. Ik fyn it dan ek in geskikt boek om oan in lytse poppe of pjut kado te jaan!&#8221;\u00a0 <a href=\"https:\/\/heitenmem.nl\/artikel\/25895\/de-resinsje-fan-marrit-molly-aukje-en-jelmer\/\" target=\"_blank\" rel=\"noopener\">L\u00eas hjir de folsleine resinsje fan Marrit.<\/a><\/em><\/p>\n<p><em>Anna: &#8220;Dat een boek zo mooi ge\u00efllustreerd is en tegelijk een geweldig leuk verhaaltje heeft vind ik geniaal. Mijn dochter vraagt iedere avond weer om dit boek en ik vind dat helemaal niet erg. ;) &#8220;<\/em><\/p>\n","protected":false},"excerpt":{"rendered":"<p>Molly de haas is gek op verstoppertje spelen&#8230; maar Aukje de uil en Jelmer de vos hebben zich een beetje te goed verstopt! Waar kunnen ze toch zijn? 2-5 jaar Bekijk hier een filmpje van het boek. Irene Klompmaker: &#8220;In ideaal boek om foar it sliepen gean foar te l\u00eazen. Net te lestich, de yllustraasjes [&hellip;]<\/p>\n","protected":false},"featured_media":37823,"comment_status":"closed","ping_status":"closed","template":"","meta":{"_acf_changed":false},"product_brand":[],"product_cat":[1213,549,535,560,557,22888],"product_tag":[21669,8221,21670,21668,5451,21671],"class_list":{"0":"post-37768","1":"product","2":"type-product","3":"status-publish","4":"has-post-thumbnail","6":"product_cat-berne-en-jeugdboeken","7":"product_cat-berneboeken-0-tot-4-jaar","8":"product_cat-fryske-boeken","9":"product_cat-kreamkado-boeken","10":"product_cat-friese-kraamcadeautjes","11":"product_cat-tema-ferstopperke","12":"product_tag-catherine-rayner","13":"product_tag-ferstopje","14":"product_tag-ferstopperke","15":"product_tag-molly-aukje-en-jelmer","16":"product_tag-printeboek","17":"product_tag-verstoppen","18":"product_shipping_class-brievenbus-verzending","19":"pa_auteur-catherine-rayner","20":"pa_isbn-21667","21":"pa_new-label-1-3","22":"pa_taal-frysk","23":"pa_uitgever-afuk","24":"pa_vertaler-hermien-van-der-meer","26":"first","27":"instock","28":"taxable","29":"shipping-taxable","30":"purchasable","31":"product-type-simple"},"acf":[],"yoast_head":"<!-- This site is optimized with the Yoast SEO plugin v27.2 - https:\/\/yoast.com\/product\/yoast-seo-wordpress\/ -->\n<title>Molly, Aukje &amp; Jelmer &#8211; Af\u00fbk Websjop<\/title>\n<meta name=\"description\" content=\"Molly de haas is gek op verstoppertje spelen... maar Aukje de uil en Jelmer de vos hebben zich een beetje te goed verstopt! Waar kunnen ze toch zijn?\" \/>\n<meta name=\"robots\" content=\"index, follow, max-snippet:-1, max-image-preview:large, max-video-preview:-1\" \/>\n<link rel=\"canonical\" href=\"https:\/\/websjop.afuk.frl\/frl\/winkel\/molly-aukje-jelmer\/\" \/>\n<meta property=\"og:locale\" content=\"fy_NL\" \/>\n<meta property=\"og:type\" content=\"article\" \/>\n<meta property=\"og:title\" content=\"Molly, Aukje &amp; Jelmer &#8211; Af\u00fbk Websjop\" \/>\n<meta property=\"og:description\" content=\"Molly de haas is gek op verstoppertje spelen... maar Aukje de uil en Jelmer de vos hebben zich een beetje te goed verstopt! Waar kunnen ze toch zijn?\" \/>\n<meta property=\"og:url\" content=\"https:\/\/websjop.afuk.frl\/frl\/winkel\/molly-aukje-jelmer\/\" \/>\n<meta property=\"og:site_name\" content=\"Af\u00fbk Websjop\" \/>\n<meta property=\"article:modified_time\" content=\"2024-07-17T09:39:38+00:00\" \/>\n<meta property=\"og:image\" content=\"https:\/\/websjop.afuk.frl\/wp-content\/uploads\/2023\/02\/molly-aukje-en-jelmer-1022x1024.jpg\" \/>\n\t<meta property=\"og:image:width\" content=\"1022\" \/>\n\t<meta property=\"og:image:height\" content=\"1024\" \/>\n\t<meta property=\"og:image:type\" content=\"image\/jpeg\" \/>\n<meta name=\"twitter:card\" content=\"summary_large_image\" \/>\n<meta name=\"twitter:label1\" content=\"Est. reading time\" \/>\n\t<meta name=\"twitter:data1\" content=\"1 minute\" \/>\n<script type=\"application\/ld+json\" class=\"yoast-schema-graph\">{\"@context\":\"https:\/\/schema.org\",\"@graph\":[{\"@type\":\"WebPage\",\"@id\":\"https:\/\/websjop.afuk.frl\/frl\/winkel\/molly-aukje-jelmer\/\",\"url\":\"https:\/\/websjop.afuk.frl\/frl\/winkel\/molly-aukje-jelmer\/\",\"name\":\"Molly, Aukje &amp; Jelmer &#8211; Af\u00fbk Websjop\",\"isPartOf\":{\"@id\":\"https:\/\/websjop.afuk.frl\/frl\/#website\"},\"primaryImageOfPage\":{\"@id\":\"https:\/\/websjop.afuk.frl\/frl\/winkel\/molly-aukje-jelmer\/#primaryimage\"},\"image\":{\"@id\":\"https:\/\/websjop.afuk.frl\/frl\/winkel\/molly-aukje-jelmer\/#primaryimage\"},\"thumbnailUrl\":\"https:\/\/websjop.afuk.frl\/wp-content\/uploads\/2023\/02\/molly-aukje-en-jelmer.jpg\",\"datePublished\":\"2023-02-18T10:28:59+00:00\",\"dateModified\":\"2024-07-17T09:39:38+00:00\",\"description\":\"Molly de haas is gek op verstoppertje spelen... maar Aukje de uil en Jelmer de vos hebben zich een beetje te goed verstopt! Waar kunnen ze toch zijn?\",\"breadcrumb\":{\"@id\":\"https:\/\/websjop.afuk.frl\/frl\/winkel\/molly-aukje-jelmer\/#breadcrumb\"},\"inLanguage\":\"fy-NL\",\"potentialAction\":[{\"@type\":\"ReadAction\",\"target\":[\"https:\/\/websjop.afuk.frl\/frl\/winkel\/molly-aukje-jelmer\/\"]}]},{\"@type\":\"ImageObject\",\"inLanguage\":\"fy-NL\",\"@id\":\"https:\/\/websjop.afuk.frl\/frl\/winkel\/molly-aukje-jelmer\/#primaryimage\",\"url\":\"https:\/\/websjop.afuk.frl\/wp-content\/uploads\/2023\/02\/molly-aukje-en-jelmer.jpg\",\"contentUrl\":\"https:\/\/websjop.afuk.frl\/wp-content\/uploads\/2023\/02\/molly-aukje-en-jelmer.jpg\",\"width\":1800,\"height\":1803},{\"@type\":\"BreadcrumbList\",\"@id\":\"https:\/\/websjop.afuk.frl\/frl\/winkel\/molly-aukje-jelmer\/#breadcrumb\",\"itemListElement\":[{\"@type\":\"ListItem\",\"position\":1,\"name\":\"Home\",\"item\":\"https:\/\/websjop.afuk.frl\/frl\/\"},{\"@type\":\"ListItem\",\"position\":2,\"name\":\"Winkel\",\"item\":\"https:\/\/websjop.afuk.frl\/nl\/winkel\/\"},{\"@type\":\"ListItem\",\"position\":3,\"name\":\"Molly, Aukje &amp; Jelmer\"}]},{\"@type\":\"WebSite\",\"@id\":\"https:\/\/websjop.afuk.frl\/frl\/#website\",\"url\":\"https:\/\/websjop.afuk.frl\/frl\/\",\"name\":\"Af\u00fbk Websjop\",\"description\":\"\",\"potentialAction\":[{\"@type\":\"SearchAction\",\"target\":{\"@type\":\"EntryPoint\",\"urlTemplate\":\"https:\/\/websjop.afuk.frl\/frl\/?s={search_term_string}\"},\"query-input\":{\"@type\":\"PropertyValueSpecification\",\"valueRequired\":true,\"valueName\":\"search_term_string\"}}],\"inLanguage\":\"fy-NL\"}]}<\/script>\n<!-- \/ Yoast SEO plugin. -->","yoast_head_json":{"title":"Molly, Aukje &amp; Jelmer &#8211; Af\u00fbk Websjop","description":"Molly de haas is gek op verstoppertje spelen... maar Aukje de uil en Jelmer de vos hebben zich een beetje te goed verstopt! Waar kunnen ze toch zijn?","robots":{"index":"index","follow":"follow","max-snippet":"max-snippet:-1","max-image-preview":"max-image-preview:large","max-video-preview":"max-video-preview:-1"},"canonical":"https:\/\/websjop.afuk.frl\/frl\/winkel\/molly-aukje-jelmer\/","og_locale":"fy_NL","og_type":"article","og_title":"Molly, Aukje &amp; Jelmer &#8211; Af\u00fbk Websjop","og_description":"Molly de haas is gek op verstoppertje spelen... maar Aukje de uil en Jelmer de vos hebben zich een beetje te goed verstopt! Waar kunnen ze toch zijn?","og_url":"https:\/\/websjop.afuk.frl\/frl\/winkel\/molly-aukje-jelmer\/","og_site_name":"Af\u00fbk Websjop","article_modified_time":"2024-07-17T09:39:38+00:00","og_image":[{"width":1022,"height":1024,"url":"https:\/\/websjop.afuk.frl\/wp-content\/uploads\/2023\/02\/molly-aukje-en-jelmer-1022x1024.jpg","type":"image\/jpeg"}],"twitter_card":"summary_large_image","twitter_misc":{"Est. reading time":"1 minute"},"schema":{"@context":"https:\/\/schema.org","@graph":[{"@type":"WebPage","@id":"https:\/\/websjop.afuk.frl\/frl\/winkel\/molly-aukje-jelmer\/","url":"https:\/\/websjop.afuk.frl\/frl\/winkel\/molly-aukje-jelmer\/","name":"Molly, Aukje &amp; Jelmer &#8211; Af\u00fbk Websjop","isPartOf":{"@id":"https:\/\/websjop.afuk.frl\/frl\/#website"},"primaryImageOfPage":{"@id":"https:\/\/websjop.afuk.frl\/frl\/winkel\/molly-aukje-jelmer\/#primaryimage"},"image":{"@id":"https:\/\/websjop.afuk.frl\/frl\/winkel\/molly-aukje-jelmer\/#primaryimage"},"thumbnailUrl":"https:\/\/websjop.afuk.frl\/wp-content\/uploads\/2023\/02\/molly-aukje-en-jelmer.jpg","datePublished":"2023-02-18T10:28:59+00:00","dateModified":"2024-07-17T09:39:38+00:00","description":"Molly de haas is gek op verstoppertje spelen... maar Aukje de uil en Jelmer de vos hebben zich een beetje te goed verstopt! Waar kunnen ze toch zijn?","breadcrumb":{"@id":"https:\/\/websjop.afuk.frl\/frl\/winkel\/molly-aukje-jelmer\/#breadcrumb"},"inLanguage":"fy-NL","potentialAction":[{"@type":"ReadAction","target":["https:\/\/websjop.afuk.frl\/frl\/winkel\/molly-aukje-jelmer\/"]}]},{"@type":"ImageObject","inLanguage":"fy-NL","@id":"https:\/\/websjop.afuk.frl\/frl\/winkel\/molly-aukje-jelmer\/#primaryimage","url":"https:\/\/websjop.afuk.frl\/wp-content\/uploads\/2023\/02\/molly-aukje-en-jelmer.jpg","contentUrl":"https:\/\/websjop.afuk.frl\/wp-content\/uploads\/2023\/02\/molly-aukje-en-jelmer.jpg","width":1800,"height":1803},{"@type":"BreadcrumbList","@id":"https:\/\/websjop.afuk.frl\/frl\/winkel\/molly-aukje-jelmer\/#breadcrumb","itemListElement":[{"@type":"ListItem","position":1,"name":"Home","item":"https:\/\/websjop.afuk.frl\/frl\/"},{"@type":"ListItem","position":2,"name":"Winkel","item":"https:\/\/websjop.afuk.frl\/nl\/winkel\/"},{"@type":"ListItem","position":3,"name":"Molly, Aukje &amp; Jelmer"}]},{"@type":"WebSite","@id":"https:\/\/websjop.afuk.frl\/frl\/#website","url":"https:\/\/websjop.afuk.frl\/frl\/","name":"Af\u00fbk Websjop","description":"","potentialAction":[{"@type":"SearchAction","target":{"@type":"EntryPoint","urlTemplate":"https:\/\/websjop.afuk.frl\/frl\/?s={search_term_string}"},"query-input":{"@type":"PropertyValueSpecification","valueRequired":true,"valueName":"search_term_string"}}],"inLanguage":"fy-NL"}]}},"_links":{"self":[{"href":"https:\/\/websjop.afuk.frl\/frl\/wp-json\/wp\/v2\/product\/37768","targetHints":{"allow":["GET"]}}],"collection":[{"href":"https:\/\/websjop.afuk.frl\/frl\/wp-json\/wp\/v2\/product"}],"about":[{"href":"https:\/\/websjop.afuk.frl\/frl\/wp-json\/wp\/v2\/types\/product"}],"replies":[{"embeddable":true,"href":"https:\/\/websjop.afuk.frl\/frl\/wp-json\/wp\/v2\/comments?post=37768"}],"wp:featuredmedia":[{"embeddable":true,"href":"https:\/\/websjop.afuk.frl\/frl\/wp-json\/wp\/v2\/media\/37823"}],"wp:attachment":[{"href":"https:\/\/websjop.afuk.frl\/frl\/wp-json\/wp\/v2\/media?parent=37768"}],"wp:term":[{"taxonomy":"product_brand","embeddable":true,"href":"https:\/\/websjop.afuk.frl\/frl\/wp-json\/wp\/v2\/product_brand?post=37768"},{"taxonomy":"product_cat","embeddable":true,"href":"https:\/\/websjop.afuk.frl\/frl\/wp-json\/wp\/v2\/product_cat?post=37768"},{"taxonomy":"product_tag","embeddable":true,"href":"https:\/\/websjop.afuk.frl\/frl\/wp-json\/wp\/v2\/product_tag?post=37768"}],"curies":[{"name":"wp","href":"https:\/\/api.w.org\/{rel}","templated":true}]}}