{"id":37329,"date":"2023-01-19T13:21:02","date_gmt":"2023-01-19T12:21:02","guid":{"rendered":"https:\/\/websjop.afuk.frl\/nl\/?post_type=product&#038;p=37329"},"modified":"2025-03-06T12:59:00","modified_gmt":"2025-03-06T11:59:00","slug":"de-letterfretter","status":"publish","type":"product","link":"https:\/\/websjop.afuk.frl\/frl\/winkel\/de-letterfretter\/","title":{"rendered":"De Letterfretter"},"content":{"rendered":"<p>Een zonnebadende papegaai, een goudduif en een slaperige rups, de letterfretter komt allerhande beesten tegen op zijn reis door Friesland.<\/p>\n<p>Hij is op zoek naar Friese klinkers, zo als de \u00c2, de OA, de II en al die anderen, want daar is hij gek op. Volg de letterfretter op zijn reis en leer spelenderwijze alle Friese klinkers en de allermooiste Friese woorden.<\/p>\n<p>In <em>De Letterfretter<\/em> staan 47 gedichten vol taalrijkdom, maar ook met humor, dat is Lida Dykstra wel toevertrouwd. Dat alle klinkers die in het Fries voorkomen in dit boek systematisch op een rijtje staan, maakt van <em>De Letterfretter <\/em>een nieuwe klassieker die in geen enkele boekenkast mag ontbreken.<\/p>\n<p>Van 1 &#8211; 110 jaar<\/p>\n<p><a href=\"https:\/\/websjop.afuk.frl\/wp-content\/uploads\/2023\/07\/Kleurplaat-De-letterfretter.pdf\" target=\"_blank\" rel=\"noopener\">Download hier een leuke kleurplaat van De Letterfretter!<\/a><\/p>\n<hr \/>\n<p>\u2018<em>De letterfretter is foar jong en \u00e2ld in skatkiste fan it Frysk, d\u00ear\u2019t eltse kear wer wat nijs yn te \u00fbndekken falt<\/em>.\u2019- Yvonne Dijkstra, \u00a0Friesch Dagblad, 4 febrewaris 2023.<\/p>\n<p><em>Sarah van der Meer: &#8220;Mirthe haar favoriet is \u2018dat verhaal van die man achter de tralies\u2019. In dit verhaal, Har Winsk (over de klank i, noasl\u00fbd), moet prins Rinse trouwen met dat aaklike mins \u00fat Grins (de prinses). Dat blijft grappig! Zelf beleef ik ook plezier aan het boek. Fries is niet mijn moedertaal, dus ik steek er het een en ander van op. De letterfretter heeft voor elke leeftijd iets te bieden. En dat hoeft niet per se om leren te gaan. Je kunt ook \u2018gewoon\u2019 genieten van de gedichtjes en illustraties, die bij jong en oud de fantasie prikkelen!&#8221; <a href=\"https:\/\/heitenmem.nl\/artikel\/25773\/de-recensie-van-sarah-de-letterfretter\/\" target=\"_blank\" rel=\"noopener\">L\u00eas hjir Sarah har folsleine resinsje.<\/a><\/em><\/p>\n<p><em>Marrit: &#8220;Ik fyn it in oanrieder foar elke heit en mem, pake en beppe of omke en muoike. Meielkoar l\u00eaze, l\u00fasterje en foaral genietsje fan al it moais dat mei \u00fas prachtige taal skreaun wurde kin.&#8221; <a href=\"https:\/\/heitenmem.nl\/artikel\/25778\/de-resinsje-fan-marrit-de-letterfretter\/\" target=\"_blank\" rel=\"noopener\">L\u00eas hjir Marrit har folsleine resinsje.<\/a><\/em><\/p>\n<p>&nbsp;<\/p>\n","protected":false},"excerpt":{"rendered":"<p>Een zonnebadende papegaai, een goudduif en een slaperige rups, de letterfretter komt allerhande beesten tegen op zijn reis door Friesland. Hij is op zoek naar Friese klinkers, zo als de \u00c2, de OA, de II en al die anderen, want daar is hij gek op. Volg de letterfretter op zijn reis en leer spelenderwijze alle [&hellip;]<\/p>\n","protected":false},"featured_media":37330,"comment_status":"closed","ping_status":"closed","template":"","meta":{"_acf_changed":false},"product_brand":[],"product_cat":[1213,549,550,551,18409,535,18411,18413,19939,18412,1160,18410,18414,18408,23212,14119],"product_tag":[21597,8628,21598,6077,5665],"class_list":{"0":"post-37329","1":"product","2":"type-product","3":"status-publish","4":"has-post-thumbnail","6":"product_cat-berne-en-jeugdboeken","7":"product_cat-berneboeken-0-tot-4-jaar","8":"product_cat-berneboeken-4-8","9":"product_cat-berneboeken-8-12","10":"product_cat-foarskoalsk","11":"product_cat-fryske-boeken","12":"product_cat-fuortset-underwiis","13":"product_cat-heger-underwiis","14":"product_cat-lesmateriaal","15":"product_cat-mbu","16":"product_cat-poezy-rymkes-en-ferskes-foar-bern","17":"product_cat-primer-underwiis","18":"product_cat-spesjaal-underwiis","19":"product_cat-taalplan-2030","20":"product_cat-tema-10-oant-12-jier","21":"product_cat-underwiis","22":"product_tag-de-letterfretter","23":"product_tag-humor","24":"product_tag-klinkers","25":"product_tag-lida-dykstra","26":"product_tag-luden","27":"product_shipping_class-brievenbus-verzending","28":"pa_auteur-lida-dykstra-2","29":"pa_isbn-21595","30":"pa_new-label-1-3","31":"pa_taal-frysk","32":"pa_uitgever-afuk","34":"first","35":"instock","36":"featured","37":"taxable","38":"shipping-taxable","39":"purchasable","40":"product-type-simple"},"acf":[],"yoast_head":"<!-- This site is optimized with the Yoast SEO plugin v27.3 - https:\/\/yoast.com\/product\/yoast-seo-wordpress\/ -->\n<title>De Letterfretter &#8211; Af\u00fbk Websjop<\/title>\n<meta name=\"description\" content=\"De Letterfretter is op zoek naar Friese klinkers, zo als de \u00c2, de OA, de II, want daar is hij gek op. Volg de letterfretteren leer alle Friese klinkers.\" \/>\n<meta name=\"robots\" content=\"index, follow, max-snippet:-1, max-image-preview:large, max-video-preview:-1\" \/>\n<link rel=\"canonical\" href=\"https:\/\/websjop.afuk.frl\/frl\/winkel\/de-letterfretter\/\" \/>\n<meta property=\"og:locale\" content=\"fy_NL\" \/>\n<meta property=\"og:type\" content=\"article\" \/>\n<meta property=\"og:title\" content=\"De Letterfretter &#8211; Af\u00fbk Websjop\" \/>\n<meta property=\"og:description\" content=\"De Letterfretter is op zoek naar Friese klinkers, zo als de \u00c2, de OA, de II, want daar is hij gek op. Volg de letterfretteren leer alle Friese klinkers.\" \/>\n<meta property=\"og:url\" content=\"https:\/\/websjop.afuk.frl\/frl\/winkel\/de-letterfretter\/\" \/>\n<meta property=\"og:site_name\" content=\"Af\u00fbk Websjop\" \/>\n<meta property=\"article:modified_time\" content=\"2025-03-06T11:59:00+00:00\" \/>\n<meta property=\"og:image\" content=\"https:\/\/websjop.afuk.frl\/wp-content\/uploads\/2023\/01\/De-letterfretter-LR.jpg\" \/>\n\t<meta property=\"og:image:width\" content=\"1000\" \/>\n\t<meta property=\"og:image:height\" content=\"1247\" \/>\n\t<meta property=\"og:image:type\" content=\"image\/jpeg\" \/>\n<meta name=\"twitter:card\" content=\"summary_large_image\" \/>\n<meta name=\"twitter:label1\" content=\"Est. reading time\" \/>\n\t<meta name=\"twitter:data1\" content=\"2 minutes\" \/>\n<script type=\"application\/ld+json\" class=\"yoast-schema-graph\">{\"@context\":\"https:\\\/\\\/schema.org\",\"@graph\":[{\"@type\":\"WebPage\",\"@id\":\"https:\\\/\\\/websjop.afuk.frl\\\/frl\\\/winkel\\\/de-letterfretter\\\/\",\"url\":\"https:\\\/\\\/websjop.afuk.frl\\\/frl\\\/winkel\\\/de-letterfretter\\\/\",\"name\":\"De Letterfretter &#8211; Af\u00fbk Websjop\",\"isPartOf\":{\"@id\":\"https:\\\/\\\/websjop.afuk.frl\\\/frl\\\/#website\"},\"primaryImageOfPage\":{\"@id\":\"https:\\\/\\\/websjop.afuk.frl\\\/frl\\\/winkel\\\/de-letterfretter\\\/#primaryimage\"},\"image\":{\"@id\":\"https:\\\/\\\/websjop.afuk.frl\\\/frl\\\/winkel\\\/de-letterfretter\\\/#primaryimage\"},\"thumbnailUrl\":\"https:\\\/\\\/websjop.afuk.frl\\\/wp-content\\\/uploads\\\/2023\\\/01\\\/De-letterfretter-LR.jpg\",\"datePublished\":\"2023-01-19T12:21:02+00:00\",\"dateModified\":\"2025-03-06T11:59:00+00:00\",\"description\":\"De Letterfretter is op zoek naar Friese klinkers, zo als de \u00c2, de OA, de II, want daar is hij gek op. Volg de letterfretteren leer alle Friese klinkers.\",\"breadcrumb\":{\"@id\":\"https:\\\/\\\/websjop.afuk.frl\\\/frl\\\/winkel\\\/de-letterfretter\\\/#breadcrumb\"},\"inLanguage\":\"fy-NL\",\"potentialAction\":[{\"@type\":\"ReadAction\",\"target\":[\"https:\\\/\\\/websjop.afuk.frl\\\/frl\\\/winkel\\\/de-letterfretter\\\/\"]}]},{\"@type\":\"ImageObject\",\"inLanguage\":\"fy-NL\",\"@id\":\"https:\\\/\\\/websjop.afuk.frl\\\/frl\\\/winkel\\\/de-letterfretter\\\/#primaryimage\",\"url\":\"https:\\\/\\\/websjop.afuk.frl\\\/wp-content\\\/uploads\\\/2023\\\/01\\\/De-letterfretter-LR.jpg\",\"contentUrl\":\"https:\\\/\\\/websjop.afuk.frl\\\/wp-content\\\/uploads\\\/2023\\\/01\\\/De-letterfretter-LR.jpg\",\"width\":1000,\"height\":1247},{\"@type\":\"BreadcrumbList\",\"@id\":\"https:\\\/\\\/websjop.afuk.frl\\\/frl\\\/winkel\\\/de-letterfretter\\\/#breadcrumb\",\"itemListElement\":[{\"@type\":\"ListItem\",\"position\":1,\"name\":\"Home\",\"item\":\"https:\\\/\\\/websjop.afuk.frl\\\/frl\\\/\"},{\"@type\":\"ListItem\",\"position\":2,\"name\":\"Winkel\",\"item\":\"https:\\\/\\\/websjop.afuk.frl\\\/nl\\\/winkel\\\/\"},{\"@type\":\"ListItem\",\"position\":3,\"name\":\"De Letterfretter\"}]},{\"@type\":\"WebSite\",\"@id\":\"https:\\\/\\\/websjop.afuk.frl\\\/frl\\\/#website\",\"url\":\"https:\\\/\\\/websjop.afuk.frl\\\/frl\\\/\",\"name\":\"Af\u00fbk Websjop\",\"description\":\"\",\"potentialAction\":[{\"@type\":\"SearchAction\",\"target\":{\"@type\":\"EntryPoint\",\"urlTemplate\":\"https:\\\/\\\/websjop.afuk.frl\\\/frl\\\/?s={search_term_string}\"},\"query-input\":{\"@type\":\"PropertyValueSpecification\",\"valueRequired\":true,\"valueName\":\"search_term_string\"}}],\"inLanguage\":\"fy-NL\"}]}<\/script>\n<!-- \/ Yoast SEO plugin. -->","yoast_head_json":{"title":"De Letterfretter &#8211; Af\u00fbk Websjop","description":"De Letterfretter is op zoek naar Friese klinkers, zo als de \u00c2, de OA, de II, want daar is hij gek op. Volg de letterfretteren leer alle Friese klinkers.","robots":{"index":"index","follow":"follow","max-snippet":"max-snippet:-1","max-image-preview":"max-image-preview:large","max-video-preview":"max-video-preview:-1"},"canonical":"https:\/\/websjop.afuk.frl\/frl\/winkel\/de-letterfretter\/","og_locale":"fy_NL","og_type":"article","og_title":"De Letterfretter &#8211; Af\u00fbk Websjop","og_description":"De Letterfretter is op zoek naar Friese klinkers, zo als de \u00c2, de OA, de II, want daar is hij gek op. Volg de letterfretteren leer alle Friese klinkers.","og_url":"https:\/\/websjop.afuk.frl\/frl\/winkel\/de-letterfretter\/","og_site_name":"Af\u00fbk Websjop","article_modified_time":"2025-03-06T11:59:00+00:00","og_image":[{"width":1000,"height":1247,"url":"https:\/\/websjop.afuk.frl\/wp-content\/uploads\/2023\/01\/De-letterfretter-LR.jpg","type":"image\/jpeg"}],"twitter_card":"summary_large_image","twitter_misc":{"Est. reading time":"2 minutes"},"schema":{"@context":"https:\/\/schema.org","@graph":[{"@type":"WebPage","@id":"https:\/\/websjop.afuk.frl\/frl\/winkel\/de-letterfretter\/","url":"https:\/\/websjop.afuk.frl\/frl\/winkel\/de-letterfretter\/","name":"De Letterfretter &#8211; Af\u00fbk Websjop","isPartOf":{"@id":"https:\/\/websjop.afuk.frl\/frl\/#website"},"primaryImageOfPage":{"@id":"https:\/\/websjop.afuk.frl\/frl\/winkel\/de-letterfretter\/#primaryimage"},"image":{"@id":"https:\/\/websjop.afuk.frl\/frl\/winkel\/de-letterfretter\/#primaryimage"},"thumbnailUrl":"https:\/\/websjop.afuk.frl\/wp-content\/uploads\/2023\/01\/De-letterfretter-LR.jpg","datePublished":"2023-01-19T12:21:02+00:00","dateModified":"2025-03-06T11:59:00+00:00","description":"De Letterfretter is op zoek naar Friese klinkers, zo als de \u00c2, de OA, de II, want daar is hij gek op. Volg de letterfretteren leer alle Friese klinkers.","breadcrumb":{"@id":"https:\/\/websjop.afuk.frl\/frl\/winkel\/de-letterfretter\/#breadcrumb"},"inLanguage":"fy-NL","potentialAction":[{"@type":"ReadAction","target":["https:\/\/websjop.afuk.frl\/frl\/winkel\/de-letterfretter\/"]}]},{"@type":"ImageObject","inLanguage":"fy-NL","@id":"https:\/\/websjop.afuk.frl\/frl\/winkel\/de-letterfretter\/#primaryimage","url":"https:\/\/websjop.afuk.frl\/wp-content\/uploads\/2023\/01\/De-letterfretter-LR.jpg","contentUrl":"https:\/\/websjop.afuk.frl\/wp-content\/uploads\/2023\/01\/De-letterfretter-LR.jpg","width":1000,"height":1247},{"@type":"BreadcrumbList","@id":"https:\/\/websjop.afuk.frl\/frl\/winkel\/de-letterfretter\/#breadcrumb","itemListElement":[{"@type":"ListItem","position":1,"name":"Home","item":"https:\/\/websjop.afuk.frl\/frl\/"},{"@type":"ListItem","position":2,"name":"Winkel","item":"https:\/\/websjop.afuk.frl\/nl\/winkel\/"},{"@type":"ListItem","position":3,"name":"De Letterfretter"}]},{"@type":"WebSite","@id":"https:\/\/websjop.afuk.frl\/frl\/#website","url":"https:\/\/websjop.afuk.frl\/frl\/","name":"Af\u00fbk Websjop","description":"","potentialAction":[{"@type":"SearchAction","target":{"@type":"EntryPoint","urlTemplate":"https:\/\/websjop.afuk.frl\/frl\/?s={search_term_string}"},"query-input":{"@type":"PropertyValueSpecification","valueRequired":true,"valueName":"search_term_string"}}],"inLanguage":"fy-NL"}]}},"_links":{"self":[{"href":"https:\/\/websjop.afuk.frl\/frl\/wp-json\/wp\/v2\/product\/37329","targetHints":{"allow":["GET"]}}],"collection":[{"href":"https:\/\/websjop.afuk.frl\/frl\/wp-json\/wp\/v2\/product"}],"about":[{"href":"https:\/\/websjop.afuk.frl\/frl\/wp-json\/wp\/v2\/types\/product"}],"replies":[{"embeddable":true,"href":"https:\/\/websjop.afuk.frl\/frl\/wp-json\/wp\/v2\/comments?post=37329"}],"wp:featuredmedia":[{"embeddable":true,"href":"https:\/\/websjop.afuk.frl\/frl\/wp-json\/wp\/v2\/media\/37330"}],"wp:attachment":[{"href":"https:\/\/websjop.afuk.frl\/frl\/wp-json\/wp\/v2\/media?parent=37329"}],"wp:term":[{"taxonomy":"product_brand","embeddable":true,"href":"https:\/\/websjop.afuk.frl\/frl\/wp-json\/wp\/v2\/product_brand?post=37329"},{"taxonomy":"product_cat","embeddable":true,"href":"https:\/\/websjop.afuk.frl\/frl\/wp-json\/wp\/v2\/product_cat?post=37329"},{"taxonomy":"product_tag","embeddable":true,"href":"https:\/\/websjop.afuk.frl\/frl\/wp-json\/wp\/v2\/product_tag?post=37329"}],"curies":[{"name":"wp","href":"https:\/\/api.w.org\/{rel}","templated":true}]}}