{"id":36511,"date":"2022-11-23T15:19:29","date_gmt":"2022-11-23T14:19:29","guid":{"rendered":"https:\/\/websjop.afuk.frl\/nl\/?post_type=product&#038;p=36511"},"modified":"2022-11-23T15:19:29","modified_gmt":"2022-11-23T14:19:29","slug":"it-smelle-ungelok-25-balladen","status":"publish","type":"product","link":"https:\/\/websjop.afuk.frl\/frl\/winkel\/it-smelle-ungelok-25-balladen\/","title":{"rendered":"It smelle \u00fbngelok &#8211; 25 balladen"},"content":{"rendered":"<p>Kleine ongelukken, ze overkomen je iedere dag. Geen stof voor grote literatuur, zou men zeggen. Te stom en te pijnlijk om over te praten. Een taboe waarmee deze bundel uiteindelijk afrekent. Bremer en Hoekstra kozen voor de klassieke balladevorm om het universele van dit thema en zijn grote belang voor het menselijk bestaan helder in het licht te zetten. Zo nemen ze de lezer mee van voor de wieg tot over het graf.<\/p>\n<p>Harke Bremer (1955) en Jarich Hoekstra (1956) schrijven sinds hun studietijd samen. Eerder verscheen het satirische heldendicht <em>Leffert.<\/em><\/p>\n<p>&nbsp;<\/p>\n","protected":false},"excerpt":{"rendered":"<p>Kleine ongelukken, ze overkomen je iedere dag. Geen stof voor grote literatuur, zou men zeggen. Te stom en te pijnlijk om over te praten. Een taboe waarmee deze bundel uiteindelijk afrekent. Bremer en Hoekstra kozen voor de klassieke balladevorm om het universele van dit thema en zijn grote belang voor het menselijk bestaan helder in [&hellip;]<\/p>\n","protected":false},"featured_media":36512,"comment_status":"closed","ping_status":"closed","template":"","meta":{"_acf_changed":false},"product_brand":[],"product_cat":[538,535,1215],"product_tag":[21480,21481,8628,21479,21482],"class_list":{"0":"post-36511","1":"product","2":"type-product","3":"status-publish","4":"has-post-thumbnail","6":"product_cat-dichtbondels","7":"product_cat-fryske-boeken","8":"product_cat-romans-en-literatuer","9":"product_tag-25-balladen","10":"product_tag-harke-bremer","11":"product_tag-humor","12":"product_tag-it-smelle-ungelok","13":"product_tag-jarich-hoekstra","14":"product_shipping_class-brievenbus-verzending","15":"pa_auteur-harke-bremer-jarich-hoekstra","16":"pa_isbn-21478","17":"pa_new-label-1-3","18":"pa_taal-frysk","19":"pa_uitgever-bornmeer","21":"first","22":"instock","23":"taxable","24":"shipping-taxable","25":"purchasable","26":"product-type-simple"},"acf":[],"yoast_head":"<!-- This site is optimized with the Yoast SEO plugin v27.2 - https:\/\/yoast.com\/product\/yoast-seo-wordpress\/ -->\n<title>It smelle \u00fbngelok - 25 balladen &#8211; Af\u00fbk Websjop<\/title>\n<meta name=\"description\" content=\"It smelle \u00fbngelok gaat over kleine ongelukken, ze overkomen je iedere dag. Geen stof voor grote literatuur, zou men zeggen. Gevat in 25 komische balladen.\" \/>\n<meta name=\"robots\" content=\"index, follow, max-snippet:-1, max-image-preview:large, max-video-preview:-1\" \/>\n<link rel=\"canonical\" href=\"https:\/\/websjop.afuk.frl\/frl\/winkel\/it-smelle-ungelok-25-balladen\/\" \/>\n<meta property=\"og:locale\" content=\"fy_NL\" \/>\n<meta property=\"og:type\" content=\"article\" \/>\n<meta property=\"og:title\" content=\"It smelle \u00fbngelok - 25 balladen &#8211; Af\u00fbk Websjop\" \/>\n<meta property=\"og:description\" content=\"It smelle \u00fbngelok gaat over kleine ongelukken, ze overkomen je iedere dag. Geen stof voor grote literatuur, zou men zeggen. Gevat in 25 komische balladen.\" \/>\n<meta property=\"og:url\" content=\"https:\/\/websjop.afuk.frl\/frl\/winkel\/it-smelle-ungelok-25-balladen\/\" \/>\n<meta property=\"og:site_name\" content=\"Af\u00fbk Websjop\" \/>\n<meta property=\"og:image\" content=\"https:\/\/websjop.afuk.frl\/wp-content\/uploads\/2022\/11\/It-smelle-ungelok.jpg\" \/>\n\t<meta property=\"og:image:width\" content=\"300\" \/>\n\t<meta property=\"og:image:height\" content=\"449\" \/>\n\t<meta property=\"og:image:type\" content=\"image\/jpeg\" \/>\n<meta name=\"twitter:card\" content=\"summary_large_image\" \/>\n<script type=\"application\/ld+json\" class=\"yoast-schema-graph\">{\"@context\":\"https:\/\/schema.org\",\"@graph\":[{\"@type\":\"WebPage\",\"@id\":\"https:\/\/websjop.afuk.frl\/frl\/winkel\/it-smelle-ungelok-25-balladen\/\",\"url\":\"https:\/\/websjop.afuk.frl\/frl\/winkel\/it-smelle-ungelok-25-balladen\/\",\"name\":\"It smelle \u00fbngelok - 25 balladen &#8211; Af\u00fbk Websjop\",\"isPartOf\":{\"@id\":\"https:\/\/websjop.afuk.frl\/frl\/#website\"},\"primaryImageOfPage\":{\"@id\":\"https:\/\/websjop.afuk.frl\/frl\/winkel\/it-smelle-ungelok-25-balladen\/#primaryimage\"},\"image\":{\"@id\":\"https:\/\/websjop.afuk.frl\/frl\/winkel\/it-smelle-ungelok-25-balladen\/#primaryimage\"},\"thumbnailUrl\":\"https:\/\/websjop.afuk.frl\/wp-content\/uploads\/2022\/11\/It-smelle-ungelok.jpg\",\"datePublished\":\"2022-11-23T14:19:29+00:00\",\"description\":\"It smelle \u00fbngelok gaat over kleine ongelukken, ze overkomen je iedere dag. Geen stof voor grote literatuur, zou men zeggen. Gevat in 25 komische balladen.\",\"breadcrumb\":{\"@id\":\"https:\/\/websjop.afuk.frl\/frl\/winkel\/it-smelle-ungelok-25-balladen\/#breadcrumb\"},\"inLanguage\":\"fy-NL\",\"potentialAction\":[{\"@type\":\"ReadAction\",\"target\":[\"https:\/\/websjop.afuk.frl\/frl\/winkel\/it-smelle-ungelok-25-balladen\/\"]}]},{\"@type\":\"ImageObject\",\"inLanguage\":\"fy-NL\",\"@id\":\"https:\/\/websjop.afuk.frl\/frl\/winkel\/it-smelle-ungelok-25-balladen\/#primaryimage\",\"url\":\"https:\/\/websjop.afuk.frl\/wp-content\/uploads\/2022\/11\/It-smelle-ungelok.jpg\",\"contentUrl\":\"https:\/\/websjop.afuk.frl\/wp-content\/uploads\/2022\/11\/It-smelle-ungelok.jpg\",\"width\":300,\"height\":449},{\"@type\":\"BreadcrumbList\",\"@id\":\"https:\/\/websjop.afuk.frl\/frl\/winkel\/it-smelle-ungelok-25-balladen\/#breadcrumb\",\"itemListElement\":[{\"@type\":\"ListItem\",\"position\":1,\"name\":\"Home\",\"item\":\"https:\/\/websjop.afuk.frl\/frl\/\"},{\"@type\":\"ListItem\",\"position\":2,\"name\":\"Winkel\",\"item\":\"https:\/\/websjop.afuk.frl\/nl\/winkel\/\"},{\"@type\":\"ListItem\",\"position\":3,\"name\":\"It smelle \u00fbngelok &#8211; 25 balladen\"}]},{\"@type\":\"WebSite\",\"@id\":\"https:\/\/websjop.afuk.frl\/frl\/#website\",\"url\":\"https:\/\/websjop.afuk.frl\/frl\/\",\"name\":\"Af\u00fbk Websjop\",\"description\":\"\",\"potentialAction\":[{\"@type\":\"SearchAction\",\"target\":{\"@type\":\"EntryPoint\",\"urlTemplate\":\"https:\/\/websjop.afuk.frl\/frl\/?s={search_term_string}\"},\"query-input\":{\"@type\":\"PropertyValueSpecification\",\"valueRequired\":true,\"valueName\":\"search_term_string\"}}],\"inLanguage\":\"fy-NL\"}]}<\/script>\n<!-- \/ Yoast SEO plugin. -->","yoast_head_json":{"title":"It smelle \u00fbngelok - 25 balladen &#8211; Af\u00fbk Websjop","description":"It smelle \u00fbngelok gaat over kleine ongelukken, ze overkomen je iedere dag. Geen stof voor grote literatuur, zou men zeggen. Gevat in 25 komische balladen.","robots":{"index":"index","follow":"follow","max-snippet":"max-snippet:-1","max-image-preview":"max-image-preview:large","max-video-preview":"max-video-preview:-1"},"canonical":"https:\/\/websjop.afuk.frl\/frl\/winkel\/it-smelle-ungelok-25-balladen\/","og_locale":"fy_NL","og_type":"article","og_title":"It smelle \u00fbngelok - 25 balladen &#8211; Af\u00fbk Websjop","og_description":"It smelle \u00fbngelok gaat over kleine ongelukken, ze overkomen je iedere dag. Geen stof voor grote literatuur, zou men zeggen. Gevat in 25 komische balladen.","og_url":"https:\/\/websjop.afuk.frl\/frl\/winkel\/it-smelle-ungelok-25-balladen\/","og_site_name":"Af\u00fbk Websjop","og_image":[{"width":300,"height":449,"url":"https:\/\/websjop.afuk.frl\/wp-content\/uploads\/2022\/11\/It-smelle-ungelok.jpg","type":"image\/jpeg"}],"twitter_card":"summary_large_image","schema":{"@context":"https:\/\/schema.org","@graph":[{"@type":"WebPage","@id":"https:\/\/websjop.afuk.frl\/frl\/winkel\/it-smelle-ungelok-25-balladen\/","url":"https:\/\/websjop.afuk.frl\/frl\/winkel\/it-smelle-ungelok-25-balladen\/","name":"It smelle \u00fbngelok - 25 balladen &#8211; Af\u00fbk Websjop","isPartOf":{"@id":"https:\/\/websjop.afuk.frl\/frl\/#website"},"primaryImageOfPage":{"@id":"https:\/\/websjop.afuk.frl\/frl\/winkel\/it-smelle-ungelok-25-balladen\/#primaryimage"},"image":{"@id":"https:\/\/websjop.afuk.frl\/frl\/winkel\/it-smelle-ungelok-25-balladen\/#primaryimage"},"thumbnailUrl":"https:\/\/websjop.afuk.frl\/wp-content\/uploads\/2022\/11\/It-smelle-ungelok.jpg","datePublished":"2022-11-23T14:19:29+00:00","description":"It smelle \u00fbngelok gaat over kleine ongelukken, ze overkomen je iedere dag. Geen stof voor grote literatuur, zou men zeggen. Gevat in 25 komische balladen.","breadcrumb":{"@id":"https:\/\/websjop.afuk.frl\/frl\/winkel\/it-smelle-ungelok-25-balladen\/#breadcrumb"},"inLanguage":"fy-NL","potentialAction":[{"@type":"ReadAction","target":["https:\/\/websjop.afuk.frl\/frl\/winkel\/it-smelle-ungelok-25-balladen\/"]}]},{"@type":"ImageObject","inLanguage":"fy-NL","@id":"https:\/\/websjop.afuk.frl\/frl\/winkel\/it-smelle-ungelok-25-balladen\/#primaryimage","url":"https:\/\/websjop.afuk.frl\/wp-content\/uploads\/2022\/11\/It-smelle-ungelok.jpg","contentUrl":"https:\/\/websjop.afuk.frl\/wp-content\/uploads\/2022\/11\/It-smelle-ungelok.jpg","width":300,"height":449},{"@type":"BreadcrumbList","@id":"https:\/\/websjop.afuk.frl\/frl\/winkel\/it-smelle-ungelok-25-balladen\/#breadcrumb","itemListElement":[{"@type":"ListItem","position":1,"name":"Home","item":"https:\/\/websjop.afuk.frl\/frl\/"},{"@type":"ListItem","position":2,"name":"Winkel","item":"https:\/\/websjop.afuk.frl\/nl\/winkel\/"},{"@type":"ListItem","position":3,"name":"It smelle \u00fbngelok &#8211; 25 balladen"}]},{"@type":"WebSite","@id":"https:\/\/websjop.afuk.frl\/frl\/#website","url":"https:\/\/websjop.afuk.frl\/frl\/","name":"Af\u00fbk Websjop","description":"","potentialAction":[{"@type":"SearchAction","target":{"@type":"EntryPoint","urlTemplate":"https:\/\/websjop.afuk.frl\/frl\/?s={search_term_string}"},"query-input":{"@type":"PropertyValueSpecification","valueRequired":true,"valueName":"search_term_string"}}],"inLanguage":"fy-NL"}]}},"_links":{"self":[{"href":"https:\/\/websjop.afuk.frl\/frl\/wp-json\/wp\/v2\/product\/36511","targetHints":{"allow":["GET"]}}],"collection":[{"href":"https:\/\/websjop.afuk.frl\/frl\/wp-json\/wp\/v2\/product"}],"about":[{"href":"https:\/\/websjop.afuk.frl\/frl\/wp-json\/wp\/v2\/types\/product"}],"replies":[{"embeddable":true,"href":"https:\/\/websjop.afuk.frl\/frl\/wp-json\/wp\/v2\/comments?post=36511"}],"wp:featuredmedia":[{"embeddable":true,"href":"https:\/\/websjop.afuk.frl\/frl\/wp-json\/wp\/v2\/media\/36512"}],"wp:attachment":[{"href":"https:\/\/websjop.afuk.frl\/frl\/wp-json\/wp\/v2\/media?parent=36511"}],"wp:term":[{"taxonomy":"product_brand","embeddable":true,"href":"https:\/\/websjop.afuk.frl\/frl\/wp-json\/wp\/v2\/product_brand?post=36511"},{"taxonomy":"product_cat","embeddable":true,"href":"https:\/\/websjop.afuk.frl\/frl\/wp-json\/wp\/v2\/product_cat?post=36511"},{"taxonomy":"product_tag","embeddable":true,"href":"https:\/\/websjop.afuk.frl\/frl\/wp-json\/wp\/v2\/product_tag?post=36511"}],"curies":[{"name":"wp","href":"https:\/\/api.w.org\/{rel}","templated":true}]}}