{"id":35977,"date":"2022-10-26T12:02:37","date_gmt":"2022-10-26T11:02:37","guid":{"rendered":"https:\/\/websjop.afuk.frl\/nl\/?post_type=product&#038;p=35977"},"modified":"2022-10-26T12:02:38","modified_gmt":"2022-10-26T11:02:38","slug":"in-feilich-nest","status":"publish","type":"product","link":"https:\/\/websjop.afuk.frl\/frl\/winkel\/in-feilich-nest\/","title":{"rendered":"In feilich n\u00east"},"content":{"rendered":"<p>Trinus Riemersma zijn jonge jaren in Ferwert. Een voorproefje fan de biografie <em>Der is neat om gl\u00ead te striken, <\/em>welke in 2023 zal verschijnen.<\/p>\n<p>&nbsp;<\/p>\n","protected":false},"excerpt":{"rendered":"<p>Trinus Riemersma zijn jonge jaren in Ferwert. Een voorproefje fan de biografie Der is neat om gl\u00ead te striken, welke in 2023 zal verschijnen. &nbsp;<\/p>\n","protected":false},"featured_media":35982,"comment_status":"closed","ping_status":"closed","template":"","meta":{"_acf_changed":false},"product_brand":[],"product_cat":[1037,535],"product_tag":[20334,21383,21382,21384,21381,17408],"class_list":{"0":"post-35977","1":"product","2":"type-product","3":"status-publish","4":"has-post-thumbnail","6":"product_cat-biografy","7":"product_cat-fryske-boeken","8":"product_tag-autobiografysk","9":"product_tag-doeke-sijens","10":"product_tag-ferwert","11":"product_tag-foarpriuwke","12":"product_tag-in-feilich-nest","13":"product_tag-trinus-riemersma","14":"product_shipping_class-brievenbus-verzending","15":"pa_auteur-doeke-sijens-2","16":"pa_new-label-1-3","17":"pa_taal-frysk","18":"pa_uitgever-wijdemeer","20":"first","21":"instock","22":"taxable","23":"shipping-taxable","24":"purchasable","25":"product-type-simple"},"acf":[],"yoast_head":"<!-- This site is optimized with the Yoast SEO plugin v27.3 - https:\/\/yoast.com\/product\/yoast-seo-wordpress\/ -->\n<title>In feilich n\u00east &#8211; Af\u00fbk Websjop<\/title>\n<meta name=\"description\" content=\"In feilich n\u00east,Trinus Riemersma zijn jonge jaren in Ferwert. Een voorproefje fan de biografie Der is neat om gl\u00ead te striken, welke in 2023 zal verschijnen\" \/>\n<meta name=\"robots\" content=\"index, follow, max-snippet:-1, max-image-preview:large, max-video-preview:-1\" \/>\n<link rel=\"canonical\" href=\"https:\/\/websjop.afuk.frl\/frl\/winkel\/in-feilich-nest\/\" \/>\n<meta property=\"og:locale\" content=\"fy_NL\" \/>\n<meta property=\"og:type\" content=\"article\" \/>\n<meta property=\"og:title\" content=\"In feilich n\u00east &#8211; Af\u00fbk Websjop\" \/>\n<meta property=\"og:description\" content=\"In feilich n\u00east,Trinus Riemersma zijn jonge jaren in Ferwert. Een voorproefje fan de biografie Der is neat om gl\u00ead te striken, welke in 2023 zal verschijnen\" \/>\n<meta property=\"og:url\" content=\"https:\/\/websjop.afuk.frl\/frl\/winkel\/in-feilich-nest\/\" \/>\n<meta property=\"og:site_name\" content=\"Af\u00fbk Websjop\" \/>\n<meta property=\"article:modified_time\" content=\"2022-10-26T11:02:38+00:00\" \/>\n<meta property=\"og:image\" content=\"https:\/\/websjop.afuk.frl\/wp-content\/uploads\/2022\/10\/In-feilich-nest.jpg\" \/>\n\t<meta property=\"og:image:width\" content=\"600\" \/>\n\t<meta property=\"og:image:height\" content=\"844\" \/>\n\t<meta property=\"og:image:type\" content=\"image\/jpeg\" \/>\n<meta name=\"twitter:card\" content=\"summary_large_image\" \/>\n<script type=\"application\/ld+json\" class=\"yoast-schema-graph\">{\"@context\":\"https:\\\/\\\/schema.org\",\"@graph\":[{\"@type\":\"WebPage\",\"@id\":\"https:\\\/\\\/websjop.afuk.frl\\\/frl\\\/winkel\\\/in-feilich-nest\\\/\",\"url\":\"https:\\\/\\\/websjop.afuk.frl\\\/frl\\\/winkel\\\/in-feilich-nest\\\/\",\"name\":\"In feilich n\u00east &#8211; Af\u00fbk Websjop\",\"isPartOf\":{\"@id\":\"https:\\\/\\\/websjop.afuk.frl\\\/frl\\\/#website\"},\"primaryImageOfPage\":{\"@id\":\"https:\\\/\\\/websjop.afuk.frl\\\/frl\\\/winkel\\\/in-feilich-nest\\\/#primaryimage\"},\"image\":{\"@id\":\"https:\\\/\\\/websjop.afuk.frl\\\/frl\\\/winkel\\\/in-feilich-nest\\\/#primaryimage\"},\"thumbnailUrl\":\"https:\\\/\\\/websjop.afuk.frl\\\/wp-content\\\/uploads\\\/2022\\\/10\\\/In-feilich-nest.jpg\",\"datePublished\":\"2022-10-26T11:02:37+00:00\",\"dateModified\":\"2022-10-26T11:02:38+00:00\",\"description\":\"In feilich n\u00east,Trinus Riemersma zijn jonge jaren in Ferwert. Een voorproefje fan de biografie Der is neat om gl\u00ead te striken, welke in 2023 zal verschijnen\",\"breadcrumb\":{\"@id\":\"https:\\\/\\\/websjop.afuk.frl\\\/frl\\\/winkel\\\/in-feilich-nest\\\/#breadcrumb\"},\"inLanguage\":\"fy-NL\",\"potentialAction\":[{\"@type\":\"ReadAction\",\"target\":[\"https:\\\/\\\/websjop.afuk.frl\\\/frl\\\/winkel\\\/in-feilich-nest\\\/\"]}]},{\"@type\":\"ImageObject\",\"inLanguage\":\"fy-NL\",\"@id\":\"https:\\\/\\\/websjop.afuk.frl\\\/frl\\\/winkel\\\/in-feilich-nest\\\/#primaryimage\",\"url\":\"https:\\\/\\\/websjop.afuk.frl\\\/wp-content\\\/uploads\\\/2022\\\/10\\\/In-feilich-nest.jpg\",\"contentUrl\":\"https:\\\/\\\/websjop.afuk.frl\\\/wp-content\\\/uploads\\\/2022\\\/10\\\/In-feilich-nest.jpg\",\"width\":600,\"height\":844,\"caption\":\"In feilich n\u00east\"},{\"@type\":\"BreadcrumbList\",\"@id\":\"https:\\\/\\\/websjop.afuk.frl\\\/frl\\\/winkel\\\/in-feilich-nest\\\/#breadcrumb\",\"itemListElement\":[{\"@type\":\"ListItem\",\"position\":1,\"name\":\"Home\",\"item\":\"https:\\\/\\\/websjop.afuk.frl\\\/frl\\\/\"},{\"@type\":\"ListItem\",\"position\":2,\"name\":\"Winkel\",\"item\":\"https:\\\/\\\/websjop.afuk.frl\\\/nl\\\/winkel\\\/\"},{\"@type\":\"ListItem\",\"position\":3,\"name\":\"In feilich n\u00east\"}]},{\"@type\":\"WebSite\",\"@id\":\"https:\\\/\\\/websjop.afuk.frl\\\/frl\\\/#website\",\"url\":\"https:\\\/\\\/websjop.afuk.frl\\\/frl\\\/\",\"name\":\"Af\u00fbk Websjop\",\"description\":\"\",\"potentialAction\":[{\"@type\":\"SearchAction\",\"target\":{\"@type\":\"EntryPoint\",\"urlTemplate\":\"https:\\\/\\\/websjop.afuk.frl\\\/frl\\\/?s={search_term_string}\"},\"query-input\":{\"@type\":\"PropertyValueSpecification\",\"valueRequired\":true,\"valueName\":\"search_term_string\"}}],\"inLanguage\":\"fy-NL\"}]}<\/script>\n<!-- \/ Yoast SEO plugin. -->","yoast_head_json":{"title":"In feilich n\u00east &#8211; Af\u00fbk Websjop","description":"In feilich n\u00east,Trinus Riemersma zijn jonge jaren in Ferwert. Een voorproefje fan de biografie Der is neat om gl\u00ead te striken, welke in 2023 zal verschijnen","robots":{"index":"index","follow":"follow","max-snippet":"max-snippet:-1","max-image-preview":"max-image-preview:large","max-video-preview":"max-video-preview:-1"},"canonical":"https:\/\/websjop.afuk.frl\/frl\/winkel\/in-feilich-nest\/","og_locale":"fy_NL","og_type":"article","og_title":"In feilich n\u00east &#8211; Af\u00fbk Websjop","og_description":"In feilich n\u00east,Trinus Riemersma zijn jonge jaren in Ferwert. Een voorproefje fan de biografie Der is neat om gl\u00ead te striken, welke in 2023 zal verschijnen","og_url":"https:\/\/websjop.afuk.frl\/frl\/winkel\/in-feilich-nest\/","og_site_name":"Af\u00fbk Websjop","article_modified_time":"2022-10-26T11:02:38+00:00","og_image":[{"width":600,"height":844,"url":"https:\/\/websjop.afuk.frl\/wp-content\/uploads\/2022\/10\/In-feilich-nest.jpg","type":"image\/jpeg"}],"twitter_card":"summary_large_image","schema":{"@context":"https:\/\/schema.org","@graph":[{"@type":"WebPage","@id":"https:\/\/websjop.afuk.frl\/frl\/winkel\/in-feilich-nest\/","url":"https:\/\/websjop.afuk.frl\/frl\/winkel\/in-feilich-nest\/","name":"In feilich n\u00east &#8211; Af\u00fbk Websjop","isPartOf":{"@id":"https:\/\/websjop.afuk.frl\/frl\/#website"},"primaryImageOfPage":{"@id":"https:\/\/websjop.afuk.frl\/frl\/winkel\/in-feilich-nest\/#primaryimage"},"image":{"@id":"https:\/\/websjop.afuk.frl\/frl\/winkel\/in-feilich-nest\/#primaryimage"},"thumbnailUrl":"https:\/\/websjop.afuk.frl\/wp-content\/uploads\/2022\/10\/In-feilich-nest.jpg","datePublished":"2022-10-26T11:02:37+00:00","dateModified":"2022-10-26T11:02:38+00:00","description":"In feilich n\u00east,Trinus Riemersma zijn jonge jaren in Ferwert. Een voorproefje fan de biografie Der is neat om gl\u00ead te striken, welke in 2023 zal verschijnen","breadcrumb":{"@id":"https:\/\/websjop.afuk.frl\/frl\/winkel\/in-feilich-nest\/#breadcrumb"},"inLanguage":"fy-NL","potentialAction":[{"@type":"ReadAction","target":["https:\/\/websjop.afuk.frl\/frl\/winkel\/in-feilich-nest\/"]}]},{"@type":"ImageObject","inLanguage":"fy-NL","@id":"https:\/\/websjop.afuk.frl\/frl\/winkel\/in-feilich-nest\/#primaryimage","url":"https:\/\/websjop.afuk.frl\/wp-content\/uploads\/2022\/10\/In-feilich-nest.jpg","contentUrl":"https:\/\/websjop.afuk.frl\/wp-content\/uploads\/2022\/10\/In-feilich-nest.jpg","width":600,"height":844,"caption":"In feilich n\u00east"},{"@type":"BreadcrumbList","@id":"https:\/\/websjop.afuk.frl\/frl\/winkel\/in-feilich-nest\/#breadcrumb","itemListElement":[{"@type":"ListItem","position":1,"name":"Home","item":"https:\/\/websjop.afuk.frl\/frl\/"},{"@type":"ListItem","position":2,"name":"Winkel","item":"https:\/\/websjop.afuk.frl\/nl\/winkel\/"},{"@type":"ListItem","position":3,"name":"In feilich n\u00east"}]},{"@type":"WebSite","@id":"https:\/\/websjop.afuk.frl\/frl\/#website","url":"https:\/\/websjop.afuk.frl\/frl\/","name":"Af\u00fbk Websjop","description":"","potentialAction":[{"@type":"SearchAction","target":{"@type":"EntryPoint","urlTemplate":"https:\/\/websjop.afuk.frl\/frl\/?s={search_term_string}"},"query-input":{"@type":"PropertyValueSpecification","valueRequired":true,"valueName":"search_term_string"}}],"inLanguage":"fy-NL"}]}},"_links":{"self":[{"href":"https:\/\/websjop.afuk.frl\/frl\/wp-json\/wp\/v2\/product\/35977","targetHints":{"allow":["GET"]}}],"collection":[{"href":"https:\/\/websjop.afuk.frl\/frl\/wp-json\/wp\/v2\/product"}],"about":[{"href":"https:\/\/websjop.afuk.frl\/frl\/wp-json\/wp\/v2\/types\/product"}],"replies":[{"embeddable":true,"href":"https:\/\/websjop.afuk.frl\/frl\/wp-json\/wp\/v2\/comments?post=35977"}],"wp:featuredmedia":[{"embeddable":true,"href":"https:\/\/websjop.afuk.frl\/frl\/wp-json\/wp\/v2\/media\/35982"}],"wp:attachment":[{"href":"https:\/\/websjop.afuk.frl\/frl\/wp-json\/wp\/v2\/media?parent=35977"}],"wp:term":[{"taxonomy":"product_brand","embeddable":true,"href":"https:\/\/websjop.afuk.frl\/frl\/wp-json\/wp\/v2\/product_brand?post=35977"},{"taxonomy":"product_cat","embeddable":true,"href":"https:\/\/websjop.afuk.frl\/frl\/wp-json\/wp\/v2\/product_cat?post=35977"},{"taxonomy":"product_tag","embeddable":true,"href":"https:\/\/websjop.afuk.frl\/frl\/wp-json\/wp\/v2\/product_tag?post=35977"}],"curies":[{"name":"wp","href":"https:\/\/api.w.org\/{rel}","templated":true}]}}