{"id":35952,"date":"2022-12-19T10:52:26","date_gmt":"2022-12-19T09:52:26","guid":{"rendered":"https:\/\/websjop.afuk.frl\/nl\/?post_type=product&#038;p=35952"},"modified":"2024-03-04T11:04:01","modified_gmt":"2024-03-04T10:04:01","slug":"skaadhun-gedichten","status":"publish","type":"product","link":"https:\/\/websjop.afuk.frl\/frl\/winkel\/skaadhun-gedichten\/","title":{"rendered":"Skaadh\u00fbn &#8211; gedichten"},"content":{"rendered":"<p><em>Skaadh\u00fbn <\/em>is de vijfde gedichtenbundel van Syds Wiersma (Grou, 1963). Een verscheidenheid aan thema&#8217;s komen aan bod, maar de dichter heeft altijd een schaduwhond om zich heen: als kwispelstaartende muze, een hazewind uit het verleden, met blikkerende tanden in het nu, of met afgejakkerde oren op ruimte en tijd.<\/p>\n<p>&nbsp;<\/p>\n","protected":false},"excerpt":{"rendered":"<p>Skaadh\u00fbn is de vijfde gedichtenbundel van Syds Wiersma (Grou, 1963). Een verscheidenheid aan thema&#8217;s komen aan bod, maar de dichter heeft altijd een schaduwhond om zich heen: als kwispelstaartende muze, een hazewind uit het verleden, met blikkerende tanden in het nu, of met afgejakkerde oren op ruimte en tijd. &nbsp;<\/p>\n","protected":false},"featured_media":35953,"comment_status":"closed","ping_status":"closed","template":"","meta":{"_acf_changed":false},"product_brand":[],"product_cat":[538,535,1215],"product_tag":[5191,21375,21373,5520,21374],"class_list":{"0":"post-35952","1":"product","2":"type-product","3":"status-publish","4":"has-post-thumbnail","6":"product_cat-dichtbondels","7":"product_cat-fryske-boeken","8":"product_cat-romans-en-literatuer","9":"product_tag-gedichten","10":"product_tag-proazagedicht","11":"product_tag-skaadhun","12":"product_tag-syds-wiersma","13":"product_tag-syklus","14":"product_shipping_class-brievenbus-verzending","15":"pa_auteur-syds-wiersma-2","16":"pa_isbn-21372","17":"pa_new-label-1-3","18":"pa_taal-frysk","19":"pa_uitgever-hispel","21":"first","22":"instock","23":"taxable","24":"shipping-taxable","25":"purchasable","26":"product-type-simple"},"acf":[],"yoast_head":"<!-- This site is optimized with the Yoast SEO plugin v27.3 - https:\/\/yoast.com\/product\/yoast-seo-wordpress\/ -->\n<title>Skaadh\u00fbn - gedichten &#8211; Af\u00fbk Websjop<\/title>\n<meta name=\"description\" content=\"Skaadh\u00fbn is de 5e gedichtenbundel van Syds Wiersma. Een verscheidenheid aan thema&#039;s komen aan bod en vaker als in eerdere bundels is hij een verteller.\" \/>\n<meta name=\"robots\" content=\"index, follow, max-snippet:-1, max-image-preview:large, max-video-preview:-1\" \/>\n<link rel=\"canonical\" href=\"https:\/\/websjop.afuk.frl\/frl\/winkel\/skaadhun-gedichten\/\" \/>\n<meta property=\"og:locale\" content=\"fy_NL\" \/>\n<meta property=\"og:type\" content=\"article\" \/>\n<meta property=\"og:title\" content=\"Skaadh\u00fbn - gedichten &#8211; Af\u00fbk Websjop\" \/>\n<meta property=\"og:description\" content=\"Skaadh\u00fbn is de 5e gedichtenbundel van Syds Wiersma. Een verscheidenheid aan thema&#039;s komen aan bod en vaker als in eerdere bundels is hij een verteller.\" \/>\n<meta property=\"og:url\" content=\"https:\/\/websjop.afuk.frl\/frl\/winkel\/skaadhun-gedichten\/\" \/>\n<meta property=\"og:site_name\" content=\"Af\u00fbk Websjop\" \/>\n<meta property=\"article:modified_time\" content=\"2024-03-04T10:04:01+00:00\" \/>\n<meta property=\"og:image\" content=\"https:\/\/websjop.afuk.frl\/wp-content\/uploads\/2022\/10\/Skaadhun664.jpg\" \/>\n\t<meta property=\"og:image:width\" content=\"378\" \/>\n\t<meta property=\"og:image:height\" content=\"615\" \/>\n\t<meta property=\"og:image:type\" content=\"image\/jpeg\" \/>\n<meta name=\"twitter:card\" content=\"summary_large_image\" \/>\n<script type=\"application\/ld+json\" class=\"yoast-schema-graph\">{\"@context\":\"https:\\\/\\\/schema.org\",\"@graph\":[{\"@type\":\"WebPage\",\"@id\":\"https:\\\/\\\/websjop.afuk.frl\\\/frl\\\/winkel\\\/skaadhun-gedichten\\\/\",\"url\":\"https:\\\/\\\/websjop.afuk.frl\\\/frl\\\/winkel\\\/skaadhun-gedichten\\\/\",\"name\":\"Skaadh\u00fbn - gedichten &#8211; Af\u00fbk Websjop\",\"isPartOf\":{\"@id\":\"https:\\\/\\\/websjop.afuk.frl\\\/frl\\\/#website\"},\"primaryImageOfPage\":{\"@id\":\"https:\\\/\\\/websjop.afuk.frl\\\/frl\\\/winkel\\\/skaadhun-gedichten\\\/#primaryimage\"},\"image\":{\"@id\":\"https:\\\/\\\/websjop.afuk.frl\\\/frl\\\/winkel\\\/skaadhun-gedichten\\\/#primaryimage\"},\"thumbnailUrl\":\"https:\\\/\\\/websjop.afuk.frl\\\/wp-content\\\/uploads\\\/2022\\\/10\\\/Skaadhun664.jpg\",\"datePublished\":\"2022-12-19T09:52:26+00:00\",\"dateModified\":\"2024-03-04T10:04:01+00:00\",\"description\":\"Skaadh\u00fbn is de 5e gedichtenbundel van Syds Wiersma. Een verscheidenheid aan thema's komen aan bod en vaker als in eerdere bundels is hij een verteller.\",\"breadcrumb\":{\"@id\":\"https:\\\/\\\/websjop.afuk.frl\\\/frl\\\/winkel\\\/skaadhun-gedichten\\\/#breadcrumb\"},\"inLanguage\":\"fy-NL\",\"potentialAction\":[{\"@type\":\"ReadAction\",\"target\":[\"https:\\\/\\\/websjop.afuk.frl\\\/frl\\\/winkel\\\/skaadhun-gedichten\\\/\"]}]},{\"@type\":\"ImageObject\",\"inLanguage\":\"fy-NL\",\"@id\":\"https:\\\/\\\/websjop.afuk.frl\\\/frl\\\/winkel\\\/skaadhun-gedichten\\\/#primaryimage\",\"url\":\"https:\\\/\\\/websjop.afuk.frl\\\/wp-content\\\/uploads\\\/2022\\\/10\\\/Skaadhun664.jpg\",\"contentUrl\":\"https:\\\/\\\/websjop.afuk.frl\\\/wp-content\\\/uploads\\\/2022\\\/10\\\/Skaadhun664.jpg\",\"width\":378,\"height\":615,\"caption\":\"Skaadh\u00fbn\"},{\"@type\":\"BreadcrumbList\",\"@id\":\"https:\\\/\\\/websjop.afuk.frl\\\/frl\\\/winkel\\\/skaadhun-gedichten\\\/#breadcrumb\",\"itemListElement\":[{\"@type\":\"ListItem\",\"position\":1,\"name\":\"Home\",\"item\":\"https:\\\/\\\/websjop.afuk.frl\\\/frl\\\/\"},{\"@type\":\"ListItem\",\"position\":2,\"name\":\"Winkel\",\"item\":\"https:\\\/\\\/websjop.afuk.frl\\\/nl\\\/winkel\\\/\"},{\"@type\":\"ListItem\",\"position\":3,\"name\":\"Skaadh\u00fbn &#8211; gedichten\"}]},{\"@type\":\"WebSite\",\"@id\":\"https:\\\/\\\/websjop.afuk.frl\\\/frl\\\/#website\",\"url\":\"https:\\\/\\\/websjop.afuk.frl\\\/frl\\\/\",\"name\":\"Af\u00fbk Websjop\",\"description\":\"\",\"potentialAction\":[{\"@type\":\"SearchAction\",\"target\":{\"@type\":\"EntryPoint\",\"urlTemplate\":\"https:\\\/\\\/websjop.afuk.frl\\\/frl\\\/?s={search_term_string}\"},\"query-input\":{\"@type\":\"PropertyValueSpecification\",\"valueRequired\":true,\"valueName\":\"search_term_string\"}}],\"inLanguage\":\"fy-NL\"}]}<\/script>\n<!-- \/ Yoast SEO plugin. -->","yoast_head_json":{"title":"Skaadh\u00fbn - gedichten &#8211; Af\u00fbk Websjop","description":"Skaadh\u00fbn is de 5e gedichtenbundel van Syds Wiersma. Een verscheidenheid aan thema's komen aan bod en vaker als in eerdere bundels is hij een verteller.","robots":{"index":"index","follow":"follow","max-snippet":"max-snippet:-1","max-image-preview":"max-image-preview:large","max-video-preview":"max-video-preview:-1"},"canonical":"https:\/\/websjop.afuk.frl\/frl\/winkel\/skaadhun-gedichten\/","og_locale":"fy_NL","og_type":"article","og_title":"Skaadh\u00fbn - gedichten &#8211; Af\u00fbk Websjop","og_description":"Skaadh\u00fbn is de 5e gedichtenbundel van Syds Wiersma. Een verscheidenheid aan thema's komen aan bod en vaker als in eerdere bundels is hij een verteller.","og_url":"https:\/\/websjop.afuk.frl\/frl\/winkel\/skaadhun-gedichten\/","og_site_name":"Af\u00fbk Websjop","article_modified_time":"2024-03-04T10:04:01+00:00","og_image":[{"width":378,"height":615,"url":"https:\/\/websjop.afuk.frl\/wp-content\/uploads\/2022\/10\/Skaadhun664.jpg","type":"image\/jpeg"}],"twitter_card":"summary_large_image","schema":{"@context":"https:\/\/schema.org","@graph":[{"@type":"WebPage","@id":"https:\/\/websjop.afuk.frl\/frl\/winkel\/skaadhun-gedichten\/","url":"https:\/\/websjop.afuk.frl\/frl\/winkel\/skaadhun-gedichten\/","name":"Skaadh\u00fbn - gedichten &#8211; Af\u00fbk Websjop","isPartOf":{"@id":"https:\/\/websjop.afuk.frl\/frl\/#website"},"primaryImageOfPage":{"@id":"https:\/\/websjop.afuk.frl\/frl\/winkel\/skaadhun-gedichten\/#primaryimage"},"image":{"@id":"https:\/\/websjop.afuk.frl\/frl\/winkel\/skaadhun-gedichten\/#primaryimage"},"thumbnailUrl":"https:\/\/websjop.afuk.frl\/wp-content\/uploads\/2022\/10\/Skaadhun664.jpg","datePublished":"2022-12-19T09:52:26+00:00","dateModified":"2024-03-04T10:04:01+00:00","description":"Skaadh\u00fbn is de 5e gedichtenbundel van Syds Wiersma. Een verscheidenheid aan thema's komen aan bod en vaker als in eerdere bundels is hij een verteller.","breadcrumb":{"@id":"https:\/\/websjop.afuk.frl\/frl\/winkel\/skaadhun-gedichten\/#breadcrumb"},"inLanguage":"fy-NL","potentialAction":[{"@type":"ReadAction","target":["https:\/\/websjop.afuk.frl\/frl\/winkel\/skaadhun-gedichten\/"]}]},{"@type":"ImageObject","inLanguage":"fy-NL","@id":"https:\/\/websjop.afuk.frl\/frl\/winkel\/skaadhun-gedichten\/#primaryimage","url":"https:\/\/websjop.afuk.frl\/wp-content\/uploads\/2022\/10\/Skaadhun664.jpg","contentUrl":"https:\/\/websjop.afuk.frl\/wp-content\/uploads\/2022\/10\/Skaadhun664.jpg","width":378,"height":615,"caption":"Skaadh\u00fbn"},{"@type":"BreadcrumbList","@id":"https:\/\/websjop.afuk.frl\/frl\/winkel\/skaadhun-gedichten\/#breadcrumb","itemListElement":[{"@type":"ListItem","position":1,"name":"Home","item":"https:\/\/websjop.afuk.frl\/frl\/"},{"@type":"ListItem","position":2,"name":"Winkel","item":"https:\/\/websjop.afuk.frl\/nl\/winkel\/"},{"@type":"ListItem","position":3,"name":"Skaadh\u00fbn &#8211; gedichten"}]},{"@type":"WebSite","@id":"https:\/\/websjop.afuk.frl\/frl\/#website","url":"https:\/\/websjop.afuk.frl\/frl\/","name":"Af\u00fbk Websjop","description":"","potentialAction":[{"@type":"SearchAction","target":{"@type":"EntryPoint","urlTemplate":"https:\/\/websjop.afuk.frl\/frl\/?s={search_term_string}"},"query-input":{"@type":"PropertyValueSpecification","valueRequired":true,"valueName":"search_term_string"}}],"inLanguage":"fy-NL"}]}},"_links":{"self":[{"href":"https:\/\/websjop.afuk.frl\/frl\/wp-json\/wp\/v2\/product\/35952","targetHints":{"allow":["GET"]}}],"collection":[{"href":"https:\/\/websjop.afuk.frl\/frl\/wp-json\/wp\/v2\/product"}],"about":[{"href":"https:\/\/websjop.afuk.frl\/frl\/wp-json\/wp\/v2\/types\/product"}],"replies":[{"embeddable":true,"href":"https:\/\/websjop.afuk.frl\/frl\/wp-json\/wp\/v2\/comments?post=35952"}],"wp:featuredmedia":[{"embeddable":true,"href":"https:\/\/websjop.afuk.frl\/frl\/wp-json\/wp\/v2\/media\/35953"}],"wp:attachment":[{"href":"https:\/\/websjop.afuk.frl\/frl\/wp-json\/wp\/v2\/media?parent=35952"}],"wp:term":[{"taxonomy":"product_brand","embeddable":true,"href":"https:\/\/websjop.afuk.frl\/frl\/wp-json\/wp\/v2\/product_brand?post=35952"},{"taxonomy":"product_cat","embeddable":true,"href":"https:\/\/websjop.afuk.frl\/frl\/wp-json\/wp\/v2\/product_cat?post=35952"},{"taxonomy":"product_tag","embeddable":true,"href":"https:\/\/websjop.afuk.frl\/frl\/wp-json\/wp\/v2\/product_tag?post=35952"}],"curies":[{"name":"wp","href":"https:\/\/api.w.org\/{rel}","templated":true}]}}