{"id":35851,"date":"2022-10-17T11:38:13","date_gmt":"2022-10-17T10:38:13","guid":{"rendered":"https:\/\/websjop.afuk.frl\/nl\/?post_type=product&#038;p=35851"},"modified":"2022-10-17T11:39:43","modified_gmt":"2022-10-17T10:39:43","slug":"museum-belvedere-verzamelde-werken","status":"publish","type":"product","link":"https:\/\/websjop.afuk.frl\/frl\/winkel\/museum-belvedere-verzamelde-werken\/","title":{"rendered":"Museum Belv\u00e9d\u00e8re &#8211; Verzamelde Werken"},"content":{"rendered":"<p>Wat ooit begon met een verzameling bruiklenen, groeide uit tot een omvangrijke museumcollectie. Met meer dan 300 afbeeldingen en een volledige lijst van kunstobjecten, geeft het omvangrijke collectieboek \u2018Verzamelde Werken\u2019 inzicht in het verzamelbeleid van Museum Belv\u00e9d\u00e8re.<\/p>\n<p>Met de verzameling kunstwerken die Thom Mercuur (1940-2016) in de oprichtingsfase bijeen bracht als inhoudelijk geweten, heeft het museum in de jaren die volgden na de opening in 2004, zijn grenzen verlegd. Inmiddels omvat de collectie zo\u2019n 800 schilderijen, 1000 werken op papier en iets meer dan 100 andersoortige kunstobjecten.<\/p>\n","protected":false},"excerpt":{"rendered":"<p>Wat ooit begon met een verzameling bruiklenen, groeide uit tot een omvangrijke museumcollectie. Met meer dan 300 afbeeldingen en een volledige lijst van kunstobjecten, geeft het omvangrijke collectieboek \u2018Verzamelde Werken\u2019 inzicht in het verzamelbeleid van Museum Belv\u00e9d\u00e8re. Met de verzameling kunstwerken die Thom Mercuur (1940-2016) in de oprichtingsfase bijeen bracht als inhoudelijk geweten, heeft het [&hellip;]<\/p>\n","protected":false},"featured_media":35852,"comment_status":"closed","ping_status":"closed","template":"","meta":{"_acf_changed":false},"product_brand":[],"product_cat":[545,535,544],"product_tag":[21298,9534,21299,21296,18844,21300,21297],"class_list":{"0":"post-35851","1":"product","2":"type-product","3":"status-publish","4":"has-post-thumbnail","6":"product_cat-fotoboeken","7":"product_cat-fryske-boeken","8":"product_cat-keunst-en-kultuer","9":"product_tag-collectie","10":"product_tag-keunst","11":"product_tag-kolleksje","12":"product_tag-kunstboek","13":"product_tag-museum-belvedere","14":"product_tag-thom-mercuur","15":"product_tag-verzamelde-werken","16":"product_shipping_class-pakketpost-verzending","17":"pa_auteur-nico-gijsbers-en-han-steenbruggen","18":"pa_isbn-21294","19":"pa_new-label-1-3","20":"pa_taal-nederlands","21":"pa_uitgever-museum-belvedere","23":"first","24":"instock","25":"taxable","26":"shipping-taxable","27":"purchasable","28":"product-type-simple"},"acf":[],"yoast_head":"<!-- This site is optimized with the Yoast SEO plugin v27.2 - https:\/\/yoast.com\/product\/yoast-seo-wordpress\/ -->\n<title>Museum Belv\u00e9d\u00e8re - Verzamelde Werken &#8211; Af\u00fbk Websjop<\/title>\n<meta name=\"description\" content=\"Met meer dan 300 afbeeldingen en een lijst van kunstobjecten, geeft het boek \u2018Verzamelde Werken\u2019 inzicht in het verzamelbeleid van Museum Belv\u00e9d\u00e8re.\" \/>\n<meta name=\"robots\" content=\"index, follow, max-snippet:-1, max-image-preview:large, max-video-preview:-1\" \/>\n<link rel=\"canonical\" href=\"https:\/\/websjop.afuk.frl\/frl\/winkel\/museum-belvedere-verzamelde-werken\/\" \/>\n<meta property=\"og:locale\" content=\"fy_NL\" \/>\n<meta property=\"og:type\" content=\"article\" \/>\n<meta property=\"og:title\" content=\"Museum Belv\u00e9d\u00e8re - Verzamelde Werken &#8211; Af\u00fbk Websjop\" \/>\n<meta property=\"og:description\" content=\"Met meer dan 300 afbeeldingen en een lijst van kunstobjecten, geeft het boek \u2018Verzamelde Werken\u2019 inzicht in het verzamelbeleid van Museum Belv\u00e9d\u00e8re.\" \/>\n<meta property=\"og:url\" content=\"https:\/\/websjop.afuk.frl\/frl\/winkel\/museum-belvedere-verzamelde-werken\/\" \/>\n<meta property=\"og:site_name\" content=\"Af\u00fbk Websjop\" \/>\n<meta property=\"article:modified_time\" content=\"2022-10-17T10:39:43+00:00\" \/>\n<meta property=\"og:image\" content=\"https:\/\/websjop.afuk.frl\/wp-content\/uploads\/2022\/10\/Museum-Belvedere652.jpg\" \/>\n\t<meta property=\"og:image:width\" content=\"598\" \/>\n\t<meta property=\"og:image:height\" content=\"627\" \/>\n\t<meta property=\"og:image:type\" content=\"image\/jpeg\" \/>\n<meta name=\"twitter:card\" content=\"summary_large_image\" \/>\n<script type=\"application\/ld+json\" class=\"yoast-schema-graph\">{\"@context\":\"https:\/\/schema.org\",\"@graph\":[{\"@type\":\"WebPage\",\"@id\":\"https:\/\/websjop.afuk.frl\/frl\/winkel\/museum-belvedere-verzamelde-werken\/\",\"url\":\"https:\/\/websjop.afuk.frl\/frl\/winkel\/museum-belvedere-verzamelde-werken\/\",\"name\":\"Museum Belv\u00e9d\u00e8re - Verzamelde Werken &#8211; Af\u00fbk Websjop\",\"isPartOf\":{\"@id\":\"https:\/\/websjop.afuk.frl\/frl\/#website\"},\"primaryImageOfPage\":{\"@id\":\"https:\/\/websjop.afuk.frl\/frl\/winkel\/museum-belvedere-verzamelde-werken\/#primaryimage\"},\"image\":{\"@id\":\"https:\/\/websjop.afuk.frl\/frl\/winkel\/museum-belvedere-verzamelde-werken\/#primaryimage\"},\"thumbnailUrl\":\"https:\/\/websjop.afuk.frl\/wp-content\/uploads\/2022\/10\/Museum-Belvedere652.jpg\",\"datePublished\":\"2022-10-17T10:38:13+00:00\",\"dateModified\":\"2022-10-17T10:39:43+00:00\",\"description\":\"Met meer dan 300 afbeeldingen en een lijst van kunstobjecten, geeft het boek \u2018Verzamelde Werken\u2019 inzicht in het verzamelbeleid van Museum Belv\u00e9d\u00e8re.\",\"breadcrumb\":{\"@id\":\"https:\/\/websjop.afuk.frl\/frl\/winkel\/museum-belvedere-verzamelde-werken\/#breadcrumb\"},\"inLanguage\":\"fy-NL\",\"potentialAction\":[{\"@type\":\"ReadAction\",\"target\":[\"https:\/\/websjop.afuk.frl\/frl\/winkel\/museum-belvedere-verzamelde-werken\/\"]}]},{\"@type\":\"ImageObject\",\"inLanguage\":\"fy-NL\",\"@id\":\"https:\/\/websjop.afuk.frl\/frl\/winkel\/museum-belvedere-verzamelde-werken\/#primaryimage\",\"url\":\"https:\/\/websjop.afuk.frl\/wp-content\/uploads\/2022\/10\/Museum-Belvedere652.jpg\",\"contentUrl\":\"https:\/\/websjop.afuk.frl\/wp-content\/uploads\/2022\/10\/Museum-Belvedere652.jpg\",\"width\":598,\"height\":627,\"caption\":\"Museum Belvedere\"},{\"@type\":\"BreadcrumbList\",\"@id\":\"https:\/\/websjop.afuk.frl\/frl\/winkel\/museum-belvedere-verzamelde-werken\/#breadcrumb\",\"itemListElement\":[{\"@type\":\"ListItem\",\"position\":1,\"name\":\"Home\",\"item\":\"https:\/\/websjop.afuk.frl\/frl\/\"},{\"@type\":\"ListItem\",\"position\":2,\"name\":\"Winkel\",\"item\":\"https:\/\/websjop.afuk.frl\/nl\/winkel\/\"},{\"@type\":\"ListItem\",\"position\":3,\"name\":\"Museum Belv\u00e9d\u00e8re &#8211; Verzamelde Werken\"}]},{\"@type\":\"WebSite\",\"@id\":\"https:\/\/websjop.afuk.frl\/frl\/#website\",\"url\":\"https:\/\/websjop.afuk.frl\/frl\/\",\"name\":\"Af\u00fbk Websjop\",\"description\":\"\",\"potentialAction\":[{\"@type\":\"SearchAction\",\"target\":{\"@type\":\"EntryPoint\",\"urlTemplate\":\"https:\/\/websjop.afuk.frl\/frl\/?s={search_term_string}\"},\"query-input\":{\"@type\":\"PropertyValueSpecification\",\"valueRequired\":true,\"valueName\":\"search_term_string\"}}],\"inLanguage\":\"fy-NL\"}]}<\/script>\n<!-- \/ Yoast SEO plugin. -->","yoast_head_json":{"title":"Museum Belv\u00e9d\u00e8re - Verzamelde Werken &#8211; Af\u00fbk Websjop","description":"Met meer dan 300 afbeeldingen en een lijst van kunstobjecten, geeft het boek \u2018Verzamelde Werken\u2019 inzicht in het verzamelbeleid van Museum Belv\u00e9d\u00e8re.","robots":{"index":"index","follow":"follow","max-snippet":"max-snippet:-1","max-image-preview":"max-image-preview:large","max-video-preview":"max-video-preview:-1"},"canonical":"https:\/\/websjop.afuk.frl\/frl\/winkel\/museum-belvedere-verzamelde-werken\/","og_locale":"fy_NL","og_type":"article","og_title":"Museum Belv\u00e9d\u00e8re - Verzamelde Werken &#8211; Af\u00fbk Websjop","og_description":"Met meer dan 300 afbeeldingen en een lijst van kunstobjecten, geeft het boek \u2018Verzamelde Werken\u2019 inzicht in het verzamelbeleid van Museum Belv\u00e9d\u00e8re.","og_url":"https:\/\/websjop.afuk.frl\/frl\/winkel\/museum-belvedere-verzamelde-werken\/","og_site_name":"Af\u00fbk Websjop","article_modified_time":"2022-10-17T10:39:43+00:00","og_image":[{"width":598,"height":627,"url":"https:\/\/websjop.afuk.frl\/wp-content\/uploads\/2022\/10\/Museum-Belvedere652.jpg","type":"image\/jpeg"}],"twitter_card":"summary_large_image","schema":{"@context":"https:\/\/schema.org","@graph":[{"@type":"WebPage","@id":"https:\/\/websjop.afuk.frl\/frl\/winkel\/museum-belvedere-verzamelde-werken\/","url":"https:\/\/websjop.afuk.frl\/frl\/winkel\/museum-belvedere-verzamelde-werken\/","name":"Museum Belv\u00e9d\u00e8re - Verzamelde Werken &#8211; Af\u00fbk Websjop","isPartOf":{"@id":"https:\/\/websjop.afuk.frl\/frl\/#website"},"primaryImageOfPage":{"@id":"https:\/\/websjop.afuk.frl\/frl\/winkel\/museum-belvedere-verzamelde-werken\/#primaryimage"},"image":{"@id":"https:\/\/websjop.afuk.frl\/frl\/winkel\/museum-belvedere-verzamelde-werken\/#primaryimage"},"thumbnailUrl":"https:\/\/websjop.afuk.frl\/wp-content\/uploads\/2022\/10\/Museum-Belvedere652.jpg","datePublished":"2022-10-17T10:38:13+00:00","dateModified":"2022-10-17T10:39:43+00:00","description":"Met meer dan 300 afbeeldingen en een lijst van kunstobjecten, geeft het boek \u2018Verzamelde Werken\u2019 inzicht in het verzamelbeleid van Museum Belv\u00e9d\u00e8re.","breadcrumb":{"@id":"https:\/\/websjop.afuk.frl\/frl\/winkel\/museum-belvedere-verzamelde-werken\/#breadcrumb"},"inLanguage":"fy-NL","potentialAction":[{"@type":"ReadAction","target":["https:\/\/websjop.afuk.frl\/frl\/winkel\/museum-belvedere-verzamelde-werken\/"]}]},{"@type":"ImageObject","inLanguage":"fy-NL","@id":"https:\/\/websjop.afuk.frl\/frl\/winkel\/museum-belvedere-verzamelde-werken\/#primaryimage","url":"https:\/\/websjop.afuk.frl\/wp-content\/uploads\/2022\/10\/Museum-Belvedere652.jpg","contentUrl":"https:\/\/websjop.afuk.frl\/wp-content\/uploads\/2022\/10\/Museum-Belvedere652.jpg","width":598,"height":627,"caption":"Museum Belvedere"},{"@type":"BreadcrumbList","@id":"https:\/\/websjop.afuk.frl\/frl\/winkel\/museum-belvedere-verzamelde-werken\/#breadcrumb","itemListElement":[{"@type":"ListItem","position":1,"name":"Home","item":"https:\/\/websjop.afuk.frl\/frl\/"},{"@type":"ListItem","position":2,"name":"Winkel","item":"https:\/\/websjop.afuk.frl\/nl\/winkel\/"},{"@type":"ListItem","position":3,"name":"Museum Belv\u00e9d\u00e8re &#8211; Verzamelde Werken"}]},{"@type":"WebSite","@id":"https:\/\/websjop.afuk.frl\/frl\/#website","url":"https:\/\/websjop.afuk.frl\/frl\/","name":"Af\u00fbk Websjop","description":"","potentialAction":[{"@type":"SearchAction","target":{"@type":"EntryPoint","urlTemplate":"https:\/\/websjop.afuk.frl\/frl\/?s={search_term_string}"},"query-input":{"@type":"PropertyValueSpecification","valueRequired":true,"valueName":"search_term_string"}}],"inLanguage":"fy-NL"}]}},"_links":{"self":[{"href":"https:\/\/websjop.afuk.frl\/frl\/wp-json\/wp\/v2\/product\/35851","targetHints":{"allow":["GET"]}}],"collection":[{"href":"https:\/\/websjop.afuk.frl\/frl\/wp-json\/wp\/v2\/product"}],"about":[{"href":"https:\/\/websjop.afuk.frl\/frl\/wp-json\/wp\/v2\/types\/product"}],"replies":[{"embeddable":true,"href":"https:\/\/websjop.afuk.frl\/frl\/wp-json\/wp\/v2\/comments?post=35851"}],"wp:featuredmedia":[{"embeddable":true,"href":"https:\/\/websjop.afuk.frl\/frl\/wp-json\/wp\/v2\/media\/35852"}],"wp:attachment":[{"href":"https:\/\/websjop.afuk.frl\/frl\/wp-json\/wp\/v2\/media?parent=35851"}],"wp:term":[{"taxonomy":"product_brand","embeddable":true,"href":"https:\/\/websjop.afuk.frl\/frl\/wp-json\/wp\/v2\/product_brand?post=35851"},{"taxonomy":"product_cat","embeddable":true,"href":"https:\/\/websjop.afuk.frl\/frl\/wp-json\/wp\/v2\/product_cat?post=35851"},{"taxonomy":"product_tag","embeddable":true,"href":"https:\/\/websjop.afuk.frl\/frl\/wp-json\/wp\/v2\/product_tag?post=35851"}],"curies":[{"name":"wp","href":"https:\/\/api.w.org\/{rel}","templated":true}]}}