{"id":35444,"date":"2022-09-22T14:18:16","date_gmt":"2022-09-22T13:18:16","guid":{"rendered":"https:\/\/websjop.afuk.frl\/nl\/?post_type=product&#038;p=35444"},"modified":"2025-09-01T09:42:12","modified_gmt":"2025-09-01T07:42:12","slug":"skarl-ferhalen-ut-myn-lytse-sudwesthoeke","status":"publish","type":"product","link":"https:\/\/websjop.afuk.frl\/frl\/winkel\/skarl-ferhalen-ut-myn-lytse-sudwesthoeke\/","title":{"rendered":"Ska(r)l &#8211; Ferhalen \u00fat myn lytse S\u00fadwesthoeke"},"content":{"rendered":"<p>Ids de Roos (1954) is geboren in Skarl, al zeggen de mensen daar Skal. Hij verliet het dorpje toen hij achttien jaar was, maar heeft Skarl nooit helemaal los kunnen laten. Veel dingen staan hem nog helder voor de geest: de veekoopman, in schoolvriend die wilsterflapper moest worden, het verhaal van zijn vader over de koppige visserman Sjouke Bot en veel dorpstypes zoals kleermaker Klaas Snider of turfschipper Jabik Minses.<\/p>\n<p>De Roos brengt het allemaal tot leven in een aantal verhalen. Foto&#8217;s ondersteunen de leesbare verhalen, welke voor een groot deel eerder zijn verschenen in de Warnser Poarte, de dorpskrant.<\/p>\n<p>&nbsp;<\/p>\n","protected":false},"excerpt":{"rendered":"<p>Ids de Roos (1954) is geboren in Skarl, al zeggen de mensen daar Skal. Hij verliet het dorpje toen hij achttien jaar was, maar heeft Skarl nooit helemaal los kunnen laten. Veel dingen staan hem nog helder voor de geest: de veekoopman, in schoolvriend die wilsterflapper moest worden, het verhaal van zijn vader over de [&hellip;]<\/p>\n","protected":false},"featured_media":37957,"comment_status":"closed","ping_status":"closed","template":"","meta":{"_acf_changed":false},"product_brand":[],"product_cat":[545,535,539],"product_tag":[21227,7150,5325,21226,21224,21225],"class_list":{"0":"post-35444","1":"product","2":"type-product","3":"status-publish","4":"has-post-thumbnail","6":"product_cat-fotoboeken","7":"product_cat-fryske-boeken","8":"product_cat-skiednis","9":"product_tag-anekdoates","10":"product_tag-boerelibben","11":"product_tag-ferhalen","12":"product_tag-ids-de-roos","13":"product_tag-skarl","14":"product_tag-sudwesthoeke","15":"product_shipping_class-brievenbus-verzending","16":"pa_auteur-ids-de-roos","17":"pa_isbn-21223","18":"pa_new-label-1-3","19":"pa_taal-frysk","20":"pa_uitgever-de-ryp","22":"first","23":"instock","24":"taxable","25":"shipping-taxable","26":"purchasable","27":"product-type-simple"},"acf":[],"yoast_head":"<!-- This site is optimized with the Yoast SEO plugin v27.3 - https:\/\/yoast.com\/product\/yoast-seo-wordpress\/ -->\n<title>Ska(r)l - Ferhalen \u00fat myn lytse S\u00fadwesthoeke &#8211; Af\u00fbk Websjop<\/title>\n<meta name=\"description\" content=\"Ids de Roos beschrijft in Skarl verhalen over het boereleven van toen, familieverhalen en anekdotes over mensen uit Warns en Stavoren.\" \/>\n<meta name=\"robots\" content=\"index, follow, max-snippet:-1, max-image-preview:large, max-video-preview:-1\" \/>\n<link rel=\"canonical\" href=\"https:\/\/websjop.afuk.frl\/frl\/winkel\/skarl-ferhalen-ut-myn-lytse-sudwesthoeke\/\" \/>\n<meta property=\"og:locale\" content=\"fy_NL\" \/>\n<meta property=\"og:type\" content=\"article\" \/>\n<meta property=\"og:title\" content=\"Ska(r)l - Ferhalen \u00fat myn lytse S\u00fadwesthoeke &#8211; Af\u00fbk Websjop\" \/>\n<meta property=\"og:description\" content=\"Ids de Roos beschrijft in Skarl verhalen over het boereleven van toen, familieverhalen en anekdotes over mensen uit Warns en Stavoren.\" \/>\n<meta property=\"og:url\" content=\"https:\/\/websjop.afuk.frl\/frl\/winkel\/skarl-ferhalen-ut-myn-lytse-sudwesthoeke\/\" \/>\n<meta property=\"og:site_name\" content=\"Af\u00fbk Websjop\" \/>\n<meta property=\"article:modified_time\" content=\"2025-09-01T07:42:12+00:00\" \/>\n<meta property=\"og:image\" content=\"https:\/\/websjop.afuk.frl\/wp-content\/uploads\/2022\/09\/Skarl2702.jpg\" \/>\n\t<meta property=\"og:image:width\" content=\"546\" \/>\n\t<meta property=\"og:image:height\" content=\"791\" \/>\n\t<meta property=\"og:image:type\" content=\"image\/jpeg\" \/>\n<meta name=\"twitter:card\" content=\"summary_large_image\" \/>\n<meta name=\"twitter:label1\" content=\"Est. reading time\" \/>\n\t<meta name=\"twitter:data1\" content=\"2 minutes\" \/>\n<script type=\"application\/ld+json\" class=\"yoast-schema-graph\">{\"@context\":\"https:\\\/\\\/schema.org\",\"@graph\":[{\"@type\":\"WebPage\",\"@id\":\"https:\\\/\\\/websjop.afuk.frl\\\/frl\\\/winkel\\\/skarl-ferhalen-ut-myn-lytse-sudwesthoeke\\\/\",\"url\":\"https:\\\/\\\/websjop.afuk.frl\\\/frl\\\/winkel\\\/skarl-ferhalen-ut-myn-lytse-sudwesthoeke\\\/\",\"name\":\"Ska(r)l - Ferhalen \u00fat myn lytse S\u00fadwesthoeke &#8211; Af\u00fbk Websjop\",\"isPartOf\":{\"@id\":\"https:\\\/\\\/websjop.afuk.frl\\\/frl\\\/#website\"},\"primaryImageOfPage\":{\"@id\":\"https:\\\/\\\/websjop.afuk.frl\\\/frl\\\/winkel\\\/skarl-ferhalen-ut-myn-lytse-sudwesthoeke\\\/#primaryimage\"},\"image\":{\"@id\":\"https:\\\/\\\/websjop.afuk.frl\\\/frl\\\/winkel\\\/skarl-ferhalen-ut-myn-lytse-sudwesthoeke\\\/#primaryimage\"},\"thumbnailUrl\":\"https:\\\/\\\/websjop.afuk.frl\\\/wp-content\\\/uploads\\\/2022\\\/09\\\/Skarl2702.jpg\",\"datePublished\":\"2022-09-22T13:18:16+00:00\",\"dateModified\":\"2025-09-01T07:42:12+00:00\",\"description\":\"Ids de Roos beschrijft in Skarl verhalen over het boereleven van toen, familieverhalen en anekdotes over mensen uit Warns en Stavoren.\",\"breadcrumb\":{\"@id\":\"https:\\\/\\\/websjop.afuk.frl\\\/frl\\\/winkel\\\/skarl-ferhalen-ut-myn-lytse-sudwesthoeke\\\/#breadcrumb\"},\"inLanguage\":\"fy-NL\",\"potentialAction\":[{\"@type\":\"ReadAction\",\"target\":[\"https:\\\/\\\/websjop.afuk.frl\\\/frl\\\/winkel\\\/skarl-ferhalen-ut-myn-lytse-sudwesthoeke\\\/\"]}]},{\"@type\":\"ImageObject\",\"inLanguage\":\"fy-NL\",\"@id\":\"https:\\\/\\\/websjop.afuk.frl\\\/frl\\\/winkel\\\/skarl-ferhalen-ut-myn-lytse-sudwesthoeke\\\/#primaryimage\",\"url\":\"https:\\\/\\\/websjop.afuk.frl\\\/wp-content\\\/uploads\\\/2022\\\/09\\\/Skarl2702.jpg\",\"contentUrl\":\"https:\\\/\\\/websjop.afuk.frl\\\/wp-content\\\/uploads\\\/2022\\\/09\\\/Skarl2702.jpg\",\"width\":546,\"height\":791},{\"@type\":\"BreadcrumbList\",\"@id\":\"https:\\\/\\\/websjop.afuk.frl\\\/frl\\\/winkel\\\/skarl-ferhalen-ut-myn-lytse-sudwesthoeke\\\/#breadcrumb\",\"itemListElement\":[{\"@type\":\"ListItem\",\"position\":1,\"name\":\"Home\",\"item\":\"https:\\\/\\\/websjop.afuk.frl\\\/frl\\\/\"},{\"@type\":\"ListItem\",\"position\":2,\"name\":\"Winkel\",\"item\":\"https:\\\/\\\/websjop.afuk.frl\\\/nl\\\/winkel\\\/\"},{\"@type\":\"ListItem\",\"position\":3,\"name\":\"Ska(r)l &#8211; Ferhalen \u00fat myn lytse S\u00fadwesthoeke\"}]},{\"@type\":\"WebSite\",\"@id\":\"https:\\\/\\\/websjop.afuk.frl\\\/frl\\\/#website\",\"url\":\"https:\\\/\\\/websjop.afuk.frl\\\/frl\\\/\",\"name\":\"Af\u00fbk Websjop\",\"description\":\"\",\"potentialAction\":[{\"@type\":\"SearchAction\",\"target\":{\"@type\":\"EntryPoint\",\"urlTemplate\":\"https:\\\/\\\/websjop.afuk.frl\\\/frl\\\/?s={search_term_string}\"},\"query-input\":{\"@type\":\"PropertyValueSpecification\",\"valueRequired\":true,\"valueName\":\"search_term_string\"}}],\"inLanguage\":\"fy-NL\"}]}<\/script>\n<!-- \/ Yoast SEO plugin. -->","yoast_head_json":{"title":"Ska(r)l - Ferhalen \u00fat myn lytse S\u00fadwesthoeke &#8211; Af\u00fbk Websjop","description":"Ids de Roos beschrijft in Skarl verhalen over het boereleven van toen, familieverhalen en anekdotes over mensen uit Warns en Stavoren.","robots":{"index":"index","follow":"follow","max-snippet":"max-snippet:-1","max-image-preview":"max-image-preview:large","max-video-preview":"max-video-preview:-1"},"canonical":"https:\/\/websjop.afuk.frl\/frl\/winkel\/skarl-ferhalen-ut-myn-lytse-sudwesthoeke\/","og_locale":"fy_NL","og_type":"article","og_title":"Ska(r)l - Ferhalen \u00fat myn lytse S\u00fadwesthoeke &#8211; Af\u00fbk Websjop","og_description":"Ids de Roos beschrijft in Skarl verhalen over het boereleven van toen, familieverhalen en anekdotes over mensen uit Warns en Stavoren.","og_url":"https:\/\/websjop.afuk.frl\/frl\/winkel\/skarl-ferhalen-ut-myn-lytse-sudwesthoeke\/","og_site_name":"Af\u00fbk Websjop","article_modified_time":"2025-09-01T07:42:12+00:00","og_image":[{"width":546,"height":791,"url":"https:\/\/websjop.afuk.frl\/wp-content\/uploads\/2022\/09\/Skarl2702.jpg","type":"image\/jpeg"}],"twitter_card":"summary_large_image","twitter_misc":{"Est. reading time":"2 minutes"},"schema":{"@context":"https:\/\/schema.org","@graph":[{"@type":"WebPage","@id":"https:\/\/websjop.afuk.frl\/frl\/winkel\/skarl-ferhalen-ut-myn-lytse-sudwesthoeke\/","url":"https:\/\/websjop.afuk.frl\/frl\/winkel\/skarl-ferhalen-ut-myn-lytse-sudwesthoeke\/","name":"Ska(r)l - Ferhalen \u00fat myn lytse S\u00fadwesthoeke &#8211; Af\u00fbk Websjop","isPartOf":{"@id":"https:\/\/websjop.afuk.frl\/frl\/#website"},"primaryImageOfPage":{"@id":"https:\/\/websjop.afuk.frl\/frl\/winkel\/skarl-ferhalen-ut-myn-lytse-sudwesthoeke\/#primaryimage"},"image":{"@id":"https:\/\/websjop.afuk.frl\/frl\/winkel\/skarl-ferhalen-ut-myn-lytse-sudwesthoeke\/#primaryimage"},"thumbnailUrl":"https:\/\/websjop.afuk.frl\/wp-content\/uploads\/2022\/09\/Skarl2702.jpg","datePublished":"2022-09-22T13:18:16+00:00","dateModified":"2025-09-01T07:42:12+00:00","description":"Ids de Roos beschrijft in Skarl verhalen over het boereleven van toen, familieverhalen en anekdotes over mensen uit Warns en Stavoren.","breadcrumb":{"@id":"https:\/\/websjop.afuk.frl\/frl\/winkel\/skarl-ferhalen-ut-myn-lytse-sudwesthoeke\/#breadcrumb"},"inLanguage":"fy-NL","potentialAction":[{"@type":"ReadAction","target":["https:\/\/websjop.afuk.frl\/frl\/winkel\/skarl-ferhalen-ut-myn-lytse-sudwesthoeke\/"]}]},{"@type":"ImageObject","inLanguage":"fy-NL","@id":"https:\/\/websjop.afuk.frl\/frl\/winkel\/skarl-ferhalen-ut-myn-lytse-sudwesthoeke\/#primaryimage","url":"https:\/\/websjop.afuk.frl\/wp-content\/uploads\/2022\/09\/Skarl2702.jpg","contentUrl":"https:\/\/websjop.afuk.frl\/wp-content\/uploads\/2022\/09\/Skarl2702.jpg","width":546,"height":791},{"@type":"BreadcrumbList","@id":"https:\/\/websjop.afuk.frl\/frl\/winkel\/skarl-ferhalen-ut-myn-lytse-sudwesthoeke\/#breadcrumb","itemListElement":[{"@type":"ListItem","position":1,"name":"Home","item":"https:\/\/websjop.afuk.frl\/frl\/"},{"@type":"ListItem","position":2,"name":"Winkel","item":"https:\/\/websjop.afuk.frl\/nl\/winkel\/"},{"@type":"ListItem","position":3,"name":"Ska(r)l &#8211; Ferhalen \u00fat myn lytse S\u00fadwesthoeke"}]},{"@type":"WebSite","@id":"https:\/\/websjop.afuk.frl\/frl\/#website","url":"https:\/\/websjop.afuk.frl\/frl\/","name":"Af\u00fbk Websjop","description":"","potentialAction":[{"@type":"SearchAction","target":{"@type":"EntryPoint","urlTemplate":"https:\/\/websjop.afuk.frl\/frl\/?s={search_term_string}"},"query-input":{"@type":"PropertyValueSpecification","valueRequired":true,"valueName":"search_term_string"}}],"inLanguage":"fy-NL"}]}},"_links":{"self":[{"href":"https:\/\/websjop.afuk.frl\/frl\/wp-json\/wp\/v2\/product\/35444","targetHints":{"allow":["GET"]}}],"collection":[{"href":"https:\/\/websjop.afuk.frl\/frl\/wp-json\/wp\/v2\/product"}],"about":[{"href":"https:\/\/websjop.afuk.frl\/frl\/wp-json\/wp\/v2\/types\/product"}],"replies":[{"embeddable":true,"href":"https:\/\/websjop.afuk.frl\/frl\/wp-json\/wp\/v2\/comments?post=35444"}],"wp:featuredmedia":[{"embeddable":true,"href":"https:\/\/websjop.afuk.frl\/frl\/wp-json\/wp\/v2\/media\/37957"}],"wp:attachment":[{"href":"https:\/\/websjop.afuk.frl\/frl\/wp-json\/wp\/v2\/media?parent=35444"}],"wp:term":[{"taxonomy":"product_brand","embeddable":true,"href":"https:\/\/websjop.afuk.frl\/frl\/wp-json\/wp\/v2\/product_brand?post=35444"},{"taxonomy":"product_cat","embeddable":true,"href":"https:\/\/websjop.afuk.frl\/frl\/wp-json\/wp\/v2\/product_cat?post=35444"},{"taxonomy":"product_tag","embeddable":true,"href":"https:\/\/websjop.afuk.frl\/frl\/wp-json\/wp\/v2\/product_tag?post=35444"}],"curies":[{"name":"wp","href":"https:\/\/api.w.org\/{rel}","templated":true}]}}