{"id":34739,"date":"2024-06-01T11:18:09","date_gmt":"2024-06-01T10:18:09","guid":{"rendered":"https:\/\/websjop.afuk.frl\/nl\/?post_type=product&#038;p=34739"},"modified":"2025-08-20T11:33:05","modified_gmt":"2025-08-20T09:33:05","slug":"stip-yn-it-swimbad","status":"publish","type":"product","link":"https:\/\/websjop.afuk.frl\/frl\/winkel\/stip-yn-it-swimbad\/","title":{"rendered":"Stip yn it swimbad"},"content":{"rendered":"<p>Stip wil zwemmen met zijn nieuwe zwemband. Durft hij wel in het water? Een lief verhaaltje voor kinderen die het zwembad nog wel een beetje spannend vinden.<\/p>\n<p>Kartonboekje voor de allerjongsten.<\/p>\n<p><a href=\"https:\/\/websjop.afuk.frl\/frl\/producten\/fryske-boeken\/berne-en-jeugdboeken\/berneboeken-0-tot-4-jaar\/stip\/\">Kijk hier voor alle Stipboeken<\/a>.<\/p>\n<hr \/>\n<p><em>Sietske: &#8220;It ferhaal is hiel werkenber foar Jelte fan 2,5 jier; swimmen, de bantsjes dy\u2019t om de earmen gean, lekker boartsje en spatte yn it wetter en fansels in ijsko oan \u2019e ein. Mar ek dat Stip it earst wat spannend en it wetter k\u00e2ld fynt, mar it \u00fateinlik toch hiel moai fynt. Jelte kin dan ek net gen\u00f4ch krije fan it boek en it moat hieltyd wer opnij l\u00eazen wurde. Omdat it sa werkenber is, en it oer swimmen giet, wat Jelte supermoai fynt, kin hy al gau it ferhaal sels fertelle en pakt er it boekje der ek graach opnij wer by om nochris te l\u00eazen.&#8221; <a href=\"https:\/\/heitenmem.nl\/artikel\/24027\/stip-yn-it-swimbad\/\" target=\"_blank\" rel=\"noopener\">L\u00eas hjir Sietske har folsleine resinsje.<\/a><\/em><\/p>\n<p><em>Jeltje: &#8220;Ik fyn it boekje hiel geskikt foar jonge bern om\u2019t it ferhaal net sa lang is en d\u00earom ek goed yn ien kear te l\u00eazen is mei bern fan noch gjin jier \u00e2ld. &#8221; <a href=\"https:\/\/heitenmem.frl\/de-resinsje-fan-jeltje-stip-yn-it-swimbad\/\">L\u00eas hjir Jeltje har folsleine resinsje.<\/a><\/em><\/p>\n","protected":false},"excerpt":{"rendered":"<p>Stip wil zwemmen met zijn nieuwe zwemband. Durft hij wel in het water? Een lief verhaaltje voor kinderen die het zwembad nog wel een beetje spannend vinden. Kartonboekje voor de allerjongsten. Kijk hier voor alle Stipboeken. Sietske: &#8220;It ferhaal is hiel werkenber foar Jelte fan 2,5 jier; swimmen, de bantsjes dy\u2019t om de earmen gean, [&hellip;]<\/p>\n","protected":false},"featured_media":34740,"comment_status":"closed","ping_status":"closed","template":"","meta":{"_acf_changed":false},"product_brand":[],"product_cat":[1213,549,535,1313,9568,24178,22833],"product_tag":[6057,5715,21094,21095,21097,21096],"class_list":{"0":"post-34739","1":"product","2":"type-product","3":"status-publish","4":"has-post-thumbnail","6":"product_cat-berne-en-jeugdboeken","7":"product_cat-berneboeken-0-tot-4-jaar","8":"product_cat-fryske-boeken","9":"product_cat-simmer-yn-fryslan","10":"product_cat-stip","11":"product_cat-tema-wetter","12":"product_cat-tema-simmer-foar-jonge-bern","13":"product_tag-eric-hill","14":"product_tag-karton","15":"product_tag-stip-yn-it-swimbad","16":"product_tag-swimme","17":"product_tag-zwembad","18":"product_tag-zwemmen","19":"product_shipping_class-brievenbus-verzending","20":"pa_auteur-eric-hill-2","21":"pa_isbn-21093","22":"pa_new-label-1-3","23":"pa_taal-frysk","24":"pa_uitgever-afuk","25":"pa_vertaler-hermien-van-der-meer","27":"first","28":"instock","29":"taxable","30":"shipping-taxable","31":"purchasable","32":"product-type-simple"},"acf":[],"yoast_head":"<!-- This site is optimized with the Yoast SEO plugin v27.3 - https:\/\/yoast.com\/product\/yoast-seo-wordpress\/ -->\n<title>Stip yn it swimbad &#8211; Af\u00fbk Websjop<\/title>\n<meta name=\"description\" content=\"Stip wil zwemmen met zijn nieuwe zwemband. Durft hij wel in het water? Een lief verhaaltje voor kinderen die het zwembad nog wel een beetje spannend vinden.\" \/>\n<meta name=\"robots\" content=\"index, follow, max-snippet:-1, max-image-preview:large, max-video-preview:-1\" \/>\n<link rel=\"canonical\" href=\"https:\/\/websjop.afuk.frl\/frl\/winkel\/stip-yn-it-swimbad\/\" \/>\n<meta property=\"og:locale\" content=\"fy_NL\" \/>\n<meta property=\"og:type\" content=\"article\" \/>\n<meta property=\"og:title\" content=\"Stip yn it swimbad &#8211; Af\u00fbk Websjop\" \/>\n<meta property=\"og:description\" content=\"Stip wil zwemmen met zijn nieuwe zwemband. Durft hij wel in het water? Een lief verhaaltje voor kinderen die het zwembad nog wel een beetje spannend vinden.\" \/>\n<meta property=\"og:url\" content=\"https:\/\/websjop.afuk.frl\/frl\/winkel\/stip-yn-it-swimbad\/\" \/>\n<meta property=\"og:site_name\" content=\"Af\u00fbk Websjop\" \/>\n<meta property=\"article:modified_time\" content=\"2025-08-20T09:33:05+00:00\" \/>\n<meta property=\"og:image\" content=\"https:\/\/websjop.afuk.frl\/wp-content\/uploads\/2022\/07\/Stip-yn-it-swimbad629.jpg\" \/>\n\t<meta property=\"og:image:width\" content=\"517\" \/>\n\t<meta property=\"og:image:height\" content=\"435\" \/>\n\t<meta property=\"og:image:type\" content=\"image\/jpeg\" \/>\n<meta name=\"twitter:card\" content=\"summary_large_image\" \/>\n<meta name=\"twitter:label1\" content=\"Est. reading time\" \/>\n\t<meta name=\"twitter:data1\" content=\"3 minutes\" \/>\n<script type=\"application\/ld+json\" class=\"yoast-schema-graph\">{\"@context\":\"https:\\\/\\\/schema.org\",\"@graph\":[{\"@type\":\"WebPage\",\"@id\":\"https:\\\/\\\/websjop.afuk.frl\\\/frl\\\/winkel\\\/stip-yn-it-swimbad\\\/\",\"url\":\"https:\\\/\\\/websjop.afuk.frl\\\/frl\\\/winkel\\\/stip-yn-it-swimbad\\\/\",\"name\":\"Stip yn it swimbad &#8211; Af\u00fbk Websjop\",\"isPartOf\":{\"@id\":\"https:\\\/\\\/websjop.afuk.frl\\\/frl\\\/#website\"},\"primaryImageOfPage\":{\"@id\":\"https:\\\/\\\/websjop.afuk.frl\\\/frl\\\/winkel\\\/stip-yn-it-swimbad\\\/#primaryimage\"},\"image\":{\"@id\":\"https:\\\/\\\/websjop.afuk.frl\\\/frl\\\/winkel\\\/stip-yn-it-swimbad\\\/#primaryimage\"},\"thumbnailUrl\":\"https:\\\/\\\/websjop.afuk.frl\\\/wp-content\\\/uploads\\\/2022\\\/07\\\/Stip-yn-it-swimbad629.jpg\",\"datePublished\":\"2024-06-01T10:18:09+00:00\",\"dateModified\":\"2025-08-20T09:33:05+00:00\",\"description\":\"Stip wil zwemmen met zijn nieuwe zwemband. Durft hij wel in het water? Een lief verhaaltje voor kinderen die het zwembad nog wel een beetje spannend vinden.\",\"breadcrumb\":{\"@id\":\"https:\\\/\\\/websjop.afuk.frl\\\/frl\\\/winkel\\\/stip-yn-it-swimbad\\\/#breadcrumb\"},\"inLanguage\":\"fy-NL\",\"potentialAction\":[{\"@type\":\"ReadAction\",\"target\":[\"https:\\\/\\\/websjop.afuk.frl\\\/frl\\\/winkel\\\/stip-yn-it-swimbad\\\/\"]}]},{\"@type\":\"ImageObject\",\"inLanguage\":\"fy-NL\",\"@id\":\"https:\\\/\\\/websjop.afuk.frl\\\/frl\\\/winkel\\\/stip-yn-it-swimbad\\\/#primaryimage\",\"url\":\"https:\\\/\\\/websjop.afuk.frl\\\/wp-content\\\/uploads\\\/2022\\\/07\\\/Stip-yn-it-swimbad629.jpg\",\"contentUrl\":\"https:\\\/\\\/websjop.afuk.frl\\\/wp-content\\\/uploads\\\/2022\\\/07\\\/Stip-yn-it-swimbad629.jpg\",\"width\":517,\"height\":435,\"caption\":\"Stip yn it swimbad\"},{\"@type\":\"BreadcrumbList\",\"@id\":\"https:\\\/\\\/websjop.afuk.frl\\\/frl\\\/winkel\\\/stip-yn-it-swimbad\\\/#breadcrumb\",\"itemListElement\":[{\"@type\":\"ListItem\",\"position\":1,\"name\":\"Home\",\"item\":\"https:\\\/\\\/websjop.afuk.frl\\\/frl\\\/\"},{\"@type\":\"ListItem\",\"position\":2,\"name\":\"Winkel\",\"item\":\"https:\\\/\\\/websjop.afuk.frl\\\/nl\\\/winkel\\\/\"},{\"@type\":\"ListItem\",\"position\":3,\"name\":\"Stip yn it swimbad\"}]},{\"@type\":\"WebSite\",\"@id\":\"https:\\\/\\\/websjop.afuk.frl\\\/frl\\\/#website\",\"url\":\"https:\\\/\\\/websjop.afuk.frl\\\/frl\\\/\",\"name\":\"Af\u00fbk Websjop\",\"description\":\"\",\"potentialAction\":[{\"@type\":\"SearchAction\",\"target\":{\"@type\":\"EntryPoint\",\"urlTemplate\":\"https:\\\/\\\/websjop.afuk.frl\\\/frl\\\/?s={search_term_string}\"},\"query-input\":{\"@type\":\"PropertyValueSpecification\",\"valueRequired\":true,\"valueName\":\"search_term_string\"}}],\"inLanguage\":\"fy-NL\"}]}<\/script>\n<!-- \/ Yoast SEO plugin. -->","yoast_head_json":{"title":"Stip yn it swimbad &#8211; Af\u00fbk Websjop","description":"Stip wil zwemmen met zijn nieuwe zwemband. Durft hij wel in het water? Een lief verhaaltje voor kinderen die het zwembad nog wel een beetje spannend vinden.","robots":{"index":"index","follow":"follow","max-snippet":"max-snippet:-1","max-image-preview":"max-image-preview:large","max-video-preview":"max-video-preview:-1"},"canonical":"https:\/\/websjop.afuk.frl\/frl\/winkel\/stip-yn-it-swimbad\/","og_locale":"fy_NL","og_type":"article","og_title":"Stip yn it swimbad &#8211; Af\u00fbk Websjop","og_description":"Stip wil zwemmen met zijn nieuwe zwemband. Durft hij wel in het water? Een lief verhaaltje voor kinderen die het zwembad nog wel een beetje spannend vinden.","og_url":"https:\/\/websjop.afuk.frl\/frl\/winkel\/stip-yn-it-swimbad\/","og_site_name":"Af\u00fbk Websjop","article_modified_time":"2025-08-20T09:33:05+00:00","og_image":[{"width":517,"height":435,"url":"https:\/\/websjop.afuk.frl\/wp-content\/uploads\/2022\/07\/Stip-yn-it-swimbad629.jpg","type":"image\/jpeg"}],"twitter_card":"summary_large_image","twitter_misc":{"Est. reading time":"3 minutes"},"schema":{"@context":"https:\/\/schema.org","@graph":[{"@type":"WebPage","@id":"https:\/\/websjop.afuk.frl\/frl\/winkel\/stip-yn-it-swimbad\/","url":"https:\/\/websjop.afuk.frl\/frl\/winkel\/stip-yn-it-swimbad\/","name":"Stip yn it swimbad &#8211; Af\u00fbk Websjop","isPartOf":{"@id":"https:\/\/websjop.afuk.frl\/frl\/#website"},"primaryImageOfPage":{"@id":"https:\/\/websjop.afuk.frl\/frl\/winkel\/stip-yn-it-swimbad\/#primaryimage"},"image":{"@id":"https:\/\/websjop.afuk.frl\/frl\/winkel\/stip-yn-it-swimbad\/#primaryimage"},"thumbnailUrl":"https:\/\/websjop.afuk.frl\/wp-content\/uploads\/2022\/07\/Stip-yn-it-swimbad629.jpg","datePublished":"2024-06-01T10:18:09+00:00","dateModified":"2025-08-20T09:33:05+00:00","description":"Stip wil zwemmen met zijn nieuwe zwemband. Durft hij wel in het water? Een lief verhaaltje voor kinderen die het zwembad nog wel een beetje spannend vinden.","breadcrumb":{"@id":"https:\/\/websjop.afuk.frl\/frl\/winkel\/stip-yn-it-swimbad\/#breadcrumb"},"inLanguage":"fy-NL","potentialAction":[{"@type":"ReadAction","target":["https:\/\/websjop.afuk.frl\/frl\/winkel\/stip-yn-it-swimbad\/"]}]},{"@type":"ImageObject","inLanguage":"fy-NL","@id":"https:\/\/websjop.afuk.frl\/frl\/winkel\/stip-yn-it-swimbad\/#primaryimage","url":"https:\/\/websjop.afuk.frl\/wp-content\/uploads\/2022\/07\/Stip-yn-it-swimbad629.jpg","contentUrl":"https:\/\/websjop.afuk.frl\/wp-content\/uploads\/2022\/07\/Stip-yn-it-swimbad629.jpg","width":517,"height":435,"caption":"Stip yn it swimbad"},{"@type":"BreadcrumbList","@id":"https:\/\/websjop.afuk.frl\/frl\/winkel\/stip-yn-it-swimbad\/#breadcrumb","itemListElement":[{"@type":"ListItem","position":1,"name":"Home","item":"https:\/\/websjop.afuk.frl\/frl\/"},{"@type":"ListItem","position":2,"name":"Winkel","item":"https:\/\/websjop.afuk.frl\/nl\/winkel\/"},{"@type":"ListItem","position":3,"name":"Stip yn it swimbad"}]},{"@type":"WebSite","@id":"https:\/\/websjop.afuk.frl\/frl\/#website","url":"https:\/\/websjop.afuk.frl\/frl\/","name":"Af\u00fbk Websjop","description":"","potentialAction":[{"@type":"SearchAction","target":{"@type":"EntryPoint","urlTemplate":"https:\/\/websjop.afuk.frl\/frl\/?s={search_term_string}"},"query-input":{"@type":"PropertyValueSpecification","valueRequired":true,"valueName":"search_term_string"}}],"inLanguage":"fy-NL"}]}},"_links":{"self":[{"href":"https:\/\/websjop.afuk.frl\/frl\/wp-json\/wp\/v2\/product\/34739","targetHints":{"allow":["GET"]}}],"collection":[{"href":"https:\/\/websjop.afuk.frl\/frl\/wp-json\/wp\/v2\/product"}],"about":[{"href":"https:\/\/websjop.afuk.frl\/frl\/wp-json\/wp\/v2\/types\/product"}],"replies":[{"embeddable":true,"href":"https:\/\/websjop.afuk.frl\/frl\/wp-json\/wp\/v2\/comments?post=34739"}],"wp:featuredmedia":[{"embeddable":true,"href":"https:\/\/websjop.afuk.frl\/frl\/wp-json\/wp\/v2\/media\/34740"}],"wp:attachment":[{"href":"https:\/\/websjop.afuk.frl\/frl\/wp-json\/wp\/v2\/media?parent=34739"}],"wp:term":[{"taxonomy":"product_brand","embeddable":true,"href":"https:\/\/websjop.afuk.frl\/frl\/wp-json\/wp\/v2\/product_brand?post=34739"},{"taxonomy":"product_cat","embeddable":true,"href":"https:\/\/websjop.afuk.frl\/frl\/wp-json\/wp\/v2\/product_cat?post=34739"},{"taxonomy":"product_tag","embeddable":true,"href":"https:\/\/websjop.afuk.frl\/frl\/wp-json\/wp\/v2\/product_tag?post=34739"}],"curies":[{"name":"wp","href":"https:\/\/api.w.org\/{rel}","templated":true}]}}