{"id":34721,"date":"2022-07-22T07:33:14","date_gmt":"2022-07-22T06:33:14","guid":{"rendered":"https:\/\/websjop.afuk.frl\/nl\/?post_type=product&#038;p=34721"},"modified":"2026-01-15T15:58:44","modified_gmt":"2026-01-15T14:58:44","slug":"abe-en-de-aardichman","status":"publish","type":"product","link":"https:\/\/websjop.afuk.frl\/frl\/winkel\/abe-en-de-aardichman\/","title":{"rendered":"Abe en de Aardichman"},"content":{"rendered":"<p>Abe verhuist naar een huis met een grote tuin. Wanneer er een meisje voor het hek staat kruipt hij gauw onder een struik. Omdat hij in zijn vorige woonplaats werd gepest, durft hij nu niet meer met andere kinderen te spelen. Maar al snel ondervindt hij dat hij niet alleen is onder die struik&#8230; een bruin bultje met een zware bromstem en wapperende handjes komt in beweging. Wat is dat tocht? En wat wil het meisje van hem?<\/p>\n<p>Een sfeervol verhaal over een jongetje dat zijn angst overwint met prachtige illustraties van Yke Reeder.<\/p>\n<p>Iedere twee jaar geeft de International Board on Books for Young people (IBBY) de Honour List uit: een overzicht van kinder- en jeugdboeken van hoge kwaliteit uit de bij IBBY aangesloten landen.\u00a0<em>Abe en de Aardichman <\/em>is op deze IBBY-lijst 2024 gekomen. Tevens was het boek al op de lijst van de White Raven opgenomen en is geselecteerd voor de Bi\u00ebnnale in Bratislava voor de illustraties.<\/p>\n<p>al yn de list fan de White Raven opnommen wie en selektearre foar de Bi\u00ebnnale yn Bratislava foar de yllustraasjes<\/p>\n<p>Leeftijd: 5-9 jaar<\/p>\n<hr \/>\n<p><em>Hilde: &#8216;It boek jout in moaie \u00f4fwikseling tusken ferbylding en werklikheid. Freonskip stiet sintraal, mar ek de \u00e2lde br\u00e2nspuitauto fan pake komt hieltyd werom.&#8217; <a href=\"https:\/\/heitenmem.nl\/artikel\/24268\/de-resinsje-fan-hilde-abe-en-de-aardichman\/\" target=\"_blank\" rel=\"noopener\">L\u00eas de folsleine resinsje op heitenmem.nl.<\/a><\/em><\/p>\n<p><em>Jitske Nynke:<\/em> <em>Abe sleat ik fuortendaliks yn myn hert. Wat in skrander en leaf jonkje. Mar ek in jonkje dat goed wit wat er wol. Dy\u2019t him ien fielt mei de natoer om him hinne. <a href=\"https:\/\/heitenmem.nl\/artikel\/24284\/de-resinsje-fan-jitske-nynke-abe-en-de-aardichman\/\" target=\"_blank\" rel=\"noopener\">L\u00eas de folsleine resinsje op heitenmem.nl<\/a><\/em><\/p>\n<p>&nbsp;<\/p>\n","protected":false},"excerpt":{"rendered":"<p>Abe verhuist naar een huis met een grote tuin. Wanneer er een meisje voor het hek staat kruipt hij gauw onder een struik. Omdat hij in zijn vorige woonplaats werd gepest, durft hij nu niet meer met andere kinderen te spelen. Maar al snel ondervindt hij dat hij niet alleen is onder die struik&#8230; een [&hellip;]<\/p>\n","protected":false},"featured_media":34722,"comment_status":"closed","ping_status":"closed","template":"","meta":{"_acf_changed":false},"product_brand":[],"product_cat":[1213,550,551,16973,535,16975,22905],"product_tag":[21074,6108,6505,21076,17755,19976,21075],"class_list":{"0":"post-34721","1":"product","2":"type-product","3":"status-publish","4":"has-post-thumbnail","6":"product_cat-berne-en-jeugdboeken","7":"product_cat-berneboeken-4-8","8":"product_cat-berneboeken-8-12","9":"product_cat-berneboekewike2023","10":"product_cat-fryske-boeken","11":"product_cat-groep-3-en-4-en-5","12":"product_cat-tema-freonskip-en-leafde","13":"product_tag-abe-en-de-aardichman","14":"product_tag-freonskip","15":"product_tag-pesten","16":"product_tag-pleagje","17":"product_tag-tialda-hoogeveen","18":"product_tag-tun","19":"product_tag-yke-reeder","20":"product_shipping_class-brievenbus-verzending","21":"pa_auteur-tialda-hoogeveen","22":"pa_isbn-21073","23":"pa_new-label-1-3","24":"pa_taal-frysk","25":"pa_uitgever-afuk","27":"first","28":"instock","29":"taxable","30":"shipping-taxable","31":"purchasable","32":"product-type-simple"},"acf":[],"yoast_head":"<!-- This site is optimized with the Yoast SEO plugin v27.2 - https:\/\/yoast.com\/product\/yoast-seo-wordpress\/ -->\n<title>Abe en de Aardichman &#8211; Af\u00fbk Websjop<\/title>\n<meta name=\"description\" content=\"Abe en de Aardichman is een sfeervol verhaal over een jongetje dat zijn angst overwint met prachtige illustraties van Yke Reeder.\" \/>\n<meta name=\"robots\" content=\"index, follow, max-snippet:-1, max-image-preview:large, max-video-preview:-1\" \/>\n<link rel=\"canonical\" href=\"https:\/\/websjop.afuk.frl\/frl\/winkel\/abe-en-de-aardichman\/\" \/>\n<meta property=\"og:locale\" content=\"fy_NL\" \/>\n<meta property=\"og:type\" content=\"article\" \/>\n<meta property=\"og:title\" content=\"Abe en de Aardichman &#8211; Af\u00fbk Websjop\" \/>\n<meta property=\"og:description\" content=\"Abe en de Aardichman is een sfeervol verhaal over een jongetje dat zijn angst overwint met prachtige illustraties van Yke Reeder.\" \/>\n<meta property=\"og:url\" content=\"https:\/\/websjop.afuk.frl\/frl\/winkel\/abe-en-de-aardichman\/\" \/>\n<meta property=\"og:site_name\" content=\"Af\u00fbk Websjop\" \/>\n<meta property=\"article:modified_time\" content=\"2026-01-15T14:58:44+00:00\" \/>\n<meta property=\"og:image\" content=\"https:\/\/websjop.afuk.frl\/wp-content\/uploads\/2022\/07\/Abe-en-de-aardichman-LR.jpg\" \/>\n\t<meta property=\"og:image:width\" content=\"1000\" \/>\n\t<meta property=\"og:image:height\" content=\"1274\" \/>\n\t<meta property=\"og:image:type\" content=\"image\/jpeg\" \/>\n<meta name=\"twitter:card\" content=\"summary_large_image\" \/>\n<meta name=\"twitter:label1\" content=\"Est. reading time\" \/>\n\t<meta name=\"twitter:data1\" content=\"4 minutes\" \/>\n<script type=\"application\/ld+json\" class=\"yoast-schema-graph\">{\"@context\":\"https:\/\/schema.org\",\"@graph\":[{\"@type\":\"WebPage\",\"@id\":\"https:\/\/websjop.afuk.frl\/frl\/winkel\/abe-en-de-aardichman\/\",\"url\":\"https:\/\/websjop.afuk.frl\/frl\/winkel\/abe-en-de-aardichman\/\",\"name\":\"Abe en de Aardichman &#8211; Af\u00fbk Websjop\",\"isPartOf\":{\"@id\":\"https:\/\/websjop.afuk.frl\/frl\/#website\"},\"primaryImageOfPage\":{\"@id\":\"https:\/\/websjop.afuk.frl\/frl\/winkel\/abe-en-de-aardichman\/#primaryimage\"},\"image\":{\"@id\":\"https:\/\/websjop.afuk.frl\/frl\/winkel\/abe-en-de-aardichman\/#primaryimage\"},\"thumbnailUrl\":\"https:\/\/websjop.afuk.frl\/wp-content\/uploads\/2022\/07\/Abe-en-de-aardichman-LR.jpg\",\"datePublished\":\"2022-07-22T06:33:14+00:00\",\"dateModified\":\"2026-01-15T14:58:44+00:00\",\"description\":\"Abe en de Aardichman is een sfeervol verhaal over een jongetje dat zijn angst overwint met prachtige illustraties van Yke Reeder.\",\"breadcrumb\":{\"@id\":\"https:\/\/websjop.afuk.frl\/frl\/winkel\/abe-en-de-aardichman\/#breadcrumb\"},\"inLanguage\":\"fy-NL\",\"potentialAction\":[{\"@type\":\"ReadAction\",\"target\":[\"https:\/\/websjop.afuk.frl\/frl\/winkel\/abe-en-de-aardichman\/\"]}]},{\"@type\":\"ImageObject\",\"inLanguage\":\"fy-NL\",\"@id\":\"https:\/\/websjop.afuk.frl\/frl\/winkel\/abe-en-de-aardichman\/#primaryimage\",\"url\":\"https:\/\/websjop.afuk.frl\/wp-content\/uploads\/2022\/07\/Abe-en-de-aardichman-LR.jpg\",\"contentUrl\":\"https:\/\/websjop.afuk.frl\/wp-content\/uploads\/2022\/07\/Abe-en-de-aardichman-LR.jpg\",\"width\":1000,\"height\":1274,\"caption\":\"Abe en de aardichman\"},{\"@type\":\"BreadcrumbList\",\"@id\":\"https:\/\/websjop.afuk.frl\/frl\/winkel\/abe-en-de-aardichman\/#breadcrumb\",\"itemListElement\":[{\"@type\":\"ListItem\",\"position\":1,\"name\":\"Home\",\"item\":\"https:\/\/websjop.afuk.frl\/frl\/\"},{\"@type\":\"ListItem\",\"position\":2,\"name\":\"Winkel\",\"item\":\"https:\/\/websjop.afuk.frl\/nl\/winkel\/\"},{\"@type\":\"ListItem\",\"position\":3,\"name\":\"Abe en de Aardichman\"}]},{\"@type\":\"WebSite\",\"@id\":\"https:\/\/websjop.afuk.frl\/frl\/#website\",\"url\":\"https:\/\/websjop.afuk.frl\/frl\/\",\"name\":\"Af\u00fbk Websjop\",\"description\":\"\",\"potentialAction\":[{\"@type\":\"SearchAction\",\"target\":{\"@type\":\"EntryPoint\",\"urlTemplate\":\"https:\/\/websjop.afuk.frl\/frl\/?s={search_term_string}\"},\"query-input\":{\"@type\":\"PropertyValueSpecification\",\"valueRequired\":true,\"valueName\":\"search_term_string\"}}],\"inLanguage\":\"fy-NL\"}]}<\/script>\n<!-- \/ Yoast SEO plugin. -->","yoast_head_json":{"title":"Abe en de Aardichman &#8211; Af\u00fbk Websjop","description":"Abe en de Aardichman is een sfeervol verhaal over een jongetje dat zijn angst overwint met prachtige illustraties van Yke Reeder.","robots":{"index":"index","follow":"follow","max-snippet":"max-snippet:-1","max-image-preview":"max-image-preview:large","max-video-preview":"max-video-preview:-1"},"canonical":"https:\/\/websjop.afuk.frl\/frl\/winkel\/abe-en-de-aardichman\/","og_locale":"fy_NL","og_type":"article","og_title":"Abe en de Aardichman &#8211; Af\u00fbk Websjop","og_description":"Abe en de Aardichman is een sfeervol verhaal over een jongetje dat zijn angst overwint met prachtige illustraties van Yke Reeder.","og_url":"https:\/\/websjop.afuk.frl\/frl\/winkel\/abe-en-de-aardichman\/","og_site_name":"Af\u00fbk Websjop","article_modified_time":"2026-01-15T14:58:44+00:00","og_image":[{"width":1000,"height":1274,"url":"https:\/\/websjop.afuk.frl\/wp-content\/uploads\/2022\/07\/Abe-en-de-aardichman-LR.jpg","type":"image\/jpeg"}],"twitter_card":"summary_large_image","twitter_misc":{"Est. reading time":"4 minutes"},"schema":{"@context":"https:\/\/schema.org","@graph":[{"@type":"WebPage","@id":"https:\/\/websjop.afuk.frl\/frl\/winkel\/abe-en-de-aardichman\/","url":"https:\/\/websjop.afuk.frl\/frl\/winkel\/abe-en-de-aardichman\/","name":"Abe en de Aardichman &#8211; Af\u00fbk Websjop","isPartOf":{"@id":"https:\/\/websjop.afuk.frl\/frl\/#website"},"primaryImageOfPage":{"@id":"https:\/\/websjop.afuk.frl\/frl\/winkel\/abe-en-de-aardichman\/#primaryimage"},"image":{"@id":"https:\/\/websjop.afuk.frl\/frl\/winkel\/abe-en-de-aardichman\/#primaryimage"},"thumbnailUrl":"https:\/\/websjop.afuk.frl\/wp-content\/uploads\/2022\/07\/Abe-en-de-aardichman-LR.jpg","datePublished":"2022-07-22T06:33:14+00:00","dateModified":"2026-01-15T14:58:44+00:00","description":"Abe en de Aardichman is een sfeervol verhaal over een jongetje dat zijn angst overwint met prachtige illustraties van Yke Reeder.","breadcrumb":{"@id":"https:\/\/websjop.afuk.frl\/frl\/winkel\/abe-en-de-aardichman\/#breadcrumb"},"inLanguage":"fy-NL","potentialAction":[{"@type":"ReadAction","target":["https:\/\/websjop.afuk.frl\/frl\/winkel\/abe-en-de-aardichman\/"]}]},{"@type":"ImageObject","inLanguage":"fy-NL","@id":"https:\/\/websjop.afuk.frl\/frl\/winkel\/abe-en-de-aardichman\/#primaryimage","url":"https:\/\/websjop.afuk.frl\/wp-content\/uploads\/2022\/07\/Abe-en-de-aardichman-LR.jpg","contentUrl":"https:\/\/websjop.afuk.frl\/wp-content\/uploads\/2022\/07\/Abe-en-de-aardichman-LR.jpg","width":1000,"height":1274,"caption":"Abe en de aardichman"},{"@type":"BreadcrumbList","@id":"https:\/\/websjop.afuk.frl\/frl\/winkel\/abe-en-de-aardichman\/#breadcrumb","itemListElement":[{"@type":"ListItem","position":1,"name":"Home","item":"https:\/\/websjop.afuk.frl\/frl\/"},{"@type":"ListItem","position":2,"name":"Winkel","item":"https:\/\/websjop.afuk.frl\/nl\/winkel\/"},{"@type":"ListItem","position":3,"name":"Abe en de Aardichman"}]},{"@type":"WebSite","@id":"https:\/\/websjop.afuk.frl\/frl\/#website","url":"https:\/\/websjop.afuk.frl\/frl\/","name":"Af\u00fbk Websjop","description":"","potentialAction":[{"@type":"SearchAction","target":{"@type":"EntryPoint","urlTemplate":"https:\/\/websjop.afuk.frl\/frl\/?s={search_term_string}"},"query-input":{"@type":"PropertyValueSpecification","valueRequired":true,"valueName":"search_term_string"}}],"inLanguage":"fy-NL"}]}},"_links":{"self":[{"href":"https:\/\/websjop.afuk.frl\/frl\/wp-json\/wp\/v2\/product\/34721","targetHints":{"allow":["GET"]}}],"collection":[{"href":"https:\/\/websjop.afuk.frl\/frl\/wp-json\/wp\/v2\/product"}],"about":[{"href":"https:\/\/websjop.afuk.frl\/frl\/wp-json\/wp\/v2\/types\/product"}],"replies":[{"embeddable":true,"href":"https:\/\/websjop.afuk.frl\/frl\/wp-json\/wp\/v2\/comments?post=34721"}],"wp:featuredmedia":[{"embeddable":true,"href":"https:\/\/websjop.afuk.frl\/frl\/wp-json\/wp\/v2\/media\/34722"}],"wp:attachment":[{"href":"https:\/\/websjop.afuk.frl\/frl\/wp-json\/wp\/v2\/media?parent=34721"}],"wp:term":[{"taxonomy":"product_brand","embeddable":true,"href":"https:\/\/websjop.afuk.frl\/frl\/wp-json\/wp\/v2\/product_brand?post=34721"},{"taxonomy":"product_cat","embeddable":true,"href":"https:\/\/websjop.afuk.frl\/frl\/wp-json\/wp\/v2\/product_cat?post=34721"},{"taxonomy":"product_tag","embeddable":true,"href":"https:\/\/websjop.afuk.frl\/frl\/wp-json\/wp\/v2\/product_tag?post=34721"}],"curies":[{"name":"wp","href":"https:\/\/api.w.org\/{rel}","templated":true}]}}