{"id":34619,"date":"2022-07-14T13:55:54","date_gmt":"2022-07-14T12:55:54","guid":{"rendered":"https:\/\/websjop.afuk.frl\/nl\/?post_type=product&#038;p=34619"},"modified":"2026-04-01T15:13:05","modified_gmt":"2026-04-01T13:13:05","slug":"fryslan-yn-de-gouden-iuw-opfettingen-ideeen-ferbylding","status":"publish","type":"product","link":"https:\/\/websjop.afuk.frl\/frl\/winkel\/fryslan-yn-de-gouden-iuw-opfettingen-ideeen-ferbylding\/","title":{"rendered":"Frysl\u00e2n yn de Gouden Iuw &#8211; Opfettingen, Idee\u00ebn, Ferbylding"},"content":{"rendered":"<p>Hoe zag Frysl\u00e2n er in de Gouden Eeuw uit? Wat heeft tussen 1585 en 1685 het onderscheidende geweest van Frysl\u00e2n binnen de Republiek? Frysl\u00e2n onderscheidde zich van de andere gewesten door een eigen stadhouder, een bloeiende academie en door een taal.<\/p>\n<p>De Gouden Eeuw was voor Frysl\u00e2n een bloeiperiode welke nooit meer navolging kreeg.<\/p>\n<p>Phillippus Breuker (1939) was medewerker van de Fryske Akademy en hoogleraar aan de universiteiten van Leiden en Amsterdam. Hij publiceert over geschiedenis, letterkunde en landschap van Frysl\u00e2n.<\/p>\n","protected":false},"excerpt":{"rendered":"<p>Hoe zag Frysl\u00e2n er in de Gouden Eeuw uit? Wat heeft tussen 1585 en 1685 het onderscheidende geweest van Frysl\u00e2n binnen de Republiek? Frysl\u00e2n onderscheidde zich van de andere gewesten door een eigen stadhouder, een bloeiende academie en door een taal. De Gouden Eeuw was voor Frysl\u00e2n een bloeiperiode welke nooit meer navolging kreeg. Phillippus [&hellip;]<\/p>\n","protected":false},"featured_media":34620,"comment_status":"closed","ping_status":"closed","template":"","meta":{"_acf_changed":false},"product_brand":[],"product_cat":[1184,535,574,539],"product_tag":[21015,21014,5416,6410,6105],"class_list":{"0":"post-34619","1":"product","2":"type-product","3":"status-publish","4":"has-post-thumbnail","6":"product_cat-15-de-universiteit-yn-frjentsjer","7":"product_cat-fryske-boeken","8":"product_cat-oanbiedingen","9":"product_cat-skiednis","10":"product_tag-bloeiperiode","11":"product_tag-fryslan-yn-de-gouden-iuw","12":"product_tag-geschiedenis","13":"product_tag-philippus-breuker","14":"product_tag-skiednis","15":"product_shipping_class-pakketpost-verzending","16":"pa_auteur-philippus-breuker","17":"pa_isbn-21013","18":"pa_new-label-1-3","19":"pa_taal-frysk","20":"pa_uitgever-bornmeer","22":"first","23":"instock","24":"sale","25":"taxable","26":"shipping-taxable","27":"purchasable","28":"product-type-simple"},"acf":[],"yoast_head":"<!-- This site is optimized with the Yoast SEO plugin v27.3 - https:\/\/yoast.com\/product\/yoast-seo-wordpress\/ -->\n<title>Frysl\u00e2n yn de Gouden Iuw - Opfettingen, Idee\u00ebn, Ferbylding &#8211; Af\u00fbk Websjop<\/title>\n<meta name=\"description\" content=\"Hoe zag Frysl\u00e2n er in de Gouden Eeuw uit? Wat heeft tussen 1585 en 1685 het onderscheidende geweest van Frysl\u00e2n binnen de Republiek?\" \/>\n<meta name=\"robots\" content=\"index, follow, max-snippet:-1, max-image-preview:large, max-video-preview:-1\" \/>\n<link rel=\"canonical\" href=\"https:\/\/websjop.afuk.frl\/frl\/winkel\/fryslan-yn-de-gouden-iuw-opfettingen-ideeen-ferbylding\/\" \/>\n<meta property=\"og:locale\" content=\"fy_NL\" \/>\n<meta property=\"og:type\" content=\"article\" \/>\n<meta property=\"og:title\" content=\"Frysl\u00e2n yn de Gouden Iuw - Opfettingen, Idee\u00ebn, Ferbylding &#8211; Af\u00fbk Websjop\" \/>\n<meta property=\"og:description\" content=\"Hoe zag Frysl\u00e2n er in de Gouden Eeuw uit? Wat heeft tussen 1585 en 1685 het onderscheidende geweest van Frysl\u00e2n binnen de Republiek?\" \/>\n<meta property=\"og:url\" content=\"https:\/\/websjop.afuk.frl\/frl\/winkel\/fryslan-yn-de-gouden-iuw-opfettingen-ideeen-ferbylding\/\" \/>\n<meta property=\"og:site_name\" content=\"Af\u00fbk Websjop\" \/>\n<meta property=\"article:modified_time\" content=\"2026-04-01T13:13:05+00:00\" \/>\n<meta property=\"og:image\" content=\"https:\/\/websjop.afuk.frl\/wp-content\/uploads\/2022\/07\/Fryslan-yn-de-Gouden-Iuw.jpg\" \/>\n\t<meta property=\"og:image:width\" content=\"510\" \/>\n\t<meta property=\"og:image:height\" content=\"657\" \/>\n\t<meta property=\"og:image:type\" content=\"image\/jpeg\" \/>\n<meta name=\"twitter:card\" content=\"summary_large_image\" \/>\n<meta name=\"twitter:label1\" content=\"Est. reading time\" \/>\n\t<meta name=\"twitter:data1\" content=\"2 minutes\" \/>\n<script type=\"application\/ld+json\" class=\"yoast-schema-graph\">{\"@context\":\"https:\\\/\\\/schema.org\",\"@graph\":[{\"@type\":\"WebPage\",\"@id\":\"https:\\\/\\\/websjop.afuk.frl\\\/frl\\\/winkel\\\/fryslan-yn-de-gouden-iuw-opfettingen-ideeen-ferbylding\\\/\",\"url\":\"https:\\\/\\\/websjop.afuk.frl\\\/frl\\\/winkel\\\/fryslan-yn-de-gouden-iuw-opfettingen-ideeen-ferbylding\\\/\",\"name\":\"Frysl\u00e2n yn de Gouden Iuw - Opfettingen, Idee\u00ebn, Ferbylding &#8211; Af\u00fbk Websjop\",\"isPartOf\":{\"@id\":\"https:\\\/\\\/websjop.afuk.frl\\\/frl\\\/#website\"},\"primaryImageOfPage\":{\"@id\":\"https:\\\/\\\/websjop.afuk.frl\\\/frl\\\/winkel\\\/fryslan-yn-de-gouden-iuw-opfettingen-ideeen-ferbylding\\\/#primaryimage\"},\"image\":{\"@id\":\"https:\\\/\\\/websjop.afuk.frl\\\/frl\\\/winkel\\\/fryslan-yn-de-gouden-iuw-opfettingen-ideeen-ferbylding\\\/#primaryimage\"},\"thumbnailUrl\":\"https:\\\/\\\/websjop.afuk.frl\\\/wp-content\\\/uploads\\\/2022\\\/07\\\/Fryslan-yn-de-Gouden-Iuw.jpg\",\"datePublished\":\"2022-07-14T12:55:54+00:00\",\"dateModified\":\"2026-04-01T13:13:05+00:00\",\"description\":\"Hoe zag Frysl\u00e2n er in de Gouden Eeuw uit? Wat heeft tussen 1585 en 1685 het onderscheidende geweest van Frysl\u00e2n binnen de Republiek?\",\"breadcrumb\":{\"@id\":\"https:\\\/\\\/websjop.afuk.frl\\\/frl\\\/winkel\\\/fryslan-yn-de-gouden-iuw-opfettingen-ideeen-ferbylding\\\/#breadcrumb\"},\"inLanguage\":\"fy-NL\",\"potentialAction\":[{\"@type\":\"ReadAction\",\"target\":[\"https:\\\/\\\/websjop.afuk.frl\\\/frl\\\/winkel\\\/fryslan-yn-de-gouden-iuw-opfettingen-ideeen-ferbylding\\\/\"]}]},{\"@type\":\"ImageObject\",\"inLanguage\":\"fy-NL\",\"@id\":\"https:\\\/\\\/websjop.afuk.frl\\\/frl\\\/winkel\\\/fryslan-yn-de-gouden-iuw-opfettingen-ideeen-ferbylding\\\/#primaryimage\",\"url\":\"https:\\\/\\\/websjop.afuk.frl\\\/wp-content\\\/uploads\\\/2022\\\/07\\\/Fryslan-yn-de-Gouden-Iuw.jpg\",\"contentUrl\":\"https:\\\/\\\/websjop.afuk.frl\\\/wp-content\\\/uploads\\\/2022\\\/07\\\/Fryslan-yn-de-Gouden-Iuw.jpg\",\"width\":510,\"height\":657,\"caption\":\"Frysl\u00e2n yn de Gouden Iuw\"},{\"@type\":\"BreadcrumbList\",\"@id\":\"https:\\\/\\\/websjop.afuk.frl\\\/frl\\\/winkel\\\/fryslan-yn-de-gouden-iuw-opfettingen-ideeen-ferbylding\\\/#breadcrumb\",\"itemListElement\":[{\"@type\":\"ListItem\",\"position\":1,\"name\":\"Home\",\"item\":\"https:\\\/\\\/websjop.afuk.frl\\\/frl\\\/\"},{\"@type\":\"ListItem\",\"position\":2,\"name\":\"Winkel\",\"item\":\"https:\\\/\\\/websjop.afuk.frl\\\/nl\\\/winkel\\\/\"},{\"@type\":\"ListItem\",\"position\":3,\"name\":\"Frysl\u00e2n yn de Gouden Iuw &#8211; Opfettingen, Idee\u00ebn, Ferbylding\"}]},{\"@type\":\"WebSite\",\"@id\":\"https:\\\/\\\/websjop.afuk.frl\\\/frl\\\/#website\",\"url\":\"https:\\\/\\\/websjop.afuk.frl\\\/frl\\\/\",\"name\":\"Af\u00fbk Websjop\",\"description\":\"\",\"potentialAction\":[{\"@type\":\"SearchAction\",\"target\":{\"@type\":\"EntryPoint\",\"urlTemplate\":\"https:\\\/\\\/websjop.afuk.frl\\\/frl\\\/?s={search_term_string}\"},\"query-input\":{\"@type\":\"PropertyValueSpecification\",\"valueRequired\":true,\"valueName\":\"search_term_string\"}}],\"inLanguage\":\"fy-NL\"}]}<\/script>\n<!-- \/ Yoast SEO plugin. -->","yoast_head_json":{"title":"Frysl\u00e2n yn de Gouden Iuw - Opfettingen, Idee\u00ebn, Ferbylding &#8211; Af\u00fbk Websjop","description":"Hoe zag Frysl\u00e2n er in de Gouden Eeuw uit? Wat heeft tussen 1585 en 1685 het onderscheidende geweest van Frysl\u00e2n binnen de Republiek?","robots":{"index":"index","follow":"follow","max-snippet":"max-snippet:-1","max-image-preview":"max-image-preview:large","max-video-preview":"max-video-preview:-1"},"canonical":"https:\/\/websjop.afuk.frl\/frl\/winkel\/fryslan-yn-de-gouden-iuw-opfettingen-ideeen-ferbylding\/","og_locale":"fy_NL","og_type":"article","og_title":"Frysl\u00e2n yn de Gouden Iuw - Opfettingen, Idee\u00ebn, Ferbylding &#8211; Af\u00fbk Websjop","og_description":"Hoe zag Frysl\u00e2n er in de Gouden Eeuw uit? Wat heeft tussen 1585 en 1685 het onderscheidende geweest van Frysl\u00e2n binnen de Republiek?","og_url":"https:\/\/websjop.afuk.frl\/frl\/winkel\/fryslan-yn-de-gouden-iuw-opfettingen-ideeen-ferbylding\/","og_site_name":"Af\u00fbk Websjop","article_modified_time":"2026-04-01T13:13:05+00:00","og_image":[{"width":510,"height":657,"url":"https:\/\/websjop.afuk.frl\/wp-content\/uploads\/2022\/07\/Fryslan-yn-de-Gouden-Iuw.jpg","type":"image\/jpeg"}],"twitter_card":"summary_large_image","twitter_misc":{"Est. reading time":"2 minutes"},"schema":{"@context":"https:\/\/schema.org","@graph":[{"@type":"WebPage","@id":"https:\/\/websjop.afuk.frl\/frl\/winkel\/fryslan-yn-de-gouden-iuw-opfettingen-ideeen-ferbylding\/","url":"https:\/\/websjop.afuk.frl\/frl\/winkel\/fryslan-yn-de-gouden-iuw-opfettingen-ideeen-ferbylding\/","name":"Frysl\u00e2n yn de Gouden Iuw - Opfettingen, Idee\u00ebn, Ferbylding &#8211; Af\u00fbk Websjop","isPartOf":{"@id":"https:\/\/websjop.afuk.frl\/frl\/#website"},"primaryImageOfPage":{"@id":"https:\/\/websjop.afuk.frl\/frl\/winkel\/fryslan-yn-de-gouden-iuw-opfettingen-ideeen-ferbylding\/#primaryimage"},"image":{"@id":"https:\/\/websjop.afuk.frl\/frl\/winkel\/fryslan-yn-de-gouden-iuw-opfettingen-ideeen-ferbylding\/#primaryimage"},"thumbnailUrl":"https:\/\/websjop.afuk.frl\/wp-content\/uploads\/2022\/07\/Fryslan-yn-de-Gouden-Iuw.jpg","datePublished":"2022-07-14T12:55:54+00:00","dateModified":"2026-04-01T13:13:05+00:00","description":"Hoe zag Frysl\u00e2n er in de Gouden Eeuw uit? Wat heeft tussen 1585 en 1685 het onderscheidende geweest van Frysl\u00e2n binnen de Republiek?","breadcrumb":{"@id":"https:\/\/websjop.afuk.frl\/frl\/winkel\/fryslan-yn-de-gouden-iuw-opfettingen-ideeen-ferbylding\/#breadcrumb"},"inLanguage":"fy-NL","potentialAction":[{"@type":"ReadAction","target":["https:\/\/websjop.afuk.frl\/frl\/winkel\/fryslan-yn-de-gouden-iuw-opfettingen-ideeen-ferbylding\/"]}]},{"@type":"ImageObject","inLanguage":"fy-NL","@id":"https:\/\/websjop.afuk.frl\/frl\/winkel\/fryslan-yn-de-gouden-iuw-opfettingen-ideeen-ferbylding\/#primaryimage","url":"https:\/\/websjop.afuk.frl\/wp-content\/uploads\/2022\/07\/Fryslan-yn-de-Gouden-Iuw.jpg","contentUrl":"https:\/\/websjop.afuk.frl\/wp-content\/uploads\/2022\/07\/Fryslan-yn-de-Gouden-Iuw.jpg","width":510,"height":657,"caption":"Frysl\u00e2n yn de Gouden Iuw"},{"@type":"BreadcrumbList","@id":"https:\/\/websjop.afuk.frl\/frl\/winkel\/fryslan-yn-de-gouden-iuw-opfettingen-ideeen-ferbylding\/#breadcrumb","itemListElement":[{"@type":"ListItem","position":1,"name":"Home","item":"https:\/\/websjop.afuk.frl\/frl\/"},{"@type":"ListItem","position":2,"name":"Winkel","item":"https:\/\/websjop.afuk.frl\/nl\/winkel\/"},{"@type":"ListItem","position":3,"name":"Frysl\u00e2n yn de Gouden Iuw &#8211; Opfettingen, Idee\u00ebn, Ferbylding"}]},{"@type":"WebSite","@id":"https:\/\/websjop.afuk.frl\/frl\/#website","url":"https:\/\/websjop.afuk.frl\/frl\/","name":"Af\u00fbk Websjop","description":"","potentialAction":[{"@type":"SearchAction","target":{"@type":"EntryPoint","urlTemplate":"https:\/\/websjop.afuk.frl\/frl\/?s={search_term_string}"},"query-input":{"@type":"PropertyValueSpecification","valueRequired":true,"valueName":"search_term_string"}}],"inLanguage":"fy-NL"}]}},"_links":{"self":[{"href":"https:\/\/websjop.afuk.frl\/frl\/wp-json\/wp\/v2\/product\/34619","targetHints":{"allow":["GET"]}}],"collection":[{"href":"https:\/\/websjop.afuk.frl\/frl\/wp-json\/wp\/v2\/product"}],"about":[{"href":"https:\/\/websjop.afuk.frl\/frl\/wp-json\/wp\/v2\/types\/product"}],"replies":[{"embeddable":true,"href":"https:\/\/websjop.afuk.frl\/frl\/wp-json\/wp\/v2\/comments?post=34619"}],"wp:featuredmedia":[{"embeddable":true,"href":"https:\/\/websjop.afuk.frl\/frl\/wp-json\/wp\/v2\/media\/34620"}],"wp:attachment":[{"href":"https:\/\/websjop.afuk.frl\/frl\/wp-json\/wp\/v2\/media?parent=34619"}],"wp:term":[{"taxonomy":"product_brand","embeddable":true,"href":"https:\/\/websjop.afuk.frl\/frl\/wp-json\/wp\/v2\/product_brand?post=34619"},{"taxonomy":"product_cat","embeddable":true,"href":"https:\/\/websjop.afuk.frl\/frl\/wp-json\/wp\/v2\/product_cat?post=34619"},{"taxonomy":"product_tag","embeddable":true,"href":"https:\/\/websjop.afuk.frl\/frl\/wp-json\/wp\/v2\/product_tag?post=34619"}],"curies":[{"name":"wp","href":"https:\/\/api.w.org\/{rel}","templated":true}]}}