{"id":34357,"date":"2022-09-01T13:26:18","date_gmt":"2022-09-01T12:26:18","guid":{"rendered":"https:\/\/websjop.afuk.frl\/nl\/?post_type=product&#038;p=34357"},"modified":"2025-09-08T09:56:47","modified_gmt":"2025-09-08T07:56:47","slug":"it-is-de-gruffalo","status":"publish","type":"product","link":"https:\/\/websjop.afuk.frl\/frl\/winkel\/it-is-de-gruffalo\/","title":{"rendered":"It is de Gruffalo!"},"content":{"rendered":"<p>Wie is op stap in het grote donkere bos?<\/p>\n<p>Het is M\u00fbs en hij treft daar een vos, een uil, in slang en&#8230; O help! O nee! Het is de Gruffalo! Kun jij M\u00fbs helpe?<\/p>\n<p>Kartonboekje met vingerpopje.<\/p>\n<p><a href=\"https:\/\/youtu.be\/hPKeSfNji1Y\" target=\"_blank\" rel=\"noopener\">Bekijk hier een filmpje<\/a> om de binnenkant van het boek te bekijken.<\/p>\n<hr \/>\n<p><em>Maaike: Op het eerste oog is dit geen boekje dat ik snel zou kopen. <\/em><em>Vooral door het (voor mij en Redmar) niet herkenbare monster op de voorkant van het boek. <\/em><em>Toen ik het boekje voor het eerst begon te lezen met Redmar was het echter een heel groot succes! <\/em><em>Vooral door de interactie die je hebt met het stoffen musje. <\/em><em>Dat is echt een hele leuke toevoeging van het boekje. <\/em><em>Je kunt de muis van alles laten doen.\u00a0 <\/em><em>Redmar probeert steeds vaker of het hem ook al lukt de muis te laten bewegen en hij pakt het boekje er steeds weer bij. <\/em><\/p>\n<p><em>Het boekje is ook een mooie hulp voor kinderen die woordjes aan het leren zijn. <\/em><em>Door de mooie plaatjes in het boek kunnen er zomaar weer een paar dieren, die ze (misschien) niet elke dag zien, worden toegevoegd aan hun vocabulaire. <\/em><em>Daarnaast is het bewegen van het muisje ook goed voor de motorische ontwikkeling.<\/em><\/p>\n<p><em><a href=\"https:\/\/heitenmem.nl\/artikel\/24674\/de-resinsje-fan-maaike-it-is-de-gruffalo\/\" target=\"_blank\" rel=\"noopener\">Lees hier de volledige recensie van Maaike<\/a><\/em><\/p>\n<p><em>Melenie: \u2018It is de Gruffalo\u2019, misschien beter bekend bij de iets grotere kindjes, maar nu ook in een exemplaar voor de allerkleinsten! Een Fries prentenboek met harde kaft, dikke bladzijdes en een superleuk muisje als vingerpoppetje. Meteen bij het aanreiken van het boek werd het muisje bekeken. Eigenlijk net als op elke bladzijde, het muisje werd geaaid, de vinger werd erin gestopt of hij werd gewoon vastgehouden. Dit geeft het boek toch net een andere beleving!<\/em><\/p>\n<p><em><a href=\"https:\/\/heitenmem.nl\/artikel\/24692\/de-recensie-van-melanie-it-is-de-gruffalo\/\">Lees hier de volledige recensie van Melenie<\/a><\/em><\/p>\n","protected":false},"excerpt":{"rendered":"<p>Wie is op stap in het grote donkere bos? Het is M\u00fbs en hij treft daar een vos, een uil, in slang en&#8230; O help! O nee! Het is de Gruffalo! Kun jij M\u00fbs helpe? Kartonboekje met vingerpopje. Bekijk hier een filmpje om de binnenkant van het boek te bekijken. Maaike: Op het eerste oog [&hellip;]<\/p>\n","protected":false},"featured_media":34358,"comment_status":"closed","ping_status":"closed","template":"","meta":{"_acf_changed":false},"product_brand":[],"product_cat":[1213,549,535,16955,21380,21286,22355],"product_tag":[20945,20944,20943,20055,6235],"class_list":{"0":"post-34357","1":"product","2":"type-product","3":"status-publish","4":"has-post-thumbnail","6":"product_cat-berne-en-jeugdboeken","7":"product_cat-berneboeken-0-tot-4-jaar","8":"product_cat-fryske-boeken","9":"product_cat-herfst","10":"product_cat-sinteklaas-kadotips","11":"product_cat-skoechkadootsjes","12":"product_cat-hjerst","13":"product_tag-donker-bosk","14":"product_tag-fingerpopke","15":"product_tag-it-is-de-gruffalo","16":"product_tag-julia-donaldson","17":"product_tag-kartonboekje","18":"product_shipping_class-brievenbus-verzending","19":"pa_auteur-julia-donaldson-2","20":"pa_isbn-20942","21":"pa_new-label-1-3","22":"pa_taal-frysk","23":"pa_uitgever-afuk","25":"first","26":"instock","27":"taxable","28":"shipping-taxable","29":"purchasable","30":"product-type-simple"},"acf":[],"yoast_head":"<!-- This site is optimized with the Yoast SEO plugin v27.3 - https:\/\/yoast.com\/product\/yoast-seo-wordpress\/ -->\n<title>It is de Gruffalo! &#8211; Af\u00fbk Websjop<\/title>\n<meta name=\"description\" content=\"Wie is op stap in het grote donkere bos? Het is M\u00fbs en hij treft daar een vos, een uil, in slang en... O help! O nee! Het is de Gruffalo! Kun jij M\u00fbs helpe?\" \/>\n<meta name=\"robots\" content=\"index, follow, max-snippet:-1, max-image-preview:large, max-video-preview:-1\" \/>\n<link rel=\"canonical\" href=\"https:\/\/websjop.afuk.frl\/frl\/winkel\/it-is-de-gruffalo\/\" \/>\n<meta property=\"og:locale\" content=\"fy_NL\" \/>\n<meta property=\"og:type\" content=\"article\" \/>\n<meta property=\"og:title\" content=\"It is de Gruffalo! &#8211; Af\u00fbk Websjop\" \/>\n<meta property=\"og:description\" content=\"Wie is op stap in het grote donkere bos? Het is M\u00fbs en hij treft daar een vos, een uil, in slang en... O help! O nee! Het is de Gruffalo! Kun jij M\u00fbs helpe?\" \/>\n<meta property=\"og:url\" content=\"https:\/\/websjop.afuk.frl\/frl\/winkel\/it-is-de-gruffalo\/\" \/>\n<meta property=\"og:site_name\" content=\"Af\u00fbk Websjop\" \/>\n<meta property=\"article:modified_time\" content=\"2025-09-08T07:56:47+00:00\" \/>\n<meta property=\"og:image\" content=\"https:\/\/websjop.afuk.frl\/wp-content\/uploads\/2022\/06\/It-is-de-Gruffalo-LR.jpg\" \/>\n\t<meta property=\"og:image:width\" content=\"1000\" \/>\n\t<meta property=\"og:image:height\" content=\"707\" \/>\n\t<meta property=\"og:image:type\" content=\"image\/jpeg\" \/>\n<meta name=\"twitter:card\" content=\"summary_large_image\" \/>\n<meta name=\"twitter:label1\" content=\"Est. reading time\" \/>\n\t<meta name=\"twitter:data1\" content=\"1 minute\" \/>\n<script type=\"application\/ld+json\" class=\"yoast-schema-graph\">{\"@context\":\"https:\\\/\\\/schema.org\",\"@graph\":[{\"@type\":\"WebPage\",\"@id\":\"https:\\\/\\\/websjop.afuk.frl\\\/frl\\\/winkel\\\/it-is-de-gruffalo\\\/\",\"url\":\"https:\\\/\\\/websjop.afuk.frl\\\/frl\\\/winkel\\\/it-is-de-gruffalo\\\/\",\"name\":\"It is de Gruffalo! &#8211; Af\u00fbk Websjop\",\"isPartOf\":{\"@id\":\"https:\\\/\\\/websjop.afuk.frl\\\/frl\\\/#website\"},\"primaryImageOfPage\":{\"@id\":\"https:\\\/\\\/websjop.afuk.frl\\\/frl\\\/winkel\\\/it-is-de-gruffalo\\\/#primaryimage\"},\"image\":{\"@id\":\"https:\\\/\\\/websjop.afuk.frl\\\/frl\\\/winkel\\\/it-is-de-gruffalo\\\/#primaryimage\"},\"thumbnailUrl\":\"https:\\\/\\\/websjop.afuk.frl\\\/wp-content\\\/uploads\\\/2022\\\/06\\\/It-is-de-Gruffalo-LR.jpg\",\"datePublished\":\"2022-09-01T12:26:18+00:00\",\"dateModified\":\"2025-09-08T07:56:47+00:00\",\"description\":\"Wie is op stap in het grote donkere bos? Het is M\u00fbs en hij treft daar een vos, een uil, in slang en... O help! O nee! Het is de Gruffalo! Kun jij M\u00fbs helpe?\",\"breadcrumb\":{\"@id\":\"https:\\\/\\\/websjop.afuk.frl\\\/frl\\\/winkel\\\/it-is-de-gruffalo\\\/#breadcrumb\"},\"inLanguage\":\"fy-NL\",\"potentialAction\":[{\"@type\":\"ReadAction\",\"target\":[\"https:\\\/\\\/websjop.afuk.frl\\\/frl\\\/winkel\\\/it-is-de-gruffalo\\\/\"]}]},{\"@type\":\"ImageObject\",\"inLanguage\":\"fy-NL\",\"@id\":\"https:\\\/\\\/websjop.afuk.frl\\\/frl\\\/winkel\\\/it-is-de-gruffalo\\\/#primaryimage\",\"url\":\"https:\\\/\\\/websjop.afuk.frl\\\/wp-content\\\/uploads\\\/2022\\\/06\\\/It-is-de-Gruffalo-LR.jpg\",\"contentUrl\":\"https:\\\/\\\/websjop.afuk.frl\\\/wp-content\\\/uploads\\\/2022\\\/06\\\/It-is-de-Gruffalo-LR.jpg\",\"width\":1000,\"height\":707,\"caption\":\"It is de Gruffalo\"},{\"@type\":\"BreadcrumbList\",\"@id\":\"https:\\\/\\\/websjop.afuk.frl\\\/frl\\\/winkel\\\/it-is-de-gruffalo\\\/#breadcrumb\",\"itemListElement\":[{\"@type\":\"ListItem\",\"position\":1,\"name\":\"Home\",\"item\":\"https:\\\/\\\/websjop.afuk.frl\\\/frl\\\/\"},{\"@type\":\"ListItem\",\"position\":2,\"name\":\"Winkel\",\"item\":\"https:\\\/\\\/websjop.afuk.frl\\\/nl\\\/winkel\\\/\"},{\"@type\":\"ListItem\",\"position\":3,\"name\":\"It is de Gruffalo!\"}]},{\"@type\":\"WebSite\",\"@id\":\"https:\\\/\\\/websjop.afuk.frl\\\/frl\\\/#website\",\"url\":\"https:\\\/\\\/websjop.afuk.frl\\\/frl\\\/\",\"name\":\"Af\u00fbk Websjop\",\"description\":\"\",\"potentialAction\":[{\"@type\":\"SearchAction\",\"target\":{\"@type\":\"EntryPoint\",\"urlTemplate\":\"https:\\\/\\\/websjop.afuk.frl\\\/frl\\\/?s={search_term_string}\"},\"query-input\":{\"@type\":\"PropertyValueSpecification\",\"valueRequired\":true,\"valueName\":\"search_term_string\"}}],\"inLanguage\":\"fy-NL\"}]}<\/script>\n<!-- \/ Yoast SEO plugin. -->","yoast_head_json":{"title":"It is de Gruffalo! &#8211; Af\u00fbk Websjop","description":"Wie is op stap in het grote donkere bos? Het is M\u00fbs en hij treft daar een vos, een uil, in slang en... O help! O nee! Het is de Gruffalo! Kun jij M\u00fbs helpe?","robots":{"index":"index","follow":"follow","max-snippet":"max-snippet:-1","max-image-preview":"max-image-preview:large","max-video-preview":"max-video-preview:-1"},"canonical":"https:\/\/websjop.afuk.frl\/frl\/winkel\/it-is-de-gruffalo\/","og_locale":"fy_NL","og_type":"article","og_title":"It is de Gruffalo! &#8211; Af\u00fbk Websjop","og_description":"Wie is op stap in het grote donkere bos? Het is M\u00fbs en hij treft daar een vos, een uil, in slang en... O help! O nee! Het is de Gruffalo! Kun jij M\u00fbs helpe?","og_url":"https:\/\/websjop.afuk.frl\/frl\/winkel\/it-is-de-gruffalo\/","og_site_name":"Af\u00fbk Websjop","article_modified_time":"2025-09-08T07:56:47+00:00","og_image":[{"width":1000,"height":707,"url":"https:\/\/websjop.afuk.frl\/wp-content\/uploads\/2022\/06\/It-is-de-Gruffalo-LR.jpg","type":"image\/jpeg"}],"twitter_card":"summary_large_image","twitter_misc":{"Est. reading time":"1 minute"},"schema":{"@context":"https:\/\/schema.org","@graph":[{"@type":"WebPage","@id":"https:\/\/websjop.afuk.frl\/frl\/winkel\/it-is-de-gruffalo\/","url":"https:\/\/websjop.afuk.frl\/frl\/winkel\/it-is-de-gruffalo\/","name":"It is de Gruffalo! &#8211; Af\u00fbk Websjop","isPartOf":{"@id":"https:\/\/websjop.afuk.frl\/frl\/#website"},"primaryImageOfPage":{"@id":"https:\/\/websjop.afuk.frl\/frl\/winkel\/it-is-de-gruffalo\/#primaryimage"},"image":{"@id":"https:\/\/websjop.afuk.frl\/frl\/winkel\/it-is-de-gruffalo\/#primaryimage"},"thumbnailUrl":"https:\/\/websjop.afuk.frl\/wp-content\/uploads\/2022\/06\/It-is-de-Gruffalo-LR.jpg","datePublished":"2022-09-01T12:26:18+00:00","dateModified":"2025-09-08T07:56:47+00:00","description":"Wie is op stap in het grote donkere bos? Het is M\u00fbs en hij treft daar een vos, een uil, in slang en... O help! O nee! Het is de Gruffalo! Kun jij M\u00fbs helpe?","breadcrumb":{"@id":"https:\/\/websjop.afuk.frl\/frl\/winkel\/it-is-de-gruffalo\/#breadcrumb"},"inLanguage":"fy-NL","potentialAction":[{"@type":"ReadAction","target":["https:\/\/websjop.afuk.frl\/frl\/winkel\/it-is-de-gruffalo\/"]}]},{"@type":"ImageObject","inLanguage":"fy-NL","@id":"https:\/\/websjop.afuk.frl\/frl\/winkel\/it-is-de-gruffalo\/#primaryimage","url":"https:\/\/websjop.afuk.frl\/wp-content\/uploads\/2022\/06\/It-is-de-Gruffalo-LR.jpg","contentUrl":"https:\/\/websjop.afuk.frl\/wp-content\/uploads\/2022\/06\/It-is-de-Gruffalo-LR.jpg","width":1000,"height":707,"caption":"It is de Gruffalo"},{"@type":"BreadcrumbList","@id":"https:\/\/websjop.afuk.frl\/frl\/winkel\/it-is-de-gruffalo\/#breadcrumb","itemListElement":[{"@type":"ListItem","position":1,"name":"Home","item":"https:\/\/websjop.afuk.frl\/frl\/"},{"@type":"ListItem","position":2,"name":"Winkel","item":"https:\/\/websjop.afuk.frl\/nl\/winkel\/"},{"@type":"ListItem","position":3,"name":"It is de Gruffalo!"}]},{"@type":"WebSite","@id":"https:\/\/websjop.afuk.frl\/frl\/#website","url":"https:\/\/websjop.afuk.frl\/frl\/","name":"Af\u00fbk Websjop","description":"","potentialAction":[{"@type":"SearchAction","target":{"@type":"EntryPoint","urlTemplate":"https:\/\/websjop.afuk.frl\/frl\/?s={search_term_string}"},"query-input":{"@type":"PropertyValueSpecification","valueRequired":true,"valueName":"search_term_string"}}],"inLanguage":"fy-NL"}]}},"_links":{"self":[{"href":"https:\/\/websjop.afuk.frl\/frl\/wp-json\/wp\/v2\/product\/34357","targetHints":{"allow":["GET"]}}],"collection":[{"href":"https:\/\/websjop.afuk.frl\/frl\/wp-json\/wp\/v2\/product"}],"about":[{"href":"https:\/\/websjop.afuk.frl\/frl\/wp-json\/wp\/v2\/types\/product"}],"replies":[{"embeddable":true,"href":"https:\/\/websjop.afuk.frl\/frl\/wp-json\/wp\/v2\/comments?post=34357"}],"wp:featuredmedia":[{"embeddable":true,"href":"https:\/\/websjop.afuk.frl\/frl\/wp-json\/wp\/v2\/media\/34358"}],"wp:attachment":[{"href":"https:\/\/websjop.afuk.frl\/frl\/wp-json\/wp\/v2\/media?parent=34357"}],"wp:term":[{"taxonomy":"product_brand","embeddable":true,"href":"https:\/\/websjop.afuk.frl\/frl\/wp-json\/wp\/v2\/product_brand?post=34357"},{"taxonomy":"product_cat","embeddable":true,"href":"https:\/\/websjop.afuk.frl\/frl\/wp-json\/wp\/v2\/product_cat?post=34357"},{"taxonomy":"product_tag","embeddable":true,"href":"https:\/\/websjop.afuk.frl\/frl\/wp-json\/wp\/v2\/product_tag?post=34357"}],"curies":[{"name":"wp","href":"https:\/\/api.w.org\/{rel}","templated":true}]}}