{"id":33084,"date":"2012-03-11T11:17:04","date_gmt":"2012-03-11T10:17:04","guid":{"rendered":"https:\/\/websjop.afuk.frl\/nl\/?post_type=product&#038;p=33084"},"modified":"2026-03-03T12:46:56","modified_gmt":"2026-03-03T11:46:56","slug":"in-brulloft-yn-e-walden-en-oare-wiere-forhalen","status":"publish","type":"product","link":"https:\/\/websjop.afuk.frl\/frl\/winkel\/in-brulloft-yn-e-walden-en-oare-wiere-forhalen\/","title":{"rendered":"In brulloft yn &#8216;e W\u00e2lden en oare wiere forhalen"},"content":{"rendered":"<p>De bundel <em>In brulloft yn &#8216;e<\/em> W\u00e2lden is een keuze uit de beste prozastukken van Tsjibbe Gearts van der Meulen en uitgegeven ter gelegenheid van zijn 150e geboortejaar. Samenstellers waren Freark Dam en Ype Poortinga, zij noemden hem naast Waling Dykstra de belangrijkste volksschrijver van zijn generatie. In zijn ware verhalen is de schrijver op zijn best. Hij geeft ook een schat aan informatie over hemzelf en zijn eigen geestelijke ontwikkeling, maar vooral op het gebied van cultuurgeschiedenis en volkskunde uit de 19e eeuw. Er zit actie genoeg in, zelfs de &#8216;thriller&#8217;-achtige elementen ontbreken niet.<\/p>\n<p>Dit boek is de herdruk van de eerste druk uit 1974. Het boek is in de oude spelling gelaten.<\/p>\n<p>&nbsp;<\/p>\n","protected":false},"excerpt":{"rendered":"<p>De bundel In brulloft yn &#8216;e W\u00e2lden is een keuze uit de beste prozastukken van Tsjibbe Gearts van der Meulen en uitgegeven ter gelegenheid van zijn 150e geboortejaar. Samenstellers waren Freark Dam en Ype Poortinga, zij noemden hem naast Waling Dykstra de belangrijkste volksschrijver van zijn generatie. In zijn ware verhalen is de schrijver op [&hellip;]<\/p>\n","protected":false},"featured_media":33085,"comment_status":"closed","ping_status":"closed","template":"","meta":{"_acf_changed":false},"product_brand":[],"product_cat":[1040,535,1215],"product_tag":[5325,20453,8628,20450,20451,20452,16940],"class_list":{"0":"post-33084","1":"product","2":"type-product","3":"status-publish","4":"has-post-thumbnail","6":"product_cat-ferhalebondels","7":"product_cat-fryske-boeken","8":"product_cat-romans-en-literatuer","9":"product_tag-ferhalen","10":"product_tag-folkskunde","11":"product_tag-humor","12":"product_tag-in-brulloft-yn-e-walden","13":"product_tag-tsjibbe-gearts-van-der-meulen","14":"product_tag-volksskriuwerij","15":"product_tag-volksverhalen","16":"product_shipping_class-brievenbus-verzending","17":"pa_auteur-tsjibbe-gearts-van-der-meulen","18":"pa_isbn-20449","19":"pa_taal-frysk","20":"pa_uitgever-elikser","22":"first","23":"outofstock","24":"taxable","25":"shipping-taxable","26":"purchasable","27":"product-type-simple"},"acf":[],"yoast_head":"<!-- This site is optimized with the Yoast SEO plugin v27.3 - https:\/\/yoast.com\/product\/yoast-seo-wordpress\/ -->\n<title>In brulloft yn &#039;e W\u00e2lden en oare wiere forhalen &#8211; Af\u00fbk Websjop<\/title>\n<meta name=\"description\" content=\"De bundel In brulloft yn &#039;e W\u00e2lden is een keuze uit de beste prozastukken van Tsjibbe Gearts v.d Meulen en hierin is de 19e eeuwse schrijver op z&#039;n best.\" \/>\n<meta name=\"robots\" content=\"index, follow, max-snippet:-1, max-image-preview:large, max-video-preview:-1\" \/>\n<link rel=\"canonical\" href=\"https:\/\/websjop.afuk.frl\/frl\/winkel\/in-brulloft-yn-e-walden-en-oare-wiere-forhalen\/\" \/>\n<meta property=\"og:locale\" content=\"fy_NL\" \/>\n<meta property=\"og:type\" content=\"article\" \/>\n<meta property=\"og:title\" content=\"In brulloft yn &#039;e W\u00e2lden en oare wiere forhalen &#8211; Af\u00fbk Websjop\" \/>\n<meta property=\"og:description\" content=\"De bundel In brulloft yn &#039;e W\u00e2lden is een keuze uit de beste prozastukken van Tsjibbe Gearts v.d Meulen en hierin is de 19e eeuwse schrijver op z&#039;n best.\" \/>\n<meta property=\"og:url\" content=\"https:\/\/websjop.afuk.frl\/frl\/winkel\/in-brulloft-yn-e-walden-en-oare-wiere-forhalen\/\" \/>\n<meta property=\"og:site_name\" content=\"Af\u00fbk Websjop\" \/>\n<meta property=\"article:modified_time\" content=\"2026-03-03T11:46:56+00:00\" \/>\n<meta property=\"og:image\" content=\"https:\/\/websjop.afuk.frl\/wp-content\/uploads\/2022\/03\/In-brulloft-yn-e-Walden.jpg\" \/>\n\t<meta property=\"og:image:width\" content=\"800\" \/>\n\t<meta property=\"og:image:height\" content=\"800\" \/>\n\t<meta property=\"og:image:type\" content=\"image\/jpeg\" \/>\n<meta name=\"twitter:card\" content=\"summary_large_image\" \/>\n<meta name=\"twitter:label1\" content=\"Est. reading time\" \/>\n\t<meta name=\"twitter:data1\" content=\"1 minute\" \/>\n<script type=\"application\/ld+json\" class=\"yoast-schema-graph\">{\"@context\":\"https:\\\/\\\/schema.org\",\"@graph\":[{\"@type\":\"WebPage\",\"@id\":\"https:\\\/\\\/websjop.afuk.frl\\\/frl\\\/winkel\\\/in-brulloft-yn-e-walden-en-oare-wiere-forhalen\\\/\",\"url\":\"https:\\\/\\\/websjop.afuk.frl\\\/frl\\\/winkel\\\/in-brulloft-yn-e-walden-en-oare-wiere-forhalen\\\/\",\"name\":\"In brulloft yn 'e W\u00e2lden en oare wiere forhalen &#8211; Af\u00fbk Websjop\",\"isPartOf\":{\"@id\":\"https:\\\/\\\/websjop.afuk.frl\\\/frl\\\/#website\"},\"primaryImageOfPage\":{\"@id\":\"https:\\\/\\\/websjop.afuk.frl\\\/frl\\\/winkel\\\/in-brulloft-yn-e-walden-en-oare-wiere-forhalen\\\/#primaryimage\"},\"image\":{\"@id\":\"https:\\\/\\\/websjop.afuk.frl\\\/frl\\\/winkel\\\/in-brulloft-yn-e-walden-en-oare-wiere-forhalen\\\/#primaryimage\"},\"thumbnailUrl\":\"https:\\\/\\\/websjop.afuk.frl\\\/wp-content\\\/uploads\\\/2022\\\/03\\\/In-brulloft-yn-e-Walden.jpg\",\"datePublished\":\"2012-03-11T10:17:04+00:00\",\"dateModified\":\"2026-03-03T11:46:56+00:00\",\"description\":\"De bundel In brulloft yn 'e W\u00e2lden is een keuze uit de beste prozastukken van Tsjibbe Gearts v.d Meulen en hierin is de 19e eeuwse schrijver op z'n best.\",\"breadcrumb\":{\"@id\":\"https:\\\/\\\/websjop.afuk.frl\\\/frl\\\/winkel\\\/in-brulloft-yn-e-walden-en-oare-wiere-forhalen\\\/#breadcrumb\"},\"inLanguage\":\"fy-NL\",\"potentialAction\":[{\"@type\":\"ReadAction\",\"target\":[\"https:\\\/\\\/websjop.afuk.frl\\\/frl\\\/winkel\\\/in-brulloft-yn-e-walden-en-oare-wiere-forhalen\\\/\"]}]},{\"@type\":\"ImageObject\",\"inLanguage\":\"fy-NL\",\"@id\":\"https:\\\/\\\/websjop.afuk.frl\\\/frl\\\/winkel\\\/in-brulloft-yn-e-walden-en-oare-wiere-forhalen\\\/#primaryimage\",\"url\":\"https:\\\/\\\/websjop.afuk.frl\\\/wp-content\\\/uploads\\\/2022\\\/03\\\/In-brulloft-yn-e-Walden.jpg\",\"contentUrl\":\"https:\\\/\\\/websjop.afuk.frl\\\/wp-content\\\/uploads\\\/2022\\\/03\\\/In-brulloft-yn-e-Walden.jpg\",\"width\":800,\"height\":800,\"caption\":\"In brulloft yn 'e W\u00e2lden\"},{\"@type\":\"BreadcrumbList\",\"@id\":\"https:\\\/\\\/websjop.afuk.frl\\\/frl\\\/winkel\\\/in-brulloft-yn-e-walden-en-oare-wiere-forhalen\\\/#breadcrumb\",\"itemListElement\":[{\"@type\":\"ListItem\",\"position\":1,\"name\":\"Home\",\"item\":\"https:\\\/\\\/websjop.afuk.frl\\\/frl\\\/\"},{\"@type\":\"ListItem\",\"position\":2,\"name\":\"Winkel\",\"item\":\"https:\\\/\\\/websjop.afuk.frl\\\/nl\\\/winkel\\\/\"},{\"@type\":\"ListItem\",\"position\":3,\"name\":\"In brulloft yn &#8216;e W\u00e2lden en oare wiere forhalen\"}]},{\"@type\":\"WebSite\",\"@id\":\"https:\\\/\\\/websjop.afuk.frl\\\/frl\\\/#website\",\"url\":\"https:\\\/\\\/websjop.afuk.frl\\\/frl\\\/\",\"name\":\"Af\u00fbk Websjop\",\"description\":\"\",\"potentialAction\":[{\"@type\":\"SearchAction\",\"target\":{\"@type\":\"EntryPoint\",\"urlTemplate\":\"https:\\\/\\\/websjop.afuk.frl\\\/frl\\\/?s={search_term_string}\"},\"query-input\":{\"@type\":\"PropertyValueSpecification\",\"valueRequired\":true,\"valueName\":\"search_term_string\"}}],\"inLanguage\":\"fy-NL\"}]}<\/script>\n<!-- \/ Yoast SEO plugin. -->","yoast_head_json":{"title":"In brulloft yn 'e W\u00e2lden en oare wiere forhalen &#8211; Af\u00fbk Websjop","description":"De bundel In brulloft yn 'e W\u00e2lden is een keuze uit de beste prozastukken van Tsjibbe Gearts v.d Meulen en hierin is de 19e eeuwse schrijver op z'n best.","robots":{"index":"index","follow":"follow","max-snippet":"max-snippet:-1","max-image-preview":"max-image-preview:large","max-video-preview":"max-video-preview:-1"},"canonical":"https:\/\/websjop.afuk.frl\/frl\/winkel\/in-brulloft-yn-e-walden-en-oare-wiere-forhalen\/","og_locale":"fy_NL","og_type":"article","og_title":"In brulloft yn 'e W\u00e2lden en oare wiere forhalen &#8211; Af\u00fbk Websjop","og_description":"De bundel In brulloft yn 'e W\u00e2lden is een keuze uit de beste prozastukken van Tsjibbe Gearts v.d Meulen en hierin is de 19e eeuwse schrijver op z'n best.","og_url":"https:\/\/websjop.afuk.frl\/frl\/winkel\/in-brulloft-yn-e-walden-en-oare-wiere-forhalen\/","og_site_name":"Af\u00fbk Websjop","article_modified_time":"2026-03-03T11:46:56+00:00","og_image":[{"width":800,"height":800,"url":"https:\/\/websjop.afuk.frl\/wp-content\/uploads\/2022\/03\/In-brulloft-yn-e-Walden.jpg","type":"image\/jpeg"}],"twitter_card":"summary_large_image","twitter_misc":{"Est. reading time":"1 minute"},"schema":{"@context":"https:\/\/schema.org","@graph":[{"@type":"WebPage","@id":"https:\/\/websjop.afuk.frl\/frl\/winkel\/in-brulloft-yn-e-walden-en-oare-wiere-forhalen\/","url":"https:\/\/websjop.afuk.frl\/frl\/winkel\/in-brulloft-yn-e-walden-en-oare-wiere-forhalen\/","name":"In brulloft yn 'e W\u00e2lden en oare wiere forhalen &#8211; Af\u00fbk Websjop","isPartOf":{"@id":"https:\/\/websjop.afuk.frl\/frl\/#website"},"primaryImageOfPage":{"@id":"https:\/\/websjop.afuk.frl\/frl\/winkel\/in-brulloft-yn-e-walden-en-oare-wiere-forhalen\/#primaryimage"},"image":{"@id":"https:\/\/websjop.afuk.frl\/frl\/winkel\/in-brulloft-yn-e-walden-en-oare-wiere-forhalen\/#primaryimage"},"thumbnailUrl":"https:\/\/websjop.afuk.frl\/wp-content\/uploads\/2022\/03\/In-brulloft-yn-e-Walden.jpg","datePublished":"2012-03-11T10:17:04+00:00","dateModified":"2026-03-03T11:46:56+00:00","description":"De bundel In brulloft yn 'e W\u00e2lden is een keuze uit de beste prozastukken van Tsjibbe Gearts v.d Meulen en hierin is de 19e eeuwse schrijver op z'n best.","breadcrumb":{"@id":"https:\/\/websjop.afuk.frl\/frl\/winkel\/in-brulloft-yn-e-walden-en-oare-wiere-forhalen\/#breadcrumb"},"inLanguage":"fy-NL","potentialAction":[{"@type":"ReadAction","target":["https:\/\/websjop.afuk.frl\/frl\/winkel\/in-brulloft-yn-e-walden-en-oare-wiere-forhalen\/"]}]},{"@type":"ImageObject","inLanguage":"fy-NL","@id":"https:\/\/websjop.afuk.frl\/frl\/winkel\/in-brulloft-yn-e-walden-en-oare-wiere-forhalen\/#primaryimage","url":"https:\/\/websjop.afuk.frl\/wp-content\/uploads\/2022\/03\/In-brulloft-yn-e-Walden.jpg","contentUrl":"https:\/\/websjop.afuk.frl\/wp-content\/uploads\/2022\/03\/In-brulloft-yn-e-Walden.jpg","width":800,"height":800,"caption":"In brulloft yn 'e W\u00e2lden"},{"@type":"BreadcrumbList","@id":"https:\/\/websjop.afuk.frl\/frl\/winkel\/in-brulloft-yn-e-walden-en-oare-wiere-forhalen\/#breadcrumb","itemListElement":[{"@type":"ListItem","position":1,"name":"Home","item":"https:\/\/websjop.afuk.frl\/frl\/"},{"@type":"ListItem","position":2,"name":"Winkel","item":"https:\/\/websjop.afuk.frl\/nl\/winkel\/"},{"@type":"ListItem","position":3,"name":"In brulloft yn &#8216;e W\u00e2lden en oare wiere forhalen"}]},{"@type":"WebSite","@id":"https:\/\/websjop.afuk.frl\/frl\/#website","url":"https:\/\/websjop.afuk.frl\/frl\/","name":"Af\u00fbk Websjop","description":"","potentialAction":[{"@type":"SearchAction","target":{"@type":"EntryPoint","urlTemplate":"https:\/\/websjop.afuk.frl\/frl\/?s={search_term_string}"},"query-input":{"@type":"PropertyValueSpecification","valueRequired":true,"valueName":"search_term_string"}}],"inLanguage":"fy-NL"}]}},"_links":{"self":[{"href":"https:\/\/websjop.afuk.frl\/frl\/wp-json\/wp\/v2\/product\/33084","targetHints":{"allow":["GET"]}}],"collection":[{"href":"https:\/\/websjop.afuk.frl\/frl\/wp-json\/wp\/v2\/product"}],"about":[{"href":"https:\/\/websjop.afuk.frl\/frl\/wp-json\/wp\/v2\/types\/product"}],"replies":[{"embeddable":true,"href":"https:\/\/websjop.afuk.frl\/frl\/wp-json\/wp\/v2\/comments?post=33084"}],"wp:featuredmedia":[{"embeddable":true,"href":"https:\/\/websjop.afuk.frl\/frl\/wp-json\/wp\/v2\/media\/33085"}],"wp:attachment":[{"href":"https:\/\/websjop.afuk.frl\/frl\/wp-json\/wp\/v2\/media?parent=33084"}],"wp:term":[{"taxonomy":"product_brand","embeddable":true,"href":"https:\/\/websjop.afuk.frl\/frl\/wp-json\/wp\/v2\/product_brand?post=33084"},{"taxonomy":"product_cat","embeddable":true,"href":"https:\/\/websjop.afuk.frl\/frl\/wp-json\/wp\/v2\/product_cat?post=33084"},{"taxonomy":"product_tag","embeddable":true,"href":"https:\/\/websjop.afuk.frl\/frl\/wp-json\/wp\/v2\/product_tag?post=33084"}],"curies":[{"name":"wp","href":"https:\/\/api.w.org\/{rel}","templated":true}]}}