{"id":33053,"date":"2012-03-10T12:55:13","date_gmt":"2012-03-10T11:55:13","guid":{"rendered":"https:\/\/websjop.afuk.frl\/nl\/?post_type=product&#038;p=33053"},"modified":"2022-03-10T12:55:28","modified_gmt":"2022-03-10T11:55:28","slug":"rys-mei-rezinen-grot-mei-krode","status":"publish","type":"product","link":"https:\/\/websjop.afuk.frl\/frl\/winkel\/rys-mei-rezinen-grot-mei-krode\/","title":{"rendered":"Rys mei rezinen &#8211; Gr\u00f4t mei kr\u00f4de"},"content":{"rendered":"<p><em>Noch ien kear wol ik my \u00fatrisse ta de striid: ien kear noch ynbrekke yn \u2019t libben, op \u2019e r\u00e2ne fan \u2019e tiid. Mar de tekens stean faai: besingele wurd ik troch in heksekring, begn\u00fafd troch in duvelsaai, hoannen kraaie yn \u2019e j\u00fbn, ik puozje s\u00e2lt op \u2019e gr\u00fbn, sweltsjes ha besletten by \u2019t bouwen fan in n\u00east myn h\u00fbs te mijen, nachts heazje harmoanika\u2019s benearjende meldijen, by \u2019t lemieren m\u00e2lbeare akke-tsjoensters yn koar, in hoefizer hinget ferkeard om oan \u2019e doar, klokswichten lizze op \u2019e flier, in spegel leit oan barrels, swarte krie\u00ebn \u00e2lje om \u2019e gibbegatten, swarte katten str\u00fbpe troch \u2019t strewel en flechtwegen rinne allegearre \u00fbnder ljedders del. \u2019t Is alle dagen duveldei! W\u00ear fyn ik noch in \u00fatbrekwei?<\/em><\/p>\n<p>Deze bundel, in de van Meindert Bylsma bekende speelse en humoristiche stijl heeft als thema&#8217;s: vervreemding, verwondering en herinneringen aan vervlogen tijden. Bylsma combineert luim en ernst op lenige en originele wijze.<\/p>\n<p>&nbsp;<\/p>\n","protected":false},"excerpt":{"rendered":"<p>Noch ien kear wol ik my \u00fatrisse ta de striid: ien kear noch ynbrekke yn \u2019t libben, op \u2019e r\u00e2ne fan \u2019e tiid. Mar de tekens stean faai: besingele wurd ik troch in heksekring, begn\u00fafd troch in duvelsaai, hoannen kraaie yn \u2019e j\u00fbn, ik puozje s\u00e2lt op \u2019e gr\u00fbn, sweltsjes ha besletten by \u2019t bouwen [&hellip;]<\/p>\n","protected":false},"featured_media":33054,"comment_status":"closed","ping_status":"closed","template":"","meta":{"_acf_changed":false},"product_brand":[],"product_cat":[1040,535,1215],"product_tag":[20422,20417,20420,20416,8628,20421,5327,20415,20418,20419],"class_list":{"0":"post-33053","1":"product","2":"type-product","3":"status-publish","4":"has-post-thumbnail","6":"product_cat-ferhalebondels","7":"product_cat-fryske-boeken","8":"product_cat-romans-en-literatuer","9":"product_tag-earnst","10":"product_tag-ferfrjemding","11":"product_tag-ferwundering","12":"product_tag-grot-mei-krode","13":"product_tag-humor","14":"product_tag-koartswyl","15":"product_tag-meindert-bylsma","16":"product_tag-rys-mei-rezinen","17":"product_tag-vervreemding","18":"product_tag-verwondering","19":"product_shipping_class-brievenbus-verzending","20":"pa_auteur-meindert-bylsma-2","21":"pa_isbn-20414","22":"pa_taal-frysk","23":"pa_uitgever-elikser","25":"first","26":"instock","27":"taxable","28":"shipping-taxable","29":"purchasable","30":"product-type-simple"},"acf":[],"yoast_head":"<!-- This site is optimized with the Yoast SEO plugin v27.2 - https:\/\/yoast.com\/product\/yoast-seo-wordpress\/ -->\n<title>Rys mei rezinen - Gr\u00f4t mei kr\u00f4de &#8211; Af\u00fbk Websjop<\/title>\n<meta name=\"description\" content=\"Deze bundel Rys mei rezinen in speelse en humoristiche stijl heeft als thema&#039;s: vervreemding, verwondering en herinneringen aan vervlogen tijden.\" \/>\n<meta name=\"robots\" content=\"index, follow, max-snippet:-1, max-image-preview:large, max-video-preview:-1\" \/>\n<link rel=\"canonical\" href=\"https:\/\/websjop.afuk.frl\/frl\/winkel\/rys-mei-rezinen-grot-mei-krode\/\" \/>\n<meta property=\"og:locale\" content=\"fy_NL\" \/>\n<meta property=\"og:type\" content=\"article\" \/>\n<meta property=\"og:title\" content=\"Rys mei rezinen - Gr\u00f4t mei kr\u00f4de &#8211; Af\u00fbk Websjop\" \/>\n<meta property=\"og:description\" content=\"Deze bundel Rys mei rezinen in speelse en humoristiche stijl heeft als thema&#039;s: vervreemding, verwondering en herinneringen aan vervlogen tijden.\" \/>\n<meta property=\"og:url\" content=\"https:\/\/websjop.afuk.frl\/frl\/winkel\/rys-mei-rezinen-grot-mei-krode\/\" \/>\n<meta property=\"og:site_name\" content=\"Af\u00fbk Websjop\" \/>\n<meta property=\"article:modified_time\" content=\"2022-03-10T11:55:28+00:00\" \/>\n<meta property=\"og:image\" content=\"https:\/\/websjop.afuk.frl\/wp-content\/uploads\/2022\/03\/Rys-mei-rezinen.jpg\" \/>\n\t<meta property=\"og:image:width\" content=\"800\" \/>\n\t<meta property=\"og:image:height\" content=\"800\" \/>\n\t<meta property=\"og:image:type\" content=\"image\/jpeg\" \/>\n<meta name=\"twitter:card\" content=\"summary_large_image\" \/>\n<meta name=\"twitter:label1\" content=\"Est. reading time\" \/>\n\t<meta name=\"twitter:data1\" content=\"1 minute\" \/>\n<script type=\"application\/ld+json\" class=\"yoast-schema-graph\">{\"@context\":\"https:\/\/schema.org\",\"@graph\":[{\"@type\":\"WebPage\",\"@id\":\"https:\/\/websjop.afuk.frl\/frl\/winkel\/rys-mei-rezinen-grot-mei-krode\/\",\"url\":\"https:\/\/websjop.afuk.frl\/frl\/winkel\/rys-mei-rezinen-grot-mei-krode\/\",\"name\":\"Rys mei rezinen - Gr\u00f4t mei kr\u00f4de &#8211; Af\u00fbk Websjop\",\"isPartOf\":{\"@id\":\"https:\/\/websjop.afuk.frl\/frl\/#website\"},\"primaryImageOfPage\":{\"@id\":\"https:\/\/websjop.afuk.frl\/frl\/winkel\/rys-mei-rezinen-grot-mei-krode\/#primaryimage\"},\"image\":{\"@id\":\"https:\/\/websjop.afuk.frl\/frl\/winkel\/rys-mei-rezinen-grot-mei-krode\/#primaryimage\"},\"thumbnailUrl\":\"https:\/\/websjop.afuk.frl\/wp-content\/uploads\/2022\/03\/Rys-mei-rezinen.jpg\",\"datePublished\":\"2012-03-10T11:55:13+00:00\",\"dateModified\":\"2022-03-10T11:55:28+00:00\",\"description\":\"Deze bundel Rys mei rezinen in speelse en humoristiche stijl heeft als thema's: vervreemding, verwondering en herinneringen aan vervlogen tijden.\",\"breadcrumb\":{\"@id\":\"https:\/\/websjop.afuk.frl\/frl\/winkel\/rys-mei-rezinen-grot-mei-krode\/#breadcrumb\"},\"inLanguage\":\"fy-NL\",\"potentialAction\":[{\"@type\":\"ReadAction\",\"target\":[\"https:\/\/websjop.afuk.frl\/frl\/winkel\/rys-mei-rezinen-grot-mei-krode\/\"]}]},{\"@type\":\"ImageObject\",\"inLanguage\":\"fy-NL\",\"@id\":\"https:\/\/websjop.afuk.frl\/frl\/winkel\/rys-mei-rezinen-grot-mei-krode\/#primaryimage\",\"url\":\"https:\/\/websjop.afuk.frl\/wp-content\/uploads\/2022\/03\/Rys-mei-rezinen.jpg\",\"contentUrl\":\"https:\/\/websjop.afuk.frl\/wp-content\/uploads\/2022\/03\/Rys-mei-rezinen.jpg\",\"width\":800,\"height\":800,\"caption\":\"Rys mei rezinen\"},{\"@type\":\"BreadcrumbList\",\"@id\":\"https:\/\/websjop.afuk.frl\/frl\/winkel\/rys-mei-rezinen-grot-mei-krode\/#breadcrumb\",\"itemListElement\":[{\"@type\":\"ListItem\",\"position\":1,\"name\":\"Home\",\"item\":\"https:\/\/websjop.afuk.frl\/frl\/\"},{\"@type\":\"ListItem\",\"position\":2,\"name\":\"Winkel\",\"item\":\"https:\/\/websjop.afuk.frl\/nl\/winkel\/\"},{\"@type\":\"ListItem\",\"position\":3,\"name\":\"Rys mei rezinen &#8211; Gr\u00f4t mei kr\u00f4de\"}]},{\"@type\":\"WebSite\",\"@id\":\"https:\/\/websjop.afuk.frl\/frl\/#website\",\"url\":\"https:\/\/websjop.afuk.frl\/frl\/\",\"name\":\"Af\u00fbk Websjop\",\"description\":\"\",\"potentialAction\":[{\"@type\":\"SearchAction\",\"target\":{\"@type\":\"EntryPoint\",\"urlTemplate\":\"https:\/\/websjop.afuk.frl\/frl\/?s={search_term_string}\"},\"query-input\":{\"@type\":\"PropertyValueSpecification\",\"valueRequired\":true,\"valueName\":\"search_term_string\"}}],\"inLanguage\":\"fy-NL\"}]}<\/script>\n<!-- \/ Yoast SEO plugin. -->","yoast_head_json":{"title":"Rys mei rezinen - Gr\u00f4t mei kr\u00f4de &#8211; Af\u00fbk Websjop","description":"Deze bundel Rys mei rezinen in speelse en humoristiche stijl heeft als thema's: vervreemding, verwondering en herinneringen aan vervlogen tijden.","robots":{"index":"index","follow":"follow","max-snippet":"max-snippet:-1","max-image-preview":"max-image-preview:large","max-video-preview":"max-video-preview:-1"},"canonical":"https:\/\/websjop.afuk.frl\/frl\/winkel\/rys-mei-rezinen-grot-mei-krode\/","og_locale":"fy_NL","og_type":"article","og_title":"Rys mei rezinen - Gr\u00f4t mei kr\u00f4de &#8211; Af\u00fbk Websjop","og_description":"Deze bundel Rys mei rezinen in speelse en humoristiche stijl heeft als thema's: vervreemding, verwondering en herinneringen aan vervlogen tijden.","og_url":"https:\/\/websjop.afuk.frl\/frl\/winkel\/rys-mei-rezinen-grot-mei-krode\/","og_site_name":"Af\u00fbk Websjop","article_modified_time":"2022-03-10T11:55:28+00:00","og_image":[{"width":800,"height":800,"url":"https:\/\/websjop.afuk.frl\/wp-content\/uploads\/2022\/03\/Rys-mei-rezinen.jpg","type":"image\/jpeg"}],"twitter_card":"summary_large_image","twitter_misc":{"Est. reading time":"1 minute"},"schema":{"@context":"https:\/\/schema.org","@graph":[{"@type":"WebPage","@id":"https:\/\/websjop.afuk.frl\/frl\/winkel\/rys-mei-rezinen-grot-mei-krode\/","url":"https:\/\/websjop.afuk.frl\/frl\/winkel\/rys-mei-rezinen-grot-mei-krode\/","name":"Rys mei rezinen - Gr\u00f4t mei kr\u00f4de &#8211; Af\u00fbk Websjop","isPartOf":{"@id":"https:\/\/websjop.afuk.frl\/frl\/#website"},"primaryImageOfPage":{"@id":"https:\/\/websjop.afuk.frl\/frl\/winkel\/rys-mei-rezinen-grot-mei-krode\/#primaryimage"},"image":{"@id":"https:\/\/websjop.afuk.frl\/frl\/winkel\/rys-mei-rezinen-grot-mei-krode\/#primaryimage"},"thumbnailUrl":"https:\/\/websjop.afuk.frl\/wp-content\/uploads\/2022\/03\/Rys-mei-rezinen.jpg","datePublished":"2012-03-10T11:55:13+00:00","dateModified":"2022-03-10T11:55:28+00:00","description":"Deze bundel Rys mei rezinen in speelse en humoristiche stijl heeft als thema's: vervreemding, verwondering en herinneringen aan vervlogen tijden.","breadcrumb":{"@id":"https:\/\/websjop.afuk.frl\/frl\/winkel\/rys-mei-rezinen-grot-mei-krode\/#breadcrumb"},"inLanguage":"fy-NL","potentialAction":[{"@type":"ReadAction","target":["https:\/\/websjop.afuk.frl\/frl\/winkel\/rys-mei-rezinen-grot-mei-krode\/"]}]},{"@type":"ImageObject","inLanguage":"fy-NL","@id":"https:\/\/websjop.afuk.frl\/frl\/winkel\/rys-mei-rezinen-grot-mei-krode\/#primaryimage","url":"https:\/\/websjop.afuk.frl\/wp-content\/uploads\/2022\/03\/Rys-mei-rezinen.jpg","contentUrl":"https:\/\/websjop.afuk.frl\/wp-content\/uploads\/2022\/03\/Rys-mei-rezinen.jpg","width":800,"height":800,"caption":"Rys mei rezinen"},{"@type":"BreadcrumbList","@id":"https:\/\/websjop.afuk.frl\/frl\/winkel\/rys-mei-rezinen-grot-mei-krode\/#breadcrumb","itemListElement":[{"@type":"ListItem","position":1,"name":"Home","item":"https:\/\/websjop.afuk.frl\/frl\/"},{"@type":"ListItem","position":2,"name":"Winkel","item":"https:\/\/websjop.afuk.frl\/nl\/winkel\/"},{"@type":"ListItem","position":3,"name":"Rys mei rezinen &#8211; Gr\u00f4t mei kr\u00f4de"}]},{"@type":"WebSite","@id":"https:\/\/websjop.afuk.frl\/frl\/#website","url":"https:\/\/websjop.afuk.frl\/frl\/","name":"Af\u00fbk Websjop","description":"","potentialAction":[{"@type":"SearchAction","target":{"@type":"EntryPoint","urlTemplate":"https:\/\/websjop.afuk.frl\/frl\/?s={search_term_string}"},"query-input":{"@type":"PropertyValueSpecification","valueRequired":true,"valueName":"search_term_string"}}],"inLanguage":"fy-NL"}]}},"_links":{"self":[{"href":"https:\/\/websjop.afuk.frl\/frl\/wp-json\/wp\/v2\/product\/33053","targetHints":{"allow":["GET"]}}],"collection":[{"href":"https:\/\/websjop.afuk.frl\/frl\/wp-json\/wp\/v2\/product"}],"about":[{"href":"https:\/\/websjop.afuk.frl\/frl\/wp-json\/wp\/v2\/types\/product"}],"replies":[{"embeddable":true,"href":"https:\/\/websjop.afuk.frl\/frl\/wp-json\/wp\/v2\/comments?post=33053"}],"wp:featuredmedia":[{"embeddable":true,"href":"https:\/\/websjop.afuk.frl\/frl\/wp-json\/wp\/v2\/media\/33054"}],"wp:attachment":[{"href":"https:\/\/websjop.afuk.frl\/frl\/wp-json\/wp\/v2\/media?parent=33053"}],"wp:term":[{"taxonomy":"product_brand","embeddable":true,"href":"https:\/\/websjop.afuk.frl\/frl\/wp-json\/wp\/v2\/product_brand?post=33053"},{"taxonomy":"product_cat","embeddable":true,"href":"https:\/\/websjop.afuk.frl\/frl\/wp-json\/wp\/v2\/product_cat?post=33053"},{"taxonomy":"product_tag","embeddable":true,"href":"https:\/\/websjop.afuk.frl\/frl\/wp-json\/wp\/v2\/product_tag?post=33053"}],"curies":[{"name":"wp","href":"https:\/\/api.w.org\/{rel}","templated":true}]}}