{"id":32964,"date":"2012-03-04T11:53:51","date_gmt":"2012-03-04T10:53:51","guid":{"rendered":"https:\/\/websjop.afuk.frl\/nl\/?post_type=product&#038;p=32964"},"modified":"2022-03-04T13:20:52","modified_gmt":"2022-03-04T12:20:52","slug":"mei-abraham-fustkje-oantinkens-ferhalen-kritiken","status":"publish","type":"product","link":"https:\/\/websjop.afuk.frl\/frl\/winkel\/mei-abraham-fustkje-oantinkens-ferhalen-kritiken\/","title":{"rendered":"Mei Abraham f\u00fbstkje &#8211; Oantinkens Ferhalen Kritiken"},"content":{"rendered":"<p>Anne Wadman schreef <em>Mei Abraham f\u00fbstkje<\/em> bij gelegenheid van zijn vijftigste verjaardag. Het is een bloemlezing uit eigen novellistisch, essayistisch en polemisch werk, aangevuld met autobiografische bijdragen. Het boek heeft een sterk documentair karakter en is ge\u00efllustreerd met bijzondere foto&#8217;s. Door de confrontatie die hij in het boek aangaat met Fedde Schurer, E.B. Folkertsma en Jan Piebenga levert het een belangrijke bijdrage tot de literatuurgeschiedschrijving. Het boek bevat ook twee controversi\u00eble verhalen, die niet in <em>De Tsjerne<\/em> of ergens anders gepubliceerd mochten worden vanwege het openhartige erotisch karakter. Een daarvan is <em>De reade roas<\/em>, dat in 1960 van de uitgever niet in de verhalenbundel <em>Yn &#8216;e lytse loege<\/em> opgenomen mocht worden.<\/p>\n<p>Deze tweede druk is de herdruk van de eerste druk uit 1969.<\/p>\n<p>&nbsp;<\/p>\n","protected":false},"excerpt":{"rendered":"<p>Anne Wadman schreef Mei Abraham f\u00fbstkje bij gelegenheid van zijn vijftigste verjaardag. Het is een bloemlezing uit eigen novellistisch, essayistisch en polemisch werk, aangevuld met autobiografische bijdragen. Het boek heeft een sterk documentair karakter en is ge\u00efllustreerd met bijzondere foto&#8217;s. Door de confrontatie die hij in het boek aangaat met Fedde Schurer, E.B. Folkertsma en [&hellip;]<\/p>\n","protected":false},"featured_media":32965,"comment_status":"closed","ping_status":"closed","template":"","meta":{"_acf_changed":false},"product_brand":[],"product_cat":[1061,1040,535,1215],"product_tag":[8646,20334,20363,6832,20362,20361,20360],"class_list":{"0":"post-32964","1":"product","2":"type-product","3":"status-publish","4":"has-post-thumbnail","6":"product_cat-essays","7":"product_cat-ferhalebondels","8":"product_cat-fryske-boeken","9":"product_cat-romans-en-literatuer","10":"product_tag-anne-wadman","11":"product_tag-autobiografysk","12":"product_tag-biografisch","13":"product_tag-essays","14":"product_tag-kontroversieel","15":"product_tag-kritiken","16":"product_tag-mei-abraham-fustkje","17":"product_shipping_class-brievenbus-verzending","18":"pa_auteur-anne-wadman","19":"pa_isbn-20359","20":"pa_taal-frysk","21":"pa_uitgever-elikser","23":"first","24":"instock","25":"taxable","26":"shipping-taxable","27":"purchasable","28":"product-type-simple"},"acf":[],"yoast_head":"<!-- This site is optimized with the Yoast SEO plugin v27.2 - https:\/\/yoast.com\/product\/yoast-seo-wordpress\/ -->\n<title>Mei Abraham f\u00fbstkje - Oantinkens Ferhalen Kritiken &#8211; Af\u00fbk Websjop<\/title>\n<meta name=\"description\" content=\"Anne Wadman schreef Mei Abraham f\u00fbstkje bij gelegenheid van zijn 50e verjaardag. Het is een bloemlezing uit eigen essayistisch en polemisch werk.\" \/>\n<meta name=\"robots\" content=\"index, follow, max-snippet:-1, max-image-preview:large, max-video-preview:-1\" \/>\n<link rel=\"canonical\" href=\"https:\/\/websjop.afuk.frl\/frl\/winkel\/mei-abraham-fustkje-oantinkens-ferhalen-kritiken\/\" \/>\n<meta property=\"og:locale\" content=\"fy_NL\" \/>\n<meta property=\"og:type\" content=\"article\" \/>\n<meta property=\"og:title\" content=\"Mei Abraham f\u00fbstkje - Oantinkens Ferhalen Kritiken &#8211; Af\u00fbk Websjop\" \/>\n<meta property=\"og:description\" content=\"Anne Wadman schreef Mei Abraham f\u00fbstkje bij gelegenheid van zijn 50e verjaardag. Het is een bloemlezing uit eigen essayistisch en polemisch werk.\" \/>\n<meta property=\"og:url\" content=\"https:\/\/websjop.afuk.frl\/frl\/winkel\/mei-abraham-fustkje-oantinkens-ferhalen-kritiken\/\" \/>\n<meta property=\"og:site_name\" content=\"Af\u00fbk Websjop\" \/>\n<meta property=\"article:modified_time\" content=\"2022-03-04T12:20:52+00:00\" \/>\n<meta property=\"og:image\" content=\"https:\/\/websjop.afuk.frl\/wp-content\/uploads\/2022\/03\/Mei-abraham-fuskje.jpg\" \/>\n\t<meta property=\"og:image:width\" content=\"800\" \/>\n\t<meta property=\"og:image:height\" content=\"800\" \/>\n\t<meta property=\"og:image:type\" content=\"image\/jpeg\" \/>\n<meta name=\"twitter:card\" content=\"summary_large_image\" \/>\n<meta name=\"twitter:label1\" content=\"Est. reading time\" \/>\n\t<meta name=\"twitter:data1\" content=\"1 minute\" \/>\n<script type=\"application\/ld+json\" class=\"yoast-schema-graph\">{\"@context\":\"https:\/\/schema.org\",\"@graph\":[{\"@type\":\"WebPage\",\"@id\":\"https:\/\/websjop.afuk.frl\/frl\/winkel\/mei-abraham-fustkje-oantinkens-ferhalen-kritiken\/\",\"url\":\"https:\/\/websjop.afuk.frl\/frl\/winkel\/mei-abraham-fustkje-oantinkens-ferhalen-kritiken\/\",\"name\":\"Mei Abraham f\u00fbstkje - Oantinkens Ferhalen Kritiken &#8211; Af\u00fbk Websjop\",\"isPartOf\":{\"@id\":\"https:\/\/websjop.afuk.frl\/frl\/#website\"},\"primaryImageOfPage\":{\"@id\":\"https:\/\/websjop.afuk.frl\/frl\/winkel\/mei-abraham-fustkje-oantinkens-ferhalen-kritiken\/#primaryimage\"},\"image\":{\"@id\":\"https:\/\/websjop.afuk.frl\/frl\/winkel\/mei-abraham-fustkje-oantinkens-ferhalen-kritiken\/#primaryimage\"},\"thumbnailUrl\":\"https:\/\/websjop.afuk.frl\/wp-content\/uploads\/2022\/03\/Mei-abraham-fuskje.jpg\",\"datePublished\":\"2012-03-04T10:53:51+00:00\",\"dateModified\":\"2022-03-04T12:20:52+00:00\",\"description\":\"Anne Wadman schreef Mei Abraham f\u00fbstkje bij gelegenheid van zijn 50e verjaardag. Het is een bloemlezing uit eigen essayistisch en polemisch werk.\",\"breadcrumb\":{\"@id\":\"https:\/\/websjop.afuk.frl\/frl\/winkel\/mei-abraham-fustkje-oantinkens-ferhalen-kritiken\/#breadcrumb\"},\"inLanguage\":\"fy-NL\",\"potentialAction\":[{\"@type\":\"ReadAction\",\"target\":[\"https:\/\/websjop.afuk.frl\/frl\/winkel\/mei-abraham-fustkje-oantinkens-ferhalen-kritiken\/\"]}]},{\"@type\":\"ImageObject\",\"inLanguage\":\"fy-NL\",\"@id\":\"https:\/\/websjop.afuk.frl\/frl\/winkel\/mei-abraham-fustkje-oantinkens-ferhalen-kritiken\/#primaryimage\",\"url\":\"https:\/\/websjop.afuk.frl\/wp-content\/uploads\/2022\/03\/Mei-abraham-fuskje.jpg\",\"contentUrl\":\"https:\/\/websjop.afuk.frl\/wp-content\/uploads\/2022\/03\/Mei-abraham-fuskje.jpg\",\"width\":800,\"height\":800,\"caption\":\"Mei Abraham f\u00fbstkje\"},{\"@type\":\"BreadcrumbList\",\"@id\":\"https:\/\/websjop.afuk.frl\/frl\/winkel\/mei-abraham-fustkje-oantinkens-ferhalen-kritiken\/#breadcrumb\",\"itemListElement\":[{\"@type\":\"ListItem\",\"position\":1,\"name\":\"Home\",\"item\":\"https:\/\/websjop.afuk.frl\/frl\/\"},{\"@type\":\"ListItem\",\"position\":2,\"name\":\"Winkel\",\"item\":\"https:\/\/websjop.afuk.frl\/nl\/winkel\/\"},{\"@type\":\"ListItem\",\"position\":3,\"name\":\"Mei Abraham f\u00fbstkje &#8211; Oantinkens Ferhalen Kritiken\"}]},{\"@type\":\"WebSite\",\"@id\":\"https:\/\/websjop.afuk.frl\/frl\/#website\",\"url\":\"https:\/\/websjop.afuk.frl\/frl\/\",\"name\":\"Af\u00fbk Websjop\",\"description\":\"\",\"potentialAction\":[{\"@type\":\"SearchAction\",\"target\":{\"@type\":\"EntryPoint\",\"urlTemplate\":\"https:\/\/websjop.afuk.frl\/frl\/?s={search_term_string}\"},\"query-input\":{\"@type\":\"PropertyValueSpecification\",\"valueRequired\":true,\"valueName\":\"search_term_string\"}}],\"inLanguage\":\"fy-NL\"}]}<\/script>\n<!-- \/ Yoast SEO plugin. -->","yoast_head_json":{"title":"Mei Abraham f\u00fbstkje - Oantinkens Ferhalen Kritiken &#8211; Af\u00fbk Websjop","description":"Anne Wadman schreef Mei Abraham f\u00fbstkje bij gelegenheid van zijn 50e verjaardag. Het is een bloemlezing uit eigen essayistisch en polemisch werk.","robots":{"index":"index","follow":"follow","max-snippet":"max-snippet:-1","max-image-preview":"max-image-preview:large","max-video-preview":"max-video-preview:-1"},"canonical":"https:\/\/websjop.afuk.frl\/frl\/winkel\/mei-abraham-fustkje-oantinkens-ferhalen-kritiken\/","og_locale":"fy_NL","og_type":"article","og_title":"Mei Abraham f\u00fbstkje - Oantinkens Ferhalen Kritiken &#8211; Af\u00fbk Websjop","og_description":"Anne Wadman schreef Mei Abraham f\u00fbstkje bij gelegenheid van zijn 50e verjaardag. Het is een bloemlezing uit eigen essayistisch en polemisch werk.","og_url":"https:\/\/websjop.afuk.frl\/frl\/winkel\/mei-abraham-fustkje-oantinkens-ferhalen-kritiken\/","og_site_name":"Af\u00fbk Websjop","article_modified_time":"2022-03-04T12:20:52+00:00","og_image":[{"width":800,"height":800,"url":"https:\/\/websjop.afuk.frl\/wp-content\/uploads\/2022\/03\/Mei-abraham-fuskje.jpg","type":"image\/jpeg"}],"twitter_card":"summary_large_image","twitter_misc":{"Est. reading time":"1 minute"},"schema":{"@context":"https:\/\/schema.org","@graph":[{"@type":"WebPage","@id":"https:\/\/websjop.afuk.frl\/frl\/winkel\/mei-abraham-fustkje-oantinkens-ferhalen-kritiken\/","url":"https:\/\/websjop.afuk.frl\/frl\/winkel\/mei-abraham-fustkje-oantinkens-ferhalen-kritiken\/","name":"Mei Abraham f\u00fbstkje - Oantinkens Ferhalen Kritiken &#8211; Af\u00fbk Websjop","isPartOf":{"@id":"https:\/\/websjop.afuk.frl\/frl\/#website"},"primaryImageOfPage":{"@id":"https:\/\/websjop.afuk.frl\/frl\/winkel\/mei-abraham-fustkje-oantinkens-ferhalen-kritiken\/#primaryimage"},"image":{"@id":"https:\/\/websjop.afuk.frl\/frl\/winkel\/mei-abraham-fustkje-oantinkens-ferhalen-kritiken\/#primaryimage"},"thumbnailUrl":"https:\/\/websjop.afuk.frl\/wp-content\/uploads\/2022\/03\/Mei-abraham-fuskje.jpg","datePublished":"2012-03-04T10:53:51+00:00","dateModified":"2022-03-04T12:20:52+00:00","description":"Anne Wadman schreef Mei Abraham f\u00fbstkje bij gelegenheid van zijn 50e verjaardag. Het is een bloemlezing uit eigen essayistisch en polemisch werk.","breadcrumb":{"@id":"https:\/\/websjop.afuk.frl\/frl\/winkel\/mei-abraham-fustkje-oantinkens-ferhalen-kritiken\/#breadcrumb"},"inLanguage":"fy-NL","potentialAction":[{"@type":"ReadAction","target":["https:\/\/websjop.afuk.frl\/frl\/winkel\/mei-abraham-fustkje-oantinkens-ferhalen-kritiken\/"]}]},{"@type":"ImageObject","inLanguage":"fy-NL","@id":"https:\/\/websjop.afuk.frl\/frl\/winkel\/mei-abraham-fustkje-oantinkens-ferhalen-kritiken\/#primaryimage","url":"https:\/\/websjop.afuk.frl\/wp-content\/uploads\/2022\/03\/Mei-abraham-fuskje.jpg","contentUrl":"https:\/\/websjop.afuk.frl\/wp-content\/uploads\/2022\/03\/Mei-abraham-fuskje.jpg","width":800,"height":800,"caption":"Mei Abraham f\u00fbstkje"},{"@type":"BreadcrumbList","@id":"https:\/\/websjop.afuk.frl\/frl\/winkel\/mei-abraham-fustkje-oantinkens-ferhalen-kritiken\/#breadcrumb","itemListElement":[{"@type":"ListItem","position":1,"name":"Home","item":"https:\/\/websjop.afuk.frl\/frl\/"},{"@type":"ListItem","position":2,"name":"Winkel","item":"https:\/\/websjop.afuk.frl\/nl\/winkel\/"},{"@type":"ListItem","position":3,"name":"Mei Abraham f\u00fbstkje &#8211; Oantinkens Ferhalen Kritiken"}]},{"@type":"WebSite","@id":"https:\/\/websjop.afuk.frl\/frl\/#website","url":"https:\/\/websjop.afuk.frl\/frl\/","name":"Af\u00fbk Websjop","description":"","potentialAction":[{"@type":"SearchAction","target":{"@type":"EntryPoint","urlTemplate":"https:\/\/websjop.afuk.frl\/frl\/?s={search_term_string}"},"query-input":{"@type":"PropertyValueSpecification","valueRequired":true,"valueName":"search_term_string"}}],"inLanguage":"fy-NL"}]}},"_links":{"self":[{"href":"https:\/\/websjop.afuk.frl\/frl\/wp-json\/wp\/v2\/product\/32964","targetHints":{"allow":["GET"]}}],"collection":[{"href":"https:\/\/websjop.afuk.frl\/frl\/wp-json\/wp\/v2\/product"}],"about":[{"href":"https:\/\/websjop.afuk.frl\/frl\/wp-json\/wp\/v2\/types\/product"}],"replies":[{"embeddable":true,"href":"https:\/\/websjop.afuk.frl\/frl\/wp-json\/wp\/v2\/comments?post=32964"}],"wp:featuredmedia":[{"embeddable":true,"href":"https:\/\/websjop.afuk.frl\/frl\/wp-json\/wp\/v2\/media\/32965"}],"wp:attachment":[{"href":"https:\/\/websjop.afuk.frl\/frl\/wp-json\/wp\/v2\/media?parent=32964"}],"wp:term":[{"taxonomy":"product_brand","embeddable":true,"href":"https:\/\/websjop.afuk.frl\/frl\/wp-json\/wp\/v2\/product_brand?post=32964"},{"taxonomy":"product_cat","embeddable":true,"href":"https:\/\/websjop.afuk.frl\/frl\/wp-json\/wp\/v2\/product_cat?post=32964"},{"taxonomy":"product_tag","embeddable":true,"href":"https:\/\/websjop.afuk.frl\/frl\/wp-json\/wp\/v2\/product_tag?post=32964"}],"curies":[{"name":"wp","href":"https:\/\/api.w.org\/{rel}","templated":true}]}}