{"id":32648,"date":"2022-02-13T22:04:18","date_gmt":"2022-02-13T21:04:18","guid":{"rendered":"https:\/\/websjop.afuk.frl\/nl\/winkel\/mindset-wurkboek\/"},"modified":"2025-12-03T12:31:31","modified_gmt":"2025-12-03T11:31:31","slug":"mindset-wurkboek","status":"publish","type":"product","link":"https:\/\/websjop.afuk.frl\/frl\/winkel\/mindset-wurkboek\/","title":{"rendered":"Mindset wurkboek"},"content":{"rendered":"<p>Dit is in mindset-wurkboek. In mindset is in wize fan tinken of in mentale h\u00e2lding dy\u2019t immen oannimt. Proffesor Carol Dweck hat mindset yntrodusearre. In mindset kin positive of negative ynfloeden hawwe op it wolslagjen of mislearjen fan wat men berikke wol. Dit boek wurket mei twa begripen: de f\u00easte mindset en de groei-mindset. Gauris is de f\u00easte mindset: ik haw it probearre, mar it slagget my net, ik jou it oer. De groei-mindset moat in feroaring fan tinken bewurkje: ik kin it w\u00f3l, ik set troch, ik sil leare fan myn flaters. Dit boek wol de bern bybringe, hoe\u2019t hja frustraasjes oerwinne kinne troch posityf te tinken. Fan it meitsjen fan flaters kinst in protte leare.Dit wurkboek befettet 32 siden mei wurkbl\u00eaden, d\u00ear\u2019t de bern selsstannich of yn groepsferb\u00e2n mei oan \u2019e slach kinne. In soad bl\u00eaden jouwe oanlieding ta in \u00fbnderling petear en \u00fatwikseling fan eigen \u00fbnderfiningen, tsjinslaggen en oerwinningen. Yn \u2019e hantlieding steane g\u00e2ns opdrachten en tips. Hy is fergees te downloaden. It wurkboek is fan stevich en kwalitatyf goed papier, d\u00ear\u2019t de bern maklik en d\u00fadlik op skriuwe en tekenje kinne. Dit wurkboek is gaadlik fan groep 5 \u00f4f. Heiten en memmen dy\u2019t th\u00fas mei Mindset teset gean wolle, kinne it wurkboek en de hantlieding ek br\u00fbke.<\/p>\n","protected":false},"excerpt":{"rendered":"<p>Dit is in mindset-wurkboek. In mindset is in wize fan tinken of in mentale h\u00e2lding dy\u2019t immen oannimt. Proffesor Carol Dweck hat mindset yntrodusearre. In mindset kin positive of negative ynfloeden hawwe op it wolslagjen of mislearjen fan wat men berikke wol. Dit boek wurket mei twa begripen: de f\u00easte mindset en de groei-mindset. Gauris [&hellip;]<\/p>\n","protected":false},"featured_media":32620,"comment_status":"closed","ping_status":"closed","template":"","meta":{"_acf_changed":false},"product_brand":[],"product_cat":[19939],"product_tag":[20110],"class_list":{"0":"post-32648","1":"product","2":"type-product","3":"status-publish","4":"has-post-thumbnail","6":"product_cat-lesmateriaal","7":"product_tag-taalplan-websjop","8":"product_shipping_class-brievenbus-verzending","10":"first","11":"instock","12":"taxable","13":"shipping-taxable","14":"purchasable","15":"product-type-simple"},"acf":[],"yoast_head":"<!-- This site is optimized with the Yoast SEO plugin v27.3 - https:\/\/yoast.com\/product\/yoast-seo-wordpress\/ -->\n<title>Mindset wurkboek &#8211; Af\u00fbk Websjop<\/title>\n<meta name=\"robots\" content=\"index, follow, max-snippet:-1, max-image-preview:large, max-video-preview:-1\" \/>\n<link rel=\"canonical\" href=\"https:\/\/websjop.afuk.frl\/frl\/winkel\/mindset-wurkboek\/\" \/>\n<meta property=\"og:locale\" content=\"fy_NL\" \/>\n<meta property=\"og:type\" content=\"article\" \/>\n<meta property=\"og:title\" content=\"Mindset wurkboek &#8211; Af\u00fbk Websjop\" \/>\n<meta property=\"og:description\" content=\"Dit is in mindset-wurkboek. In mindset is in wize fan tinken of in mentale h\u00e2lding dy\u2019t immen oannimt. Proffesor Carol Dweck hat mindset yntrodusearre. In mindset kin positive of negative ynfloeden hawwe op it wolslagjen of mislearjen fan wat men berikke wol. Dit boek wurket mei twa begripen: de f\u00easte mindset en de groei-mindset. Gauris [&hellip;]\" \/>\n<meta property=\"og:url\" content=\"https:\/\/websjop.afuk.frl\/frl\/winkel\/mindset-wurkboek\/\" \/>\n<meta property=\"og:site_name\" content=\"Af\u00fbk Websjop\" \/>\n<meta property=\"article:modified_time\" content=\"2025-12-03T11:31:31+00:00\" \/>\n<meta property=\"og:image\" content=\"https:\/\/websjop.afuk.frl\/wp-content\/uploads\/2022\/02\/WEBSHOP-mindset.jpg\" \/>\n\t<meta property=\"og:image:width\" content=\"1080\" \/>\n\t<meta property=\"og:image:height\" content=\"1080\" \/>\n\t<meta property=\"og:image:type\" content=\"image\/jpeg\" \/>\n<meta name=\"twitter:card\" content=\"summary_large_image\" \/>\n<meta name=\"twitter:label1\" content=\"Est. reading time\" \/>\n\t<meta name=\"twitter:data1\" content=\"1 minute\" \/>\n<script type=\"application\/ld+json\" class=\"yoast-schema-graph\">{\"@context\":\"https:\\\/\\\/schema.org\",\"@graph\":[{\"@type\":\"WebPage\",\"@id\":\"https:\\\/\\\/websjop.afuk.frl\\\/frl\\\/winkel\\\/mindset-wurkboek\\\/\",\"url\":\"https:\\\/\\\/websjop.afuk.frl\\\/frl\\\/winkel\\\/mindset-wurkboek\\\/\",\"name\":\"Mindset wurkboek &#8211; Af\u00fbk Websjop\",\"isPartOf\":{\"@id\":\"https:\\\/\\\/websjop.afuk.frl\\\/frl\\\/#website\"},\"primaryImageOfPage\":{\"@id\":\"https:\\\/\\\/websjop.afuk.frl\\\/frl\\\/winkel\\\/mindset-wurkboek\\\/#primaryimage\"},\"image\":{\"@id\":\"https:\\\/\\\/websjop.afuk.frl\\\/frl\\\/winkel\\\/mindset-wurkboek\\\/#primaryimage\"},\"thumbnailUrl\":\"https:\\\/\\\/websjop.afuk.frl\\\/wp-content\\\/uploads\\\/2022\\\/02\\\/WEBSHOP-mindset.jpg\",\"datePublished\":\"2022-02-13T21:04:18+00:00\",\"dateModified\":\"2025-12-03T11:31:31+00:00\",\"breadcrumb\":{\"@id\":\"https:\\\/\\\/websjop.afuk.frl\\\/frl\\\/winkel\\\/mindset-wurkboek\\\/#breadcrumb\"},\"inLanguage\":\"fy-NL\",\"potentialAction\":[{\"@type\":\"ReadAction\",\"target\":[\"https:\\\/\\\/websjop.afuk.frl\\\/frl\\\/winkel\\\/mindset-wurkboek\\\/\"]}]},{\"@type\":\"ImageObject\",\"inLanguage\":\"fy-NL\",\"@id\":\"https:\\\/\\\/websjop.afuk.frl\\\/frl\\\/winkel\\\/mindset-wurkboek\\\/#primaryimage\",\"url\":\"https:\\\/\\\/websjop.afuk.frl\\\/wp-content\\\/uploads\\\/2022\\\/02\\\/WEBSHOP-mindset.jpg\",\"contentUrl\":\"https:\\\/\\\/websjop.afuk.frl\\\/wp-content\\\/uploads\\\/2022\\\/02\\\/WEBSHOP-mindset.jpg\",\"width\":1080,\"height\":1080},{\"@type\":\"BreadcrumbList\",\"@id\":\"https:\\\/\\\/websjop.afuk.frl\\\/frl\\\/winkel\\\/mindset-wurkboek\\\/#breadcrumb\",\"itemListElement\":[{\"@type\":\"ListItem\",\"position\":1,\"name\":\"Home\",\"item\":\"https:\\\/\\\/websjop.afuk.frl\\\/frl\\\/\"},{\"@type\":\"ListItem\",\"position\":2,\"name\":\"Winkel\",\"item\":\"https:\\\/\\\/websjop.afuk.frl\\\/nl\\\/winkel\\\/\"},{\"@type\":\"ListItem\",\"position\":3,\"name\":\"Mindset wurkboek\"}]},{\"@type\":\"WebSite\",\"@id\":\"https:\\\/\\\/websjop.afuk.frl\\\/frl\\\/#website\",\"url\":\"https:\\\/\\\/websjop.afuk.frl\\\/frl\\\/\",\"name\":\"Af\u00fbk Websjop\",\"description\":\"\",\"potentialAction\":[{\"@type\":\"SearchAction\",\"target\":{\"@type\":\"EntryPoint\",\"urlTemplate\":\"https:\\\/\\\/websjop.afuk.frl\\\/frl\\\/?s={search_term_string}\"},\"query-input\":{\"@type\":\"PropertyValueSpecification\",\"valueRequired\":true,\"valueName\":\"search_term_string\"}}],\"inLanguage\":\"fy-NL\"}]}<\/script>\n<!-- \/ Yoast SEO plugin. -->","yoast_head_json":{"title":"Mindset wurkboek &#8211; Af\u00fbk Websjop","robots":{"index":"index","follow":"follow","max-snippet":"max-snippet:-1","max-image-preview":"max-image-preview:large","max-video-preview":"max-video-preview:-1"},"canonical":"https:\/\/websjop.afuk.frl\/frl\/winkel\/mindset-wurkboek\/","og_locale":"fy_NL","og_type":"article","og_title":"Mindset wurkboek &#8211; Af\u00fbk Websjop","og_description":"Dit is in mindset-wurkboek. In mindset is in wize fan tinken of in mentale h\u00e2lding dy\u2019t immen oannimt. Proffesor Carol Dweck hat mindset yntrodusearre. In mindset kin positive of negative ynfloeden hawwe op it wolslagjen of mislearjen fan wat men berikke wol. Dit boek wurket mei twa begripen: de f\u00easte mindset en de groei-mindset. Gauris [&hellip;]","og_url":"https:\/\/websjop.afuk.frl\/frl\/winkel\/mindset-wurkboek\/","og_site_name":"Af\u00fbk Websjop","article_modified_time":"2025-12-03T11:31:31+00:00","og_image":[{"width":1080,"height":1080,"url":"https:\/\/websjop.afuk.frl\/wp-content\/uploads\/2022\/02\/WEBSHOP-mindset.jpg","type":"image\/jpeg"}],"twitter_card":"summary_large_image","twitter_misc":{"Est. reading time":"1 minute"},"schema":{"@context":"https:\/\/schema.org","@graph":[{"@type":"WebPage","@id":"https:\/\/websjop.afuk.frl\/frl\/winkel\/mindset-wurkboek\/","url":"https:\/\/websjop.afuk.frl\/frl\/winkel\/mindset-wurkboek\/","name":"Mindset wurkboek &#8211; Af\u00fbk Websjop","isPartOf":{"@id":"https:\/\/websjop.afuk.frl\/frl\/#website"},"primaryImageOfPage":{"@id":"https:\/\/websjop.afuk.frl\/frl\/winkel\/mindset-wurkboek\/#primaryimage"},"image":{"@id":"https:\/\/websjop.afuk.frl\/frl\/winkel\/mindset-wurkboek\/#primaryimage"},"thumbnailUrl":"https:\/\/websjop.afuk.frl\/wp-content\/uploads\/2022\/02\/WEBSHOP-mindset.jpg","datePublished":"2022-02-13T21:04:18+00:00","dateModified":"2025-12-03T11:31:31+00:00","breadcrumb":{"@id":"https:\/\/websjop.afuk.frl\/frl\/winkel\/mindset-wurkboek\/#breadcrumb"},"inLanguage":"fy-NL","potentialAction":[{"@type":"ReadAction","target":["https:\/\/websjop.afuk.frl\/frl\/winkel\/mindset-wurkboek\/"]}]},{"@type":"ImageObject","inLanguage":"fy-NL","@id":"https:\/\/websjop.afuk.frl\/frl\/winkel\/mindset-wurkboek\/#primaryimage","url":"https:\/\/websjop.afuk.frl\/wp-content\/uploads\/2022\/02\/WEBSHOP-mindset.jpg","contentUrl":"https:\/\/websjop.afuk.frl\/wp-content\/uploads\/2022\/02\/WEBSHOP-mindset.jpg","width":1080,"height":1080},{"@type":"BreadcrumbList","@id":"https:\/\/websjop.afuk.frl\/frl\/winkel\/mindset-wurkboek\/#breadcrumb","itemListElement":[{"@type":"ListItem","position":1,"name":"Home","item":"https:\/\/websjop.afuk.frl\/frl\/"},{"@type":"ListItem","position":2,"name":"Winkel","item":"https:\/\/websjop.afuk.frl\/nl\/winkel\/"},{"@type":"ListItem","position":3,"name":"Mindset wurkboek"}]},{"@type":"WebSite","@id":"https:\/\/websjop.afuk.frl\/frl\/#website","url":"https:\/\/websjop.afuk.frl\/frl\/","name":"Af\u00fbk Websjop","description":"","potentialAction":[{"@type":"SearchAction","target":{"@type":"EntryPoint","urlTemplate":"https:\/\/websjop.afuk.frl\/frl\/?s={search_term_string}"},"query-input":{"@type":"PropertyValueSpecification","valueRequired":true,"valueName":"search_term_string"}}],"inLanguage":"fy-NL"}]}},"_links":{"self":[{"href":"https:\/\/websjop.afuk.frl\/frl\/wp-json\/wp\/v2\/product\/32648","targetHints":{"allow":["GET"]}}],"collection":[{"href":"https:\/\/websjop.afuk.frl\/frl\/wp-json\/wp\/v2\/product"}],"about":[{"href":"https:\/\/websjop.afuk.frl\/frl\/wp-json\/wp\/v2\/types\/product"}],"replies":[{"embeddable":true,"href":"https:\/\/websjop.afuk.frl\/frl\/wp-json\/wp\/v2\/comments?post=32648"}],"wp:featuredmedia":[{"embeddable":true,"href":"https:\/\/websjop.afuk.frl\/frl\/wp-json\/wp\/v2\/media\/32620"}],"wp:attachment":[{"href":"https:\/\/websjop.afuk.frl\/frl\/wp-json\/wp\/v2\/media?parent=32648"}],"wp:term":[{"taxonomy":"product_brand","embeddable":true,"href":"https:\/\/websjop.afuk.frl\/frl\/wp-json\/wp\/v2\/product_brand?post=32648"},{"taxonomy":"product_cat","embeddable":true,"href":"https:\/\/websjop.afuk.frl\/frl\/wp-json\/wp\/v2\/product_cat?post=32648"},{"taxonomy":"product_tag","embeddable":true,"href":"https:\/\/websjop.afuk.frl\/frl\/wp-json\/wp\/v2\/product_tag?post=32648"}],"curies":[{"name":"wp","href":"https:\/\/api.w.org\/{rel}","templated":true}]}}