{"id":30912,"date":"2021-12-06T13:18:27","date_gmt":"2021-12-06T12:18:27","guid":{"rendered":"https:\/\/websjop.afuk.frl\/nl\/?post_type=product&#038;p=30912"},"modified":"2022-02-01T10:11:43","modified_gmt":"2022-02-01T09:11:43","slug":"fugels-yn-us-koarte-ferhalen","status":"publish","type":"product","link":"https:\/\/websjop.afuk.frl\/frl\/winkel\/fugels-yn-us-koarte-ferhalen\/","title":{"rendered":"F\u00fbgels yn \u00fas &#8211; koarte ferhalen"},"content":{"rendered":"<p>De verhalen in deze bundel zijn licht absurdistisch van toon en kort en krachtig. Met emotie en gevoel voor taal neemt Catharina Lautenbach de lezer mee in humoristische situaties, familieconflicten en geheimen. Verschillende personages passeren in vogelvlucht de revue en zien zich gesteld voor vragen en problemen die intrigeren. Vaak komt er een onverwachte ontwikkeling tot stand.<\/p>\n<p>Catharina Lautenbach is geboren in Drachten (1964). <em>F\u00fbgels yn \u00fas <\/em>is haar literaire debuut.<\/p>\n","protected":false},"excerpt":{"rendered":"<p>De verhalen in deze bundel zijn licht absurdistisch van toon en kort en krachtig. Met emotie en gevoel voor taal neemt Catharina Lautenbach de lezer mee in humoristische situaties, familieconflicten en geheimen. Verschillende personages passeren in vogelvlucht de revue en zien zich gesteld voor vragen en problemen die intrigeren. Vaak komt er een onverwachte ontwikkeling [&hellip;]<\/p>\n","protected":false},"featured_media":30919,"comment_status":"closed","ping_status":"closed","template":"","meta":{"_acf_changed":false},"product_brand":[],"product_cat":[1040,535,1215],"product_tag":[19743,19740,19739,8628,19741,19742],"class_list":{"0":"post-30912","1":"product","2":"type-product","3":"status-publish","4":"has-post-thumbnail","6":"product_cat-ferhalebondels","7":"product_cat-fryske-boeken","8":"product_cat-romans-en-literatuer","9":"product_tag-absurd","10":"product_tag-catharina-lautenbach","11":"product_tag-fugels-yn-us","12":"product_tag-humor","13":"product_tag-koarte-ferhalen","14":"product_tag-korte-verhalen","15":"product_shipping_class-brievenbus-verzending","16":"pa_auteur-catharina-lautenbach","17":"pa_isbn-19737","18":"pa_new-label-1-3","19":"pa_taal-frysk","20":"pa_uitgever-bornmeer","22":"first","23":"instock","24":"taxable","25":"shipping-taxable","26":"purchasable","27":"product-type-simple"},"acf":[],"yoast_head":"<!-- This site is optimized with the Yoast SEO plugin v27.3 - https:\/\/yoast.com\/product\/yoast-seo-wordpress\/ -->\n<title>F\u00fbgels yn \u00fas - koarte ferhalen &#8211; Af\u00fbk Websjop<\/title>\n<meta name=\"description\" content=\"De verhalen in F\u00fbgels yn \u00fas zijn licht absurdistisch van toon en kort en krachtig. Met emotie neemt de schrijfster de lezer mee in humoristische situaties.\" \/>\n<meta name=\"robots\" content=\"index, follow, max-snippet:-1, max-image-preview:large, max-video-preview:-1\" \/>\n<link rel=\"canonical\" href=\"https:\/\/websjop.afuk.frl\/frl\/winkel\/fugels-yn-us-koarte-ferhalen\/\" \/>\n<meta property=\"og:locale\" content=\"fy_NL\" \/>\n<meta property=\"og:type\" content=\"article\" \/>\n<meta property=\"og:title\" content=\"F\u00fbgels yn \u00fas - koarte ferhalen &#8211; Af\u00fbk Websjop\" \/>\n<meta property=\"og:description\" content=\"De verhalen in F\u00fbgels yn \u00fas zijn licht absurdistisch van toon en kort en krachtig. Met emotie neemt de schrijfster de lezer mee in humoristische situaties.\" \/>\n<meta property=\"og:url\" content=\"https:\/\/websjop.afuk.frl\/frl\/winkel\/fugels-yn-us-koarte-ferhalen\/\" \/>\n<meta property=\"og:site_name\" content=\"Af\u00fbk Websjop\" \/>\n<meta property=\"article:modified_time\" content=\"2022-02-01T09:11:43+00:00\" \/>\n<meta property=\"og:image\" content=\"https:\/\/websjop.afuk.frl\/wp-content\/uploads\/2021\/12\/Fugels-yn-us542.jpg\" \/>\n\t<meta property=\"og:image:width\" content=\"413\" \/>\n\t<meta property=\"og:image:height\" content=\"644\" \/>\n\t<meta property=\"og:image:type\" content=\"image\/jpeg\" \/>\n<meta name=\"twitter:card\" content=\"summary_large_image\" \/>\n<script type=\"application\/ld+json\" class=\"yoast-schema-graph\">{\"@context\":\"https:\\\/\\\/schema.org\",\"@graph\":[{\"@type\":\"WebPage\",\"@id\":\"https:\\\/\\\/websjop.afuk.frl\\\/frl\\\/winkel\\\/fugels-yn-us-koarte-ferhalen\\\/\",\"url\":\"https:\\\/\\\/websjop.afuk.frl\\\/frl\\\/winkel\\\/fugels-yn-us-koarte-ferhalen\\\/\",\"name\":\"F\u00fbgels yn \u00fas - koarte ferhalen &#8211; Af\u00fbk Websjop\",\"isPartOf\":{\"@id\":\"https:\\\/\\\/websjop.afuk.frl\\\/frl\\\/#website\"},\"primaryImageOfPage\":{\"@id\":\"https:\\\/\\\/websjop.afuk.frl\\\/frl\\\/winkel\\\/fugels-yn-us-koarte-ferhalen\\\/#primaryimage\"},\"image\":{\"@id\":\"https:\\\/\\\/websjop.afuk.frl\\\/frl\\\/winkel\\\/fugels-yn-us-koarte-ferhalen\\\/#primaryimage\"},\"thumbnailUrl\":\"https:\\\/\\\/websjop.afuk.frl\\\/wp-content\\\/uploads\\\/2021\\\/12\\\/Fugels-yn-us542.jpg\",\"datePublished\":\"2021-12-06T12:18:27+00:00\",\"dateModified\":\"2022-02-01T09:11:43+00:00\",\"description\":\"De verhalen in F\u00fbgels yn \u00fas zijn licht absurdistisch van toon en kort en krachtig. Met emotie neemt de schrijfster de lezer mee in humoristische situaties.\",\"breadcrumb\":{\"@id\":\"https:\\\/\\\/websjop.afuk.frl\\\/frl\\\/winkel\\\/fugels-yn-us-koarte-ferhalen\\\/#breadcrumb\"},\"inLanguage\":\"fy-NL\",\"potentialAction\":[{\"@type\":\"ReadAction\",\"target\":[\"https:\\\/\\\/websjop.afuk.frl\\\/frl\\\/winkel\\\/fugels-yn-us-koarte-ferhalen\\\/\"]}]},{\"@type\":\"ImageObject\",\"inLanguage\":\"fy-NL\",\"@id\":\"https:\\\/\\\/websjop.afuk.frl\\\/frl\\\/winkel\\\/fugels-yn-us-koarte-ferhalen\\\/#primaryimage\",\"url\":\"https:\\\/\\\/websjop.afuk.frl\\\/wp-content\\\/uploads\\\/2021\\\/12\\\/Fugels-yn-us542.jpg\",\"contentUrl\":\"https:\\\/\\\/websjop.afuk.frl\\\/wp-content\\\/uploads\\\/2021\\\/12\\\/Fugels-yn-us542.jpg\",\"width\":413,\"height\":644,\"caption\":\"F\u00fbgels yn \u00fas\"},{\"@type\":\"BreadcrumbList\",\"@id\":\"https:\\\/\\\/websjop.afuk.frl\\\/frl\\\/winkel\\\/fugels-yn-us-koarte-ferhalen\\\/#breadcrumb\",\"itemListElement\":[{\"@type\":\"ListItem\",\"position\":1,\"name\":\"Home\",\"item\":\"https:\\\/\\\/websjop.afuk.frl\\\/frl\\\/\"},{\"@type\":\"ListItem\",\"position\":2,\"name\":\"Winkel\",\"item\":\"https:\\\/\\\/websjop.afuk.frl\\\/nl\\\/winkel\\\/\"},{\"@type\":\"ListItem\",\"position\":3,\"name\":\"F\u00fbgels yn \u00fas &#8211; koarte ferhalen\"}]},{\"@type\":\"WebSite\",\"@id\":\"https:\\\/\\\/websjop.afuk.frl\\\/frl\\\/#website\",\"url\":\"https:\\\/\\\/websjop.afuk.frl\\\/frl\\\/\",\"name\":\"Af\u00fbk Websjop\",\"description\":\"\",\"potentialAction\":[{\"@type\":\"SearchAction\",\"target\":{\"@type\":\"EntryPoint\",\"urlTemplate\":\"https:\\\/\\\/websjop.afuk.frl\\\/frl\\\/?s={search_term_string}\"},\"query-input\":{\"@type\":\"PropertyValueSpecification\",\"valueRequired\":true,\"valueName\":\"search_term_string\"}}],\"inLanguage\":\"fy-NL\"}]}<\/script>\n<!-- \/ Yoast SEO plugin. -->","yoast_head_json":{"title":"F\u00fbgels yn \u00fas - koarte ferhalen &#8211; Af\u00fbk Websjop","description":"De verhalen in F\u00fbgels yn \u00fas zijn licht absurdistisch van toon en kort en krachtig. Met emotie neemt de schrijfster de lezer mee in humoristische situaties.","robots":{"index":"index","follow":"follow","max-snippet":"max-snippet:-1","max-image-preview":"max-image-preview:large","max-video-preview":"max-video-preview:-1"},"canonical":"https:\/\/websjop.afuk.frl\/frl\/winkel\/fugels-yn-us-koarte-ferhalen\/","og_locale":"fy_NL","og_type":"article","og_title":"F\u00fbgels yn \u00fas - koarte ferhalen &#8211; Af\u00fbk Websjop","og_description":"De verhalen in F\u00fbgels yn \u00fas zijn licht absurdistisch van toon en kort en krachtig. Met emotie neemt de schrijfster de lezer mee in humoristische situaties.","og_url":"https:\/\/websjop.afuk.frl\/frl\/winkel\/fugels-yn-us-koarte-ferhalen\/","og_site_name":"Af\u00fbk Websjop","article_modified_time":"2022-02-01T09:11:43+00:00","og_image":[{"width":413,"height":644,"url":"https:\/\/websjop.afuk.frl\/wp-content\/uploads\/2021\/12\/Fugels-yn-us542.jpg","type":"image\/jpeg"}],"twitter_card":"summary_large_image","schema":{"@context":"https:\/\/schema.org","@graph":[{"@type":"WebPage","@id":"https:\/\/websjop.afuk.frl\/frl\/winkel\/fugels-yn-us-koarte-ferhalen\/","url":"https:\/\/websjop.afuk.frl\/frl\/winkel\/fugels-yn-us-koarte-ferhalen\/","name":"F\u00fbgels yn \u00fas - koarte ferhalen &#8211; Af\u00fbk Websjop","isPartOf":{"@id":"https:\/\/websjop.afuk.frl\/frl\/#website"},"primaryImageOfPage":{"@id":"https:\/\/websjop.afuk.frl\/frl\/winkel\/fugels-yn-us-koarte-ferhalen\/#primaryimage"},"image":{"@id":"https:\/\/websjop.afuk.frl\/frl\/winkel\/fugels-yn-us-koarte-ferhalen\/#primaryimage"},"thumbnailUrl":"https:\/\/websjop.afuk.frl\/wp-content\/uploads\/2021\/12\/Fugels-yn-us542.jpg","datePublished":"2021-12-06T12:18:27+00:00","dateModified":"2022-02-01T09:11:43+00:00","description":"De verhalen in F\u00fbgels yn \u00fas zijn licht absurdistisch van toon en kort en krachtig. Met emotie neemt de schrijfster de lezer mee in humoristische situaties.","breadcrumb":{"@id":"https:\/\/websjop.afuk.frl\/frl\/winkel\/fugels-yn-us-koarte-ferhalen\/#breadcrumb"},"inLanguage":"fy-NL","potentialAction":[{"@type":"ReadAction","target":["https:\/\/websjop.afuk.frl\/frl\/winkel\/fugels-yn-us-koarte-ferhalen\/"]}]},{"@type":"ImageObject","inLanguage":"fy-NL","@id":"https:\/\/websjop.afuk.frl\/frl\/winkel\/fugels-yn-us-koarte-ferhalen\/#primaryimage","url":"https:\/\/websjop.afuk.frl\/wp-content\/uploads\/2021\/12\/Fugels-yn-us542.jpg","contentUrl":"https:\/\/websjop.afuk.frl\/wp-content\/uploads\/2021\/12\/Fugels-yn-us542.jpg","width":413,"height":644,"caption":"F\u00fbgels yn \u00fas"},{"@type":"BreadcrumbList","@id":"https:\/\/websjop.afuk.frl\/frl\/winkel\/fugels-yn-us-koarte-ferhalen\/#breadcrumb","itemListElement":[{"@type":"ListItem","position":1,"name":"Home","item":"https:\/\/websjop.afuk.frl\/frl\/"},{"@type":"ListItem","position":2,"name":"Winkel","item":"https:\/\/websjop.afuk.frl\/nl\/winkel\/"},{"@type":"ListItem","position":3,"name":"F\u00fbgels yn \u00fas &#8211; koarte ferhalen"}]},{"@type":"WebSite","@id":"https:\/\/websjop.afuk.frl\/frl\/#website","url":"https:\/\/websjop.afuk.frl\/frl\/","name":"Af\u00fbk Websjop","description":"","potentialAction":[{"@type":"SearchAction","target":{"@type":"EntryPoint","urlTemplate":"https:\/\/websjop.afuk.frl\/frl\/?s={search_term_string}"},"query-input":{"@type":"PropertyValueSpecification","valueRequired":true,"valueName":"search_term_string"}}],"inLanguage":"fy-NL"}]}},"_links":{"self":[{"href":"https:\/\/websjop.afuk.frl\/frl\/wp-json\/wp\/v2\/product\/30912","targetHints":{"allow":["GET"]}}],"collection":[{"href":"https:\/\/websjop.afuk.frl\/frl\/wp-json\/wp\/v2\/product"}],"about":[{"href":"https:\/\/websjop.afuk.frl\/frl\/wp-json\/wp\/v2\/types\/product"}],"replies":[{"embeddable":true,"href":"https:\/\/websjop.afuk.frl\/frl\/wp-json\/wp\/v2\/comments?post=30912"}],"wp:featuredmedia":[{"embeddable":true,"href":"https:\/\/websjop.afuk.frl\/frl\/wp-json\/wp\/v2\/media\/30919"}],"wp:attachment":[{"href":"https:\/\/websjop.afuk.frl\/frl\/wp-json\/wp\/v2\/media?parent=30912"}],"wp:term":[{"taxonomy":"product_brand","embeddable":true,"href":"https:\/\/websjop.afuk.frl\/frl\/wp-json\/wp\/v2\/product_brand?post=30912"},{"taxonomy":"product_cat","embeddable":true,"href":"https:\/\/websjop.afuk.frl\/frl\/wp-json\/wp\/v2\/product_cat?post=30912"},{"taxonomy":"product_tag","embeddable":true,"href":"https:\/\/websjop.afuk.frl\/frl\/wp-json\/wp\/v2\/product_tag?post=30912"}],"curies":[{"name":"wp","href":"https:\/\/api.w.org\/{rel}","templated":true}]}}