{"id":30238,"date":"2021-11-11T13:32:23","date_gmt":"2021-11-11T12:32:23","guid":{"rendered":"https:\/\/websjop.afuk.frl\/nl\/?post_type=product&#038;p=30238"},"modified":"2025-07-09T11:58:43","modified_gmt":"2025-07-09T09:58:43","slug":"twee-in-een-shampoo-makke-yn-fryslan","status":"publish","type":"product","link":"https:\/\/websjop.afuk.frl\/frl\/winkel\/twee-in-een-shampoo-makke-yn-fryslan\/","title":{"rendered":"Twee-in-een Shampoo &#8211; Makke yn Frysl\u00e2n"},"content":{"rendered":"<p>Heerlijke Twee-in-een Shampoo, gemaakt in Frysl\u00e2n door De Zeepfabriek in Dokkum. Shampoo voor haar en body. Handig voor op reis of op de camping.<\/p>\n<p>Alleen voor uitwendig gebruik.<\/p>\n","protected":false},"excerpt":{"rendered":"<p>Heerlijke Twee-in-een Shampoo, gemaakt in Frysl\u00e2n door De Zeepfabriek in Dokkum. Shampoo voor haar en body. Handig voor op reis of op de camping. Alleen voor uitwendig gebruik.<\/p>\n","protected":false},"featured_media":30241,"comment_status":"closed","ping_status":"closed","template":"","meta":{"_acf_changed":false},"product_brand":[],"product_cat":[565,1255,21286],"product_tag":[19613,19614,19612,19610,19611],"class_list":{"0":"post-30238","1":"product","2":"type-product","3":"status-publish","4":"has-post-thumbnail","6":"product_cat-friese-producten","7":"product_cat-kado-s-foar-de-feestdagen","8":"product_cat-skoechkadootsjes","9":"product_tag-haar-en-body","10":"product_tag-hiele-liif","11":"product_tag-makke-yn-fryslan","12":"product_tag-twa-yn-ien-sjampoo","13":"product_tag-twee-in-een-sjampoo","14":"product_shipping_class-pakketpost-verzending","15":"pa_new-label-1-3","16":"pa_uitgever-de-zeepfabriek-dokkkum","18":"first","19":"instock","20":"taxable","21":"shipping-taxable","22":"purchasable","23":"product-type-simple"},"acf":[],"yoast_head":"<!-- This site is optimized with the Yoast SEO plugin v27.2 - https:\/\/yoast.com\/product\/yoast-seo-wordpress\/ -->\n<title>Twee-in-een Shampoo - Makke yn Frysl\u00e2n &#8211; Af\u00fbk Websjop<\/title>\n<meta name=\"description\" content=\"Heerlijke Twee-in-een Shampoo, gemaakt in Frysl\u00e2n door De Zeepfabriek in Dokkum. Shampoo voor haar en body. Handig voor op reis of op de camping.\" \/>\n<meta name=\"robots\" content=\"index, follow, max-snippet:-1, max-image-preview:large, max-video-preview:-1\" \/>\n<link rel=\"canonical\" href=\"https:\/\/websjop.afuk.frl\/frl\/winkel\/twee-in-een-shampoo-makke-yn-fryslan\/\" \/>\n<meta property=\"og:locale\" content=\"fy_NL\" \/>\n<meta property=\"og:type\" content=\"article\" \/>\n<meta property=\"og:title\" content=\"Twee-in-een Shampoo - Makke yn Frysl\u00e2n &#8211; Af\u00fbk Websjop\" \/>\n<meta property=\"og:description\" content=\"Heerlijke Twee-in-een Shampoo, gemaakt in Frysl\u00e2n door De Zeepfabriek in Dokkum. Shampoo voor haar en body. Handig voor op reis of op de camping.\" \/>\n<meta property=\"og:url\" content=\"https:\/\/websjop.afuk.frl\/frl\/winkel\/twee-in-een-shampoo-makke-yn-fryslan\/\" \/>\n<meta property=\"og:site_name\" content=\"Af\u00fbk Websjop\" \/>\n<meta property=\"article:modified_time\" content=\"2025-07-09T09:58:43+00:00\" \/>\n<meta property=\"og:image\" content=\"https:\/\/websjop.afuk.frl\/wp-content\/uploads\/2021\/11\/Twa-yn-ien-sjampoo-scaled.jpg\" \/>\n\t<meta property=\"og:image:width\" content=\"1675\" \/>\n\t<meta property=\"og:image:height\" content=\"2560\" \/>\n\t<meta property=\"og:image:type\" content=\"image\/jpeg\" \/>\n<meta name=\"twitter:card\" content=\"summary_large_image\" \/>\n<script type=\"application\/ld+json\" class=\"yoast-schema-graph\">{\"@context\":\"https:\/\/schema.org\",\"@graph\":[{\"@type\":\"WebPage\",\"@id\":\"https:\/\/websjop.afuk.frl\/frl\/winkel\/twee-in-een-shampoo-makke-yn-fryslan\/\",\"url\":\"https:\/\/websjop.afuk.frl\/frl\/winkel\/twee-in-een-shampoo-makke-yn-fryslan\/\",\"name\":\"Twee-in-een Shampoo - Makke yn Frysl\u00e2n &#8211; Af\u00fbk Websjop\",\"isPartOf\":{\"@id\":\"https:\/\/websjop.afuk.frl\/frl\/#website\"},\"primaryImageOfPage\":{\"@id\":\"https:\/\/websjop.afuk.frl\/frl\/winkel\/twee-in-een-shampoo-makke-yn-fryslan\/#primaryimage\"},\"image\":{\"@id\":\"https:\/\/websjop.afuk.frl\/frl\/winkel\/twee-in-een-shampoo-makke-yn-fryslan\/#primaryimage\"},\"thumbnailUrl\":\"https:\/\/websjop.afuk.frl\/wp-content\/uploads\/2021\/11\/Twa-yn-ien-sjampoo-scaled.jpg\",\"datePublished\":\"2021-11-11T12:32:23+00:00\",\"dateModified\":\"2025-07-09T09:58:43+00:00\",\"description\":\"Heerlijke Twee-in-een Shampoo, gemaakt in Frysl\u00e2n door De Zeepfabriek in Dokkum. Shampoo voor haar en body. Handig voor op reis of op de camping.\",\"breadcrumb\":{\"@id\":\"https:\/\/websjop.afuk.frl\/frl\/winkel\/twee-in-een-shampoo-makke-yn-fryslan\/#breadcrumb\"},\"inLanguage\":\"fy-NL\",\"potentialAction\":[{\"@type\":\"ReadAction\",\"target\":[\"https:\/\/websjop.afuk.frl\/frl\/winkel\/twee-in-een-shampoo-makke-yn-fryslan\/\"]}]},{\"@type\":\"ImageObject\",\"inLanguage\":\"fy-NL\",\"@id\":\"https:\/\/websjop.afuk.frl\/frl\/winkel\/twee-in-een-shampoo-makke-yn-fryslan\/#primaryimage\",\"url\":\"https:\/\/websjop.afuk.frl\/wp-content\/uploads\/2021\/11\/Twa-yn-ien-sjampoo-scaled.jpg\",\"contentUrl\":\"https:\/\/websjop.afuk.frl\/wp-content\/uploads\/2021\/11\/Twa-yn-ien-sjampoo-scaled.jpg\",\"width\":1675,\"height\":2560,\"caption\":\"Twa yn ien sjampoo\"},{\"@type\":\"BreadcrumbList\",\"@id\":\"https:\/\/websjop.afuk.frl\/frl\/winkel\/twee-in-een-shampoo-makke-yn-fryslan\/#breadcrumb\",\"itemListElement\":[{\"@type\":\"ListItem\",\"position\":1,\"name\":\"Home\",\"item\":\"https:\/\/websjop.afuk.frl\/frl\/\"},{\"@type\":\"ListItem\",\"position\":2,\"name\":\"Winkel\",\"item\":\"https:\/\/websjop.afuk.frl\/nl\/winkel\/\"},{\"@type\":\"ListItem\",\"position\":3,\"name\":\"Twee-in-een Shampoo &#8211; Makke yn Frysl\u00e2n\"}]},{\"@type\":\"WebSite\",\"@id\":\"https:\/\/websjop.afuk.frl\/frl\/#website\",\"url\":\"https:\/\/websjop.afuk.frl\/frl\/\",\"name\":\"Af\u00fbk Websjop\",\"description\":\"\",\"potentialAction\":[{\"@type\":\"SearchAction\",\"target\":{\"@type\":\"EntryPoint\",\"urlTemplate\":\"https:\/\/websjop.afuk.frl\/frl\/?s={search_term_string}\"},\"query-input\":{\"@type\":\"PropertyValueSpecification\",\"valueRequired\":true,\"valueName\":\"search_term_string\"}}],\"inLanguage\":\"fy-NL\"}]}<\/script>\n<!-- \/ Yoast SEO plugin. -->","yoast_head_json":{"title":"Twee-in-een Shampoo - Makke yn Frysl\u00e2n &#8211; Af\u00fbk Websjop","description":"Heerlijke Twee-in-een Shampoo, gemaakt in Frysl\u00e2n door De Zeepfabriek in Dokkum. Shampoo voor haar en body. Handig voor op reis of op de camping.","robots":{"index":"index","follow":"follow","max-snippet":"max-snippet:-1","max-image-preview":"max-image-preview:large","max-video-preview":"max-video-preview:-1"},"canonical":"https:\/\/websjop.afuk.frl\/frl\/winkel\/twee-in-een-shampoo-makke-yn-fryslan\/","og_locale":"fy_NL","og_type":"article","og_title":"Twee-in-een Shampoo - Makke yn Frysl\u00e2n &#8211; Af\u00fbk Websjop","og_description":"Heerlijke Twee-in-een Shampoo, gemaakt in Frysl\u00e2n door De Zeepfabriek in Dokkum. Shampoo voor haar en body. Handig voor op reis of op de camping.","og_url":"https:\/\/websjop.afuk.frl\/frl\/winkel\/twee-in-een-shampoo-makke-yn-fryslan\/","og_site_name":"Af\u00fbk Websjop","article_modified_time":"2025-07-09T09:58:43+00:00","og_image":[{"width":1675,"height":2560,"url":"https:\/\/websjop.afuk.frl\/wp-content\/uploads\/2021\/11\/Twa-yn-ien-sjampoo-scaled.jpg","type":"image\/jpeg"}],"twitter_card":"summary_large_image","schema":{"@context":"https:\/\/schema.org","@graph":[{"@type":"WebPage","@id":"https:\/\/websjop.afuk.frl\/frl\/winkel\/twee-in-een-shampoo-makke-yn-fryslan\/","url":"https:\/\/websjop.afuk.frl\/frl\/winkel\/twee-in-een-shampoo-makke-yn-fryslan\/","name":"Twee-in-een Shampoo - Makke yn Frysl\u00e2n &#8211; Af\u00fbk Websjop","isPartOf":{"@id":"https:\/\/websjop.afuk.frl\/frl\/#website"},"primaryImageOfPage":{"@id":"https:\/\/websjop.afuk.frl\/frl\/winkel\/twee-in-een-shampoo-makke-yn-fryslan\/#primaryimage"},"image":{"@id":"https:\/\/websjop.afuk.frl\/frl\/winkel\/twee-in-een-shampoo-makke-yn-fryslan\/#primaryimage"},"thumbnailUrl":"https:\/\/websjop.afuk.frl\/wp-content\/uploads\/2021\/11\/Twa-yn-ien-sjampoo-scaled.jpg","datePublished":"2021-11-11T12:32:23+00:00","dateModified":"2025-07-09T09:58:43+00:00","description":"Heerlijke Twee-in-een Shampoo, gemaakt in Frysl\u00e2n door De Zeepfabriek in Dokkum. Shampoo voor haar en body. Handig voor op reis of op de camping.","breadcrumb":{"@id":"https:\/\/websjop.afuk.frl\/frl\/winkel\/twee-in-een-shampoo-makke-yn-fryslan\/#breadcrumb"},"inLanguage":"fy-NL","potentialAction":[{"@type":"ReadAction","target":["https:\/\/websjop.afuk.frl\/frl\/winkel\/twee-in-een-shampoo-makke-yn-fryslan\/"]}]},{"@type":"ImageObject","inLanguage":"fy-NL","@id":"https:\/\/websjop.afuk.frl\/frl\/winkel\/twee-in-een-shampoo-makke-yn-fryslan\/#primaryimage","url":"https:\/\/websjop.afuk.frl\/wp-content\/uploads\/2021\/11\/Twa-yn-ien-sjampoo-scaled.jpg","contentUrl":"https:\/\/websjop.afuk.frl\/wp-content\/uploads\/2021\/11\/Twa-yn-ien-sjampoo-scaled.jpg","width":1675,"height":2560,"caption":"Twa yn ien sjampoo"},{"@type":"BreadcrumbList","@id":"https:\/\/websjop.afuk.frl\/frl\/winkel\/twee-in-een-shampoo-makke-yn-fryslan\/#breadcrumb","itemListElement":[{"@type":"ListItem","position":1,"name":"Home","item":"https:\/\/websjop.afuk.frl\/frl\/"},{"@type":"ListItem","position":2,"name":"Winkel","item":"https:\/\/websjop.afuk.frl\/nl\/winkel\/"},{"@type":"ListItem","position":3,"name":"Twee-in-een Shampoo &#8211; Makke yn Frysl\u00e2n"}]},{"@type":"WebSite","@id":"https:\/\/websjop.afuk.frl\/frl\/#website","url":"https:\/\/websjop.afuk.frl\/frl\/","name":"Af\u00fbk Websjop","description":"","potentialAction":[{"@type":"SearchAction","target":{"@type":"EntryPoint","urlTemplate":"https:\/\/websjop.afuk.frl\/frl\/?s={search_term_string}"},"query-input":{"@type":"PropertyValueSpecification","valueRequired":true,"valueName":"search_term_string"}}],"inLanguage":"fy-NL"}]}},"_links":{"self":[{"href":"https:\/\/websjop.afuk.frl\/frl\/wp-json\/wp\/v2\/product\/30238","targetHints":{"allow":["GET"]}}],"collection":[{"href":"https:\/\/websjop.afuk.frl\/frl\/wp-json\/wp\/v2\/product"}],"about":[{"href":"https:\/\/websjop.afuk.frl\/frl\/wp-json\/wp\/v2\/types\/product"}],"replies":[{"embeddable":true,"href":"https:\/\/websjop.afuk.frl\/frl\/wp-json\/wp\/v2\/comments?post=30238"}],"wp:featuredmedia":[{"embeddable":true,"href":"https:\/\/websjop.afuk.frl\/frl\/wp-json\/wp\/v2\/media\/30241"}],"wp:attachment":[{"href":"https:\/\/websjop.afuk.frl\/frl\/wp-json\/wp\/v2\/media?parent=30238"}],"wp:term":[{"taxonomy":"product_brand","embeddable":true,"href":"https:\/\/websjop.afuk.frl\/frl\/wp-json\/wp\/v2\/product_brand?post=30238"},{"taxonomy":"product_cat","embeddable":true,"href":"https:\/\/websjop.afuk.frl\/frl\/wp-json\/wp\/v2\/product_cat?post=30238"},{"taxonomy":"product_tag","embeddable":true,"href":"https:\/\/websjop.afuk.frl\/frl\/wp-json\/wp\/v2\/product_tag?post=30238"}],"curies":[{"name":"wp","href":"https:\/\/api.w.org\/{rel}","templated":true}]}}