{"id":30228,"date":"2021-11-11T12:31:07","date_gmt":"2021-11-11T11:31:07","guid":{"rendered":"https:\/\/websjop.afuk.frl\/nl\/?post_type=product&#038;p=30228"},"modified":"2025-04-09T13:19:24","modified_gmt":"2025-04-09T11:19:24","slug":"loft-en-lan-gesprekken-over-tsjebbe-hettinga","status":"publish","type":"product","link":"https:\/\/websjop.afuk.frl\/frl\/winkel\/loft-en-lan-gesprekken-over-tsjebbe-hettinga\/","title":{"rendered":"Loft en L\u00e2n &#8211; gesprekken over Tsj\u00eabbe Hettinga"},"content":{"rendered":"<p>Vele jaren na zijn overlijden blijven Tsj\u00eabbe Hettinga en zijn voordracht ons nog fascineren. Een bard, slechtziend, met lange, epische gedichten en fabelachtige, onvergetelijke optredens. David Van Reybrouck schreef na zijn overlijden in een memoriam: &#8216;De klei was hem net zo dierbaar als de albatros.&#8217;<\/p>\n<p>Wie was deze dichter? In <em>Loft en L\u00e2n<\/em> wordt een poging gedaan deze vraag te beantwoorden. In interviews met de auteur vertellen vrienden, familie en collega&#8217;s over hun vriendschap en samenwerking met Tsj\u00eabbe Hettinga.<\/p>\n<p>Jesse van Amelsvoort was als promovendus verbonden aan de Rijksuniversiteit Groningen\/Campus Frysl\u00e2n en werkt als docent moderne Europese letterkunde aan de Universieit van Amsterdam.<\/p>\n","protected":false},"excerpt":{"rendered":"<p>Vele jaren na zijn overlijden blijven Tsj\u00eabbe Hettinga en zijn voordracht ons nog fascineren. Een bard, slechtziend, met lange, epische gedichten en fabelachtige, onvergetelijke optredens. David Van Reybrouck schreef na zijn overlijden in een memoriam: &#8216;De klei was hem net zo dierbaar als de albatros.&#8217; Wie was deze dichter? In Loft en L\u00e2n wordt een [&hellip;]<\/p>\n","protected":false},"featured_media":30229,"comment_status":"closed","ping_status":"closed","template":"","meta":{"_acf_changed":false},"product_brand":[],"product_cat":[554,535,574],"product_tag":[19596,5887,19595,19597,19593,19598,19594],"class_list":{"0":"post-30228","1":"product","2":"type-product","3":"status-publish","4":"has-post-thumbnail","6":"product_cat-ferskaat","7":"product_cat-fryske-boeken","8":"product_cat-oanbiedingen","9":"product_tag-bard","10":"product_tag-dichter","11":"product_tag-interviews","12":"product_tag-jesse-van-amelsvoort","13":"product_tag-loft-en-lan","14":"product_tag-performer","15":"product_tag-tsjebbe-hettinga","16":"product_shipping_class-brievenbus-verzending","17":"pa_auteur-jesse-van-amelsvoort","18":"pa_isbn-19592","19":"pa_new-label-1-3","20":"pa_taal-nederlands","21":"pa_uitgever-bornmeer","23":"first","24":"instock","25":"sale","26":"taxable","27":"shipping-taxable","28":"purchasable","29":"product-type-simple"},"acf":[],"yoast_head":"<!-- This site is optimized with the Yoast SEO plugin v27.3 - https:\/\/yoast.com\/product\/yoast-seo-wordpress\/ -->\n<title>Loft en L\u00e2n - gesprekken over Tsj\u00eabbe Hettinga &#8211; Af\u00fbk Websjop<\/title>\n<meta name=\"description\" content=\"In Loft en L\u00e2n wordt een poging gedaan de vraag Wie was Tsj\u00eabbe Hettinga te beantwoorden. In interviews vertellen vrienden,familie en collega&#039;s over Tsj\u00eabbe\" \/>\n<meta name=\"robots\" content=\"index, follow, max-snippet:-1, max-image-preview:large, max-video-preview:-1\" \/>\n<link rel=\"canonical\" href=\"https:\/\/websjop.afuk.frl\/frl\/winkel\/loft-en-lan-gesprekken-over-tsjebbe-hettinga\/\" \/>\n<meta property=\"og:locale\" content=\"fy_NL\" \/>\n<meta property=\"og:type\" content=\"article\" \/>\n<meta property=\"og:title\" content=\"Loft en L\u00e2n - gesprekken over Tsj\u00eabbe Hettinga &#8211; Af\u00fbk Websjop\" \/>\n<meta property=\"og:description\" content=\"In Loft en L\u00e2n wordt een poging gedaan de vraag Wie was Tsj\u00eabbe Hettinga te beantwoorden. In interviews vertellen vrienden,familie en collega&#039;s over Tsj\u00eabbe\" \/>\n<meta property=\"og:url\" content=\"https:\/\/websjop.afuk.frl\/frl\/winkel\/loft-en-lan-gesprekken-over-tsjebbe-hettinga\/\" \/>\n<meta property=\"og:site_name\" content=\"Af\u00fbk Websjop\" \/>\n<meta property=\"article:modified_time\" content=\"2025-04-09T11:19:24+00:00\" \/>\n<meta property=\"og:image\" content=\"https:\/\/websjop.afuk.frl\/wp-content\/uploads\/2021\/11\/Loft-en-Lan516.jpg\" \/>\n\t<meta property=\"og:image:width\" content=\"384\" \/>\n\t<meta property=\"og:image:height\" content=\"595\" \/>\n\t<meta property=\"og:image:type\" content=\"image\/jpeg\" \/>\n<meta name=\"twitter:card\" content=\"summary_large_image\" \/>\n<meta name=\"twitter:label1\" content=\"Est. reading time\" \/>\n\t<meta name=\"twitter:data1\" content=\"1 minute\" \/>\n<script type=\"application\/ld+json\" class=\"yoast-schema-graph\">{\"@context\":\"https:\\\/\\\/schema.org\",\"@graph\":[{\"@type\":\"WebPage\",\"@id\":\"https:\\\/\\\/websjop.afuk.frl\\\/frl\\\/winkel\\\/loft-en-lan-gesprekken-over-tsjebbe-hettinga\\\/\",\"url\":\"https:\\\/\\\/websjop.afuk.frl\\\/frl\\\/winkel\\\/loft-en-lan-gesprekken-over-tsjebbe-hettinga\\\/\",\"name\":\"Loft en L\u00e2n - gesprekken over Tsj\u00eabbe Hettinga &#8211; Af\u00fbk Websjop\",\"isPartOf\":{\"@id\":\"https:\\\/\\\/websjop.afuk.frl\\\/frl\\\/#website\"},\"primaryImageOfPage\":{\"@id\":\"https:\\\/\\\/websjop.afuk.frl\\\/frl\\\/winkel\\\/loft-en-lan-gesprekken-over-tsjebbe-hettinga\\\/#primaryimage\"},\"image\":{\"@id\":\"https:\\\/\\\/websjop.afuk.frl\\\/frl\\\/winkel\\\/loft-en-lan-gesprekken-over-tsjebbe-hettinga\\\/#primaryimage\"},\"thumbnailUrl\":\"https:\\\/\\\/websjop.afuk.frl\\\/wp-content\\\/uploads\\\/2021\\\/11\\\/Loft-en-Lan516.jpg\",\"datePublished\":\"2021-11-11T11:31:07+00:00\",\"dateModified\":\"2025-04-09T11:19:24+00:00\",\"description\":\"In Loft en L\u00e2n wordt een poging gedaan de vraag Wie was Tsj\u00eabbe Hettinga te beantwoorden. In interviews vertellen vrienden,familie en collega's over Tsj\u00eabbe\",\"breadcrumb\":{\"@id\":\"https:\\\/\\\/websjop.afuk.frl\\\/frl\\\/winkel\\\/loft-en-lan-gesprekken-over-tsjebbe-hettinga\\\/#breadcrumb\"},\"inLanguage\":\"fy-NL\",\"potentialAction\":[{\"@type\":\"ReadAction\",\"target\":[\"https:\\\/\\\/websjop.afuk.frl\\\/frl\\\/winkel\\\/loft-en-lan-gesprekken-over-tsjebbe-hettinga\\\/\"]}]},{\"@type\":\"ImageObject\",\"inLanguage\":\"fy-NL\",\"@id\":\"https:\\\/\\\/websjop.afuk.frl\\\/frl\\\/winkel\\\/loft-en-lan-gesprekken-over-tsjebbe-hettinga\\\/#primaryimage\",\"url\":\"https:\\\/\\\/websjop.afuk.frl\\\/wp-content\\\/uploads\\\/2021\\\/11\\\/Loft-en-Lan516.jpg\",\"contentUrl\":\"https:\\\/\\\/websjop.afuk.frl\\\/wp-content\\\/uploads\\\/2021\\\/11\\\/Loft-en-Lan516.jpg\",\"width\":384,\"height\":595,\"caption\":\"Loft en L\u00e2n\"},{\"@type\":\"BreadcrumbList\",\"@id\":\"https:\\\/\\\/websjop.afuk.frl\\\/frl\\\/winkel\\\/loft-en-lan-gesprekken-over-tsjebbe-hettinga\\\/#breadcrumb\",\"itemListElement\":[{\"@type\":\"ListItem\",\"position\":1,\"name\":\"Home\",\"item\":\"https:\\\/\\\/websjop.afuk.frl\\\/frl\\\/\"},{\"@type\":\"ListItem\",\"position\":2,\"name\":\"Winkel\",\"item\":\"https:\\\/\\\/websjop.afuk.frl\\\/nl\\\/winkel\\\/\"},{\"@type\":\"ListItem\",\"position\":3,\"name\":\"Loft en L\u00e2n &#8211; gesprekken over Tsj\u00eabbe Hettinga\"}]},{\"@type\":\"WebSite\",\"@id\":\"https:\\\/\\\/websjop.afuk.frl\\\/frl\\\/#website\",\"url\":\"https:\\\/\\\/websjop.afuk.frl\\\/frl\\\/\",\"name\":\"Af\u00fbk Websjop\",\"description\":\"\",\"potentialAction\":[{\"@type\":\"SearchAction\",\"target\":{\"@type\":\"EntryPoint\",\"urlTemplate\":\"https:\\\/\\\/websjop.afuk.frl\\\/frl\\\/?s={search_term_string}\"},\"query-input\":{\"@type\":\"PropertyValueSpecification\",\"valueRequired\":true,\"valueName\":\"search_term_string\"}}],\"inLanguage\":\"fy-NL\"}]}<\/script>\n<!-- \/ Yoast SEO plugin. -->","yoast_head_json":{"title":"Loft en L\u00e2n - gesprekken over Tsj\u00eabbe Hettinga &#8211; Af\u00fbk Websjop","description":"In Loft en L\u00e2n wordt een poging gedaan de vraag Wie was Tsj\u00eabbe Hettinga te beantwoorden. In interviews vertellen vrienden,familie en collega's over Tsj\u00eabbe","robots":{"index":"index","follow":"follow","max-snippet":"max-snippet:-1","max-image-preview":"max-image-preview:large","max-video-preview":"max-video-preview:-1"},"canonical":"https:\/\/websjop.afuk.frl\/frl\/winkel\/loft-en-lan-gesprekken-over-tsjebbe-hettinga\/","og_locale":"fy_NL","og_type":"article","og_title":"Loft en L\u00e2n - gesprekken over Tsj\u00eabbe Hettinga &#8211; Af\u00fbk Websjop","og_description":"In Loft en L\u00e2n wordt een poging gedaan de vraag Wie was Tsj\u00eabbe Hettinga te beantwoorden. In interviews vertellen vrienden,familie en collega's over Tsj\u00eabbe","og_url":"https:\/\/websjop.afuk.frl\/frl\/winkel\/loft-en-lan-gesprekken-over-tsjebbe-hettinga\/","og_site_name":"Af\u00fbk Websjop","article_modified_time":"2025-04-09T11:19:24+00:00","og_image":[{"width":384,"height":595,"url":"https:\/\/websjop.afuk.frl\/wp-content\/uploads\/2021\/11\/Loft-en-Lan516.jpg","type":"image\/jpeg"}],"twitter_card":"summary_large_image","twitter_misc":{"Est. reading time":"1 minute"},"schema":{"@context":"https:\/\/schema.org","@graph":[{"@type":"WebPage","@id":"https:\/\/websjop.afuk.frl\/frl\/winkel\/loft-en-lan-gesprekken-over-tsjebbe-hettinga\/","url":"https:\/\/websjop.afuk.frl\/frl\/winkel\/loft-en-lan-gesprekken-over-tsjebbe-hettinga\/","name":"Loft en L\u00e2n - gesprekken over Tsj\u00eabbe Hettinga &#8211; Af\u00fbk Websjop","isPartOf":{"@id":"https:\/\/websjop.afuk.frl\/frl\/#website"},"primaryImageOfPage":{"@id":"https:\/\/websjop.afuk.frl\/frl\/winkel\/loft-en-lan-gesprekken-over-tsjebbe-hettinga\/#primaryimage"},"image":{"@id":"https:\/\/websjop.afuk.frl\/frl\/winkel\/loft-en-lan-gesprekken-over-tsjebbe-hettinga\/#primaryimage"},"thumbnailUrl":"https:\/\/websjop.afuk.frl\/wp-content\/uploads\/2021\/11\/Loft-en-Lan516.jpg","datePublished":"2021-11-11T11:31:07+00:00","dateModified":"2025-04-09T11:19:24+00:00","description":"In Loft en L\u00e2n wordt een poging gedaan de vraag Wie was Tsj\u00eabbe Hettinga te beantwoorden. In interviews vertellen vrienden,familie en collega's over Tsj\u00eabbe","breadcrumb":{"@id":"https:\/\/websjop.afuk.frl\/frl\/winkel\/loft-en-lan-gesprekken-over-tsjebbe-hettinga\/#breadcrumb"},"inLanguage":"fy-NL","potentialAction":[{"@type":"ReadAction","target":["https:\/\/websjop.afuk.frl\/frl\/winkel\/loft-en-lan-gesprekken-over-tsjebbe-hettinga\/"]}]},{"@type":"ImageObject","inLanguage":"fy-NL","@id":"https:\/\/websjop.afuk.frl\/frl\/winkel\/loft-en-lan-gesprekken-over-tsjebbe-hettinga\/#primaryimage","url":"https:\/\/websjop.afuk.frl\/wp-content\/uploads\/2021\/11\/Loft-en-Lan516.jpg","contentUrl":"https:\/\/websjop.afuk.frl\/wp-content\/uploads\/2021\/11\/Loft-en-Lan516.jpg","width":384,"height":595,"caption":"Loft en L\u00e2n"},{"@type":"BreadcrumbList","@id":"https:\/\/websjop.afuk.frl\/frl\/winkel\/loft-en-lan-gesprekken-over-tsjebbe-hettinga\/#breadcrumb","itemListElement":[{"@type":"ListItem","position":1,"name":"Home","item":"https:\/\/websjop.afuk.frl\/frl\/"},{"@type":"ListItem","position":2,"name":"Winkel","item":"https:\/\/websjop.afuk.frl\/nl\/winkel\/"},{"@type":"ListItem","position":3,"name":"Loft en L\u00e2n &#8211; gesprekken over Tsj\u00eabbe Hettinga"}]},{"@type":"WebSite","@id":"https:\/\/websjop.afuk.frl\/frl\/#website","url":"https:\/\/websjop.afuk.frl\/frl\/","name":"Af\u00fbk Websjop","description":"","potentialAction":[{"@type":"SearchAction","target":{"@type":"EntryPoint","urlTemplate":"https:\/\/websjop.afuk.frl\/frl\/?s={search_term_string}"},"query-input":{"@type":"PropertyValueSpecification","valueRequired":true,"valueName":"search_term_string"}}],"inLanguage":"fy-NL"}]}},"_links":{"self":[{"href":"https:\/\/websjop.afuk.frl\/frl\/wp-json\/wp\/v2\/product\/30228","targetHints":{"allow":["GET"]}}],"collection":[{"href":"https:\/\/websjop.afuk.frl\/frl\/wp-json\/wp\/v2\/product"}],"about":[{"href":"https:\/\/websjop.afuk.frl\/frl\/wp-json\/wp\/v2\/types\/product"}],"replies":[{"embeddable":true,"href":"https:\/\/websjop.afuk.frl\/frl\/wp-json\/wp\/v2\/comments?post=30228"}],"wp:featuredmedia":[{"embeddable":true,"href":"https:\/\/websjop.afuk.frl\/frl\/wp-json\/wp\/v2\/media\/30229"}],"wp:attachment":[{"href":"https:\/\/websjop.afuk.frl\/frl\/wp-json\/wp\/v2\/media?parent=30228"}],"wp:term":[{"taxonomy":"product_brand","embeddable":true,"href":"https:\/\/websjop.afuk.frl\/frl\/wp-json\/wp\/v2\/product_brand?post=30228"},{"taxonomy":"product_cat","embeddable":true,"href":"https:\/\/websjop.afuk.frl\/frl\/wp-json\/wp\/v2\/product_cat?post=30228"},{"taxonomy":"product_tag","embeddable":true,"href":"https:\/\/websjop.afuk.frl\/frl\/wp-json\/wp\/v2\/product_tag?post=30228"}],"curies":[{"name":"wp","href":"https:\/\/api.w.org\/{rel}","templated":true}]}}