{"id":30210,"date":"2021-11-11T10:19:23","date_gmt":"2021-11-11T09:19:23","guid":{"rendered":"https:\/\/websjop.afuk.frl\/nl\/?post_type=product&#038;p=30210"},"modified":"2026-02-12T16:22:17","modified_gmt":"2026-02-12T15:22:17","slug":"de-goargels-yn-it-frysk","status":"publish","type":"product","link":"https:\/\/websjop.afuk.frl\/frl\/winkel\/de-goargels-yn-it-frysk\/","title":{"rendered":"De Goargels yn it Frysk"},"content":{"rendered":"<p>Midden in de nacht wordt Melle wakker. Er zit een vreemd wezentje op de rand van z&#8217;n bed. Het lijkt wel een bolletje wol, met armpjes en beentjes en twee harige puntige oren. Maar wanneer Melle het licht aandoet, is het wezentje weg. Als hij er op school over vertelt, lachen ze hem allemaal uit. Zelfs zijn vader, die bioloog is, zegt dat het onzin is. Zulke wezens bestaan niet. Maar Melle weet zeker wat hij heeft gezien&#8230;<\/p>\n<p>Nu ook in het Fries, dit fantasierijke en spannende avontuur over Goargels, Brutelers en in jongen met superogen van Jochem Myjer.<\/p>\n<p><em>Geschikt voor kinderen van 5 tot en met 8 jaar.<\/em><\/p>\n<hr \/>\n<p><em>Marrit Jongbloed: &#8220;It is in prachtich boek om (foar) te l\u00eazen en it nimt dy mei yn de fantasyrike wr\u00e2ld fan de skriuwer. Wannear\u2019t je de komyk en heit Jochem Myjer in bytsje kenne, dan fine je in soad fan wat him dwaande h\u00e2ldt werom yn dit boek. D\u00earom is it foar folwoeksenen stikem ek wol hiel leuk om \u00fat dit boek foar te l\u00eazen.&#8221; <a href=\"https:\/\/heitenmem.nl\/artikel\/23663\/de-goargels\/\" target=\"_blank\" rel=\"noopener\">L\u00eas hjir de folsleine resinsje fan Marrit.<\/a><\/em><\/p>\n<p>&nbsp;<\/p>\n","protected":false},"excerpt":{"rendered":"<p>Midden in de nacht wordt Melle wakker. Er zit een vreemd wezentje op de rand van z&#8217;n bed. Het lijkt wel een bolletje wol, met armpjes en beentjes en twee harige puntige oren. Maar wanneer Melle het licht aandoet, is het wezentje weg. Als hij er op school over vertelt, lachen ze hem allemaal uit. [&hellip;]<\/p>\n","protected":false},"featured_media":30211,"comment_status":"closed","ping_status":"closed","template":"","meta":{"_acf_changed":false},"product_brand":[],"product_cat":[24598],"product_tag":[19578,7198,19579,19580,19582,19581],"class_list":{"0":"post-30210","1":"product","2":"type-product","3":"status-publish","4":"has-post-thumbnail","6":"product_cat-net-mear-leverber","7":"product_tag-de-goargels","8":"product_tag-fantasy","9":"product_tag-jochem-myjer","10":"product_tag-melle","11":"product_tag-wezentje","12":"product_tag-wezentsje","13":"product_shipping_class-brievenbus-verzending","14":"pa_auteur-jochem-myjer","15":"pa_isbn-19576","16":"pa_new-label-1-3","17":"pa_taal-frysk","18":"pa_uitgever-bornmeer","19":"pa_vertaler-martsje-de-jong","21":"first","22":"outofstock","23":"taxable","24":"shipping-taxable","25":"purchasable","26":"product-type-simple"},"acf":[],"yoast_head":"<!-- This site is optimized with the Yoast SEO plugin v27.3 - https:\/\/yoast.com\/product\/yoast-seo-wordpress\/ -->\n<title>De Goargels yn it Frysk &#8211; Af\u00fbk Websjop<\/title>\n<meta name=\"description\" content=\"Nu ook in het Fries, dit fantasierijke en spannende avontuur over Goargels, Brutelers en in jongen met superogen van Jochem Myjer.\" \/>\n<meta name=\"robots\" content=\"index, follow, max-snippet:-1, max-image-preview:large, max-video-preview:-1\" \/>\n<link rel=\"canonical\" href=\"https:\/\/websjop.afuk.frl\/frl\/winkel\/de-goargels-yn-it-frysk\/\" \/>\n<meta property=\"og:locale\" content=\"fy_NL\" \/>\n<meta property=\"og:type\" content=\"article\" \/>\n<meta property=\"og:title\" content=\"De Goargels yn it Frysk &#8211; Af\u00fbk Websjop\" \/>\n<meta property=\"og:description\" content=\"Nu ook in het Fries, dit fantasierijke en spannende avontuur over Goargels, Brutelers en in jongen met superogen van Jochem Myjer.\" \/>\n<meta property=\"og:url\" content=\"https:\/\/websjop.afuk.frl\/frl\/winkel\/de-goargels-yn-it-frysk\/\" \/>\n<meta property=\"og:site_name\" content=\"Af\u00fbk Websjop\" \/>\n<meta property=\"article:modified_time\" content=\"2026-02-12T15:22:17+00:00\" \/>\n<meta property=\"og:image\" content=\"https:\/\/websjop.afuk.frl\/wp-content\/uploads\/2021\/11\/De-goargels.jpg\" \/>\n\t<meta property=\"og:image:width\" content=\"510\" \/>\n\t<meta property=\"og:image:height\" content=\"747\" \/>\n\t<meta property=\"og:image:type\" content=\"image\/jpeg\" \/>\n<meta name=\"twitter:card\" content=\"summary_large_image\" \/>\n<meta name=\"twitter:label1\" content=\"Est. reading time\" \/>\n\t<meta name=\"twitter:data1\" content=\"3 minutes\" \/>\n<script type=\"application\/ld+json\" class=\"yoast-schema-graph\">{\"@context\":\"https:\\\/\\\/schema.org\",\"@graph\":[{\"@type\":\"WebPage\",\"@id\":\"https:\\\/\\\/websjop.afuk.frl\\\/frl\\\/winkel\\\/de-goargels-yn-it-frysk\\\/\",\"url\":\"https:\\\/\\\/websjop.afuk.frl\\\/frl\\\/winkel\\\/de-goargels-yn-it-frysk\\\/\",\"name\":\"De Goargels yn it Frysk &#8211; Af\u00fbk Websjop\",\"isPartOf\":{\"@id\":\"https:\\\/\\\/websjop.afuk.frl\\\/frl\\\/#website\"},\"primaryImageOfPage\":{\"@id\":\"https:\\\/\\\/websjop.afuk.frl\\\/frl\\\/winkel\\\/de-goargels-yn-it-frysk\\\/#primaryimage\"},\"image\":{\"@id\":\"https:\\\/\\\/websjop.afuk.frl\\\/frl\\\/winkel\\\/de-goargels-yn-it-frysk\\\/#primaryimage\"},\"thumbnailUrl\":\"https:\\\/\\\/websjop.afuk.frl\\\/wp-content\\\/uploads\\\/2021\\\/11\\\/De-goargels.jpg\",\"datePublished\":\"2021-11-11T09:19:23+00:00\",\"dateModified\":\"2026-02-12T15:22:17+00:00\",\"description\":\"Nu ook in het Fries, dit fantasierijke en spannende avontuur over Goargels, Brutelers en in jongen met superogen van Jochem Myjer.\",\"breadcrumb\":{\"@id\":\"https:\\\/\\\/websjop.afuk.frl\\\/frl\\\/winkel\\\/de-goargels-yn-it-frysk\\\/#breadcrumb\"},\"inLanguage\":\"fy-NL\",\"potentialAction\":[{\"@type\":\"ReadAction\",\"target\":[\"https:\\\/\\\/websjop.afuk.frl\\\/frl\\\/winkel\\\/de-goargels-yn-it-frysk\\\/\"]}]},{\"@type\":\"ImageObject\",\"inLanguage\":\"fy-NL\",\"@id\":\"https:\\\/\\\/websjop.afuk.frl\\\/frl\\\/winkel\\\/de-goargels-yn-it-frysk\\\/#primaryimage\",\"url\":\"https:\\\/\\\/websjop.afuk.frl\\\/wp-content\\\/uploads\\\/2021\\\/11\\\/De-goargels.jpg\",\"contentUrl\":\"https:\\\/\\\/websjop.afuk.frl\\\/wp-content\\\/uploads\\\/2021\\\/11\\\/De-goargels.jpg\",\"width\":510,\"height\":747,\"caption\":\"De Goargels\"},{\"@type\":\"BreadcrumbList\",\"@id\":\"https:\\\/\\\/websjop.afuk.frl\\\/frl\\\/winkel\\\/de-goargels-yn-it-frysk\\\/#breadcrumb\",\"itemListElement\":[{\"@type\":\"ListItem\",\"position\":1,\"name\":\"Home\",\"item\":\"https:\\\/\\\/websjop.afuk.frl\\\/frl\\\/\"},{\"@type\":\"ListItem\",\"position\":2,\"name\":\"Winkel\",\"item\":\"https:\\\/\\\/websjop.afuk.frl\\\/nl\\\/winkel\\\/\"},{\"@type\":\"ListItem\",\"position\":3,\"name\":\"De Goargels yn it Frysk\"}]},{\"@type\":\"WebSite\",\"@id\":\"https:\\\/\\\/websjop.afuk.frl\\\/frl\\\/#website\",\"url\":\"https:\\\/\\\/websjop.afuk.frl\\\/frl\\\/\",\"name\":\"Af\u00fbk Websjop\",\"description\":\"\",\"potentialAction\":[{\"@type\":\"SearchAction\",\"target\":{\"@type\":\"EntryPoint\",\"urlTemplate\":\"https:\\\/\\\/websjop.afuk.frl\\\/frl\\\/?s={search_term_string}\"},\"query-input\":{\"@type\":\"PropertyValueSpecification\",\"valueRequired\":true,\"valueName\":\"search_term_string\"}}],\"inLanguage\":\"fy-NL\"}]}<\/script>\n<!-- \/ Yoast SEO plugin. -->","yoast_head_json":{"title":"De Goargels yn it Frysk &#8211; Af\u00fbk Websjop","description":"Nu ook in het Fries, dit fantasierijke en spannende avontuur over Goargels, Brutelers en in jongen met superogen van Jochem Myjer.","robots":{"index":"index","follow":"follow","max-snippet":"max-snippet:-1","max-image-preview":"max-image-preview:large","max-video-preview":"max-video-preview:-1"},"canonical":"https:\/\/websjop.afuk.frl\/frl\/winkel\/de-goargels-yn-it-frysk\/","og_locale":"fy_NL","og_type":"article","og_title":"De Goargels yn it Frysk &#8211; Af\u00fbk Websjop","og_description":"Nu ook in het Fries, dit fantasierijke en spannende avontuur over Goargels, Brutelers en in jongen met superogen van Jochem Myjer.","og_url":"https:\/\/websjop.afuk.frl\/frl\/winkel\/de-goargels-yn-it-frysk\/","og_site_name":"Af\u00fbk Websjop","article_modified_time":"2026-02-12T15:22:17+00:00","og_image":[{"width":510,"height":747,"url":"https:\/\/websjop.afuk.frl\/wp-content\/uploads\/2021\/11\/De-goargels.jpg","type":"image\/jpeg"}],"twitter_card":"summary_large_image","twitter_misc":{"Est. reading time":"3 minutes"},"schema":{"@context":"https:\/\/schema.org","@graph":[{"@type":"WebPage","@id":"https:\/\/websjop.afuk.frl\/frl\/winkel\/de-goargels-yn-it-frysk\/","url":"https:\/\/websjop.afuk.frl\/frl\/winkel\/de-goargels-yn-it-frysk\/","name":"De Goargels yn it Frysk &#8211; Af\u00fbk Websjop","isPartOf":{"@id":"https:\/\/websjop.afuk.frl\/frl\/#website"},"primaryImageOfPage":{"@id":"https:\/\/websjop.afuk.frl\/frl\/winkel\/de-goargels-yn-it-frysk\/#primaryimage"},"image":{"@id":"https:\/\/websjop.afuk.frl\/frl\/winkel\/de-goargels-yn-it-frysk\/#primaryimage"},"thumbnailUrl":"https:\/\/websjop.afuk.frl\/wp-content\/uploads\/2021\/11\/De-goargels.jpg","datePublished":"2021-11-11T09:19:23+00:00","dateModified":"2026-02-12T15:22:17+00:00","description":"Nu ook in het Fries, dit fantasierijke en spannende avontuur over Goargels, Brutelers en in jongen met superogen van Jochem Myjer.","breadcrumb":{"@id":"https:\/\/websjop.afuk.frl\/frl\/winkel\/de-goargels-yn-it-frysk\/#breadcrumb"},"inLanguage":"fy-NL","potentialAction":[{"@type":"ReadAction","target":["https:\/\/websjop.afuk.frl\/frl\/winkel\/de-goargels-yn-it-frysk\/"]}]},{"@type":"ImageObject","inLanguage":"fy-NL","@id":"https:\/\/websjop.afuk.frl\/frl\/winkel\/de-goargels-yn-it-frysk\/#primaryimage","url":"https:\/\/websjop.afuk.frl\/wp-content\/uploads\/2021\/11\/De-goargels.jpg","contentUrl":"https:\/\/websjop.afuk.frl\/wp-content\/uploads\/2021\/11\/De-goargels.jpg","width":510,"height":747,"caption":"De Goargels"},{"@type":"BreadcrumbList","@id":"https:\/\/websjop.afuk.frl\/frl\/winkel\/de-goargels-yn-it-frysk\/#breadcrumb","itemListElement":[{"@type":"ListItem","position":1,"name":"Home","item":"https:\/\/websjop.afuk.frl\/frl\/"},{"@type":"ListItem","position":2,"name":"Winkel","item":"https:\/\/websjop.afuk.frl\/nl\/winkel\/"},{"@type":"ListItem","position":3,"name":"De Goargels yn it Frysk"}]},{"@type":"WebSite","@id":"https:\/\/websjop.afuk.frl\/frl\/#website","url":"https:\/\/websjop.afuk.frl\/frl\/","name":"Af\u00fbk Websjop","description":"","potentialAction":[{"@type":"SearchAction","target":{"@type":"EntryPoint","urlTemplate":"https:\/\/websjop.afuk.frl\/frl\/?s={search_term_string}"},"query-input":{"@type":"PropertyValueSpecification","valueRequired":true,"valueName":"search_term_string"}}],"inLanguage":"fy-NL"}]}},"_links":{"self":[{"href":"https:\/\/websjop.afuk.frl\/frl\/wp-json\/wp\/v2\/product\/30210","targetHints":{"allow":["GET"]}}],"collection":[{"href":"https:\/\/websjop.afuk.frl\/frl\/wp-json\/wp\/v2\/product"}],"about":[{"href":"https:\/\/websjop.afuk.frl\/frl\/wp-json\/wp\/v2\/types\/product"}],"replies":[{"embeddable":true,"href":"https:\/\/websjop.afuk.frl\/frl\/wp-json\/wp\/v2\/comments?post=30210"}],"wp:featuredmedia":[{"embeddable":true,"href":"https:\/\/websjop.afuk.frl\/frl\/wp-json\/wp\/v2\/media\/30211"}],"wp:attachment":[{"href":"https:\/\/websjop.afuk.frl\/frl\/wp-json\/wp\/v2\/media?parent=30210"}],"wp:term":[{"taxonomy":"product_brand","embeddable":true,"href":"https:\/\/websjop.afuk.frl\/frl\/wp-json\/wp\/v2\/product_brand?post=30210"},{"taxonomy":"product_cat","embeddable":true,"href":"https:\/\/websjop.afuk.frl\/frl\/wp-json\/wp\/v2\/product_cat?post=30210"},{"taxonomy":"product_tag","embeddable":true,"href":"https:\/\/websjop.afuk.frl\/frl\/wp-json\/wp\/v2\/product_tag?post=30210"}],"curies":[{"name":"wp","href":"https:\/\/api.w.org\/{rel}","templated":true}]}}