{"id":29894,"date":"2021-10-25T12:28:55","date_gmt":"2021-10-25T11:28:55","guid":{"rendered":"https:\/\/websjop.afuk.frl\/nl\/?post_type=product&#038;p=29894"},"modified":"2025-10-20T10:40:07","modified_gmt":"2025-10-20T08:40:07","slug":"fries-bakboek","status":"publish","type":"product","link":"https:\/\/websjop.afuk.frl\/frl\/winkel\/fries-bakboek\/","title":{"rendered":"Fries bakboek"},"content":{"rendered":"<p>Het <em>Fries Bakboek<\/em> verzamelt de zoete recepten uit de bakkerstraditie die Frysl\u00e2n rijk is. Oranjekoek, suikerbrood en d\u00famkes zijn uiteraard opgenomen, maar ook hooimaal, trommelkoek, vanillestaafjes, reepkoek en allerlei ander bekend en onbekend gebak komt aan bod. Op z\u2019n Fries &#8216;rjucht en sljucht&#8217; beschreven, zonder te veel poespas, zodat je het thuis goed kunt maken en een stukje Frysl\u00e2n uit je keuken tovert.<\/p>\n<p>De zussen Henny en Betty Feenstra werkten allebei jarenlang bij bakkers in Lemmer. Naast hun dagelijkse banen, Henny als docent en Betty als directeur, bleven ze bakken voor hun gezin, familie en vrienden.<\/p>\n<p>Ook verschenen in een Friese editie:\u00a0<a href=\"https:\/\/websjop.afuk.frl\/frl\/winkel\/frysk-bakboek\/\">https:\/\/websjop.afuk.frl\/frl\/winkel\/frysk-bakboek\/<\/a><\/p>\n","protected":false},"excerpt":{"rendered":"<p>Het Fries Bakboek verzamelt de zoete recepten uit de bakkerstraditie die Frysl\u00e2n rijk is. Oranjekoek, suikerbrood en d\u00famkes zijn uiteraard opgenomen, maar ook hooimaal, trommelkoek, vanillestaafjes, reepkoek en allerlei ander bekend en onbekend gebak komt aan bod. Op z\u2019n Fries &#8216;rjucht en sljucht&#8217; beschreven, zonder te veel poespas, zodat je het thuis goed kunt maken [&hellip;]<\/p>\n","protected":false},"featured_media":29895,"comment_status":"closed","ping_status":"closed","template":"","meta":{"_acf_changed":false},"product_brand":[],"product_cat":[535,1054,1255,1225,1214],"product_tag":[19489,19483,19488,19486,19482,15974,24384,19490],"class_list":{"0":"post-29894","1":"product","2":"type-product","3":"status-publish","4":"has-post-thumbnail","6":"product_cat-fryske-boeken","7":"product_cat-itensiede","8":"product_cat-kado-s-foar-de-feestdagen","9":"product_cat-memmedeikadootsjes","10":"product_cat-sport-en-hobby","11":"product_tag-bakken","12":"product_tag-betty-feenstra","13":"product_tag-fries-bakboek","14":"product_tag-gebak","15":"product_tag-henny-feenstra","16":"product_tag-recepten","17":"product_tag-sukerbole","18":"product_tag-zoet","19":"product_shipping_class-brievenbus-verzending","20":"pa_auteur-henny-feenstra-betty-feenstra","21":"pa_isbn-19487","22":"pa_new-label-1-3","23":"pa_taal-nederlands","24":"pa_uitgever-noordboek","26":"first","27":"instock","28":"taxable","29":"shipping-taxable","30":"purchasable","31":"product-type-simple"},"acf":[],"yoast_head":"<!-- This site is optimized with the Yoast SEO plugin v27.3 - https:\/\/yoast.com\/product\/yoast-seo-wordpress\/ -->\n<title>Fries bakboek &#8211; Af\u00fbk Websjop<\/title>\n<meta name=\"description\" content=\"Het Fries Bakboek verzamelt de zoete recepten uit de bakkerstraditie die Frysl\u00e2n rijk is. Oranjekoek, suikerbrood en d\u00famkes, trommelkoek en reepkoek.\" \/>\n<meta name=\"robots\" content=\"index, follow, max-snippet:-1, max-image-preview:large, max-video-preview:-1\" \/>\n<link rel=\"canonical\" href=\"https:\/\/websjop.afuk.frl\/frl\/winkel\/fries-bakboek\/\" \/>\n<meta property=\"og:locale\" content=\"fy_NL\" \/>\n<meta property=\"og:type\" content=\"article\" \/>\n<meta property=\"og:title\" content=\"Fries bakboek &#8211; Af\u00fbk Websjop\" \/>\n<meta property=\"og:description\" content=\"Het Fries Bakboek verzamelt de zoete recepten uit de bakkerstraditie die Frysl\u00e2n rijk is. Oranjekoek, suikerbrood en d\u00famkes, trommelkoek en reepkoek.\" \/>\n<meta property=\"og:url\" content=\"https:\/\/websjop.afuk.frl\/frl\/winkel\/fries-bakboek\/\" \/>\n<meta property=\"og:site_name\" content=\"Af\u00fbk Websjop\" \/>\n<meta property=\"article:modified_time\" content=\"2025-10-20T08:40:07+00:00\" \/>\n<meta property=\"og:image\" content=\"https:\/\/websjop.afuk.frl\/wp-content\/uploads\/2021\/10\/Fries-bakboek.jpg\" \/>\n\t<meta property=\"og:image:width\" content=\"510\" \/>\n\t<meta property=\"og:image:height\" content=\"677\" \/>\n\t<meta property=\"og:image:type\" content=\"image\/jpeg\" \/>\n<meta name=\"twitter:card\" content=\"summary_large_image\" \/>\n<meta name=\"twitter:label1\" content=\"Est. reading time\" \/>\n\t<meta name=\"twitter:data1\" content=\"1 minute\" \/>\n<script type=\"application\/ld+json\" class=\"yoast-schema-graph\">{\"@context\":\"https:\\\/\\\/schema.org\",\"@graph\":[{\"@type\":\"WebPage\",\"@id\":\"https:\\\/\\\/websjop.afuk.frl\\\/frl\\\/winkel\\\/fries-bakboek\\\/\",\"url\":\"https:\\\/\\\/websjop.afuk.frl\\\/frl\\\/winkel\\\/fries-bakboek\\\/\",\"name\":\"Fries bakboek &#8211; Af\u00fbk Websjop\",\"isPartOf\":{\"@id\":\"https:\\\/\\\/websjop.afuk.frl\\\/frl\\\/#website\"},\"primaryImageOfPage\":{\"@id\":\"https:\\\/\\\/websjop.afuk.frl\\\/frl\\\/winkel\\\/fries-bakboek\\\/#primaryimage\"},\"image\":{\"@id\":\"https:\\\/\\\/websjop.afuk.frl\\\/frl\\\/winkel\\\/fries-bakboek\\\/#primaryimage\"},\"thumbnailUrl\":\"https:\\\/\\\/websjop.afuk.frl\\\/wp-content\\\/uploads\\\/2021\\\/10\\\/Fries-bakboek.jpg\",\"datePublished\":\"2021-10-25T11:28:55+00:00\",\"dateModified\":\"2025-10-20T08:40:07+00:00\",\"description\":\"Het Fries Bakboek verzamelt de zoete recepten uit de bakkerstraditie die Frysl\u00e2n rijk is. Oranjekoek, suikerbrood en d\u00famkes, trommelkoek en reepkoek.\",\"breadcrumb\":{\"@id\":\"https:\\\/\\\/websjop.afuk.frl\\\/frl\\\/winkel\\\/fries-bakboek\\\/#breadcrumb\"},\"inLanguage\":\"fy-NL\",\"potentialAction\":[{\"@type\":\"ReadAction\",\"target\":[\"https:\\\/\\\/websjop.afuk.frl\\\/frl\\\/winkel\\\/fries-bakboek\\\/\"]}]},{\"@type\":\"ImageObject\",\"inLanguage\":\"fy-NL\",\"@id\":\"https:\\\/\\\/websjop.afuk.frl\\\/frl\\\/winkel\\\/fries-bakboek\\\/#primaryimage\",\"url\":\"https:\\\/\\\/websjop.afuk.frl\\\/wp-content\\\/uploads\\\/2021\\\/10\\\/Fries-bakboek.jpg\",\"contentUrl\":\"https:\\\/\\\/websjop.afuk.frl\\\/wp-content\\\/uploads\\\/2021\\\/10\\\/Fries-bakboek.jpg\",\"width\":510,\"height\":677,\"caption\":\"Fries bakboek\"},{\"@type\":\"BreadcrumbList\",\"@id\":\"https:\\\/\\\/websjop.afuk.frl\\\/frl\\\/winkel\\\/fries-bakboek\\\/#breadcrumb\",\"itemListElement\":[{\"@type\":\"ListItem\",\"position\":1,\"name\":\"Home\",\"item\":\"https:\\\/\\\/websjop.afuk.frl\\\/frl\\\/\"},{\"@type\":\"ListItem\",\"position\":2,\"name\":\"Winkel\",\"item\":\"https:\\\/\\\/websjop.afuk.frl\\\/nl\\\/winkel\\\/\"},{\"@type\":\"ListItem\",\"position\":3,\"name\":\"Fries bakboek\"}]},{\"@type\":\"WebSite\",\"@id\":\"https:\\\/\\\/websjop.afuk.frl\\\/frl\\\/#website\",\"url\":\"https:\\\/\\\/websjop.afuk.frl\\\/frl\\\/\",\"name\":\"Af\u00fbk Websjop\",\"description\":\"\",\"potentialAction\":[{\"@type\":\"SearchAction\",\"target\":{\"@type\":\"EntryPoint\",\"urlTemplate\":\"https:\\\/\\\/websjop.afuk.frl\\\/frl\\\/?s={search_term_string}\"},\"query-input\":{\"@type\":\"PropertyValueSpecification\",\"valueRequired\":true,\"valueName\":\"search_term_string\"}}],\"inLanguage\":\"fy-NL\"}]}<\/script>\n<!-- \/ Yoast SEO plugin. -->","yoast_head_json":{"title":"Fries bakboek &#8211; Af\u00fbk Websjop","description":"Het Fries Bakboek verzamelt de zoete recepten uit de bakkerstraditie die Frysl\u00e2n rijk is. Oranjekoek, suikerbrood en d\u00famkes, trommelkoek en reepkoek.","robots":{"index":"index","follow":"follow","max-snippet":"max-snippet:-1","max-image-preview":"max-image-preview:large","max-video-preview":"max-video-preview:-1"},"canonical":"https:\/\/websjop.afuk.frl\/frl\/winkel\/fries-bakboek\/","og_locale":"fy_NL","og_type":"article","og_title":"Fries bakboek &#8211; Af\u00fbk Websjop","og_description":"Het Fries Bakboek verzamelt de zoete recepten uit de bakkerstraditie die Frysl\u00e2n rijk is. Oranjekoek, suikerbrood en d\u00famkes, trommelkoek en reepkoek.","og_url":"https:\/\/websjop.afuk.frl\/frl\/winkel\/fries-bakboek\/","og_site_name":"Af\u00fbk Websjop","article_modified_time":"2025-10-20T08:40:07+00:00","og_image":[{"width":510,"height":677,"url":"https:\/\/websjop.afuk.frl\/wp-content\/uploads\/2021\/10\/Fries-bakboek.jpg","type":"image\/jpeg"}],"twitter_card":"summary_large_image","twitter_misc":{"Est. reading time":"1 minute"},"schema":{"@context":"https:\/\/schema.org","@graph":[{"@type":"WebPage","@id":"https:\/\/websjop.afuk.frl\/frl\/winkel\/fries-bakboek\/","url":"https:\/\/websjop.afuk.frl\/frl\/winkel\/fries-bakboek\/","name":"Fries bakboek &#8211; Af\u00fbk Websjop","isPartOf":{"@id":"https:\/\/websjop.afuk.frl\/frl\/#website"},"primaryImageOfPage":{"@id":"https:\/\/websjop.afuk.frl\/frl\/winkel\/fries-bakboek\/#primaryimage"},"image":{"@id":"https:\/\/websjop.afuk.frl\/frl\/winkel\/fries-bakboek\/#primaryimage"},"thumbnailUrl":"https:\/\/websjop.afuk.frl\/wp-content\/uploads\/2021\/10\/Fries-bakboek.jpg","datePublished":"2021-10-25T11:28:55+00:00","dateModified":"2025-10-20T08:40:07+00:00","description":"Het Fries Bakboek verzamelt de zoete recepten uit de bakkerstraditie die Frysl\u00e2n rijk is. Oranjekoek, suikerbrood en d\u00famkes, trommelkoek en reepkoek.","breadcrumb":{"@id":"https:\/\/websjop.afuk.frl\/frl\/winkel\/fries-bakboek\/#breadcrumb"},"inLanguage":"fy-NL","potentialAction":[{"@type":"ReadAction","target":["https:\/\/websjop.afuk.frl\/frl\/winkel\/fries-bakboek\/"]}]},{"@type":"ImageObject","inLanguage":"fy-NL","@id":"https:\/\/websjop.afuk.frl\/frl\/winkel\/fries-bakboek\/#primaryimage","url":"https:\/\/websjop.afuk.frl\/wp-content\/uploads\/2021\/10\/Fries-bakboek.jpg","contentUrl":"https:\/\/websjop.afuk.frl\/wp-content\/uploads\/2021\/10\/Fries-bakboek.jpg","width":510,"height":677,"caption":"Fries bakboek"},{"@type":"BreadcrumbList","@id":"https:\/\/websjop.afuk.frl\/frl\/winkel\/fries-bakboek\/#breadcrumb","itemListElement":[{"@type":"ListItem","position":1,"name":"Home","item":"https:\/\/websjop.afuk.frl\/frl\/"},{"@type":"ListItem","position":2,"name":"Winkel","item":"https:\/\/websjop.afuk.frl\/nl\/winkel\/"},{"@type":"ListItem","position":3,"name":"Fries bakboek"}]},{"@type":"WebSite","@id":"https:\/\/websjop.afuk.frl\/frl\/#website","url":"https:\/\/websjop.afuk.frl\/frl\/","name":"Af\u00fbk Websjop","description":"","potentialAction":[{"@type":"SearchAction","target":{"@type":"EntryPoint","urlTemplate":"https:\/\/websjop.afuk.frl\/frl\/?s={search_term_string}"},"query-input":{"@type":"PropertyValueSpecification","valueRequired":true,"valueName":"search_term_string"}}],"inLanguage":"fy-NL"}]}},"_links":{"self":[{"href":"https:\/\/websjop.afuk.frl\/frl\/wp-json\/wp\/v2\/product\/29894","targetHints":{"allow":["GET"]}}],"collection":[{"href":"https:\/\/websjop.afuk.frl\/frl\/wp-json\/wp\/v2\/product"}],"about":[{"href":"https:\/\/websjop.afuk.frl\/frl\/wp-json\/wp\/v2\/types\/product"}],"replies":[{"embeddable":true,"href":"https:\/\/websjop.afuk.frl\/frl\/wp-json\/wp\/v2\/comments?post=29894"}],"wp:featuredmedia":[{"embeddable":true,"href":"https:\/\/websjop.afuk.frl\/frl\/wp-json\/wp\/v2\/media\/29895"}],"wp:attachment":[{"href":"https:\/\/websjop.afuk.frl\/frl\/wp-json\/wp\/v2\/media?parent=29894"}],"wp:term":[{"taxonomy":"product_brand","embeddable":true,"href":"https:\/\/websjop.afuk.frl\/frl\/wp-json\/wp\/v2\/product_brand?post=29894"},{"taxonomy":"product_cat","embeddable":true,"href":"https:\/\/websjop.afuk.frl\/frl\/wp-json\/wp\/v2\/product_cat?post=29894"},{"taxonomy":"product_tag","embeddable":true,"href":"https:\/\/websjop.afuk.frl\/frl\/wp-json\/wp\/v2\/product_tag?post=29894"}],"curies":[{"name":"wp","href":"https:\/\/api.w.org\/{rel}","templated":true}]}}