{"id":29526,"date":"2021-09-30T12:10:24","date_gmt":"2021-09-30T11:10:24","guid":{"rendered":"https:\/\/websjop.afuk.frl\/nl\/?post_type=product&#038;p=29526"},"modified":"2021-09-30T12:10:25","modified_gmt":"2021-09-30T11:10:25","slug":"de-hoven-gedichten-by-akwarellen","status":"publish","type":"product","link":"https:\/\/websjop.afuk.frl\/frl\/winkel\/de-hoven-gedichten-by-akwarellen\/","title":{"rendered":"De H\u00f4ven &#8211; gedichten by akwarellen"},"content":{"rendered":"<p>De leporello <em>De H\u00f4ven, <\/em>met twaalf gedichten bij aquarellen fan Elske Schotanus, is verschenen bij de manifestatie <em>Hjerst Ritme Huzum &#8211; Herfst Ritme Huizum<\/em> in oktober 2021 in Dorpskerk Huizum in Leeuwarden.<\/p>\n","protected":false},"excerpt":{"rendered":"<p>De leporello De H\u00f4ven, met twaalf gedichten bij aquarellen fan Elske Schotanus, is verschenen bij de manifestatie Hjerst Ritme Huzum &#8211; Herfst Ritme Huizum in oktober 2021 in Dorpskerk Huizum in Leeuwarden.<\/p>\n","protected":false},"featured_media":29527,"comment_status":"closed","ping_status":"closed","template":"","meta":{"_acf_changed":false},"product_brand":[],"product_cat":[538,535,544,1215],"product_tag":[17825,18863,19345,6352,13217,5191],"class_list":{"0":"post-29526","1":"product","2":"type-product","3":"status-publish","4":"has-post-thumbnail","6":"product_cat-dichtbondels","7":"product_cat-fryske-boeken","8":"product_cat-keunst-en-kultuer","9":"product_cat-romans-en-literatuer","10":"product_tag-akwarellen","11":"product_tag-aquarellen","12":"product_tag-de-hoven","13":"product_tag-eeltsje-hettinga","14":"product_tag-elske-schotanus","15":"product_tag-gedichten","16":"product_shipping_class-brievenbus-verzending","17":"pa_auteur-eeltsje-hettinga-2","18":"pa_new-label-1-3","19":"pa_taal-frysk","20":"pa_uitgever-stichting-cepher","22":"first","23":"instock","24":"taxable","25":"shipping-taxable","26":"purchasable","27":"product-type-simple"},"acf":[],"yoast_head":"<!-- This site is optimized with the Yoast SEO plugin v27.3 - https:\/\/yoast.com\/product\/yoast-seo-wordpress\/ -->\n<title>De H\u00f4ven - gedichten by akwarellen &#8211; Af\u00fbk Websjop<\/title>\n<meta name=\"description\" content=\"De leporello De H\u00f4ven, met twaalf gedichten bij aquarellen fan Elske Schotanus, is verschenen bij de manifestatie Hjerst Ritme Huzum in oktober 2021.\" \/>\n<meta name=\"robots\" content=\"index, follow, max-snippet:-1, max-image-preview:large, max-video-preview:-1\" \/>\n<link rel=\"canonical\" href=\"https:\/\/websjop.afuk.frl\/frl\/winkel\/de-hoven-gedichten-by-akwarellen\/\" \/>\n<meta property=\"og:locale\" content=\"fy_NL\" \/>\n<meta property=\"og:type\" content=\"article\" \/>\n<meta property=\"og:title\" content=\"De H\u00f4ven - gedichten by akwarellen &#8211; Af\u00fbk Websjop\" \/>\n<meta property=\"og:description\" content=\"De leporello De H\u00f4ven, met twaalf gedichten bij aquarellen fan Elske Schotanus, is verschenen bij de manifestatie Hjerst Ritme Huzum in oktober 2021.\" \/>\n<meta property=\"og:url\" content=\"https:\/\/websjop.afuk.frl\/frl\/winkel\/de-hoven-gedichten-by-akwarellen\/\" \/>\n<meta property=\"og:site_name\" content=\"Af\u00fbk Websjop\" \/>\n<meta property=\"article:modified_time\" content=\"2021-09-30T11:10:25+00:00\" \/>\n<meta property=\"og:image\" content=\"https:\/\/websjop.afuk.frl\/wp-content\/uploads\/2021\/09\/De-Hoven-476.jpg\" \/>\n\t<meta property=\"og:image:width\" content=\"284\" \/>\n\t<meta property=\"og:image:height\" content=\"406\" \/>\n\t<meta property=\"og:image:type\" content=\"image\/jpeg\" \/>\n<meta name=\"twitter:card\" content=\"summary_large_image\" \/>\n<script type=\"application\/ld+json\" class=\"yoast-schema-graph\">{\"@context\":\"https:\\\/\\\/schema.org\",\"@graph\":[{\"@type\":\"WebPage\",\"@id\":\"https:\\\/\\\/websjop.afuk.frl\\\/frl\\\/winkel\\\/de-hoven-gedichten-by-akwarellen\\\/\",\"url\":\"https:\\\/\\\/websjop.afuk.frl\\\/frl\\\/winkel\\\/de-hoven-gedichten-by-akwarellen\\\/\",\"name\":\"De H\u00f4ven - gedichten by akwarellen &#8211; Af\u00fbk Websjop\",\"isPartOf\":{\"@id\":\"https:\\\/\\\/websjop.afuk.frl\\\/frl\\\/#website\"},\"primaryImageOfPage\":{\"@id\":\"https:\\\/\\\/websjop.afuk.frl\\\/frl\\\/winkel\\\/de-hoven-gedichten-by-akwarellen\\\/#primaryimage\"},\"image\":{\"@id\":\"https:\\\/\\\/websjop.afuk.frl\\\/frl\\\/winkel\\\/de-hoven-gedichten-by-akwarellen\\\/#primaryimage\"},\"thumbnailUrl\":\"https:\\\/\\\/websjop.afuk.frl\\\/wp-content\\\/uploads\\\/2021\\\/09\\\/De-Hoven-476.jpg\",\"datePublished\":\"2021-09-30T11:10:24+00:00\",\"dateModified\":\"2021-09-30T11:10:25+00:00\",\"description\":\"De leporello De H\u00f4ven, met twaalf gedichten bij aquarellen fan Elske Schotanus, is verschenen bij de manifestatie Hjerst Ritme Huzum in oktober 2021.\",\"breadcrumb\":{\"@id\":\"https:\\\/\\\/websjop.afuk.frl\\\/frl\\\/winkel\\\/de-hoven-gedichten-by-akwarellen\\\/#breadcrumb\"},\"inLanguage\":\"fy-NL\",\"potentialAction\":[{\"@type\":\"ReadAction\",\"target\":[\"https:\\\/\\\/websjop.afuk.frl\\\/frl\\\/winkel\\\/de-hoven-gedichten-by-akwarellen\\\/\"]}]},{\"@type\":\"ImageObject\",\"inLanguage\":\"fy-NL\",\"@id\":\"https:\\\/\\\/websjop.afuk.frl\\\/frl\\\/winkel\\\/de-hoven-gedichten-by-akwarellen\\\/#primaryimage\",\"url\":\"https:\\\/\\\/websjop.afuk.frl\\\/wp-content\\\/uploads\\\/2021\\\/09\\\/De-Hoven-476.jpg\",\"contentUrl\":\"https:\\\/\\\/websjop.afuk.frl\\\/wp-content\\\/uploads\\\/2021\\\/09\\\/De-Hoven-476.jpg\",\"width\":284,\"height\":406,\"caption\":\"De H\u00f4ven\"},{\"@type\":\"BreadcrumbList\",\"@id\":\"https:\\\/\\\/websjop.afuk.frl\\\/frl\\\/winkel\\\/de-hoven-gedichten-by-akwarellen\\\/#breadcrumb\",\"itemListElement\":[{\"@type\":\"ListItem\",\"position\":1,\"name\":\"Home\",\"item\":\"https:\\\/\\\/websjop.afuk.frl\\\/frl\\\/\"},{\"@type\":\"ListItem\",\"position\":2,\"name\":\"Winkel\",\"item\":\"https:\\\/\\\/websjop.afuk.frl\\\/nl\\\/winkel\\\/\"},{\"@type\":\"ListItem\",\"position\":3,\"name\":\"De H\u00f4ven &#8211; gedichten by akwarellen\"}]},{\"@type\":\"WebSite\",\"@id\":\"https:\\\/\\\/websjop.afuk.frl\\\/frl\\\/#website\",\"url\":\"https:\\\/\\\/websjop.afuk.frl\\\/frl\\\/\",\"name\":\"Af\u00fbk Websjop\",\"description\":\"\",\"potentialAction\":[{\"@type\":\"SearchAction\",\"target\":{\"@type\":\"EntryPoint\",\"urlTemplate\":\"https:\\\/\\\/websjop.afuk.frl\\\/frl\\\/?s={search_term_string}\"},\"query-input\":{\"@type\":\"PropertyValueSpecification\",\"valueRequired\":true,\"valueName\":\"search_term_string\"}}],\"inLanguage\":\"fy-NL\"}]}<\/script>\n<!-- \/ Yoast SEO plugin. -->","yoast_head_json":{"title":"De H\u00f4ven - gedichten by akwarellen &#8211; Af\u00fbk Websjop","description":"De leporello De H\u00f4ven, met twaalf gedichten bij aquarellen fan Elske Schotanus, is verschenen bij de manifestatie Hjerst Ritme Huzum in oktober 2021.","robots":{"index":"index","follow":"follow","max-snippet":"max-snippet:-1","max-image-preview":"max-image-preview:large","max-video-preview":"max-video-preview:-1"},"canonical":"https:\/\/websjop.afuk.frl\/frl\/winkel\/de-hoven-gedichten-by-akwarellen\/","og_locale":"fy_NL","og_type":"article","og_title":"De H\u00f4ven - gedichten by akwarellen &#8211; Af\u00fbk Websjop","og_description":"De leporello De H\u00f4ven, met twaalf gedichten bij aquarellen fan Elske Schotanus, is verschenen bij de manifestatie Hjerst Ritme Huzum in oktober 2021.","og_url":"https:\/\/websjop.afuk.frl\/frl\/winkel\/de-hoven-gedichten-by-akwarellen\/","og_site_name":"Af\u00fbk Websjop","article_modified_time":"2021-09-30T11:10:25+00:00","og_image":[{"width":284,"height":406,"url":"https:\/\/websjop.afuk.frl\/wp-content\/uploads\/2021\/09\/De-Hoven-476.jpg","type":"image\/jpeg"}],"twitter_card":"summary_large_image","schema":{"@context":"https:\/\/schema.org","@graph":[{"@type":"WebPage","@id":"https:\/\/websjop.afuk.frl\/frl\/winkel\/de-hoven-gedichten-by-akwarellen\/","url":"https:\/\/websjop.afuk.frl\/frl\/winkel\/de-hoven-gedichten-by-akwarellen\/","name":"De H\u00f4ven - gedichten by akwarellen &#8211; Af\u00fbk Websjop","isPartOf":{"@id":"https:\/\/websjop.afuk.frl\/frl\/#website"},"primaryImageOfPage":{"@id":"https:\/\/websjop.afuk.frl\/frl\/winkel\/de-hoven-gedichten-by-akwarellen\/#primaryimage"},"image":{"@id":"https:\/\/websjop.afuk.frl\/frl\/winkel\/de-hoven-gedichten-by-akwarellen\/#primaryimage"},"thumbnailUrl":"https:\/\/websjop.afuk.frl\/wp-content\/uploads\/2021\/09\/De-Hoven-476.jpg","datePublished":"2021-09-30T11:10:24+00:00","dateModified":"2021-09-30T11:10:25+00:00","description":"De leporello De H\u00f4ven, met twaalf gedichten bij aquarellen fan Elske Schotanus, is verschenen bij de manifestatie Hjerst Ritme Huzum in oktober 2021.","breadcrumb":{"@id":"https:\/\/websjop.afuk.frl\/frl\/winkel\/de-hoven-gedichten-by-akwarellen\/#breadcrumb"},"inLanguage":"fy-NL","potentialAction":[{"@type":"ReadAction","target":["https:\/\/websjop.afuk.frl\/frl\/winkel\/de-hoven-gedichten-by-akwarellen\/"]}]},{"@type":"ImageObject","inLanguage":"fy-NL","@id":"https:\/\/websjop.afuk.frl\/frl\/winkel\/de-hoven-gedichten-by-akwarellen\/#primaryimage","url":"https:\/\/websjop.afuk.frl\/wp-content\/uploads\/2021\/09\/De-Hoven-476.jpg","contentUrl":"https:\/\/websjop.afuk.frl\/wp-content\/uploads\/2021\/09\/De-Hoven-476.jpg","width":284,"height":406,"caption":"De H\u00f4ven"},{"@type":"BreadcrumbList","@id":"https:\/\/websjop.afuk.frl\/frl\/winkel\/de-hoven-gedichten-by-akwarellen\/#breadcrumb","itemListElement":[{"@type":"ListItem","position":1,"name":"Home","item":"https:\/\/websjop.afuk.frl\/frl\/"},{"@type":"ListItem","position":2,"name":"Winkel","item":"https:\/\/websjop.afuk.frl\/nl\/winkel\/"},{"@type":"ListItem","position":3,"name":"De H\u00f4ven &#8211; gedichten by akwarellen"}]},{"@type":"WebSite","@id":"https:\/\/websjop.afuk.frl\/frl\/#website","url":"https:\/\/websjop.afuk.frl\/frl\/","name":"Af\u00fbk Websjop","description":"","potentialAction":[{"@type":"SearchAction","target":{"@type":"EntryPoint","urlTemplate":"https:\/\/websjop.afuk.frl\/frl\/?s={search_term_string}"},"query-input":{"@type":"PropertyValueSpecification","valueRequired":true,"valueName":"search_term_string"}}],"inLanguage":"fy-NL"}]}},"_links":{"self":[{"href":"https:\/\/websjop.afuk.frl\/frl\/wp-json\/wp\/v2\/product\/29526","targetHints":{"allow":["GET"]}}],"collection":[{"href":"https:\/\/websjop.afuk.frl\/frl\/wp-json\/wp\/v2\/product"}],"about":[{"href":"https:\/\/websjop.afuk.frl\/frl\/wp-json\/wp\/v2\/types\/product"}],"replies":[{"embeddable":true,"href":"https:\/\/websjop.afuk.frl\/frl\/wp-json\/wp\/v2\/comments?post=29526"}],"wp:featuredmedia":[{"embeddable":true,"href":"https:\/\/websjop.afuk.frl\/frl\/wp-json\/wp\/v2\/media\/29527"}],"wp:attachment":[{"href":"https:\/\/websjop.afuk.frl\/frl\/wp-json\/wp\/v2\/media?parent=29526"}],"wp:term":[{"taxonomy":"product_brand","embeddable":true,"href":"https:\/\/websjop.afuk.frl\/frl\/wp-json\/wp\/v2\/product_brand?post=29526"},{"taxonomy":"product_cat","embeddable":true,"href":"https:\/\/websjop.afuk.frl\/frl\/wp-json\/wp\/v2\/product_cat?post=29526"},{"taxonomy":"product_tag","embeddable":true,"href":"https:\/\/websjop.afuk.frl\/frl\/wp-json\/wp\/v2\/product_tag?post=29526"}],"curies":[{"name":"wp","href":"https:\/\/api.w.org\/{rel}","templated":true}]}}