{"id":29484,"date":"2021-09-27T12:35:21","date_gmt":"2021-09-27T11:35:21","guid":{"rendered":"https:\/\/websjop.afuk.frl\/nl\/?post_type=product&#038;p=29484"},"modified":"2024-07-31T13:24:06","modified_gmt":"2024-07-31T12:24:06","slug":"a-is-fan-aapke-a-is-een-aapje-biste-alfabet","status":"publish","type":"product","link":"https:\/\/websjop.afuk.frl\/frl\/winkel\/a-is-fan-aapke-a-is-een-aapje-biste-alfabet\/","title":{"rendered":"A is fan aapke \/ A is een aapje: Biste-alfabet"},"content":{"rendered":"<p>Het beesten-alfabet, geschreven door Eppie Dam en ge\u00efllustreerd door dochter Ankemarije. De teksten op rijm zijn tweetalig: Fries &#8211; Nederlands. Het boekje is omkeerbaar.<\/p>\n<p><em>A is een letter, ver weg van de Z, dichtbij zijn de dieren van het alfabet.<\/em><\/p>\n<p><em>A is in letter, al krekt sa\u2019n w\u00fbnder as de Z, it sjongt en it g\u00fbnzet, sist en snettert fan bisten yn it alfabet.<\/em><\/p>\n<p>&nbsp;<\/p>\n<hr \/>\n<p><em>Thea de Boer: &#8220;En as je dan tinke: no is \u2019t boekje \u00fat, komt der noch in ferrassing: it alfabet stiet oan beide kanten fan it boekje. Benthe (5) hat al gau yn \u2019e gaten dat der noch in oare kant fan it boekje is. Se l\u00east de letters foar, en dan kinne je it boekje omdraaie. D\u00ear binne de ferhaaltsjes yn \u2019t Nederl\u00e2nsk te l\u00eazen. De printen binne itselde, mar de rymkes net. Dat makket it boekje ek foar \u00e2ldere bern ynteressant om te l\u00eazen. Benthe wol graach sjen oft der ek ferskil yn sit. Sawol yn skriuwwize as \u00fatspraak. Dat makket it foar har wer een hiel oar boekje.&#8221; <a href=\"https:\/\/heitenmem.nl\/artikel\/22978\/de-resinsje-fan-thea-it-biste-alfabet\/\" target=\"_blank\" rel=\"noopener\">L\u00eas hjir de folsleine resinsje fan Thea.<\/a><\/em><\/p>\n<p><em>Klaske Faassen-Buma: &#8220;Foar kleuters en bern dy\u2019t krekt l\u00eaze, is it boekje hiel geskikt. Se leare de letters en kinne sels wurden \u00fat de rymkes foarl\u00eaze. Drege letters lykas de Q binne op in grappige wize \u00fatlein.&#8221; <a href=\"https:\/\/heitenmem.nl\/artikel\/24011\/resinsje-fan-klaske-it-biste-alfabet\/\" target=\"_blank\" rel=\"noopener\">L\u00eas hjir de folsleine resinsje fan Klaske.<\/a><\/em><\/p>\n","protected":false},"excerpt":{"rendered":"<p>Het beesten-alfabet, geschreven door Eppie Dam en ge\u00efllustreerd door dochter Ankemarije. De teksten op rijm zijn tweetalig: Fries &#8211; Nederlands. Het boekje is omkeerbaar. A is een letter, ver weg van de Z, dichtbij zijn de dieren van het alfabet. A is in letter, al krekt sa\u2019n w\u00fbnder as de Z, it sjongt en it [&hellip;]<\/p>\n","protected":false},"featured_media":29485,"comment_status":"closed","ping_status":"closed","template":"","meta":{"_acf_changed":false},"product_brand":[],"product_cat":[1213,550,535,560,557,22914],"product_tag":[19327,19326,6079,19328,18261,6109,6189],"class_list":{"0":"post-29484","1":"product","2":"type-product","3":"status-publish","4":"has-post-thumbnail","6":"product_cat-berne-en-jeugdboeken","7":"product_cat-berneboeken-4-8","8":"product_cat-fryske-boeken","9":"product_cat-kreamkado-boeken","10":"product_cat-friese-kraamcadeautjes","11":"product_cat-tema-meartalich","12":"product_tag-a-is-een-aapje","13":"product_tag-a-is-fan-aapke","14":"product_tag-alfabet","15":"product_tag-ankemarije-dam","16":"product_tag-beesten","17":"product_tag-bisten","18":"product_tag-eppie-dam","19":"product_shipping_class-brievenbus-verzending","20":"pa_auteur-ankemarije-eppie-dam","21":"pa_isbn-19323","22":"pa_new-label-1-3","23":"pa_taal-frysk-nederlansk","24":"pa_uitgever-afuk","26":"first","27":"instock","28":"taxable","29":"shipping-taxable","30":"purchasable","31":"product-type-simple"},"acf":[],"yoast_head":"<!-- This site is optimized with the Yoast SEO plugin v27.3 - https:\/\/yoast.com\/product\/yoast-seo-wordpress\/ -->\n<title>A is fan aapke \/ A is een aapje: Biste-alfabet &#8211; Af\u00fbk Websjop<\/title>\n<meta name=\"description\" content=\"A is fan aapke, it biste-alfabet is geschreven door Eppie Dam en ge\u00efllustreerd door dochter Ankemarije. De teksten op rijm zijn tweetalig: Fries-Nederlands.\" \/>\n<meta name=\"robots\" content=\"index, follow, max-snippet:-1, max-image-preview:large, max-video-preview:-1\" \/>\n<link rel=\"canonical\" href=\"https:\/\/websjop.afuk.frl\/frl\/winkel\/a-is-fan-aapke-a-is-een-aapje-biste-alfabet\/\" \/>\n<meta property=\"og:locale\" content=\"fy_NL\" \/>\n<meta property=\"og:type\" content=\"article\" \/>\n<meta property=\"og:title\" content=\"A is fan aapke \/ A is een aapje: Biste-alfabet &#8211; Af\u00fbk Websjop\" \/>\n<meta property=\"og:description\" content=\"A is fan aapke, it biste-alfabet is geschreven door Eppie Dam en ge\u00efllustreerd door dochter Ankemarije. De teksten op rijm zijn tweetalig: Fries-Nederlands.\" \/>\n<meta property=\"og:url\" content=\"https:\/\/websjop.afuk.frl\/frl\/winkel\/a-is-fan-aapke-a-is-een-aapje-biste-alfabet\/\" \/>\n<meta property=\"og:site_name\" content=\"Af\u00fbk Websjop\" \/>\n<meta property=\"article:modified_time\" content=\"2024-07-31T12:24:06+00:00\" \/>\n<meta property=\"og:image\" content=\"https:\/\/websjop.afuk.frl\/wp-content\/uploads\/2021\/09\/a-is-fan-aapke-LR.jpg\" \/>\n\t<meta property=\"og:image:width\" content=\"1200\" \/>\n\t<meta property=\"og:image:height\" content=\"1223\" \/>\n\t<meta property=\"og:image:type\" content=\"image\/jpeg\" \/>\n<meta name=\"twitter:card\" content=\"summary_large_image\" \/>\n<meta name=\"twitter:label1\" content=\"Est. reading time\" \/>\n\t<meta name=\"twitter:data1\" content=\"1 minute\" \/>\n<script type=\"application\/ld+json\" class=\"yoast-schema-graph\">{\"@context\":\"https:\\\/\\\/schema.org\",\"@graph\":[{\"@type\":\"WebPage\",\"@id\":\"https:\\\/\\\/websjop.afuk.frl\\\/frl\\\/winkel\\\/a-is-fan-aapke-a-is-een-aapje-biste-alfabet\\\/\",\"url\":\"https:\\\/\\\/websjop.afuk.frl\\\/frl\\\/winkel\\\/a-is-fan-aapke-a-is-een-aapje-biste-alfabet\\\/\",\"name\":\"A is fan aapke \\\/ A is een aapje: Biste-alfabet &#8211; Af\u00fbk Websjop\",\"isPartOf\":{\"@id\":\"https:\\\/\\\/websjop.afuk.frl\\\/frl\\\/#website\"},\"primaryImageOfPage\":{\"@id\":\"https:\\\/\\\/websjop.afuk.frl\\\/frl\\\/winkel\\\/a-is-fan-aapke-a-is-een-aapje-biste-alfabet\\\/#primaryimage\"},\"image\":{\"@id\":\"https:\\\/\\\/websjop.afuk.frl\\\/frl\\\/winkel\\\/a-is-fan-aapke-a-is-een-aapje-biste-alfabet\\\/#primaryimage\"},\"thumbnailUrl\":\"https:\\\/\\\/websjop.afuk.frl\\\/wp-content\\\/uploads\\\/2021\\\/09\\\/a-is-fan-aapke-LR.jpg\",\"datePublished\":\"2021-09-27T11:35:21+00:00\",\"dateModified\":\"2024-07-31T12:24:06+00:00\",\"description\":\"A is fan aapke, it biste-alfabet is geschreven door Eppie Dam en ge\u00efllustreerd door dochter Ankemarije. De teksten op rijm zijn tweetalig: Fries-Nederlands.\",\"breadcrumb\":{\"@id\":\"https:\\\/\\\/websjop.afuk.frl\\\/frl\\\/winkel\\\/a-is-fan-aapke-a-is-een-aapje-biste-alfabet\\\/#breadcrumb\"},\"inLanguage\":\"fy-NL\",\"potentialAction\":[{\"@type\":\"ReadAction\",\"target\":[\"https:\\\/\\\/websjop.afuk.frl\\\/frl\\\/winkel\\\/a-is-fan-aapke-a-is-een-aapje-biste-alfabet\\\/\"]}]},{\"@type\":\"ImageObject\",\"inLanguage\":\"fy-NL\",\"@id\":\"https:\\\/\\\/websjop.afuk.frl\\\/frl\\\/winkel\\\/a-is-fan-aapke-a-is-een-aapje-biste-alfabet\\\/#primaryimage\",\"url\":\"https:\\\/\\\/websjop.afuk.frl\\\/wp-content\\\/uploads\\\/2021\\\/09\\\/a-is-fan-aapke-LR.jpg\",\"contentUrl\":\"https:\\\/\\\/websjop.afuk.frl\\\/wp-content\\\/uploads\\\/2021\\\/09\\\/a-is-fan-aapke-LR.jpg\",\"width\":1200,\"height\":1223,\"caption\":\"A is in aapke\"},{\"@type\":\"BreadcrumbList\",\"@id\":\"https:\\\/\\\/websjop.afuk.frl\\\/frl\\\/winkel\\\/a-is-fan-aapke-a-is-een-aapje-biste-alfabet\\\/#breadcrumb\",\"itemListElement\":[{\"@type\":\"ListItem\",\"position\":1,\"name\":\"Home\",\"item\":\"https:\\\/\\\/websjop.afuk.frl\\\/frl\\\/\"},{\"@type\":\"ListItem\",\"position\":2,\"name\":\"Winkel\",\"item\":\"https:\\\/\\\/websjop.afuk.frl\\\/nl\\\/winkel\\\/\"},{\"@type\":\"ListItem\",\"position\":3,\"name\":\"A is fan aapke \\\/ A is een aapje: Biste-alfabet\"}]},{\"@type\":\"WebSite\",\"@id\":\"https:\\\/\\\/websjop.afuk.frl\\\/frl\\\/#website\",\"url\":\"https:\\\/\\\/websjop.afuk.frl\\\/frl\\\/\",\"name\":\"Af\u00fbk Websjop\",\"description\":\"\",\"potentialAction\":[{\"@type\":\"SearchAction\",\"target\":{\"@type\":\"EntryPoint\",\"urlTemplate\":\"https:\\\/\\\/websjop.afuk.frl\\\/frl\\\/?s={search_term_string}\"},\"query-input\":{\"@type\":\"PropertyValueSpecification\",\"valueRequired\":true,\"valueName\":\"search_term_string\"}}],\"inLanguage\":\"fy-NL\"}]}<\/script>\n<!-- \/ Yoast SEO plugin. -->","yoast_head_json":{"title":"A is fan aapke \/ A is een aapje: Biste-alfabet &#8211; Af\u00fbk Websjop","description":"A is fan aapke, it biste-alfabet is geschreven door Eppie Dam en ge\u00efllustreerd door dochter Ankemarije. De teksten op rijm zijn tweetalig: Fries-Nederlands.","robots":{"index":"index","follow":"follow","max-snippet":"max-snippet:-1","max-image-preview":"max-image-preview:large","max-video-preview":"max-video-preview:-1"},"canonical":"https:\/\/websjop.afuk.frl\/frl\/winkel\/a-is-fan-aapke-a-is-een-aapje-biste-alfabet\/","og_locale":"fy_NL","og_type":"article","og_title":"A is fan aapke \/ A is een aapje: Biste-alfabet &#8211; Af\u00fbk Websjop","og_description":"A is fan aapke, it biste-alfabet is geschreven door Eppie Dam en ge\u00efllustreerd door dochter Ankemarije. De teksten op rijm zijn tweetalig: Fries-Nederlands.","og_url":"https:\/\/websjop.afuk.frl\/frl\/winkel\/a-is-fan-aapke-a-is-een-aapje-biste-alfabet\/","og_site_name":"Af\u00fbk Websjop","article_modified_time":"2024-07-31T12:24:06+00:00","og_image":[{"width":1200,"height":1223,"url":"https:\/\/websjop.afuk.frl\/wp-content\/uploads\/2021\/09\/a-is-fan-aapke-LR.jpg","type":"image\/jpeg"}],"twitter_card":"summary_large_image","twitter_misc":{"Est. reading time":"1 minute"},"schema":{"@context":"https:\/\/schema.org","@graph":[{"@type":"WebPage","@id":"https:\/\/websjop.afuk.frl\/frl\/winkel\/a-is-fan-aapke-a-is-een-aapje-biste-alfabet\/","url":"https:\/\/websjop.afuk.frl\/frl\/winkel\/a-is-fan-aapke-a-is-een-aapje-biste-alfabet\/","name":"A is fan aapke \/ A is een aapje: Biste-alfabet &#8211; Af\u00fbk Websjop","isPartOf":{"@id":"https:\/\/websjop.afuk.frl\/frl\/#website"},"primaryImageOfPage":{"@id":"https:\/\/websjop.afuk.frl\/frl\/winkel\/a-is-fan-aapke-a-is-een-aapje-biste-alfabet\/#primaryimage"},"image":{"@id":"https:\/\/websjop.afuk.frl\/frl\/winkel\/a-is-fan-aapke-a-is-een-aapje-biste-alfabet\/#primaryimage"},"thumbnailUrl":"https:\/\/websjop.afuk.frl\/wp-content\/uploads\/2021\/09\/a-is-fan-aapke-LR.jpg","datePublished":"2021-09-27T11:35:21+00:00","dateModified":"2024-07-31T12:24:06+00:00","description":"A is fan aapke, it biste-alfabet is geschreven door Eppie Dam en ge\u00efllustreerd door dochter Ankemarije. De teksten op rijm zijn tweetalig: Fries-Nederlands.","breadcrumb":{"@id":"https:\/\/websjop.afuk.frl\/frl\/winkel\/a-is-fan-aapke-a-is-een-aapje-biste-alfabet\/#breadcrumb"},"inLanguage":"fy-NL","potentialAction":[{"@type":"ReadAction","target":["https:\/\/websjop.afuk.frl\/frl\/winkel\/a-is-fan-aapke-a-is-een-aapje-biste-alfabet\/"]}]},{"@type":"ImageObject","inLanguage":"fy-NL","@id":"https:\/\/websjop.afuk.frl\/frl\/winkel\/a-is-fan-aapke-a-is-een-aapje-biste-alfabet\/#primaryimage","url":"https:\/\/websjop.afuk.frl\/wp-content\/uploads\/2021\/09\/a-is-fan-aapke-LR.jpg","contentUrl":"https:\/\/websjop.afuk.frl\/wp-content\/uploads\/2021\/09\/a-is-fan-aapke-LR.jpg","width":1200,"height":1223,"caption":"A is in aapke"},{"@type":"BreadcrumbList","@id":"https:\/\/websjop.afuk.frl\/frl\/winkel\/a-is-fan-aapke-a-is-een-aapje-biste-alfabet\/#breadcrumb","itemListElement":[{"@type":"ListItem","position":1,"name":"Home","item":"https:\/\/websjop.afuk.frl\/frl\/"},{"@type":"ListItem","position":2,"name":"Winkel","item":"https:\/\/websjop.afuk.frl\/nl\/winkel\/"},{"@type":"ListItem","position":3,"name":"A is fan aapke \/ A is een aapje: Biste-alfabet"}]},{"@type":"WebSite","@id":"https:\/\/websjop.afuk.frl\/frl\/#website","url":"https:\/\/websjop.afuk.frl\/frl\/","name":"Af\u00fbk Websjop","description":"","potentialAction":[{"@type":"SearchAction","target":{"@type":"EntryPoint","urlTemplate":"https:\/\/websjop.afuk.frl\/frl\/?s={search_term_string}"},"query-input":{"@type":"PropertyValueSpecification","valueRequired":true,"valueName":"search_term_string"}}],"inLanguage":"fy-NL"}]}},"_links":{"self":[{"href":"https:\/\/websjop.afuk.frl\/frl\/wp-json\/wp\/v2\/product\/29484","targetHints":{"allow":["GET"]}}],"collection":[{"href":"https:\/\/websjop.afuk.frl\/frl\/wp-json\/wp\/v2\/product"}],"about":[{"href":"https:\/\/websjop.afuk.frl\/frl\/wp-json\/wp\/v2\/types\/product"}],"replies":[{"embeddable":true,"href":"https:\/\/websjop.afuk.frl\/frl\/wp-json\/wp\/v2\/comments?post=29484"}],"wp:featuredmedia":[{"embeddable":true,"href":"https:\/\/websjop.afuk.frl\/frl\/wp-json\/wp\/v2\/media\/29485"}],"wp:attachment":[{"href":"https:\/\/websjop.afuk.frl\/frl\/wp-json\/wp\/v2\/media?parent=29484"}],"wp:term":[{"taxonomy":"product_brand","embeddable":true,"href":"https:\/\/websjop.afuk.frl\/frl\/wp-json\/wp\/v2\/product_brand?post=29484"},{"taxonomy":"product_cat","embeddable":true,"href":"https:\/\/websjop.afuk.frl\/frl\/wp-json\/wp\/v2\/product_cat?post=29484"},{"taxonomy":"product_tag","embeddable":true,"href":"https:\/\/websjop.afuk.frl\/frl\/wp-json\/wp\/v2\/product_tag?post=29484"}],"curies":[{"name":"wp","href":"https:\/\/api.w.org\/{rel}","templated":true}]}}