{"id":29254,"date":"2021-09-10T10:15:35","date_gmt":"2021-09-10T09:15:35","guid":{"rendered":"https:\/\/websjop.afuk.frl\/nl\/?post_type=product&#038;p=29254"},"modified":"2026-03-26T09:14:56","modified_gmt":"2026-03-26T08:14:56","slug":"hero","status":"publish","type":"product","link":"https:\/\/websjop.afuk.frl\/frl\/winkel\/hero\/","title":{"rendered":"Hero"},"content":{"rendered":"<p>In de laatste winter van de Tweede Wereldoorlog moet Izaak zijn onderduikadres in Amsterdam verlaten, omdat het er te gevaarlijk wordt. Hij reist achter op de fiets bij koerierster Els naar zijn nieuwe schuilplaats, een boerderij in het noorden van Friesland. En ook al zijn de mensen daar lief voor hem, hij voelt zich eenzaam en ellendig. Pas wanneer hij vriendschap sluit met het prachtige zwarte paard Hero, verandert dat. De Duitsers willen die sterke Friese hengst ook graag hebben, en als de soldaten komen om het paard op te halen, kan alleen Izaak een manier bedenken om hem te redden.<\/p>\n<p>Martha Attema schreef een prachtig verhaal, gebaseerd op historische feiten en is tweetalig: Fries en Engels.<\/p>\n<p>During the last winter of World War II, Izaak must leave his hiding place in Amsterdam to travel with Els, a bike courier, to live on a farm in the northern part of the Netherlands. Although the people are kind to him, he is miserable until he makes friends with a beautiful black horse, Hero, a frisian stallion wanted by the Germans. When the Germans come for the horse, only Izaak can think of a way to save him.<\/p>\n<p>Martha Attema wrote a beautiful story, based on historical facts, in which truth becomes powerful fiction.<\/p>\n<p>Foto omslach: Wytse 462 makke troch Johanna Faber: <a href=\"http:\/\/www.johannafaber.nl\" target=\"_blank\" rel=\"noopener\">http:\/\/www.johannafaber.nl<\/a><\/p>\n<p>Leeftijd: 8 &#8211; 88 jaar<\/p>\n<hr \/>\n<p><em>Artikel op <a href=\"https:\/\/www.phryso.com\/held-140-hoofdrolspeler-in-jeugdboek-hero\/\" target=\"_blank\" rel=\"noopener\">phryso.com<\/a> oer dit boek: &#8220;Saakje van der Meulen-de Roo, een vriendin van de schrijfster blijkt de aanleiding te zijn voor het opnieuw uitgeven van het boek, maar dan in het Fries. Zo heeft Martsje de Jong voor Af\u00fbk het boek onlangs vertaald en opnieuw gedrukt. Het jeugdboek is nu tweetalig. Het eerste deel is in het Fries en daarna volgt dezelfde tekst in het Engels.&#8221; <a href=\"https:\/\/www.phryso.com\/held-140-hoofdrolspeler-in-jeugdboek-hero\/\" target=\"_blank\" rel=\"noopener\">L\u00eas hjir it folsleine artikel.<\/a><\/em><\/p>\n<p><em>Corrie Kamminga: &#8220;It boek is twatalich: de earste helte fan it boek fertelt it ferhaal yn it Frysk, de twadde helte fertelt itselde ferhaal yn it Ingelsk. Ast ien fan beide talen net hielendal machtich bist, kinst yn de oare helte fan it boek efkes spike wat it betsjut. Beide talen binne moai fanelkoar skieden troch ferskillende kleuren papier. It boek is frij koart. It ferhaal telt sa\u2019n 65 bledsiden en is yn in pear oerkes \u00fat te l\u00eazen. D\u00eartroch is it sawol foar de jeugd as foar folwoeksenen dy\u2019t net te lang yn in boek omhingjen bliuwe wolle in prachtich en spannend boek.&#8221; <a href=\"https:\/\/heitenmem.nl\/artikel\/22968\/de-resinsje-fan-corrie-hero\/\" target=\"_blank\" rel=\"noopener\">L\u00eas hjir de folsleine resinsje fan Corrie.<\/a><\/em><\/p>\n<p><em>Wieke Hoekstra: &#8220;Oarlochsferhalen mei belevenissen fan bern en bisten deryn binne in goeie kombinaasje. Us \u00e2ldste soan is hast 11 jier en f\u00fbn dit in leuk en spannend boek. Sels Frysk l\u00eaze is noch wol lestich en ek English is difficult. Dat it boek yn twa talen \u00fatbrocht is, is wol moai, want asto it Fryske earst l\u00east en begrypst, kinst letter it Ingelsk ek better begripe. Al mei al binne dat allegear pluspunten.&#8221; <a href=\"https:\/\/heitenmem.nl\/artikel\/22973\/de-resinsje-fan-wieke-hero\/\" target=\"_blank\" rel=\"noopener\">L\u00eas hjir de folsleine resinsje fan Wieke.<\/a><\/em><\/p>\n","protected":false},"excerpt":{"rendered":"<p>In de laatste winter van de Tweede Wereldoorlog moet Izaak zijn onderduikadres in Amsterdam verlaten, omdat het er te gevaarlijk wordt. Hij reist achter op de fiets bij koerierster Els naar zijn nieuwe schuilplaats, een boerderij in het noorden van Friesland. En ook al zijn de mensen daar lief voor hem, hij voelt zich eenzaam [&hellip;]<\/p>\n","protected":false},"featured_media":29255,"comment_status":"closed","ping_status":"closed","template":"","meta":{"_acf_changed":false},"product_brand":[],"product_cat":[1213,551,9763,535,16955,552,19384,24569,23212,22914,24175,1163],"product_tag":[5343,19265,19263,9459,19264,6545,6104],"class_list":{"0":"post-29254","1":"product","2":"type-product","3":"status-publish","4":"has-post-thumbnail","6":"product_cat-berne-en-jeugdboeken","7":"product_cat-berneboeken-8-12","8":"product_cat-de-moaiste-jeugdboeken","9":"product_cat-fryske-boeken","10":"product_cat-herfst","11":"product_cat-jeugdboeken","12":"product_cat-jeugdboeken-15","13":"product_cat-lezerstip10","14":"product_cat-tema-10-oant-12-jier","15":"product_cat-tema-meartalich","16":"product_cat-tema-skiednis","17":"product_cat-wo2","18":"product_tag-frysk-hynder","19":"product_tag-frysk-ingelsk","20":"product_tag-hero","21":"product_tag-jongerein","22":"product_tag-martha-attema","23":"product_tag-oarloch","24":"product_tag-twatalich","25":"product_shipping_class-brievenbus-verzending","26":"pa_auteur-martha-attema","27":"pa_isbn-24769","28":"pa_new-label-1-3","29":"pa_taal-frysk-ingelsk","30":"pa_uitgever-afuk","32":"first","33":"instock","34":"featured","35":"taxable","36":"shipping-taxable","37":"purchasable","38":"product-type-simple"},"acf":[],"yoast_head":"<!-- This site is optimized with the Yoast SEO plugin v27.3 - https:\/\/yoast.com\/product\/yoast-seo-wordpress\/ -->\n<title>Hero &#8211; Af\u00fbk Websjop<\/title>\n<meta name=\"description\" content=\"Martha Attema schreef een prachtig oorlogsverhaal over de Friese hengst Hero, gebaseerd op historische feiten en is tweetalig: Fries en Engels.\" \/>\n<meta name=\"robots\" content=\"index, follow, max-snippet:-1, max-image-preview:large, max-video-preview:-1\" \/>\n<link rel=\"canonical\" href=\"https:\/\/websjop.afuk.frl\/frl\/winkel\/hero\/\" \/>\n<meta property=\"og:locale\" content=\"fy_NL\" \/>\n<meta property=\"og:type\" content=\"article\" \/>\n<meta property=\"og:title\" content=\"Hero &#8211; Af\u00fbk Websjop\" \/>\n<meta property=\"og:description\" content=\"Martha Attema schreef een prachtig oorlogsverhaal over de Friese hengst Hero, gebaseerd op historische feiten en is tweetalig: Fries en Engels.\" \/>\n<meta property=\"og:url\" content=\"https:\/\/websjop.afuk.frl\/frl\/winkel\/hero\/\" \/>\n<meta property=\"og:site_name\" content=\"Af\u00fbk Websjop\" \/>\n<meta property=\"article:modified_time\" content=\"2026-03-26T08:14:56+00:00\" \/>\n<meta property=\"og:image\" content=\"https:\/\/websjop.afuk.frl\/wp-content\/uploads\/2021\/09\/Hero-HR-scaled.jpg\" \/>\n\t<meta property=\"og:image:width\" content=\"1783\" \/>\n\t<meta property=\"og:image:height\" content=\"2560\" \/>\n\t<meta property=\"og:image:type\" content=\"image\/jpeg\" \/>\n<meta name=\"twitter:card\" content=\"summary_large_image\" \/>\n<meta name=\"twitter:label1\" content=\"Est. reading time\" \/>\n\t<meta name=\"twitter:data1\" content=\"6 minutes\" \/>\n<script type=\"application\/ld+json\" class=\"yoast-schema-graph\">{\"@context\":\"https:\\\/\\\/schema.org\",\"@graph\":[{\"@type\":\"WebPage\",\"@id\":\"https:\\\/\\\/websjop.afuk.frl\\\/frl\\\/winkel\\\/hero\\\/\",\"url\":\"https:\\\/\\\/websjop.afuk.frl\\\/frl\\\/winkel\\\/hero\\\/\",\"name\":\"Hero &#8211; Af\u00fbk Websjop\",\"isPartOf\":{\"@id\":\"https:\\\/\\\/websjop.afuk.frl\\\/frl\\\/#website\"},\"primaryImageOfPage\":{\"@id\":\"https:\\\/\\\/websjop.afuk.frl\\\/frl\\\/winkel\\\/hero\\\/#primaryimage\"},\"image\":{\"@id\":\"https:\\\/\\\/websjop.afuk.frl\\\/frl\\\/winkel\\\/hero\\\/#primaryimage\"},\"thumbnailUrl\":\"https:\\\/\\\/websjop.afuk.frl\\\/wp-content\\\/uploads\\\/2021\\\/09\\\/Hero-HR-scaled.jpg\",\"datePublished\":\"2021-09-10T09:15:35+00:00\",\"dateModified\":\"2026-03-26T08:14:56+00:00\",\"description\":\"Martha Attema schreef een prachtig oorlogsverhaal over de Friese hengst Hero, gebaseerd op historische feiten en is tweetalig: Fries en Engels.\",\"breadcrumb\":{\"@id\":\"https:\\\/\\\/websjop.afuk.frl\\\/frl\\\/winkel\\\/hero\\\/#breadcrumb\"},\"inLanguage\":\"fy-NL\",\"potentialAction\":[{\"@type\":\"ReadAction\",\"target\":[\"https:\\\/\\\/websjop.afuk.frl\\\/frl\\\/winkel\\\/hero\\\/\"]}]},{\"@type\":\"ImageObject\",\"inLanguage\":\"fy-NL\",\"@id\":\"https:\\\/\\\/websjop.afuk.frl\\\/frl\\\/winkel\\\/hero\\\/#primaryimage\",\"url\":\"https:\\\/\\\/websjop.afuk.frl\\\/wp-content\\\/uploads\\\/2021\\\/09\\\/Hero-HR-scaled.jpg\",\"contentUrl\":\"https:\\\/\\\/websjop.afuk.frl\\\/wp-content\\\/uploads\\\/2021\\\/09\\\/Hero-HR-scaled.jpg\",\"width\":1783,\"height\":2560},{\"@type\":\"BreadcrumbList\",\"@id\":\"https:\\\/\\\/websjop.afuk.frl\\\/frl\\\/winkel\\\/hero\\\/#breadcrumb\",\"itemListElement\":[{\"@type\":\"ListItem\",\"position\":1,\"name\":\"Home\",\"item\":\"https:\\\/\\\/websjop.afuk.frl\\\/frl\\\/\"},{\"@type\":\"ListItem\",\"position\":2,\"name\":\"Winkel\",\"item\":\"https:\\\/\\\/websjop.afuk.frl\\\/nl\\\/winkel\\\/\"},{\"@type\":\"ListItem\",\"position\":3,\"name\":\"Hero\"}]},{\"@type\":\"WebSite\",\"@id\":\"https:\\\/\\\/websjop.afuk.frl\\\/frl\\\/#website\",\"url\":\"https:\\\/\\\/websjop.afuk.frl\\\/frl\\\/\",\"name\":\"Af\u00fbk Websjop\",\"description\":\"\",\"potentialAction\":[{\"@type\":\"SearchAction\",\"target\":{\"@type\":\"EntryPoint\",\"urlTemplate\":\"https:\\\/\\\/websjop.afuk.frl\\\/frl\\\/?s={search_term_string}\"},\"query-input\":{\"@type\":\"PropertyValueSpecification\",\"valueRequired\":true,\"valueName\":\"search_term_string\"}}],\"inLanguage\":\"fy-NL\"}]}<\/script>\n<!-- \/ Yoast SEO plugin. -->","yoast_head_json":{"title":"Hero &#8211; Af\u00fbk Websjop","description":"Martha Attema schreef een prachtig oorlogsverhaal over de Friese hengst Hero, gebaseerd op historische feiten en is tweetalig: Fries en Engels.","robots":{"index":"index","follow":"follow","max-snippet":"max-snippet:-1","max-image-preview":"max-image-preview:large","max-video-preview":"max-video-preview:-1"},"canonical":"https:\/\/websjop.afuk.frl\/frl\/winkel\/hero\/","og_locale":"fy_NL","og_type":"article","og_title":"Hero &#8211; Af\u00fbk Websjop","og_description":"Martha Attema schreef een prachtig oorlogsverhaal over de Friese hengst Hero, gebaseerd op historische feiten en is tweetalig: Fries en Engels.","og_url":"https:\/\/websjop.afuk.frl\/frl\/winkel\/hero\/","og_site_name":"Af\u00fbk Websjop","article_modified_time":"2026-03-26T08:14:56+00:00","og_image":[{"width":1783,"height":2560,"url":"https:\/\/websjop.afuk.frl\/wp-content\/uploads\/2021\/09\/Hero-HR-scaled.jpg","type":"image\/jpeg"}],"twitter_card":"summary_large_image","twitter_misc":{"Est. reading time":"6 minutes"},"schema":{"@context":"https:\/\/schema.org","@graph":[{"@type":"WebPage","@id":"https:\/\/websjop.afuk.frl\/frl\/winkel\/hero\/","url":"https:\/\/websjop.afuk.frl\/frl\/winkel\/hero\/","name":"Hero &#8211; Af\u00fbk Websjop","isPartOf":{"@id":"https:\/\/websjop.afuk.frl\/frl\/#website"},"primaryImageOfPage":{"@id":"https:\/\/websjop.afuk.frl\/frl\/winkel\/hero\/#primaryimage"},"image":{"@id":"https:\/\/websjop.afuk.frl\/frl\/winkel\/hero\/#primaryimage"},"thumbnailUrl":"https:\/\/websjop.afuk.frl\/wp-content\/uploads\/2021\/09\/Hero-HR-scaled.jpg","datePublished":"2021-09-10T09:15:35+00:00","dateModified":"2026-03-26T08:14:56+00:00","description":"Martha Attema schreef een prachtig oorlogsverhaal over de Friese hengst Hero, gebaseerd op historische feiten en is tweetalig: Fries en Engels.","breadcrumb":{"@id":"https:\/\/websjop.afuk.frl\/frl\/winkel\/hero\/#breadcrumb"},"inLanguage":"fy-NL","potentialAction":[{"@type":"ReadAction","target":["https:\/\/websjop.afuk.frl\/frl\/winkel\/hero\/"]}]},{"@type":"ImageObject","inLanguage":"fy-NL","@id":"https:\/\/websjop.afuk.frl\/frl\/winkel\/hero\/#primaryimage","url":"https:\/\/websjop.afuk.frl\/wp-content\/uploads\/2021\/09\/Hero-HR-scaled.jpg","contentUrl":"https:\/\/websjop.afuk.frl\/wp-content\/uploads\/2021\/09\/Hero-HR-scaled.jpg","width":1783,"height":2560},{"@type":"BreadcrumbList","@id":"https:\/\/websjop.afuk.frl\/frl\/winkel\/hero\/#breadcrumb","itemListElement":[{"@type":"ListItem","position":1,"name":"Home","item":"https:\/\/websjop.afuk.frl\/frl\/"},{"@type":"ListItem","position":2,"name":"Winkel","item":"https:\/\/websjop.afuk.frl\/nl\/winkel\/"},{"@type":"ListItem","position":3,"name":"Hero"}]},{"@type":"WebSite","@id":"https:\/\/websjop.afuk.frl\/frl\/#website","url":"https:\/\/websjop.afuk.frl\/frl\/","name":"Af\u00fbk Websjop","description":"","potentialAction":[{"@type":"SearchAction","target":{"@type":"EntryPoint","urlTemplate":"https:\/\/websjop.afuk.frl\/frl\/?s={search_term_string}"},"query-input":{"@type":"PropertyValueSpecification","valueRequired":true,"valueName":"search_term_string"}}],"inLanguage":"fy-NL"}]}},"_links":{"self":[{"href":"https:\/\/websjop.afuk.frl\/frl\/wp-json\/wp\/v2\/product\/29254","targetHints":{"allow":["GET"]}}],"collection":[{"href":"https:\/\/websjop.afuk.frl\/frl\/wp-json\/wp\/v2\/product"}],"about":[{"href":"https:\/\/websjop.afuk.frl\/frl\/wp-json\/wp\/v2\/types\/product"}],"replies":[{"embeddable":true,"href":"https:\/\/websjop.afuk.frl\/frl\/wp-json\/wp\/v2\/comments?post=29254"}],"wp:featuredmedia":[{"embeddable":true,"href":"https:\/\/websjop.afuk.frl\/frl\/wp-json\/wp\/v2\/media\/29255"}],"wp:attachment":[{"href":"https:\/\/websjop.afuk.frl\/frl\/wp-json\/wp\/v2\/media?parent=29254"}],"wp:term":[{"taxonomy":"product_brand","embeddable":true,"href":"https:\/\/websjop.afuk.frl\/frl\/wp-json\/wp\/v2\/product_brand?post=29254"},{"taxonomy":"product_cat","embeddable":true,"href":"https:\/\/websjop.afuk.frl\/frl\/wp-json\/wp\/v2\/product_cat?post=29254"},{"taxonomy":"product_tag","embeddable":true,"href":"https:\/\/websjop.afuk.frl\/frl\/wp-json\/wp\/v2\/product_tag?post=29254"}],"curies":[{"name":"wp","href":"https:\/\/api.w.org\/{rel}","templated":true}]}}