{"id":29098,"date":"2022-08-30T12:45:08","date_gmt":"2022-08-30T11:45:08","guid":{"rendered":"https:\/\/websjop.afuk.frl\/nl\/?post_type=product&#038;p=29098"},"modified":"2023-01-26T11:02:57","modified_gmt":"2023-01-26T10:02:57","slug":"it-neidiel-fan-e-twivel-jeugdroman","status":"publish","type":"product","link":"https:\/\/websjop.afuk.frl\/frl\/winkel\/it-neidiel-fan-e-twivel-jeugdroman\/","title":{"rendered":"It neidiel fan &#8216;e twivel &#8211; jeugdroman"},"content":{"rendered":"<p>Bas heeft al het een en ander meegemaakt wanneer hij naar Itali\u00eb gaat voor een uitwisselingsproject van school. Hij heeft het daar prima naar de zin en wordt al snel verliefd op de mysterieuze Julia. Maar dan grijpt het coronavirus om zich heen en de buitenlandse studenten moeten direct op het vliegtuig naar huis.<\/p>\n<p>Maar kan Bas zijn grote liefde zo achterlaten, net nu ze haar geheimen aan hem heeft verteld? En hoe zit het eigenlijk met zijn eigen verleden?<\/p>\n<p><em>It neidiel fan &#8216;e twivel <\/em>is de tweede jeugdroman fan I.E. Bloem, die in 2020 debuteerde met <em>Eudaimoania. <\/em><strong>Het boek is bekroond met de Simke Kloosterman-priis 2022 als beste kinder- of jeugdboek.<\/strong><\/p>\n<p>Dit boek is opgenomen in de selectie van de White Ravens 2022 . De White Ravens zijn aanbevelingen voor bijzondere boeken uit de wereld van de internationale kinder- en jeugdliteratuur.<\/p>\n<hr \/>\n<p><em>Aukje-Tsjitske: &#8220;Ik krige in nijsgjirrich ynsjoch yn \u2019e gedachten en emoasjes fan Bas. Allinne yn it l\u00easte part waard ik d\u00ear minder yn meinommen. Faaks is dat om\u2019t er it sels efkes net mear wit \u2013 moast er Julia leauwe of har heit? Mar dan hie ik wol oer syn twivels l\u00eaze kinnen. Sels op \u2019e l\u00easte bledside wurd ik as l\u00eazer yn it \u00fbnwisse litten oer wat Bas dwaan sil. In iepen ein, om nei it l\u00eazen noch fierder dreame te kinnen.&#8221; <\/em><a href=\"https:\/\/heitenmem.nl\/artikel\/24982\/de-resinsje-fan-aukje-tjitske-it-neidiel-fan-e-twivel\/\">Lees de volledige recensie van Aukje-Tsjitske hier.<\/a><\/p>\n<p><em>Corrie Kamminga: &#8220;It boek l\u00east lekker wei. Troch it flotte taalgebr\u00fbk en de trochgeande aksje kinst de oandacht der goed byh\u00e2lde. Ik moast gauris gnize om de humor yn it boek. Oer it hamsterjen fan h\u00faskepapier oant de Fryske nochterheid fan Bas. Dat h\u00e2ldt it soms drege libben fan Bas toch luchtich om te l\u00eazen. De ein fan it boek is oars as datst ferwachtest en jout romte foar diskusje.&#8221;<\/em> <a href=\"https:\/\/heitenmem.nl\/artikel\/25522\/de-resinsje-fan-corrie-it-neidiel-fan-e-twivel\/\" target=\"_blank\" rel=\"noopener\">L\u00eas hjir de folsleine resinsje fan Corrie.<\/a><\/p>\n","protected":false},"excerpt":{"rendered":"<p>Bas heeft al het een en ander meegemaakt wanneer hij naar Itali\u00eb gaat voor een uitwisselingsproject van school. Hij heeft het daar prima naar de zin en wordt al snel verliefd op de mysterieuze Julia. Maar dan grijpt het coronavirus om zich heen en de buitenlandse studenten moeten direct op het vliegtuig naar huis. Maar [&hellip;]<\/p>\n","protected":false},"featured_media":29099,"comment_status":"closed","ping_status":"closed","template":"","meta":{"_acf_changed":false},"product_brand":[],"product_cat":[9763,535,552,19384,537,1215],"product_tag":[11594,19183,19187,19188,19185,9459,19186],"class_list":{"0":"post-29098","1":"product","2":"type-product","3":"status-publish","4":"has-post-thumbnail","6":"product_cat-de-moaiste-jeugdboeken","7":"product_cat-fryske-boeken","8":"product_cat-jeugdboeken","9":"product_cat-jeugdboeken-15","10":"product_cat-romans","11":"product_cat-romans-en-literatuer","12":"product_tag-i-e-bloem","13":"product_tag-it-neidiel-fan-e-twivel","14":"product_tag-itaalje","15":"product_tag-italie","16":"product_tag-jeugdroman","17":"product_tag-jongerein","18":"product_tag-utwikselingsprojekt","19":"product_shipping_class-brievenbus-verzending","20":"pa_auteur-i-e-bloem","21":"pa_isbn-19182","22":"pa_new-label-1-3","23":"pa_taal-frysk","24":"pa_uitgever-afuk","26":"first","27":"instock","28":"taxable","29":"shipping-taxable","30":"purchasable","31":"product-type-simple"},"acf":[],"yoast_head":"<!-- This site is optimized with the Yoast SEO plugin v27.2 - https:\/\/yoast.com\/product\/yoast-seo-wordpress\/ -->\n<title>It neidiel fan &#039;e twivel - jeugdroman &#8211; Af\u00fbk Websjop<\/title>\n<meta name=\"description\" content=\"It neidiel fan &#039;e twivel is de tweede jeugdroman fan I.E. Bloem, die in 2020 debuteerde met Eudaimoania. Bas gaat met school naar Itali\u00eb en wordt verliefd.\" \/>\n<meta name=\"robots\" content=\"index, follow, max-snippet:-1, max-image-preview:large, max-video-preview:-1\" \/>\n<link rel=\"canonical\" href=\"https:\/\/websjop.afuk.frl\/frl\/winkel\/it-neidiel-fan-e-twivel-jeugdroman\/\" \/>\n<meta property=\"og:locale\" content=\"fy_NL\" \/>\n<meta property=\"og:type\" content=\"article\" \/>\n<meta property=\"og:title\" content=\"It neidiel fan &#039;e twivel - jeugdroman &#8211; Af\u00fbk Websjop\" \/>\n<meta property=\"og:description\" content=\"It neidiel fan &#039;e twivel is de tweede jeugdroman fan I.E. Bloem, die in 2020 debuteerde met Eudaimoania. Bas gaat met school naar Itali\u00eb en wordt verliefd.\" \/>\n<meta property=\"og:url\" content=\"https:\/\/websjop.afuk.frl\/frl\/winkel\/it-neidiel-fan-e-twivel-jeugdroman\/\" \/>\n<meta property=\"og:site_name\" content=\"Af\u00fbk Websjop\" \/>\n<meta property=\"article:modified_time\" content=\"2023-01-26T10:02:57+00:00\" \/>\n<meta property=\"og:image\" content=\"https:\/\/websjop.afuk.frl\/wp-content\/uploads\/2021\/08\/It-neidiel-fan-e-twivel-LR.jpg\" \/>\n\t<meta property=\"og:image:width\" content=\"1000\" \/>\n\t<meta property=\"og:image:height\" content=\"1463\" \/>\n\t<meta property=\"og:image:type\" content=\"image\/jpeg\" \/>\n<meta name=\"twitter:card\" content=\"summary_large_image\" \/>\n<meta name=\"twitter:label1\" content=\"Est. reading time\" \/>\n\t<meta name=\"twitter:data1\" content=\"2 minutes\" \/>\n<script type=\"application\/ld+json\" class=\"yoast-schema-graph\">{\"@context\":\"https:\/\/schema.org\",\"@graph\":[{\"@type\":\"WebPage\",\"@id\":\"https:\/\/websjop.afuk.frl\/frl\/winkel\/it-neidiel-fan-e-twivel-jeugdroman\/\",\"url\":\"https:\/\/websjop.afuk.frl\/frl\/winkel\/it-neidiel-fan-e-twivel-jeugdroman\/\",\"name\":\"It neidiel fan 'e twivel - jeugdroman &#8211; Af\u00fbk Websjop\",\"isPartOf\":{\"@id\":\"https:\/\/websjop.afuk.frl\/frl\/#website\"},\"primaryImageOfPage\":{\"@id\":\"https:\/\/websjop.afuk.frl\/frl\/winkel\/it-neidiel-fan-e-twivel-jeugdroman\/#primaryimage\"},\"image\":{\"@id\":\"https:\/\/websjop.afuk.frl\/frl\/winkel\/it-neidiel-fan-e-twivel-jeugdroman\/#primaryimage\"},\"thumbnailUrl\":\"https:\/\/websjop.afuk.frl\/wp-content\/uploads\/2021\/08\/It-neidiel-fan-e-twivel-LR.jpg\",\"datePublished\":\"2022-08-30T11:45:08+00:00\",\"dateModified\":\"2023-01-26T10:02:57+00:00\",\"description\":\"It neidiel fan 'e twivel is de tweede jeugdroman fan I.E. Bloem, die in 2020 debuteerde met Eudaimoania. Bas gaat met school naar Itali\u00eb en wordt verliefd.\",\"breadcrumb\":{\"@id\":\"https:\/\/websjop.afuk.frl\/frl\/winkel\/it-neidiel-fan-e-twivel-jeugdroman\/#breadcrumb\"},\"inLanguage\":\"fy-NL\",\"potentialAction\":[{\"@type\":\"ReadAction\",\"target\":[\"https:\/\/websjop.afuk.frl\/frl\/winkel\/it-neidiel-fan-e-twivel-jeugdroman\/\"]}]},{\"@type\":\"ImageObject\",\"inLanguage\":\"fy-NL\",\"@id\":\"https:\/\/websjop.afuk.frl\/frl\/winkel\/it-neidiel-fan-e-twivel-jeugdroman\/#primaryimage\",\"url\":\"https:\/\/websjop.afuk.frl\/wp-content\/uploads\/2021\/08\/It-neidiel-fan-e-twivel-LR.jpg\",\"contentUrl\":\"https:\/\/websjop.afuk.frl\/wp-content\/uploads\/2021\/08\/It-neidiel-fan-e-twivel-LR.jpg\",\"width\":1000,\"height\":1463,\"caption\":\"It neideil fan 'e twivel\"},{\"@type\":\"BreadcrumbList\",\"@id\":\"https:\/\/websjop.afuk.frl\/frl\/winkel\/it-neidiel-fan-e-twivel-jeugdroman\/#breadcrumb\",\"itemListElement\":[{\"@type\":\"ListItem\",\"position\":1,\"name\":\"Home\",\"item\":\"https:\/\/websjop.afuk.frl\/frl\/\"},{\"@type\":\"ListItem\",\"position\":2,\"name\":\"Winkel\",\"item\":\"https:\/\/websjop.afuk.frl\/nl\/winkel\/\"},{\"@type\":\"ListItem\",\"position\":3,\"name\":\"It neidiel fan &#8216;e twivel &#8211; jeugdroman\"}]},{\"@type\":\"WebSite\",\"@id\":\"https:\/\/websjop.afuk.frl\/frl\/#website\",\"url\":\"https:\/\/websjop.afuk.frl\/frl\/\",\"name\":\"Af\u00fbk Websjop\",\"description\":\"\",\"potentialAction\":[{\"@type\":\"SearchAction\",\"target\":{\"@type\":\"EntryPoint\",\"urlTemplate\":\"https:\/\/websjop.afuk.frl\/frl\/?s={search_term_string}\"},\"query-input\":{\"@type\":\"PropertyValueSpecification\",\"valueRequired\":true,\"valueName\":\"search_term_string\"}}],\"inLanguage\":\"fy-NL\"}]}<\/script>\n<!-- \/ Yoast SEO plugin. -->","yoast_head_json":{"title":"It neidiel fan 'e twivel - jeugdroman &#8211; Af\u00fbk Websjop","description":"It neidiel fan 'e twivel is de tweede jeugdroman fan I.E. Bloem, die in 2020 debuteerde met Eudaimoania. Bas gaat met school naar Itali\u00eb en wordt verliefd.","robots":{"index":"index","follow":"follow","max-snippet":"max-snippet:-1","max-image-preview":"max-image-preview:large","max-video-preview":"max-video-preview:-1"},"canonical":"https:\/\/websjop.afuk.frl\/frl\/winkel\/it-neidiel-fan-e-twivel-jeugdroman\/","og_locale":"fy_NL","og_type":"article","og_title":"It neidiel fan 'e twivel - jeugdroman &#8211; Af\u00fbk Websjop","og_description":"It neidiel fan 'e twivel is de tweede jeugdroman fan I.E. Bloem, die in 2020 debuteerde met Eudaimoania. Bas gaat met school naar Itali\u00eb en wordt verliefd.","og_url":"https:\/\/websjop.afuk.frl\/frl\/winkel\/it-neidiel-fan-e-twivel-jeugdroman\/","og_site_name":"Af\u00fbk Websjop","article_modified_time":"2023-01-26T10:02:57+00:00","og_image":[{"width":1000,"height":1463,"url":"https:\/\/websjop.afuk.frl\/wp-content\/uploads\/2021\/08\/It-neidiel-fan-e-twivel-LR.jpg","type":"image\/jpeg"}],"twitter_card":"summary_large_image","twitter_misc":{"Est. reading time":"2 minutes"},"schema":{"@context":"https:\/\/schema.org","@graph":[{"@type":"WebPage","@id":"https:\/\/websjop.afuk.frl\/frl\/winkel\/it-neidiel-fan-e-twivel-jeugdroman\/","url":"https:\/\/websjop.afuk.frl\/frl\/winkel\/it-neidiel-fan-e-twivel-jeugdroman\/","name":"It neidiel fan 'e twivel - jeugdroman &#8211; Af\u00fbk Websjop","isPartOf":{"@id":"https:\/\/websjop.afuk.frl\/frl\/#website"},"primaryImageOfPage":{"@id":"https:\/\/websjop.afuk.frl\/frl\/winkel\/it-neidiel-fan-e-twivel-jeugdroman\/#primaryimage"},"image":{"@id":"https:\/\/websjop.afuk.frl\/frl\/winkel\/it-neidiel-fan-e-twivel-jeugdroman\/#primaryimage"},"thumbnailUrl":"https:\/\/websjop.afuk.frl\/wp-content\/uploads\/2021\/08\/It-neidiel-fan-e-twivel-LR.jpg","datePublished":"2022-08-30T11:45:08+00:00","dateModified":"2023-01-26T10:02:57+00:00","description":"It neidiel fan 'e twivel is de tweede jeugdroman fan I.E. Bloem, die in 2020 debuteerde met Eudaimoania. Bas gaat met school naar Itali\u00eb en wordt verliefd.","breadcrumb":{"@id":"https:\/\/websjop.afuk.frl\/frl\/winkel\/it-neidiel-fan-e-twivel-jeugdroman\/#breadcrumb"},"inLanguage":"fy-NL","potentialAction":[{"@type":"ReadAction","target":["https:\/\/websjop.afuk.frl\/frl\/winkel\/it-neidiel-fan-e-twivel-jeugdroman\/"]}]},{"@type":"ImageObject","inLanguage":"fy-NL","@id":"https:\/\/websjop.afuk.frl\/frl\/winkel\/it-neidiel-fan-e-twivel-jeugdroman\/#primaryimage","url":"https:\/\/websjop.afuk.frl\/wp-content\/uploads\/2021\/08\/It-neidiel-fan-e-twivel-LR.jpg","contentUrl":"https:\/\/websjop.afuk.frl\/wp-content\/uploads\/2021\/08\/It-neidiel-fan-e-twivel-LR.jpg","width":1000,"height":1463,"caption":"It neideil fan 'e twivel"},{"@type":"BreadcrumbList","@id":"https:\/\/websjop.afuk.frl\/frl\/winkel\/it-neidiel-fan-e-twivel-jeugdroman\/#breadcrumb","itemListElement":[{"@type":"ListItem","position":1,"name":"Home","item":"https:\/\/websjop.afuk.frl\/frl\/"},{"@type":"ListItem","position":2,"name":"Winkel","item":"https:\/\/websjop.afuk.frl\/nl\/winkel\/"},{"@type":"ListItem","position":3,"name":"It neidiel fan &#8216;e twivel &#8211; jeugdroman"}]},{"@type":"WebSite","@id":"https:\/\/websjop.afuk.frl\/frl\/#website","url":"https:\/\/websjop.afuk.frl\/frl\/","name":"Af\u00fbk Websjop","description":"","potentialAction":[{"@type":"SearchAction","target":{"@type":"EntryPoint","urlTemplate":"https:\/\/websjop.afuk.frl\/frl\/?s={search_term_string}"},"query-input":{"@type":"PropertyValueSpecification","valueRequired":true,"valueName":"search_term_string"}}],"inLanguage":"fy-NL"}]}},"_links":{"self":[{"href":"https:\/\/websjop.afuk.frl\/frl\/wp-json\/wp\/v2\/product\/29098","targetHints":{"allow":["GET"]}}],"collection":[{"href":"https:\/\/websjop.afuk.frl\/frl\/wp-json\/wp\/v2\/product"}],"about":[{"href":"https:\/\/websjop.afuk.frl\/frl\/wp-json\/wp\/v2\/types\/product"}],"replies":[{"embeddable":true,"href":"https:\/\/websjop.afuk.frl\/frl\/wp-json\/wp\/v2\/comments?post=29098"}],"wp:featuredmedia":[{"embeddable":true,"href":"https:\/\/websjop.afuk.frl\/frl\/wp-json\/wp\/v2\/media\/29099"}],"wp:attachment":[{"href":"https:\/\/websjop.afuk.frl\/frl\/wp-json\/wp\/v2\/media?parent=29098"}],"wp:term":[{"taxonomy":"product_brand","embeddable":true,"href":"https:\/\/websjop.afuk.frl\/frl\/wp-json\/wp\/v2\/product_brand?post=29098"},{"taxonomy":"product_cat","embeddable":true,"href":"https:\/\/websjop.afuk.frl\/frl\/wp-json\/wp\/v2\/product_cat?post=29098"},{"taxonomy":"product_tag","embeddable":true,"href":"https:\/\/websjop.afuk.frl\/frl\/wp-json\/wp\/v2\/product_tag?post=29098"}],"curies":[{"name":"wp","href":"https:\/\/api.w.org\/{rel}","templated":true}]}}