{"id":29062,"date":"2021-11-10T10:30:55","date_gmt":"2021-11-10T09:30:55","guid":{"rendered":"https:\/\/websjop.afuk.frl\/nl\/?post_type=product&#038;p=29062"},"modified":"2024-08-05T13:58:39","modified_gmt":"2024-08-05T12:58:39","slug":"stip-yn-e-trein-ludeboek","status":"publish","type":"product","link":"https:\/\/websjop.afuk.frl\/frl\/winkel\/stip-yn-e-trein-ludeboek\/","title":{"rendered":"Stip yn &#8216;e trein &#8211; mei it l\u00fbd fan in stoomtrein"},"content":{"rendered":"<p>Tsjoeke, tsjoeke tsjoek! Allemaal instappen! Dan gaan we op reis met Stip en zijn beppe. Druk op de button, dan hoor je de trein!<\/p>\n<p>Een nieuw Stip &#8211; kartonboek met het geluid van een stoomtrein.<br \/>\n&#8212;&#8212;&#8212;&#8212;&#8212;-<\/p>\n<p><em>Maaike Dillema: &#8220;It boek hat moaie dikke siden en troch de treinfoarm slagget it ek Redmar om de siden om te slaan. Hy fynt it dan ek machtich moai om it boekje wer ticht te dwaan en besiket hieltiten om op de reade knop te drukken. Dat slagget him helaas noch net, mar dat sil \u00e2ldere bern better \u00f4fgean. Al mei al in hiel leuk en, troch de foarm, unyk boekje, dat sels geskikt is foar de lytste boekewjirmkes \u00fbnder \u00fas.&#8221; <a href=\"https:\/\/heitenmem.nl\/artikel\/23083\/de-resinsje-fan-maaike-stip-yn-e-trein\/\" target=\"_blank\" rel=\"noopener\">L\u00eas hjir Maaike har folsleine resinsje.<\/a><\/em><\/p>\n<p><em>Rozemarijn Strubbe: &#8220;t boek hat de foarm fan in trein. Dat makket it fansels noch oantrekliker foar pjutten om it boek \u00fat de kast te pakken. Op de kleurrike platen is gen\u00f4ch te sjen en op elke side bart wat dat echt by in treinaventoer heart.&#8221; <a href=\"https:\/\/heitenmem.nl\/artikel\/23090\/de-resinsje-fan-rozemarijn-stip-op-e-trein\/\" target=\"_blank\" rel=\"noopener\">L\u00eas hjir Rozemarijn har folsleine resinsje.<\/a><\/em><\/p>\n","protected":false},"excerpt":{"rendered":"<p>Tsjoeke, tsjoeke tsjoek! Allemaal instappen! Dan gaan we op reis met Stip en zijn beppe. Druk op de button, dan hoor je de trein! Een nieuw Stip &#8211; kartonboek met het geluid van een stoomtrein. &#8212;&#8212;&#8212;&#8212;&#8212;- Maaike Dillema: &#8220;It boek hat moaie dikke siden en troch de treinfoarm slagget it ek Redmar om de siden [&hellip;]<\/p>\n","protected":false},"featured_media":29884,"comment_status":"closed","ping_status":"closed","template":"","meta":{"_acf_changed":false},"product_brand":[],"product_cat":[1213,549,535,1255,9568,22943],"product_tag":[19165,6057,19166,5938,17070,19167,19436],"class_list":{"0":"post-29062","1":"product","2":"type-product","3":"status-publish","4":"has-post-thumbnail","6":"product_cat-berne-en-jeugdboeken","7":"product_cat-berneboeken-0-tot-4-jaar","8":"product_cat-fryske-boeken","9":"product_cat-kado-s-foar-de-feestdagen","10":"product_cat-stip","11":"product_cat-tema-underweis","12":"product_tag-button","13":"product_tag-eric-hill","14":"product_tag-geluid","15":"product_tag-kartonboek","16":"product_tag-ludeboek","17":"product_tag-op-reis","18":"product_tag-stip-yn-e-trein","19":"product_shipping_class-brievenbus-verzending","20":"pa_auteur-eric-hill-2","21":"pa_isbn-19163","22":"pa_new-label-1-3","23":"pa_taal-frysk","24":"pa_uitgever-afuk","26":"first","27":"instock","28":"taxable","29":"shipping-taxable","30":"purchasable","31":"product-type-simple"},"acf":[],"yoast_head":"<!-- This site is optimized with the Yoast SEO plugin v27.3 - https:\/\/yoast.com\/product\/yoast-seo-wordpress\/ -->\n<title>Stip yn &#039;e trein - mei it l\u00fbd fan in stoomtrein &#8211; Af\u00fbk Websjop<\/title>\n<meta name=\"description\" content=\"Tsjoeke, tsjoeke tsjoek! Allemaal instappen! Dan gaan we op reis met Stip en zijn beppe. Druk op de button, dan hoor je de trein! Kartonboek met geluid!\" \/>\n<meta name=\"robots\" content=\"index, follow, max-snippet:-1, max-image-preview:large, max-video-preview:-1\" \/>\n<link rel=\"canonical\" href=\"https:\/\/websjop.afuk.frl\/frl\/winkel\/stip-yn-e-trein-ludeboek\/\" \/>\n<meta property=\"og:locale\" content=\"fy_NL\" \/>\n<meta property=\"og:type\" content=\"article\" \/>\n<meta property=\"og:title\" content=\"Stip yn &#039;e trein - mei it l\u00fbd fan in stoomtrein &#8211; Af\u00fbk Websjop\" \/>\n<meta property=\"og:description\" content=\"Tsjoeke, tsjoeke tsjoek! Allemaal instappen! Dan gaan we op reis met Stip en zijn beppe. Druk op de button, dan hoor je de trein! Kartonboek met geluid!\" \/>\n<meta property=\"og:url\" content=\"https:\/\/websjop.afuk.frl\/frl\/winkel\/stip-yn-e-trein-ludeboek\/\" \/>\n<meta property=\"og:site_name\" content=\"Af\u00fbk Websjop\" \/>\n<meta property=\"article:modified_time\" content=\"2024-08-05T12:58:39+00:00\" \/>\n<meta property=\"og:image\" content=\"https:\/\/websjop.afuk.frl\/wp-content\/uploads\/2021\/10\/Stip-yn-e-trein-LR.jpg\" \/>\n\t<meta property=\"og:image:width\" content=\"1200\" \/>\n\t<meta property=\"og:image:height\" content=\"960\" \/>\n\t<meta property=\"og:image:type\" content=\"image\/jpeg\" \/>\n<meta name=\"twitter:card\" content=\"summary_large_image\" \/>\n<meta name=\"twitter:label1\" content=\"Est. reading time\" \/>\n\t<meta name=\"twitter:data1\" content=\"1 minute\" \/>\n<script type=\"application\/ld+json\" class=\"yoast-schema-graph\">{\"@context\":\"https:\\\/\\\/schema.org\",\"@graph\":[{\"@type\":\"WebPage\",\"@id\":\"https:\\\/\\\/websjop.afuk.frl\\\/frl\\\/winkel\\\/stip-yn-e-trein-ludeboek\\\/\",\"url\":\"https:\\\/\\\/websjop.afuk.frl\\\/frl\\\/winkel\\\/stip-yn-e-trein-ludeboek\\\/\",\"name\":\"Stip yn 'e trein - mei it l\u00fbd fan in stoomtrein &#8211; Af\u00fbk Websjop\",\"isPartOf\":{\"@id\":\"https:\\\/\\\/websjop.afuk.frl\\\/frl\\\/#website\"},\"primaryImageOfPage\":{\"@id\":\"https:\\\/\\\/websjop.afuk.frl\\\/frl\\\/winkel\\\/stip-yn-e-trein-ludeboek\\\/#primaryimage\"},\"image\":{\"@id\":\"https:\\\/\\\/websjop.afuk.frl\\\/frl\\\/winkel\\\/stip-yn-e-trein-ludeboek\\\/#primaryimage\"},\"thumbnailUrl\":\"https:\\\/\\\/websjop.afuk.frl\\\/wp-content\\\/uploads\\\/2021\\\/10\\\/Stip-yn-e-trein-LR.jpg\",\"datePublished\":\"2021-11-10T09:30:55+00:00\",\"dateModified\":\"2024-08-05T12:58:39+00:00\",\"description\":\"Tsjoeke, tsjoeke tsjoek! Allemaal instappen! Dan gaan we op reis met Stip en zijn beppe. Druk op de button, dan hoor je de trein! Kartonboek met geluid!\",\"breadcrumb\":{\"@id\":\"https:\\\/\\\/websjop.afuk.frl\\\/frl\\\/winkel\\\/stip-yn-e-trein-ludeboek\\\/#breadcrumb\"},\"inLanguage\":\"fy-NL\",\"potentialAction\":[{\"@type\":\"ReadAction\",\"target\":[\"https:\\\/\\\/websjop.afuk.frl\\\/frl\\\/winkel\\\/stip-yn-e-trein-ludeboek\\\/\"]}]},{\"@type\":\"ImageObject\",\"inLanguage\":\"fy-NL\",\"@id\":\"https:\\\/\\\/websjop.afuk.frl\\\/frl\\\/winkel\\\/stip-yn-e-trein-ludeboek\\\/#primaryimage\",\"url\":\"https:\\\/\\\/websjop.afuk.frl\\\/wp-content\\\/uploads\\\/2021\\\/10\\\/Stip-yn-e-trein-LR.jpg\",\"contentUrl\":\"https:\\\/\\\/websjop.afuk.frl\\\/wp-content\\\/uploads\\\/2021\\\/10\\\/Stip-yn-e-trein-LR.jpg\",\"width\":1200,\"height\":960,\"caption\":\"Stip trein\"},{\"@type\":\"BreadcrumbList\",\"@id\":\"https:\\\/\\\/websjop.afuk.frl\\\/frl\\\/winkel\\\/stip-yn-e-trein-ludeboek\\\/#breadcrumb\",\"itemListElement\":[{\"@type\":\"ListItem\",\"position\":1,\"name\":\"Home\",\"item\":\"https:\\\/\\\/websjop.afuk.frl\\\/frl\\\/\"},{\"@type\":\"ListItem\",\"position\":2,\"name\":\"Winkel\",\"item\":\"https:\\\/\\\/websjop.afuk.frl\\\/nl\\\/winkel\\\/\"},{\"@type\":\"ListItem\",\"position\":3,\"name\":\"Stip yn &#8216;e trein &#8211; mei it l\u00fbd fan in stoomtrein\"}]},{\"@type\":\"WebSite\",\"@id\":\"https:\\\/\\\/websjop.afuk.frl\\\/frl\\\/#website\",\"url\":\"https:\\\/\\\/websjop.afuk.frl\\\/frl\\\/\",\"name\":\"Af\u00fbk Websjop\",\"description\":\"\",\"potentialAction\":[{\"@type\":\"SearchAction\",\"target\":{\"@type\":\"EntryPoint\",\"urlTemplate\":\"https:\\\/\\\/websjop.afuk.frl\\\/frl\\\/?s={search_term_string}\"},\"query-input\":{\"@type\":\"PropertyValueSpecification\",\"valueRequired\":true,\"valueName\":\"search_term_string\"}}],\"inLanguage\":\"fy-NL\"}]}<\/script>\n<!-- \/ Yoast SEO plugin. -->","yoast_head_json":{"title":"Stip yn 'e trein - mei it l\u00fbd fan in stoomtrein &#8211; Af\u00fbk Websjop","description":"Tsjoeke, tsjoeke tsjoek! Allemaal instappen! Dan gaan we op reis met Stip en zijn beppe. Druk op de button, dan hoor je de trein! Kartonboek met geluid!","robots":{"index":"index","follow":"follow","max-snippet":"max-snippet:-1","max-image-preview":"max-image-preview:large","max-video-preview":"max-video-preview:-1"},"canonical":"https:\/\/websjop.afuk.frl\/frl\/winkel\/stip-yn-e-trein-ludeboek\/","og_locale":"fy_NL","og_type":"article","og_title":"Stip yn 'e trein - mei it l\u00fbd fan in stoomtrein &#8211; Af\u00fbk Websjop","og_description":"Tsjoeke, tsjoeke tsjoek! Allemaal instappen! Dan gaan we op reis met Stip en zijn beppe. Druk op de button, dan hoor je de trein! Kartonboek met geluid!","og_url":"https:\/\/websjop.afuk.frl\/frl\/winkel\/stip-yn-e-trein-ludeboek\/","og_site_name":"Af\u00fbk Websjop","article_modified_time":"2024-08-05T12:58:39+00:00","og_image":[{"width":1200,"height":960,"url":"https:\/\/websjop.afuk.frl\/wp-content\/uploads\/2021\/10\/Stip-yn-e-trein-LR.jpg","type":"image\/jpeg"}],"twitter_card":"summary_large_image","twitter_misc":{"Est. reading time":"1 minute"},"schema":{"@context":"https:\/\/schema.org","@graph":[{"@type":"WebPage","@id":"https:\/\/websjop.afuk.frl\/frl\/winkel\/stip-yn-e-trein-ludeboek\/","url":"https:\/\/websjop.afuk.frl\/frl\/winkel\/stip-yn-e-trein-ludeboek\/","name":"Stip yn 'e trein - mei it l\u00fbd fan in stoomtrein &#8211; Af\u00fbk Websjop","isPartOf":{"@id":"https:\/\/websjop.afuk.frl\/frl\/#website"},"primaryImageOfPage":{"@id":"https:\/\/websjop.afuk.frl\/frl\/winkel\/stip-yn-e-trein-ludeboek\/#primaryimage"},"image":{"@id":"https:\/\/websjop.afuk.frl\/frl\/winkel\/stip-yn-e-trein-ludeboek\/#primaryimage"},"thumbnailUrl":"https:\/\/websjop.afuk.frl\/wp-content\/uploads\/2021\/10\/Stip-yn-e-trein-LR.jpg","datePublished":"2021-11-10T09:30:55+00:00","dateModified":"2024-08-05T12:58:39+00:00","description":"Tsjoeke, tsjoeke tsjoek! Allemaal instappen! Dan gaan we op reis met Stip en zijn beppe. Druk op de button, dan hoor je de trein! Kartonboek met geluid!","breadcrumb":{"@id":"https:\/\/websjop.afuk.frl\/frl\/winkel\/stip-yn-e-trein-ludeboek\/#breadcrumb"},"inLanguage":"fy-NL","potentialAction":[{"@type":"ReadAction","target":["https:\/\/websjop.afuk.frl\/frl\/winkel\/stip-yn-e-trein-ludeboek\/"]}]},{"@type":"ImageObject","inLanguage":"fy-NL","@id":"https:\/\/websjop.afuk.frl\/frl\/winkel\/stip-yn-e-trein-ludeboek\/#primaryimage","url":"https:\/\/websjop.afuk.frl\/wp-content\/uploads\/2021\/10\/Stip-yn-e-trein-LR.jpg","contentUrl":"https:\/\/websjop.afuk.frl\/wp-content\/uploads\/2021\/10\/Stip-yn-e-trein-LR.jpg","width":1200,"height":960,"caption":"Stip trein"},{"@type":"BreadcrumbList","@id":"https:\/\/websjop.afuk.frl\/frl\/winkel\/stip-yn-e-trein-ludeboek\/#breadcrumb","itemListElement":[{"@type":"ListItem","position":1,"name":"Home","item":"https:\/\/websjop.afuk.frl\/frl\/"},{"@type":"ListItem","position":2,"name":"Winkel","item":"https:\/\/websjop.afuk.frl\/nl\/winkel\/"},{"@type":"ListItem","position":3,"name":"Stip yn &#8216;e trein &#8211; mei it l\u00fbd fan in stoomtrein"}]},{"@type":"WebSite","@id":"https:\/\/websjop.afuk.frl\/frl\/#website","url":"https:\/\/websjop.afuk.frl\/frl\/","name":"Af\u00fbk Websjop","description":"","potentialAction":[{"@type":"SearchAction","target":{"@type":"EntryPoint","urlTemplate":"https:\/\/websjop.afuk.frl\/frl\/?s={search_term_string}"},"query-input":{"@type":"PropertyValueSpecification","valueRequired":true,"valueName":"search_term_string"}}],"inLanguage":"fy-NL"}]}},"_links":{"self":[{"href":"https:\/\/websjop.afuk.frl\/frl\/wp-json\/wp\/v2\/product\/29062","targetHints":{"allow":["GET"]}}],"collection":[{"href":"https:\/\/websjop.afuk.frl\/frl\/wp-json\/wp\/v2\/product"}],"about":[{"href":"https:\/\/websjop.afuk.frl\/frl\/wp-json\/wp\/v2\/types\/product"}],"replies":[{"embeddable":true,"href":"https:\/\/websjop.afuk.frl\/frl\/wp-json\/wp\/v2\/comments?post=29062"}],"wp:featuredmedia":[{"embeddable":true,"href":"https:\/\/websjop.afuk.frl\/frl\/wp-json\/wp\/v2\/media\/29884"}],"wp:attachment":[{"href":"https:\/\/websjop.afuk.frl\/frl\/wp-json\/wp\/v2\/media?parent=29062"}],"wp:term":[{"taxonomy":"product_brand","embeddable":true,"href":"https:\/\/websjop.afuk.frl\/frl\/wp-json\/wp\/v2\/product_brand?post=29062"},{"taxonomy":"product_cat","embeddable":true,"href":"https:\/\/websjop.afuk.frl\/frl\/wp-json\/wp\/v2\/product_cat?post=29062"},{"taxonomy":"product_tag","embeddable":true,"href":"https:\/\/websjop.afuk.frl\/frl\/wp-json\/wp\/v2\/product_tag?post=29062"}],"curies":[{"name":"wp","href":"https:\/\/api.w.org\/{rel}","templated":true}]}}