{"id":28684,"date":"2021-07-22T12:36:06","date_gmt":"2021-07-22T11:36:06","guid":{"rendered":"https:\/\/websjop.afuk.frl\/nl\/?post_type=product&#038;p=28684"},"modified":"2025-03-13T12:45:40","modified_gmt":"2025-03-13T11:45:40","slug":"mol-wol-de-moanne-ha","status":"publish","type":"product","link":"https:\/\/websjop.afuk.frl\/frl\/winkel\/mol-wol-de-moanne-ha\/","title":{"rendered":"Mol wol de moanne ha &#8211; karton"},"content":{"rendered":"<p>Mol vindt de maan het mooiste wat hij ooit heeft gezien. Maar hoe krijg je &#8216;m naar beneden? Dat is nog niet zo gemakkelijk&#8230;<\/p>\n<p>Kartonversie van het prentenboek Mol wol de moanne ha.<\/p>\n<hr \/>\n<p><em>Daphne: &#8220;Ik fyn it sels sa&#8217;n leaf ferhaaltsje en gelokkich is \u00fas soan fan 3,5 jier ek sljocht op dit boek. It is in moai formaat en lekker fan karton, dat poer geskikt foar \u00fas jonkje. Wy ha de oare prachtige boeken fan Mol ek yn it Frysk. Echte pronkjes yn \u00fas boekekast.&#8221;<\/em><\/p>\n","protected":false},"excerpt":{"rendered":"<p>Mol vindt de maan het mooiste wat hij ooit heeft gezien. Maar hoe krijg je &#8216;m naar beneden? Dat is nog niet zo gemakkelijk&#8230; Kartonversie van het prentenboek Mol wol de moanne ha. Daphne: &#8220;Ik fyn it sels sa&#8217;n leaf ferhaaltsje en gelokkich is \u00fas soan fan 3,5 jier ek sljocht op dit boek. It [&hellip;]<\/p>\n","protected":false},"featured_media":28685,"comment_status":"closed","ping_status":"closed","template":"","meta":{"_acf_changed":false},"product_brand":[],"product_cat":[1213,549,21150,23627,22897,22906],"product_tag":[19013,5938,19011,8490,6158,18991],"class_list":{"0":"post-28684","1":"product","2":"type-product","3":"status-publish","4":"has-post-thumbnail","6":"product_cat-berne-en-jeugdboeken","7":"product_cat-berneboeken-0-tot-4-jaar","8":"product_cat-kinderboekenweek","9":"product_cat-op-aventoer","10":"product_cat-tema-natoer","11":"product_cat-tema-sliepe","12":"product_tag-jonathan-emmett","13":"product_tag-kartonboek","14":"product_tag-maan","15":"product_tag-moanne","16":"product_tag-mol","17":"product_tag-mol-wol-de-moanne-ha","18":"product_shipping_class-brievenbus-verzending","19":"pa_auteur-jonathan-emmett-2","20":"pa_isbn-19012","21":"pa_new-label-1-3","22":"pa_taal-frysk","23":"pa_uitgever-afuk","24":"pa_vertaler-hermien-van-der-meer","26":"first","27":"instock","28":"taxable","29":"shipping-taxable","30":"purchasable","31":"product-type-simple"},"acf":[],"yoast_head":"<!-- This site is optimized with the Yoast SEO plugin v27.2 - https:\/\/yoast.com\/product\/yoast-seo-wordpress\/ -->\n<title>Mol wol de moanne ha - karton &#8211; Af\u00fbk Websjop<\/title>\n<meta name=\"description\" content=\"Mol vindt de maan het mooiste wat hij ooit heeft gezien. Maar hoe krijg je &#039;m naar beneden? Dat is nog niet zo gemakkelijk...\" \/>\n<meta name=\"robots\" content=\"index, follow, max-snippet:-1, max-image-preview:large, max-video-preview:-1\" \/>\n<link rel=\"canonical\" href=\"https:\/\/websjop.afuk.frl\/frl\/winkel\/mol-wol-de-moanne-ha\/\" \/>\n<meta property=\"og:locale\" content=\"fy_NL\" \/>\n<meta property=\"og:type\" content=\"article\" \/>\n<meta property=\"og:title\" content=\"Mol wol de moanne ha - karton &#8211; Af\u00fbk Websjop\" \/>\n<meta property=\"og:description\" content=\"Mol vindt de maan het mooiste wat hij ooit heeft gezien. Maar hoe krijg je &#039;m naar beneden? Dat is nog niet zo gemakkelijk...\" \/>\n<meta property=\"og:url\" content=\"https:\/\/websjop.afuk.frl\/frl\/winkel\/mol-wol-de-moanne-ha\/\" \/>\n<meta property=\"og:site_name\" content=\"Af\u00fbk Websjop\" \/>\n<meta property=\"article:modified_time\" content=\"2025-03-13T11:45:40+00:00\" \/>\n<meta property=\"og:image\" content=\"https:\/\/websjop.afuk.frl\/wp-content\/uploads\/2021\/07\/Mol-wol-de-moanne-ha-HR-677x1024.jpg\" \/>\n\t<meta property=\"og:image:width\" content=\"677\" \/>\n\t<meta property=\"og:image:height\" content=\"1024\" \/>\n\t<meta property=\"og:image:type\" content=\"image\/jpeg\" \/>\n<meta name=\"twitter:card\" content=\"summary_large_image\" \/>\n<script type=\"application\/ld+json\" class=\"yoast-schema-graph\">{\"@context\":\"https:\/\/schema.org\",\"@graph\":[{\"@type\":\"WebPage\",\"@id\":\"https:\/\/websjop.afuk.frl\/frl\/winkel\/mol-wol-de-moanne-ha\/\",\"url\":\"https:\/\/websjop.afuk.frl\/frl\/winkel\/mol-wol-de-moanne-ha\/\",\"name\":\"Mol wol de moanne ha - karton &#8211; Af\u00fbk Websjop\",\"isPartOf\":{\"@id\":\"https:\/\/websjop.afuk.frl\/frl\/#website\"},\"primaryImageOfPage\":{\"@id\":\"https:\/\/websjop.afuk.frl\/frl\/winkel\/mol-wol-de-moanne-ha\/#primaryimage\"},\"image\":{\"@id\":\"https:\/\/websjop.afuk.frl\/frl\/winkel\/mol-wol-de-moanne-ha\/#primaryimage\"},\"thumbnailUrl\":\"https:\/\/websjop.afuk.frl\/wp-content\/uploads\/2021\/07\/Mol-wol-de-moanne-ha-HR.jpg\",\"datePublished\":\"2021-07-22T11:36:06+00:00\",\"dateModified\":\"2025-03-13T11:45:40+00:00\",\"description\":\"Mol vindt de maan het mooiste wat hij ooit heeft gezien. Maar hoe krijg je 'm naar beneden? Dat is nog niet zo gemakkelijk...\",\"breadcrumb\":{\"@id\":\"https:\/\/websjop.afuk.frl\/frl\/winkel\/mol-wol-de-moanne-ha\/#breadcrumb\"},\"inLanguage\":\"fy-NL\",\"potentialAction\":[{\"@type\":\"ReadAction\",\"target\":[\"https:\/\/websjop.afuk.frl\/frl\/winkel\/mol-wol-de-moanne-ha\/\"]}]},{\"@type\":\"ImageObject\",\"inLanguage\":\"fy-NL\",\"@id\":\"https:\/\/websjop.afuk.frl\/frl\/winkel\/mol-wol-de-moanne-ha\/#primaryimage\",\"url\":\"https:\/\/websjop.afuk.frl\/wp-content\/uploads\/2021\/07\/Mol-wol-de-moanne-ha-HR.jpg\",\"contentUrl\":\"https:\/\/websjop.afuk.frl\/wp-content\/uploads\/2021\/07\/Mol-wol-de-moanne-ha-HR.jpg\",\"width\":1504,\"height\":2274},{\"@type\":\"BreadcrumbList\",\"@id\":\"https:\/\/websjop.afuk.frl\/frl\/winkel\/mol-wol-de-moanne-ha\/#breadcrumb\",\"itemListElement\":[{\"@type\":\"ListItem\",\"position\":1,\"name\":\"Home\",\"item\":\"https:\/\/websjop.afuk.frl\/frl\/\"},{\"@type\":\"ListItem\",\"position\":2,\"name\":\"Winkel\",\"item\":\"https:\/\/websjop.afuk.frl\/nl\/winkel\/\"},{\"@type\":\"ListItem\",\"position\":3,\"name\":\"Mol wol de moanne ha &#8211; karton\"}]},{\"@type\":\"WebSite\",\"@id\":\"https:\/\/websjop.afuk.frl\/frl\/#website\",\"url\":\"https:\/\/websjop.afuk.frl\/frl\/\",\"name\":\"Af\u00fbk Websjop\",\"description\":\"\",\"potentialAction\":[{\"@type\":\"SearchAction\",\"target\":{\"@type\":\"EntryPoint\",\"urlTemplate\":\"https:\/\/websjop.afuk.frl\/frl\/?s={search_term_string}\"},\"query-input\":{\"@type\":\"PropertyValueSpecification\",\"valueRequired\":true,\"valueName\":\"search_term_string\"}}],\"inLanguage\":\"fy-NL\"}]}<\/script>\n<!-- \/ Yoast SEO plugin. -->","yoast_head_json":{"title":"Mol wol de moanne ha - karton &#8211; Af\u00fbk Websjop","description":"Mol vindt de maan het mooiste wat hij ooit heeft gezien. Maar hoe krijg je 'm naar beneden? Dat is nog niet zo gemakkelijk...","robots":{"index":"index","follow":"follow","max-snippet":"max-snippet:-1","max-image-preview":"max-image-preview:large","max-video-preview":"max-video-preview:-1"},"canonical":"https:\/\/websjop.afuk.frl\/frl\/winkel\/mol-wol-de-moanne-ha\/","og_locale":"fy_NL","og_type":"article","og_title":"Mol wol de moanne ha - karton &#8211; Af\u00fbk Websjop","og_description":"Mol vindt de maan het mooiste wat hij ooit heeft gezien. Maar hoe krijg je 'm naar beneden? Dat is nog niet zo gemakkelijk...","og_url":"https:\/\/websjop.afuk.frl\/frl\/winkel\/mol-wol-de-moanne-ha\/","og_site_name":"Af\u00fbk Websjop","article_modified_time":"2025-03-13T11:45:40+00:00","og_image":[{"width":677,"height":1024,"url":"https:\/\/websjop.afuk.frl\/wp-content\/uploads\/2021\/07\/Mol-wol-de-moanne-ha-HR-677x1024.jpg","type":"image\/jpeg"}],"twitter_card":"summary_large_image","schema":{"@context":"https:\/\/schema.org","@graph":[{"@type":"WebPage","@id":"https:\/\/websjop.afuk.frl\/frl\/winkel\/mol-wol-de-moanne-ha\/","url":"https:\/\/websjop.afuk.frl\/frl\/winkel\/mol-wol-de-moanne-ha\/","name":"Mol wol de moanne ha - karton &#8211; Af\u00fbk Websjop","isPartOf":{"@id":"https:\/\/websjop.afuk.frl\/frl\/#website"},"primaryImageOfPage":{"@id":"https:\/\/websjop.afuk.frl\/frl\/winkel\/mol-wol-de-moanne-ha\/#primaryimage"},"image":{"@id":"https:\/\/websjop.afuk.frl\/frl\/winkel\/mol-wol-de-moanne-ha\/#primaryimage"},"thumbnailUrl":"https:\/\/websjop.afuk.frl\/wp-content\/uploads\/2021\/07\/Mol-wol-de-moanne-ha-HR.jpg","datePublished":"2021-07-22T11:36:06+00:00","dateModified":"2025-03-13T11:45:40+00:00","description":"Mol vindt de maan het mooiste wat hij ooit heeft gezien. Maar hoe krijg je 'm naar beneden? Dat is nog niet zo gemakkelijk...","breadcrumb":{"@id":"https:\/\/websjop.afuk.frl\/frl\/winkel\/mol-wol-de-moanne-ha\/#breadcrumb"},"inLanguage":"fy-NL","potentialAction":[{"@type":"ReadAction","target":["https:\/\/websjop.afuk.frl\/frl\/winkel\/mol-wol-de-moanne-ha\/"]}]},{"@type":"ImageObject","inLanguage":"fy-NL","@id":"https:\/\/websjop.afuk.frl\/frl\/winkel\/mol-wol-de-moanne-ha\/#primaryimage","url":"https:\/\/websjop.afuk.frl\/wp-content\/uploads\/2021\/07\/Mol-wol-de-moanne-ha-HR.jpg","contentUrl":"https:\/\/websjop.afuk.frl\/wp-content\/uploads\/2021\/07\/Mol-wol-de-moanne-ha-HR.jpg","width":1504,"height":2274},{"@type":"BreadcrumbList","@id":"https:\/\/websjop.afuk.frl\/frl\/winkel\/mol-wol-de-moanne-ha\/#breadcrumb","itemListElement":[{"@type":"ListItem","position":1,"name":"Home","item":"https:\/\/websjop.afuk.frl\/frl\/"},{"@type":"ListItem","position":2,"name":"Winkel","item":"https:\/\/websjop.afuk.frl\/nl\/winkel\/"},{"@type":"ListItem","position":3,"name":"Mol wol de moanne ha &#8211; karton"}]},{"@type":"WebSite","@id":"https:\/\/websjop.afuk.frl\/frl\/#website","url":"https:\/\/websjop.afuk.frl\/frl\/","name":"Af\u00fbk Websjop","description":"","potentialAction":[{"@type":"SearchAction","target":{"@type":"EntryPoint","urlTemplate":"https:\/\/websjop.afuk.frl\/frl\/?s={search_term_string}"},"query-input":{"@type":"PropertyValueSpecification","valueRequired":true,"valueName":"search_term_string"}}],"inLanguage":"fy-NL"}]}},"_links":{"self":[{"href":"https:\/\/websjop.afuk.frl\/frl\/wp-json\/wp\/v2\/product\/28684","targetHints":{"allow":["GET"]}}],"collection":[{"href":"https:\/\/websjop.afuk.frl\/frl\/wp-json\/wp\/v2\/product"}],"about":[{"href":"https:\/\/websjop.afuk.frl\/frl\/wp-json\/wp\/v2\/types\/product"}],"replies":[{"embeddable":true,"href":"https:\/\/websjop.afuk.frl\/frl\/wp-json\/wp\/v2\/comments?post=28684"}],"wp:featuredmedia":[{"embeddable":true,"href":"https:\/\/websjop.afuk.frl\/frl\/wp-json\/wp\/v2\/media\/28685"}],"wp:attachment":[{"href":"https:\/\/websjop.afuk.frl\/frl\/wp-json\/wp\/v2\/media?parent=28684"}],"wp:term":[{"taxonomy":"product_brand","embeddable":true,"href":"https:\/\/websjop.afuk.frl\/frl\/wp-json\/wp\/v2\/product_brand?post=28684"},{"taxonomy":"product_cat","embeddable":true,"href":"https:\/\/websjop.afuk.frl\/frl\/wp-json\/wp\/v2\/product_cat?post=28684"},{"taxonomy":"product_tag","embeddable":true,"href":"https:\/\/websjop.afuk.frl\/frl\/wp-json\/wp\/v2\/product_tag?post=28684"}],"curies":[{"name":"wp","href":"https:\/\/api.w.org\/{rel}","templated":true}]}}