{"id":28582,"date":"2021-07-14T13:07:55","date_gmt":"2021-07-14T12:07:55","guid":{"rendered":"https:\/\/websjop.afuk.frl\/nl\/?post_type=product&#038;p=28582"},"modified":"2021-09-02T11:54:28","modified_gmt":"2021-09-02T10:54:28","slug":"ik-haw-myn-kobist-festbun-oan-in-appelbeam-ik-bond-mijn-koe-vast-aan-een-appelboom","status":"publish","type":"product","link":"https:\/\/websjop.afuk.frl\/frl\/winkel\/ik-haw-myn-kobist-festbun-oan-in-appelbeam-ik-bond-mijn-koe-vast-aan-een-appelboom\/","title":{"rendered":"Ik haw myn kobist f\u00eastb\u00fbn oan in appelbeam &#8211; Ik bond mijn koe vast aan een appelboom"},"content":{"rendered":"<p>Tweetalige bloemlezing (Fries-Nederlands) van 45 gedichten uit de tien gedichtenbundels van Abe de Vries, een van de belangrijkste Friese dichters in de 21e eeuw tot nu.<\/p>\n<p>&nbsp;<\/p>\n","protected":false},"excerpt":{"rendered":"<p>Tweetalige bloemlezing (Fries-Nederlands) van 45 gedichten uit de tien gedichtenbundels van Abe de Vries, een van de belangrijkste Friese dichters in de 21e eeuw tot nu. &nbsp;<\/p>\n","protected":false},"featured_media":28583,"comment_status":"closed","ping_status":"closed","template":"","meta":{"_acf_changed":false},"product_brand":[],"product_cat":[538,535,1215],"product_tag":[17163,5191,18952,18951,16933],"class_list":{"0":"post-28582","1":"product","2":"type-product","3":"status-publish","4":"has-post-thumbnail","6":"product_cat-dichtbondels","7":"product_cat-fryske-boeken","8":"product_cat-romans-en-literatuer","9":"product_tag-abe-de-vries","10":"product_tag-gedichten","11":"product_tag-ik-bond-mijn-koe-vast-aan-een-appelboom","12":"product_tag-ik-haw-myn-kobist-festbun-oan-in-appelbeam","13":"product_tag-tweetalig","14":"product_shipping_class-brievenbus-verzending","15":"pa_auteur-abe-vries","16":"pa_isbn-18950","17":"pa_new-label-1-3","18":"pa_taal-frysk-nederlansk","19":"pa_uitgever-de-ryp","21":"first","22":"instock","23":"taxable","24":"shipping-taxable","25":"purchasable","26":"product-type-simple"},"acf":[],"yoast_head":"<!-- This site is optimized with the Yoast SEO plugin v27.3 - https:\/\/yoast.com\/product\/yoast-seo-wordpress\/ -->\n<title>Ik haw myn kobist f\u00eastb\u00fbn oan in appelbeam - Ik bond mijn koe vast aan een appelboom &#8211; Af\u00fbk Websjop<\/title>\n<meta name=\"description\" content=\"Ik haw myn kobist f\u00eastb\u00fbn oan in appelbeam is een tweetalige bloemlezing (Fries-Nederlands) van 45 gedichten uit de tien gedichtenbundels van Abe de Vries.\" \/>\n<meta name=\"robots\" content=\"index, follow, max-snippet:-1, max-image-preview:large, max-video-preview:-1\" \/>\n<link rel=\"canonical\" href=\"https:\/\/websjop.afuk.frl\/frl\/winkel\/ik-haw-myn-kobist-festbun-oan-in-appelbeam-ik-bond-mijn-koe-vast-aan-een-appelboom\/\" \/>\n<meta property=\"og:locale\" content=\"fy_NL\" \/>\n<meta property=\"og:type\" content=\"article\" \/>\n<meta property=\"og:title\" content=\"Ik haw myn kobist f\u00eastb\u00fbn oan in appelbeam - Ik bond mijn koe vast aan een appelboom &#8211; Af\u00fbk Websjop\" \/>\n<meta property=\"og:description\" content=\"Ik haw myn kobist f\u00eastb\u00fbn oan in appelbeam is een tweetalige bloemlezing (Fries-Nederlands) van 45 gedichten uit de tien gedichtenbundels van Abe de Vries.\" \/>\n<meta property=\"og:url\" content=\"https:\/\/websjop.afuk.frl\/frl\/winkel\/ik-haw-myn-kobist-festbun-oan-in-appelbeam-ik-bond-mijn-koe-vast-aan-een-appelboom\/\" \/>\n<meta property=\"og:site_name\" content=\"Af\u00fbk Websjop\" \/>\n<meta property=\"article:modified_time\" content=\"2021-09-02T10:54:28+00:00\" \/>\n<meta property=\"og:image\" content=\"https:\/\/websjop.afuk.frl\/wp-content\/uploads\/2021\/07\/Ik-haw-myn-kobist424.jpg\" \/>\n\t<meta property=\"og:image:width\" content=\"444\" \/>\n\t<meta property=\"og:image:height\" content=\"656\" \/>\n\t<meta property=\"og:image:type\" content=\"image\/jpeg\" \/>\n<meta name=\"twitter:card\" content=\"summary_large_image\" \/>\n<script type=\"application\/ld+json\" class=\"yoast-schema-graph\">{\"@context\":\"https:\\\/\\\/schema.org\",\"@graph\":[{\"@type\":\"WebPage\",\"@id\":\"https:\\\/\\\/websjop.afuk.frl\\\/frl\\\/winkel\\\/ik-haw-myn-kobist-festbun-oan-in-appelbeam-ik-bond-mijn-koe-vast-aan-een-appelboom\\\/\",\"url\":\"https:\\\/\\\/websjop.afuk.frl\\\/frl\\\/winkel\\\/ik-haw-myn-kobist-festbun-oan-in-appelbeam-ik-bond-mijn-koe-vast-aan-een-appelboom\\\/\",\"name\":\"Ik haw myn kobist f\u00eastb\u00fbn oan in appelbeam - Ik bond mijn koe vast aan een appelboom &#8211; Af\u00fbk Websjop\",\"isPartOf\":{\"@id\":\"https:\\\/\\\/websjop.afuk.frl\\\/frl\\\/#website\"},\"primaryImageOfPage\":{\"@id\":\"https:\\\/\\\/websjop.afuk.frl\\\/frl\\\/winkel\\\/ik-haw-myn-kobist-festbun-oan-in-appelbeam-ik-bond-mijn-koe-vast-aan-een-appelboom\\\/#primaryimage\"},\"image\":{\"@id\":\"https:\\\/\\\/websjop.afuk.frl\\\/frl\\\/winkel\\\/ik-haw-myn-kobist-festbun-oan-in-appelbeam-ik-bond-mijn-koe-vast-aan-een-appelboom\\\/#primaryimage\"},\"thumbnailUrl\":\"https:\\\/\\\/websjop.afuk.frl\\\/wp-content\\\/uploads\\\/2021\\\/07\\\/Ik-haw-myn-kobist424.jpg\",\"datePublished\":\"2021-07-14T12:07:55+00:00\",\"dateModified\":\"2021-09-02T10:54:28+00:00\",\"description\":\"Ik haw myn kobist f\u00eastb\u00fbn oan in appelbeam is een tweetalige bloemlezing (Fries-Nederlands) van 45 gedichten uit de tien gedichtenbundels van Abe de Vries.\",\"breadcrumb\":{\"@id\":\"https:\\\/\\\/websjop.afuk.frl\\\/frl\\\/winkel\\\/ik-haw-myn-kobist-festbun-oan-in-appelbeam-ik-bond-mijn-koe-vast-aan-een-appelboom\\\/#breadcrumb\"},\"inLanguage\":\"fy-NL\",\"potentialAction\":[{\"@type\":\"ReadAction\",\"target\":[\"https:\\\/\\\/websjop.afuk.frl\\\/frl\\\/winkel\\\/ik-haw-myn-kobist-festbun-oan-in-appelbeam-ik-bond-mijn-koe-vast-aan-een-appelboom\\\/\"]}]},{\"@type\":\"ImageObject\",\"inLanguage\":\"fy-NL\",\"@id\":\"https:\\\/\\\/websjop.afuk.frl\\\/frl\\\/winkel\\\/ik-haw-myn-kobist-festbun-oan-in-appelbeam-ik-bond-mijn-koe-vast-aan-een-appelboom\\\/#primaryimage\",\"url\":\"https:\\\/\\\/websjop.afuk.frl\\\/wp-content\\\/uploads\\\/2021\\\/07\\\/Ik-haw-myn-kobist424.jpg\",\"contentUrl\":\"https:\\\/\\\/websjop.afuk.frl\\\/wp-content\\\/uploads\\\/2021\\\/07\\\/Ik-haw-myn-kobist424.jpg\",\"width\":444,\"height\":656,\"caption\":\"Ik haw myn kobist\"},{\"@type\":\"BreadcrumbList\",\"@id\":\"https:\\\/\\\/websjop.afuk.frl\\\/frl\\\/winkel\\\/ik-haw-myn-kobist-festbun-oan-in-appelbeam-ik-bond-mijn-koe-vast-aan-een-appelboom\\\/#breadcrumb\",\"itemListElement\":[{\"@type\":\"ListItem\",\"position\":1,\"name\":\"Home\",\"item\":\"https:\\\/\\\/websjop.afuk.frl\\\/frl\\\/\"},{\"@type\":\"ListItem\",\"position\":2,\"name\":\"Winkel\",\"item\":\"https:\\\/\\\/websjop.afuk.frl\\\/nl\\\/winkel\\\/\"},{\"@type\":\"ListItem\",\"position\":3,\"name\":\"Ik haw myn kobist f\u00eastb\u00fbn oan in appelbeam &#8211; Ik bond mijn koe vast aan een appelboom\"}]},{\"@type\":\"WebSite\",\"@id\":\"https:\\\/\\\/websjop.afuk.frl\\\/frl\\\/#website\",\"url\":\"https:\\\/\\\/websjop.afuk.frl\\\/frl\\\/\",\"name\":\"Af\u00fbk Websjop\",\"description\":\"\",\"potentialAction\":[{\"@type\":\"SearchAction\",\"target\":{\"@type\":\"EntryPoint\",\"urlTemplate\":\"https:\\\/\\\/websjop.afuk.frl\\\/frl\\\/?s={search_term_string}\"},\"query-input\":{\"@type\":\"PropertyValueSpecification\",\"valueRequired\":true,\"valueName\":\"search_term_string\"}}],\"inLanguage\":\"fy-NL\"}]}<\/script>\n<!-- \/ Yoast SEO plugin. -->","yoast_head_json":{"title":"Ik haw myn kobist f\u00eastb\u00fbn oan in appelbeam - Ik bond mijn koe vast aan een appelboom &#8211; Af\u00fbk Websjop","description":"Ik haw myn kobist f\u00eastb\u00fbn oan in appelbeam is een tweetalige bloemlezing (Fries-Nederlands) van 45 gedichten uit de tien gedichtenbundels van Abe de Vries.","robots":{"index":"index","follow":"follow","max-snippet":"max-snippet:-1","max-image-preview":"max-image-preview:large","max-video-preview":"max-video-preview:-1"},"canonical":"https:\/\/websjop.afuk.frl\/frl\/winkel\/ik-haw-myn-kobist-festbun-oan-in-appelbeam-ik-bond-mijn-koe-vast-aan-een-appelboom\/","og_locale":"fy_NL","og_type":"article","og_title":"Ik haw myn kobist f\u00eastb\u00fbn oan in appelbeam - Ik bond mijn koe vast aan een appelboom &#8211; Af\u00fbk Websjop","og_description":"Ik haw myn kobist f\u00eastb\u00fbn oan in appelbeam is een tweetalige bloemlezing (Fries-Nederlands) van 45 gedichten uit de tien gedichtenbundels van Abe de Vries.","og_url":"https:\/\/websjop.afuk.frl\/frl\/winkel\/ik-haw-myn-kobist-festbun-oan-in-appelbeam-ik-bond-mijn-koe-vast-aan-een-appelboom\/","og_site_name":"Af\u00fbk Websjop","article_modified_time":"2021-09-02T10:54:28+00:00","og_image":[{"width":444,"height":656,"url":"https:\/\/websjop.afuk.frl\/wp-content\/uploads\/2021\/07\/Ik-haw-myn-kobist424.jpg","type":"image\/jpeg"}],"twitter_card":"summary_large_image","schema":{"@context":"https:\/\/schema.org","@graph":[{"@type":"WebPage","@id":"https:\/\/websjop.afuk.frl\/frl\/winkel\/ik-haw-myn-kobist-festbun-oan-in-appelbeam-ik-bond-mijn-koe-vast-aan-een-appelboom\/","url":"https:\/\/websjop.afuk.frl\/frl\/winkel\/ik-haw-myn-kobist-festbun-oan-in-appelbeam-ik-bond-mijn-koe-vast-aan-een-appelboom\/","name":"Ik haw myn kobist f\u00eastb\u00fbn oan in appelbeam - Ik bond mijn koe vast aan een appelboom &#8211; Af\u00fbk Websjop","isPartOf":{"@id":"https:\/\/websjop.afuk.frl\/frl\/#website"},"primaryImageOfPage":{"@id":"https:\/\/websjop.afuk.frl\/frl\/winkel\/ik-haw-myn-kobist-festbun-oan-in-appelbeam-ik-bond-mijn-koe-vast-aan-een-appelboom\/#primaryimage"},"image":{"@id":"https:\/\/websjop.afuk.frl\/frl\/winkel\/ik-haw-myn-kobist-festbun-oan-in-appelbeam-ik-bond-mijn-koe-vast-aan-een-appelboom\/#primaryimage"},"thumbnailUrl":"https:\/\/websjop.afuk.frl\/wp-content\/uploads\/2021\/07\/Ik-haw-myn-kobist424.jpg","datePublished":"2021-07-14T12:07:55+00:00","dateModified":"2021-09-02T10:54:28+00:00","description":"Ik haw myn kobist f\u00eastb\u00fbn oan in appelbeam is een tweetalige bloemlezing (Fries-Nederlands) van 45 gedichten uit de tien gedichtenbundels van Abe de Vries.","breadcrumb":{"@id":"https:\/\/websjop.afuk.frl\/frl\/winkel\/ik-haw-myn-kobist-festbun-oan-in-appelbeam-ik-bond-mijn-koe-vast-aan-een-appelboom\/#breadcrumb"},"inLanguage":"fy-NL","potentialAction":[{"@type":"ReadAction","target":["https:\/\/websjop.afuk.frl\/frl\/winkel\/ik-haw-myn-kobist-festbun-oan-in-appelbeam-ik-bond-mijn-koe-vast-aan-een-appelboom\/"]}]},{"@type":"ImageObject","inLanguage":"fy-NL","@id":"https:\/\/websjop.afuk.frl\/frl\/winkel\/ik-haw-myn-kobist-festbun-oan-in-appelbeam-ik-bond-mijn-koe-vast-aan-een-appelboom\/#primaryimage","url":"https:\/\/websjop.afuk.frl\/wp-content\/uploads\/2021\/07\/Ik-haw-myn-kobist424.jpg","contentUrl":"https:\/\/websjop.afuk.frl\/wp-content\/uploads\/2021\/07\/Ik-haw-myn-kobist424.jpg","width":444,"height":656,"caption":"Ik haw myn kobist"},{"@type":"BreadcrumbList","@id":"https:\/\/websjop.afuk.frl\/frl\/winkel\/ik-haw-myn-kobist-festbun-oan-in-appelbeam-ik-bond-mijn-koe-vast-aan-een-appelboom\/#breadcrumb","itemListElement":[{"@type":"ListItem","position":1,"name":"Home","item":"https:\/\/websjop.afuk.frl\/frl\/"},{"@type":"ListItem","position":2,"name":"Winkel","item":"https:\/\/websjop.afuk.frl\/nl\/winkel\/"},{"@type":"ListItem","position":3,"name":"Ik haw myn kobist f\u00eastb\u00fbn oan in appelbeam &#8211; Ik bond mijn koe vast aan een appelboom"}]},{"@type":"WebSite","@id":"https:\/\/websjop.afuk.frl\/frl\/#website","url":"https:\/\/websjop.afuk.frl\/frl\/","name":"Af\u00fbk Websjop","description":"","potentialAction":[{"@type":"SearchAction","target":{"@type":"EntryPoint","urlTemplate":"https:\/\/websjop.afuk.frl\/frl\/?s={search_term_string}"},"query-input":{"@type":"PropertyValueSpecification","valueRequired":true,"valueName":"search_term_string"}}],"inLanguage":"fy-NL"}]}},"_links":{"self":[{"href":"https:\/\/websjop.afuk.frl\/frl\/wp-json\/wp\/v2\/product\/28582","targetHints":{"allow":["GET"]}}],"collection":[{"href":"https:\/\/websjop.afuk.frl\/frl\/wp-json\/wp\/v2\/product"}],"about":[{"href":"https:\/\/websjop.afuk.frl\/frl\/wp-json\/wp\/v2\/types\/product"}],"replies":[{"embeddable":true,"href":"https:\/\/websjop.afuk.frl\/frl\/wp-json\/wp\/v2\/comments?post=28582"}],"wp:featuredmedia":[{"embeddable":true,"href":"https:\/\/websjop.afuk.frl\/frl\/wp-json\/wp\/v2\/media\/28583"}],"wp:attachment":[{"href":"https:\/\/websjop.afuk.frl\/frl\/wp-json\/wp\/v2\/media?parent=28582"}],"wp:term":[{"taxonomy":"product_brand","embeddable":true,"href":"https:\/\/websjop.afuk.frl\/frl\/wp-json\/wp\/v2\/product_brand?post=28582"},{"taxonomy":"product_cat","embeddable":true,"href":"https:\/\/websjop.afuk.frl\/frl\/wp-json\/wp\/v2\/product_cat?post=28582"},{"taxonomy":"product_tag","embeddable":true,"href":"https:\/\/websjop.afuk.frl\/frl\/wp-json\/wp\/v2\/product_tag?post=28582"}],"curies":[{"name":"wp","href":"https:\/\/api.w.org\/{rel}","templated":true}]}}