{"id":28282,"date":"2021-06-28T10:19:15","date_gmt":"2021-06-28T09:19:15","guid":{"rendered":"https:\/\/websjop.afuk.frl\/nl\/?post_type=product&#038;p=28282"},"modified":"2021-08-02T11:44:08","modified_gmt":"2021-08-02T10:44:08","slug":"noas-tsjin-t-gles-gedichten","status":"publish","type":"product","link":"https:\/\/websjop.afuk.frl\/frl\/winkel\/noas-tsjin-t-gles-gedichten\/","title":{"rendered":"Noas tsjin &#8216;t gl\u00eas &#8211; gedichten"},"content":{"rendered":"<p>In <em>Noas tsjin &#8216;t gl\u00eas<\/em> kijkt de dichter: naar buiten, naar binnen, naar hemzelf en soms ziet hij ook niets. De bundel begint met het gedicht <em>&#8216;Oanreitsje&#8217;<\/em>:<\/p>\n<p><em>de wr\u00e2ld hoecht net \u00fbnbekladde, in bytsje goed fallend<\/em><\/p>\n<p><em>soe al noflik w\u00eaze en troaikjend<\/em><\/p>\n<p><em>ast him oanreitsje kinst<\/em><\/p>\n<p>Edwin de Groot verstaat de kunst om allerhande onderwerpen die op zijn weg komen in bijzondere taal om te zetten.<\/p>\n","protected":false},"excerpt":{"rendered":"<p>In Noas tsjin &#8216;t gl\u00eas kijkt de dichter: naar buiten, naar binnen, naar hemzelf en soms ziet hij ook niets. De bundel begint met het gedicht &#8216;Oanreitsje&#8217;: de wr\u00e2ld hoecht net \u00fbnbekladde, in bytsje goed fallend soe al noflik w\u00eaze en troaikjend ast him oanreitsje kinst Edwin de Groot verstaat de kunst om allerhande onderwerpen [&hellip;]<\/p>\n","protected":false},"featured_media":28283,"comment_status":"closed","ping_status":"closed","template":"","meta":{"_acf_changed":false},"product_brand":[],"product_cat":[538,535,1215],"product_tag":[9575,5191,18824,17036],"class_list":{"0":"post-28282","1":"product","2":"type-product","3":"status-publish","4":"has-post-thumbnail","6":"product_cat-dichtbondels","7":"product_cat-fryske-boeken","8":"product_cat-romans-en-literatuer","9":"product_tag-edwin-de-groot","10":"product_tag-gedichten","11":"product_tag-noas-tsjin-t-gles","12":"product_tag-poezie","13":"product_shipping_class-brievenbus-verzending","14":"pa_auteur-edwin-de-groot-2","15":"pa_isbn-18823","16":"pa_new-label-1-3","17":"pa_taal-frysk","18":"pa_uitgever-afuk","20":"first","21":"instock","22":"taxable","23":"shipping-taxable","24":"purchasable","25":"product-type-simple"},"acf":[],"yoast_head":"<!-- This site is optimized with the Yoast SEO plugin v27.3 - https:\/\/yoast.com\/product\/yoast-seo-wordpress\/ -->\n<title>Noas tsjin &#039;t gl\u00eas - gedichten &#8211; Af\u00fbk Websjop<\/title>\n<meta name=\"description\" content=\"In de gedichtenbundel Noas tsjin &#039;t gl\u00eas kijkt dichter Edwin de Groot: naar buiten, naar binnen, naar hemzelf en soms ziet hij ook niets.\" \/>\n<meta name=\"robots\" content=\"index, follow, max-snippet:-1, max-image-preview:large, max-video-preview:-1\" \/>\n<link rel=\"canonical\" href=\"https:\/\/websjop.afuk.frl\/frl\/winkel\/noas-tsjin-t-gles-gedichten\/\" \/>\n<meta property=\"og:locale\" content=\"fy_NL\" \/>\n<meta property=\"og:type\" content=\"article\" \/>\n<meta property=\"og:title\" content=\"Noas tsjin &#039;t gl\u00eas - gedichten &#8211; Af\u00fbk Websjop\" \/>\n<meta property=\"og:description\" content=\"In de gedichtenbundel Noas tsjin &#039;t gl\u00eas kijkt dichter Edwin de Groot: naar buiten, naar binnen, naar hemzelf en soms ziet hij ook niets.\" \/>\n<meta property=\"og:url\" content=\"https:\/\/websjop.afuk.frl\/frl\/winkel\/noas-tsjin-t-gles-gedichten\/\" \/>\n<meta property=\"og:site_name\" content=\"Af\u00fbk Websjop\" \/>\n<meta property=\"article:modified_time\" content=\"2021-08-02T10:44:08+00:00\" \/>\n<meta property=\"og:image\" content=\"https:\/\/websjop.afuk.frl\/wp-content\/uploads\/2021\/06\/Noas-tsjin-t-gles400.jpg\" \/>\n\t<meta property=\"og:image:width\" content=\"424\" \/>\n\t<meta property=\"og:image:height\" content=\"585\" \/>\n\t<meta property=\"og:image:type\" content=\"image\/jpeg\" \/>\n<meta name=\"twitter:card\" content=\"summary_large_image\" \/>\n<script type=\"application\/ld+json\" class=\"yoast-schema-graph\">{\"@context\":\"https:\\\/\\\/schema.org\",\"@graph\":[{\"@type\":\"WebPage\",\"@id\":\"https:\\\/\\\/websjop.afuk.frl\\\/frl\\\/winkel\\\/noas-tsjin-t-gles-gedichten\\\/\",\"url\":\"https:\\\/\\\/websjop.afuk.frl\\\/frl\\\/winkel\\\/noas-tsjin-t-gles-gedichten\\\/\",\"name\":\"Noas tsjin 't gl\u00eas - gedichten &#8211; Af\u00fbk Websjop\",\"isPartOf\":{\"@id\":\"https:\\\/\\\/websjop.afuk.frl\\\/frl\\\/#website\"},\"primaryImageOfPage\":{\"@id\":\"https:\\\/\\\/websjop.afuk.frl\\\/frl\\\/winkel\\\/noas-tsjin-t-gles-gedichten\\\/#primaryimage\"},\"image\":{\"@id\":\"https:\\\/\\\/websjop.afuk.frl\\\/frl\\\/winkel\\\/noas-tsjin-t-gles-gedichten\\\/#primaryimage\"},\"thumbnailUrl\":\"https:\\\/\\\/websjop.afuk.frl\\\/wp-content\\\/uploads\\\/2021\\\/06\\\/Noas-tsjin-t-gles400.jpg\",\"datePublished\":\"2021-06-28T09:19:15+00:00\",\"dateModified\":\"2021-08-02T10:44:08+00:00\",\"description\":\"In de gedichtenbundel Noas tsjin 't gl\u00eas kijkt dichter Edwin de Groot: naar buiten, naar binnen, naar hemzelf en soms ziet hij ook niets.\",\"breadcrumb\":{\"@id\":\"https:\\\/\\\/websjop.afuk.frl\\\/frl\\\/winkel\\\/noas-tsjin-t-gles-gedichten\\\/#breadcrumb\"},\"inLanguage\":\"fy-NL\",\"potentialAction\":[{\"@type\":\"ReadAction\",\"target\":[\"https:\\\/\\\/websjop.afuk.frl\\\/frl\\\/winkel\\\/noas-tsjin-t-gles-gedichten\\\/\"]}]},{\"@type\":\"ImageObject\",\"inLanguage\":\"fy-NL\",\"@id\":\"https:\\\/\\\/websjop.afuk.frl\\\/frl\\\/winkel\\\/noas-tsjin-t-gles-gedichten\\\/#primaryimage\",\"url\":\"https:\\\/\\\/websjop.afuk.frl\\\/wp-content\\\/uploads\\\/2021\\\/06\\\/Noas-tsjin-t-gles400.jpg\",\"contentUrl\":\"https:\\\/\\\/websjop.afuk.frl\\\/wp-content\\\/uploads\\\/2021\\\/06\\\/Noas-tsjin-t-gles400.jpg\",\"width\":424,\"height\":585,\"caption\":\"Noas tsjin 't gl\u00eas\"},{\"@type\":\"BreadcrumbList\",\"@id\":\"https:\\\/\\\/websjop.afuk.frl\\\/frl\\\/winkel\\\/noas-tsjin-t-gles-gedichten\\\/#breadcrumb\",\"itemListElement\":[{\"@type\":\"ListItem\",\"position\":1,\"name\":\"Home\",\"item\":\"https:\\\/\\\/websjop.afuk.frl\\\/frl\\\/\"},{\"@type\":\"ListItem\",\"position\":2,\"name\":\"Winkel\",\"item\":\"https:\\\/\\\/websjop.afuk.frl\\\/nl\\\/winkel\\\/\"},{\"@type\":\"ListItem\",\"position\":3,\"name\":\"Noas tsjin &#8216;t gl\u00eas &#8211; gedichten\"}]},{\"@type\":\"WebSite\",\"@id\":\"https:\\\/\\\/websjop.afuk.frl\\\/frl\\\/#website\",\"url\":\"https:\\\/\\\/websjop.afuk.frl\\\/frl\\\/\",\"name\":\"Af\u00fbk Websjop\",\"description\":\"\",\"potentialAction\":[{\"@type\":\"SearchAction\",\"target\":{\"@type\":\"EntryPoint\",\"urlTemplate\":\"https:\\\/\\\/websjop.afuk.frl\\\/frl\\\/?s={search_term_string}\"},\"query-input\":{\"@type\":\"PropertyValueSpecification\",\"valueRequired\":true,\"valueName\":\"search_term_string\"}}],\"inLanguage\":\"fy-NL\"}]}<\/script>\n<!-- \/ Yoast SEO plugin. -->","yoast_head_json":{"title":"Noas tsjin 't gl\u00eas - gedichten &#8211; Af\u00fbk Websjop","description":"In de gedichtenbundel Noas tsjin 't gl\u00eas kijkt dichter Edwin de Groot: naar buiten, naar binnen, naar hemzelf en soms ziet hij ook niets.","robots":{"index":"index","follow":"follow","max-snippet":"max-snippet:-1","max-image-preview":"max-image-preview:large","max-video-preview":"max-video-preview:-1"},"canonical":"https:\/\/websjop.afuk.frl\/frl\/winkel\/noas-tsjin-t-gles-gedichten\/","og_locale":"fy_NL","og_type":"article","og_title":"Noas tsjin 't gl\u00eas - gedichten &#8211; Af\u00fbk Websjop","og_description":"In de gedichtenbundel Noas tsjin 't gl\u00eas kijkt dichter Edwin de Groot: naar buiten, naar binnen, naar hemzelf en soms ziet hij ook niets.","og_url":"https:\/\/websjop.afuk.frl\/frl\/winkel\/noas-tsjin-t-gles-gedichten\/","og_site_name":"Af\u00fbk Websjop","article_modified_time":"2021-08-02T10:44:08+00:00","og_image":[{"width":424,"height":585,"url":"https:\/\/websjop.afuk.frl\/wp-content\/uploads\/2021\/06\/Noas-tsjin-t-gles400.jpg","type":"image\/jpeg"}],"twitter_card":"summary_large_image","schema":{"@context":"https:\/\/schema.org","@graph":[{"@type":"WebPage","@id":"https:\/\/websjop.afuk.frl\/frl\/winkel\/noas-tsjin-t-gles-gedichten\/","url":"https:\/\/websjop.afuk.frl\/frl\/winkel\/noas-tsjin-t-gles-gedichten\/","name":"Noas tsjin 't gl\u00eas - gedichten &#8211; Af\u00fbk Websjop","isPartOf":{"@id":"https:\/\/websjop.afuk.frl\/frl\/#website"},"primaryImageOfPage":{"@id":"https:\/\/websjop.afuk.frl\/frl\/winkel\/noas-tsjin-t-gles-gedichten\/#primaryimage"},"image":{"@id":"https:\/\/websjop.afuk.frl\/frl\/winkel\/noas-tsjin-t-gles-gedichten\/#primaryimage"},"thumbnailUrl":"https:\/\/websjop.afuk.frl\/wp-content\/uploads\/2021\/06\/Noas-tsjin-t-gles400.jpg","datePublished":"2021-06-28T09:19:15+00:00","dateModified":"2021-08-02T10:44:08+00:00","description":"In de gedichtenbundel Noas tsjin 't gl\u00eas kijkt dichter Edwin de Groot: naar buiten, naar binnen, naar hemzelf en soms ziet hij ook niets.","breadcrumb":{"@id":"https:\/\/websjop.afuk.frl\/frl\/winkel\/noas-tsjin-t-gles-gedichten\/#breadcrumb"},"inLanguage":"fy-NL","potentialAction":[{"@type":"ReadAction","target":["https:\/\/websjop.afuk.frl\/frl\/winkel\/noas-tsjin-t-gles-gedichten\/"]}]},{"@type":"ImageObject","inLanguage":"fy-NL","@id":"https:\/\/websjop.afuk.frl\/frl\/winkel\/noas-tsjin-t-gles-gedichten\/#primaryimage","url":"https:\/\/websjop.afuk.frl\/wp-content\/uploads\/2021\/06\/Noas-tsjin-t-gles400.jpg","contentUrl":"https:\/\/websjop.afuk.frl\/wp-content\/uploads\/2021\/06\/Noas-tsjin-t-gles400.jpg","width":424,"height":585,"caption":"Noas tsjin 't gl\u00eas"},{"@type":"BreadcrumbList","@id":"https:\/\/websjop.afuk.frl\/frl\/winkel\/noas-tsjin-t-gles-gedichten\/#breadcrumb","itemListElement":[{"@type":"ListItem","position":1,"name":"Home","item":"https:\/\/websjop.afuk.frl\/frl\/"},{"@type":"ListItem","position":2,"name":"Winkel","item":"https:\/\/websjop.afuk.frl\/nl\/winkel\/"},{"@type":"ListItem","position":3,"name":"Noas tsjin &#8216;t gl\u00eas &#8211; gedichten"}]},{"@type":"WebSite","@id":"https:\/\/websjop.afuk.frl\/frl\/#website","url":"https:\/\/websjop.afuk.frl\/frl\/","name":"Af\u00fbk Websjop","description":"","potentialAction":[{"@type":"SearchAction","target":{"@type":"EntryPoint","urlTemplate":"https:\/\/websjop.afuk.frl\/frl\/?s={search_term_string}"},"query-input":{"@type":"PropertyValueSpecification","valueRequired":true,"valueName":"search_term_string"}}],"inLanguage":"fy-NL"}]}},"_links":{"self":[{"href":"https:\/\/websjop.afuk.frl\/frl\/wp-json\/wp\/v2\/product\/28282","targetHints":{"allow":["GET"]}}],"collection":[{"href":"https:\/\/websjop.afuk.frl\/frl\/wp-json\/wp\/v2\/product"}],"about":[{"href":"https:\/\/websjop.afuk.frl\/frl\/wp-json\/wp\/v2\/types\/product"}],"replies":[{"embeddable":true,"href":"https:\/\/websjop.afuk.frl\/frl\/wp-json\/wp\/v2\/comments?post=28282"}],"wp:featuredmedia":[{"embeddable":true,"href":"https:\/\/websjop.afuk.frl\/frl\/wp-json\/wp\/v2\/media\/28283"}],"wp:attachment":[{"href":"https:\/\/websjop.afuk.frl\/frl\/wp-json\/wp\/v2\/media?parent=28282"}],"wp:term":[{"taxonomy":"product_brand","embeddable":true,"href":"https:\/\/websjop.afuk.frl\/frl\/wp-json\/wp\/v2\/product_brand?post=28282"},{"taxonomy":"product_cat","embeddable":true,"href":"https:\/\/websjop.afuk.frl\/frl\/wp-json\/wp\/v2\/product_cat?post=28282"},{"taxonomy":"product_tag","embeddable":true,"href":"https:\/\/websjop.afuk.frl\/frl\/wp-json\/wp\/v2\/product_tag?post=28282"}],"curies":[{"name":"wp","href":"https:\/\/api.w.org\/{rel}","templated":true}]}}