{"id":27792,"date":"2021-06-07T12:27:07","date_gmt":"2021-06-07T11:27:07","guid":{"rendered":"https:\/\/websjop.afuk.frl\/nl\/?post_type=product&#038;p=27792"},"modified":"2021-08-02T11:44:50","modified_gmt":"2021-08-02T10:44:50","slug":"t-gehaim-fan-t-ameland-en-andere-ferhalen","status":"publish","type":"product","link":"https:\/\/websjop.afuk.frl\/frl\/winkel\/t-gehaim-fan-t-ameland-en-andere-ferhalen\/","title":{"rendered":"&#8216;t Gehaim fan &#8216;t Ameland en \u00e2ndere ferhalen"},"content":{"rendered":"<p>At de Stannebuurster jonges Marten en Beert in de kringloopwinkel in &#8216;n oud boeky &#8216;n kaart fine \u00fat de 18de eeuw, is hur belangstelling wekt. Sij gaan met fek\u00e2nsy naar &#8216;t Ameland en doen der &#8216;n belanrike ontdekking. Dat bringt hur &#8216;t aventuur op &#8216;t Ameland. Feerder bestaat deuze bundel \u00fat ferhalen, die&#8217;t gaan over de see, de m\u00eensen en de oorlog.<\/p>\n<p>De skriver, Sytse Buwalda (1943), wil met deuze tweede ferhalebundel &#8216;n positive bijdrage levere an de Bildtse taal.<\/p>\n<p>Ita Leona Spoelman (1967) maakte &#8216;t omslag in oaly forf, lykas de \u00e2ndere illustrasys fan &#8216;t Gehaim fan &#8216;t Ameland.<\/p>\n","protected":false},"excerpt":{"rendered":"<p>At de Stannebuurster jonges Marten en Beert in de kringloopwinkel in &#8216;n oud boeky &#8216;n kaart fine \u00fat de 18de eeuw, is hur belangstelling wekt. Sij gaan met fek\u00e2nsy naar &#8216;t Ameland en doen der &#8216;n belanrike ontdekking. Dat bringt hur &#8216;t aventuur op &#8216;t Ameland. Feerder bestaat deuze bundel \u00fat ferhalen, die&#8217;t gaan over [&hellip;]<\/p>\n","protected":false},"featured_media":27797,"comment_status":"closed","ping_status":"closed","template":"","meta":{"_acf_changed":false},"product_brand":[],"product_cat":[1040,554,535,1215],"product_tag":[18729,5311,5325,17796,9442],"class_list":{"0":"post-27792","1":"product","2":"type-product","3":"status-publish","4":"has-post-thumbnail","6":"product_cat-ferhalebondels","7":"product_cat-ferskaat","8":"product_cat-fryske-boeken","9":"product_cat-romans-en-literatuer","10":"product_tag-t-gehaim-fan-t-ameland","11":"product_tag-bildts","12":"product_tag-ferhalen","13":"product_tag-spanning","14":"product_tag-sytse-buwalda","15":"product_shipping_class-brievenbus-verzending","16":"pa_auteur-sytse-buwalda","17":"pa_isbn-18728","18":"pa_new-label-1-3","19":"pa_taal-bildts","20":"pa_uitgever-biltse-boekerij-bildttaal","22":"first","23":"instock","24":"taxable","25":"shipping-taxable","26":"purchasable","27":"product-type-simple"},"acf":[],"yoast_head":"<!-- This site is optimized with the Yoast SEO plugin v27.3 - https:\/\/yoast.com\/product\/yoast-seo-wordpress\/ -->\n<title>&#039;t Gehaim fan &#039;t Ameland en \u00e2ndere ferhalen &#8211; Af\u00fbk Websjop<\/title>\n<meta name=\"description\" content=\"At de Stannebuurster jonges Marten en Beert in &#039;n oud boeky &#039;n kaart fine \u00fat de 18de eeuw, is hur belangstelling wekt. Se doen &#039;n belanrike ontdekking.\" \/>\n<meta name=\"robots\" content=\"index, follow, max-snippet:-1, max-image-preview:large, max-video-preview:-1\" \/>\n<link rel=\"canonical\" href=\"https:\/\/websjop.afuk.frl\/frl\/winkel\/t-gehaim-fan-t-ameland-en-andere-ferhalen\/\" \/>\n<meta property=\"og:locale\" content=\"fy_NL\" \/>\n<meta property=\"og:type\" content=\"article\" \/>\n<meta property=\"og:title\" content=\"&#039;t Gehaim fan &#039;t Ameland en \u00e2ndere ferhalen &#8211; Af\u00fbk Websjop\" \/>\n<meta property=\"og:description\" content=\"At de Stannebuurster jonges Marten en Beert in &#039;n oud boeky &#039;n kaart fine \u00fat de 18de eeuw, is hur belangstelling wekt. Se doen &#039;n belanrike ontdekking.\" \/>\n<meta property=\"og:url\" content=\"https:\/\/websjop.afuk.frl\/frl\/winkel\/t-gehaim-fan-t-ameland-en-andere-ferhalen\/\" \/>\n<meta property=\"og:site_name\" content=\"Af\u00fbk Websjop\" \/>\n<meta property=\"article:modified_time\" content=\"2021-08-02T10:44:50+00:00\" \/>\n<meta property=\"og:image\" content=\"https:\/\/websjop.afuk.frl\/wp-content\/uploads\/2021\/06\/t-Gehaim-fan-t-Ameland374.jpg\" \/>\n\t<meta property=\"og:image:width\" content=\"412\" \/>\n\t<meta property=\"og:image:height\" content=\"610\" \/>\n\t<meta property=\"og:image:type\" content=\"image\/jpeg\" \/>\n<meta name=\"twitter:card\" content=\"summary_large_image\" \/>\n<meta name=\"twitter:label1\" content=\"Est. reading time\" \/>\n\t<meta name=\"twitter:data1\" content=\"1 minute\" \/>\n<script type=\"application\/ld+json\" class=\"yoast-schema-graph\">{\"@context\":\"https:\\\/\\\/schema.org\",\"@graph\":[{\"@type\":\"WebPage\",\"@id\":\"https:\\\/\\\/websjop.afuk.frl\\\/frl\\\/winkel\\\/t-gehaim-fan-t-ameland-en-andere-ferhalen\\\/\",\"url\":\"https:\\\/\\\/websjop.afuk.frl\\\/frl\\\/winkel\\\/t-gehaim-fan-t-ameland-en-andere-ferhalen\\\/\",\"name\":\"'t Gehaim fan 't Ameland en \u00e2ndere ferhalen &#8211; Af\u00fbk Websjop\",\"isPartOf\":{\"@id\":\"https:\\\/\\\/websjop.afuk.frl\\\/frl\\\/#website\"},\"primaryImageOfPage\":{\"@id\":\"https:\\\/\\\/websjop.afuk.frl\\\/frl\\\/winkel\\\/t-gehaim-fan-t-ameland-en-andere-ferhalen\\\/#primaryimage\"},\"image\":{\"@id\":\"https:\\\/\\\/websjop.afuk.frl\\\/frl\\\/winkel\\\/t-gehaim-fan-t-ameland-en-andere-ferhalen\\\/#primaryimage\"},\"thumbnailUrl\":\"https:\\\/\\\/websjop.afuk.frl\\\/wp-content\\\/uploads\\\/2021\\\/06\\\/t-Gehaim-fan-t-Ameland374.jpg\",\"datePublished\":\"2021-06-07T11:27:07+00:00\",\"dateModified\":\"2021-08-02T10:44:50+00:00\",\"description\":\"At de Stannebuurster jonges Marten en Beert in 'n oud boeky 'n kaart fine \u00fat de 18de eeuw, is hur belangstelling wekt. Se doen 'n belanrike ontdekking.\",\"breadcrumb\":{\"@id\":\"https:\\\/\\\/websjop.afuk.frl\\\/frl\\\/winkel\\\/t-gehaim-fan-t-ameland-en-andere-ferhalen\\\/#breadcrumb\"},\"inLanguage\":\"fy-NL\",\"potentialAction\":[{\"@type\":\"ReadAction\",\"target\":[\"https:\\\/\\\/websjop.afuk.frl\\\/frl\\\/winkel\\\/t-gehaim-fan-t-ameland-en-andere-ferhalen\\\/\"]}]},{\"@type\":\"ImageObject\",\"inLanguage\":\"fy-NL\",\"@id\":\"https:\\\/\\\/websjop.afuk.frl\\\/frl\\\/winkel\\\/t-gehaim-fan-t-ameland-en-andere-ferhalen\\\/#primaryimage\",\"url\":\"https:\\\/\\\/websjop.afuk.frl\\\/wp-content\\\/uploads\\\/2021\\\/06\\\/t-Gehaim-fan-t-Ameland374.jpg\",\"contentUrl\":\"https:\\\/\\\/websjop.afuk.frl\\\/wp-content\\\/uploads\\\/2021\\\/06\\\/t-Gehaim-fan-t-Ameland374.jpg\",\"width\":412,\"height\":610,\"caption\":\"'t Gehaim fan 't Ameland\"},{\"@type\":\"BreadcrumbList\",\"@id\":\"https:\\\/\\\/websjop.afuk.frl\\\/frl\\\/winkel\\\/t-gehaim-fan-t-ameland-en-andere-ferhalen\\\/#breadcrumb\",\"itemListElement\":[{\"@type\":\"ListItem\",\"position\":1,\"name\":\"Home\",\"item\":\"https:\\\/\\\/websjop.afuk.frl\\\/frl\\\/\"},{\"@type\":\"ListItem\",\"position\":2,\"name\":\"Winkel\",\"item\":\"https:\\\/\\\/websjop.afuk.frl\\\/nl\\\/winkel\\\/\"},{\"@type\":\"ListItem\",\"position\":3,\"name\":\"&#8216;t Gehaim fan &#8216;t Ameland en \u00e2ndere ferhalen\"}]},{\"@type\":\"WebSite\",\"@id\":\"https:\\\/\\\/websjop.afuk.frl\\\/frl\\\/#website\",\"url\":\"https:\\\/\\\/websjop.afuk.frl\\\/frl\\\/\",\"name\":\"Af\u00fbk Websjop\",\"description\":\"\",\"potentialAction\":[{\"@type\":\"SearchAction\",\"target\":{\"@type\":\"EntryPoint\",\"urlTemplate\":\"https:\\\/\\\/websjop.afuk.frl\\\/frl\\\/?s={search_term_string}\"},\"query-input\":{\"@type\":\"PropertyValueSpecification\",\"valueRequired\":true,\"valueName\":\"search_term_string\"}}],\"inLanguage\":\"fy-NL\"}]}<\/script>\n<!-- \/ Yoast SEO plugin. -->","yoast_head_json":{"title":"'t Gehaim fan 't Ameland en \u00e2ndere ferhalen &#8211; Af\u00fbk Websjop","description":"At de Stannebuurster jonges Marten en Beert in 'n oud boeky 'n kaart fine \u00fat de 18de eeuw, is hur belangstelling wekt. Se doen 'n belanrike ontdekking.","robots":{"index":"index","follow":"follow","max-snippet":"max-snippet:-1","max-image-preview":"max-image-preview:large","max-video-preview":"max-video-preview:-1"},"canonical":"https:\/\/websjop.afuk.frl\/frl\/winkel\/t-gehaim-fan-t-ameland-en-andere-ferhalen\/","og_locale":"fy_NL","og_type":"article","og_title":"'t Gehaim fan 't Ameland en \u00e2ndere ferhalen &#8211; Af\u00fbk Websjop","og_description":"At de Stannebuurster jonges Marten en Beert in 'n oud boeky 'n kaart fine \u00fat de 18de eeuw, is hur belangstelling wekt. Se doen 'n belanrike ontdekking.","og_url":"https:\/\/websjop.afuk.frl\/frl\/winkel\/t-gehaim-fan-t-ameland-en-andere-ferhalen\/","og_site_name":"Af\u00fbk Websjop","article_modified_time":"2021-08-02T10:44:50+00:00","og_image":[{"width":412,"height":610,"url":"https:\/\/websjop.afuk.frl\/wp-content\/uploads\/2021\/06\/t-Gehaim-fan-t-Ameland374.jpg","type":"image\/jpeg"}],"twitter_card":"summary_large_image","twitter_misc":{"Est. reading time":"1 minute"},"schema":{"@context":"https:\/\/schema.org","@graph":[{"@type":"WebPage","@id":"https:\/\/websjop.afuk.frl\/frl\/winkel\/t-gehaim-fan-t-ameland-en-andere-ferhalen\/","url":"https:\/\/websjop.afuk.frl\/frl\/winkel\/t-gehaim-fan-t-ameland-en-andere-ferhalen\/","name":"'t Gehaim fan 't Ameland en \u00e2ndere ferhalen &#8211; Af\u00fbk Websjop","isPartOf":{"@id":"https:\/\/websjop.afuk.frl\/frl\/#website"},"primaryImageOfPage":{"@id":"https:\/\/websjop.afuk.frl\/frl\/winkel\/t-gehaim-fan-t-ameland-en-andere-ferhalen\/#primaryimage"},"image":{"@id":"https:\/\/websjop.afuk.frl\/frl\/winkel\/t-gehaim-fan-t-ameland-en-andere-ferhalen\/#primaryimage"},"thumbnailUrl":"https:\/\/websjop.afuk.frl\/wp-content\/uploads\/2021\/06\/t-Gehaim-fan-t-Ameland374.jpg","datePublished":"2021-06-07T11:27:07+00:00","dateModified":"2021-08-02T10:44:50+00:00","description":"At de Stannebuurster jonges Marten en Beert in 'n oud boeky 'n kaart fine \u00fat de 18de eeuw, is hur belangstelling wekt. Se doen 'n belanrike ontdekking.","breadcrumb":{"@id":"https:\/\/websjop.afuk.frl\/frl\/winkel\/t-gehaim-fan-t-ameland-en-andere-ferhalen\/#breadcrumb"},"inLanguage":"fy-NL","potentialAction":[{"@type":"ReadAction","target":["https:\/\/websjop.afuk.frl\/frl\/winkel\/t-gehaim-fan-t-ameland-en-andere-ferhalen\/"]}]},{"@type":"ImageObject","inLanguage":"fy-NL","@id":"https:\/\/websjop.afuk.frl\/frl\/winkel\/t-gehaim-fan-t-ameland-en-andere-ferhalen\/#primaryimage","url":"https:\/\/websjop.afuk.frl\/wp-content\/uploads\/2021\/06\/t-Gehaim-fan-t-Ameland374.jpg","contentUrl":"https:\/\/websjop.afuk.frl\/wp-content\/uploads\/2021\/06\/t-Gehaim-fan-t-Ameland374.jpg","width":412,"height":610,"caption":"'t Gehaim fan 't Ameland"},{"@type":"BreadcrumbList","@id":"https:\/\/websjop.afuk.frl\/frl\/winkel\/t-gehaim-fan-t-ameland-en-andere-ferhalen\/#breadcrumb","itemListElement":[{"@type":"ListItem","position":1,"name":"Home","item":"https:\/\/websjop.afuk.frl\/frl\/"},{"@type":"ListItem","position":2,"name":"Winkel","item":"https:\/\/websjop.afuk.frl\/nl\/winkel\/"},{"@type":"ListItem","position":3,"name":"&#8216;t Gehaim fan &#8216;t Ameland en \u00e2ndere ferhalen"}]},{"@type":"WebSite","@id":"https:\/\/websjop.afuk.frl\/frl\/#website","url":"https:\/\/websjop.afuk.frl\/frl\/","name":"Af\u00fbk Websjop","description":"","potentialAction":[{"@type":"SearchAction","target":{"@type":"EntryPoint","urlTemplate":"https:\/\/websjop.afuk.frl\/frl\/?s={search_term_string}"},"query-input":{"@type":"PropertyValueSpecification","valueRequired":true,"valueName":"search_term_string"}}],"inLanguage":"fy-NL"}]}},"_links":{"self":[{"href":"https:\/\/websjop.afuk.frl\/frl\/wp-json\/wp\/v2\/product\/27792","targetHints":{"allow":["GET"]}}],"collection":[{"href":"https:\/\/websjop.afuk.frl\/frl\/wp-json\/wp\/v2\/product"}],"about":[{"href":"https:\/\/websjop.afuk.frl\/frl\/wp-json\/wp\/v2\/types\/product"}],"replies":[{"embeddable":true,"href":"https:\/\/websjop.afuk.frl\/frl\/wp-json\/wp\/v2\/comments?post=27792"}],"wp:featuredmedia":[{"embeddable":true,"href":"https:\/\/websjop.afuk.frl\/frl\/wp-json\/wp\/v2\/media\/27797"}],"wp:attachment":[{"href":"https:\/\/websjop.afuk.frl\/frl\/wp-json\/wp\/v2\/media?parent=27792"}],"wp:term":[{"taxonomy":"product_brand","embeddable":true,"href":"https:\/\/websjop.afuk.frl\/frl\/wp-json\/wp\/v2\/product_brand?post=27792"},{"taxonomy":"product_cat","embeddable":true,"href":"https:\/\/websjop.afuk.frl\/frl\/wp-json\/wp\/v2\/product_cat?post=27792"},{"taxonomy":"product_tag","embeddable":true,"href":"https:\/\/websjop.afuk.frl\/frl\/wp-json\/wp\/v2\/product_tag?post=27792"}],"curies":[{"name":"wp","href":"https:\/\/api.w.org\/{rel}","templated":true}]}}