{"id":27432,"date":"2021-05-27T13:16:18","date_gmt":"2021-05-27T12:16:18","guid":{"rendered":"https:\/\/websjop.afuk.frl\/nl\/?post_type=product&#038;p=27432"},"modified":"2025-08-18T14:45:45","modified_gmt":"2025-08-18T12:45:45","slug":"sipke-op-het-kaatsveld-sipke-op-it-keatsfjild","status":"publish","type":"product","link":"https:\/\/websjop.afuk.frl\/frl\/winkel\/sipke-op-het-kaatsveld-sipke-op-it-keatsfjild\/","title":{"rendered":"Sipke op het kaatsveld &#8211; Sipke op it keatsfjild"},"content":{"rendered":"<p>Het jaarlijkse familiekaatstoernooi is in volle gang. Sipke kijkt ademloos toe hoe het team van zijn Opa Spitsmuis het opneemt tegen de eekhoorns. Tot plotseling tante Aaf haar enkel verzwikt en niet verder kan spelen! Dan roept Opa Sipke op het veld. Maar de kleine spitsmuis heeft nog nooit gekaatst!<br \/>\nKan hij de wedstrijd redden\u2026?<\/p>\n<p>Alweer het vierde tweetalige Gouden Boekje over muisje Sipke!<\/p>\n<p>4+<\/p>\n<p><strong>Ook verschenen:<\/strong><\/p>\n<ul>\n<li><a href=\"https:\/\/websjop.afuk.frl\/nl\/winkel\/sipke-komt-op-stoom\/\">Sipke komt op stoom<\/a><\/li>\n<li><a href=\"https:\/\/websjop.afuk.frl\/nl\/winkel\/sipke-s-elfstedentocht-sipke-syn-alvestedetocht\/\">Sipkes elfstedentocht<\/a><\/li>\n<li><a href=\"https:\/\/websjop.afuk.frl\/nl\/winkel\/sipke-sil-sile-sipke-gaat-zeilen\/\">Sipke gaat zeilen<\/a><\/li>\n<li><a href=\"https:\/\/websjop.afuk.frl\/nl\/winkel\/sipke-fynt-in-ljipaai\/\">Sipke vindt een kievitsei<\/a><\/li>\n<li><a href=\"https:\/\/websjop.afuk.frl\/nl\/winkel\/sipke-leert-fierljeppen-sipke-leart-fierljeppen\/\">Sipke leert fierljeppen<\/a><\/li>\n<\/ul>\n<p>&nbsp;<\/p>\n<hr \/>\n<p><em>Annika van der Zee: &#8220;Dit boek is gaadlik foar basisskoallebern fan alle leeftiden. It boek is twatalich: it is skreaun yn it Nederl\u00e2nsk en it Frysk en op rym. Foar de beukers is it moai om \u00fat foar te l\u00eazen en as de bern sels l\u00eaze kinne is dit in gaadlik boekje om mei te begjinnen (\u00fbngefear groep 4). It boek is koart en oan de ein fan it boek steane alle keatstermen \u00fatlein. D\u00earom soe it goed br\u00fbkt wurde kinne yn it \u00fbnderwiis om it Fryske keatsen \u00fat te lizzen.&#8221; <a href=\"https:\/\/heitenmem.nl\/artikel\/22298\/boekresinsje-fan-annika-sipke-op-it-keatsfjild\/\" target=\"_blank\" rel=\"noopener\">L\u00eas hjir Annika har folsleine resinsje.<\/a><\/em><\/p>\n<p><em>Jettie de Wilde: &#8220;Benammen tekstueel is it boek slagge. Lida Dykstra skriuwt yn flotte sinnen, allegear op rym. It ferhaal is ek moai betocht, want ek al wint Sipke syn partoer (dat wurd moast ek \u00fatlein wurde) net, it is dochs in goede wedstriid. En der is hope foar Jelmer en Marije, want Sipke sels hie earst \u00e9k gjin doel oer keatsen.&#8221; <a href=\"https:\/\/heitenmem.nl\/artikel\/22311\/de-boekresinsje-fan-jettie-sipke-op-it-keatsfjild\/\" target=\"_blank\" rel=\"noopener\">L\u00eas hjir de folsleine resinsje fan Jettie.<\/a><\/em><\/p>\n","protected":false},"excerpt":{"rendered":"<p>Het jaarlijkse familiekaatstoernooi is in volle gang. Sipke kijkt ademloos toe hoe het team van zijn Opa Spitsmuis het opneemt tegen de eekhoorns. Tot plotseling tante Aaf haar enkel verzwikt en niet verder kan spelen! Dan roept Opa Sipke op het veld. Maar de kleine spitsmuis heeft nog nooit gekaatst! Kan hij de wedstrijd redden\u2026? [&hellip;]<\/p>\n","protected":false},"featured_media":27433,"comment_status":"closed","ping_status":"closed","template":"","meta":{"_acf_changed":false},"product_brand":[],"product_cat":[1213,550,535,1313,541,1214,22914,24180,22833],"product_tag":[15222,18677,18678,18679,18680,6077,18676,18675],"class_list":{"0":"post-27432","1":"product","2":"type-product","3":"status-publish","4":"has-post-thumbnail","6":"product_cat-berne-en-jeugdboeken","7":"product_cat-berneboeken-4-8","8":"product_cat-fryske-boeken","9":"product_cat-simmer-yn-fryslan","10":"product_cat-sport","11":"product_cat-sport-en-hobby","12":"product_cat-tema-meartalich","13":"product_cat-tema-sport-en-beweging","14":"product_cat-tema-simmer-foar-jonge-bern","15":"product_tag-gouden-boekje","16":"product_tag-harmen-van-straaten","17":"product_tag-kaatsen","18":"product_tag-keatse","19":"product_tag-keatsen","20":"product_tag-lida-dykstra","21":"product_tag-sipke-op-het-kaatsveld","22":"product_tag-sipke-op-it-keatsfjild","23":"product_shipping_class-brievenbus-verzending","24":"pa_auteur-lida-dykstra","25":"pa_isbn-18673","26":"pa_new-label-1-3","27":"pa_taal-frysk-nederlansk","28":"pa_uitgever-afuk-rubinstein","30":"first","31":"instock","32":"taxable","33":"shipping-taxable","34":"purchasable","35":"product-type-simple"},"acf":[],"yoast_head":"<!-- This site is optimized with the Yoast SEO plugin v27.2 - https:\/\/yoast.com\/product\/yoast-seo-wordpress\/ -->\n<title>Sipke op het kaatsveld - Sipke op it keatsfjild &#8211; Af\u00fbk Websjop<\/title>\n<meta name=\"description\" content=\"Sipke op het kaatsveld - Sipke op it keatsfjild is alweer het vierde Gouden Boekje in de serie van het muisje Sipke. Een avontuur op het kaatsveld!\" \/>\n<meta name=\"robots\" content=\"index, follow, max-snippet:-1, max-image-preview:large, max-video-preview:-1\" \/>\n<link rel=\"canonical\" href=\"https:\/\/websjop.afuk.frl\/frl\/winkel\/sipke-op-het-kaatsveld-sipke-op-it-keatsfjild\/\" \/>\n<meta property=\"og:locale\" content=\"fy_NL\" \/>\n<meta property=\"og:type\" content=\"article\" \/>\n<meta property=\"og:title\" content=\"Sipke op het kaatsveld - Sipke op it keatsfjild &#8211; Af\u00fbk Websjop\" \/>\n<meta property=\"og:description\" content=\"Sipke op het kaatsveld - Sipke op it keatsfjild is alweer het vierde Gouden Boekje in de serie van het muisje Sipke. Een avontuur op het kaatsveld!\" \/>\n<meta property=\"og:url\" content=\"https:\/\/websjop.afuk.frl\/frl\/winkel\/sipke-op-het-kaatsveld-sipke-op-it-keatsfjild\/\" \/>\n<meta property=\"og:site_name\" content=\"Af\u00fbk Websjop\" \/>\n<meta property=\"article:modified_time\" content=\"2025-08-18T12:45:45+00:00\" \/>\n<meta property=\"og:image\" content=\"https:\/\/websjop.afuk.frl\/wp-content\/uploads\/2021\/05\/Sipke-Kaatsveld-28583.jpg\" \/>\n\t<meta property=\"og:image:width\" content=\"1984\" \/>\n\t<meta property=\"og:image:height\" content=\"2312\" \/>\n\t<meta property=\"og:image:type\" content=\"image\/jpeg\" \/>\n<meta name=\"twitter:card\" content=\"summary_large_image\" \/>\n<meta name=\"twitter:label1\" content=\"Est. reading time\" \/>\n\t<meta name=\"twitter:data1\" content=\"1 minute\" \/>\n<script type=\"application\/ld+json\" class=\"yoast-schema-graph\">{\"@context\":\"https:\/\/schema.org\",\"@graph\":[{\"@type\":\"WebPage\",\"@id\":\"https:\/\/websjop.afuk.frl\/frl\/winkel\/sipke-op-het-kaatsveld-sipke-op-it-keatsfjild\/\",\"url\":\"https:\/\/websjop.afuk.frl\/frl\/winkel\/sipke-op-het-kaatsveld-sipke-op-it-keatsfjild\/\",\"name\":\"Sipke op het kaatsveld - Sipke op it keatsfjild &#8211; Af\u00fbk Websjop\",\"isPartOf\":{\"@id\":\"https:\/\/websjop.afuk.frl\/frl\/#website\"},\"primaryImageOfPage\":{\"@id\":\"https:\/\/websjop.afuk.frl\/frl\/winkel\/sipke-op-het-kaatsveld-sipke-op-it-keatsfjild\/#primaryimage\"},\"image\":{\"@id\":\"https:\/\/websjop.afuk.frl\/frl\/winkel\/sipke-op-het-kaatsveld-sipke-op-it-keatsfjild\/#primaryimage\"},\"thumbnailUrl\":\"https:\/\/websjop.afuk.frl\/wp-content\/uploads\/2021\/05\/Sipke-Kaatsveld-28583.jpg\",\"datePublished\":\"2021-05-27T12:16:18+00:00\",\"dateModified\":\"2025-08-18T12:45:45+00:00\",\"description\":\"Sipke op het kaatsveld - Sipke op it keatsfjild is alweer het vierde Gouden Boekje in de serie van het muisje Sipke. Een avontuur op het kaatsveld!\",\"breadcrumb\":{\"@id\":\"https:\/\/websjop.afuk.frl\/frl\/winkel\/sipke-op-het-kaatsveld-sipke-op-it-keatsfjild\/#breadcrumb\"},\"inLanguage\":\"fy-NL\",\"potentialAction\":[{\"@type\":\"ReadAction\",\"target\":[\"https:\/\/websjop.afuk.frl\/frl\/winkel\/sipke-op-het-kaatsveld-sipke-op-it-keatsfjild\/\"]}]},{\"@type\":\"ImageObject\",\"inLanguage\":\"fy-NL\",\"@id\":\"https:\/\/websjop.afuk.frl\/frl\/winkel\/sipke-op-het-kaatsveld-sipke-op-it-keatsfjild\/#primaryimage\",\"url\":\"https:\/\/websjop.afuk.frl\/wp-content\/uploads\/2021\/05\/Sipke-Kaatsveld-28583.jpg\",\"contentUrl\":\"https:\/\/websjop.afuk.frl\/wp-content\/uploads\/2021\/05\/Sipke-Kaatsveld-28583.jpg\",\"width\":1984,\"height\":2312,\"caption\":\"Sipke op it keatsfjild\"},{\"@type\":\"BreadcrumbList\",\"@id\":\"https:\/\/websjop.afuk.frl\/frl\/winkel\/sipke-op-het-kaatsveld-sipke-op-it-keatsfjild\/#breadcrumb\",\"itemListElement\":[{\"@type\":\"ListItem\",\"position\":1,\"name\":\"Home\",\"item\":\"https:\/\/websjop.afuk.frl\/frl\/\"},{\"@type\":\"ListItem\",\"position\":2,\"name\":\"Winkel\",\"item\":\"https:\/\/websjop.afuk.frl\/nl\/winkel\/\"},{\"@type\":\"ListItem\",\"position\":3,\"name\":\"Sipke op het kaatsveld &#8211; Sipke op it keatsfjild\"}]},{\"@type\":\"WebSite\",\"@id\":\"https:\/\/websjop.afuk.frl\/frl\/#website\",\"url\":\"https:\/\/websjop.afuk.frl\/frl\/\",\"name\":\"Af\u00fbk Websjop\",\"description\":\"\",\"potentialAction\":[{\"@type\":\"SearchAction\",\"target\":{\"@type\":\"EntryPoint\",\"urlTemplate\":\"https:\/\/websjop.afuk.frl\/frl\/?s={search_term_string}\"},\"query-input\":{\"@type\":\"PropertyValueSpecification\",\"valueRequired\":true,\"valueName\":\"search_term_string\"}}],\"inLanguage\":\"fy-NL\"}]}<\/script>\n<!-- \/ Yoast SEO plugin. -->","yoast_head_json":{"title":"Sipke op het kaatsveld - Sipke op it keatsfjild &#8211; Af\u00fbk Websjop","description":"Sipke op het kaatsveld - Sipke op it keatsfjild is alweer het vierde Gouden Boekje in de serie van het muisje Sipke. Een avontuur op het kaatsveld!","robots":{"index":"index","follow":"follow","max-snippet":"max-snippet:-1","max-image-preview":"max-image-preview:large","max-video-preview":"max-video-preview:-1"},"canonical":"https:\/\/websjop.afuk.frl\/frl\/winkel\/sipke-op-het-kaatsveld-sipke-op-it-keatsfjild\/","og_locale":"fy_NL","og_type":"article","og_title":"Sipke op het kaatsveld - Sipke op it keatsfjild &#8211; Af\u00fbk Websjop","og_description":"Sipke op het kaatsveld - Sipke op it keatsfjild is alweer het vierde Gouden Boekje in de serie van het muisje Sipke. Een avontuur op het kaatsveld!","og_url":"https:\/\/websjop.afuk.frl\/frl\/winkel\/sipke-op-het-kaatsveld-sipke-op-it-keatsfjild\/","og_site_name":"Af\u00fbk Websjop","article_modified_time":"2025-08-18T12:45:45+00:00","og_image":[{"width":1984,"height":2312,"url":"https:\/\/websjop.afuk.frl\/wp-content\/uploads\/2021\/05\/Sipke-Kaatsveld-28583.jpg","type":"image\/jpeg"}],"twitter_card":"summary_large_image","twitter_misc":{"Est. reading time":"1 minute"},"schema":{"@context":"https:\/\/schema.org","@graph":[{"@type":"WebPage","@id":"https:\/\/websjop.afuk.frl\/frl\/winkel\/sipke-op-het-kaatsveld-sipke-op-it-keatsfjild\/","url":"https:\/\/websjop.afuk.frl\/frl\/winkel\/sipke-op-het-kaatsveld-sipke-op-it-keatsfjild\/","name":"Sipke op het kaatsveld - Sipke op it keatsfjild &#8211; Af\u00fbk Websjop","isPartOf":{"@id":"https:\/\/websjop.afuk.frl\/frl\/#website"},"primaryImageOfPage":{"@id":"https:\/\/websjop.afuk.frl\/frl\/winkel\/sipke-op-het-kaatsveld-sipke-op-it-keatsfjild\/#primaryimage"},"image":{"@id":"https:\/\/websjop.afuk.frl\/frl\/winkel\/sipke-op-het-kaatsveld-sipke-op-it-keatsfjild\/#primaryimage"},"thumbnailUrl":"https:\/\/websjop.afuk.frl\/wp-content\/uploads\/2021\/05\/Sipke-Kaatsveld-28583.jpg","datePublished":"2021-05-27T12:16:18+00:00","dateModified":"2025-08-18T12:45:45+00:00","description":"Sipke op het kaatsveld - Sipke op it keatsfjild is alweer het vierde Gouden Boekje in de serie van het muisje Sipke. Een avontuur op het kaatsveld!","breadcrumb":{"@id":"https:\/\/websjop.afuk.frl\/frl\/winkel\/sipke-op-het-kaatsveld-sipke-op-it-keatsfjild\/#breadcrumb"},"inLanguage":"fy-NL","potentialAction":[{"@type":"ReadAction","target":["https:\/\/websjop.afuk.frl\/frl\/winkel\/sipke-op-het-kaatsveld-sipke-op-it-keatsfjild\/"]}]},{"@type":"ImageObject","inLanguage":"fy-NL","@id":"https:\/\/websjop.afuk.frl\/frl\/winkel\/sipke-op-het-kaatsveld-sipke-op-it-keatsfjild\/#primaryimage","url":"https:\/\/websjop.afuk.frl\/wp-content\/uploads\/2021\/05\/Sipke-Kaatsveld-28583.jpg","contentUrl":"https:\/\/websjop.afuk.frl\/wp-content\/uploads\/2021\/05\/Sipke-Kaatsveld-28583.jpg","width":1984,"height":2312,"caption":"Sipke op it keatsfjild"},{"@type":"BreadcrumbList","@id":"https:\/\/websjop.afuk.frl\/frl\/winkel\/sipke-op-het-kaatsveld-sipke-op-it-keatsfjild\/#breadcrumb","itemListElement":[{"@type":"ListItem","position":1,"name":"Home","item":"https:\/\/websjop.afuk.frl\/frl\/"},{"@type":"ListItem","position":2,"name":"Winkel","item":"https:\/\/websjop.afuk.frl\/nl\/winkel\/"},{"@type":"ListItem","position":3,"name":"Sipke op het kaatsveld &#8211; Sipke op it keatsfjild"}]},{"@type":"WebSite","@id":"https:\/\/websjop.afuk.frl\/frl\/#website","url":"https:\/\/websjop.afuk.frl\/frl\/","name":"Af\u00fbk Websjop","description":"","potentialAction":[{"@type":"SearchAction","target":{"@type":"EntryPoint","urlTemplate":"https:\/\/websjop.afuk.frl\/frl\/?s={search_term_string}"},"query-input":{"@type":"PropertyValueSpecification","valueRequired":true,"valueName":"search_term_string"}}],"inLanguage":"fy-NL"}]}},"_links":{"self":[{"href":"https:\/\/websjop.afuk.frl\/frl\/wp-json\/wp\/v2\/product\/27432","targetHints":{"allow":["GET"]}}],"collection":[{"href":"https:\/\/websjop.afuk.frl\/frl\/wp-json\/wp\/v2\/product"}],"about":[{"href":"https:\/\/websjop.afuk.frl\/frl\/wp-json\/wp\/v2\/types\/product"}],"replies":[{"embeddable":true,"href":"https:\/\/websjop.afuk.frl\/frl\/wp-json\/wp\/v2\/comments?post=27432"}],"wp:featuredmedia":[{"embeddable":true,"href":"https:\/\/websjop.afuk.frl\/frl\/wp-json\/wp\/v2\/media\/27433"}],"wp:attachment":[{"href":"https:\/\/websjop.afuk.frl\/frl\/wp-json\/wp\/v2\/media?parent=27432"}],"wp:term":[{"taxonomy":"product_brand","embeddable":true,"href":"https:\/\/websjop.afuk.frl\/frl\/wp-json\/wp\/v2\/product_brand?post=27432"},{"taxonomy":"product_cat","embeddable":true,"href":"https:\/\/websjop.afuk.frl\/frl\/wp-json\/wp\/v2\/product_cat?post=27432"},{"taxonomy":"product_tag","embeddable":true,"href":"https:\/\/websjop.afuk.frl\/frl\/wp-json\/wp\/v2\/product_tag?post=27432"}],"curies":[{"name":"wp","href":"https:\/\/api.w.org\/{rel}","templated":true}]}}